{"id":4615,"date":"2021-12-07T18:34:21","date_gmt":"2021-12-07T18:34:21","guid":{"rendered":"https:\/\/genekas24.ee\/?post_type=product&#038;p=4615"},"modified":"2026-04-08T17:38:32","modified_gmt":"2026-04-08T17:38:32","slug":"diiselgeneraator-ks-6100hde-euro-v","status":"publish","type":"product","link":"https:\/\/genekas24.ee\/fi\/tuote\/dieselgeneraattori-ks-6100hde-euro-v\/","title":{"rendered":"Dieselgeneraattori KS 6100HDE (EURO V)"},"content":{"rendered":"<p>&nbsp;<\/p>\n<table>\n<tbody>\n<tr class=\"even\">\n<td><img fetchpriority=\"high\" decoding=\"async\" src=\"https:\/\/genekas24.ee\/wp-content\/uploads\/2022\/10\/motor-ks-300x300.jpg\" alt=\"Accessories set\" width=\"300\" height=\"300\" \/><\/td>\n<td>\n<p class=\"h3\"><strong>K\u00d6NNER &amp; S\u00d6HNEN -MOOTTORIT<\/strong><\/p>\n<p>Diesel- ja bensiinigeneraattoreiden moottorit valmistetaan DIMAX Int. GmbH -yrityksen lisenssill\u00e4 ja niiss\u00e4 on K&amp;S-logo. Moottoreiden suuri teho laturiin n\u00e4hden mahdollistaa nimellistehon tuoton ja vakaan ty\u00f6skentelyn kaikilla kuormilla. Kaikki moottorit on testattu jatkuvaa k\u00e4ytt\u00f6\u00e4 varten ja purettu ja tarkastettu sen j\u00e4lkeen vianetsint\u00e4tarkoituksiin. Jokaisella moottorilla ja generaattorilla on yksil\u00f6llinen sarjanumero, jonka avulla voimme valvoa tuotannon ja palvelun laatua. Moottorit t\u00e4ytt\u00e4v\u00e4t kaikki eurooppalaiset laatustandardit, mukaan lukien nykyaikainen EURO-V-ymp\u00e4rist\u00f6standardi.<\/td>\n<\/tr>\n<tr class=\"odd\">\n<td><img decoding=\"async\" src=\"https:\/\/genekas24.ee\/wp-content\/uploads\/2022\/10\/heavy-duty-icon-EN-300x227.png\" alt=\"Enforced frame\" width=\"300\" height=\"300\" \/><\/td>\n<td><strong>KEST\u00c4V\u00c4MPI MOOTTORI<\/strong><\/p>\n<p>\u201cRASKAAN\u201d sarjan K\u00f6nner &amp; S\u00f6hnen\u00ae -dieselgeneraattoreissa on kest\u00e4v\u00e4mpi moottori \u2013 joten niiden k\u00e4ytt\u00f6ik\u00e4 on pidempi ja niill\u00e4 voi ty\u00f6skennell\u00e4 pidemp\u00e4\u00e4n ilman toimintah\u00e4iri\u00f6it\u00e4. Moottori kest\u00e4\u00e4 pidemp\u00e4\u00e4n kuin 3000 k\u00e4ytt\u00f6tuntia, mink\u00e4 takaavat useita tunteja kest\u00e4neet monitasoiset testi ja takuu.  Hyv\u00e4 suorituskyky edellytt\u00e4\u00e4, ett\u00e4 moottorit huolletaan oikein.<\/td>\n<\/tr>\n<tr class=\"even\">\n<td><a href=\"https:\/\/ks-power.de\/wp-content\/uploads\/2015\/03\/dfsb1.png\" data-fancybox-group=\"gallery\"><img decoding=\"async\" src=\"https:\/\/genekas24.ee\/wp-content\/uploads\/2022\/10\/control-panel-1-300x222.jpg\" alt=\"K\u00f6nner &amp; S\u00f6hnen engines\" width=\"300\" height=\"300\" \/><\/a><\/td>\n<td><strong>ERGONOMINEN OHJAUSPANEELI<\/strong><\/p>\n<p>Generaattorin ergonomisella ohjauspaneelilla voi helposti valvoa sen toimintaa nykyaikaisen LED-n\u00e4yt\u00f6n k\u00e4tevien toimintojen avulla (k\u00e4ytt\u00f6tuntilaskuri, taajuus, j\u00e4nnite), s\u00e4hk\u00f6inen k\u00e4ynnistys, h\u00e4t\u00e4katkaisin (suojalaukaisin), v\u00e4h\u00e4isen \u00f6ljyn m\u00e4\u00e4r\u00e4n anturi, liit\u00e4nn\u00e4t ja muut toiminnot.<\/td>\n<\/tr>\n<tr class=\"odd\">\n<td><img loading=\"lazy\" decoding=\"async\" src=\"https:\/\/genekas24.ee\/wp-content\/uploads\/2022\/10\/enhanced-frame-new-300x238.png\" alt=\"Increased engine resource\" width=\"300\" height=\"300\" \/><\/td>\n<td><strong>VAHVISTETTU RUNKO<\/strong><\/p>\n<p>Rungon lis\u00e4vahvisteiden ja yl\u00e4osan suojalistojen ansiosta RASKAAN sarjan ammattik\u00e4ytt\u00f6\u00f6n tarkoitettuja generaattoreita voidaan k\u00e4ytt\u00e4\u00e4 vakaammassa tilassa. Vahvistettu runkorakenne suojaa s\u00e4ili\u00f6t\u00e4 vaurioilta k\u00e4yt\u00f6n ja kuljetuksen aikana.<\/td>\n<\/tr>\n<tr class=\"even\">\n<td><img loading=\"lazy\" decoding=\"async\" src=\"https:\/\/genekas24.ee\/wp-content\/uploads\/2022\/06\/preheater-300x297.png\" alt=\"Preheater function\" width=\"300\" height=\"300\" \/><\/td>\n<td><strong>ESIL\u00c4MMITYSTOIMINTO<\/strong><\/p>\n<p>Kaikissa Heavy Duty -sarjan generaattoreissa on esil\u00e4mmitystoiminto, jonka ansiosta generaattorin k\u00e4ynnist\u00e4minen talvella k\u00e4y helposti.<\/td>\n<\/tr>\n<tr class=\"even\">\n<td><img loading=\"lazy\" decoding=\"async\" src=\"https:\/\/genekas24.ee\/wp-content\/uploads\/2022\/10\/diesel01-spec-003-300x272.png\" alt=\"Ergonomic control panel\" width=\"300\" height=\"300\" \/><\/td>\n<td><strong>AVR<\/strong><\/p>\n<p>\u201cK\u00f6nner &amp; S\u00f6hnen\u201d -sarjan dieselgeneraattorit on varustettu \u00e4lykk\u00e4\u00e4ll\u00e4 AVR-j\u00e4nnitteenvakautusj\u00e4rjestelm\u00e4ll\u00e4. Sen ansiosta j\u00e4nnite pysyy aina arvossa 230 V ja laite on suojassa tahattomilta oikosuluilta.<\/td>\n<\/tr>\n<tr class=\"odd\">\n<td><img loading=\"lazy\" decoding=\"async\" src=\"https:\/\/genekas24.ee\/wp-content\/uploads\/2022\/10\/macro-dempfer-2-300x241.png\" alt=\"AVR\" width=\"300\" height=\"300\" \/><\/td>\n<td><strong>T\u00c4RIN\u00c4\u00c4 V\u00c4HENT\u00c4V\u00c4T VAIMENTIMET<\/strong><\/p>\n<p>Kaikki K\u00f6nner &amp; S\u00f6hnen -generaattorimallit on varustettu t\u00e4rin\u00e4\u00e4 v\u00e4hent\u00e4vill\u00e4 kumijaloilla. K\u00e4ynniss\u00e4 oleva generaattori ei vaurioita lattiapinnoitetta eik\u00e4 rungon pinnoite naarmuunnu.<\/td>\n<\/tr>\n<tr class=\"even\">\n<td><img loading=\"lazy\" decoding=\"async\" src=\"https:\/\/genekas24.ee\/wp-content\/uploads\/2022\/12\/ks-9100hde-1-3-atsr_macro_accessories.jpg\" alt=\"Dampers to lower vibration\" width=\"300\" height=\"300\" \/><\/td>\n<td><strong>LIS\u00c4TARVIKKEET<\/strong><\/p>\n<p>Generaattorin lis\u00e4varusteet: kannettava 2P+PE 16 A 230 V -virtapistoke, kannettava 2P+E 230 V 32 A -virtapistoke, 8 x 10 mm:n koukkuavain, 12 x 14 mm:n ja 17 x 19 mm:n avaimenrei\u00e4t ja kaksisuuntainen 6,0 mm:n PH2-ruuvitaltta.<\/td>\n<\/tr>\n<\/tbody>\n<\/table>\n<p><em><span style=\"font-size: 14px;\">***Polttoaineen kulutus riippuu monista tekij\u00f6ist\u00e4: kuormituksesta, polttoaineen laadusta, vuodenajasta, korkeudesta ja generaattorin teknisest\u00e4 kunnosta.<\/span><\/em><\/p>","protected":false},"excerpt":{"rendered":"<table>\n<tbody>\n<tr class=\"even\">\n<td width=\"60%\">J\u00e4nnite<\/td>\n<td>230<\/td>\n<\/tr>\n<tr class=\"odd\">\n<td>\n<div class=\"col-xs-6\">Suurin teho, kW<\/div>\n<\/td>\n<td>5.5<\/td>\n<\/tr>\n<tr class=\"even\">\n<td>\n<div class=\"col-xs-6\">Nimellisteho, kW<\/div>\n<\/td>\n<td>5.0<\/td>\n<\/tr>\n<tr class=\"odd\">\n<td>\n<div class=\"col-xs-6\">Taajuus, Hz<\/div>\n<\/td>\n<td>50<\/td>\n<\/tr>\n<tr class=\"even\">\n<td>\n<div class=\"col-xs-6\">Virta (max.), A<\/div>\n<\/td>\n<td>\n<div class=\"attribute row\">\n<div class=\"col-xs-6\">23.91<\/div>\n<\/div>\n<\/td>\n<\/tr>\n<tr class=\"odd\">\n<td>L\u00e4hd\u00f6t<\/td>\n<td>\n<div class=\"attribute row\">\n<div class=\"col-xs-6\">1 x Schuko 230 V<br \/>\n1 x CEE 230 V 32 A<\/div>\n<\/div>\n<\/td>\n<\/tr>\n<tr class=\"even\">\n<td>\n<div class=\"col-xs-6\">Keskim. k\u00e4ytt\u00f6aika (teho 50 %), h***<\/div>\n<\/td>\n<td>8.5<\/td>\n<\/tr>\n<tr class=\"odd\">\n<td>\n<div class=\"col-xs-6\">LED-n\u00e4ytt\u00f6<\/div>\n<\/td>\n<td>\n<div class=\"attribute row\">\n<div class=\"col-xs-6\">J\u00e4nnite, taajuus, k\u00e4ytt\u00f6tunnit<\/div>\n<\/div>\n<\/td>\n<\/tr>\n<tr class=\"even\">\n<td>\n<div class=\"col-xs-6\">Melutaso Lpa (7 m) \/ Lwa, dB<\/div>\n<\/td>\n<td>\n<div class=\"attribute row\">\n<div class=\"col-xs-6\">71\/96<\/div>\n<\/div>\n<\/td>\n<\/tr>\n<tr class=\"odd\">\n<td>\n<div class=\"col-xs-6\">Antoteho DC, V\/A<\/div>\n<\/td>\n<td>\n<div class=\"attribute row\">\n<div class=\"col-xs-6\">12\/8.3<\/div>\n<\/div>\n<\/td>\n<\/tr>\n<tr class=\"even\">\n<td>\n<div class=\"col-xs-6\">Moottorityyppi<\/div>\n<\/td>\n<td>\n<div class=\"attribute row\">\n<div class=\"col-xs-6\">Dieselk\u00e4ytt\u00f6inen, yksisylinterinen, nelitahtinen, ilmaj\u00e4\u00e4hdytteinen<\/div>\n<\/div>\n<\/td>\n<\/tr>\n<tr class=\"odd\">\n<td>\n<div class=\"col-xs-6\">Moottorin malli<\/div>\n<\/td>\n<td>\n<div class=\"attribute row\">\n<div class=\"col-xs-6\">KS 440HD-V<\/div>\n<\/div>\n<\/td>\n<\/tr>\n<tr class=\"even\">\n<td>\n<div class=\"col-xs-6\">Moottoriteho, hv\/kW<\/div>\n<\/td>\n<td>\n<div class=\"attribute row\">\n<div class=\"col-xs-6\">12.0\/8.83<\/div>\n<\/div>\n<\/td>\n<\/tr>\n<tr class=\"odd\">\n<td>Esil\u00e4mmitin<\/td>\n<td>+<\/td>\n<\/tr>\n<tr class=\"even\">\n<td>\n<div class=\"col-xs-6\">Polttoaines\u00e4ili\u00f6n tilavuus, L<\/div>\n<\/td>\n<td>11<\/td>\n<\/tr>\n<tr class=\"odd\">\n<td>\n<div class=\"col-xs-6\">Kampikammion tilavuus, L<\/div>\n<\/td>\n<td>1.65<\/td>\n<\/tr>\n<tr class=\"even\">\n<td>\n<div class=\"col-xs-6\">Moottorin sylinteritilavuus, cm3<\/div>\n<\/td>\n<td>418<\/td>\n<\/tr>\n<tr class=\"odd\">\n<td>\n<div class=\"col-xs-6\">Tehons\u00e4\u00e4din<\/div>\n<\/td>\n<td>\n<div class=\"attribute row\">\n<div class=\"col-xs-6\">\u00c4lyk\u00e4s j\u00e4nnitteenvakautusj\u00e4rjestelm\u00e4 AVR<\/div>\n<\/div>\n<\/td>\n<\/tr>\n<tr class=\"even\">\n<td>\n<div class=\"col-xs-6\">Moottorin k\u00e4ynnistys<\/div>\n<\/td>\n<td>\n<div class=\"attribute row\">\n<div class=\"col-xs-6\">Manuaalinen\/s\u00e4hk\u00f6inen<\/div>\n<\/div>\n<\/td>\n<\/tr>\n<tr class=\"odd\">\n<td>\n<div class=\"col-xs-6\">Rungon halkaisija<\/div>\n<\/td>\n<td>32<\/td>\n<\/tr>\n<tr class=\"even\">\n<td>\n<div class=\"col-xs-6\">Akku, Ah<\/div>\n<\/td>\n<td>30<\/td>\n<\/tr>\n<tr class=\"odd\">\n<td>\n<div class=\"col-xs-6\">L\u00e4ht\u00f6 ATS:lle<\/div>\n<\/td>\n<td>&#8211;<\/td>\n<\/tr>\n<tr class=\"even\">\n<td>\n<div class=\"col-xs-6\">Suojausluokka<\/div>\n<\/td>\n<td>\n<div class=\"attribute row\">\n<div class=\"col-xs-6\">IP23M<\/div>\n<\/div>\n<\/td>\n<\/tr>\n<tr>\n<td>Sis\u00e4mitat (PxLxK), mm<\/td>\n<td>730\u00d7495\u00d7630<\/td>\n<\/tr>\n<tr>\n<td>Bruttomitat (P x L x K), mm<\/td>\n<td>775\u00d7500\u00d7655<\/td>\n<\/tr>\n<tr>\n<td>Nettopaino, kg<\/td>\n<td>107<\/td>\n<\/tr>\n<tr>\n<td>Bruttopaino, kg<\/td>\n<td>115<\/td>\n<\/tr>\n<tr>\n<td>EAN-koodi<\/td>\n<td>4260405362592<\/td>\n<\/tr>\n<\/tbody>\n<\/table>\n<p>***Polttoaineenkulutus riippuu monista tekij\u00f6ist\u00e4, kuten kuormituksesta, polttoaineen laadusta, vuodenajasta, korkeudesta, generaattorin teknisest\u00e4 kunnosta.<\/p>\n<p>Koottu PRC.<\/p>","protected":false},"featured_media":17700,"template":"","meta":{"_acf_changed":false,"inline_featured_image":false},"product_brand":[],"product_cat":[22,94],"product_tag":[],"class_list":{"0":"post-4615","1":"product","2":"type-product","3":"status-publish","4":"has-post-thumbnail","6":"product_cat-diiselgeneraatorid","7":"product_cat-generaatorid","8":"product_shipping_class-euroalus","9":"brand-konner-sohnen","11":"first","12":"onbackorder","13":"featured","14":"taxable","15":"shipping-taxable","16":"purchasable","17":"product-type-simple"},"acf":[],"yoast_head":"<!-- This site is optimized with the Yoast SEO plugin v27.2 - https:\/\/yoast.com\/product\/yoast-seo-wordpress\/ -->\n<title>Diiselgeneraator KS 6100HDE (EURO V) - Genekas24<\/title>\n<meta name=\"robots\" content=\"index, follow, max-snippet:-1, max-image-preview:large, max-video-preview:-1\" \/>\n<link rel=\"canonical\" href=\"https:\/\/genekas24.ee\/fi\/tuote\/dieselgeneraattori-ks-6100hde-euro-v\/\" \/>\n<meta property=\"og:locale\" content=\"fi_FI\" \/>\n<meta property=\"og:type\" content=\"article\" \/>\n<meta property=\"og:title\" content=\"Diiselgeneraator KS 6100HDE (EURO V) - Genekas24\" \/>\n<meta property=\"og:description\" content=\"Pinge 230    Max v\u00f5imsus, kW 5.5    Nominaalne v\u00f5imsus, kW 5.0    Sagedus, Hz 50    Vool (max), \u0410   23.91    Pistikupesad   1 x Schuko 230 V 1 x CEE 230 V 32 A     Keskmine t\u00f6\u00f6aeg\u00a0 (power 50%), h*** 8.5    LED-ekraan   Pinge, sagedus, t\u00f6\u00f6aeg     M\u00fcratase Lpa (7m)\/Lwa, dB   71\/96     V\u00f5imsus DC, V\/\u0410   12\/8.3     Mootori t\u00fc\u00fcp   Diiselmootoriga \u00fchesilindriline, neljataktiline \u00f5hkjahutusega     Mootori mudel   KS 440HD-V     Mootori v\u00f5imsus, hp\/kW   12.0\/8.83    Eelsoojendi +    K\u00fctusepaagi maht, l 11    Karteri maht, l 1.65    Mootori silindri maht, cm3 418    Toitev\u00e4ljundi kontroller   Pinge stabiliseerimiss\u00fcsteem AVR     Mootori k\u00e4ivitamine   Manuaalne\/elektriline     Raami l\u00e4bim\u00f5\u00f5t 32    Aku, A\u00b7h 30    ATS v\u00e4ljund -    Kaitseklass   IP23M    Neto m\u00f5\u00f5dud (PxLxK), mm 730\u00d7495\u00d7630   Bruto m\u00f5\u00f5dud (PxLxK), mm 775\u00d7500\u00d7655   Netokaal, kg 107   Brutokaal, kg 115   EAN kood 4260405362592    ***K\u00fctusekulu s\u00f5ltub paljudest teguritest: nagu koormus, k\u00fctuse kvaliteet, aastaaeg, k\u00f5rgus merepinnast, generaatori tehniline seisukord.  Kokku pandud HRV-s.\" \/>\n<meta property=\"og:url\" content=\"https:\/\/genekas24.ee\/fi\/tuote\/dieselgeneraattori-ks-6100hde-euro-v\/\" \/>\n<meta property=\"og:site_name\" content=\"Genekas24\" \/>\n<meta property=\"article:modified_time\" content=\"2026-04-08T17:38:32+00:00\" \/>\n<meta property=\"og:image\" content=\"https:\/\/genekas24.ee\/wp-content\/uploads\/2021\/12\/KS-6100HDE.png\" \/>\n\t<meta property=\"og:image:width\" content=\"900\" \/>\n\t<meta property=\"og:image:height\" content=\"713\" \/>\n\t<meta property=\"og:image:type\" content=\"image\/png\" \/>\n<meta name=\"twitter:card\" content=\"summary_large_image\" \/>\n<meta name=\"twitter:label1\" content=\"Arvioitu lukuaika\" \/>\n\t<meta name=\"twitter:data1\" content=\"4 minuuttia\" \/>\n<script type=\"application\/ld+json\" class=\"yoast-schema-graph\">{\"@context\":\"https:\/\/schema.org\",\"@graph\":[{\"@type\":\"WebPage\",\"@id\":\"https:\/\/genekas24.ee\/toode\/diiselgeneraator-ks-6100hde-euro-v\/\",\"url\":\"https:\/\/genekas24.ee\/toode\/diiselgeneraator-ks-6100hde-euro-v\/\",\"name\":\"Diiselgeneraator KS 6100HDE (EURO V) - Genekas24\",\"isPartOf\":{\"@id\":\"https:\/\/genekas24.ee\/#website\"},\"primaryImageOfPage\":{\"@id\":\"https:\/\/genekas24.ee\/toode\/diiselgeneraator-ks-6100hde-euro-v\/#primaryimage\"},\"image\":{\"@id\":\"https:\/\/genekas24.ee\/toode\/diiselgeneraator-ks-6100hde-euro-v\/#primaryimage\"},\"thumbnailUrl\":\"https:\/\/genekas24.ee\/wp-content\/uploads\/2021\/12\/KS-6100HDE.png\",\"datePublished\":\"2021-12-07T18:34:21+00:00\",\"dateModified\":\"2026-04-08T17:38:32+00:00\",\"breadcrumb\":{\"@id\":\"https:\/\/genekas24.ee\/toode\/diiselgeneraator-ks-6100hde-euro-v\/#breadcrumb\"},\"inLanguage\":\"fi\",\"potentialAction\":[{\"@type\":\"ReadAction\",\"target\":[\"https:\/\/genekas24.ee\/toode\/diiselgeneraator-ks-6100hde-euro-v\/\"]}]},{\"@type\":\"ImageObject\",\"inLanguage\":\"fi\",\"@id\":\"https:\/\/genekas24.ee\/toode\/diiselgeneraator-ks-6100hde-euro-v\/#primaryimage\",\"url\":\"https:\/\/genekas24.ee\/wp-content\/uploads\/2021\/12\/KS-6100HDE.png\",\"contentUrl\":\"https:\/\/genekas24.ee\/wp-content\/uploads\/2021\/12\/KS-6100HDE.png\",\"width\":900,\"height\":713},{\"@type\":\"BreadcrumbList\",\"@id\":\"https:\/\/genekas24.ee\/toode\/diiselgeneraator-ks-6100hde-euro-v\/#breadcrumb\",\"itemListElement\":[{\"@type\":\"ListItem\",\"position\":1,\"name\":\"Home\",\"item\":\"https:\/\/genekas24.ee\/\"},{\"@type\":\"ListItem\",\"position\":2,\"name\":\"Pood\",\"item\":\"https:\/\/genekas24.ee\/pood\/\"},{\"@type\":\"ListItem\",\"position\":3,\"name\":\"Diiselgeneraator KS 6100HDE (EURO V)\"}]},{\"@type\":\"WebSite\",\"@id\":\"https:\/\/genekas24.ee\/#website\",\"url\":\"https:\/\/genekas24.ee\/\",\"name\":\"Genekas24\",\"description\":\"Generaatorid | K&ouml;nner S&ouml;hnen tooted | Genekas24\",\"publisher\":{\"@id\":\"https:\/\/genekas24.ee\/#organization\"},\"potentialAction\":[{\"@type\":\"SearchAction\",\"target\":{\"@type\":\"EntryPoint\",\"urlTemplate\":\"https:\/\/genekas24.ee\/?s={search_term_string}\"},\"query-input\":{\"@type\":\"PropertyValueSpecification\",\"valueRequired\":true,\"valueName\":\"search_term_string\"}}],\"inLanguage\":\"fi\"},{\"@type\":\"Organization\",\"@id\":\"https:\/\/genekas24.ee\/#organization\",\"name\":\"Genekas24\",\"url\":\"https:\/\/genekas24.ee\/\",\"logo\":{\"@type\":\"ImageObject\",\"inLanguage\":\"fi\",\"@id\":\"https:\/\/genekas24.ee\/#\/schema\/logo\/image\/\",\"url\":\"https:\/\/genekas24.ee\/wp-content\/uploads\/2026\/01\/genekas24-logo_black.svg\",\"contentUrl\":\"https:\/\/genekas24.ee\/wp-content\/uploads\/2026\/01\/genekas24-logo_black.svg\",\"width\":840,\"height\":131,\"caption\":\"Genekas24\"},\"image\":{\"@id\":\"https:\/\/genekas24.ee\/#\/schema\/logo\/image\/\"}}]}<\/script>\n<!-- \/ Yoast SEO plugin. -->","yoast_head_json":{"title":"Dieselgeneraattori KS 6100HDE (EURO V) - Genekas24","robots":{"index":"index","follow":"follow","max-snippet":"max-snippet:-1","max-image-preview":"max-image-preview:large","max-video-preview":"max-video-preview:-1"},"canonical":"https:\/\/genekas24.ee\/fi\/tuote\/dieselgeneraattori-ks-6100hde-euro-v\/","og_locale":"fi_FI","og_type":"article","og_title":"Diiselgeneraator KS 6100HDE (EURO V) - Genekas24","og_description":"Pinge 230    Max v\u00f5imsus, kW 5.5    Nominaalne v\u00f5imsus, kW 5.0    Sagedus, Hz 50    Vool (max), \u0410   23.91    Pistikupesad   1 x Schuko 230 V 1 x CEE 230 V 32 A     Keskmine t\u00f6\u00f6aeg\u00a0 (power 50%), h*** 8.5    LED-ekraan   Pinge, sagedus, t\u00f6\u00f6aeg     M\u00fcratase Lpa (7m)\/Lwa, dB   71\/96     V\u00f5imsus DC, V\/\u0410   12\/8.3     Mootori t\u00fc\u00fcp   Diiselmootoriga \u00fchesilindriline, neljataktiline \u00f5hkjahutusega     Mootori mudel   KS 440HD-V     Mootori v\u00f5imsus, hp\/kW   12.0\/8.83    Eelsoojendi +    K\u00fctusepaagi maht, l 11    Karteri maht, l 1.65    Mootori silindri maht, cm3 418    Toitev\u00e4ljundi kontroller   Pinge stabiliseerimiss\u00fcsteem AVR     Mootori k\u00e4ivitamine   Manuaalne\/elektriline     Raami l\u00e4bim\u00f5\u00f5t 32    Aku, A\u00b7h 30    ATS v\u00e4ljund -    Kaitseklass   IP23M    Neto m\u00f5\u00f5dud (PxLxK), mm 730\u00d7495\u00d7630   Bruto m\u00f5\u00f5dud (PxLxK), mm 775\u00d7500\u00d7655   Netokaal, kg 107   Brutokaal, kg 115   EAN kood 4260405362592    ***K\u00fctusekulu s\u00f5ltub paljudest teguritest: nagu koormus, k\u00fctuse kvaliteet, aastaaeg, k\u00f5rgus merepinnast, generaatori tehniline seisukord.  Kokku pandud HRV-s.","og_url":"https:\/\/genekas24.ee\/fi\/tuote\/dieselgeneraattori-ks-6100hde-euro-v\/","og_site_name":"Genekas24","article_modified_time":"2026-04-08T17:38:32+00:00","og_image":[{"width":900,"height":713,"url":"https:\/\/genekas24.ee\/wp-content\/uploads\/2021\/12\/KS-6100HDE.png","type":"image\/png"}],"twitter_card":"summary_large_image","twitter_misc":{"Arvioitu lukuaika":"4 minuuttia"},"schema":{"@context":"https:\/\/schema.org","@graph":[{"@type":"WebPage","@id":"https:\/\/genekas24.ee\/toode\/diiselgeneraator-ks-6100hde-euro-v\/","url":"https:\/\/genekas24.ee\/toode\/diiselgeneraator-ks-6100hde-euro-v\/","name":"Dieselgeneraattori KS 6100HDE (EURO V) - Genekas24","isPartOf":{"@id":"https:\/\/genekas24.ee\/#website"},"primaryImageOfPage":{"@id":"https:\/\/genekas24.ee\/toode\/diiselgeneraator-ks-6100hde-euro-v\/#primaryimage"},"image":{"@id":"https:\/\/genekas24.ee\/toode\/diiselgeneraator-ks-6100hde-euro-v\/#primaryimage"},"thumbnailUrl":"https:\/\/genekas24.ee\/wp-content\/uploads\/2021\/12\/KS-6100HDE.png","datePublished":"2021-12-07T18:34:21+00:00","dateModified":"2026-04-08T17:38:32+00:00","breadcrumb":{"@id":"https:\/\/genekas24.ee\/toode\/diiselgeneraator-ks-6100hde-euro-v\/#breadcrumb"},"inLanguage":"fi","potentialAction":[{"@type":"ReadAction","target":["https:\/\/genekas24.ee\/toode\/diiselgeneraator-ks-6100hde-euro-v\/"]}]},{"@type":"ImageObject","inLanguage":"fi","@id":"https:\/\/genekas24.ee\/toode\/diiselgeneraator-ks-6100hde-euro-v\/#primaryimage","url":"https:\/\/genekas24.ee\/wp-content\/uploads\/2021\/12\/KS-6100HDE.png","contentUrl":"https:\/\/genekas24.ee\/wp-content\/uploads\/2021\/12\/KS-6100HDE.png","width":900,"height":713},{"@type":"BreadcrumbList","@id":"https:\/\/genekas24.ee\/toode\/diiselgeneraator-ks-6100hde-euro-v\/#breadcrumb","itemListElement":[{"@type":"ListItem","position":1,"name":"Home","item":"https:\/\/genekas24.ee\/"},{"@type":"ListItem","position":2,"name":"Pood","item":"https:\/\/genekas24.ee\/pood\/"},{"@type":"ListItem","position":3,"name":"Diiselgeneraator KS 6100HDE (EURO V)"}]},{"@type":"WebSite","@id":"https:\/\/genekas24.ee\/#website","url":"https:\/\/genekas24.ee\/","name":"Genekas24","description":"Generaatorid | K&ouml;nner S&ouml;hnen tooted | Genekas24","publisher":{"@id":"https:\/\/genekas24.ee\/#organization"},"potentialAction":[{"@type":"SearchAction","target":{"@type":"EntryPoint","urlTemplate":"https:\/\/genekas24.ee\/?s={search_term_string}"},"query-input":{"@type":"PropertyValueSpecification","valueRequired":true,"valueName":"search_term_string"}}],"inLanguage":"fi"},{"@type":"Organization","@id":"https:\/\/genekas24.ee\/#organization","name":"Genekas24","url":"https:\/\/genekas24.ee\/","logo":{"@type":"ImageObject","inLanguage":"fi","@id":"https:\/\/genekas24.ee\/#\/schema\/logo\/image\/","url":"https:\/\/genekas24.ee\/wp-content\/uploads\/2026\/01\/genekas24-logo_black.svg","contentUrl":"https:\/\/genekas24.ee\/wp-content\/uploads\/2026\/01\/genekas24-logo_black.svg","width":840,"height":131,"caption":"Genekas24"},"image":{"@id":"https:\/\/genekas24.ee\/#\/schema\/logo\/image\/"}}]}},"_links":{"self":[{"href":"https:\/\/genekas24.ee\/fi\/wp-json\/wp\/v2\/product\/4615","targetHints":{"allow":["GET"]}}],"collection":[{"href":"https:\/\/genekas24.ee\/fi\/wp-json\/wp\/v2\/product"}],"about":[{"href":"https:\/\/genekas24.ee\/fi\/wp-json\/wp\/v2\/types\/product"}],"version-history":[{"count":12,"href":"https:\/\/genekas24.ee\/fi\/wp-json\/wp\/v2\/product\/4615\/revisions"}],"predecessor-version":[{"id":23100,"href":"https:\/\/genekas24.ee\/fi\/wp-json\/wp\/v2\/product\/4615\/revisions\/23100"}],"wp:featuredmedia":[{"embeddable":true,"href":"https:\/\/genekas24.ee\/fi\/wp-json\/wp\/v2\/media\/17700"}],"wp:attachment":[{"href":"https:\/\/genekas24.ee\/fi\/wp-json\/wp\/v2\/media?parent=4615"}],"wp:term":[{"taxonomy":"product_brand","embeddable":true,"href":"https:\/\/genekas24.ee\/fi\/wp-json\/wp\/v2\/product_brand?post=4615"},{"taxonomy":"product_cat","embeddable":true,"href":"https:\/\/genekas24.ee\/fi\/wp-json\/wp\/v2\/product_cat?post=4615"},{"taxonomy":"product_tag","embeddable":true,"href":"https:\/\/genekas24.ee\/fi\/wp-json\/wp\/v2\/product_tag?post=4615"}],"curies":[{"name":"wp","href":"https:\/\/api.w.org\/{rel}","templated":true}]}}