{"id":4555,"date":"2022-06-22T07:59:07","date_gmt":"2022-06-22T07:59:07","guid":{"rendered":"https:\/\/genekas24.ee\/?post_type=product&#038;p=4555"},"modified":"2025-12-02T10:06:59","modified_gmt":"2025-12-02T10:06:59","slug":"pistikupesa-adapter-ks-ex1-5m-3s","status":"publish","type":"product","link":"https:\/\/genekas24.ee\/fi\/tuote\/pistorasiasovitin-ks-ex1-5m-3s\/","title":{"rendered":"Pistorasiasovitin KS EX1.5M-3S"},"content":{"rendered":"<p>KS EX1.5M-3S -pistorasiasovitinta, jossa on kolme pistorasiaa ja jonka kaapelin pituus on 1,5 m, k\u00e4ytet\u00e4\u00e4n, kun normaalilla 16 A:n pistokkeella varustettu kotitalouslaite on liitett\u00e4v\u00e4 32 A:n pistorasiaan, joka on esimerkiksi generaattorissa. Sen suojausluokka on IP44, joten voit k\u00e4ytt\u00e4\u00e4 sit\u00e4 ulkotiloissa ja suuressa ilmankosteudessa, sill\u00e4 se on suojattu roiskuvalta vedelt\u00e4 ja kiinteilt\u00e4 hiukkasilta.<\/p>\n<table>\n<tbody>\n<tr class=\"even\">\n<td><img fetchpriority=\"high\" decoding=\"async\" class=\"alignnone size-medium wp-image-3669\" src=\"https:\/\/genekas24.ee\/wp-content\/uploads\/2022\/02\/KS-EX1.5M-3S-300x300.png\" alt=\"\" width=\"300\" height=\"300\" \/><\/td>\n<td><strong>SOVITIN 32 A -&gt; 16 \u0410<\/strong><\/p>\n<p>Sovittimen toisessa p\u00e4\u00e4ss\u00e4 on 32 A:n pistoke ja toisessa p\u00e4\u00e4ss\u00e4 kolme 16 A:n pistorasiaa, joiden kokonaiskuormitus voi olla enint\u00e4\u00e4n 5 kW.<\/td>\n<\/tr>\n<tr class=\"even\">\n<td><img decoding=\"async\" class=\"alignnone size-medium wp-image-3649\" src=\"https:\/\/genekas24.ee\/wp-content\/uploads\/2022\/02\/protection-against-moisture-and-tmperature-300x300.png\" alt=\"\" width=\"300\" height=\"300\" \/><\/td>\n<td><strong>SUOJAUS KOSTEUTTA JA L\u00c4MP\u00d6TILOJA VASTAAN<\/strong><\/p>\n<p>Kuminen sovitinkaapeli on suojattu t\u00e4ysin kosteutta, teollisuus- ja maatalouskemikaaleja, auringonvaloa ja kiinteit\u00e4 hiukkasia vastaan. Se s\u00e4ilytt\u00e4\u00e4 elastisuutensa kaikissa l\u00e4mp\u00f6tiloissa, joten voit k\u00e4ytt\u00e4\u00e4 sit\u00e4 kaikkina vuodenaikoina sek\u00e4 sis\u00e4ll\u00e4 ett\u00e4 ulkona. Pistorasioissa on suojakannet.<\/td>\n<\/tr>\n<tr class=\"even\">\n<td><img decoding=\"async\" class=\"alignnone size-medium wp-image-3473\" src=\"https:\/\/genekas24.ee\/wp-content\/uploads\/2022\/02\/100-copper-300x300.png\" alt=\"\" width=\"300\" height=\"300\" \/><\/td>\n<td><strong>100% KUPARIA<\/strong><\/p>\n<p>Kela on varustettu 100 %:n kuparikaapelilla 3\u00d71,5 mm2. Vain kupari kest\u00e4\u00e4 pitk\u00e4kestoiset enimm\u00e4iskuormitukset, joten kaapeli on kest\u00e4v\u00e4 ja sen k\u00e4ytt\u00f6aika on pidempi.<\/td>\n<\/tr>\n<\/tbody>\n<\/table>\n<p>&nbsp;<\/p>","protected":false},"excerpt":{"rendered":"<p>Pistorasiasovitin<\/p>\n<table>\n<tbody>\n<tr class=\"even\">\n<td>Kokonaisteho<\/td>\n<td>5000 W<\/td>\n<\/tr>\n<tr class=\"odd\">\n<td>Pistoke<\/td>\n<td>1*32\u0410\/230V<\/td>\n<\/tr>\n<tr class=\"even\">\n<td>Suojakannelliset pistorasiat<\/td>\n<td>3*16\u0410\/230V<\/td>\n<\/tr>\n<tr class=\"odd\">\n<td>Kumikaapelin pituus<\/td>\n<td>1.5 m<\/td>\n<\/tr>\n<tr class=\"even\">\n<td>Kaapeli (100 % kuparia)<\/td>\n<td>3*2.5 mm<sup>2<\/sup><\/td>\n<\/tr>\n<tr class=\"even\">\n<td>Suojausluokka<\/td>\n<td>IP44<\/td>\n<\/tr>\n<\/tbody>\n<\/table>","protected":false},"featured_media":13743,"template":"","meta":{"_acf_changed":false,"inline_featured_image":false},"product_brand":[],"product_cat":[156,28],"product_tag":[],"class_list":{"0":"post-4555","1":"product","2":"type-product","3":"status-publish","4":"has-post-thumbnail","6":"product_cat-generaatori-tarvikud","7":"product_cat-kaablid","8":"product_shipping_class-vaikepakk","9":"brand-konner-sohnen","11":"first","12":"instock","13":"taxable","14":"shipping-taxable","15":"purchasable","16":"product-type-simple"},"acf":[],"yoast_head":"<!-- This site is optimized with the Yoast SEO plugin v27.2 - https:\/\/yoast.com\/product\/yoast-seo-wordpress\/ -->\n<title>Pistikupesa adapter KS EX1.5M-3S - Genekas24<\/title>\n<meta name=\"robots\" content=\"index, follow, max-snippet:-1, max-image-preview:large, max-video-preview:-1\" \/>\n<link rel=\"canonical\" href=\"https:\/\/genekas24.ee\/fi\/tuote\/pistorasiasovitin-ks-ex1-5m-3s\/\" \/>\n<meta property=\"og:locale\" content=\"fi_FI\" \/>\n<meta property=\"og:type\" content=\"article\" \/>\n<meta property=\"og:title\" content=\"Pistikupesa adapter KS EX1.5M-3S - Genekas24\" \/>\n<meta property=\"og:description\" content=\"Pistikupesa adapter    Koguv\u00f5imsus 5000 W   Pistik 1*32\u0410\/230V   Kaitsekorgiga pistikupesad 3*16\u0410\/230V   Kummist kaabli pikkus 1.5 m   Kaabel (100% vask) 3*2.5 mm2   Kaitseklass IP44\" \/>\n<meta property=\"og:url\" content=\"https:\/\/genekas24.ee\/fi\/tuote\/pistorasiasovitin-ks-ex1-5m-3s\/\" \/>\n<meta property=\"og:site_name\" content=\"Genekas24\" \/>\n<meta property=\"article:modified_time\" content=\"2025-12-02T10:06:59+00:00\" \/>\n<meta property=\"og:image\" content=\"https:\/\/genekas24.ee\/wp-content\/uploads\/2022\/06\/KS-EX1.5M-3S-1.png\" \/>\n\t<meta property=\"og:image:width\" content=\"1000\" \/>\n\t<meta property=\"og:image:height\" content=\"792\" \/>\n\t<meta property=\"og:image:type\" content=\"image\/png\" \/>\n<meta name=\"twitter:card\" content=\"summary_large_image\" \/>\n<meta name=\"twitter:label1\" content=\"Arvioitu lukuaika\" \/>\n\t<meta name=\"twitter:data1\" content=\"2 minuuttia\" \/>\n<script type=\"application\/ld+json\" class=\"yoast-schema-graph\">{\"@context\":\"https:\/\/schema.org\",\"@graph\":[{\"@type\":\"WebPage\",\"@id\":\"https:\/\/genekas24.ee\/toode\/pistikupesa-adapter-ks-ex1-5m-3s\/\",\"url\":\"https:\/\/genekas24.ee\/toode\/pistikupesa-adapter-ks-ex1-5m-3s\/\",\"name\":\"Pistikupesa adapter KS EX1.5M-3S - Genekas24\",\"isPartOf\":{\"@id\":\"https:\/\/genekas24.ee\/#website\"},\"primaryImageOfPage\":{\"@id\":\"https:\/\/genekas24.ee\/toode\/pistikupesa-adapter-ks-ex1-5m-3s\/#primaryimage\"},\"image\":{\"@id\":\"https:\/\/genekas24.ee\/toode\/pistikupesa-adapter-ks-ex1-5m-3s\/#primaryimage\"},\"thumbnailUrl\":\"https:\/\/genekas24.ee\/wp-content\/uploads\/2022\/06\/KS-EX1.5M-3S-1.png\",\"datePublished\":\"2022-06-22T07:59:07+00:00\",\"dateModified\":\"2025-12-02T10:06:59+00:00\",\"breadcrumb\":{\"@id\":\"https:\/\/genekas24.ee\/toode\/pistikupesa-adapter-ks-ex1-5m-3s\/#breadcrumb\"},\"inLanguage\":\"fi\",\"potentialAction\":[{\"@type\":\"ReadAction\",\"target\":[\"https:\/\/genekas24.ee\/toode\/pistikupesa-adapter-ks-ex1-5m-3s\/\"]}]},{\"@type\":\"ImageObject\",\"inLanguage\":\"fi\",\"@id\":\"https:\/\/genekas24.ee\/toode\/pistikupesa-adapter-ks-ex1-5m-3s\/#primaryimage\",\"url\":\"https:\/\/genekas24.ee\/wp-content\/uploads\/2022\/06\/KS-EX1.5M-3S-1.png\",\"contentUrl\":\"https:\/\/genekas24.ee\/wp-content\/uploads\/2022\/06\/KS-EX1.5M-3S-1.png\",\"width\":1000,\"height\":792},{\"@type\":\"BreadcrumbList\",\"@id\":\"https:\/\/genekas24.ee\/toode\/pistikupesa-adapter-ks-ex1-5m-3s\/#breadcrumb\",\"itemListElement\":[{\"@type\":\"ListItem\",\"position\":1,\"name\":\"Home\",\"item\":\"https:\/\/genekas24.ee\/\"},{\"@type\":\"ListItem\",\"position\":2,\"name\":\"Pood\",\"item\":\"https:\/\/genekas24.ee\/pood\/\"},{\"@type\":\"ListItem\",\"position\":3,\"name\":\"Pistikupesa adapter KS EX1.5M-3S\"}]},{\"@type\":\"WebSite\",\"@id\":\"https:\/\/genekas24.ee\/#website\",\"url\":\"https:\/\/genekas24.ee\/\",\"name\":\"Genekas24\",\"description\":\"Generaatorid | K&ouml;nner S&ouml;hnen tooted | Genekas24\",\"publisher\":{\"@id\":\"https:\/\/genekas24.ee\/#organization\"},\"potentialAction\":[{\"@type\":\"SearchAction\",\"target\":{\"@type\":\"EntryPoint\",\"urlTemplate\":\"https:\/\/genekas24.ee\/?s={search_term_string}\"},\"query-input\":{\"@type\":\"PropertyValueSpecification\",\"valueRequired\":true,\"valueName\":\"search_term_string\"}}],\"inLanguage\":\"fi\"},{\"@type\":\"Organization\",\"@id\":\"https:\/\/genekas24.ee\/#organization\",\"name\":\"Genekas24\",\"url\":\"https:\/\/genekas24.ee\/\",\"logo\":{\"@type\":\"ImageObject\",\"inLanguage\":\"fi\",\"@id\":\"https:\/\/genekas24.ee\/#\/schema\/logo\/image\/\",\"url\":\"https:\/\/genekas24.ee\/wp-content\/uploads\/2026\/01\/genekas24-logo_black.svg\",\"contentUrl\":\"https:\/\/genekas24.ee\/wp-content\/uploads\/2026\/01\/genekas24-logo_black.svg\",\"width\":840,\"height\":131,\"caption\":\"Genekas24\"},\"image\":{\"@id\":\"https:\/\/genekas24.ee\/#\/schema\/logo\/image\/\"}}]}<\/script>\n<!-- \/ Yoast SEO plugin. -->","yoast_head_json":{"title":"Pistikupesa adapter KS EX1.5M-3S - Genekas24","robots":{"index":"index","follow":"follow","max-snippet":"max-snippet:-1","max-image-preview":"max-image-preview:large","max-video-preview":"max-video-preview:-1"},"canonical":"https:\/\/genekas24.ee\/fi\/tuote\/pistorasiasovitin-ks-ex1-5m-3s\/","og_locale":"fi_FI","og_type":"article","og_title":"Pistikupesa adapter KS EX1.5M-3S - Genekas24","og_description":"Pistikupesa adapter    Koguv\u00f5imsus 5000 W   Pistik 1*32\u0410\/230V   Kaitsekorgiga pistikupesad 3*16\u0410\/230V   Kummist kaabli pikkus 1.5 m   Kaabel (100% vask) 3*2.5 mm2   Kaitseklass IP44","og_url":"https:\/\/genekas24.ee\/fi\/tuote\/pistorasiasovitin-ks-ex1-5m-3s\/","og_site_name":"Genekas24","article_modified_time":"2025-12-02T10:06:59+00:00","og_image":[{"width":1000,"height":792,"url":"https:\/\/genekas24.ee\/wp-content\/uploads\/2022\/06\/KS-EX1.5M-3S-1.png","type":"image\/png"}],"twitter_card":"summary_large_image","twitter_misc":{"Arvioitu lukuaika":"2 minuuttia"},"schema":{"@context":"https:\/\/schema.org","@graph":[{"@type":"WebPage","@id":"https:\/\/genekas24.ee\/toode\/pistikupesa-adapter-ks-ex1-5m-3s\/","url":"https:\/\/genekas24.ee\/toode\/pistikupesa-adapter-ks-ex1-5m-3s\/","name":"Pistikupesa adapter KS EX1.5M-3S - Genekas24","isPartOf":{"@id":"https:\/\/genekas24.ee\/#website"},"primaryImageOfPage":{"@id":"https:\/\/genekas24.ee\/toode\/pistikupesa-adapter-ks-ex1-5m-3s\/#primaryimage"},"image":{"@id":"https:\/\/genekas24.ee\/toode\/pistikupesa-adapter-ks-ex1-5m-3s\/#primaryimage"},"thumbnailUrl":"https:\/\/genekas24.ee\/wp-content\/uploads\/2022\/06\/KS-EX1.5M-3S-1.png","datePublished":"2022-06-22T07:59:07+00:00","dateModified":"2025-12-02T10:06:59+00:00","breadcrumb":{"@id":"https:\/\/genekas24.ee\/toode\/pistikupesa-adapter-ks-ex1-5m-3s\/#breadcrumb"},"inLanguage":"fi","potentialAction":[{"@type":"ReadAction","target":["https:\/\/genekas24.ee\/toode\/pistikupesa-adapter-ks-ex1-5m-3s\/"]}]},{"@type":"ImageObject","inLanguage":"fi","@id":"https:\/\/genekas24.ee\/toode\/pistikupesa-adapter-ks-ex1-5m-3s\/#primaryimage","url":"https:\/\/genekas24.ee\/wp-content\/uploads\/2022\/06\/KS-EX1.5M-3S-1.png","contentUrl":"https:\/\/genekas24.ee\/wp-content\/uploads\/2022\/06\/KS-EX1.5M-3S-1.png","width":1000,"height":792},{"@type":"BreadcrumbList","@id":"https:\/\/genekas24.ee\/toode\/pistikupesa-adapter-ks-ex1-5m-3s\/#breadcrumb","itemListElement":[{"@type":"ListItem","position":1,"name":"Home","item":"https:\/\/genekas24.ee\/"},{"@type":"ListItem","position":2,"name":"Pood","item":"https:\/\/genekas24.ee\/pood\/"},{"@type":"ListItem","position":3,"name":"Pistikupesa adapter KS EX1.5M-3S"}]},{"@type":"WebSite","@id":"https:\/\/genekas24.ee\/#website","url":"https:\/\/genekas24.ee\/","name":"Genekas24","description":"Generaatorid | K&ouml;nner S&ouml;hnen tooted | Genekas24","publisher":{"@id":"https:\/\/genekas24.ee\/#organization"},"potentialAction":[{"@type":"SearchAction","target":{"@type":"EntryPoint","urlTemplate":"https:\/\/genekas24.ee\/?s={search_term_string}"},"query-input":{"@type":"PropertyValueSpecification","valueRequired":true,"valueName":"search_term_string"}}],"inLanguage":"fi"},{"@type":"Organization","@id":"https:\/\/genekas24.ee\/#organization","name":"Genekas24","url":"https:\/\/genekas24.ee\/","logo":{"@type":"ImageObject","inLanguage":"fi","@id":"https:\/\/genekas24.ee\/#\/schema\/logo\/image\/","url":"https:\/\/genekas24.ee\/wp-content\/uploads\/2026\/01\/genekas24-logo_black.svg","contentUrl":"https:\/\/genekas24.ee\/wp-content\/uploads\/2026\/01\/genekas24-logo_black.svg","width":840,"height":131,"caption":"Genekas24"},"image":{"@id":"https:\/\/genekas24.ee\/#\/schema\/logo\/image\/"}}]}},"_links":{"self":[{"href":"https:\/\/genekas24.ee\/fi\/wp-json\/wp\/v2\/product\/4555","targetHints":{"allow":["GET"]}}],"collection":[{"href":"https:\/\/genekas24.ee\/fi\/wp-json\/wp\/v2\/product"}],"about":[{"href":"https:\/\/genekas24.ee\/fi\/wp-json\/wp\/v2\/types\/product"}],"version-history":[{"count":4,"href":"https:\/\/genekas24.ee\/fi\/wp-json\/wp\/v2\/product\/4555\/revisions"}],"predecessor-version":[{"id":14355,"href":"https:\/\/genekas24.ee\/fi\/wp-json\/wp\/v2\/product\/4555\/revisions\/14355"}],"wp:featuredmedia":[{"embeddable":true,"href":"https:\/\/genekas24.ee\/fi\/wp-json\/wp\/v2\/media\/13743"}],"wp:attachment":[{"href":"https:\/\/genekas24.ee\/fi\/wp-json\/wp\/v2\/media?parent=4555"}],"wp:term":[{"taxonomy":"product_brand","embeddable":true,"href":"https:\/\/genekas24.ee\/fi\/wp-json\/wp\/v2\/product_brand?post=4555"},{"taxonomy":"product_cat","embeddable":true,"href":"https:\/\/genekas24.ee\/fi\/wp-json\/wp\/v2\/product_cat?post=4555"},{"taxonomy":"product_tag","embeddable":true,"href":"https:\/\/genekas24.ee\/fi\/wp-json\/wp\/v2\/product_tag?post=4555"}],"curies":[{"name":"wp","href":"https:\/\/api.w.org\/{rel}","templated":true}]}}