{"id":4546,"date":"2022-06-22T07:36:41","date_gmt":"2022-06-22T07:36:41","guid":{"rendered":"https:\/\/genekas24.ee\/?post_type=product&#038;p=4546"},"modified":"2025-12-23T10:10:11","modified_gmt":"2025-12-23T10:10:11","slug":"pikendusjuhe-rull-ks-cr-15m","status":"publish","type":"product","link":"https:\/\/genekas24.ee\/fi\/tuote\/jatkojohto-ks-cr-15m\/","title":{"rendered":"Jatkojohto KS CR-15M"},"content":{"rendered":"<p>KS CR-15M -jatkojohtokela, jonka kaapelin pituus on 15 metri\u00e4, soveltuu enint\u00e4\u00e4n nelj\u00e4n laitteen samanaikaiseen liit\u00e4nt\u00e4\u00e4n 230 V:n verkkoon paikoissa, jotka ovat kaukana kiinteist\u00e4 pistorasioista. Sen suojausluokka on IP44, joten sit\u00e4 voi k\u00e4ytt\u00e4\u00e4 ulkotiloissa ja suuressa ilmankosteudessa, sill\u00e4 se on suojattu roiskuvalta vedelt\u00e4 ja kiinteilt\u00e4 hiukkasilta.<\/p>\n<table>\n<tbody>\n<tr class=\"even\">\n<td><img fetchpriority=\"high\" decoding=\"async\" class=\"alignnone size-medium wp-image-3455\" src=\"https:\/\/genekas24.ee\/wp-content\/uploads\/2022\/02\/FULL-PROTECTION-300x300.png\" alt=\"\" width=\"300\" height=\"300\" \/><\/td>\n<td>T\u00c4YDELLINEN SUOJAUS<\/p>\n<p>Kuminen jatkojohto on suojattu t\u00e4ysin kosteutta, teollisuus- ja maatalouskemikaaleja, auringonvaloa ja kiinteit\u00e4 hiukkasia vastaan. Se s\u00e4ilytt\u00e4\u00e4 elastisuutensa kaikissa l\u00e4mp\u00f6tiloissa, joten sit\u00e4 voi k\u00e4ytt\u00e4\u00e4 kaikkina vuodenaikoina sek\u00e4 sis\u00e4ll\u00e4 ett\u00e4 ulkona. Kelan pistorasioissa on suojakannet.<\/td>\n<\/tr>\n<tr class=\"even\">\n<td><img decoding=\"async\" class=\"alignnone size-medium wp-image-3461\" src=\"https:\/\/genekas24.ee\/wp-content\/uploads\/2022\/02\/cable-lenght-300x300.png\" alt=\"\" width=\"300\" height=\"300\" \/><\/td>\n<td>KAAPELIN PITUUS<\/p>\n<p>Jatkojohtokelan kaapelin pituus on 15 metri\u00e4, ja se soveltuu enint\u00e4\u00e4n nelj\u00e4n s\u00e4hk\u00f6laitteen samanaikaiseen liit\u00e4nt\u00e4\u00e4n, kun kiinte\u00e4t pistorasiat ovat kaukana. Sit\u00e4 voidaan k\u00e4ytt\u00e4\u00e4 rakennus- ja korjaust\u00f6iss\u00e4, maataloudessa, tehtaissa ja varastoissa. Se on luotettava apuri leireilyss\u00e4 ja maaseudulla.<\/td>\n<\/tr>\n<tr class=\"even\">\n<td><img decoding=\"async\" class=\"alignnone size-medium wp-image-3467\" src=\"https:\/\/genekas24.ee\/wp-content\/uploads\/2022\/02\/ERGONOMIC-HANDLE-300x300.png\" alt=\"\" width=\"300\" height=\"300\" \/><\/td>\n<td>ERGONOMINEN KAHVA<\/p>\n<p>Pehme\u00e4n kumip\u00e4\u00e4llysteisen kahvan ansiosta kelan kuljettaminen k\u00e4y helposti ja mukavasti. Kohokuvioitu kumitekstuuri est\u00e4\u00e4 kelaa luistamasta.<\/td>\n<\/tr>\n<tr class=\"even\">\n<td><img loading=\"lazy\" decoding=\"async\" class=\"alignnone size-medium wp-image-3473\" src=\"https:\/\/genekas24.ee\/wp-content\/uploads\/2022\/02\/100-copper-300x300.png\" alt=\"\" width=\"300\" height=\"300\" \/><\/td>\n<td>100% KUPARIA<\/p>\n<p>Kela on varustettu 100 %:n kuparikaapelilla 3\u00d71,5 mm2. Vain kupari kest\u00e4\u00e4 pitk\u00e4kestoiset enimm\u00e4iskuormitukset, joten kaapeli on kest\u00e4v\u00e4 ja sen k\u00e4ytt\u00f6aika on pidempi.<\/td>\n<\/tr>\n<\/tbody>\n<\/table>\n<p>&nbsp;<\/p>","protected":false},"excerpt":{"rendered":"<table>\n<tbody>\n<tr class=\"even\">\n<td>Kokonaisteho (kaapeli auki kelattuna)<\/td>\n<td>3000 W<\/td>\n<\/tr>\n<tr class=\"odd\">\n<td>Pistoke<\/td>\n<td>1*16\u0410\/230V<\/td>\n<\/tr>\n<tr class=\"even\">\n<td>Suojakannelliset pistorasiat<\/td>\n<td>4*16\u0410\/230V<\/td>\n<\/tr>\n<tr class=\"odd\">\n<td>Kaapelin pituus<\/td>\n<td>15 m<\/td>\n<\/tr>\n<tr class=\"even\">\n<td>Kaapeli (100 % kuparia)<\/td>\n<td>3*1.5 mm<sup>2<\/sup><\/td>\n<\/tr>\n<tr class=\"odd\">\n<td>Jatkojohtokelan materiaali<\/td>\n<td>Muovi<\/td>\n<\/tr>\n<tr class=\"even\">\n<td>Suojausluokka<\/td>\n<td>IP44<\/td>\n<\/tr>\n<\/tbody>\n<\/table>","protected":false},"featured_media":13141,"template":"","meta":{"_acf_changed":false,"inline_featured_image":false},"product_brand":[],"product_cat":[179,156,28,181],"product_tag":[],"class_list":{"0":"post-4546","1":"product","2":"type-product","3":"status-publish","4":"has-post-thumbnail","6":"product_cat-allahinnatud","7":"product_cat-generaatori-tarvikud","8":"product_cat-kaablid","9":"product_cat-laos-olemas","10":"product_shipping_class-vaikepakk","11":"brand-konner-sohnen","13":"first","14":"instock","15":"sale","16":"taxable","17":"shipping-taxable","18":"purchasable","19":"product-type-simple"},"acf":[],"yoast_head":"<!-- This site is optimized with the Yoast SEO plugin v27.2 - https:\/\/yoast.com\/product\/yoast-seo-wordpress\/ -->\n<title>Pikendusjuhe rull KS CR-15M - Genekas24<\/title>\n<meta name=\"robots\" content=\"index, follow, max-snippet:-1, max-image-preview:large, max-video-preview:-1\" \/>\n<link rel=\"canonical\" href=\"https:\/\/genekas24.ee\/fi\/tuote\/jatkojohto-ks-cr-15m\/\" \/>\n<meta property=\"og:locale\" content=\"fi_FI\" \/>\n<meta property=\"og:type\" content=\"article\" \/>\n<meta property=\"og:title\" content=\"Pikendusjuhe rull KS CR-15M - Genekas24\" \/>\n<meta property=\"og:description\" content=\"Koguv\u00f5imsus (lahti keritud kaabel) 3000 W   Pistik 1*16\u0410\/230V   Kaitsekorgiga pistikupesad 4*16\u0410\/230V   Kaabli pikkus 15 m   Kaabel (100% vask) 3*1.5 mm2   Pikendusplaadi rulli materjal Plastik   Kaitseklass IP44\" \/>\n<meta property=\"og:url\" content=\"https:\/\/genekas24.ee\/fi\/tuote\/jatkojohto-ks-cr-15m\/\" \/>\n<meta property=\"og:site_name\" content=\"Genekas24\" \/>\n<meta property=\"article:modified_time\" content=\"2025-12-23T10:10:11+00:00\" \/>\n<meta property=\"og:image\" content=\"https:\/\/genekas24.ee\/wp-content\/uploads\/2022\/06\/KS-CR-15M.png\" \/>\n\t<meta property=\"og:image:width\" content=\"900\" \/>\n\t<meta property=\"og:image:height\" content=\"713\" \/>\n\t<meta property=\"og:image:type\" content=\"image\/png\" \/>\n<meta name=\"twitter:card\" content=\"summary_large_image\" \/>\n<meta name=\"twitter:label1\" content=\"Arvioitu lukuaika\" \/>\n\t<meta name=\"twitter:data1\" content=\"2 minuuttia\" \/>\n<script type=\"application\/ld+json\" class=\"yoast-schema-graph\">{\"@context\":\"https:\/\/schema.org\",\"@graph\":[{\"@type\":\"WebPage\",\"@id\":\"https:\/\/genekas24.ee\/toode\/pikendusjuhe-rull-ks-cr-15m\/\",\"url\":\"https:\/\/genekas24.ee\/toode\/pikendusjuhe-rull-ks-cr-15m\/\",\"name\":\"Pikendusjuhe rull KS CR-15M - Genekas24\",\"isPartOf\":{\"@id\":\"https:\/\/genekas24.ee\/#website\"},\"primaryImageOfPage\":{\"@id\":\"https:\/\/genekas24.ee\/toode\/pikendusjuhe-rull-ks-cr-15m\/#primaryimage\"},\"image\":{\"@id\":\"https:\/\/genekas24.ee\/toode\/pikendusjuhe-rull-ks-cr-15m\/#primaryimage\"},\"thumbnailUrl\":\"https:\/\/genekas24.ee\/wp-content\/uploads\/2022\/06\/KS-CR-15M.png\",\"datePublished\":\"2022-06-22T07:36:41+00:00\",\"dateModified\":\"2025-12-23T10:10:11+00:00\",\"breadcrumb\":{\"@id\":\"https:\/\/genekas24.ee\/toode\/pikendusjuhe-rull-ks-cr-15m\/#breadcrumb\"},\"inLanguage\":\"fi\",\"potentialAction\":[{\"@type\":\"ReadAction\",\"target\":[\"https:\/\/genekas24.ee\/toode\/pikendusjuhe-rull-ks-cr-15m\/\"]}]},{\"@type\":\"ImageObject\",\"inLanguage\":\"fi\",\"@id\":\"https:\/\/genekas24.ee\/toode\/pikendusjuhe-rull-ks-cr-15m\/#primaryimage\",\"url\":\"https:\/\/genekas24.ee\/wp-content\/uploads\/2022\/06\/KS-CR-15M.png\",\"contentUrl\":\"https:\/\/genekas24.ee\/wp-content\/uploads\/2022\/06\/KS-CR-15M.png\",\"width\":900,\"height\":713},{\"@type\":\"BreadcrumbList\",\"@id\":\"https:\/\/genekas24.ee\/toode\/pikendusjuhe-rull-ks-cr-15m\/#breadcrumb\",\"itemListElement\":[{\"@type\":\"ListItem\",\"position\":1,\"name\":\"Home\",\"item\":\"https:\/\/genekas24.ee\/\"},{\"@type\":\"ListItem\",\"position\":2,\"name\":\"Pood\",\"item\":\"https:\/\/genekas24.ee\/pood\/\"},{\"@type\":\"ListItem\",\"position\":3,\"name\":\"Pikendusjuhe rull KS CR-15M\"}]},{\"@type\":\"WebSite\",\"@id\":\"https:\/\/genekas24.ee\/#website\",\"url\":\"https:\/\/genekas24.ee\/\",\"name\":\"Genekas24\",\"description\":\"Generaatorid | K&ouml;nner S&ouml;hnen tooted | Genekas24\",\"publisher\":{\"@id\":\"https:\/\/genekas24.ee\/#organization\"},\"potentialAction\":[{\"@type\":\"SearchAction\",\"target\":{\"@type\":\"EntryPoint\",\"urlTemplate\":\"https:\/\/genekas24.ee\/?s={search_term_string}\"},\"query-input\":{\"@type\":\"PropertyValueSpecification\",\"valueRequired\":true,\"valueName\":\"search_term_string\"}}],\"inLanguage\":\"fi\"},{\"@type\":\"Organization\",\"@id\":\"https:\/\/genekas24.ee\/#organization\",\"name\":\"Genekas24\",\"url\":\"https:\/\/genekas24.ee\/\",\"logo\":{\"@type\":\"ImageObject\",\"inLanguage\":\"fi\",\"@id\":\"https:\/\/genekas24.ee\/#\/schema\/logo\/image\/\",\"url\":\"https:\/\/genekas24.ee\/wp-content\/uploads\/2026\/01\/genekas24-logo_black.svg\",\"contentUrl\":\"https:\/\/genekas24.ee\/wp-content\/uploads\/2026\/01\/genekas24-logo_black.svg\",\"width\":840,\"height\":131,\"caption\":\"Genekas24\"},\"image\":{\"@id\":\"https:\/\/genekas24.ee\/#\/schema\/logo\/image\/\"}}]}<\/script>\n<!-- \/ Yoast SEO plugin. -->","yoast_head_json":{"title":"Pikendusjuhe rull KS CR-15M - Genekas24","robots":{"index":"index","follow":"follow","max-snippet":"max-snippet:-1","max-image-preview":"max-image-preview:large","max-video-preview":"max-video-preview:-1"},"canonical":"https:\/\/genekas24.ee\/fi\/tuote\/jatkojohto-ks-cr-15m\/","og_locale":"fi_FI","og_type":"article","og_title":"Pikendusjuhe rull KS CR-15M - Genekas24","og_description":"Koguv\u00f5imsus (lahti keritud kaabel) 3000 W   Pistik 1*16\u0410\/230V   Kaitsekorgiga pistikupesad 4*16\u0410\/230V   Kaabli pikkus 15 m   Kaabel (100% vask) 3*1.5 mm2   Pikendusplaadi rulli materjal Plastik   Kaitseklass IP44","og_url":"https:\/\/genekas24.ee\/fi\/tuote\/jatkojohto-ks-cr-15m\/","og_site_name":"Genekas24","article_modified_time":"2025-12-23T10:10:11+00:00","og_image":[{"width":900,"height":713,"url":"https:\/\/genekas24.ee\/wp-content\/uploads\/2022\/06\/KS-CR-15M.png","type":"image\/png"}],"twitter_card":"summary_large_image","twitter_misc":{"Arvioitu lukuaika":"2 minuuttia"},"schema":{"@context":"https:\/\/schema.org","@graph":[{"@type":"WebPage","@id":"https:\/\/genekas24.ee\/toode\/pikendusjuhe-rull-ks-cr-15m\/","url":"https:\/\/genekas24.ee\/toode\/pikendusjuhe-rull-ks-cr-15m\/","name":"Pikendusjuhe rull KS CR-15M - Genekas24","isPartOf":{"@id":"https:\/\/genekas24.ee\/#website"},"primaryImageOfPage":{"@id":"https:\/\/genekas24.ee\/toode\/pikendusjuhe-rull-ks-cr-15m\/#primaryimage"},"image":{"@id":"https:\/\/genekas24.ee\/toode\/pikendusjuhe-rull-ks-cr-15m\/#primaryimage"},"thumbnailUrl":"https:\/\/genekas24.ee\/wp-content\/uploads\/2022\/06\/KS-CR-15M.png","datePublished":"2022-06-22T07:36:41+00:00","dateModified":"2025-12-23T10:10:11+00:00","breadcrumb":{"@id":"https:\/\/genekas24.ee\/toode\/pikendusjuhe-rull-ks-cr-15m\/#breadcrumb"},"inLanguage":"fi","potentialAction":[{"@type":"ReadAction","target":["https:\/\/genekas24.ee\/toode\/pikendusjuhe-rull-ks-cr-15m\/"]}]},{"@type":"ImageObject","inLanguage":"fi","@id":"https:\/\/genekas24.ee\/toode\/pikendusjuhe-rull-ks-cr-15m\/#primaryimage","url":"https:\/\/genekas24.ee\/wp-content\/uploads\/2022\/06\/KS-CR-15M.png","contentUrl":"https:\/\/genekas24.ee\/wp-content\/uploads\/2022\/06\/KS-CR-15M.png","width":900,"height":713},{"@type":"BreadcrumbList","@id":"https:\/\/genekas24.ee\/toode\/pikendusjuhe-rull-ks-cr-15m\/#breadcrumb","itemListElement":[{"@type":"ListItem","position":1,"name":"Home","item":"https:\/\/genekas24.ee\/"},{"@type":"ListItem","position":2,"name":"Pood","item":"https:\/\/genekas24.ee\/pood\/"},{"@type":"ListItem","position":3,"name":"Pikendusjuhe rull KS CR-15M"}]},{"@type":"WebSite","@id":"https:\/\/genekas24.ee\/#website","url":"https:\/\/genekas24.ee\/","name":"Genekas24","description":"Generaatorid | K&ouml;nner S&ouml;hnen tooted | Genekas24","publisher":{"@id":"https:\/\/genekas24.ee\/#organization"},"potentialAction":[{"@type":"SearchAction","target":{"@type":"EntryPoint","urlTemplate":"https:\/\/genekas24.ee\/?s={search_term_string}"},"query-input":{"@type":"PropertyValueSpecification","valueRequired":true,"valueName":"search_term_string"}}],"inLanguage":"fi"},{"@type":"Organization","@id":"https:\/\/genekas24.ee\/#organization","name":"Genekas24","url":"https:\/\/genekas24.ee\/","logo":{"@type":"ImageObject","inLanguage":"fi","@id":"https:\/\/genekas24.ee\/#\/schema\/logo\/image\/","url":"https:\/\/genekas24.ee\/wp-content\/uploads\/2026\/01\/genekas24-logo_black.svg","contentUrl":"https:\/\/genekas24.ee\/wp-content\/uploads\/2026\/01\/genekas24-logo_black.svg","width":840,"height":131,"caption":"Genekas24"},"image":{"@id":"https:\/\/genekas24.ee\/#\/schema\/logo\/image\/"}}]}},"_links":{"self":[{"href":"https:\/\/genekas24.ee\/fi\/wp-json\/wp\/v2\/product\/4546","targetHints":{"allow":["GET"]}}],"collection":[{"href":"https:\/\/genekas24.ee\/fi\/wp-json\/wp\/v2\/product"}],"about":[{"href":"https:\/\/genekas24.ee\/fi\/wp-json\/wp\/v2\/types\/product"}],"version-history":[{"count":2,"href":"https:\/\/genekas24.ee\/fi\/wp-json\/wp\/v2\/product\/4546\/revisions"}],"predecessor-version":[{"id":13149,"href":"https:\/\/genekas24.ee\/fi\/wp-json\/wp\/v2\/product\/4546\/revisions\/13149"}],"wp:featuredmedia":[{"embeddable":true,"href":"https:\/\/genekas24.ee\/fi\/wp-json\/wp\/v2\/media\/13141"}],"wp:attachment":[{"href":"https:\/\/genekas24.ee\/fi\/wp-json\/wp\/v2\/media?parent=4546"}],"wp:term":[{"taxonomy":"product_brand","embeddable":true,"href":"https:\/\/genekas24.ee\/fi\/wp-json\/wp\/v2\/product_brand?post=4546"},{"taxonomy":"product_cat","embeddable":true,"href":"https:\/\/genekas24.ee\/fi\/wp-json\/wp\/v2\/product_cat?post=4546"},{"taxonomy":"product_tag","embeddable":true,"href":"https:\/\/genekas24.ee\/fi\/wp-json\/wp\/v2\/product_tag?post=4546"}],"curies":[{"name":"wp","href":"https:\/\/api.w.org\/{rel}","templated":true}]}}