{"id":23742,"date":"2026-05-15T08:58:10","date_gmt":"2026-05-15T08:58:10","guid":{"rendered":"https:\/\/genekas24.ee\/?post_type=product&#038;p=23742"},"modified":"2026-05-15T08:58:11","modified_gmt":"2026-05-15T08:58:11","slug":"itcpower-diiselgeneraator-dg20000lek-t-230-400v-16kw","status":"publish","type":"product","link":"https:\/\/genekas24.ee\/fi\/tuote\/itcpower-diiselgeneraator-dg20000lek-t-230-400v-16kw\/","title":{"rendered":"ITCPOWER diiselgeneraator DG20000LEK-T 230\/400V 16kW"},"content":{"rendered":"<p style=\"font-weight: 400;\">Tere tulemast teie energiavajaduste ideaalse lahenduse juurde! Tutvustame meie 20kVA \/ 16kW diiselgeneraatorit \u2013 vastupidavat ja mitmek\u00fclgset seadet, mis on loodud pakkuma maksimaalset v\u00f5imsust ja t\u00f6\u00f6kindlust igas olukorras. V\u00e4ljundpingega 400V \/ 230V ja nimiv\u00f5imsusega 18,8kVA (400V) \/ 15kW (230V) sobib see generaator ideaalselt p\u00e4ikeseenergia s\u00fcsteemide toetamiseks, droonide laadimiseks ja avariitoite pakkumiseks kodus v\u00f5i ehitusplatsidel.<\/p>\n<p style=\"font-weight: 400;\">Meie generaatoril on automaatne \u00fcmberl\u00fclitusl\u00fcliti (ATS), mis tagab automaatse taask\u00e4ivitumise elektrikatkestuste korral, pakkudes teile meelerahu ja turvalisust. Kuni 6-tunnise t\u00f6\u00f6aja ja 84 dBA m\u00fcratasemega 7 meetri kaugusel saate nautida t\u00f5husat t\u00f6\u00f6d.<\/p>\n<p style=\"font-weight: 400;\">ITCPoweris oleme uhked, et oleme usaldusv\u00e4\u00e4rne kaubam\u00e4rk, millel on oma tootmis- ja disainiv\u00f5imalused. Pakume Hispaanias spetsiaalset tehnilist teenindust ja varuosi, tagades, et teie generaator on alati optimaalses seisukorras. Kaaludes vaid 230 kg ja uhkeldades kompaktsete m\u00f5\u00f5tmetega, on seda lihtne transportida ja hoiustada.<\/p>\n<p style=\"font-weight: 400;\">\u00c4rge laske end voolukatkestusel tagasi hoida. Usaldage meid, et hoiame teid \u00fchenduses. Tellige juba t\u00e4na ja kogege v\u00f5imsust ja kvaliteeti, mida pakub ainult ITCPower!<\/p>","protected":false},"excerpt":{"rendered":"<table data-path-to-node=\"1\">\n<tbody>\n<tr>\n<td>T\u00e4isv\u00f5imsuse pinge<\/td>\n<td>400 V \/ 230 V<\/td>\n<\/tr>\n<tr>\n<td>Maksimaalne v\u00f5imsus<\/td>\n<td>16 kW (400 V) \/ 16 kW (230 V)<\/td>\n<\/tr>\n<tr>\n<td>Nimiv\u00f5imsus<\/td>\n<td>15 kW (400 V) \/ 15 kW (230 V)<\/td>\n<\/tr>\n<tr>\n<td>V\u00e4ljundv\u00f5imsus (pistikud)<\/td>\n<td>32 A \/ 63 A<\/td>\n<\/tr>\n<tr>\n<td>Taajuus<\/td>\n<td>50 Hz<\/td>\n<\/tr>\n<tr>\n<td>Alalisvoolu v\u00e4ljund<\/td>\n<td>18 V \/ 8,3 A<\/td>\n<\/tr>\n<tr>\n<td>Moottorin malli<\/td>\n<td>DV1250E<\/td>\n<\/tr>\n<tr>\n<td>Mootori nimiv\u00f5imsus<\/td>\n<td>24,4 hj<\/td>\n<\/tr>\n<tr>\n<td>Mootori t\u00f6\u00f6maht<\/td>\n<td>1247 cm\u00b3<\/td>\n<\/tr>\n<tr>\n<td>K\u00e4ivitusmeetod<\/td>\n<td>S\u00e4hk\u00f6inen<\/td>\n<\/tr>\n<tr>\n<td>Aku<\/td>\n<td>12 V \/ 45 Ah<\/td>\n<\/tr>\n<tr>\n<td>K\u00fctusepaagi maht<\/td>\n<td>30 l<\/td>\n<\/tr>\n<tr>\n<td>T\u00f6\u00f6aeg<\/td>\n<td>6 tundi<\/td>\n<\/tr>\n<tr>\n<td>\u00d5limaht<\/td>\n<td>3,5 l<\/td>\n<\/tr>\n<tr>\n<td>Pingeregulaator<\/td>\n<td>AVR (harjadega)<\/td>\n<\/tr>\n<tr>\n<td>V\u00f5imsustegur<\/td>\n<td>0,8 (400 V) \/ 1,0 (230 V)<\/td>\n<\/tr>\n<tr>\n<td>Nutifunktsioonid<\/td>\n<td>ATS valmidus \/ AUTO START<\/td>\n<\/tr>\n<tr>\n<td>N\u00e4ytt\u00f6<\/td>\n<td>LED-n\u00e4ytt\u00f6<\/td>\n<\/tr>\n<tr>\n<td>M\u00fcratase (7 m)<\/td>\n<td>84 dBA<\/td>\n<\/tr>\n<tr>\n<td>Netokaal<\/td>\n<td>230 kg<\/td>\n<\/tr>\n<tr>\n<td>Brutokaal<\/td>\n<td>255 kg<\/td>\n<\/tr>\n<tr>\n<td>Toote m\u00f5\u00f5tmed<\/td>\n<td>110 x 67 x 75 cm<\/td>\n<\/tr>\n<tr>\n<td>Karbi m\u00f5\u00f5tmed<\/td>\n<td>116 x 75 x 88 cm<\/td>\n<\/tr>\n<\/tbody>\n<\/table>","protected":false},"featured_media":23743,"template":"","meta":{"_acf_changed":false,"inline_featured_image":false},"product_brand":[],"product_cat":[94,22],"product_tag":[],"class_list":{"0":"post-23742","1":"product","2":"type-product","3":"status-publish","4":"has-post-thumbnail","6":"product_cat-generaatorid","7":"product_cat-diiselgeneraatorid","8":"product_shipping_class-euroalus","9":"brand-itcpower","11":"first","12":"instock","13":"taxable","14":"shipping-taxable","15":"purchasable","16":"product-type-simple"},"acf":[],"yoast_head":"<!-- This site is optimized with the Yoast SEO plugin v27.2 - https:\/\/yoast.com\/product\/yoast-seo-wordpress\/ -->\n<title>ITCPOWER diiselgeneraator DG20000LEK-T 230\/400V 16kW - Genekas24<\/title>\n<meta name=\"robots\" content=\"index, follow, max-snippet:-1, max-image-preview:large, max-video-preview:-1\" \/>\n<link rel=\"canonical\" href=\"https:\/\/genekas24.ee\/fi\/tuote\/itcpower-diiselgeneraator-dg20000lek-t-230-400v-16kw\/\" \/>\n<meta property=\"og:locale\" content=\"fi_FI\" \/>\n<meta property=\"og:type\" content=\"article\" \/>\n<meta property=\"og:title\" content=\"ITCPOWER diiselgeneraator DG20000LEK-T 230\/400V 16kW - Genekas24\" \/>\n<meta property=\"og:description\" content=\"T\u00e4isv\u00f5imsuse pinge 400 V \/ 230 V   Maksimaalne v\u00f5imsus 16 kW (400 V) \/ 16 kW (230 V)   Nimiv\u00f5imsus 15 kW (400 V) \/ 15 kW (230 V)   V\u00e4ljundv\u00f5imsus (pistikud) 32 A \/ 63 A   Sagedus 50 Hz   Alalisvoolu v\u00e4ljund 18 V \/ 8,3 A   Mootori mudel DV1250E   Mootori nimiv\u00f5imsus 24,4 hj   Mootori t\u00f6\u00f6maht 1247 cm\u00b3   K\u00e4ivitusmeetod Elektriline   Aku 12 V \/ 45 Ah   K\u00fctusepaagi maht 30 l   T\u00f6\u00f6aeg 6 tundi   \u00d5limaht 3,5 l   Pingeregulaator AVR (harjadega)   V\u00f5imsustegur 0,8 (400 V) \/ 1,0 (230 V)   Nutifunktsioonid ATS valmidus \/ AUTO START   Ekraan LED-ekraan   M\u00fcratase (7 m) 84 dBA   Netokaal 230 kg   Brutokaal 255 kg   Toote m\u00f5\u00f5tmed 110 x 67 x 75 cm   Karbi m\u00f5\u00f5tmed 116 x 75 x 88 cm\" \/>\n<meta property=\"og:url\" content=\"https:\/\/genekas24.ee\/fi\/tuote\/itcpower-diiselgeneraator-dg20000lek-t-230-400v-16kw\/\" \/>\n<meta property=\"og:site_name\" content=\"Genekas24\" \/>\n<meta property=\"article:modified_time\" content=\"2026-05-15T08:58:11+00:00\" \/>\n<meta property=\"og:image\" content=\"https:\/\/genekas24.ee\/wp-content\/uploads\/2026\/05\/5854-500x500-1.jpeg\" \/>\n\t<meta property=\"og:image:width\" content=\"500\" \/>\n\t<meta property=\"og:image:height\" content=\"500\" \/>\n\t<meta property=\"og:image:type\" content=\"image\/jpeg\" \/>\n<meta name=\"twitter:card\" content=\"summary_large_image\" \/>\n<meta name=\"twitter:label1\" content=\"Arvioitu lukuaika\" \/>\n\t<meta name=\"twitter:data1\" content=\"2 minuuttia\" \/>\n<script type=\"application\/ld+json\" class=\"yoast-schema-graph\">{\"@context\":\"https:\/\/schema.org\",\"@graph\":[{\"@type\":\"WebPage\",\"@id\":\"https:\/\/genekas24.ee\/toode\/itcpower-diiselgeneraator-dg20000lek-t-230-400v-16kw\/\",\"url\":\"https:\/\/genekas24.ee\/toode\/itcpower-diiselgeneraator-dg20000lek-t-230-400v-16kw\/\",\"name\":\"ITCPOWER diiselgeneraator DG20000LEK-T 230\/400V 16kW - Genekas24\",\"isPartOf\":{\"@id\":\"https:\/\/genekas24.ee\/#website\"},\"primaryImageOfPage\":{\"@id\":\"https:\/\/genekas24.ee\/toode\/itcpower-diiselgeneraator-dg20000lek-t-230-400v-16kw\/#primaryimage\"},\"image\":{\"@id\":\"https:\/\/genekas24.ee\/toode\/itcpower-diiselgeneraator-dg20000lek-t-230-400v-16kw\/#primaryimage\"},\"thumbnailUrl\":\"https:\/\/genekas24.ee\/wp-content\/uploads\/2026\/05\/5854-500x500-1.jpeg\",\"datePublished\":\"2026-05-15T08:58:10+00:00\",\"dateModified\":\"2026-05-15T08:58:11+00:00\",\"breadcrumb\":{\"@id\":\"https:\/\/genekas24.ee\/toode\/itcpower-diiselgeneraator-dg20000lek-t-230-400v-16kw\/#breadcrumb\"},\"inLanguage\":\"fi\",\"potentialAction\":[{\"@type\":\"ReadAction\",\"target\":[\"https:\/\/genekas24.ee\/toode\/itcpower-diiselgeneraator-dg20000lek-t-230-400v-16kw\/\"]}]},{\"@type\":\"ImageObject\",\"inLanguage\":\"fi\",\"@id\":\"https:\/\/genekas24.ee\/toode\/itcpower-diiselgeneraator-dg20000lek-t-230-400v-16kw\/#primaryimage\",\"url\":\"https:\/\/genekas24.ee\/wp-content\/uploads\/2026\/05\/5854-500x500-1.jpeg\",\"contentUrl\":\"https:\/\/genekas24.ee\/wp-content\/uploads\/2026\/05\/5854-500x500-1.jpeg\",\"width\":500,\"height\":500},{\"@type\":\"BreadcrumbList\",\"@id\":\"https:\/\/genekas24.ee\/toode\/itcpower-diiselgeneraator-dg20000lek-t-230-400v-16kw\/#breadcrumb\",\"itemListElement\":[{\"@type\":\"ListItem\",\"position\":1,\"name\":\"Home\",\"item\":\"https:\/\/genekas24.ee\/\"},{\"@type\":\"ListItem\",\"position\":2,\"name\":\"Pood\",\"item\":\"https:\/\/genekas24.ee\/pood\/\"},{\"@type\":\"ListItem\",\"position\":3,\"name\":\"ITCPOWER diiselgeneraator DG20000LEK-T 230\/400V 16kW\"}]},{\"@type\":\"WebSite\",\"@id\":\"https:\/\/genekas24.ee\/#website\",\"url\":\"https:\/\/genekas24.ee\/\",\"name\":\"Genekas24\",\"description\":\"Generaatorid | K&ouml;nner S&ouml;hnen tooted | Genekas24\",\"publisher\":{\"@id\":\"https:\/\/genekas24.ee\/#organization\"},\"potentialAction\":[{\"@type\":\"SearchAction\",\"target\":{\"@type\":\"EntryPoint\",\"urlTemplate\":\"https:\/\/genekas24.ee\/?s={search_term_string}\"},\"query-input\":{\"@type\":\"PropertyValueSpecification\",\"valueRequired\":true,\"valueName\":\"search_term_string\"}}],\"inLanguage\":\"fi\"},{\"@type\":\"Organization\",\"@id\":\"https:\/\/genekas24.ee\/#organization\",\"name\":\"Genekas24\",\"url\":\"https:\/\/genekas24.ee\/\",\"logo\":{\"@type\":\"ImageObject\",\"inLanguage\":\"fi\",\"@id\":\"https:\/\/genekas24.ee\/#\/schema\/logo\/image\/\",\"url\":\"https:\/\/genekas24.ee\/wp-content\/uploads\/2026\/01\/genekas24-logo_black.svg\",\"contentUrl\":\"https:\/\/genekas24.ee\/wp-content\/uploads\/2026\/01\/genekas24-logo_black.svg\",\"width\":840,\"height\":131,\"caption\":\"Genekas24\"},\"image\":{\"@id\":\"https:\/\/genekas24.ee\/#\/schema\/logo\/image\/\"}}]}<\/script>\n<!-- \/ Yoast SEO plugin. -->","yoast_head_json":{"title":"ITCPOWER diiselgeneraator DG20000LEK-T 230\/400V 16kW - Genekas24","robots":{"index":"index","follow":"follow","max-snippet":"max-snippet:-1","max-image-preview":"max-image-preview:large","max-video-preview":"max-video-preview:-1"},"canonical":"https:\/\/genekas24.ee\/fi\/tuote\/itcpower-diiselgeneraator-dg20000lek-t-230-400v-16kw\/","og_locale":"fi_FI","og_type":"article","og_title":"ITCPOWER diiselgeneraator DG20000LEK-T 230\/400V 16kW - Genekas24","og_description":"T\u00e4isv\u00f5imsuse pinge 400 V \/ 230 V   Maksimaalne v\u00f5imsus 16 kW (400 V) \/ 16 kW (230 V)   Nimiv\u00f5imsus 15 kW (400 V) \/ 15 kW (230 V)   V\u00e4ljundv\u00f5imsus (pistikud) 32 A \/ 63 A   Sagedus 50 Hz   Alalisvoolu v\u00e4ljund 18 V \/ 8,3 A   Mootori mudel DV1250E   Mootori nimiv\u00f5imsus 24,4 hj   Mootori t\u00f6\u00f6maht 1247 cm\u00b3   K\u00e4ivitusmeetod Elektriline   Aku 12 V \/ 45 Ah   K\u00fctusepaagi maht 30 l   T\u00f6\u00f6aeg 6 tundi   \u00d5limaht 3,5 l   Pingeregulaator AVR (harjadega)   V\u00f5imsustegur 0,8 (400 V) \/ 1,0 (230 V)   Nutifunktsioonid ATS valmidus \/ AUTO START   Ekraan LED-ekraan   M\u00fcratase (7 m) 84 dBA   Netokaal 230 kg   Brutokaal 255 kg   Toote m\u00f5\u00f5tmed 110 x 67 x 75 cm   Karbi m\u00f5\u00f5tmed 116 x 75 x 88 cm","og_url":"https:\/\/genekas24.ee\/fi\/tuote\/itcpower-diiselgeneraator-dg20000lek-t-230-400v-16kw\/","og_site_name":"Genekas24","article_modified_time":"2026-05-15T08:58:11+00:00","og_image":[{"width":500,"height":500,"url":"https:\/\/genekas24.ee\/wp-content\/uploads\/2026\/05\/5854-500x500-1.jpeg","type":"image\/jpeg"}],"twitter_card":"summary_large_image","twitter_misc":{"Arvioitu lukuaika":"2 minuuttia"},"schema":{"@context":"https:\/\/schema.org","@graph":[{"@type":"WebPage","@id":"https:\/\/genekas24.ee\/toode\/itcpower-diiselgeneraator-dg20000lek-t-230-400v-16kw\/","url":"https:\/\/genekas24.ee\/toode\/itcpower-diiselgeneraator-dg20000lek-t-230-400v-16kw\/","name":"ITCPOWER diiselgeneraator DG20000LEK-T 230\/400V 16kW - Genekas24","isPartOf":{"@id":"https:\/\/genekas24.ee\/#website"},"primaryImageOfPage":{"@id":"https:\/\/genekas24.ee\/toode\/itcpower-diiselgeneraator-dg20000lek-t-230-400v-16kw\/#primaryimage"},"image":{"@id":"https:\/\/genekas24.ee\/toode\/itcpower-diiselgeneraator-dg20000lek-t-230-400v-16kw\/#primaryimage"},"thumbnailUrl":"https:\/\/genekas24.ee\/wp-content\/uploads\/2026\/05\/5854-500x500-1.jpeg","datePublished":"2026-05-15T08:58:10+00:00","dateModified":"2026-05-15T08:58:11+00:00","breadcrumb":{"@id":"https:\/\/genekas24.ee\/toode\/itcpower-diiselgeneraator-dg20000lek-t-230-400v-16kw\/#breadcrumb"},"inLanguage":"fi","potentialAction":[{"@type":"ReadAction","target":["https:\/\/genekas24.ee\/toode\/itcpower-diiselgeneraator-dg20000lek-t-230-400v-16kw\/"]}]},{"@type":"ImageObject","inLanguage":"fi","@id":"https:\/\/genekas24.ee\/toode\/itcpower-diiselgeneraator-dg20000lek-t-230-400v-16kw\/#primaryimage","url":"https:\/\/genekas24.ee\/wp-content\/uploads\/2026\/05\/5854-500x500-1.jpeg","contentUrl":"https:\/\/genekas24.ee\/wp-content\/uploads\/2026\/05\/5854-500x500-1.jpeg","width":500,"height":500},{"@type":"BreadcrumbList","@id":"https:\/\/genekas24.ee\/toode\/itcpower-diiselgeneraator-dg20000lek-t-230-400v-16kw\/#breadcrumb","itemListElement":[{"@type":"ListItem","position":1,"name":"Home","item":"https:\/\/genekas24.ee\/"},{"@type":"ListItem","position":2,"name":"Pood","item":"https:\/\/genekas24.ee\/pood\/"},{"@type":"ListItem","position":3,"name":"ITCPOWER diiselgeneraator DG20000LEK-T 230\/400V 16kW"}]},{"@type":"WebSite","@id":"https:\/\/genekas24.ee\/#website","url":"https:\/\/genekas24.ee\/","name":"Genekas24","description":"Generaatorid | K&ouml;nner S&ouml;hnen tooted | Genekas24","publisher":{"@id":"https:\/\/genekas24.ee\/#organization"},"potentialAction":[{"@type":"SearchAction","target":{"@type":"EntryPoint","urlTemplate":"https:\/\/genekas24.ee\/?s={search_term_string}"},"query-input":{"@type":"PropertyValueSpecification","valueRequired":true,"valueName":"search_term_string"}}],"inLanguage":"fi"},{"@type":"Organization","@id":"https:\/\/genekas24.ee\/#organization","name":"Genekas24","url":"https:\/\/genekas24.ee\/","logo":{"@type":"ImageObject","inLanguage":"fi","@id":"https:\/\/genekas24.ee\/#\/schema\/logo\/image\/","url":"https:\/\/genekas24.ee\/wp-content\/uploads\/2026\/01\/genekas24-logo_black.svg","contentUrl":"https:\/\/genekas24.ee\/wp-content\/uploads\/2026\/01\/genekas24-logo_black.svg","width":840,"height":131,"caption":"Genekas24"},"image":{"@id":"https:\/\/genekas24.ee\/#\/schema\/logo\/image\/"}}]}},"_links":{"self":[{"href":"https:\/\/genekas24.ee\/fi\/wp-json\/wp\/v2\/product\/23742","targetHints":{"allow":["GET"]}}],"collection":[{"href":"https:\/\/genekas24.ee\/fi\/wp-json\/wp\/v2\/product"}],"about":[{"href":"https:\/\/genekas24.ee\/fi\/wp-json\/wp\/v2\/types\/product"}],"version-history":[{"count":1,"href":"https:\/\/genekas24.ee\/fi\/wp-json\/wp\/v2\/product\/23742\/revisions"}],"predecessor-version":[{"id":23752,"href":"https:\/\/genekas24.ee\/fi\/wp-json\/wp\/v2\/product\/23742\/revisions\/23752"}],"wp:featuredmedia":[{"embeddable":true,"href":"https:\/\/genekas24.ee\/fi\/wp-json\/wp\/v2\/media\/23743"}],"wp:attachment":[{"href":"https:\/\/genekas24.ee\/fi\/wp-json\/wp\/v2\/media?parent=23742"}],"wp:term":[{"taxonomy":"product_brand","embeddable":true,"href":"https:\/\/genekas24.ee\/fi\/wp-json\/wp\/v2\/product_brand?post=23742"},{"taxonomy":"product_cat","embeddable":true,"href":"https:\/\/genekas24.ee\/fi\/wp-json\/wp\/v2\/product_cat?post=23742"},{"taxonomy":"product_tag","embeddable":true,"href":"https:\/\/genekas24.ee\/fi\/wp-json\/wp\/v2\/product_tag?post=23742"}],"curies":[{"name":"wp","href":"https:\/\/api.w.org\/{rel}","templated":true}]}}