{"id":23722,"date":"2026-05-15T08:40:01","date_gmt":"2026-05-15T08:40:01","guid":{"rendered":"https:\/\/genekas24.ee\/?post_type=product&#038;p=23722"},"modified":"2026-05-15T08:40:02","modified_gmt":"2026-05-15T08:40:02","slug":"itcpower-diiselgeneraator-dg10000lek-85kw","status":"publish","type":"product","link":"https:\/\/genekas24.ee\/fi\/tuote\/itcpower-diiselgeneraator-dg10000lek-85kw\/","title":{"rendered":"ITCPOWER diiselgeneraator DG10000LEK 8,5kW"},"content":{"rendered":"<p style=\"font-weight: 400;\">3000 p\/min generaator nimiv\u00f5imsusega 8000 W ja maksimaalse v\u00f5imsusega 8500 W.<\/p>\n<p style=\"font-weight: 400;\">4-taktiline diiselmootor otsesissepritsega, \u00f5hkjahutusega ja kergesti hooldatav.<\/p>\n<p style=\"font-weight: 400;\">Omadused: madala \u00f5litaseme alarm automaatse mootori v\u00e4ljal\u00fclitusega, ATS-signaali k\u00e4ivitus, 2 pistikupesa (1x16A + 1x32A).<\/p>\n<p style=\"font-weight: 400;\">N\u00f5utava hoolduse tagamiseks: esimene \u00f5livahetus 20 tunni m\u00f6\u00f6dudes. J\u00e4rgnevad \u00f5livahetused iga 100 tunni j\u00e4rel.<\/p>\n<p style=\"font-weight: 400;\">*Soovitatav \u00f5li 4-taktiliste mootorite jaoks: 15W40.<\/p>","protected":false},"excerpt":{"rendered":"<table data-path-to-node=\"1\">\n<tbody>\n<tr>\n<td>Maksimaalne v\u00f5imsus<\/td>\n<td>8500 W<\/td>\n<\/tr>\n<tr>\n<td>Nimiv\u00f5imsus<\/td>\n<td>8000 W<\/td>\n<\/tr>\n<tr>\n<td>Nimivool<\/td>\n<td>35 A<\/td>\n<\/tr>\n<tr>\n<td>Pinge ja sagedus<\/td>\n<td>230 V \/ 50 Hz<\/td>\n<\/tr>\n<tr>\n<td>V\u00f5imsustegur<\/td>\n<td>1<\/td>\n<\/tr>\n<tr>\n<td>Mootori mudel ja t\u00fc\u00fcp<\/td>\n<td>D680E Diisel (14,4 HP)<\/td>\n<\/tr>\n<tr>\n<td>Mootori t\u00f6\u00f6maht<\/td>\n<td>678 cm\u00b3<\/td>\n<\/tr>\n<tr>\n<td>Mootori k\u00e4ivitusmeetod<\/td>\n<td>Elektriline (aku kaasas)<\/td>\n<\/tr>\n<tr>\n<td>Mootori \u00f5limaht<\/td>\n<td>2,4 l<\/td>\n<\/tr>\n<tr>\n<td>K\u00fctusepaagi maht<\/td>\n<td>11 l<\/td>\n<\/tr>\n<tr>\n<td>T\u00f6\u00f6aeg 50% koormusel<\/td>\n<td>5 tundi<\/td>\n<\/tr>\n<tr>\n<td>L\u00e4hd\u00f6t<\/td>\n<td>1 x 16 A \/ 1 x 32 A<\/td>\n<\/tr>\n<tr>\n<td>Nutifunktsioonid<\/td>\n<td>ATS valmidus \/ AUTO START<\/td>\n<\/tr>\n<tr>\n<td>N\u00e4ytt\u00f6<\/td>\n<td>6&#8243; LED-ekraan<\/td>\n<\/tr>\n<tr>\n<td>Toote m\u00f5\u00f5tmed<\/td>\n<td>72 x 67 x 55 cm<\/td>\n<\/tr>\n<tr>\n<td>Seadme kaal<\/td>\n<td>140 kg (t\u00e4ismass 147 kg)<\/td>\n<\/tr>\n<tr>\n<td>Pingeregulaator<\/td>\n<td>AVR (harjadega)<\/td>\n<\/tr>\n<tr>\n<td>M\u00e4rguanded<\/td>\n<td>Madala \u00f5litaseme alarm \/ \u00dclekoormuse indikaator<\/td>\n<\/tr>\n<tr>\n<td>M\u00fcratase (7 m)<\/td>\n<td>79 dBA<\/td>\n<\/tr>\n<\/tbody>\n<\/table>","protected":false},"featured_media":23723,"template":"","meta":{"_acf_changed":false,"inline_featured_image":false},"product_brand":[],"product_cat":[94,22],"product_tag":[],"class_list":{"0":"post-23722","1":"product","2":"type-product","3":"status-publish","4":"has-post-thumbnail","6":"product_cat-generaatorid","7":"product_cat-diiselgeneraatorid","8":"product_shipping_class-poolalus","9":"brand-itcpower","11":"first","12":"instock","13":"taxable","14":"shipping-taxable","15":"purchasable","16":"product-type-simple"},"acf":[],"yoast_head":"<!-- This site is optimized with the Yoast SEO plugin v27.2 - https:\/\/yoast.com\/product\/yoast-seo-wordpress\/ -->\n<title>ITCPOWER diiselgeneraator DG10000LEK 8,5kW - Genekas24<\/title>\n<meta name=\"robots\" content=\"index, follow, max-snippet:-1, max-image-preview:large, max-video-preview:-1\" \/>\n<link rel=\"canonical\" href=\"https:\/\/genekas24.ee\/fi\/tuote\/itcpower-diiselgeneraator-dg10000lek-85kw\/\" \/>\n<meta property=\"og:locale\" content=\"fi_FI\" \/>\n<meta property=\"og:type\" content=\"article\" \/>\n<meta property=\"og:title\" content=\"ITCPOWER diiselgeneraator DG10000LEK 8,5kW - Genekas24\" \/>\n<meta property=\"og:description\" content=\"Maksimaalne v\u00f5imsus 8500 W   Nimiv\u00f5imsus 8000 W   Nimivool 35 A   Pinge ja sagedus 230 V \/ 50 Hz   V\u00f5imsustegur 1   Mootori mudel ja t\u00fc\u00fcp D680E Diisel (14,4 HP)   Mootori t\u00f6\u00f6maht 678 cm\u00b3   Mootori k\u00e4ivitusmeetod Elektriline (aku kaasas)   Mootori \u00f5limaht 2,4 l   K\u00fctusepaagi maht 11 l   T\u00f6\u00f6aeg 50% koormusel 5 tundi   Pistikupesad 1 x 16 A \/ 1 x 32 A   Nutifunktsioonid ATS valmidus \/ AUTO START   Ekraan 6&quot; LED-ekraan   Toote m\u00f5\u00f5tmed 72 x 67 x 55 cm   Seadme kaal 140 kg (t\u00e4ismass 147 kg)   Pingeregulaator AVR (harjadega)   M\u00e4rguanded Madala \u00f5litaseme alarm \/ \u00dclekoormuse indikaator   M\u00fcratase (7 m) 79 dBA\" \/>\n<meta property=\"og:url\" content=\"https:\/\/genekas24.ee\/fi\/tuote\/itcpower-diiselgeneraator-dg10000lek-85kw\/\" \/>\n<meta property=\"og:site_name\" content=\"Genekas24\" \/>\n<meta property=\"article:modified_time\" content=\"2026-05-15T08:40:02+00:00\" \/>\n<meta property=\"og:image\" content=\"https:\/\/genekas24.ee\/wp-content\/uploads\/2026\/05\/5077-500x500-1.jpeg\" \/>\n\t<meta property=\"og:image:width\" content=\"500\" \/>\n\t<meta property=\"og:image:height\" content=\"500\" \/>\n\t<meta property=\"og:image:type\" content=\"image\/jpeg\" \/>\n<meta name=\"twitter:card\" content=\"summary_large_image\" \/>\n<meta name=\"twitter:label1\" content=\"Arvioitu lukuaika\" \/>\n\t<meta name=\"twitter:data1\" content=\"1 minuutti\" \/>\n<script type=\"application\/ld+json\" class=\"yoast-schema-graph\">{\"@context\":\"https:\/\/schema.org\",\"@graph\":[{\"@type\":\"WebPage\",\"@id\":\"https:\/\/genekas24.ee\/toode\/itcpower-diiselgeneraator-dg10000lek-85kw\/\",\"url\":\"https:\/\/genekas24.ee\/toode\/itcpower-diiselgeneraator-dg10000lek-85kw\/\",\"name\":\"ITCPOWER diiselgeneraator DG10000LEK 8,5kW - Genekas24\",\"isPartOf\":{\"@id\":\"https:\/\/genekas24.ee\/#website\"},\"primaryImageOfPage\":{\"@id\":\"https:\/\/genekas24.ee\/toode\/itcpower-diiselgeneraator-dg10000lek-85kw\/#primaryimage\"},\"image\":{\"@id\":\"https:\/\/genekas24.ee\/toode\/itcpower-diiselgeneraator-dg10000lek-85kw\/#primaryimage\"},\"thumbnailUrl\":\"https:\/\/genekas24.ee\/wp-content\/uploads\/2026\/05\/5077-500x500-1.jpeg\",\"datePublished\":\"2026-05-15T08:40:01+00:00\",\"dateModified\":\"2026-05-15T08:40:02+00:00\",\"breadcrumb\":{\"@id\":\"https:\/\/genekas24.ee\/toode\/itcpower-diiselgeneraator-dg10000lek-85kw\/#breadcrumb\"},\"inLanguage\":\"fi\",\"potentialAction\":[{\"@type\":\"ReadAction\",\"target\":[\"https:\/\/genekas24.ee\/toode\/itcpower-diiselgeneraator-dg10000lek-85kw\/\"]}]},{\"@type\":\"ImageObject\",\"inLanguage\":\"fi\",\"@id\":\"https:\/\/genekas24.ee\/toode\/itcpower-diiselgeneraator-dg10000lek-85kw\/#primaryimage\",\"url\":\"https:\/\/genekas24.ee\/wp-content\/uploads\/2026\/05\/5077-500x500-1.jpeg\",\"contentUrl\":\"https:\/\/genekas24.ee\/wp-content\/uploads\/2026\/05\/5077-500x500-1.jpeg\",\"width\":500,\"height\":500},{\"@type\":\"BreadcrumbList\",\"@id\":\"https:\/\/genekas24.ee\/toode\/itcpower-diiselgeneraator-dg10000lek-85kw\/#breadcrumb\",\"itemListElement\":[{\"@type\":\"ListItem\",\"position\":1,\"name\":\"Home\",\"item\":\"https:\/\/genekas24.ee\/\"},{\"@type\":\"ListItem\",\"position\":2,\"name\":\"Pood\",\"item\":\"https:\/\/genekas24.ee\/pood\/\"},{\"@type\":\"ListItem\",\"position\":3,\"name\":\"ITCPOWER diiselgeneraator DG10000LEK 8,5kW\"}]},{\"@type\":\"WebSite\",\"@id\":\"https:\/\/genekas24.ee\/#website\",\"url\":\"https:\/\/genekas24.ee\/\",\"name\":\"Genekas24\",\"description\":\"Generaatorid | K&ouml;nner S&ouml;hnen tooted | Genekas24\",\"publisher\":{\"@id\":\"https:\/\/genekas24.ee\/#organization\"},\"potentialAction\":[{\"@type\":\"SearchAction\",\"target\":{\"@type\":\"EntryPoint\",\"urlTemplate\":\"https:\/\/genekas24.ee\/?s={search_term_string}\"},\"query-input\":{\"@type\":\"PropertyValueSpecification\",\"valueRequired\":true,\"valueName\":\"search_term_string\"}}],\"inLanguage\":\"fi\"},{\"@type\":\"Organization\",\"@id\":\"https:\/\/genekas24.ee\/#organization\",\"name\":\"Genekas24\",\"url\":\"https:\/\/genekas24.ee\/\",\"logo\":{\"@type\":\"ImageObject\",\"inLanguage\":\"fi\",\"@id\":\"https:\/\/genekas24.ee\/#\/schema\/logo\/image\/\",\"url\":\"https:\/\/genekas24.ee\/wp-content\/uploads\/2026\/01\/genekas24-logo_black.svg\",\"contentUrl\":\"https:\/\/genekas24.ee\/wp-content\/uploads\/2026\/01\/genekas24-logo_black.svg\",\"width\":840,\"height\":131,\"caption\":\"Genekas24\"},\"image\":{\"@id\":\"https:\/\/genekas24.ee\/#\/schema\/logo\/image\/\"}}]}<\/script>\n<!-- \/ Yoast SEO plugin. -->","yoast_head_json":{"title":"ITCPOWER diiselgeneraator DG10000LEK 8,5kW - Genekas24","robots":{"index":"index","follow":"follow","max-snippet":"max-snippet:-1","max-image-preview":"max-image-preview:large","max-video-preview":"max-video-preview:-1"},"canonical":"https:\/\/genekas24.ee\/fi\/tuote\/itcpower-diiselgeneraator-dg10000lek-85kw\/","og_locale":"fi_FI","og_type":"article","og_title":"ITCPOWER diiselgeneraator DG10000LEK 8,5kW - Genekas24","og_description":"Maksimaalne v\u00f5imsus 8500 W   Nimiv\u00f5imsus 8000 W   Nimivool 35 A   Pinge ja sagedus 230 V \/ 50 Hz   V\u00f5imsustegur 1   Mootori mudel ja t\u00fc\u00fcp D680E Diisel (14,4 HP)   Mootori t\u00f6\u00f6maht 678 cm\u00b3   Mootori k\u00e4ivitusmeetod Elektriline (aku kaasas)   Mootori \u00f5limaht 2,4 l   K\u00fctusepaagi maht 11 l   T\u00f6\u00f6aeg 50% koormusel 5 tundi   Pistikupesad 1 x 16 A \/ 1 x 32 A   Nutifunktsioonid ATS valmidus \/ AUTO START   Ekraan 6\" LED-ekraan   Toote m\u00f5\u00f5tmed 72 x 67 x 55 cm   Seadme kaal 140 kg (t\u00e4ismass 147 kg)   Pingeregulaator AVR (harjadega)   M\u00e4rguanded Madala \u00f5litaseme alarm \/ \u00dclekoormuse indikaator   M\u00fcratase (7 m) 79 dBA","og_url":"https:\/\/genekas24.ee\/fi\/tuote\/itcpower-diiselgeneraator-dg10000lek-85kw\/","og_site_name":"Genekas24","article_modified_time":"2026-05-15T08:40:02+00:00","og_image":[{"width":500,"height":500,"url":"https:\/\/genekas24.ee\/wp-content\/uploads\/2026\/05\/5077-500x500-1.jpeg","type":"image\/jpeg"}],"twitter_card":"summary_large_image","twitter_misc":{"Arvioitu lukuaika":"1 minuutti"},"schema":{"@context":"https:\/\/schema.org","@graph":[{"@type":"WebPage","@id":"https:\/\/genekas24.ee\/toode\/itcpower-diiselgeneraator-dg10000lek-85kw\/","url":"https:\/\/genekas24.ee\/toode\/itcpower-diiselgeneraator-dg10000lek-85kw\/","name":"ITCPOWER diiselgeneraator DG10000LEK 8,5kW - Genekas24","isPartOf":{"@id":"https:\/\/genekas24.ee\/#website"},"primaryImageOfPage":{"@id":"https:\/\/genekas24.ee\/toode\/itcpower-diiselgeneraator-dg10000lek-85kw\/#primaryimage"},"image":{"@id":"https:\/\/genekas24.ee\/toode\/itcpower-diiselgeneraator-dg10000lek-85kw\/#primaryimage"},"thumbnailUrl":"https:\/\/genekas24.ee\/wp-content\/uploads\/2026\/05\/5077-500x500-1.jpeg","datePublished":"2026-05-15T08:40:01+00:00","dateModified":"2026-05-15T08:40:02+00:00","breadcrumb":{"@id":"https:\/\/genekas24.ee\/toode\/itcpower-diiselgeneraator-dg10000lek-85kw\/#breadcrumb"},"inLanguage":"fi","potentialAction":[{"@type":"ReadAction","target":["https:\/\/genekas24.ee\/toode\/itcpower-diiselgeneraator-dg10000lek-85kw\/"]}]},{"@type":"ImageObject","inLanguage":"fi","@id":"https:\/\/genekas24.ee\/toode\/itcpower-diiselgeneraator-dg10000lek-85kw\/#primaryimage","url":"https:\/\/genekas24.ee\/wp-content\/uploads\/2026\/05\/5077-500x500-1.jpeg","contentUrl":"https:\/\/genekas24.ee\/wp-content\/uploads\/2026\/05\/5077-500x500-1.jpeg","width":500,"height":500},{"@type":"BreadcrumbList","@id":"https:\/\/genekas24.ee\/toode\/itcpower-diiselgeneraator-dg10000lek-85kw\/#breadcrumb","itemListElement":[{"@type":"ListItem","position":1,"name":"Home","item":"https:\/\/genekas24.ee\/"},{"@type":"ListItem","position":2,"name":"Pood","item":"https:\/\/genekas24.ee\/pood\/"},{"@type":"ListItem","position":3,"name":"ITCPOWER diiselgeneraator DG10000LEK 8,5kW"}]},{"@type":"WebSite","@id":"https:\/\/genekas24.ee\/#website","url":"https:\/\/genekas24.ee\/","name":"Genekas24","description":"Generaatorid | K&ouml;nner S&ouml;hnen tooted | Genekas24","publisher":{"@id":"https:\/\/genekas24.ee\/#organization"},"potentialAction":[{"@type":"SearchAction","target":{"@type":"EntryPoint","urlTemplate":"https:\/\/genekas24.ee\/?s={search_term_string}"},"query-input":{"@type":"PropertyValueSpecification","valueRequired":true,"valueName":"search_term_string"}}],"inLanguage":"fi"},{"@type":"Organization","@id":"https:\/\/genekas24.ee\/#organization","name":"Genekas24","url":"https:\/\/genekas24.ee\/","logo":{"@type":"ImageObject","inLanguage":"fi","@id":"https:\/\/genekas24.ee\/#\/schema\/logo\/image\/","url":"https:\/\/genekas24.ee\/wp-content\/uploads\/2026\/01\/genekas24-logo_black.svg","contentUrl":"https:\/\/genekas24.ee\/wp-content\/uploads\/2026\/01\/genekas24-logo_black.svg","width":840,"height":131,"caption":"Genekas24"},"image":{"@id":"https:\/\/genekas24.ee\/#\/schema\/logo\/image\/"}}]}},"_links":{"self":[{"href":"https:\/\/genekas24.ee\/fi\/wp-json\/wp\/v2\/product\/23722","targetHints":{"allow":["GET"]}}],"collection":[{"href":"https:\/\/genekas24.ee\/fi\/wp-json\/wp\/v2\/product"}],"about":[{"href":"https:\/\/genekas24.ee\/fi\/wp-json\/wp\/v2\/types\/product"}],"version-history":[{"count":1,"href":"https:\/\/genekas24.ee\/fi\/wp-json\/wp\/v2\/product\/23722\/revisions"}],"predecessor-version":[{"id":23729,"href":"https:\/\/genekas24.ee\/fi\/wp-json\/wp\/v2\/product\/23722\/revisions\/23729"}],"wp:featuredmedia":[{"embeddable":true,"href":"https:\/\/genekas24.ee\/fi\/wp-json\/wp\/v2\/media\/23723"}],"wp:attachment":[{"href":"https:\/\/genekas24.ee\/fi\/wp-json\/wp\/v2\/media?parent=23722"}],"wp:term":[{"taxonomy":"product_brand","embeddable":true,"href":"https:\/\/genekas24.ee\/fi\/wp-json\/wp\/v2\/product_brand?post=23722"},{"taxonomy":"product_cat","embeddable":true,"href":"https:\/\/genekas24.ee\/fi\/wp-json\/wp\/v2\/product_cat?post=23722"},{"taxonomy":"product_tag","embeddable":true,"href":"https:\/\/genekas24.ee\/fi\/wp-json\/wp\/v2\/product_tag?post=23722"}],"curies":[{"name":"wp","href":"https:\/\/api.w.org\/{rel}","templated":true}]}}