{"id":23669,"date":"2026-05-14T09:09:43","date_gmt":"2026-05-14T09:09:43","guid":{"rendered":"https:\/\/genekas24.ee\/?post_type=product&#038;p=23669"},"modified":"2026-05-15T09:29:57","modified_gmt":"2026-05-15T09:29:57","slug":"kompak-invertergeneraator-kgg42ei-df-42kw","status":"publish","type":"product","link":"https:\/\/genekas24.ee\/fi\/tuote\/kompak-invertergeneraator-kgg42ei-df-42kw\/","title":{"rendered":"KOMPAK invertergeneraator KGG42Ei-DF 4,2kW DUAL-FUEL"},"content":{"rendered":"<p style=\"font-weight: 400;\"><strong>KOMPAK KGG42Ei-DF<\/strong> invertergeneraator (kahek\u00fctuseline) on KOMPAKi \u00f6konoomne generaator. KGG42Ei-DF pakub maksimaalset v\u00f5imsust 4200W ja pidevat v\u00f5imsust 3800W. KOMPAKil on ka v\u00f5imas 175cc 4-taktiline mootor. See mudel on varustatud ka LPG-\u00fchendusega, mis v\u00f5imaldab sellel t\u00f6\u00f6tada LPG-ga.<\/p>\n<p style=\"font-weight: 400;\"><strong>Invertertehnoloogia<\/strong><\/p>\n<p style=\"font-weight: 400;\">KOMPAKi invertertehnoloogia ei paku mitte ainult v\u00f5imsust, vaid ka lihtsat, stabiilset ja usaldusv\u00e4\u00e4rset energiaallikat. Enam pole vaja muretseda pingek\u00f5ikumiste p\u00e4rast, mis v\u00f5ivad teie tundlikku elektroonikat kahjustada: meie generaator pakub vajalikku t\u00e4psust.<\/p>\n<p style=\"font-weight: 400;\"><strong>Kompaktne<\/strong><\/p>\n<p style=\"font-weight: 400;\">Olenemata sellest, kas te telkite looduses, naudite looduspuhkust, t\u00f6\u00f6tate kaugel ehitusplatsil v\u00f5i soovite lihtsalt olla valmis h\u00e4daolukordadeks, on meie bensiinimootoriga invertergeneraator teie ustav kaaslane. K\u00f5ik meie inverterid on kaasaskantavad\/mobiilsed, sh rattad ja\/v\u00f5i k\u00e4epidemed, ning kergete materjalide kasutamine, mis muudab nende liigutamise lihtsaks. L\u00fchidalt, mugav ja kompaktne masin!<\/p>\n<p style=\"font-weight: 400;\"><strong>M\u00fcra<\/strong><\/p>\n<p style=\"font-weight: 400;\">K\u00f5igi meie invertergeneraatorite peamine omadus on m\u00fcraemissiooni arvestamine. Masinad on ehitatud detsibellide minimeerimiseks, kasutades sobivat isolatsiooni, katteid ja summuteid. See tagab, et m\u00fcra ei tundu h\u00e4irivana.<\/p>\n<p style=\"font-weight: 400;\"><strong>K\u00fctus ja \u00f5li<\/strong><\/p>\n<p style=\"font-weight: 400;\">Meie usaldusv\u00e4\u00e4rsed Kompak inverterid t\u00f6\u00f6tavad standardvarustuses bensiini\/k\u00fctusega. Olenemata sellest, kas tegemist on Euro 95\/98\/Aspeni v\u00f5i Oecokrafti k\u00fctusega, pole vahet, peaasi, et see on puhas. M\u00f5ned mudelid on varustatud LPG-\u00fchendusega, kui see on m\u00e4rgitud (DF\/DUAL FUEL). Te ei pea muretsema keeruliste k\u00fctusesegude ega raskesti leitavate k\u00fctuste p\u00e4rast. Lisaks on k\u00f5ik meie bensiiniinverterid v\u00e4ga k\u00fctuses\u00e4\u00e4stlikud. Ja te saate nautida pikka aega kestvat v\u00f5imsust t\u00e4ispaagiga.<\/p>\n<p style=\"font-weight: 400;\">\u00d5li osas soovitame kasutada 4T 15W40 \u00f5li. See on parim \u00f5li teie masina pikaajaliseks j\u00f5udluseks, eeldusel, et hooldate seda hoolikalt. See on \u00fcksikasjalikult kirjeldatud ka masina kasutusjuhendis. \u00dcksikasjalikuma teabe saamiseks inverteri kohta vaadake allolevaid tehnilisi andmeid:<\/p>","protected":false},"excerpt":{"rendered":"<table data-path-to-node=\"2\">\n<tbody>\n<tr>\n<td>Maksimaalne v\u00f5imsus<\/td>\n<td><span data-path-to-node=\"2,1,1,0\">Bensiin: 4200 W \/ LPG: 3600 W<\/span><\/td>\n<\/tr>\n<tr>\n<td>Pidev v\u00f5imsus<\/td>\n<td><span data-path-to-node=\"2,2,1,0\">Bensiin: 3800 W \/ LPG: 3400 W<\/span><\/td>\n<\/tr>\n<tr>\n<td>Pinge ja sagedus<\/td>\n<td><span data-path-to-node=\"2,3,1,0\">230 V \/ 50 Hz<\/span><\/td>\n<\/tr>\n<tr>\n<td>Maksimaalne voolutugevus<\/td>\n<td><span data-path-to-node=\"2,4,1,0\">18,2 A (pistikupesast max 16 A)<\/span><\/td>\n<\/tr>\n<tr>\n<td>Mootor<\/td>\n<td><span data-path-to-node=\"2,5,1,0\">175 cm\u00b3 (6 hj), OHV (GK175-Vi)<\/span><\/td>\n<\/tr>\n<tr>\n<td>K\u00e4ivitusmeetod<\/td>\n<td><span data-path-to-node=\"2,6,1,0\">Manuaalne ja elektriline<\/span><\/td>\n<\/tr>\n<tr>\n<td>K\u00fctusepaagi maht<\/td>\n<td><span data-path-to-node=\"2,7,1,0\">8 L<\/span><\/td>\n<\/tr>\n<tr>\n<td>K\u00fctusekulu<\/td>\n<td>\n<p data-path-to-node=\"2,8,1,0\">Bensiin (100% koormus): ~3,5 h<\/p>\n<p>&nbsp;<\/p>\n<p data-path-to-node=\"2,8,1,2\">LPG (75% koormus): ~1,1 kg\/h<\/p>\n<\/td>\n<\/tr>\n<tr>\n<td>M\u00fcratase (7 m)<\/td>\n<td><span data-path-to-node=\"2,9,1,0\">63 dBA<\/span><\/td>\n<\/tr>\n<tr>\n<td>L\u00e4hd\u00f6t<\/td>\n<td><span data-path-to-node=\"2,10,1,0\">2x 16A \/ 1x 12V DC \/ 2x USB<\/span><\/td>\n<\/tr>\n<tr>\n<td>\u00d5limahuti ja t\u00fc\u00fcp<\/td>\n<td><span data-path-to-node=\"2,11,1,0\">0,45 L \/ 15W40 \u00f5li<\/span><\/td>\n<\/tr>\n<tr>\n<td>Nutifunktsioonid<\/td>\n<td><span data-path-to-node=\"2,12,1,0\">Digitaalne ekraan, \u00d6kore\u017eiim, \u00f5lialarm, \u00fclekoormuse indikaator<\/span><\/td>\n<\/tr>\n<tr>\n<td>Kaal<\/td>\n<td><span data-path-to-node=\"2,13,1,0\">31,5 kg<\/span><\/td>\n<\/tr>\n<tr>\n<td>M\u00f5\u00f5tmed<\/td>\n<td><span data-path-to-node=\"2,14,1,0\">58 x 38,5 x 54 cm<\/span><\/td>\n<\/tr>\n<tr>\n<td>Lisavarustus<\/td>\n<td><span data-path-to-node=\"2,15,1,0\">Gaasivoolik (1,3 m, 27\u201330 mbar) kaasas<\/span><\/td>\n<\/tr>\n<tr>\n<td>Muu info<\/td>\n<td><span data-path-to-node=\"2,16,1,0\">ATS-\u00fchendus puudub; k\u00fctusekadu butaaniga ~10%, propaaniga ~30%<\/span><\/td>\n<\/tr>\n<\/tbody>\n<\/table>","protected":false},"featured_media":23670,"template":"","meta":{"_acf_changed":false,"inline_featured_image":false},"product_brand":[],"product_cat":[94,24],"product_tag":[],"class_list":{"0":"post-23669","1":"product","2":"type-product","3":"status-publish","4":"has-post-thumbnail","6":"product_cat-generaatorid","7":"product_cat-lpg-bensiinigeneraatorid","8":"product_shipping_class-poolalus","9":"brand-kompak","11":"first","12":"instock","13":"taxable","14":"shipping-taxable","15":"purchasable","16":"product-type-simple"},"acf":[],"yoast_head":"<!-- This site is optimized with the Yoast SEO plugin v27.2 - https:\/\/yoast.com\/product\/yoast-seo-wordpress\/ -->\n<title>KOMPAK invertergeneraator KGG42Ei-DF 4,2kW DUAL-FUEL - Genekas24<\/title>\n<meta name=\"robots\" content=\"index, follow, max-snippet:-1, max-image-preview:large, max-video-preview:-1\" \/>\n<link rel=\"canonical\" href=\"https:\/\/genekas24.ee\/fi\/tuote\/kompak-invertergeneraator-kgg42ei-df-42kw\/\" \/>\n<meta property=\"og:locale\" content=\"fi_FI\" \/>\n<meta property=\"og:type\" content=\"article\" \/>\n<meta property=\"og:title\" content=\"KOMPAK invertergeneraator KGG42Ei-DF 4,2kW DUAL-FUEL - Genekas24\" \/>\n<meta property=\"og:description\" content=\"Maksimaalne v\u00f5imsus Bensiin: 4200 W \/ LPG: 3600 W   Pidev v\u00f5imsus Bensiin: 3800 W \/ LPG: 3400 W   Pinge ja sagedus 230 V \/ 50 Hz   Maksimaalne voolutugevus 18,2 A (pistikupesast max 16 A)   Mootor 175 cm\u00b3 (6 hj), OHV (GK175-Vi)   K\u00e4ivitusmeetod Manuaalne ja elektriline   K\u00fctusepaagi maht 8 L   K\u00fctusekulu  Bensiin (100% koormus): ~3,5 h &nbsp; LPG (75% koormus): ~1,1 kg\/h    M\u00fcratase (7 m) 63 dBA   Pistikupesad 2x 16A \/ 1x 12V DC \/ 2x USB   \u00d5limahuti ja t\u00fc\u00fcp 0,45 L \/ 15W40 \u00f5li   Nutifunktsioonid Digitaalne ekraan, \u00d6kore\u017eiim, \u00f5lialarm, \u00fclekoormuse indikaator   Kaal 31,5 kg   M\u00f5\u00f5tmed 58 x 38,5 x 54 cm   Lisavarustus Gaasivoolik (1,3 m, 27\u201330 mbar) kaasas   Muu info ATS-\u00fchendus puudub; k\u00fctusekadu butaaniga ~10%, propaaniga ~30%\" \/>\n<meta property=\"og:url\" content=\"https:\/\/genekas24.ee\/fi\/tuote\/kompak-invertergeneraator-kgg42ei-df-42kw\/\" \/>\n<meta property=\"og:site_name\" content=\"Genekas24\" \/>\n<meta property=\"article:modified_time\" content=\"2026-05-15T09:29:57+00:00\" \/>\n<meta property=\"og:image\" content=\"https:\/\/genekas24.ee\/wp-content\/uploads\/2026\/05\/KGG42Ei-DF-3-500x500-1.png\" \/>\n\t<meta property=\"og:image:width\" content=\"500\" \/>\n\t<meta property=\"og:image:height\" content=\"500\" \/>\n\t<meta property=\"og:image:type\" content=\"image\/png\" \/>\n<meta name=\"twitter:card\" content=\"summary_large_image\" \/>\n<meta name=\"twitter:label1\" content=\"Arvioitu lukuaika\" \/>\n\t<meta name=\"twitter:data1\" content=\"2 minuuttia\" \/>\n<script type=\"application\/ld+json\" class=\"yoast-schema-graph\">{\"@context\":\"https:\/\/schema.org\",\"@graph\":[{\"@type\":\"WebPage\",\"@id\":\"https:\/\/genekas24.ee\/toode\/kompak-invertergeneraator-kgg42ei-df-42kw\/\",\"url\":\"https:\/\/genekas24.ee\/toode\/kompak-invertergeneraator-kgg42ei-df-42kw\/\",\"name\":\"KOMPAK invertergeneraator KGG42Ei-DF 4,2kW DUAL-FUEL - Genekas24\",\"isPartOf\":{\"@id\":\"https:\/\/genekas24.ee\/#website\"},\"primaryImageOfPage\":{\"@id\":\"https:\/\/genekas24.ee\/toode\/kompak-invertergeneraator-kgg42ei-df-42kw\/#primaryimage\"},\"image\":{\"@id\":\"https:\/\/genekas24.ee\/toode\/kompak-invertergeneraator-kgg42ei-df-42kw\/#primaryimage\"},\"thumbnailUrl\":\"https:\/\/genekas24.ee\/wp-content\/uploads\/2026\/05\/KGG42Ei-DF-3-500x500-1.png\",\"datePublished\":\"2026-05-14T09:09:43+00:00\",\"dateModified\":\"2026-05-15T09:29:57+00:00\",\"breadcrumb\":{\"@id\":\"https:\/\/genekas24.ee\/toode\/kompak-invertergeneraator-kgg42ei-df-42kw\/#breadcrumb\"},\"inLanguage\":\"fi\",\"potentialAction\":[{\"@type\":\"ReadAction\",\"target\":[\"https:\/\/genekas24.ee\/toode\/kompak-invertergeneraator-kgg42ei-df-42kw\/\"]}]},{\"@type\":\"ImageObject\",\"inLanguage\":\"fi\",\"@id\":\"https:\/\/genekas24.ee\/toode\/kompak-invertergeneraator-kgg42ei-df-42kw\/#primaryimage\",\"url\":\"https:\/\/genekas24.ee\/wp-content\/uploads\/2026\/05\/KGG42Ei-DF-3-500x500-1.png\",\"contentUrl\":\"https:\/\/genekas24.ee\/wp-content\/uploads\/2026\/05\/KGG42Ei-DF-3-500x500-1.png\",\"width\":500,\"height\":500},{\"@type\":\"BreadcrumbList\",\"@id\":\"https:\/\/genekas24.ee\/toode\/kompak-invertergeneraator-kgg42ei-df-42kw\/#breadcrumb\",\"itemListElement\":[{\"@type\":\"ListItem\",\"position\":1,\"name\":\"Home\",\"item\":\"https:\/\/genekas24.ee\/\"},{\"@type\":\"ListItem\",\"position\":2,\"name\":\"Pood\",\"item\":\"https:\/\/genekas24.ee\/pood\/\"},{\"@type\":\"ListItem\",\"position\":3,\"name\":\"KOMPAK invertergeneraator KGG42Ei-DF 4,2kW DUAL-FUEL\"}]},{\"@type\":\"WebSite\",\"@id\":\"https:\/\/genekas24.ee\/#website\",\"url\":\"https:\/\/genekas24.ee\/\",\"name\":\"Genekas24\",\"description\":\"Generaatorid | K&ouml;nner S&ouml;hnen tooted | Genekas24\",\"publisher\":{\"@id\":\"https:\/\/genekas24.ee\/#organization\"},\"potentialAction\":[{\"@type\":\"SearchAction\",\"target\":{\"@type\":\"EntryPoint\",\"urlTemplate\":\"https:\/\/genekas24.ee\/?s={search_term_string}\"},\"query-input\":{\"@type\":\"PropertyValueSpecification\",\"valueRequired\":true,\"valueName\":\"search_term_string\"}}],\"inLanguage\":\"fi\"},{\"@type\":\"Organization\",\"@id\":\"https:\/\/genekas24.ee\/#organization\",\"name\":\"Genekas24\",\"url\":\"https:\/\/genekas24.ee\/\",\"logo\":{\"@type\":\"ImageObject\",\"inLanguage\":\"fi\",\"@id\":\"https:\/\/genekas24.ee\/#\/schema\/logo\/image\/\",\"url\":\"https:\/\/genekas24.ee\/wp-content\/uploads\/2026\/01\/genekas24-logo_black.svg\",\"contentUrl\":\"https:\/\/genekas24.ee\/wp-content\/uploads\/2026\/01\/genekas24-logo_black.svg\",\"width\":840,\"height\":131,\"caption\":\"Genekas24\"},\"image\":{\"@id\":\"https:\/\/genekas24.ee\/#\/schema\/logo\/image\/\"}}]}<\/script>\n<!-- \/ Yoast SEO plugin. -->","yoast_head_json":{"title":"KOMPAK invertergeneraator KGG42Ei-DF 4,2kW DUAL-FUEL - Genekas24","robots":{"index":"index","follow":"follow","max-snippet":"max-snippet:-1","max-image-preview":"max-image-preview:large","max-video-preview":"max-video-preview:-1"},"canonical":"https:\/\/genekas24.ee\/fi\/tuote\/kompak-invertergeneraator-kgg42ei-df-42kw\/","og_locale":"fi_FI","og_type":"article","og_title":"KOMPAK invertergeneraator KGG42Ei-DF 4,2kW DUAL-FUEL - Genekas24","og_description":"Maksimaalne v\u00f5imsus Bensiin: 4200 W \/ LPG: 3600 W   Pidev v\u00f5imsus Bensiin: 3800 W \/ LPG: 3400 W   Pinge ja sagedus 230 V \/ 50 Hz   Maksimaalne voolutugevus 18,2 A (pistikupesast max 16 A)   Mootor 175 cm\u00b3 (6 hj), OHV (GK175-Vi)   K\u00e4ivitusmeetod Manuaalne ja elektriline   K\u00fctusepaagi maht 8 L   K\u00fctusekulu  Bensiin (100% koormus): ~3,5 h &nbsp; LPG (75% koormus): ~1,1 kg\/h    M\u00fcratase (7 m) 63 dBA   Pistikupesad 2x 16A \/ 1x 12V DC \/ 2x USB   \u00d5limahuti ja t\u00fc\u00fcp 0,45 L \/ 15W40 \u00f5li   Nutifunktsioonid Digitaalne ekraan, \u00d6kore\u017eiim, \u00f5lialarm, \u00fclekoormuse indikaator   Kaal 31,5 kg   M\u00f5\u00f5tmed 58 x 38,5 x 54 cm   Lisavarustus Gaasivoolik (1,3 m, 27\u201330 mbar) kaasas   Muu info ATS-\u00fchendus puudub; k\u00fctusekadu butaaniga ~10%, propaaniga ~30%","og_url":"https:\/\/genekas24.ee\/fi\/tuote\/kompak-invertergeneraator-kgg42ei-df-42kw\/","og_site_name":"Genekas24","article_modified_time":"2026-05-15T09:29:57+00:00","og_image":[{"width":500,"height":500,"url":"https:\/\/genekas24.ee\/wp-content\/uploads\/2026\/05\/KGG42Ei-DF-3-500x500-1.png","type":"image\/png"}],"twitter_card":"summary_large_image","twitter_misc":{"Arvioitu lukuaika":"2 minuuttia"},"schema":{"@context":"https:\/\/schema.org","@graph":[{"@type":"WebPage","@id":"https:\/\/genekas24.ee\/toode\/kompak-invertergeneraator-kgg42ei-df-42kw\/","url":"https:\/\/genekas24.ee\/toode\/kompak-invertergeneraator-kgg42ei-df-42kw\/","name":"KOMPAK invertergeneraator KGG42Ei-DF 4,2kW DUAL-FUEL - Genekas24","isPartOf":{"@id":"https:\/\/genekas24.ee\/#website"},"primaryImageOfPage":{"@id":"https:\/\/genekas24.ee\/toode\/kompak-invertergeneraator-kgg42ei-df-42kw\/#primaryimage"},"image":{"@id":"https:\/\/genekas24.ee\/toode\/kompak-invertergeneraator-kgg42ei-df-42kw\/#primaryimage"},"thumbnailUrl":"https:\/\/genekas24.ee\/wp-content\/uploads\/2026\/05\/KGG42Ei-DF-3-500x500-1.png","datePublished":"2026-05-14T09:09:43+00:00","dateModified":"2026-05-15T09:29:57+00:00","breadcrumb":{"@id":"https:\/\/genekas24.ee\/toode\/kompak-invertergeneraator-kgg42ei-df-42kw\/#breadcrumb"},"inLanguage":"fi","potentialAction":[{"@type":"ReadAction","target":["https:\/\/genekas24.ee\/toode\/kompak-invertergeneraator-kgg42ei-df-42kw\/"]}]},{"@type":"ImageObject","inLanguage":"fi","@id":"https:\/\/genekas24.ee\/toode\/kompak-invertergeneraator-kgg42ei-df-42kw\/#primaryimage","url":"https:\/\/genekas24.ee\/wp-content\/uploads\/2026\/05\/KGG42Ei-DF-3-500x500-1.png","contentUrl":"https:\/\/genekas24.ee\/wp-content\/uploads\/2026\/05\/KGG42Ei-DF-3-500x500-1.png","width":500,"height":500},{"@type":"BreadcrumbList","@id":"https:\/\/genekas24.ee\/toode\/kompak-invertergeneraator-kgg42ei-df-42kw\/#breadcrumb","itemListElement":[{"@type":"ListItem","position":1,"name":"Home","item":"https:\/\/genekas24.ee\/"},{"@type":"ListItem","position":2,"name":"Pood","item":"https:\/\/genekas24.ee\/pood\/"},{"@type":"ListItem","position":3,"name":"KOMPAK invertergeneraator KGG42Ei-DF 4,2kW DUAL-FUEL"}]},{"@type":"WebSite","@id":"https:\/\/genekas24.ee\/#website","url":"https:\/\/genekas24.ee\/","name":"Genekas24","description":"Generaatorid | K&ouml;nner S&ouml;hnen tooted | Genekas24","publisher":{"@id":"https:\/\/genekas24.ee\/#organization"},"potentialAction":[{"@type":"SearchAction","target":{"@type":"EntryPoint","urlTemplate":"https:\/\/genekas24.ee\/?s={search_term_string}"},"query-input":{"@type":"PropertyValueSpecification","valueRequired":true,"valueName":"search_term_string"}}],"inLanguage":"fi"},{"@type":"Organization","@id":"https:\/\/genekas24.ee\/#organization","name":"Genekas24","url":"https:\/\/genekas24.ee\/","logo":{"@type":"ImageObject","inLanguage":"fi","@id":"https:\/\/genekas24.ee\/#\/schema\/logo\/image\/","url":"https:\/\/genekas24.ee\/wp-content\/uploads\/2026\/01\/genekas24-logo_black.svg","contentUrl":"https:\/\/genekas24.ee\/wp-content\/uploads\/2026\/01\/genekas24-logo_black.svg","width":840,"height":131,"caption":"Genekas24"},"image":{"@id":"https:\/\/genekas24.ee\/#\/schema\/logo\/image\/"}}]}},"_links":{"self":[{"href":"https:\/\/genekas24.ee\/fi\/wp-json\/wp\/v2\/product\/23669","targetHints":{"allow":["GET"]}}],"collection":[{"href":"https:\/\/genekas24.ee\/fi\/wp-json\/wp\/v2\/product"}],"about":[{"href":"https:\/\/genekas24.ee\/fi\/wp-json\/wp\/v2\/types\/product"}],"version-history":[{"count":2,"href":"https:\/\/genekas24.ee\/fi\/wp-json\/wp\/v2\/product\/23669\/revisions"}],"predecessor-version":[{"id":23679,"href":"https:\/\/genekas24.ee\/fi\/wp-json\/wp\/v2\/product\/23669\/revisions\/23679"}],"wp:featuredmedia":[{"embeddable":true,"href":"https:\/\/genekas24.ee\/fi\/wp-json\/wp\/v2\/media\/23670"}],"wp:attachment":[{"href":"https:\/\/genekas24.ee\/fi\/wp-json\/wp\/v2\/media?parent=23669"}],"wp:term":[{"taxonomy":"product_brand","embeddable":true,"href":"https:\/\/genekas24.ee\/fi\/wp-json\/wp\/v2\/product_brand?post=23669"},{"taxonomy":"product_cat","embeddable":true,"href":"https:\/\/genekas24.ee\/fi\/wp-json\/wp\/v2\/product_cat?post=23669"},{"taxonomy":"product_tag","embeddable":true,"href":"https:\/\/genekas24.ee\/fi\/wp-json\/wp\/v2\/product_tag?post=23669"}],"curies":[{"name":"wp","href":"https:\/\/api.w.org\/{rel}","templated":true}]}}