{"id":23463,"date":"2026-04-29T11:04:53","date_gmt":"2026-04-29T11:04:53","guid":{"rendered":"https:\/\/genekas24.ee\/?post_type=product&#038;p=23463"},"modified":"2026-04-29T11:04:54","modified_gmt":"2026-04-29T11:04:54","slug":"kompak-diiselgeneraator-dc105r-76kw","status":"publish","type":"product","link":"https:\/\/genekas24.ee\/fi\/tuote\/kompak-diiselgeneraator-dc105r-76kw\/","title":{"rendered":"KOMPAK diiselgeneraator DC105R 76kW"},"content":{"rendered":"<h3 data-section-id=\"1s0ig86\" data-start=\"0\" data-end=\"12\">Omadused<\/h3>\n<ul data-start=\"14\" data-end=\"835\" data-is-last-node=\"\" data-is-only-node=\"\">\n<li data-section-id=\"1d4ru74\" data-start=\"14\" data-end=\"48\">Kaitses\u00fcsteemide t\u00f6\u00f6 testimine<\/li>\n<li data-section-id=\"cvqdv2\" data-start=\"49\" data-end=\"89\">K\u00e4ivitumisv\u00f5ime normaaltemperatuuril<\/li>\n<li data-section-id=\"125wekw\" data-start=\"90\" data-end=\"151\">V\u00f5ime taluda 50% nimiv\u00f5imsuse koormuse j\u00e4rsku rakendumist<\/li>\n<li data-section-id=\"1bhy1py\" data-start=\"152\" data-end=\"191\">Pinge ja p\u00f6\u00f6rlemiskiiruse k\u00f5ikumine<\/li>\n<li data-section-id=\"72p0q0\" data-start=\"192\" data-end=\"230\">Kohandatav tootmisprotsess ja v\u00e4rv<\/li>\n<li data-section-id=\"gzpim9\" data-start=\"232\" data-end=\"253\">Tootja valikuline<\/li>\n<li data-section-id=\"1ljc38h\" data-start=\"254\" data-end=\"299\">Paigalduskoht: sise- v\u00f5i v\u00e4listingimustes<\/li>\n<li data-section-id=\"14ei26n\" data-start=\"300\" data-end=\"343\">\u00dcmbritsev temperatuur: -25\u00b0C kuni +50\u00b0C<\/li>\n<li data-section-id=\"1bq3hqf\" data-start=\"344\" data-end=\"368\">\u00d5huniiskus: alla 80%<\/li>\n<li data-section-id=\"9txed6\" data-start=\"369\" data-end=\"401\">Paigaldusk\u00f5rgus: kuni 1000 m<\/li>\n<li data-section-id=\"1puox5c\" data-start=\"403\" data-end=\"431\">Iseerutuv ergutuss\u00fcsteem<\/li>\n<li data-section-id=\"1mctsvz\" data-start=\"432\" data-end=\"447\">V\u00f5tmel\u00fcliti<\/li>\n<li data-section-id=\"1lr0jyw\" data-start=\"448\" data-end=\"471\">H\u00e4daseiskamisl\u00fcliti<\/li>\n<li data-section-id=\"1ws2wj1\" data-start=\"472\" data-end=\"488\">V\u00f5rgu sisend<\/li>\n<li data-section-id=\"1niis20\" data-start=\"489\" data-end=\"515\">Kaugside \u00fchendusliides<\/li>\n<li data-section-id=\"zqge4c\" data-start=\"516\" data-end=\"534\">V\u00e4line \u00f5lipump<\/li>\n<li data-section-id=\"topau4\" data-start=\"536\" data-end=\"567\">Aluspaak 12-tunniseks t\u00f6\u00f6ks<\/li>\n<li data-section-id=\"e0xb5e\" data-start=\"568\" data-end=\"583\">Lisaveepaak<\/li>\n<li data-section-id=\"1xu6kfg\" data-start=\"584\" data-end=\"602\">V\u00e4ljundklemmid<\/li>\n<li data-section-id=\"1thxftb\" data-start=\"603\" data-end=\"640\">Kasutusjuhend \/ tehnilised andmed<\/li>\n<li data-section-id=\"omq5jx\" data-start=\"641\" data-end=\"672\">K\u00fctusepaagi \u00fcmberl\u00fclitamine<\/li>\n<li data-section-id=\"1b21j7z\" data-start=\"674\" data-end=\"704\">Aku lahti\u00fchendamise l\u00fcliti<\/li>\n<li data-section-id=\"w62h9r\" data-start=\"705\" data-end=\"736\">Pulberv\u00e4rvitud kaitsekorpus<\/li>\n<li data-section-id=\"1qi4q8f\" data-start=\"737\" data-end=\"772\">Terasest alusraam kahvliavadega<\/li>\n<li data-section-id=\"1spbs2x\" data-start=\"773\" data-end=\"791\">50\u00b0C radiaator<\/li>\n<li data-section-id=\"b6j78s\" data-start=\"792\" data-end=\"815\">Kuivt\u00fc\u00fcpi \u00f5hufilter<\/li>\n<li data-section-id=\"16b695v\" data-start=\"816\" data-end=\"835\" data-is-last-node=\"\">Kontrollvalgustus<\/li>\n<\/ul>","protected":false},"excerpt":{"rendered":"<table>\n<thead>\n<tr>\n<th><\/th>\n<th>Ootere\u017eiimi v\u00f5imsus<\/th>\n<th>P\u00f5hiv\u00f5imsus<\/th>\n<\/tr>\n<\/thead>\n<tbody>\n<tr>\n<td>V\u00f5imsus (kVA)<\/td>\n<td>105<\/td>\n<td>95<\/td>\n<\/tr>\n<tr>\n<td>V\u00f5imsus (kW)<\/td>\n<td>84<\/td>\n<td>76<\/td>\n<\/tr>\n<tr>\n<td>Vool (A)<\/td>\n<td>152<\/td>\n<td>137<\/td>\n<\/tr>\n<tr>\n<td>Mootori p\u00f6\u00f6rlemiskiirus (rpm)<\/td>\n<td>1500<\/td>\n<td>1500<\/td>\n<\/tr>\n<tr>\n<td>Nimipinge (V)<\/td>\n<td>400\/230<\/td>\n<td>400\/230<\/td>\n<\/tr>\n<tr>\n<td>V\u00f5imsustegur (cos \u03c6)<\/td>\n<td>0.8<\/td>\n<td>0.8<\/td>\n<\/tr>\n<tr>\n<td>K\u00fctusepaagi maht (L)<\/td>\n<td style=\"text-align: center;\" colspan=\"2\">220<\/td>\n<\/tr>\n<\/tbody>\n<\/table>","protected":false},"featured_media":23466,"template":"","meta":{"_acf_changed":false,"inline_featured_image":false},"product_brand":[],"product_cat":[94,22,37],"product_tag":[],"class_list":{"0":"post-23463","1":"product","2":"type-product","3":"status-publish","4":"has-post-thumbnail","6":"product_cat-generaatorid","7":"product_cat-diiselgeneraatorid","8":"product_cat-diisel-joujaamad","9":"product_shipping_class-diisel-joujaamad","10":"brand-kompak","12":"first","13":"instock","14":"taxable","15":"shipping-taxable","16":"purchasable","17":"product-type-simple"},"acf":[],"yoast_head":"<!-- This site is optimized with the Yoast SEO plugin v27.2 - https:\/\/yoast.com\/product\/yoast-seo-wordpress\/ -->\n<title>KOMPAK diiselgeneraator DC105R 76kW - Genekas24<\/title>\n<meta name=\"robots\" content=\"index, follow, max-snippet:-1, max-image-preview:large, max-video-preview:-1\" \/>\n<link rel=\"canonical\" href=\"https:\/\/genekas24.ee\/fi\/tuote\/kompak-diiselgeneraator-dc105r-76kw\/\" \/>\n<meta property=\"og:locale\" content=\"fi_FI\" \/>\n<meta property=\"og:type\" content=\"article\" \/>\n<meta property=\"og:title\" content=\"KOMPAK diiselgeneraator DC105R 76kW - Genekas24\" \/>\n<meta property=\"og:description\" content=\"Ootere\u017eiimi v\u00f5imsus P\u00f5hiv\u00f5imsus     V\u00f5imsus (kVA) 105 95   V\u00f5imsus (kW) 84 76   Vool (A) 152 137   Mootori p\u00f6\u00f6rlemiskiirus (rpm) 1500 1500   Nimipinge (V) 400\/230 400\/230   V\u00f5imsustegur (cos \u03c6) 0.8 0.8   K\u00fctusepaagi maht (L) 220\" \/>\n<meta property=\"og:url\" content=\"https:\/\/genekas24.ee\/fi\/tuote\/kompak-diiselgeneraator-dc105r-76kw\/\" \/>\n<meta property=\"og:site_name\" content=\"Genekas24\" \/>\n<meta property=\"article:modified_time\" content=\"2026-04-29T11:04:54+00:00\" \/>\n<meta property=\"og:image\" content=\"https:\/\/genekas24.ee\/wp-content\/uploads\/2026\/04\/Kuvatommis-2026-04-29-140208.png\" \/>\n\t<meta property=\"og:image:width\" content=\"440\" \/>\n\t<meta property=\"og:image:height\" content=\"276\" \/>\n\t<meta property=\"og:image:type\" content=\"image\/png\" \/>\n<meta name=\"twitter:card\" content=\"summary_large_image\" \/>\n<meta name=\"twitter:label1\" content=\"Arvioitu lukuaika\" \/>\n\t<meta name=\"twitter:data1\" content=\"1 minuutti\" \/>\n<script type=\"application\/ld+json\" class=\"yoast-schema-graph\">{\"@context\":\"https:\/\/schema.org\",\"@graph\":[{\"@type\":\"WebPage\",\"@id\":\"https:\/\/genekas24.ee\/toode\/kompak-diiselgeneraator-dc105r-76kw\/\",\"url\":\"https:\/\/genekas24.ee\/toode\/kompak-diiselgeneraator-dc105r-76kw\/\",\"name\":\"KOMPAK diiselgeneraator DC105R 76kW - Genekas24\",\"isPartOf\":{\"@id\":\"https:\/\/genekas24.ee\/#website\"},\"primaryImageOfPage\":{\"@id\":\"https:\/\/genekas24.ee\/toode\/kompak-diiselgeneraator-dc105r-76kw\/#primaryimage\"},\"image\":{\"@id\":\"https:\/\/genekas24.ee\/toode\/kompak-diiselgeneraator-dc105r-76kw\/#primaryimage\"},\"thumbnailUrl\":\"https:\/\/genekas24.ee\/wp-content\/uploads\/2026\/04\/Kuvatommis-2026-04-29-140208.png\",\"datePublished\":\"2026-04-29T11:04:53+00:00\",\"dateModified\":\"2026-04-29T11:04:54+00:00\",\"breadcrumb\":{\"@id\":\"https:\/\/genekas24.ee\/toode\/kompak-diiselgeneraator-dc105r-76kw\/#breadcrumb\"},\"inLanguage\":\"fi\",\"potentialAction\":[{\"@type\":\"ReadAction\",\"target\":[\"https:\/\/genekas24.ee\/toode\/kompak-diiselgeneraator-dc105r-76kw\/\"]}]},{\"@type\":\"ImageObject\",\"inLanguage\":\"fi\",\"@id\":\"https:\/\/genekas24.ee\/toode\/kompak-diiselgeneraator-dc105r-76kw\/#primaryimage\",\"url\":\"https:\/\/genekas24.ee\/wp-content\/uploads\/2026\/04\/Kuvatommis-2026-04-29-140208.png\",\"contentUrl\":\"https:\/\/genekas24.ee\/wp-content\/uploads\/2026\/04\/Kuvatommis-2026-04-29-140208.png\",\"width\":440,\"height\":276},{\"@type\":\"BreadcrumbList\",\"@id\":\"https:\/\/genekas24.ee\/toode\/kompak-diiselgeneraator-dc105r-76kw\/#breadcrumb\",\"itemListElement\":[{\"@type\":\"ListItem\",\"position\":1,\"name\":\"Home\",\"item\":\"https:\/\/genekas24.ee\/\"},{\"@type\":\"ListItem\",\"position\":2,\"name\":\"Pood\",\"item\":\"https:\/\/genekas24.ee\/pood\/\"},{\"@type\":\"ListItem\",\"position\":3,\"name\":\"KOMPAK diiselgeneraator DC105R 76kW\"}]},{\"@type\":\"WebSite\",\"@id\":\"https:\/\/genekas24.ee\/#website\",\"url\":\"https:\/\/genekas24.ee\/\",\"name\":\"Genekas24\",\"description\":\"Generaatorid | K&ouml;nner S&ouml;hnen tooted | Genekas24\",\"publisher\":{\"@id\":\"https:\/\/genekas24.ee\/#organization\"},\"potentialAction\":[{\"@type\":\"SearchAction\",\"target\":{\"@type\":\"EntryPoint\",\"urlTemplate\":\"https:\/\/genekas24.ee\/?s={search_term_string}\"},\"query-input\":{\"@type\":\"PropertyValueSpecification\",\"valueRequired\":true,\"valueName\":\"search_term_string\"}}],\"inLanguage\":\"fi\"},{\"@type\":\"Organization\",\"@id\":\"https:\/\/genekas24.ee\/#organization\",\"name\":\"Genekas24\",\"url\":\"https:\/\/genekas24.ee\/\",\"logo\":{\"@type\":\"ImageObject\",\"inLanguage\":\"fi\",\"@id\":\"https:\/\/genekas24.ee\/#\/schema\/logo\/image\/\",\"url\":\"https:\/\/genekas24.ee\/wp-content\/uploads\/2026\/01\/genekas24-logo_black.svg\",\"contentUrl\":\"https:\/\/genekas24.ee\/wp-content\/uploads\/2026\/01\/genekas24-logo_black.svg\",\"width\":840,\"height\":131,\"caption\":\"Genekas24\"},\"image\":{\"@id\":\"https:\/\/genekas24.ee\/#\/schema\/logo\/image\/\"}}]}<\/script>\n<!-- \/ Yoast SEO plugin. -->","yoast_head_json":{"title":"KOMPAK diiselgeneraator DC105R 76kW - Genekas24","robots":{"index":"index","follow":"follow","max-snippet":"max-snippet:-1","max-image-preview":"max-image-preview:large","max-video-preview":"max-video-preview:-1"},"canonical":"https:\/\/genekas24.ee\/fi\/tuote\/kompak-diiselgeneraator-dc105r-76kw\/","og_locale":"fi_FI","og_type":"article","og_title":"KOMPAK diiselgeneraator DC105R 76kW - Genekas24","og_description":"Ootere\u017eiimi v\u00f5imsus P\u00f5hiv\u00f5imsus     V\u00f5imsus (kVA) 105 95   V\u00f5imsus (kW) 84 76   Vool (A) 152 137   Mootori p\u00f6\u00f6rlemiskiirus (rpm) 1500 1500   Nimipinge (V) 400\/230 400\/230   V\u00f5imsustegur (cos \u03c6) 0.8 0.8   K\u00fctusepaagi maht (L) 220","og_url":"https:\/\/genekas24.ee\/fi\/tuote\/kompak-diiselgeneraator-dc105r-76kw\/","og_site_name":"Genekas24","article_modified_time":"2026-04-29T11:04:54+00:00","og_image":[{"width":440,"height":276,"url":"https:\/\/genekas24.ee\/wp-content\/uploads\/2026\/04\/Kuvatommis-2026-04-29-140208.png","type":"image\/png"}],"twitter_card":"summary_large_image","twitter_misc":{"Arvioitu lukuaika":"1 minuutti"},"schema":{"@context":"https:\/\/schema.org","@graph":[{"@type":"WebPage","@id":"https:\/\/genekas24.ee\/toode\/kompak-diiselgeneraator-dc105r-76kw\/","url":"https:\/\/genekas24.ee\/toode\/kompak-diiselgeneraator-dc105r-76kw\/","name":"KOMPAK diiselgeneraator DC105R 76kW - Genekas24","isPartOf":{"@id":"https:\/\/genekas24.ee\/#website"},"primaryImageOfPage":{"@id":"https:\/\/genekas24.ee\/toode\/kompak-diiselgeneraator-dc105r-76kw\/#primaryimage"},"image":{"@id":"https:\/\/genekas24.ee\/toode\/kompak-diiselgeneraator-dc105r-76kw\/#primaryimage"},"thumbnailUrl":"https:\/\/genekas24.ee\/wp-content\/uploads\/2026\/04\/Kuvatommis-2026-04-29-140208.png","datePublished":"2026-04-29T11:04:53+00:00","dateModified":"2026-04-29T11:04:54+00:00","breadcrumb":{"@id":"https:\/\/genekas24.ee\/toode\/kompak-diiselgeneraator-dc105r-76kw\/#breadcrumb"},"inLanguage":"fi","potentialAction":[{"@type":"ReadAction","target":["https:\/\/genekas24.ee\/toode\/kompak-diiselgeneraator-dc105r-76kw\/"]}]},{"@type":"ImageObject","inLanguage":"fi","@id":"https:\/\/genekas24.ee\/toode\/kompak-diiselgeneraator-dc105r-76kw\/#primaryimage","url":"https:\/\/genekas24.ee\/wp-content\/uploads\/2026\/04\/Kuvatommis-2026-04-29-140208.png","contentUrl":"https:\/\/genekas24.ee\/wp-content\/uploads\/2026\/04\/Kuvatommis-2026-04-29-140208.png","width":440,"height":276},{"@type":"BreadcrumbList","@id":"https:\/\/genekas24.ee\/toode\/kompak-diiselgeneraator-dc105r-76kw\/#breadcrumb","itemListElement":[{"@type":"ListItem","position":1,"name":"Home","item":"https:\/\/genekas24.ee\/"},{"@type":"ListItem","position":2,"name":"Pood","item":"https:\/\/genekas24.ee\/pood\/"},{"@type":"ListItem","position":3,"name":"KOMPAK diiselgeneraator DC105R 76kW"}]},{"@type":"WebSite","@id":"https:\/\/genekas24.ee\/#website","url":"https:\/\/genekas24.ee\/","name":"Genekas24","description":"Generaatorid | K&ouml;nner S&ouml;hnen tooted | Genekas24","publisher":{"@id":"https:\/\/genekas24.ee\/#organization"},"potentialAction":[{"@type":"SearchAction","target":{"@type":"EntryPoint","urlTemplate":"https:\/\/genekas24.ee\/?s={search_term_string}"},"query-input":{"@type":"PropertyValueSpecification","valueRequired":true,"valueName":"search_term_string"}}],"inLanguage":"fi"},{"@type":"Organization","@id":"https:\/\/genekas24.ee\/#organization","name":"Genekas24","url":"https:\/\/genekas24.ee\/","logo":{"@type":"ImageObject","inLanguage":"fi","@id":"https:\/\/genekas24.ee\/#\/schema\/logo\/image\/","url":"https:\/\/genekas24.ee\/wp-content\/uploads\/2026\/01\/genekas24-logo_black.svg","contentUrl":"https:\/\/genekas24.ee\/wp-content\/uploads\/2026\/01\/genekas24-logo_black.svg","width":840,"height":131,"caption":"Genekas24"},"image":{"@id":"https:\/\/genekas24.ee\/#\/schema\/logo\/image\/"}}]}},"_links":{"self":[{"href":"https:\/\/genekas24.ee\/fi\/wp-json\/wp\/v2\/product\/23463","targetHints":{"allow":["GET"]}}],"collection":[{"href":"https:\/\/genekas24.ee\/fi\/wp-json\/wp\/v2\/product"}],"about":[{"href":"https:\/\/genekas24.ee\/fi\/wp-json\/wp\/v2\/types\/product"}],"version-history":[{"count":2,"href":"https:\/\/genekas24.ee\/fi\/wp-json\/wp\/v2\/product\/23463\/revisions"}],"predecessor-version":[{"id":23469,"href":"https:\/\/genekas24.ee\/fi\/wp-json\/wp\/v2\/product\/23463\/revisions\/23469"}],"wp:featuredmedia":[{"embeddable":true,"href":"https:\/\/genekas24.ee\/fi\/wp-json\/wp\/v2\/media\/23466"}],"wp:attachment":[{"href":"https:\/\/genekas24.ee\/fi\/wp-json\/wp\/v2\/media?parent=23463"}],"wp:term":[{"taxonomy":"product_brand","embeddable":true,"href":"https:\/\/genekas24.ee\/fi\/wp-json\/wp\/v2\/product_brand?post=23463"},{"taxonomy":"product_cat","embeddable":true,"href":"https:\/\/genekas24.ee\/fi\/wp-json\/wp\/v2\/product_cat?post=23463"},{"taxonomy":"product_tag","embeddable":true,"href":"https:\/\/genekas24.ee\/fi\/wp-json\/wp\/v2\/product_tag?post=23463"}],"curies":[{"name":"wp","href":"https:\/\/api.w.org\/{rel}","templated":true}]}}