{"id":23446,"date":"2026-04-29T10:55:32","date_gmt":"2026-04-29T10:55:32","guid":{"rendered":"https:\/\/genekas24.ee\/?post_type=product&#038;p=23446"},"modified":"2026-04-29T10:55:32","modified_gmt":"2026-04-29T10:55:32","slug":"kompak-dc300r-diiselgeneraator-270kw","status":"publish","type":"product","link":"https:\/\/genekas24.ee\/fi\/tuote\/kompak-dc300r-diiselgeneraator-270kw\/","title":{"rendered":"KOMPAK DC300R diiselgeneraator 270kW"},"content":{"rendered":"<h3 data-start=\"46\" data-end=\"62\"><span role=\"text\"><strong data-start=\"50\" data-end=\"62\">Omadused<\/strong><\/span><\/h3>\n<ul data-start=\"63\" data-end=\"862\">\n<li data-start=\"63\" data-end=\"92\">Kaitses\u00fcsteemide t\u00f6\u00f6 test<\/li>\n<li data-start=\"93\" data-end=\"131\">K\u00e4ivitusv\u00f5ime normaaltemperatuuril<\/li>\n<li data-start=\"132\" data-end=\"193\">V\u00f5ime taluda hetkeks 50% nimiv\u00f5imsusest suuremat koormust<\/li>\n<li data-start=\"194\" data-end=\"241\">Pingeh\u00e4lve ja p\u00f6\u00f6rlemiskiiruse varieerumine<\/li>\n<li data-start=\"242\" data-end=\"280\">Kohandatav tootmisprotsess ja v\u00e4rv<\/li>\n<li data-start=\"281\" data-end=\"302\">Valikuline tootja<\/li>\n<li data-start=\"303\" data-end=\"345\">Paigalduskoht: v\u00e4ljas v\u00f5i siseruumides<\/li>\n<li data-start=\"346\" data-end=\"390\">\u00dcmbritsev temperatuur: \u221225 \u00b0C kuni 50 \u00b0C<\/li>\n<li data-start=\"391\" data-end=\"412\">Niiskus: alla 80%<\/li>\n<li data-start=\"413\" data-end=\"436\">K\u00f5rgus: alla 1000 m<\/li>\n<li data-start=\"437\" data-end=\"467\">Ergutuss\u00fcsteem: iseergutuv<\/li>\n<li data-start=\"468\" data-end=\"488\">V\u00f5tmega k\u00e4ivitus<\/li>\n<li data-start=\"489\" data-end=\"513\">H\u00e4da-seiskamisl\u00fcliti<\/li>\n<li data-start=\"514\" data-end=\"530\">V\u00f5rgu sisend<\/li>\n<li data-start=\"531\" data-end=\"555\">Kaugside \u00fchenduspesa<\/li>\n<li data-start=\"556\" data-end=\"574\">V\u00e4line \u00f5lipump<\/li>\n<li data-start=\"575\" data-end=\"613\">Alus-k\u00fctusepaak 12-tunniseks t\u00f6\u00f6ks<\/li>\n<li data-start=\"614\" data-end=\"629\">Lisaveepaak<\/li>\n<li data-start=\"630\" data-end=\"646\">Klemmv\u00e4ljund<\/li>\n<li data-start=\"647\" data-end=\"685\">Kasutusjuhend \/ spetsifikatsioonid<\/li>\n<li data-start=\"686\" data-end=\"714\">K\u00fctusepaagi \u00fcmberl\u00fclitus<\/li>\n<li data-start=\"715\" data-end=\"736\">Aku eraldusl\u00fcliti<\/li>\n<li data-start=\"737\" data-end=\"760\">Pulberv\u00e4rvitud kate<\/li>\n<li data-start=\"761\" data-end=\"796\">Terasest alusraam kahvliavadega<\/li>\n<li data-start=\"797\" data-end=\"816\">50 \u00b0C radiaator<\/li>\n<li data-start=\"817\" data-end=\"840\">Kuivt\u00fc\u00fcpi \u00f5hufilter<\/li>\n<li data-start=\"841\" data-end=\"862\">Kontrollvalgustus<\/li>\n<\/ul>","protected":false},"excerpt":{"rendered":"<table>\n<thead>\n<tr>\n<th><\/th>\n<th>Ootere\u017eiimi v\u00f5imsus<\/th>\n<th>P\u00f5hiv\u00f5imsus<\/th>\n<\/tr>\n<\/thead>\n<tbody>\n<tr>\n<td>V\u00f5imsus (kVA)<\/td>\n<td>297<\/td>\n<td>27<\/td>\n<\/tr>\n<tr>\n<td>V\u00f5imsus (kW)<\/td>\n<td>238<\/td>\n<td>216<\/td>\n<\/tr>\n<tr>\n<td>Vool (A)<\/td>\n<td>429<\/td>\n<td>390<\/td>\n<\/tr>\n<tr>\n<td>Mootori p\u00f6\u00f6rlemiskiirus (rpm)<\/td>\n<td>1500<\/td>\n<td>1500<\/td>\n<\/tr>\n<tr>\n<td>Nimipinge (V)<\/td>\n<td>400\/230<\/td>\n<td>400\/230<\/td>\n<\/tr>\n<tr>\n<td>V\u00f5imsustegur (cos \u03c6)<\/td>\n<td>0.8<\/td>\n<td>0.8<\/td>\n<\/tr>\n<tr>\n<td>K\u00fctusepaagi maht (L)<\/td>\n<td style=\"text-align: center;\" colspan=\"2\">700<\/td>\n<\/tr>\n<\/tbody>\n<\/table>","protected":false},"featured_media":23451,"template":"","meta":{"_acf_changed":false,"inline_featured_image":false},"product_brand":[],"product_cat":[94,22,37],"product_tag":[],"class_list":{"0":"post-23446","1":"product","2":"type-product","3":"status-publish","4":"has-post-thumbnail","6":"product_cat-generaatorid","7":"product_cat-diiselgeneraatorid","8":"product_cat-diisel-joujaamad","9":"product_shipping_class-diisel-joujaamad","10":"brand-kompak","12":"first","13":"instock","14":"taxable","15":"shipping-taxable","16":"purchasable","17":"product-type-simple"},"acf":[],"yoast_head":"<!-- This site is optimized with the Yoast SEO plugin v27.2 - https:\/\/yoast.com\/product\/yoast-seo-wordpress\/ -->\n<title>KOMPAK DC300R diiselgeneraator 270kW - Genekas24<\/title>\n<meta name=\"robots\" content=\"index, follow, max-snippet:-1, max-image-preview:large, max-video-preview:-1\" \/>\n<link rel=\"canonical\" href=\"https:\/\/genekas24.ee\/fi\/tuote\/kompak-dc300r-diiselgeneraator-270kw\/\" \/>\n<meta property=\"og:locale\" content=\"fi_FI\" \/>\n<meta property=\"og:type\" content=\"article\" \/>\n<meta property=\"og:title\" content=\"KOMPAK DC300R diiselgeneraator 270kW - Genekas24\" \/>\n<meta property=\"og:description\" content=\"Ootere\u017eiimi v\u00f5imsus P\u00f5hiv\u00f5imsus     V\u00f5imsus (kVA) 297 27   V\u00f5imsus (kW) 238 216   Vool (A) 429 390   Mootori p\u00f6\u00f6rlemiskiirus (rpm) 1500 1500   Nimipinge (V) 400\/230 400\/230   V\u00f5imsustegur (cos \u03c6) 0.8 0.8   K\u00fctusepaagi maht (L) 700\" \/>\n<meta property=\"og:url\" content=\"https:\/\/genekas24.ee\/fi\/tuote\/kompak-dc300r-diiselgeneraator-270kw\/\" \/>\n<meta property=\"og:site_name\" content=\"Genekas24\" \/>\n<meta property=\"og:image\" content=\"https:\/\/genekas24.ee\/wp-content\/uploads\/2026\/04\/Kuvatommis-2026-04-29-135312.png\" \/>\n\t<meta property=\"og:image:width\" content=\"449\" \/>\n\t<meta property=\"og:image:height\" content=\"286\" \/>\n\t<meta property=\"og:image:type\" content=\"image\/png\" \/>\n<meta name=\"twitter:card\" content=\"summary_large_image\" \/>\n<meta name=\"twitter:label1\" content=\"Arvioitu lukuaika\" \/>\n\t<meta name=\"twitter:data1\" content=\"1 minuutti\" \/>\n<script type=\"application\/ld+json\" class=\"yoast-schema-graph\">{\"@context\":\"https:\/\/schema.org\",\"@graph\":[{\"@type\":\"WebPage\",\"@id\":\"https:\/\/genekas24.ee\/toode\/kompak-dc300r-diiselgeneraator-270kw\/\",\"url\":\"https:\/\/genekas24.ee\/toode\/kompak-dc300r-diiselgeneraator-270kw\/\",\"name\":\"KOMPAK DC300R diiselgeneraator 270kW - Genekas24\",\"isPartOf\":{\"@id\":\"https:\/\/genekas24.ee\/#website\"},\"primaryImageOfPage\":{\"@id\":\"https:\/\/genekas24.ee\/toode\/kompak-dc300r-diiselgeneraator-270kw\/#primaryimage\"},\"image\":{\"@id\":\"https:\/\/genekas24.ee\/toode\/kompak-dc300r-diiselgeneraator-270kw\/#primaryimage\"},\"thumbnailUrl\":\"https:\/\/genekas24.ee\/wp-content\/uploads\/2026\/04\/Kuvatommis-2026-04-29-135312.png\",\"datePublished\":\"2026-04-29T10:55:32+00:00\",\"breadcrumb\":{\"@id\":\"https:\/\/genekas24.ee\/toode\/kompak-dc300r-diiselgeneraator-270kw\/#breadcrumb\"},\"inLanguage\":\"fi\",\"potentialAction\":[{\"@type\":\"ReadAction\",\"target\":[\"https:\/\/genekas24.ee\/toode\/kompak-dc300r-diiselgeneraator-270kw\/\"]}]},{\"@type\":\"ImageObject\",\"inLanguage\":\"fi\",\"@id\":\"https:\/\/genekas24.ee\/toode\/kompak-dc300r-diiselgeneraator-270kw\/#primaryimage\",\"url\":\"https:\/\/genekas24.ee\/wp-content\/uploads\/2026\/04\/Kuvatommis-2026-04-29-135312.png\",\"contentUrl\":\"https:\/\/genekas24.ee\/wp-content\/uploads\/2026\/04\/Kuvatommis-2026-04-29-135312.png\",\"width\":449,\"height\":286},{\"@type\":\"BreadcrumbList\",\"@id\":\"https:\/\/genekas24.ee\/toode\/kompak-dc300r-diiselgeneraator-270kw\/#breadcrumb\",\"itemListElement\":[{\"@type\":\"ListItem\",\"position\":1,\"name\":\"Home\",\"item\":\"https:\/\/genekas24.ee\/\"},{\"@type\":\"ListItem\",\"position\":2,\"name\":\"Pood\",\"item\":\"https:\/\/genekas24.ee\/pood\/\"},{\"@type\":\"ListItem\",\"position\":3,\"name\":\"KOMPAK DC300R diiselgeneraator 270kW\"}]},{\"@type\":\"WebSite\",\"@id\":\"https:\/\/genekas24.ee\/#website\",\"url\":\"https:\/\/genekas24.ee\/\",\"name\":\"Genekas24\",\"description\":\"Generaatorid | K&ouml;nner S&ouml;hnen tooted | Genekas24\",\"publisher\":{\"@id\":\"https:\/\/genekas24.ee\/#organization\"},\"potentialAction\":[{\"@type\":\"SearchAction\",\"target\":{\"@type\":\"EntryPoint\",\"urlTemplate\":\"https:\/\/genekas24.ee\/?s={search_term_string}\"},\"query-input\":{\"@type\":\"PropertyValueSpecification\",\"valueRequired\":true,\"valueName\":\"search_term_string\"}}],\"inLanguage\":\"fi\"},{\"@type\":\"Organization\",\"@id\":\"https:\/\/genekas24.ee\/#organization\",\"name\":\"Genekas24\",\"url\":\"https:\/\/genekas24.ee\/\",\"logo\":{\"@type\":\"ImageObject\",\"inLanguage\":\"fi\",\"@id\":\"https:\/\/genekas24.ee\/#\/schema\/logo\/image\/\",\"url\":\"https:\/\/genekas24.ee\/wp-content\/uploads\/2026\/01\/genekas24-logo_black.svg\",\"contentUrl\":\"https:\/\/genekas24.ee\/wp-content\/uploads\/2026\/01\/genekas24-logo_black.svg\",\"width\":840,\"height\":131,\"caption\":\"Genekas24\"},\"image\":{\"@id\":\"https:\/\/genekas24.ee\/#\/schema\/logo\/image\/\"}}]}<\/script>\n<!-- \/ Yoast SEO plugin. -->","yoast_head_json":{"title":"KOMPAK DC300R diiselgeneraator 270kW - Genekas24","robots":{"index":"index","follow":"follow","max-snippet":"max-snippet:-1","max-image-preview":"max-image-preview:large","max-video-preview":"max-video-preview:-1"},"canonical":"https:\/\/genekas24.ee\/fi\/tuote\/kompak-dc300r-diiselgeneraator-270kw\/","og_locale":"fi_FI","og_type":"article","og_title":"KOMPAK DC300R diiselgeneraator 270kW - Genekas24","og_description":"Ootere\u017eiimi v\u00f5imsus P\u00f5hiv\u00f5imsus     V\u00f5imsus (kVA) 297 27   V\u00f5imsus (kW) 238 216   Vool (A) 429 390   Mootori p\u00f6\u00f6rlemiskiirus (rpm) 1500 1500   Nimipinge (V) 400\/230 400\/230   V\u00f5imsustegur (cos \u03c6) 0.8 0.8   K\u00fctusepaagi maht (L) 700","og_url":"https:\/\/genekas24.ee\/fi\/tuote\/kompak-dc300r-diiselgeneraator-270kw\/","og_site_name":"Genekas24","og_image":[{"width":449,"height":286,"url":"https:\/\/genekas24.ee\/wp-content\/uploads\/2026\/04\/Kuvatommis-2026-04-29-135312.png","type":"image\/png"}],"twitter_card":"summary_large_image","twitter_misc":{"Arvioitu lukuaika":"1 minuutti"},"schema":{"@context":"https:\/\/schema.org","@graph":[{"@type":"WebPage","@id":"https:\/\/genekas24.ee\/toode\/kompak-dc300r-diiselgeneraator-270kw\/","url":"https:\/\/genekas24.ee\/toode\/kompak-dc300r-diiselgeneraator-270kw\/","name":"KOMPAK DC300R diiselgeneraator 270kW - Genekas24","isPartOf":{"@id":"https:\/\/genekas24.ee\/#website"},"primaryImageOfPage":{"@id":"https:\/\/genekas24.ee\/toode\/kompak-dc300r-diiselgeneraator-270kw\/#primaryimage"},"image":{"@id":"https:\/\/genekas24.ee\/toode\/kompak-dc300r-diiselgeneraator-270kw\/#primaryimage"},"thumbnailUrl":"https:\/\/genekas24.ee\/wp-content\/uploads\/2026\/04\/Kuvatommis-2026-04-29-135312.png","datePublished":"2026-04-29T10:55:32+00:00","breadcrumb":{"@id":"https:\/\/genekas24.ee\/toode\/kompak-dc300r-diiselgeneraator-270kw\/#breadcrumb"},"inLanguage":"fi","potentialAction":[{"@type":"ReadAction","target":["https:\/\/genekas24.ee\/toode\/kompak-dc300r-diiselgeneraator-270kw\/"]}]},{"@type":"ImageObject","inLanguage":"fi","@id":"https:\/\/genekas24.ee\/toode\/kompak-dc300r-diiselgeneraator-270kw\/#primaryimage","url":"https:\/\/genekas24.ee\/wp-content\/uploads\/2026\/04\/Kuvatommis-2026-04-29-135312.png","contentUrl":"https:\/\/genekas24.ee\/wp-content\/uploads\/2026\/04\/Kuvatommis-2026-04-29-135312.png","width":449,"height":286},{"@type":"BreadcrumbList","@id":"https:\/\/genekas24.ee\/toode\/kompak-dc300r-diiselgeneraator-270kw\/#breadcrumb","itemListElement":[{"@type":"ListItem","position":1,"name":"Home","item":"https:\/\/genekas24.ee\/"},{"@type":"ListItem","position":2,"name":"Pood","item":"https:\/\/genekas24.ee\/pood\/"},{"@type":"ListItem","position":3,"name":"KOMPAK DC300R diiselgeneraator 270kW"}]},{"@type":"WebSite","@id":"https:\/\/genekas24.ee\/#website","url":"https:\/\/genekas24.ee\/","name":"Genekas24","description":"Generaatorid | K&ouml;nner S&ouml;hnen tooted | Genekas24","publisher":{"@id":"https:\/\/genekas24.ee\/#organization"},"potentialAction":[{"@type":"SearchAction","target":{"@type":"EntryPoint","urlTemplate":"https:\/\/genekas24.ee\/?s={search_term_string}"},"query-input":{"@type":"PropertyValueSpecification","valueRequired":true,"valueName":"search_term_string"}}],"inLanguage":"fi"},{"@type":"Organization","@id":"https:\/\/genekas24.ee\/#organization","name":"Genekas24","url":"https:\/\/genekas24.ee\/","logo":{"@type":"ImageObject","inLanguage":"fi","@id":"https:\/\/genekas24.ee\/#\/schema\/logo\/image\/","url":"https:\/\/genekas24.ee\/wp-content\/uploads\/2026\/01\/genekas24-logo_black.svg","contentUrl":"https:\/\/genekas24.ee\/wp-content\/uploads\/2026\/01\/genekas24-logo_black.svg","width":840,"height":131,"caption":"Genekas24"},"image":{"@id":"https:\/\/genekas24.ee\/#\/schema\/logo\/image\/"}}]}},"_links":{"self":[{"href":"https:\/\/genekas24.ee\/fi\/wp-json\/wp\/v2\/product\/23446","targetHints":{"allow":["GET"]}}],"collection":[{"href":"https:\/\/genekas24.ee\/fi\/wp-json\/wp\/v2\/product"}],"about":[{"href":"https:\/\/genekas24.ee\/fi\/wp-json\/wp\/v2\/types\/product"}],"version-history":[{"count":1,"href":"https:\/\/genekas24.ee\/fi\/wp-json\/wp\/v2\/product\/23446\/revisions"}],"predecessor-version":[{"id":23453,"href":"https:\/\/genekas24.ee\/fi\/wp-json\/wp\/v2\/product\/23446\/revisions\/23453"}],"wp:featuredmedia":[{"embeddable":true,"href":"https:\/\/genekas24.ee\/fi\/wp-json\/wp\/v2\/media\/23451"}],"wp:attachment":[{"href":"https:\/\/genekas24.ee\/fi\/wp-json\/wp\/v2\/media?parent=23446"}],"wp:term":[{"taxonomy":"product_brand","embeddable":true,"href":"https:\/\/genekas24.ee\/fi\/wp-json\/wp\/v2\/product_brand?post=23446"},{"taxonomy":"product_cat","embeddable":true,"href":"https:\/\/genekas24.ee\/fi\/wp-json\/wp\/v2\/product_cat?post=23446"},{"taxonomy":"product_tag","embeddable":true,"href":"https:\/\/genekas24.ee\/fi\/wp-json\/wp\/v2\/product_tag?post=23446"}],"curies":[{"name":"wp","href":"https:\/\/api.w.org\/{rel}","templated":true}]}}