{"id":23436,"date":"2026-04-29T10:47:30","date_gmt":"2026-04-29T10:47:30","guid":{"rendered":"https:\/\/genekas24.ee\/?post_type=product&#038;p=23436"},"modified":"2026-04-29T10:47:30","modified_gmt":"2026-04-29T10:47:30","slug":"kompak-dc275r-diiselgeneraator-200kw","status":"publish","type":"product","link":"https:\/\/genekas24.ee\/fi\/tuote\/kompak-dc275r-diiselgeneraator-200kw\/","title":{"rendered":"KOMPAK DC275R diiselgeneraator 200kW"},"content":{"rendered":"<h3 data-start=\"189\" data-end=\"205\"><span role=\"text\"><strong data-start=\"193\" data-end=\"205\">Omadused<\/strong><\/span><\/h3>\n<ul data-start=\"206\" data-end=\"988\">\n<li data-start=\"206\" data-end=\"236\">Ergutuss\u00fcsteem: iseergutuv<\/li>\n<li data-start=\"237\" data-end=\"257\">V\u00f5tmega k\u00e4ivitus<\/li>\n<li data-start=\"258\" data-end=\"282\">H\u00e4da-seiskamisl\u00fcliti<\/li>\n<li data-start=\"283\" data-end=\"299\">V\u00f5rgu sisend<\/li>\n<li data-start=\"300\" data-end=\"324\">Kaugside \u00fchenduspesa<\/li>\n<li data-start=\"325\" data-end=\"343\">V\u00e4line \u00f5lipump<\/li>\n<li data-start=\"345\" data-end=\"368\">Aku isolaatorl\u00fcliti<\/li>\n<li data-start=\"369\" data-end=\"392\">Pulberv\u00e4rvitud kate<\/li>\n<li data-start=\"393\" data-end=\"428\">Terasest alusraam kahvliavadega<\/li>\n<li data-start=\"429\" data-end=\"448\">50 \u00b0C radiaator<\/li>\n<li data-start=\"449\" data-end=\"472\">Kuivt\u00fc\u00fcpi \u00f5hufilter<\/li>\n<li data-start=\"473\" data-end=\"494\">Kontrollvalgustus<\/li>\n<li data-start=\"496\" data-end=\"535\">Juhtseade t\u00f6\u00f6tingimuste testimiseks<\/li>\n<li data-start=\"536\" data-end=\"576\">K\u00e4ivitamisv\u00f5ime normaaltemperatuuril<\/li>\n<li data-start=\"577\" data-end=\"624\">50% nimiv\u00f5imsusest suurem \u00fclekoormustaluvus<\/li>\n<li data-start=\"625\" data-end=\"667\">Pingek\u00f5ikumine ja kiiruse varieerumine<\/li>\n<li data-start=\"668\" data-end=\"699\">Kohandatav protsess ja v\u00e4rv<\/li>\n<li data-start=\"701\" data-end=\"724\">Valikuline tootja<\/li>\n<li data-start=\"725\" data-end=\"767\">Paigalduskoht: v\u00e4ljas v\u00f5i siseruumides<\/li>\n<li data-start=\"768\" data-end=\"812\">\u00dcmbritsev temperatuur: -25 \u00b0C kuni 50 \u00b0C<\/li>\n<li data-start=\"813\" data-end=\"834\">Niiskus: alla 80%<\/li>\n<li data-start=\"835\" data-end=\"858\">K\u00f5rgus: alla 1000 m<\/li>\n<li data-start=\"860\" data-end=\"891\">Alusel olev k\u00fctusepaak 12-tunniseks t\u00f6\u00f6ks<\/li>\n<li data-start=\"892\" data-end=\"904\">Lisa veepaak<\/li>\n<li data-start=\"905\" data-end=\"920\">P\u00e4\u00e4telohko<\/li>\n<li data-start=\"921\" data-end=\"959\">Kasutusjuhend \/ spetsifikatsioonid<\/li>\n<li data-start=\"960\" data-end=\"988\">K\u00fctusepaagi \u00fcmberl\u00fclitus<\/li>\n<\/ul>","protected":false},"excerpt":{"rendered":"<table>\n<thead>\n<tr>\n<td><\/td>\n<td><strong>Ootere\u017eiimi v\u00f5imsus<\/strong><\/td>\n<td><strong>P\u00f5hiv\u00f5imsus<\/strong><\/td>\n<\/tr>\n<\/thead>\n<tbody>\n<tr>\n<td>V\u00f5imsus (kVA)<\/td>\n<td>275<\/td>\n<td>250<\/td>\n<\/tr>\n<tr>\n<td>V\u00f5imsus (kW)<\/td>\n<td>220<\/td>\n<td>200<\/td>\n<\/tr>\n<tr>\n<td>Vool (A)<\/td>\n<td>397<\/td>\n<td>361<\/td>\n<\/tr>\n<tr>\n<td>Mootori p\u00f6\u00f6rlemiskiirus (rpm)<\/td>\n<td>1500<\/td>\n<td>1500<\/td>\n<\/tr>\n<tr>\n<td>Nimipinge (V)<\/td>\n<td>400\/230<\/td>\n<td>400\/230<\/td>\n<\/tr>\n<tr>\n<td>V\u00f5imsustegur (cos \u03c6)<\/td>\n<td>0.8<\/td>\n<td>0.8<\/td>\n<\/tr>\n<tr>\n<td>K\u00fctusepaagimaht L<\/td>\n<td colspan=\"2\">\n<p style=\"text-align: center;\">620<\/p>\n<\/td>\n<\/tr>\n<\/tbody>\n<\/table>\n<p>&nbsp;<\/p>","protected":false},"featured_media":23438,"template":"","meta":{"_acf_changed":false,"inline_featured_image":false},"product_brand":[],"product_cat":[94,22,37],"product_tag":[],"class_list":{"0":"post-23436","1":"product","2":"type-product","3":"status-publish","4":"has-post-thumbnail","6":"product_cat-generaatorid","7":"product_cat-diiselgeneraatorid","8":"product_cat-diisel-joujaamad","9":"product_shipping_class-diisel-joujaamad","10":"brand-kompak","12":"first","13":"instock","14":"taxable","15":"shipping-taxable","16":"purchasable","17":"product-type-simple"},"acf":[],"yoast_head":"<!-- This site is optimized with the Yoast SEO plugin v27.2 - https:\/\/yoast.com\/product\/yoast-seo-wordpress\/ -->\n<title>KOMPAK DC275R diiselgeneraator 200kW - Genekas24<\/title>\n<meta name=\"robots\" content=\"index, follow, max-snippet:-1, max-image-preview:large, max-video-preview:-1\" \/>\n<link rel=\"canonical\" href=\"https:\/\/genekas24.ee\/fi\/tuote\/kompak-dc275r-diiselgeneraator-200kw\/\" \/>\n<meta property=\"og:locale\" content=\"fi_FI\" \/>\n<meta property=\"og:type\" content=\"article\" \/>\n<meta property=\"og:title\" content=\"KOMPAK DC275R diiselgeneraator 200kW - Genekas24\" \/>\n<meta property=\"og:description\" content=\"Ootere\u017eiimi v\u00f5imsus P\u00f5hiv\u00f5imsus     V\u00f5imsus (kVA) 275 250   V\u00f5imsus (kW) 220 200   Vool (A) 397 361   Mootori p\u00f6\u00f6rlemiskiirus (rpm) 1500 1500   Nimipinge (V) 400\/230 400\/230   V\u00f5imsustegur (cos \u03c6) 0.8 0.8   K\u00fctusepaagimaht L  620     &nbsp;\" \/>\n<meta property=\"og:url\" content=\"https:\/\/genekas24.ee\/fi\/tuote\/kompak-dc275r-diiselgeneraator-200kw\/\" \/>\n<meta property=\"og:site_name\" content=\"Genekas24\" \/>\n<meta property=\"og:image\" content=\"https:\/\/genekas24.ee\/wp-content\/uploads\/2026\/04\/Screenshot-2026-04-29-133822.png\" \/>\n\t<meta property=\"og:image:width\" content=\"531\" \/>\n\t<meta property=\"og:image:height\" content=\"313\" \/>\n\t<meta property=\"og:image:type\" content=\"image\/png\" \/>\n<meta name=\"twitter:card\" content=\"summary_large_image\" \/>\n<meta name=\"twitter:label1\" content=\"Arvioitu lukuaika\" \/>\n\t<meta name=\"twitter:data1\" content=\"1 minuutti\" \/>\n<script type=\"application\/ld+json\" class=\"yoast-schema-graph\">{\"@context\":\"https:\/\/schema.org\",\"@graph\":[{\"@type\":\"WebPage\",\"@id\":\"https:\/\/genekas24.ee\/toode\/kompak-dc275r-diiselgeneraator-200kw\/\",\"url\":\"https:\/\/genekas24.ee\/toode\/kompak-dc275r-diiselgeneraator-200kw\/\",\"name\":\"KOMPAK DC275R diiselgeneraator 200kW - Genekas24\",\"isPartOf\":{\"@id\":\"https:\/\/genekas24.ee\/#website\"},\"primaryImageOfPage\":{\"@id\":\"https:\/\/genekas24.ee\/toode\/kompak-dc275r-diiselgeneraator-200kw\/#primaryimage\"},\"image\":{\"@id\":\"https:\/\/genekas24.ee\/toode\/kompak-dc275r-diiselgeneraator-200kw\/#primaryimage\"},\"thumbnailUrl\":\"https:\/\/genekas24.ee\/wp-content\/uploads\/2026\/04\/Screenshot-2026-04-29-133822.png\",\"datePublished\":\"2026-04-29T10:47:30+00:00\",\"breadcrumb\":{\"@id\":\"https:\/\/genekas24.ee\/toode\/kompak-dc275r-diiselgeneraator-200kw\/#breadcrumb\"},\"inLanguage\":\"fi\",\"potentialAction\":[{\"@type\":\"ReadAction\",\"target\":[\"https:\/\/genekas24.ee\/toode\/kompak-dc275r-diiselgeneraator-200kw\/\"]}]},{\"@type\":\"ImageObject\",\"inLanguage\":\"fi\",\"@id\":\"https:\/\/genekas24.ee\/toode\/kompak-dc275r-diiselgeneraator-200kw\/#primaryimage\",\"url\":\"https:\/\/genekas24.ee\/wp-content\/uploads\/2026\/04\/Screenshot-2026-04-29-133822.png\",\"contentUrl\":\"https:\/\/genekas24.ee\/wp-content\/uploads\/2026\/04\/Screenshot-2026-04-29-133822.png\",\"width\":531,\"height\":313},{\"@type\":\"BreadcrumbList\",\"@id\":\"https:\/\/genekas24.ee\/toode\/kompak-dc275r-diiselgeneraator-200kw\/#breadcrumb\",\"itemListElement\":[{\"@type\":\"ListItem\",\"position\":1,\"name\":\"Home\",\"item\":\"https:\/\/genekas24.ee\/\"},{\"@type\":\"ListItem\",\"position\":2,\"name\":\"Pood\",\"item\":\"https:\/\/genekas24.ee\/pood\/\"},{\"@type\":\"ListItem\",\"position\":3,\"name\":\"KOMPAK DC275R diiselgeneraator 200kW\"}]},{\"@type\":\"WebSite\",\"@id\":\"https:\/\/genekas24.ee\/#website\",\"url\":\"https:\/\/genekas24.ee\/\",\"name\":\"Genekas24\",\"description\":\"Generaatorid | K&ouml;nner S&ouml;hnen tooted | Genekas24\",\"publisher\":{\"@id\":\"https:\/\/genekas24.ee\/#organization\"},\"potentialAction\":[{\"@type\":\"SearchAction\",\"target\":{\"@type\":\"EntryPoint\",\"urlTemplate\":\"https:\/\/genekas24.ee\/?s={search_term_string}\"},\"query-input\":{\"@type\":\"PropertyValueSpecification\",\"valueRequired\":true,\"valueName\":\"search_term_string\"}}],\"inLanguage\":\"fi\"},{\"@type\":\"Organization\",\"@id\":\"https:\/\/genekas24.ee\/#organization\",\"name\":\"Genekas24\",\"url\":\"https:\/\/genekas24.ee\/\",\"logo\":{\"@type\":\"ImageObject\",\"inLanguage\":\"fi\",\"@id\":\"https:\/\/genekas24.ee\/#\/schema\/logo\/image\/\",\"url\":\"https:\/\/genekas24.ee\/wp-content\/uploads\/2026\/01\/genekas24-logo_black.svg\",\"contentUrl\":\"https:\/\/genekas24.ee\/wp-content\/uploads\/2026\/01\/genekas24-logo_black.svg\",\"width\":840,\"height\":131,\"caption\":\"Genekas24\"},\"image\":{\"@id\":\"https:\/\/genekas24.ee\/#\/schema\/logo\/image\/\"}}]}<\/script>\n<!-- \/ Yoast SEO plugin. -->","yoast_head_json":{"title":"KOMPAK DC275R diiselgeneraator 200kW - Genekas24","robots":{"index":"index","follow":"follow","max-snippet":"max-snippet:-1","max-image-preview":"max-image-preview:large","max-video-preview":"max-video-preview:-1"},"canonical":"https:\/\/genekas24.ee\/fi\/tuote\/kompak-dc275r-diiselgeneraator-200kw\/","og_locale":"fi_FI","og_type":"article","og_title":"KOMPAK DC275R diiselgeneraator 200kW - Genekas24","og_description":"Ootere\u017eiimi v\u00f5imsus P\u00f5hiv\u00f5imsus     V\u00f5imsus (kVA) 275 250   V\u00f5imsus (kW) 220 200   Vool (A) 397 361   Mootori p\u00f6\u00f6rlemiskiirus (rpm) 1500 1500   Nimipinge (V) 400\/230 400\/230   V\u00f5imsustegur (cos \u03c6) 0.8 0.8   K\u00fctusepaagimaht L  620     &nbsp;","og_url":"https:\/\/genekas24.ee\/fi\/tuote\/kompak-dc275r-diiselgeneraator-200kw\/","og_site_name":"Genekas24","og_image":[{"width":531,"height":313,"url":"https:\/\/genekas24.ee\/wp-content\/uploads\/2026\/04\/Screenshot-2026-04-29-133822.png","type":"image\/png"}],"twitter_card":"summary_large_image","twitter_misc":{"Arvioitu lukuaika":"1 minuutti"},"schema":{"@context":"https:\/\/schema.org","@graph":[{"@type":"WebPage","@id":"https:\/\/genekas24.ee\/toode\/kompak-dc275r-diiselgeneraator-200kw\/","url":"https:\/\/genekas24.ee\/toode\/kompak-dc275r-diiselgeneraator-200kw\/","name":"KOMPAK DC275R diiselgeneraator 200kW - Genekas24","isPartOf":{"@id":"https:\/\/genekas24.ee\/#website"},"primaryImageOfPage":{"@id":"https:\/\/genekas24.ee\/toode\/kompak-dc275r-diiselgeneraator-200kw\/#primaryimage"},"image":{"@id":"https:\/\/genekas24.ee\/toode\/kompak-dc275r-diiselgeneraator-200kw\/#primaryimage"},"thumbnailUrl":"https:\/\/genekas24.ee\/wp-content\/uploads\/2026\/04\/Screenshot-2026-04-29-133822.png","datePublished":"2026-04-29T10:47:30+00:00","breadcrumb":{"@id":"https:\/\/genekas24.ee\/toode\/kompak-dc275r-diiselgeneraator-200kw\/#breadcrumb"},"inLanguage":"fi","potentialAction":[{"@type":"ReadAction","target":["https:\/\/genekas24.ee\/toode\/kompak-dc275r-diiselgeneraator-200kw\/"]}]},{"@type":"ImageObject","inLanguage":"fi","@id":"https:\/\/genekas24.ee\/toode\/kompak-dc275r-diiselgeneraator-200kw\/#primaryimage","url":"https:\/\/genekas24.ee\/wp-content\/uploads\/2026\/04\/Screenshot-2026-04-29-133822.png","contentUrl":"https:\/\/genekas24.ee\/wp-content\/uploads\/2026\/04\/Screenshot-2026-04-29-133822.png","width":531,"height":313},{"@type":"BreadcrumbList","@id":"https:\/\/genekas24.ee\/toode\/kompak-dc275r-diiselgeneraator-200kw\/#breadcrumb","itemListElement":[{"@type":"ListItem","position":1,"name":"Home","item":"https:\/\/genekas24.ee\/"},{"@type":"ListItem","position":2,"name":"Pood","item":"https:\/\/genekas24.ee\/pood\/"},{"@type":"ListItem","position":3,"name":"KOMPAK DC275R diiselgeneraator 200kW"}]},{"@type":"WebSite","@id":"https:\/\/genekas24.ee\/#website","url":"https:\/\/genekas24.ee\/","name":"Genekas24","description":"Generaatorid | K&ouml;nner S&ouml;hnen tooted | Genekas24","publisher":{"@id":"https:\/\/genekas24.ee\/#organization"},"potentialAction":[{"@type":"SearchAction","target":{"@type":"EntryPoint","urlTemplate":"https:\/\/genekas24.ee\/?s={search_term_string}"},"query-input":{"@type":"PropertyValueSpecification","valueRequired":true,"valueName":"search_term_string"}}],"inLanguage":"fi"},{"@type":"Organization","@id":"https:\/\/genekas24.ee\/#organization","name":"Genekas24","url":"https:\/\/genekas24.ee\/","logo":{"@type":"ImageObject","inLanguage":"fi","@id":"https:\/\/genekas24.ee\/#\/schema\/logo\/image\/","url":"https:\/\/genekas24.ee\/wp-content\/uploads\/2026\/01\/genekas24-logo_black.svg","contentUrl":"https:\/\/genekas24.ee\/wp-content\/uploads\/2026\/01\/genekas24-logo_black.svg","width":840,"height":131,"caption":"Genekas24"},"image":{"@id":"https:\/\/genekas24.ee\/#\/schema\/logo\/image\/"}}]}},"_links":{"self":[{"href":"https:\/\/genekas24.ee\/fi\/wp-json\/wp\/v2\/product\/23436","targetHints":{"allow":["GET"]}}],"collection":[{"href":"https:\/\/genekas24.ee\/fi\/wp-json\/wp\/v2\/product"}],"about":[{"href":"https:\/\/genekas24.ee\/fi\/wp-json\/wp\/v2\/types\/product"}],"version-history":[{"count":1,"href":"https:\/\/genekas24.ee\/fi\/wp-json\/wp\/v2\/product\/23436\/revisions"}],"predecessor-version":[{"id":23445,"href":"https:\/\/genekas24.ee\/fi\/wp-json\/wp\/v2\/product\/23436\/revisions\/23445"}],"wp:featuredmedia":[{"embeddable":true,"href":"https:\/\/genekas24.ee\/fi\/wp-json\/wp\/v2\/media\/23438"}],"wp:attachment":[{"href":"https:\/\/genekas24.ee\/fi\/wp-json\/wp\/v2\/media?parent=23436"}],"wp:term":[{"taxonomy":"product_brand","embeddable":true,"href":"https:\/\/genekas24.ee\/fi\/wp-json\/wp\/v2\/product_brand?post=23436"},{"taxonomy":"product_cat","embeddable":true,"href":"https:\/\/genekas24.ee\/fi\/wp-json\/wp\/v2\/product_cat?post=23436"},{"taxonomy":"product_tag","embeddable":true,"href":"https:\/\/genekas24.ee\/fi\/wp-json\/wp\/v2\/product_tag?post=23436"}],"curies":[{"name":"wp","href":"https:\/\/api.w.org\/{rel}","templated":true}]}}