{"id":23382,"date":"2026-04-29T07:33:44","date_gmt":"2026-04-29T07:33:44","guid":{"rendered":"https:\/\/genekas24.ee\/?post_type=product&#038;p=23382"},"modified":"2026-04-29T07:33:45","modified_gmt":"2026-04-29T07:33:45","slug":"itcpower-diiselgeneraator-ds175kse-130kw","status":"publish","type":"product","link":"https:\/\/genekas24.ee\/fi\/tuote\/itcpower-diiselgeneraator-ds175kse-130kw\/","title":{"rendered":"ITCPOWER diiselgeneraator DS175KSE 130kW"},"content":{"rendered":"<p><strong>Eelised ja omadused :<\/strong><\/p>\n<ul>\n<li>Kasutab kvaliteetset Hiina s\u00f5idukimootorit, madal k\u00fctusekulu ja t\u00f6\u00f6kindel t\u00f6\u00f6<\/li>\n<li>ITCPoweri kvaliteetne harjadeta generaator koos AVR-iga<\/li>\n<li>Kvaliteetne juhtkontroller COMAP iL-NT AMF9<\/li>\n<li>Plokk-disainiga elektrijuhtimiss\u00fcsteem, lihtne kasutada ja hooldada<\/li>\n<li>Standardne alusraami k\u00fctusepaak, mis v\u00f5imaldab kuni 8 tundi t\u00f6\u00f6d (100% koormusel)<\/li>\n<li>Alusraamil t\u00f5stukikahvli avad ja generaatori kattel t\u00f5steavad<\/li>\n<li>T\u00f6\u00f6stuslik veekindel kate, tagab t\u00f6\u00f6 iga ilmaga<\/li>\n<li>T\u00f6\u00f6stuslik summuti (7 meetri kaugusel m\u00fcratase alla 70 dB)<\/li>\n<li>Lihtne kasutada, IP66 kaitsega t\u00f6\u00f6stuslikud pistikupesad ja pistikud<\/li>\n<li>Neljapooluseline kaitsel\u00fcliti koos RCD maanduskaitsega<\/li>\n<li>Standardne ATS-funktsiooni \u00fchendus olemas<\/li>\n<\/ul>","protected":false},"excerpt":{"rendered":"<table style=\"width: 52.3762%;\">\n<tbody>\n<tr>\n<td style=\"width: 72.4919%;\">P\u00f5hiv\u00f5imsus (Prime Power)<\/td>\n<td style=\"width: 121.683%;\">162.5 KVA \/ 130 KW<\/td>\n<\/tr>\n<tr>\n<td style=\"width: 72.4919%;\">Varuv\u00f5imsus (Standby Power)<\/td>\n<td style=\"width: 121.683%;\">175\u00a0 KVA \/ 140 KW<\/td>\n<\/tr>\n<tr>\n<td style=\"width: 72.4919%;\">V\u00f5imsustegur<\/td>\n<td style=\"width: 121.683%;\">0.8<\/td>\n<\/tr>\n<tr>\n<td style=\"width: 72.4919%;\">Taajuus<\/td>\n<td style=\"width: 121.683%;\">50 Hz<\/td>\n<\/tr>\n<tr>\n<td style=\"width: 72.4919%;\">Nimipinge<\/td>\n<td style=\"width: 121.683%;\">400\/230 V<\/td>\n<\/tr>\n<tr>\n<td style=\"width: 72.4919%;\">Nimivool<\/td>\n<td style=\"width: 121.683%;\">234.6 A<\/td>\n<\/tr>\n<tr>\n<td style=\"width: 72.4919%;\">Kontroller<\/td>\n<td style=\"width: 121.683%;\">IL4-AMF9<\/td>\n<\/tr>\n<tr>\n<td style=\"width: 72.4919%;\">Juhtpinge<\/td>\n<td style=\"width: 121.683%;\">24 DC \/ V<\/td>\n<\/tr>\n<tr>\n<td style=\"width: 72.4919%;\">Akun kapasiteetti<\/td>\n<td style=\"width: 121.683%;\">80\u00d72 Ah<\/td>\n<\/tr>\n<tr>\n<td style=\"width: 72.4919%;\">Jahutusvedeliku maht<\/td>\n<td style=\"width: 121.683%;\">42 L<\/td>\n<\/tr>\n<tr>\n<td style=\"width: 72.4919%;\">K\u00fctusepaagi maht (raam)<\/td>\n<td style=\"width: 121.683%;\">375 L<\/td>\n<\/tr>\n<tr>\n<td style=\"width: 72.4919%;\">K\u00fctusekulu<\/td>\n<td style=\"width: 121.683%;\">26.2 L \/ h<\/td>\n<\/tr>\n<tr>\n<td style=\"width: 72.4919%;\">T\u00f6\u00f6aeg<\/td>\n<td style=\"width: 121.683%;\">14.3 h<\/td>\n<\/tr>\n<\/tbody>\n<\/table>","protected":false},"featured_media":23414,"template":"","meta":{"_acf_changed":false,"inline_featured_image":false},"product_brand":[],"product_cat":[94,22,37],"product_tag":[],"class_list":{"0":"post-23382","1":"product","2":"type-product","3":"status-publish","4":"has-post-thumbnail","6":"product_cat-generaatorid","7":"product_cat-diiselgeneraatorid","8":"product_cat-diisel-joujaamad","9":"product_shipping_class-diisel-joujaamad","10":"brand-itcpower","12":"first","13":"instock","14":"taxable","15":"shipping-taxable","16":"purchasable","17":"product-type-simple"},"acf":[],"yoast_head":"<!-- This site is optimized with the Yoast SEO plugin v27.2 - https:\/\/yoast.com\/product\/yoast-seo-wordpress\/ -->\n<title>ITCPOWER diiselgeneraator DS175KSE 130kW - Genekas24<\/title>\n<meta name=\"robots\" content=\"index, follow, max-snippet:-1, max-image-preview:large, max-video-preview:-1\" \/>\n<link rel=\"canonical\" href=\"https:\/\/genekas24.ee\/fi\/tuote\/itcpower-diiselgeneraator-ds175kse-130kw\/\" \/>\n<meta property=\"og:locale\" content=\"fi_FI\" \/>\n<meta property=\"og:type\" content=\"article\" \/>\n<meta property=\"og:title\" content=\"ITCPOWER diiselgeneraator DS175KSE 130kW - Genekas24\" \/>\n<meta property=\"og:description\" content=\"P\u00f5hiv\u00f5imsus (Prime Power) 162.5 KVA \/ 130 KW   Varuv\u00f5imsus (Standby Power) 175\u00a0 KVA \/ 140 KW   V\u00f5imsustegur 0.8   Sagedus 50 Hz   Nimipinge 400\/230 V   Nimivool 234.6 A   Kontroller IL4-AMF9   Juhtpinge 24 DC \/ V   Aku mahtuvus 80\u00d72 Ah   Jahutusvedeliku maht 42 L   K\u00fctusepaagi maht (raam) 375 L   K\u00fctusekulu 26.2 L \/ h   T\u00f6\u00f6aeg 14.3 h\" \/>\n<meta property=\"og:url\" content=\"https:\/\/genekas24.ee\/fi\/tuote\/itcpower-diiselgeneraator-ds175kse-130kw\/\" \/>\n<meta property=\"og:site_name\" content=\"Genekas24\" \/>\n<meta property=\"article:modified_time\" content=\"2026-04-29T07:33:45+00:00\" \/>\n<meta property=\"og:image\" content=\"https:\/\/genekas24.ee\/wp-content\/uploads\/2026\/04\/98678090-ba35-4c2f-8116-ff5305829af0-1024x683.png\" \/>\n\t<meta property=\"og:image:width\" content=\"1024\" \/>\n\t<meta property=\"og:image:height\" content=\"683\" \/>\n\t<meta property=\"og:image:type\" content=\"image\/png\" \/>\n<meta name=\"twitter:card\" content=\"summary_large_image\" \/>\n<meta name=\"twitter:label1\" content=\"Arvioitu lukuaika\" \/>\n\t<meta name=\"twitter:data1\" content=\"1 minuutti\" \/>\n<script type=\"application\/ld+json\" class=\"yoast-schema-graph\">{\"@context\":\"https:\/\/schema.org\",\"@graph\":[{\"@type\":\"WebPage\",\"@id\":\"https:\/\/genekas24.ee\/toode\/itcpower-diiselgeneraator-ds175kse-130kw\/\",\"url\":\"https:\/\/genekas24.ee\/toode\/itcpower-diiselgeneraator-ds175kse-130kw\/\",\"name\":\"ITCPOWER diiselgeneraator DS175KSE 130kW - Genekas24\",\"isPartOf\":{\"@id\":\"https:\/\/genekas24.ee\/#website\"},\"primaryImageOfPage\":{\"@id\":\"https:\/\/genekas24.ee\/toode\/itcpower-diiselgeneraator-ds175kse-130kw\/#primaryimage\"},\"image\":{\"@id\":\"https:\/\/genekas24.ee\/toode\/itcpower-diiselgeneraator-ds175kse-130kw\/#primaryimage\"},\"thumbnailUrl\":\"https:\/\/genekas24.ee\/wp-content\/uploads\/2026\/04\/98678090-ba35-4c2f-8116-ff5305829af0.png\",\"datePublished\":\"2026-04-29T07:33:44+00:00\",\"dateModified\":\"2026-04-29T07:33:45+00:00\",\"breadcrumb\":{\"@id\":\"https:\/\/genekas24.ee\/toode\/itcpower-diiselgeneraator-ds175kse-130kw\/#breadcrumb\"},\"inLanguage\":\"fi\",\"potentialAction\":[{\"@type\":\"ReadAction\",\"target\":[\"https:\/\/genekas24.ee\/toode\/itcpower-diiselgeneraator-ds175kse-130kw\/\"]}]},{\"@type\":\"ImageObject\",\"inLanguage\":\"fi\",\"@id\":\"https:\/\/genekas24.ee\/toode\/itcpower-diiselgeneraator-ds175kse-130kw\/#primaryimage\",\"url\":\"https:\/\/genekas24.ee\/wp-content\/uploads\/2026\/04\/98678090-ba35-4c2f-8116-ff5305829af0.png\",\"contentUrl\":\"https:\/\/genekas24.ee\/wp-content\/uploads\/2026\/04\/98678090-ba35-4c2f-8116-ff5305829af0.png\",\"width\":1536,\"height\":1024},{\"@type\":\"BreadcrumbList\",\"@id\":\"https:\/\/genekas24.ee\/toode\/itcpower-diiselgeneraator-ds175kse-130kw\/#breadcrumb\",\"itemListElement\":[{\"@type\":\"ListItem\",\"position\":1,\"name\":\"Home\",\"item\":\"https:\/\/genekas24.ee\/\"},{\"@type\":\"ListItem\",\"position\":2,\"name\":\"Pood\",\"item\":\"https:\/\/genekas24.ee\/pood\/\"},{\"@type\":\"ListItem\",\"position\":3,\"name\":\"ITCPOWER diiselgeneraator DS175KSE 130kW\"}]},{\"@type\":\"WebSite\",\"@id\":\"https:\/\/genekas24.ee\/#website\",\"url\":\"https:\/\/genekas24.ee\/\",\"name\":\"Genekas24\",\"description\":\"Generaatorid | K&ouml;nner S&ouml;hnen tooted | Genekas24\",\"publisher\":{\"@id\":\"https:\/\/genekas24.ee\/#organization\"},\"potentialAction\":[{\"@type\":\"SearchAction\",\"target\":{\"@type\":\"EntryPoint\",\"urlTemplate\":\"https:\/\/genekas24.ee\/?s={search_term_string}\"},\"query-input\":{\"@type\":\"PropertyValueSpecification\",\"valueRequired\":true,\"valueName\":\"search_term_string\"}}],\"inLanguage\":\"fi\"},{\"@type\":\"Organization\",\"@id\":\"https:\/\/genekas24.ee\/#organization\",\"name\":\"Genekas24\",\"url\":\"https:\/\/genekas24.ee\/\",\"logo\":{\"@type\":\"ImageObject\",\"inLanguage\":\"fi\",\"@id\":\"https:\/\/genekas24.ee\/#\/schema\/logo\/image\/\",\"url\":\"https:\/\/genekas24.ee\/wp-content\/uploads\/2026\/01\/genekas24-logo_black.svg\",\"contentUrl\":\"https:\/\/genekas24.ee\/wp-content\/uploads\/2026\/01\/genekas24-logo_black.svg\",\"width\":840,\"height\":131,\"caption\":\"Genekas24\"},\"image\":{\"@id\":\"https:\/\/genekas24.ee\/#\/schema\/logo\/image\/\"}}]}<\/script>\n<!-- \/ Yoast SEO plugin. -->","yoast_head_json":{"title":"ITCPOWER diiselgeneraator DS175KSE 130kW - Genekas24","robots":{"index":"index","follow":"follow","max-snippet":"max-snippet:-1","max-image-preview":"max-image-preview:large","max-video-preview":"max-video-preview:-1"},"canonical":"https:\/\/genekas24.ee\/fi\/tuote\/itcpower-diiselgeneraator-ds175kse-130kw\/","og_locale":"fi_FI","og_type":"article","og_title":"ITCPOWER diiselgeneraator DS175KSE 130kW - Genekas24","og_description":"P\u00f5hiv\u00f5imsus (Prime Power) 162.5 KVA \/ 130 KW   Varuv\u00f5imsus (Standby Power) 175\u00a0 KVA \/ 140 KW   V\u00f5imsustegur 0.8   Sagedus 50 Hz   Nimipinge 400\/230 V   Nimivool 234.6 A   Kontroller IL4-AMF9   Juhtpinge 24 DC \/ V   Aku mahtuvus 80\u00d72 Ah   Jahutusvedeliku maht 42 L   K\u00fctusepaagi maht (raam) 375 L   K\u00fctusekulu 26.2 L \/ h   T\u00f6\u00f6aeg 14.3 h","og_url":"https:\/\/genekas24.ee\/fi\/tuote\/itcpower-diiselgeneraator-ds175kse-130kw\/","og_site_name":"Genekas24","article_modified_time":"2026-04-29T07:33:45+00:00","og_image":[{"width":1024,"height":683,"url":"https:\/\/genekas24.ee\/wp-content\/uploads\/2026\/04\/98678090-ba35-4c2f-8116-ff5305829af0-1024x683.png","type":"image\/png"}],"twitter_card":"summary_large_image","twitter_misc":{"Arvioitu lukuaika":"1 minuutti"},"schema":{"@context":"https:\/\/schema.org","@graph":[{"@type":"WebPage","@id":"https:\/\/genekas24.ee\/toode\/itcpower-diiselgeneraator-ds175kse-130kw\/","url":"https:\/\/genekas24.ee\/toode\/itcpower-diiselgeneraator-ds175kse-130kw\/","name":"ITCPOWER diiselgeneraator DS175KSE 130kW - Genekas24","isPartOf":{"@id":"https:\/\/genekas24.ee\/#website"},"primaryImageOfPage":{"@id":"https:\/\/genekas24.ee\/toode\/itcpower-diiselgeneraator-ds175kse-130kw\/#primaryimage"},"image":{"@id":"https:\/\/genekas24.ee\/toode\/itcpower-diiselgeneraator-ds175kse-130kw\/#primaryimage"},"thumbnailUrl":"https:\/\/genekas24.ee\/wp-content\/uploads\/2026\/04\/98678090-ba35-4c2f-8116-ff5305829af0.png","datePublished":"2026-04-29T07:33:44+00:00","dateModified":"2026-04-29T07:33:45+00:00","breadcrumb":{"@id":"https:\/\/genekas24.ee\/toode\/itcpower-diiselgeneraator-ds175kse-130kw\/#breadcrumb"},"inLanguage":"fi","potentialAction":[{"@type":"ReadAction","target":["https:\/\/genekas24.ee\/toode\/itcpower-diiselgeneraator-ds175kse-130kw\/"]}]},{"@type":"ImageObject","inLanguage":"fi","@id":"https:\/\/genekas24.ee\/toode\/itcpower-diiselgeneraator-ds175kse-130kw\/#primaryimage","url":"https:\/\/genekas24.ee\/wp-content\/uploads\/2026\/04\/98678090-ba35-4c2f-8116-ff5305829af0.png","contentUrl":"https:\/\/genekas24.ee\/wp-content\/uploads\/2026\/04\/98678090-ba35-4c2f-8116-ff5305829af0.png","width":1536,"height":1024},{"@type":"BreadcrumbList","@id":"https:\/\/genekas24.ee\/toode\/itcpower-diiselgeneraator-ds175kse-130kw\/#breadcrumb","itemListElement":[{"@type":"ListItem","position":1,"name":"Home","item":"https:\/\/genekas24.ee\/"},{"@type":"ListItem","position":2,"name":"Pood","item":"https:\/\/genekas24.ee\/pood\/"},{"@type":"ListItem","position":3,"name":"ITCPOWER diiselgeneraator DS175KSE 130kW"}]},{"@type":"WebSite","@id":"https:\/\/genekas24.ee\/#website","url":"https:\/\/genekas24.ee\/","name":"Genekas24","description":"Generaatorid | K&ouml;nner S&ouml;hnen tooted | Genekas24","publisher":{"@id":"https:\/\/genekas24.ee\/#organization"},"potentialAction":[{"@type":"SearchAction","target":{"@type":"EntryPoint","urlTemplate":"https:\/\/genekas24.ee\/?s={search_term_string}"},"query-input":{"@type":"PropertyValueSpecification","valueRequired":true,"valueName":"search_term_string"}}],"inLanguage":"fi"},{"@type":"Organization","@id":"https:\/\/genekas24.ee\/#organization","name":"Genekas24","url":"https:\/\/genekas24.ee\/","logo":{"@type":"ImageObject","inLanguage":"fi","@id":"https:\/\/genekas24.ee\/#\/schema\/logo\/image\/","url":"https:\/\/genekas24.ee\/wp-content\/uploads\/2026\/01\/genekas24-logo_black.svg","contentUrl":"https:\/\/genekas24.ee\/wp-content\/uploads\/2026\/01\/genekas24-logo_black.svg","width":840,"height":131,"caption":"Genekas24"},"image":{"@id":"https:\/\/genekas24.ee\/#\/schema\/logo\/image\/"}}]}},"_links":{"self":[{"href":"https:\/\/genekas24.ee\/fi\/wp-json\/wp\/v2\/product\/23382","targetHints":{"allow":["GET"]}}],"collection":[{"href":"https:\/\/genekas24.ee\/fi\/wp-json\/wp\/v2\/product"}],"about":[{"href":"https:\/\/genekas24.ee\/fi\/wp-json\/wp\/v2\/types\/product"}],"version-history":[{"count":5,"href":"https:\/\/genekas24.ee\/fi\/wp-json\/wp\/v2\/product\/23382\/revisions"}],"predecessor-version":[{"id":23415,"href":"https:\/\/genekas24.ee\/fi\/wp-json\/wp\/v2\/product\/23382\/revisions\/23415"}],"wp:featuredmedia":[{"embeddable":true,"href":"https:\/\/genekas24.ee\/fi\/wp-json\/wp\/v2\/media\/23414"}],"wp:attachment":[{"href":"https:\/\/genekas24.ee\/fi\/wp-json\/wp\/v2\/media?parent=23382"}],"wp:term":[{"taxonomy":"product_brand","embeddable":true,"href":"https:\/\/genekas24.ee\/fi\/wp-json\/wp\/v2\/product_brand?post=23382"},{"taxonomy":"product_cat","embeddable":true,"href":"https:\/\/genekas24.ee\/fi\/wp-json\/wp\/v2\/product_cat?post=23382"},{"taxonomy":"product_tag","embeddable":true,"href":"https:\/\/genekas24.ee\/fi\/wp-json\/wp\/v2\/product_tag?post=23382"}],"curies":[{"name":"wp","href":"https:\/\/api.w.org\/{rel}","templated":true}]}}