{"id":23366,"date":"2026-04-27T13:27:55","date_gmt":"2026-04-27T13:27:55","guid":{"rendered":"https:\/\/genekas24.ee\/?post_type=product&#038;p=23366"},"modified":"2026-04-28T12:00:11","modified_gmt":"2026-04-28T12:00:11","slug":"itcpower-dg16000se-t-diiselgeneraator-16-kva","status":"publish","type":"product","link":"https:\/\/genekas24.ee\/fi\/tuote\/itcpower-dg16000se-t-diiselgeneraator-16-kva\/","title":{"rendered":"ITCPOWER DG16000SE-T diiselgeneraator 16 kVA"},"content":{"rendered":"<p style=\"font-weight: 400;\">\u00d5hkjahutusega DG16000SE-T-ga saavad t\u00f6\u00f6tada isegi tundliku elektroonikaga seadmed, kuna genereeritud pinget reguleerib AVR pingeregulaator, mille tulemuseks on maksimaalne h\u00e4lve 1,5%.<\/p>\n<p style=\"font-weight: 400;\">Integreeritud heliisolatsioon tagab seadme vaiksema t\u00f6\u00f6 kui enamik diiselgeneraatoreid. 63 A pistikupesa v\u00f5imaldab teil kogu energia \u00fchest pistikupesast ammutada. See teeb selle generaatori ideaalseks suurtele energiatarbijatele v\u00f5i koduturvalisuse tagamiseks.<\/p>","protected":false},"excerpt":{"rendered":"<table>\n<tbody>\n<tr>\n<td>J\u00e4nnite<\/td>\n<td>T\u00e4isv\u00f5imsus 400 V \/ 230 V<\/td>\n<\/tr>\n<tr>\n<td>Maksimaalne v\u00f5imsus<\/td>\n<td>12 kW \/ 16,3 kVA<\/td>\n<\/tr>\n<tr>\n<td>Nimiv\u00f5imsus<\/td>\n<td>11 kW \/ 15 kVA<\/td>\n<\/tr>\n<tr>\n<td>Taajuus<\/td>\n<td>50 Hz<\/td>\n<\/tr>\n<tr>\n<td>L\u00e4hd\u00f6t<\/td>\n<td>63A (\u00fchefaasiline) \/ 32A (kolmefaasiline)<\/td>\n<\/tr>\n<tr>\n<td>Aku<\/td>\n<td>Jah<\/td>\n<\/tr>\n<tr>\n<td>M\u00fcratase 7 m kaugusel<\/td>\n<td>12 V \/ 8,3 Ah<\/td>\n<\/tr>\n<tr>\n<td>Moottorin malli<\/td>\n<td>DV1000E<\/td>\n<\/tr>\n<tr>\n<td>T\u00f6\u00f6maht<\/td>\n<td>997 cc<\/td>\n<\/tr>\n<tr>\n<td>\u00d5limaht<\/td>\n<td>3,5 L<\/td>\n<\/tr>\n<tr>\n<td>Generaator \u2013 pingeregulatsioon<\/td>\n<td>1 \/ 0,8<\/td>\n<\/tr>\n<tr>\n<td>\u00dclekoormuse indikaator<\/td>\n<td>Jah<\/td>\n<\/tr>\n<tr>\n<td>Brutokaal<\/td>\n<td>310 kg<\/td>\n<\/tr>\n<tr>\n<td>Toote m\u00f5\u00f5dud<\/td>\n<td>110 x 66 x 88 cm<\/td>\n<\/tr>\n<tr>\n<td>Pakendi m\u00f5\u00f5dud<\/td>\n<td>115 x 72 x 105 cm<\/td>\n<\/tr>\n<tr>\n<td>K\u00e4ivitamine<\/td>\n<td>S\u00e4hk\u00f6inen<\/td>\n<\/tr>\n<tr>\n<td>Mootori v\u00f5imsus<\/td>\n<td>20,4 HP<\/td>\n<\/tr>\n<tr>\n<td>Kaal<\/td>\n<td>295 kg<\/td>\n<\/tr>\n<tr>\n<td>T\u00f6\u00f6aeg 75% koormusel<\/td>\n<td>10 tundi<\/td>\n<\/tr>\n<tr>\n<td>Voolutugevus<\/td>\n<td>52,2 A (\u00fchefaasiline) \/ 23,5 A (kolmefaasiline)<\/td>\n<\/tr>\n<tr>\n<td>Paagi maht<\/td>\n<td>46 L<\/td>\n<\/tr>\n<\/tbody>\n<\/table>","protected":false},"featured_media":23368,"template":"","meta":{"_acf_changed":false,"inline_featured_image":false},"product_brand":[],"product_cat":[94,22],"product_tag":[],"class_list":{"0":"post-23366","1":"product","2":"type-product","3":"status-publish","4":"has-post-thumbnail","6":"product_cat-generaatorid","7":"product_cat-diiselgeneraatorid","8":"product_shipping_class-euroalus","9":"brand-itcpower","11":"first","12":"instock","13":"taxable","14":"shipping-taxable","15":"purchasable","16":"product-type-simple"},"acf":[],"yoast_head":"<!-- This site is optimized with the Yoast SEO plugin v27.2 - https:\/\/yoast.com\/product\/yoast-seo-wordpress\/ -->\n<title>ITCPOWER DG16000SE-T diiselgeneraator 16 kVA - Genekas24<\/title>\n<meta name=\"robots\" content=\"index, follow, max-snippet:-1, max-image-preview:large, max-video-preview:-1\" \/>\n<link rel=\"canonical\" href=\"https:\/\/genekas24.ee\/fi\/tuote\/itcpower-dg16000se-t-diiselgeneraator-16-kva\/\" \/>\n<meta property=\"og:locale\" content=\"fi_FI\" \/>\n<meta property=\"og:type\" content=\"article\" \/>\n<meta property=\"og:title\" content=\"ITCPOWER DG16000SE-T diiselgeneraator 16 kVA - Genekas24\" \/>\n<meta property=\"og:description\" content=\"Pinge T\u00e4isv\u00f5imsus 400 V \/ 230 V   Maksimaalne v\u00f5imsus 12 kW \/ 16,3 kVA   Nimiv\u00f5imsus 11 kW \/ 15 kVA   Sagedus 50 Hz   V\u00e4ljundid 63A (\u00fchefaasiline) \/ 32A (kolmefaasiline)   Aku Jah   M\u00fcratase 7 m kaugusel 12 V \/ 8,3 Ah   Mootori mudel DV1000E   T\u00f6\u00f6maht 997 cc   \u00d5limaht 3,5 L   Generaator \u2013 pingeregulatsioon 1 \/ 0,8   \u00dclekoormuse indikaator Jah   Brutokaal 310 kg   Toote m\u00f5\u00f5dud 110 x 66 x 88 cm   Pakendi m\u00f5\u00f5dud 115 x 72 x 105 cm   K\u00e4ivitamine Elektriline   Mootori v\u00f5imsus 20,4 HP   Kaal 295 kg   T\u00f6\u00f6aeg 75% koormusel 10 tundi   Voolutugevus 52,2 A (\u00fchefaasiline) \/ 23,5 A (kolmefaasiline)   Paagi maht 46 L\" \/>\n<meta property=\"og:url\" content=\"https:\/\/genekas24.ee\/fi\/tuote\/itcpower-dg16000se-t-diiselgeneraator-16-kva\/\" \/>\n<meta property=\"og:site_name\" content=\"Genekas24\" \/>\n<meta property=\"article:modified_time\" content=\"2026-04-28T12:00:11+00:00\" \/>\n<meta property=\"og:image\" content=\"https:\/\/genekas24.ee\/wp-content\/uploads\/2026\/04\/dg16000se-t-generador-diesel-full-power-12kw-163kvas-itcpower-1.jpg\" \/>\n\t<meta property=\"og:image:width\" content=\"800\" \/>\n\t<meta property=\"og:image:height\" content=\"800\" \/>\n\t<meta property=\"og:image:type\" content=\"image\/jpeg\" \/>\n<meta name=\"twitter:card\" content=\"summary_large_image\" \/>\n<meta name=\"twitter:label1\" content=\"Arvioitu lukuaika\" \/>\n\t<meta name=\"twitter:data1\" content=\"1 minuutti\" \/>\n<script type=\"application\/ld+json\" class=\"yoast-schema-graph\">{\"@context\":\"https:\/\/schema.org\",\"@graph\":[{\"@type\":\"WebPage\",\"@id\":\"https:\/\/genekas24.ee\/toode\/itcpower-dg16000se-t-diiselgeneraator-16-kva\/\",\"url\":\"https:\/\/genekas24.ee\/toode\/itcpower-dg16000se-t-diiselgeneraator-16-kva\/\",\"name\":\"ITCPOWER DG16000SE-T diiselgeneraator 16 kVA - Genekas24\",\"isPartOf\":{\"@id\":\"https:\/\/genekas24.ee\/#website\"},\"primaryImageOfPage\":{\"@id\":\"https:\/\/genekas24.ee\/toode\/itcpower-dg16000se-t-diiselgeneraator-16-kva\/#primaryimage\"},\"image\":{\"@id\":\"https:\/\/genekas24.ee\/toode\/itcpower-dg16000se-t-diiselgeneraator-16-kva\/#primaryimage\"},\"thumbnailUrl\":\"https:\/\/genekas24.ee\/wp-content\/uploads\/2026\/04\/dg16000se-t-generador-diesel-full-power-12kw-163kvas-itcpower-1.jpg\",\"datePublished\":\"2026-04-27T13:27:55+00:00\",\"dateModified\":\"2026-04-28T12:00:11+00:00\",\"breadcrumb\":{\"@id\":\"https:\/\/genekas24.ee\/toode\/itcpower-dg16000se-t-diiselgeneraator-16-kva\/#breadcrumb\"},\"inLanguage\":\"fi\",\"potentialAction\":[{\"@type\":\"ReadAction\",\"target\":[\"https:\/\/genekas24.ee\/toode\/itcpower-dg16000se-t-diiselgeneraator-16-kva\/\"]}]},{\"@type\":\"ImageObject\",\"inLanguage\":\"fi\",\"@id\":\"https:\/\/genekas24.ee\/toode\/itcpower-dg16000se-t-diiselgeneraator-16-kva\/#primaryimage\",\"url\":\"https:\/\/genekas24.ee\/wp-content\/uploads\/2026\/04\/dg16000se-t-generador-diesel-full-power-12kw-163kvas-itcpower-1.jpg\",\"contentUrl\":\"https:\/\/genekas24.ee\/wp-content\/uploads\/2026\/04\/dg16000se-t-generador-diesel-full-power-12kw-163kvas-itcpower-1.jpg\",\"width\":800,\"height\":800},{\"@type\":\"BreadcrumbList\",\"@id\":\"https:\/\/genekas24.ee\/toode\/itcpower-dg16000se-t-diiselgeneraator-16-kva\/#breadcrumb\",\"itemListElement\":[{\"@type\":\"ListItem\",\"position\":1,\"name\":\"Home\",\"item\":\"https:\/\/genekas24.ee\/\"},{\"@type\":\"ListItem\",\"position\":2,\"name\":\"Pood\",\"item\":\"https:\/\/genekas24.ee\/pood\/\"},{\"@type\":\"ListItem\",\"position\":3,\"name\":\"ITCPOWER DG16000SE-T diiselgeneraator 16 kVA\"}]},{\"@type\":\"WebSite\",\"@id\":\"https:\/\/genekas24.ee\/#website\",\"url\":\"https:\/\/genekas24.ee\/\",\"name\":\"Genekas24\",\"description\":\"Generaatorid | K&ouml;nner S&ouml;hnen tooted | Genekas24\",\"publisher\":{\"@id\":\"https:\/\/genekas24.ee\/#organization\"},\"potentialAction\":[{\"@type\":\"SearchAction\",\"target\":{\"@type\":\"EntryPoint\",\"urlTemplate\":\"https:\/\/genekas24.ee\/?s={search_term_string}\"},\"query-input\":{\"@type\":\"PropertyValueSpecification\",\"valueRequired\":true,\"valueName\":\"search_term_string\"}}],\"inLanguage\":\"fi\"},{\"@type\":\"Organization\",\"@id\":\"https:\/\/genekas24.ee\/#organization\",\"name\":\"Genekas24\",\"url\":\"https:\/\/genekas24.ee\/\",\"logo\":{\"@type\":\"ImageObject\",\"inLanguage\":\"fi\",\"@id\":\"https:\/\/genekas24.ee\/#\/schema\/logo\/image\/\",\"url\":\"https:\/\/genekas24.ee\/wp-content\/uploads\/2026\/01\/genekas24-logo_black.svg\",\"contentUrl\":\"https:\/\/genekas24.ee\/wp-content\/uploads\/2026\/01\/genekas24-logo_black.svg\",\"width\":840,\"height\":131,\"caption\":\"Genekas24\"},\"image\":{\"@id\":\"https:\/\/genekas24.ee\/#\/schema\/logo\/image\/\"}}]}<\/script>\n<!-- \/ Yoast SEO plugin. -->","yoast_head_json":{"title":"ITCPOWER DG16000SE-T diiselgeneraator 16 kVA - Genekas24","robots":{"index":"index","follow":"follow","max-snippet":"max-snippet:-1","max-image-preview":"max-image-preview:large","max-video-preview":"max-video-preview:-1"},"canonical":"https:\/\/genekas24.ee\/fi\/tuote\/itcpower-dg16000se-t-diiselgeneraator-16-kva\/","og_locale":"fi_FI","og_type":"article","og_title":"ITCPOWER DG16000SE-T diiselgeneraator 16 kVA - Genekas24","og_description":"Pinge T\u00e4isv\u00f5imsus 400 V \/ 230 V   Maksimaalne v\u00f5imsus 12 kW \/ 16,3 kVA   Nimiv\u00f5imsus 11 kW \/ 15 kVA   Sagedus 50 Hz   V\u00e4ljundid 63A (\u00fchefaasiline) \/ 32A (kolmefaasiline)   Aku Jah   M\u00fcratase 7 m kaugusel 12 V \/ 8,3 Ah   Mootori mudel DV1000E   T\u00f6\u00f6maht 997 cc   \u00d5limaht 3,5 L   Generaator \u2013 pingeregulatsioon 1 \/ 0,8   \u00dclekoormuse indikaator Jah   Brutokaal 310 kg   Toote m\u00f5\u00f5dud 110 x 66 x 88 cm   Pakendi m\u00f5\u00f5dud 115 x 72 x 105 cm   K\u00e4ivitamine Elektriline   Mootori v\u00f5imsus 20,4 HP   Kaal 295 kg   T\u00f6\u00f6aeg 75% koormusel 10 tundi   Voolutugevus 52,2 A (\u00fchefaasiline) \/ 23,5 A (kolmefaasiline)   Paagi maht 46 L","og_url":"https:\/\/genekas24.ee\/fi\/tuote\/itcpower-dg16000se-t-diiselgeneraator-16-kva\/","og_site_name":"Genekas24","article_modified_time":"2026-04-28T12:00:11+00:00","og_image":[{"width":800,"height":800,"url":"https:\/\/genekas24.ee\/wp-content\/uploads\/2026\/04\/dg16000se-t-generador-diesel-full-power-12kw-163kvas-itcpower-1.jpg","type":"image\/jpeg"}],"twitter_card":"summary_large_image","twitter_misc":{"Arvioitu lukuaika":"1 minuutti"},"schema":{"@context":"https:\/\/schema.org","@graph":[{"@type":"WebPage","@id":"https:\/\/genekas24.ee\/toode\/itcpower-dg16000se-t-diiselgeneraator-16-kva\/","url":"https:\/\/genekas24.ee\/toode\/itcpower-dg16000se-t-diiselgeneraator-16-kva\/","name":"ITCPOWER DG16000SE-T diiselgeneraator 16 kVA - Genekas24","isPartOf":{"@id":"https:\/\/genekas24.ee\/#website"},"primaryImageOfPage":{"@id":"https:\/\/genekas24.ee\/toode\/itcpower-dg16000se-t-diiselgeneraator-16-kva\/#primaryimage"},"image":{"@id":"https:\/\/genekas24.ee\/toode\/itcpower-dg16000se-t-diiselgeneraator-16-kva\/#primaryimage"},"thumbnailUrl":"https:\/\/genekas24.ee\/wp-content\/uploads\/2026\/04\/dg16000se-t-generador-diesel-full-power-12kw-163kvas-itcpower-1.jpg","datePublished":"2026-04-27T13:27:55+00:00","dateModified":"2026-04-28T12:00:11+00:00","breadcrumb":{"@id":"https:\/\/genekas24.ee\/toode\/itcpower-dg16000se-t-diiselgeneraator-16-kva\/#breadcrumb"},"inLanguage":"fi","potentialAction":[{"@type":"ReadAction","target":["https:\/\/genekas24.ee\/toode\/itcpower-dg16000se-t-diiselgeneraator-16-kva\/"]}]},{"@type":"ImageObject","inLanguage":"fi","@id":"https:\/\/genekas24.ee\/toode\/itcpower-dg16000se-t-diiselgeneraator-16-kva\/#primaryimage","url":"https:\/\/genekas24.ee\/wp-content\/uploads\/2026\/04\/dg16000se-t-generador-diesel-full-power-12kw-163kvas-itcpower-1.jpg","contentUrl":"https:\/\/genekas24.ee\/wp-content\/uploads\/2026\/04\/dg16000se-t-generador-diesel-full-power-12kw-163kvas-itcpower-1.jpg","width":800,"height":800},{"@type":"BreadcrumbList","@id":"https:\/\/genekas24.ee\/toode\/itcpower-dg16000se-t-diiselgeneraator-16-kva\/#breadcrumb","itemListElement":[{"@type":"ListItem","position":1,"name":"Home","item":"https:\/\/genekas24.ee\/"},{"@type":"ListItem","position":2,"name":"Pood","item":"https:\/\/genekas24.ee\/pood\/"},{"@type":"ListItem","position":3,"name":"ITCPOWER DG16000SE-T diiselgeneraator 16 kVA"}]},{"@type":"WebSite","@id":"https:\/\/genekas24.ee\/#website","url":"https:\/\/genekas24.ee\/","name":"Genekas24","description":"Generaatorid | K&ouml;nner S&ouml;hnen tooted | Genekas24","publisher":{"@id":"https:\/\/genekas24.ee\/#organization"},"potentialAction":[{"@type":"SearchAction","target":{"@type":"EntryPoint","urlTemplate":"https:\/\/genekas24.ee\/?s={search_term_string}"},"query-input":{"@type":"PropertyValueSpecification","valueRequired":true,"valueName":"search_term_string"}}],"inLanguage":"fi"},{"@type":"Organization","@id":"https:\/\/genekas24.ee\/#organization","name":"Genekas24","url":"https:\/\/genekas24.ee\/","logo":{"@type":"ImageObject","inLanguage":"fi","@id":"https:\/\/genekas24.ee\/#\/schema\/logo\/image\/","url":"https:\/\/genekas24.ee\/wp-content\/uploads\/2026\/01\/genekas24-logo_black.svg","contentUrl":"https:\/\/genekas24.ee\/wp-content\/uploads\/2026\/01\/genekas24-logo_black.svg","width":840,"height":131,"caption":"Genekas24"},"image":{"@id":"https:\/\/genekas24.ee\/#\/schema\/logo\/image\/"}}]}},"_links":{"self":[{"href":"https:\/\/genekas24.ee\/fi\/wp-json\/wp\/v2\/product\/23366","targetHints":{"allow":["GET"]}}],"collection":[{"href":"https:\/\/genekas24.ee\/fi\/wp-json\/wp\/v2\/product"}],"about":[{"href":"https:\/\/genekas24.ee\/fi\/wp-json\/wp\/v2\/types\/product"}],"version-history":[{"count":3,"href":"https:\/\/genekas24.ee\/fi\/wp-json\/wp\/v2\/product\/23366\/revisions"}],"predecessor-version":[{"id":23407,"href":"https:\/\/genekas24.ee\/fi\/wp-json\/wp\/v2\/product\/23366\/revisions\/23407"}],"wp:featuredmedia":[{"embeddable":true,"href":"https:\/\/genekas24.ee\/fi\/wp-json\/wp\/v2\/media\/23368"}],"wp:attachment":[{"href":"https:\/\/genekas24.ee\/fi\/wp-json\/wp\/v2\/media?parent=23366"}],"wp:term":[{"taxonomy":"product_brand","embeddable":true,"href":"https:\/\/genekas24.ee\/fi\/wp-json\/wp\/v2\/product_brand?post=23366"},{"taxonomy":"product_cat","embeddable":true,"href":"https:\/\/genekas24.ee\/fi\/wp-json\/wp\/v2\/product_cat?post=23366"},{"taxonomy":"product_tag","embeddable":true,"href":"https:\/\/genekas24.ee\/fi\/wp-json\/wp\/v2\/product_tag?post=23366"}],"curies":[{"name":"wp","href":"https:\/\/api.w.org\/{rel}","templated":true}]}}