{"id":23333,"date":"2026-04-20T08:05:23","date_gmt":"2026-04-20T08:05:23","guid":{"rendered":"https:\/\/genekas24.ee\/?post_type=product&#038;p=23333"},"modified":"2026-04-20T08:05:23","modified_gmt":"2026-04-20T08:05:23","slug":"invertergenerator-mxr6000gt","status":"publish","type":"product","link":"https:\/\/genekas24.ee\/fi\/tuote\/invertergenerator-mxr6000gt\/","title":{"rendered":"Invertergenerator MXR6000GT"},"content":{"rendered":"","protected":false},"excerpt":{"rendered":"<table>\n<tbody>\n<tr>\n<td>T\u00f6\u00f6v\u00f5imsus<\/td>\n<td>5000 W<\/td>\n<\/tr>\n<tr>\n<td>Maksimaalne v\u00f5imsus<\/td>\n<td>5500 W<\/td>\n<\/tr>\n<tr>\n<td>Mootor<\/td>\n<td>4-taktiline 224 cm\u00b3 OHV, \u00f5hkjahutusega<\/td>\n<\/tr>\n<tr>\n<td>T\u00f6\u00f6vool<\/td>\n<td>21,7 A<\/td>\n<\/tr>\n<tr>\n<td>K\u00e4ivituss\u00fcsteem<\/td>\n<td>k\u00e4sistarter \/ elektriline \/ Bluetooth \u00e4pp<\/td>\n<\/tr>\n<tr>\n<td>M\u00fcratase (7 m)<\/td>\n<td>62 dB<\/td>\n<\/tr>\n<tr>\n<td>K\u00fctusepaagi maht<\/td>\n<td>11,5 l<\/td>\n<\/tr>\n<tr>\n<td>\u00d5limaht<\/td>\n<td>0,7 l<\/td>\n<\/tr>\n<tr>\n<td>T\u00f6\u00f6aeg 25% koormusel<\/td>\n<td>9,5 h<\/td>\n<\/tr>\n<tr>\n<td>T\u00f6\u00f6aeg 50% koormusel<\/td>\n<td>6,7 h<\/td>\n<\/tr>\n<tr>\n<td>LED indikaatorid<\/td>\n<td>madal \u00f5litase \/ \u00fclekoormus \/ v\u00e4ljund valmis<\/td>\n<\/tr>\n<tr>\n<td>Eco-re\u017eiim<\/td>\n<td>jah<\/td>\n<\/tr>\n<tr>\n<td>Paralleelvalmidus<\/td>\n<td>jah<\/td>\n<\/tr>\n<tr>\n<td>Digitaalne m\u00f5\u00f5dik<\/td>\n<td>jah<\/td>\n<\/tr>\n<tr>\n<td>Generaatori m\u00f5\u00f5dud (P \u00d7 L \u00d7 K)<\/td>\n<td>58 \u00d7 44 \u00d7 50 cm<\/td>\n<\/tr>\n<tr>\n<td>Pakendi m\u00f5\u00f5dud (P \u00d7 L \u00d7 K)<\/td>\n<td>69,5 \u00d7 51,5 \u00d7 58 cm<\/td>\n<\/tr>\n<tr>\n<td>Netokaal<\/td>\n<td>46 kg<\/td>\n<\/tr>\n<tr>\n<td>Brutokaal<\/td>\n<td>51 kg<\/td>\n<\/tr>\n<\/tbody>\n<\/table>","protected":false},"featured_media":23334,"template":"","meta":{"_acf_changed":false,"inline_featured_image":false},"product_brand":[],"product_cat":[94,23],"product_tag":[],"class_list":{"0":"post-23333","1":"product","2":"type-product","3":"status-publish","4":"has-post-thumbnail","6":"product_cat-generaatorid","7":"product_cat-invertergeneraatorid","8":"product_shipping_class-poolalus","9":"brand-maxpeedingrods","11":"first","12":"instock","13":"taxable","14":"shipping-taxable","15":"purchasable","16":"product-type-simple"},"acf":[],"yoast_head":"<!-- This site is optimized with the Yoast SEO plugin v27.2 - https:\/\/yoast.com\/product\/yoast-seo-wordpress\/ -->\n<title>Invertergenerator MXR6000GT - Genekas24<\/title>\n<meta name=\"robots\" content=\"index, follow, max-snippet:-1, max-image-preview:large, max-video-preview:-1\" \/>\n<link rel=\"canonical\" href=\"https:\/\/genekas24.ee\/fi\/tuote\/invertergenerator-mxr6000gt\/\" \/>\n<meta property=\"og:locale\" content=\"fi_FI\" \/>\n<meta property=\"og:type\" content=\"article\" \/>\n<meta property=\"og:title\" content=\"Invertergenerator MXR6000GT - Genekas24\" \/>\n<meta property=\"og:description\" content=\"T\u00f6\u00f6v\u00f5imsus 5000 W   Maksimaalne v\u00f5imsus 5500 W   Mootor 4-taktiline 224 cm\u00b3 OHV, \u00f5hkjahutusega   T\u00f6\u00f6vool 21,7 A   K\u00e4ivituss\u00fcsteem k\u00e4sistarter \/ elektriline \/ Bluetooth \u00e4pp   M\u00fcratase (7 m) 62 dB   K\u00fctusepaagi maht 11,5 l   \u00d5limaht 0,7 l   T\u00f6\u00f6aeg 25% koormusel 9,5 h   T\u00f6\u00f6aeg 50% koormusel 6,7 h   LED indikaatorid madal \u00f5litase \/ \u00fclekoormus \/ v\u00e4ljund valmis   Eco-re\u017eiim jah   Paralleelvalmidus jah   Digitaalne m\u00f5\u00f5dik jah   Generaatori m\u00f5\u00f5dud (P \u00d7 L \u00d7 K) 58 \u00d7 44 \u00d7 50 cm   Pakendi m\u00f5\u00f5dud (P \u00d7 L \u00d7 K) 69,5 \u00d7 51,5 \u00d7 58 cm   Netokaal 46 kg   Brutokaal 51 kg\" \/>\n<meta property=\"og:url\" content=\"https:\/\/genekas24.ee\/fi\/tuote\/invertergenerator-mxr6000gt\/\" \/>\n<meta property=\"og:site_name\" content=\"Genekas24\" \/>\n<meta property=\"og:image\" content=\"https:\/\/genekas24.ee\/wp-content\/uploads\/2026\/04\/mxr6000gt-eu1.jpg\" \/>\n\t<meta property=\"og:image:width\" content=\"1600\" \/>\n\t<meta property=\"og:image:height\" content=\"1600\" \/>\n\t<meta property=\"og:image:type\" content=\"image\/jpeg\" \/>\n<meta name=\"twitter:card\" content=\"summary_large_image\" \/>\n<meta name=\"twitter:label1\" content=\"Arvioitu lukuaika\" \/>\n\t<meta name=\"twitter:data1\" content=\"1 minuutti\" \/>\n<script type=\"application\/ld+json\" class=\"yoast-schema-graph\">{\"@context\":\"https:\/\/schema.org\",\"@graph\":[{\"@type\":\"WebPage\",\"@id\":\"https:\/\/genekas24.ee\/toode\/invertergenerator-mxr6000gt\/\",\"url\":\"https:\/\/genekas24.ee\/toode\/invertergenerator-mxr6000gt\/\",\"name\":\"Invertergenerator MXR6000GT - Genekas24\",\"isPartOf\":{\"@id\":\"https:\/\/genekas24.ee\/#website\"},\"primaryImageOfPage\":{\"@id\":\"https:\/\/genekas24.ee\/toode\/invertergenerator-mxr6000gt\/#primaryimage\"},\"image\":{\"@id\":\"https:\/\/genekas24.ee\/toode\/invertergenerator-mxr6000gt\/#primaryimage\"},\"thumbnailUrl\":\"https:\/\/genekas24.ee\/wp-content\/uploads\/2026\/04\/mxr6000gt-eu1.jpg\",\"datePublished\":\"2026-04-20T08:05:23+00:00\",\"breadcrumb\":{\"@id\":\"https:\/\/genekas24.ee\/toode\/invertergenerator-mxr6000gt\/#breadcrumb\"},\"inLanguage\":\"fi\",\"potentialAction\":[{\"@type\":\"ReadAction\",\"target\":[\"https:\/\/genekas24.ee\/toode\/invertergenerator-mxr6000gt\/\"]}]},{\"@type\":\"ImageObject\",\"inLanguage\":\"fi\",\"@id\":\"https:\/\/genekas24.ee\/toode\/invertergenerator-mxr6000gt\/#primaryimage\",\"url\":\"https:\/\/genekas24.ee\/wp-content\/uploads\/2026\/04\/mxr6000gt-eu1.jpg\",\"contentUrl\":\"https:\/\/genekas24.ee\/wp-content\/uploads\/2026\/04\/mxr6000gt-eu1.jpg\",\"width\":1600,\"height\":1600},{\"@type\":\"BreadcrumbList\",\"@id\":\"https:\/\/genekas24.ee\/toode\/invertergenerator-mxr6000gt\/#breadcrumb\",\"itemListElement\":[{\"@type\":\"ListItem\",\"position\":1,\"name\":\"Home\",\"item\":\"https:\/\/genekas24.ee\/\"},{\"@type\":\"ListItem\",\"position\":2,\"name\":\"Pood\",\"item\":\"https:\/\/genekas24.ee\/pood\/\"},{\"@type\":\"ListItem\",\"position\":3,\"name\":\"Invertergenerator MXR6000GT\"}]},{\"@type\":\"WebSite\",\"@id\":\"https:\/\/genekas24.ee\/#website\",\"url\":\"https:\/\/genekas24.ee\/\",\"name\":\"Genekas24\",\"description\":\"Generaatorid | K&ouml;nner S&ouml;hnen tooted | Genekas24\",\"publisher\":{\"@id\":\"https:\/\/genekas24.ee\/#organization\"},\"potentialAction\":[{\"@type\":\"SearchAction\",\"target\":{\"@type\":\"EntryPoint\",\"urlTemplate\":\"https:\/\/genekas24.ee\/?s={search_term_string}\"},\"query-input\":{\"@type\":\"PropertyValueSpecification\",\"valueRequired\":true,\"valueName\":\"search_term_string\"}}],\"inLanguage\":\"fi\"},{\"@type\":\"Organization\",\"@id\":\"https:\/\/genekas24.ee\/#organization\",\"name\":\"Genekas24\",\"url\":\"https:\/\/genekas24.ee\/\",\"logo\":{\"@type\":\"ImageObject\",\"inLanguage\":\"fi\",\"@id\":\"https:\/\/genekas24.ee\/#\/schema\/logo\/image\/\",\"url\":\"https:\/\/genekas24.ee\/wp-content\/uploads\/2026\/01\/genekas24-logo_black.svg\",\"contentUrl\":\"https:\/\/genekas24.ee\/wp-content\/uploads\/2026\/01\/genekas24-logo_black.svg\",\"width\":840,\"height\":131,\"caption\":\"Genekas24\"},\"image\":{\"@id\":\"https:\/\/genekas24.ee\/#\/schema\/logo\/image\/\"}}]}<\/script>\n<!-- \/ Yoast SEO plugin. -->","yoast_head_json":{"title":"Invertergenerator MXR6000GT - Genekas24","robots":{"index":"index","follow":"follow","max-snippet":"max-snippet:-1","max-image-preview":"max-image-preview:large","max-video-preview":"max-video-preview:-1"},"canonical":"https:\/\/genekas24.ee\/fi\/tuote\/invertergenerator-mxr6000gt\/","og_locale":"fi_FI","og_type":"article","og_title":"Invertergenerator MXR6000GT - Genekas24","og_description":"T\u00f6\u00f6v\u00f5imsus 5000 W   Maksimaalne v\u00f5imsus 5500 W   Mootor 4-taktiline 224 cm\u00b3 OHV, \u00f5hkjahutusega   T\u00f6\u00f6vool 21,7 A   K\u00e4ivituss\u00fcsteem k\u00e4sistarter \/ elektriline \/ Bluetooth \u00e4pp   M\u00fcratase (7 m) 62 dB   K\u00fctusepaagi maht 11,5 l   \u00d5limaht 0,7 l   T\u00f6\u00f6aeg 25% koormusel 9,5 h   T\u00f6\u00f6aeg 50% koormusel 6,7 h   LED indikaatorid madal \u00f5litase \/ \u00fclekoormus \/ v\u00e4ljund valmis   Eco-re\u017eiim jah   Paralleelvalmidus jah   Digitaalne m\u00f5\u00f5dik jah   Generaatori m\u00f5\u00f5dud (P \u00d7 L \u00d7 K) 58 \u00d7 44 \u00d7 50 cm   Pakendi m\u00f5\u00f5dud (P \u00d7 L \u00d7 K) 69,5 \u00d7 51,5 \u00d7 58 cm   Netokaal 46 kg   Brutokaal 51 kg","og_url":"https:\/\/genekas24.ee\/fi\/tuote\/invertergenerator-mxr6000gt\/","og_site_name":"Genekas24","og_image":[{"width":1600,"height":1600,"url":"https:\/\/genekas24.ee\/wp-content\/uploads\/2026\/04\/mxr6000gt-eu1.jpg","type":"image\/jpeg"}],"twitter_card":"summary_large_image","twitter_misc":{"Arvioitu lukuaika":"1 minuutti"},"schema":{"@context":"https:\/\/schema.org","@graph":[{"@type":"WebPage","@id":"https:\/\/genekas24.ee\/toode\/invertergenerator-mxr6000gt\/","url":"https:\/\/genekas24.ee\/toode\/invertergenerator-mxr6000gt\/","name":"Invertergenerator MXR6000GT - Genekas24","isPartOf":{"@id":"https:\/\/genekas24.ee\/#website"},"primaryImageOfPage":{"@id":"https:\/\/genekas24.ee\/toode\/invertergenerator-mxr6000gt\/#primaryimage"},"image":{"@id":"https:\/\/genekas24.ee\/toode\/invertergenerator-mxr6000gt\/#primaryimage"},"thumbnailUrl":"https:\/\/genekas24.ee\/wp-content\/uploads\/2026\/04\/mxr6000gt-eu1.jpg","datePublished":"2026-04-20T08:05:23+00:00","breadcrumb":{"@id":"https:\/\/genekas24.ee\/toode\/invertergenerator-mxr6000gt\/#breadcrumb"},"inLanguage":"fi","potentialAction":[{"@type":"ReadAction","target":["https:\/\/genekas24.ee\/toode\/invertergenerator-mxr6000gt\/"]}]},{"@type":"ImageObject","inLanguage":"fi","@id":"https:\/\/genekas24.ee\/toode\/invertergenerator-mxr6000gt\/#primaryimage","url":"https:\/\/genekas24.ee\/wp-content\/uploads\/2026\/04\/mxr6000gt-eu1.jpg","contentUrl":"https:\/\/genekas24.ee\/wp-content\/uploads\/2026\/04\/mxr6000gt-eu1.jpg","width":1600,"height":1600},{"@type":"BreadcrumbList","@id":"https:\/\/genekas24.ee\/toode\/invertergenerator-mxr6000gt\/#breadcrumb","itemListElement":[{"@type":"ListItem","position":1,"name":"Home","item":"https:\/\/genekas24.ee\/"},{"@type":"ListItem","position":2,"name":"Pood","item":"https:\/\/genekas24.ee\/pood\/"},{"@type":"ListItem","position":3,"name":"Invertergenerator MXR6000GT"}]},{"@type":"WebSite","@id":"https:\/\/genekas24.ee\/#website","url":"https:\/\/genekas24.ee\/","name":"Genekas24","description":"Generaatorid | K&ouml;nner S&ouml;hnen tooted | Genekas24","publisher":{"@id":"https:\/\/genekas24.ee\/#organization"},"potentialAction":[{"@type":"SearchAction","target":{"@type":"EntryPoint","urlTemplate":"https:\/\/genekas24.ee\/?s={search_term_string}"},"query-input":{"@type":"PropertyValueSpecification","valueRequired":true,"valueName":"search_term_string"}}],"inLanguage":"fi"},{"@type":"Organization","@id":"https:\/\/genekas24.ee\/#organization","name":"Genekas24","url":"https:\/\/genekas24.ee\/","logo":{"@type":"ImageObject","inLanguage":"fi","@id":"https:\/\/genekas24.ee\/#\/schema\/logo\/image\/","url":"https:\/\/genekas24.ee\/wp-content\/uploads\/2026\/01\/genekas24-logo_black.svg","contentUrl":"https:\/\/genekas24.ee\/wp-content\/uploads\/2026\/01\/genekas24-logo_black.svg","width":840,"height":131,"caption":"Genekas24"},"image":{"@id":"https:\/\/genekas24.ee\/#\/schema\/logo\/image\/"}}]}},"_links":{"self":[{"href":"https:\/\/genekas24.ee\/fi\/wp-json\/wp\/v2\/product\/23333","targetHints":{"allow":["GET"]}}],"collection":[{"href":"https:\/\/genekas24.ee\/fi\/wp-json\/wp\/v2\/product"}],"about":[{"href":"https:\/\/genekas24.ee\/fi\/wp-json\/wp\/v2\/types\/product"}],"version-history":[{"count":2,"href":"https:\/\/genekas24.ee\/fi\/wp-json\/wp\/v2\/product\/23333\/revisions"}],"predecessor-version":[{"id":23340,"href":"https:\/\/genekas24.ee\/fi\/wp-json\/wp\/v2\/product\/23333\/revisions\/23340"}],"wp:featuredmedia":[{"embeddable":true,"href":"https:\/\/genekas24.ee\/fi\/wp-json\/wp\/v2\/media\/23334"}],"wp:attachment":[{"href":"https:\/\/genekas24.ee\/fi\/wp-json\/wp\/v2\/media?parent=23333"}],"wp:term":[{"taxonomy":"product_brand","embeddable":true,"href":"https:\/\/genekas24.ee\/fi\/wp-json\/wp\/v2\/product_brand?post=23333"},{"taxonomy":"product_cat","embeddable":true,"href":"https:\/\/genekas24.ee\/fi\/wp-json\/wp\/v2\/product_cat?post=23333"},{"taxonomy":"product_tag","embeddable":true,"href":"https:\/\/genekas24.ee\/fi\/wp-json\/wp\/v2\/product_tag?post=23333"}],"curies":[{"name":"wp","href":"https:\/\/api.w.org\/{rel}","templated":true}]}}