{"id":23315,"date":"2026-04-20T07:43:49","date_gmt":"2026-04-20T07:43:49","guid":{"rendered":"https:\/\/genekas24.ee\/?post_type=product&#038;p=23315"},"modified":"2026-04-20T07:43:50","modified_gmt":"2026-04-20T07:43:50","slug":"lpg-bensiini-invertergeneraator-bluetoothiga-mxr4000gt","status":"publish","type":"product","link":"https:\/\/genekas24.ee\/fi\/tuote\/lpg-bensiini-invertergeneraator-bluetoothiga-mxr4000gt\/","title":{"rendered":"LPG\/bensiini invertergeneraator Bluetoothiga MXR4000GT"},"content":{"rendered":"<div class=\"text-base my-auto mx-auto [--thread-content-margin:var(--thread-content-margin-xs,calc(var(--spacing)*4))] @w-sm\/main:[--thread-content-margin:var(--thread-content-margin-sm,calc(var(--spacing)*6))] @w-lg\/main:[--thread-content-margin:var(--thread-content-margin-lg,calc(var(--spacing)*16))] px-(--thread-content-margin)\">\n<div class=\"[--thread-content-max-width:40rem] @w-lg\/main:[--thread-content-max-width:48rem] mx-auto max-w-(--thread-content-max-width) flex-1 group\/turn-messages focus-visible:outline-hidden relative flex w-full min-w-0 flex-col agent-turn\">\n<div class=\"flex max-w-full flex-col gap-4 grow\">\n<div class=\"min-h-8 text-message relative flex w-full flex-col items-end gap-2 text-start break-words whitespace-normal outline-none keyboard-focused:focus-ring [.text-message+&amp;]:mt-1\" dir=\"auto\" data-message-author-role=\"assistant\" data-message-id=\"71b74a58-ae02-426f-99f2-7cee25cd13ce\" data-message-model-slug=\"gpt-5-3-mini\">\n<div class=\"flex w-full flex-col gap-1 empty:hidden\">\n<div class=\"markdown prose dark:prose-invert w-full wrap-break-word light markdown-new-styling\">\n<p data-start=\"1900\" data-end=\"2042\" data-is-last-node=\"\" data-is-only-node=\"\"><strong>V\u00f5imas mootor<\/strong> \u2013 Generaatorit k\u00e4itab 145 cm\u00b3 OHV-mootor. Bensiiniga: maksimaalne v\u00f5imsus 3500 W, t\u00f6\u00f6v\u00f5imsus 3100 W; LPG-ga: maksimaalne v\u00f5imsus 3200 W, t\u00f6\u00f6v\u00f5imsus 2800 W.<\/p>\n<p data-start=\"1900\" data-end=\"2042\" data-is-last-node=\"\" data-is-only-node=\"\"><strong> Lihtne k\u00e4ivitus<\/strong> \u2013 On kolm lihtsat k\u00e4ivitusviisi: elektriline k\u00e4ivitus, \u00e4pist k\u00e4ivitus ja k\u00e4sistarter. Kiirk\u00e4ivituse tehnoloogia tagab, et masin on t\u00f6\u00f6valmis m\u00f5ne sekundiga. Uue seadme saab kiiresti kasutusele v\u00f5tta.<\/p>\n<p data-start=\"1900\" data-end=\"2042\" data-is-last-node=\"\" data-is-only-node=\"\"><strong> Nutikas juhtimine ja j\u00e4lgimine<\/strong> \u2013 Kui rakendus on Bluetoothi kaudu \u00fchendatud, saab generaatori k\u00e4ivitada ja peatada. P\u00e4rast k\u00e4ivitamist saab \u00e4pist ECO-re\u017eiimi sisse ja v\u00e4lja l\u00fclitada ning j\u00e4lgida reaalajas pinget, sagedust, koormust, allesj\u00e4\u00e4nud k\u00fctust, \u00fche k\u00e4ivituse t\u00f6\u00f6aega, kogut\u00f6\u00f6aega ja generaatori olekut.<\/p>\n<p data-start=\"1900\" data-end=\"2042\" data-is-last-node=\"\" data-is-only-node=\"\"><strong>Kahek\u00fctuseline s\u00fcsteem<\/strong> \u2013 Bensiin ja LPG saab \u00fche nupuvajutusega vahetada. LPG tekitab v\u00e4hem heitmeid ja on energiat\u00f5husam. Samuti vajab see v\u00e4hem hooldust kui bensiin ning on seet\u00f5ttu kuluefektiivsem.<\/p>\n<p data-start=\"1900\" data-end=\"2042\" data-is-last-node=\"\" data-is-only-node=\"\"><strong>Ohutus<\/strong> \u2013 Generaator annab m\u00e4rku \u00f5litaseme ja \u00fclekoormuse kohta ning palju muud. K\u00f5ik hoiatused on selgelt n\u00e4htavad seadme indikaatoritel ning v\u00f5ivad k\u00e4ivitada automaatse v\u00e4ljal\u00fclituse, et kaitsta nii kasutajat kui seadet.<\/p>\n<p data-start=\"1900\" data-end=\"2042\" data-is-last-node=\"\" data-is-only-node=\"\"><strong> Mitmek\u00fclgne kasutus<\/strong> \u2013 Kompaktne ja kerge disain sobib telkimiseks, pidudeks, aeda, matkaautoga reisimiseks ja muuks vaba aja tegevuseks. Samuti sobib see h\u00e4daolukorra varutoiteks voolukatkestuse ajal ekstreemsetes ilmastikuoludes. Juhtpaneelil olev LED-riba pakub ka h\u00e4daolukorra valgustust.<\/p>\n<p data-start=\"1900\" data-end=\"2042\" data-is-last-node=\"\" data-is-only-node=\"\"><strong>Puhas vool<\/strong> \u2013 Invertertehnoloogia toodab puhast siinusvoolu, mis on ohutu tundlikele seadmetele ega kahjusta elektroonikat. Sobib telefonide, s\u00fclearvutite, kaamerate ja muu laadimiseks.<\/p>\n<p data-start=\"1900\" data-end=\"2042\" data-is-last-node=\"\" data-is-only-node=\"\"><strong>Vaikne t\u00f6\u00f6<\/strong> \u2013 M\u00fcratase on vaid 58 dB ECO-re\u017eiimis 7 meetri kaugusel 25% koormusel. See on sama vaikne kui tavaline vestlus v\u00f5i t\u00f6\u00f6tav n\u00f5udepesumasin ning sobib kasutamiseks ilma teisi h\u00e4irimata.<\/p>\n<p data-start=\"1900\" data-end=\"2042\" data-is-last-node=\"\" data-is-only-node=\"\"><strong>Paralleelvalmidus<\/strong> \u2013 Kaks generaatorit saab kasutada paralleelselt. Paralleelkomplekt tuleb osta eraldi ning v\u00f5imaldab v\u00f5imsust kahekordistada.<\/p>\n<\/div>\n<\/div>\n<\/div>\n<\/div>\n<div class=\"z-0 flex min-h-[46px] justify-start\"><\/div>\n<\/div>\n<\/div>\n","protected":false},"excerpt":{"rendered":"<table>\n<tbody>\n<tr>\n<td>T\u00f6\u00f6v\u00f5imsus<\/td>\n<td>3200 W (bensiin) \/ 2800 W (LPG)<\/td>\n<\/tr>\n<tr>\n<td>K\u00e4ivitusv\u00f5imsus<\/td>\n<td>3500 W (bensiin) \/ 3100 W (LPG)<\/td>\n<\/tr>\n<tr>\n<td>K\u00fctus<\/td>\n<td>bensiin \/ propaan (LPG)<\/td>\n<\/tr>\n<tr>\n<td>T\u00f6\u00f6aeg 25% koormusel<\/td>\n<td>7 h (bensiin) \/ 20 h (LPG)<\/td>\n<\/tr>\n<tr>\n<td>K\u00e4ivituss\u00fcsteem<\/td>\n<td>k\u00e4sistarter \/ elektriline k\u00e4ivitus \/ Bluetooth<\/td>\n<\/tr>\n<tr>\n<td>T\u00f6\u00f6vool<\/td>\n<td>13,9 A (bensiin) \/ 12,1 A (LPG)<\/td>\n<\/tr>\n<tr>\n<td>K\u00fctusepaagi maht<\/td>\n<td>4 l<\/td>\n<\/tr>\n<tr>\n<td>\u00d5limaht<\/td>\n<td>0,45 l<\/td>\n<\/tr>\n<tr>\n<td>Mootor<\/td>\n<td>4-taktiline 145 cm\u00b3 OHV, \u00f5hkjahutusega<\/td>\n<\/tr>\n<tr>\n<td>K\u00fctus (t\u00e4psustus)<\/td>\n<td>unleaded gasoline<\/td>\n<\/tr>\n<tr>\n<td>M\u00fcratase (7 m)<\/td>\n<td>58 dB<\/td>\n<\/tr>\n<tr>\n<td>Generaatori m\u00f5\u00f5dud (P \u00d7 L \u00d7 K)<\/td>\n<td>48 \u00d7 30,5 \u00d7 44 cm<\/td>\n<\/tr>\n<tr>\n<td>Pakendi m\u00f5\u00f5dud (P \u00d7 L \u00d7 K)<\/td>\n<td>51 \u00d7 33,5 \u00d7 48,5 cm<\/td>\n<\/tr>\n<tr>\n<td>Netokaal<\/td>\n<td>24 kg<\/td>\n<\/tr>\n<tr>\n<td>Brutokaal<\/td>\n<td>27 kg<\/td>\n<\/tr>\n<\/tbody>\n<\/table>","protected":false},"featured_media":23316,"template":"","meta":{"_acf_changed":false,"inline_featured_image":false},"product_brand":[],"product_cat":[94,23,24],"product_tag":[],"class_list":{"0":"post-23315","1":"product","2":"type-product","3":"status-publish","4":"has-post-thumbnail","6":"product_cat-generaatorid","7":"product_cat-invertergeneraatorid","8":"product_cat-lpg-bensiinigeneraatorid","9":"product_shipping_class-vaikepakk","10":"brand-maxpeedingrods","12":"first","13":"instock","14":"taxable","15":"shipping-taxable","16":"purchasable","17":"product-type-simple"},"acf":[],"yoast_head":"<!-- This site is optimized with the Yoast SEO plugin v27.2 - https:\/\/yoast.com\/product\/yoast-seo-wordpress\/ -->\n<title>LPG\/bensiini invertergeneraator Bluetoothiga MXR4000GT - Genekas24<\/title>\n<meta name=\"robots\" content=\"index, follow, max-snippet:-1, max-image-preview:large, max-video-preview:-1\" \/>\n<link rel=\"canonical\" href=\"https:\/\/genekas24.ee\/fi\/tuote\/lpg-bensiini-invertergeneraator-bluetoothiga-mxr4000gt\/\" \/>\n<meta property=\"og:locale\" content=\"fi_FI\" \/>\n<meta property=\"og:type\" content=\"article\" \/>\n<meta property=\"og:title\" content=\"LPG\/bensiini invertergeneraator Bluetoothiga MXR4000GT - Genekas24\" \/>\n<meta property=\"og:description\" content=\"T\u00f6\u00f6v\u00f5imsus 3200 W (bensiin) \/ 2800 W (LPG)   K\u00e4ivitusv\u00f5imsus 3500 W (bensiin) \/ 3100 W (LPG)   K\u00fctus bensiin \/ propaan (LPG)   T\u00f6\u00f6aeg 25% koormusel 7 h (bensiin) \/ 20 h (LPG)   K\u00e4ivituss\u00fcsteem k\u00e4sistarter \/ elektriline k\u00e4ivitus \/ Bluetooth   T\u00f6\u00f6vool 13,9 A (bensiin) \/ 12,1 A (LPG)   K\u00fctusepaagi maht 4 l   \u00d5limaht 0,45 l   Mootor 4-taktiline 145 cm\u00b3 OHV, \u00f5hkjahutusega   K\u00fctus (t\u00e4psustus) pliivaba bensiin   M\u00fcratase (7 m) 58 dB   Generaatori m\u00f5\u00f5dud (P \u00d7 L \u00d7 K) 48 \u00d7 30,5 \u00d7 44 cm   Pakendi m\u00f5\u00f5dud (P \u00d7 L \u00d7 K) 51 \u00d7 33,5 \u00d7 48,5 cm   Netokaal 24 kg   Brutokaal 27 kg\" \/>\n<meta property=\"og:url\" content=\"https:\/\/genekas24.ee\/fi\/tuote\/lpg-bensiini-invertergeneraator-bluetoothiga-mxr4000gt\/\" \/>\n<meta property=\"og:site_name\" content=\"Genekas24\" \/>\n<meta property=\"article:modified_time\" content=\"2026-04-20T07:43:50+00:00\" \/>\n<meta property=\"og:image\" content=\"https:\/\/genekas24.ee\/wp-content\/uploads\/2026\/04\/mxr4000gt-eu1.jpg\" \/>\n\t<meta property=\"og:image:width\" content=\"1600\" \/>\n\t<meta property=\"og:image:height\" content=\"1600\" \/>\n\t<meta property=\"og:image:type\" content=\"image\/jpeg\" \/>\n<meta name=\"twitter:card\" content=\"summary_large_image\" \/>\n<meta name=\"twitter:label1\" content=\"Arvioitu lukuaika\" \/>\n\t<meta name=\"twitter:data1\" content=\"2 minuuttia\" \/>\n<script type=\"application\/ld+json\" class=\"yoast-schema-graph\">{\"@context\":\"https:\/\/schema.org\",\"@graph\":[{\"@type\":\"WebPage\",\"@id\":\"https:\/\/genekas24.ee\/toode\/lpg-bensiini-invertergeneraator-bluetoothiga-mxr4000gt\/\",\"url\":\"https:\/\/genekas24.ee\/toode\/lpg-bensiini-invertergeneraator-bluetoothiga-mxr4000gt\/\",\"name\":\"LPG\/bensiini invertergeneraator Bluetoothiga MXR4000GT - Genekas24\",\"isPartOf\":{\"@id\":\"https:\/\/genekas24.ee\/#website\"},\"primaryImageOfPage\":{\"@id\":\"https:\/\/genekas24.ee\/toode\/lpg-bensiini-invertergeneraator-bluetoothiga-mxr4000gt\/#primaryimage\"},\"image\":{\"@id\":\"https:\/\/genekas24.ee\/toode\/lpg-bensiini-invertergeneraator-bluetoothiga-mxr4000gt\/#primaryimage\"},\"thumbnailUrl\":\"https:\/\/genekas24.ee\/wp-content\/uploads\/2026\/04\/mxr4000gt-eu1.jpg\",\"datePublished\":\"2026-04-20T07:43:49+00:00\",\"dateModified\":\"2026-04-20T07:43:50+00:00\",\"breadcrumb\":{\"@id\":\"https:\/\/genekas24.ee\/toode\/lpg-bensiini-invertergeneraator-bluetoothiga-mxr4000gt\/#breadcrumb\"},\"inLanguage\":\"fi\",\"potentialAction\":[{\"@type\":\"ReadAction\",\"target\":[\"https:\/\/genekas24.ee\/toode\/lpg-bensiini-invertergeneraator-bluetoothiga-mxr4000gt\/\"]}]},{\"@type\":\"ImageObject\",\"inLanguage\":\"fi\",\"@id\":\"https:\/\/genekas24.ee\/toode\/lpg-bensiini-invertergeneraator-bluetoothiga-mxr4000gt\/#primaryimage\",\"url\":\"https:\/\/genekas24.ee\/wp-content\/uploads\/2026\/04\/mxr4000gt-eu1.jpg\",\"contentUrl\":\"https:\/\/genekas24.ee\/wp-content\/uploads\/2026\/04\/mxr4000gt-eu1.jpg\",\"width\":1600,\"height\":1600},{\"@type\":\"BreadcrumbList\",\"@id\":\"https:\/\/genekas24.ee\/toode\/lpg-bensiini-invertergeneraator-bluetoothiga-mxr4000gt\/#breadcrumb\",\"itemListElement\":[{\"@type\":\"ListItem\",\"position\":1,\"name\":\"Home\",\"item\":\"https:\/\/genekas24.ee\/\"},{\"@type\":\"ListItem\",\"position\":2,\"name\":\"Pood\",\"item\":\"https:\/\/genekas24.ee\/pood\/\"},{\"@type\":\"ListItem\",\"position\":3,\"name\":\"LPG\/bensiini invertergeneraator Bluetoothiga MXR4000GT\"}]},{\"@type\":\"WebSite\",\"@id\":\"https:\/\/genekas24.ee\/#website\",\"url\":\"https:\/\/genekas24.ee\/\",\"name\":\"Genekas24\",\"description\":\"Generaatorid | K&ouml;nner S&ouml;hnen tooted | Genekas24\",\"publisher\":{\"@id\":\"https:\/\/genekas24.ee\/#organization\"},\"potentialAction\":[{\"@type\":\"SearchAction\",\"target\":{\"@type\":\"EntryPoint\",\"urlTemplate\":\"https:\/\/genekas24.ee\/?s={search_term_string}\"},\"query-input\":{\"@type\":\"PropertyValueSpecification\",\"valueRequired\":true,\"valueName\":\"search_term_string\"}}],\"inLanguage\":\"fi\"},{\"@type\":\"Organization\",\"@id\":\"https:\/\/genekas24.ee\/#organization\",\"name\":\"Genekas24\",\"url\":\"https:\/\/genekas24.ee\/\",\"logo\":{\"@type\":\"ImageObject\",\"inLanguage\":\"fi\",\"@id\":\"https:\/\/genekas24.ee\/#\/schema\/logo\/image\/\",\"url\":\"https:\/\/genekas24.ee\/wp-content\/uploads\/2026\/01\/genekas24-logo_black.svg\",\"contentUrl\":\"https:\/\/genekas24.ee\/wp-content\/uploads\/2026\/01\/genekas24-logo_black.svg\",\"width\":840,\"height\":131,\"caption\":\"Genekas24\"},\"image\":{\"@id\":\"https:\/\/genekas24.ee\/#\/schema\/logo\/image\/\"}}]}<\/script>\n<!-- \/ Yoast SEO plugin. -->","yoast_head_json":{"title":"LPG\/bensiini invertergeneraator Bluetoothiga MXR4000GT - Genekas24","robots":{"index":"index","follow":"follow","max-snippet":"max-snippet:-1","max-image-preview":"max-image-preview:large","max-video-preview":"max-video-preview:-1"},"canonical":"https:\/\/genekas24.ee\/fi\/tuote\/lpg-bensiini-invertergeneraator-bluetoothiga-mxr4000gt\/","og_locale":"fi_FI","og_type":"article","og_title":"LPG\/bensiini invertergeneraator Bluetoothiga MXR4000GT - Genekas24","og_description":"T\u00f6\u00f6v\u00f5imsus 3200 W (bensiin) \/ 2800 W (LPG)   K\u00e4ivitusv\u00f5imsus 3500 W (bensiin) \/ 3100 W (LPG)   K\u00fctus bensiin \/ propaan (LPG)   T\u00f6\u00f6aeg 25% koormusel 7 h (bensiin) \/ 20 h (LPG)   K\u00e4ivituss\u00fcsteem k\u00e4sistarter \/ elektriline k\u00e4ivitus \/ Bluetooth   T\u00f6\u00f6vool 13,9 A (bensiin) \/ 12,1 A (LPG)   K\u00fctusepaagi maht 4 l   \u00d5limaht 0,45 l   Mootor 4-taktiline 145 cm\u00b3 OHV, \u00f5hkjahutusega   K\u00fctus (t\u00e4psustus) pliivaba bensiin   M\u00fcratase (7 m) 58 dB   Generaatori m\u00f5\u00f5dud (P \u00d7 L \u00d7 K) 48 \u00d7 30,5 \u00d7 44 cm   Pakendi m\u00f5\u00f5dud (P \u00d7 L \u00d7 K) 51 \u00d7 33,5 \u00d7 48,5 cm   Netokaal 24 kg   Brutokaal 27 kg","og_url":"https:\/\/genekas24.ee\/fi\/tuote\/lpg-bensiini-invertergeneraator-bluetoothiga-mxr4000gt\/","og_site_name":"Genekas24","article_modified_time":"2026-04-20T07:43:50+00:00","og_image":[{"width":1600,"height":1600,"url":"https:\/\/genekas24.ee\/wp-content\/uploads\/2026\/04\/mxr4000gt-eu1.jpg","type":"image\/jpeg"}],"twitter_card":"summary_large_image","twitter_misc":{"Arvioitu lukuaika":"2 minuuttia"},"schema":{"@context":"https:\/\/schema.org","@graph":[{"@type":"WebPage","@id":"https:\/\/genekas24.ee\/toode\/lpg-bensiini-invertergeneraator-bluetoothiga-mxr4000gt\/","url":"https:\/\/genekas24.ee\/toode\/lpg-bensiini-invertergeneraator-bluetoothiga-mxr4000gt\/","name":"LPG\/bensiini invertergeneraator Bluetoothiga MXR4000GT - Genekas24","isPartOf":{"@id":"https:\/\/genekas24.ee\/#website"},"primaryImageOfPage":{"@id":"https:\/\/genekas24.ee\/toode\/lpg-bensiini-invertergeneraator-bluetoothiga-mxr4000gt\/#primaryimage"},"image":{"@id":"https:\/\/genekas24.ee\/toode\/lpg-bensiini-invertergeneraator-bluetoothiga-mxr4000gt\/#primaryimage"},"thumbnailUrl":"https:\/\/genekas24.ee\/wp-content\/uploads\/2026\/04\/mxr4000gt-eu1.jpg","datePublished":"2026-04-20T07:43:49+00:00","dateModified":"2026-04-20T07:43:50+00:00","breadcrumb":{"@id":"https:\/\/genekas24.ee\/toode\/lpg-bensiini-invertergeneraator-bluetoothiga-mxr4000gt\/#breadcrumb"},"inLanguage":"fi","potentialAction":[{"@type":"ReadAction","target":["https:\/\/genekas24.ee\/toode\/lpg-bensiini-invertergeneraator-bluetoothiga-mxr4000gt\/"]}]},{"@type":"ImageObject","inLanguage":"fi","@id":"https:\/\/genekas24.ee\/toode\/lpg-bensiini-invertergeneraator-bluetoothiga-mxr4000gt\/#primaryimage","url":"https:\/\/genekas24.ee\/wp-content\/uploads\/2026\/04\/mxr4000gt-eu1.jpg","contentUrl":"https:\/\/genekas24.ee\/wp-content\/uploads\/2026\/04\/mxr4000gt-eu1.jpg","width":1600,"height":1600},{"@type":"BreadcrumbList","@id":"https:\/\/genekas24.ee\/toode\/lpg-bensiini-invertergeneraator-bluetoothiga-mxr4000gt\/#breadcrumb","itemListElement":[{"@type":"ListItem","position":1,"name":"Home","item":"https:\/\/genekas24.ee\/"},{"@type":"ListItem","position":2,"name":"Pood","item":"https:\/\/genekas24.ee\/pood\/"},{"@type":"ListItem","position":3,"name":"LPG\/bensiini invertergeneraator Bluetoothiga MXR4000GT"}]},{"@type":"WebSite","@id":"https:\/\/genekas24.ee\/#website","url":"https:\/\/genekas24.ee\/","name":"Genekas24","description":"Generaatorid | K&ouml;nner S&ouml;hnen tooted | Genekas24","publisher":{"@id":"https:\/\/genekas24.ee\/#organization"},"potentialAction":[{"@type":"SearchAction","target":{"@type":"EntryPoint","urlTemplate":"https:\/\/genekas24.ee\/?s={search_term_string}"},"query-input":{"@type":"PropertyValueSpecification","valueRequired":true,"valueName":"search_term_string"}}],"inLanguage":"fi"},{"@type":"Organization","@id":"https:\/\/genekas24.ee\/#organization","name":"Genekas24","url":"https:\/\/genekas24.ee\/","logo":{"@type":"ImageObject","inLanguage":"fi","@id":"https:\/\/genekas24.ee\/#\/schema\/logo\/image\/","url":"https:\/\/genekas24.ee\/wp-content\/uploads\/2026\/01\/genekas24-logo_black.svg","contentUrl":"https:\/\/genekas24.ee\/wp-content\/uploads\/2026\/01\/genekas24-logo_black.svg","width":840,"height":131,"caption":"Genekas24"},"image":{"@id":"https:\/\/genekas24.ee\/#\/schema\/logo\/image\/"}}]}},"_links":{"self":[{"href":"https:\/\/genekas24.ee\/fi\/wp-json\/wp\/v2\/product\/23315","targetHints":{"allow":["GET"]}}],"collection":[{"href":"https:\/\/genekas24.ee\/fi\/wp-json\/wp\/v2\/product"}],"about":[{"href":"https:\/\/genekas24.ee\/fi\/wp-json\/wp\/v2\/types\/product"}],"version-history":[{"count":2,"href":"https:\/\/genekas24.ee\/fi\/wp-json\/wp\/v2\/product\/23315\/revisions"}],"predecessor-version":[{"id":23324,"href":"https:\/\/genekas24.ee\/fi\/wp-json\/wp\/v2\/product\/23315\/revisions\/23324"}],"wp:featuredmedia":[{"embeddable":true,"href":"https:\/\/genekas24.ee\/fi\/wp-json\/wp\/v2\/media\/23316"}],"wp:attachment":[{"href":"https:\/\/genekas24.ee\/fi\/wp-json\/wp\/v2\/media?parent=23315"}],"wp:term":[{"taxonomy":"product_brand","embeddable":true,"href":"https:\/\/genekas24.ee\/fi\/wp-json\/wp\/v2\/product_brand?post=23315"},{"taxonomy":"product_cat","embeddable":true,"href":"https:\/\/genekas24.ee\/fi\/wp-json\/wp\/v2\/product_cat?post=23315"},{"taxonomy":"product_tag","embeddable":true,"href":"https:\/\/genekas24.ee\/fi\/wp-json\/wp\/v2\/product_tag?post=23315"}],"curies":[{"name":"wp","href":"https:\/\/api.w.org\/{rel}","templated":true}]}}