{"id":23293,"date":"2026-04-20T07:25:52","date_gmt":"2026-04-20T07:25:52","guid":{"rendered":"https:\/\/genekas24.ee\/?post_type=product&#038;p=23293"},"modified":"2026-04-20T07:25:53","modified_gmt":"2026-04-20T07:25:53","slug":"lpg-bensiini-invertergeneraator-mxr3800df","status":"publish","type":"product","link":"https:\/\/genekas24.ee\/fi\/tuote\/lpg-bensiini-invertergeneraator-mxr3800df\/","title":{"rendered":"Lpg\/bensiini invertergeneraator MXR3800DF"},"content":{"rendered":"<p><span dir=\"auto\"><strong>Kahek\u00fctuseline<\/strong>&#8211;\u00a0 L\u00fclitage bensiini ja vedelgaasi vahel \u00fche kl\u00f5psuga. Vedelgaasil on bensiiniga v\u00f5rreldes madalamad heitkogused ja suurem energiat\u00f5husus. Hooldus on v\u00e4iksem kui bensiini puhul, mille tulemuseks on madalamad tegevuskulud ja suurem mugavus.<\/span><\/p>\n<p><span dir=\"auto\"><strong>Ohutus<\/strong>&#8211;\u00a0 Generaator hoiab teid kursis mootori\u00f5li hoiatuste, \u00fclekoormuskaitse ja palju muuga. K\u00f5ik funktsioonid kuvatakse seadmel selgelt ja v\u00f5ivad k\u00e4ivitada automaatse v\u00e4ljal\u00fclituse, et kaitsta teid ja teie generaatorit.<\/span><\/p>\n<p><span dir=\"auto\"><strong>Mitmek\u00fclgne<\/strong>&#8211;\u00a0 Kompaktne ja kerge disain muudab selle ideaalseks telkimiseks, pidudeks, aiat\u00f6\u00f6deks, haagissuvilaga reisideks ja muudeks vaba aja veetmise tegevusteks, samuti h\u00e4daolukorra elektrikatkestuste korral \u00e4\u00e4rmuslike ilmastikutingimuste korral.<\/span><\/p>\n<p><span dir=\"auto\"><strong>Puhas energia<\/strong>&#8211;\u00a0 Invertertehnoloogia toodab puhast siinuslaineenergiat, pakkudes tundlikele seadmetele ohutut ja kvaliteetset elektrit ilma elektroonikat kahjustamata. Laadige h\u00f5lpsalt mobiiltelefone, s\u00fclearvuteid, kaameraid ja palju muud.<\/span><\/p>\n<p><span dir=\"auto\"><strong>Vaikne t\u00f6\u00f6<\/strong>&#8211;\u00a0 \u00d6kore\u017eiimis vaid 58 detsibelli m\u00fcraga (7 meetri kauguselt\/koormuseta) on meie generaator sama vaikne kui tavaline vestlus v\u00f5i t\u00f6\u00f6tav n\u00f5udepesumasin, mist\u00f5ttu sobib see ideaalselt kasutamiseks igas keskkonnas ilma teisi h\u00e4irimata.<\/span><\/p>\n<p><span dir=\"auto\"><strong>Paralleelne t\u00f6\u00f6<\/strong>&#8211;\u00a0 Paralleelselt saab kasutada kahte generaatorit. Paralleelkomplekti (m\u00fc\u00fcgil eraldi) abil saate selle generaatori \u00fchendada teise generaatoriga ja kahekordistada oma v\u00f5imsust.<\/span><\/p>\n<p><span dir=\"auto\"><strong>V\u00f5imas mootor<\/strong>\u00a0 Generaatorit k\u00e4itab 145 cm3 OHV mootor. Bensiiniga: tippv\u00f5imsus 3500 vatti, t\u00f6\u00f6v\u00f5imsus 3200 vatti; propaaniga (LPG): tippv\u00f5imsus 3100 vatti, t\u00f6\u00f6v\u00f5imsus 2800 vatti.<\/span><\/p>","protected":false},"excerpt":{"rendered":"<table>\n<tbody>\n<tr>\n<td>T\u00f6\u00f6v\u00f5imsus<\/td>\n<td>3200 W (bensiin) \/ 2800 W (LPG)<\/td>\n<\/tr>\n<tr>\n<td>K\u00e4ivitusv\u00f5imsus<\/td>\n<td>3500 W (bensiin) \/ 3100 W (LPG)<\/td>\n<\/tr>\n<tr>\n<td>K\u00fctus<\/td>\n<td>bensiin \/ propaan (LPG)<\/td>\n<\/tr>\n<tr>\n<td>T\u00f6\u00f6aeg 25% koormusel<\/td>\n<td>7 h (bensiin) \/ 20 h (LPG)<\/td>\n<\/tr>\n<tr>\n<td>T\u00f6\u00f6aeg 50% koormusel<\/td>\n<td>4 h (bensiin) \/ 12 h (LPG)<\/td>\n<\/tr>\n<tr>\n<td>K\u00e4ivituss\u00fcsteem<\/td>\n<td>k\u00e4sistarter<\/td>\n<\/tr>\n<tr>\n<td>T\u00f6\u00f6vool<\/td>\n<td>13,9 A (bensiin) \/ 12,1 A (LPG)<\/td>\n<\/tr>\n<tr>\n<td>Maksimaalne vool<\/td>\n<td>15,2 A (bensiin) \/ 13,5 A (LPG)<\/td>\n<\/tr>\n<tr>\n<td>K\u00fctusepaagi maht<\/td>\n<td>4 l<\/td>\n<\/tr>\n<tr>\n<td>\u00d5limaht<\/td>\n<td>0,45 l<\/td>\n<\/tr>\n<tr>\n<td>Mootor<\/td>\n<td>4-taktiline, OHV, \u00f5hkjahutusega<\/td>\n<\/tr>\n<tr>\n<td>T\u00f6\u00f6maht<\/td>\n<td>145 cm\u00b3<\/td>\n<\/tr>\n<tr>\n<td>K\u00fctus (t\u00e4psustus)<\/td>\n<td>unleaded gasoline<\/td>\n<\/tr>\n<tr>\n<td>M\u00fcratase (7 m)<\/td>\n<td>58 dB<\/td>\n<\/tr>\n<tr>\n<td>Generaatori m\u00f5\u00f5dud (P \u00d7 L \u00d7 K)<\/td>\n<td>48 \u00d7 29 \u00d7 44 cm<\/td>\n<\/tr>\n<tr>\n<td>Pakendi m\u00f5\u00f5dud (P \u00d7 L \u00d7 K)<\/td>\n<td>52,4 \u00d7 33,7 \u00d7 48,7 cm<\/td>\n<\/tr>\n<tr>\n<td>Netokaal<\/td>\n<td>22 kg<\/td>\n<\/tr>\n<tr>\n<td>Brutokaal<\/td>\n<td>25 kg<\/td>\n<\/tr>\n<\/tbody>\n<\/table>","protected":false},"featured_media":23294,"template":"","meta":{"_acf_changed":false,"inline_featured_image":false},"product_brand":[],"product_cat":[94,23,24],"product_tag":[],"class_list":{"0":"post-23293","1":"product","2":"type-product","3":"status-publish","4":"has-post-thumbnail","6":"product_cat-generaatorid","7":"product_cat-invertergeneraatorid","8":"product_cat-lpg-bensiinigeneraatorid","9":"product_shipping_class-vaikepakk","10":"brand-maxpeedingrods","12":"first","13":"instock","14":"taxable","15":"shipping-taxable","16":"purchasable","17":"product-type-simple"},"acf":[],"yoast_head":"<!-- This site is optimized with the Yoast SEO plugin v27.2 - https:\/\/yoast.com\/product\/yoast-seo-wordpress\/ -->\n<title>Lpg\/bensiini invertergeneraator MXR3800DF - Genekas24<\/title>\n<meta name=\"robots\" content=\"index, follow, max-snippet:-1, max-image-preview:large, max-video-preview:-1\" \/>\n<link rel=\"canonical\" href=\"https:\/\/genekas24.ee\/fi\/tuote\/lpg-bensiini-invertergeneraator-mxr3800df\/\" \/>\n<meta property=\"og:locale\" content=\"fi_FI\" \/>\n<meta property=\"og:type\" content=\"article\" \/>\n<meta property=\"og:title\" content=\"Lpg\/bensiini invertergeneraator MXR3800DF - Genekas24\" \/>\n<meta property=\"og:description\" content=\"T\u00f6\u00f6v\u00f5imsus 3200 W (bensiin) \/ 2800 W (LPG)   K\u00e4ivitusv\u00f5imsus 3500 W (bensiin) \/ 3100 W (LPG)   K\u00fctus bensiin \/ propaan (LPG)   T\u00f6\u00f6aeg 25% koormusel 7 h (bensiin) \/ 20 h (LPG)   T\u00f6\u00f6aeg 50% koormusel 4 h (bensiin) \/ 12 h (LPG)   K\u00e4ivituss\u00fcsteem k\u00e4sistarter   T\u00f6\u00f6vool 13,9 A (bensiin) \/ 12,1 A (LPG)   Maksimaalne vool 15,2 A (bensiin) \/ 13,5 A (LPG)   K\u00fctusepaagi maht 4 l   \u00d5limaht 0,45 l   Mootor 4-taktiline, OHV, \u00f5hkjahutusega   T\u00f6\u00f6maht 145 cm\u00b3   K\u00fctus (t\u00e4psustus) pliivaba bensiin   M\u00fcratase (7 m) 58 dB   Generaatori m\u00f5\u00f5dud (P \u00d7 L \u00d7 K) 48 \u00d7 29 \u00d7 44 cm   Pakendi m\u00f5\u00f5dud (P \u00d7 L \u00d7 K) 52,4 \u00d7 33,7 \u00d7 48,7 cm   Netokaal 22 kg   Brutokaal 25 kg\" \/>\n<meta property=\"og:url\" content=\"https:\/\/genekas24.ee\/fi\/tuote\/lpg-bensiini-invertergeneraator-mxr3800df\/\" \/>\n<meta property=\"og:site_name\" content=\"Genekas24\" \/>\n<meta property=\"article:modified_time\" content=\"2026-04-20T07:25:53+00:00\" \/>\n<meta property=\"og:image\" content=\"https:\/\/genekas24.ee\/wp-content\/uploads\/2026\/04\/mxr3800df-eu3.jpg\" \/>\n\t<meta property=\"og:image:width\" content=\"1600\" \/>\n\t<meta property=\"og:image:height\" content=\"1600\" \/>\n\t<meta property=\"og:image:type\" content=\"image\/jpeg\" \/>\n<meta name=\"twitter:card\" content=\"summary_large_image\" \/>\n<meta name=\"twitter:label1\" content=\"Arvioitu lukuaika\" \/>\n\t<meta name=\"twitter:data1\" content=\"2 minuuttia\" \/>\n<script type=\"application\/ld+json\" class=\"yoast-schema-graph\">{\"@context\":\"https:\/\/schema.org\",\"@graph\":[{\"@type\":\"WebPage\",\"@id\":\"https:\/\/genekas24.ee\/toode\/lpg-bensiini-invertergeneraator-mxr3800df\/\",\"url\":\"https:\/\/genekas24.ee\/toode\/lpg-bensiini-invertergeneraator-mxr3800df\/\",\"name\":\"Lpg\/bensiini invertergeneraator MXR3800DF - Genekas24\",\"isPartOf\":{\"@id\":\"https:\/\/genekas24.ee\/#website\"},\"primaryImageOfPage\":{\"@id\":\"https:\/\/genekas24.ee\/toode\/lpg-bensiini-invertergeneraator-mxr3800df\/#primaryimage\"},\"image\":{\"@id\":\"https:\/\/genekas24.ee\/toode\/lpg-bensiini-invertergeneraator-mxr3800df\/#primaryimage\"},\"thumbnailUrl\":\"https:\/\/genekas24.ee\/wp-content\/uploads\/2026\/04\/mxr3800df-eu3.jpg\",\"datePublished\":\"2026-04-20T07:25:52+00:00\",\"dateModified\":\"2026-04-20T07:25:53+00:00\",\"breadcrumb\":{\"@id\":\"https:\/\/genekas24.ee\/toode\/lpg-bensiini-invertergeneraator-mxr3800df\/#breadcrumb\"},\"inLanguage\":\"fi\",\"potentialAction\":[{\"@type\":\"ReadAction\",\"target\":[\"https:\/\/genekas24.ee\/toode\/lpg-bensiini-invertergeneraator-mxr3800df\/\"]}]},{\"@type\":\"ImageObject\",\"inLanguage\":\"fi\",\"@id\":\"https:\/\/genekas24.ee\/toode\/lpg-bensiini-invertergeneraator-mxr3800df\/#primaryimage\",\"url\":\"https:\/\/genekas24.ee\/wp-content\/uploads\/2026\/04\/mxr3800df-eu3.jpg\",\"contentUrl\":\"https:\/\/genekas24.ee\/wp-content\/uploads\/2026\/04\/mxr3800df-eu3.jpg\",\"width\":1600,\"height\":1600},{\"@type\":\"BreadcrumbList\",\"@id\":\"https:\/\/genekas24.ee\/toode\/lpg-bensiini-invertergeneraator-mxr3800df\/#breadcrumb\",\"itemListElement\":[{\"@type\":\"ListItem\",\"position\":1,\"name\":\"Home\",\"item\":\"https:\/\/genekas24.ee\/\"},{\"@type\":\"ListItem\",\"position\":2,\"name\":\"Pood\",\"item\":\"https:\/\/genekas24.ee\/pood\/\"},{\"@type\":\"ListItem\",\"position\":3,\"name\":\"Lpg\/bensiini invertergeneraator MXR3800DF\"}]},{\"@type\":\"WebSite\",\"@id\":\"https:\/\/genekas24.ee\/#website\",\"url\":\"https:\/\/genekas24.ee\/\",\"name\":\"Genekas24\",\"description\":\"Generaatorid | K&ouml;nner S&ouml;hnen tooted | Genekas24\",\"publisher\":{\"@id\":\"https:\/\/genekas24.ee\/#organization\"},\"potentialAction\":[{\"@type\":\"SearchAction\",\"target\":{\"@type\":\"EntryPoint\",\"urlTemplate\":\"https:\/\/genekas24.ee\/?s={search_term_string}\"},\"query-input\":{\"@type\":\"PropertyValueSpecification\",\"valueRequired\":true,\"valueName\":\"search_term_string\"}}],\"inLanguage\":\"fi\"},{\"@type\":\"Organization\",\"@id\":\"https:\/\/genekas24.ee\/#organization\",\"name\":\"Genekas24\",\"url\":\"https:\/\/genekas24.ee\/\",\"logo\":{\"@type\":\"ImageObject\",\"inLanguage\":\"fi\",\"@id\":\"https:\/\/genekas24.ee\/#\/schema\/logo\/image\/\",\"url\":\"https:\/\/genekas24.ee\/wp-content\/uploads\/2026\/01\/genekas24-logo_black.svg\",\"contentUrl\":\"https:\/\/genekas24.ee\/wp-content\/uploads\/2026\/01\/genekas24-logo_black.svg\",\"width\":840,\"height\":131,\"caption\":\"Genekas24\"},\"image\":{\"@id\":\"https:\/\/genekas24.ee\/#\/schema\/logo\/image\/\"}}]}<\/script>\n<!-- \/ Yoast SEO plugin. -->","yoast_head_json":{"title":"Lpg\/bensiini invertergeneraator MXR3800DF - Genekas24","robots":{"index":"index","follow":"follow","max-snippet":"max-snippet:-1","max-image-preview":"max-image-preview:large","max-video-preview":"max-video-preview:-1"},"canonical":"https:\/\/genekas24.ee\/fi\/tuote\/lpg-bensiini-invertergeneraator-mxr3800df\/","og_locale":"fi_FI","og_type":"article","og_title":"Lpg\/bensiini invertergeneraator MXR3800DF - Genekas24","og_description":"T\u00f6\u00f6v\u00f5imsus 3200 W (bensiin) \/ 2800 W (LPG)   K\u00e4ivitusv\u00f5imsus 3500 W (bensiin) \/ 3100 W (LPG)   K\u00fctus bensiin \/ propaan (LPG)   T\u00f6\u00f6aeg 25% koormusel 7 h (bensiin) \/ 20 h (LPG)   T\u00f6\u00f6aeg 50% koormusel 4 h (bensiin) \/ 12 h (LPG)   K\u00e4ivituss\u00fcsteem k\u00e4sistarter   T\u00f6\u00f6vool 13,9 A (bensiin) \/ 12,1 A (LPG)   Maksimaalne vool 15,2 A (bensiin) \/ 13,5 A (LPG)   K\u00fctusepaagi maht 4 l   \u00d5limaht 0,45 l   Mootor 4-taktiline, OHV, \u00f5hkjahutusega   T\u00f6\u00f6maht 145 cm\u00b3   K\u00fctus (t\u00e4psustus) pliivaba bensiin   M\u00fcratase (7 m) 58 dB   Generaatori m\u00f5\u00f5dud (P \u00d7 L \u00d7 K) 48 \u00d7 29 \u00d7 44 cm   Pakendi m\u00f5\u00f5dud (P \u00d7 L \u00d7 K) 52,4 \u00d7 33,7 \u00d7 48,7 cm   Netokaal 22 kg   Brutokaal 25 kg","og_url":"https:\/\/genekas24.ee\/fi\/tuote\/lpg-bensiini-invertergeneraator-mxr3800df\/","og_site_name":"Genekas24","article_modified_time":"2026-04-20T07:25:53+00:00","og_image":[{"width":1600,"height":1600,"url":"https:\/\/genekas24.ee\/wp-content\/uploads\/2026\/04\/mxr3800df-eu3.jpg","type":"image\/jpeg"}],"twitter_card":"summary_large_image","twitter_misc":{"Arvioitu lukuaika":"2 minuuttia"},"schema":{"@context":"https:\/\/schema.org","@graph":[{"@type":"WebPage","@id":"https:\/\/genekas24.ee\/toode\/lpg-bensiini-invertergeneraator-mxr3800df\/","url":"https:\/\/genekas24.ee\/toode\/lpg-bensiini-invertergeneraator-mxr3800df\/","name":"Lpg\/bensiini invertergeneraator MXR3800DF - Genekas24","isPartOf":{"@id":"https:\/\/genekas24.ee\/#website"},"primaryImageOfPage":{"@id":"https:\/\/genekas24.ee\/toode\/lpg-bensiini-invertergeneraator-mxr3800df\/#primaryimage"},"image":{"@id":"https:\/\/genekas24.ee\/toode\/lpg-bensiini-invertergeneraator-mxr3800df\/#primaryimage"},"thumbnailUrl":"https:\/\/genekas24.ee\/wp-content\/uploads\/2026\/04\/mxr3800df-eu3.jpg","datePublished":"2026-04-20T07:25:52+00:00","dateModified":"2026-04-20T07:25:53+00:00","breadcrumb":{"@id":"https:\/\/genekas24.ee\/toode\/lpg-bensiini-invertergeneraator-mxr3800df\/#breadcrumb"},"inLanguage":"fi","potentialAction":[{"@type":"ReadAction","target":["https:\/\/genekas24.ee\/toode\/lpg-bensiini-invertergeneraator-mxr3800df\/"]}]},{"@type":"ImageObject","inLanguage":"fi","@id":"https:\/\/genekas24.ee\/toode\/lpg-bensiini-invertergeneraator-mxr3800df\/#primaryimage","url":"https:\/\/genekas24.ee\/wp-content\/uploads\/2026\/04\/mxr3800df-eu3.jpg","contentUrl":"https:\/\/genekas24.ee\/wp-content\/uploads\/2026\/04\/mxr3800df-eu3.jpg","width":1600,"height":1600},{"@type":"BreadcrumbList","@id":"https:\/\/genekas24.ee\/toode\/lpg-bensiini-invertergeneraator-mxr3800df\/#breadcrumb","itemListElement":[{"@type":"ListItem","position":1,"name":"Home","item":"https:\/\/genekas24.ee\/"},{"@type":"ListItem","position":2,"name":"Pood","item":"https:\/\/genekas24.ee\/pood\/"},{"@type":"ListItem","position":3,"name":"Lpg\/bensiini invertergeneraator MXR3800DF"}]},{"@type":"WebSite","@id":"https:\/\/genekas24.ee\/#website","url":"https:\/\/genekas24.ee\/","name":"Genekas24","description":"Generaatorid | K&ouml;nner S&ouml;hnen tooted | Genekas24","publisher":{"@id":"https:\/\/genekas24.ee\/#organization"},"potentialAction":[{"@type":"SearchAction","target":{"@type":"EntryPoint","urlTemplate":"https:\/\/genekas24.ee\/?s={search_term_string}"},"query-input":{"@type":"PropertyValueSpecification","valueRequired":true,"valueName":"search_term_string"}}],"inLanguage":"fi"},{"@type":"Organization","@id":"https:\/\/genekas24.ee\/#organization","name":"Genekas24","url":"https:\/\/genekas24.ee\/","logo":{"@type":"ImageObject","inLanguage":"fi","@id":"https:\/\/genekas24.ee\/#\/schema\/logo\/image\/","url":"https:\/\/genekas24.ee\/wp-content\/uploads\/2026\/01\/genekas24-logo_black.svg","contentUrl":"https:\/\/genekas24.ee\/wp-content\/uploads\/2026\/01\/genekas24-logo_black.svg","width":840,"height":131,"caption":"Genekas24"},"image":{"@id":"https:\/\/genekas24.ee\/#\/schema\/logo\/image\/"}}]}},"_links":{"self":[{"href":"https:\/\/genekas24.ee\/fi\/wp-json\/wp\/v2\/product\/23293","targetHints":{"allow":["GET"]}}],"collection":[{"href":"https:\/\/genekas24.ee\/fi\/wp-json\/wp\/v2\/product"}],"about":[{"href":"https:\/\/genekas24.ee\/fi\/wp-json\/wp\/v2\/types\/product"}],"version-history":[{"count":5,"href":"https:\/\/genekas24.ee\/fi\/wp-json\/wp\/v2\/product\/23293\/revisions"}],"predecessor-version":[{"id":23305,"href":"https:\/\/genekas24.ee\/fi\/wp-json\/wp\/v2\/product\/23293\/revisions\/23305"}],"wp:featuredmedia":[{"embeddable":true,"href":"https:\/\/genekas24.ee\/fi\/wp-json\/wp\/v2\/media\/23294"}],"wp:attachment":[{"href":"https:\/\/genekas24.ee\/fi\/wp-json\/wp\/v2\/media?parent=23293"}],"wp:term":[{"taxonomy":"product_brand","embeddable":true,"href":"https:\/\/genekas24.ee\/fi\/wp-json\/wp\/v2\/product_brand?post=23293"},{"taxonomy":"product_cat","embeddable":true,"href":"https:\/\/genekas24.ee\/fi\/wp-json\/wp\/v2\/product_cat?post=23293"},{"taxonomy":"product_tag","embeddable":true,"href":"https:\/\/genekas24.ee\/fi\/wp-json\/wp\/v2\/product_tag?post=23293"}],"curies":[{"name":"wp","href":"https:\/\/api.w.org\/{rel}","templated":true}]}}