{"id":23261,"date":"2026-04-09T12:18:46","date_gmt":"2026-04-09T12:18:46","guid":{"rendered":"https:\/\/genekas24.ee\/?post_type=product&#038;p=23261"},"modified":"2026-04-09T12:18:47","modified_gmt":"2026-04-09T12:18:47","slug":"itcpower-diisel-invertergeneraator-dg10000sei-t-230-400-v","status":"publish","type":"product","link":"https:\/\/genekas24.ee\/fi\/tuote\/itcpower-diisel-invertergeneraator-dg10000sei-t-230-400-v\/","title":{"rendered":"ITCPOWER diisel-invertergeneraator DG10000SEi-T  230\/400 V"},"content":{"rendered":"<p style=\"font-weight: 400;\">Invertertehnoloogia<\/p>\n<p style=\"font-weight: 400;\">ITCPOWER diisel-inverteri invertertehnoloogia ei paku mitte ainult v\u00f5imsust, vaid ka stabiilset ja usaldusv\u00e4\u00e4rset pinget. Enam pole vaja muretseda pingek\u00f5ikumiste p\u00e4rast, mis v\u00f5ivad teie tundlikku elektroonikat kahjustada: meie generaator pakub vajalikku t\u00e4psust. See t\u00e4hendab aga seda, et te ei saa sellega \u00fchendada k\u00f5rge pingega elektrit\u00f6\u00f6riistu. (M\u00f5elge n\u00e4iteks: s\u00fcvistamissaagidele ja suurtele nurklihvijatele). Kas te seda soovite? Seej\u00e4rel valige AVR-juhtimisega (standardne diiselgeneraator).<\/p>\n<p style=\"font-weight: 400;\">\n<p style=\"font-weight: 400;\">Avariitoiteallikad:<\/p>\n<p style=\"font-weight: 400;\">See on diiselgeneraatorite \u00fcks levinumaid rakendusi. Neid kasutatakse elektrienergia tootmiseks, kui tavaline elektriv\u00f5rk rikki l\u00e4heb v\u00f5i puudub otsene juurdep\u00e4\u00e4s tavalisele elektriv\u00f5rgule. See on sageli \u00fclioluline j\u00e4rgmistes kohtades: p\u00f5llumajandus, ehitusplatsid, infrastruktuur, lennujaamad ja muud kohad, kus isegi l\u00fchike elektrikatkestus v\u00f5ib olla kulukas. L\u00fchidalt \u00f6eldes kasutatakse diiselgeneraatoreid erinevates kohtades, kus puudub otsene juurdep\u00e4\u00e4s tavalisele elektriv\u00f5rgule, v\u00f5i avariilahendusena.<\/p>\n<p style=\"font-weight: 400;\">\n<p style=\"font-weight: 400;\">Hooldus:<\/p>\n<p style=\"font-weight: 400;\">Diiselgeneraatorid vajavad regulaarset hooldust, sealhulgas \u00f5livahetust, \u00f5hufiltri vahetamist ja k\u00fctuses\u00fcsteemide kontrollimist. Veenduge, et seda tehakse regulaarselt, et tagada teie generaatori pikaajaline kasutamine. Soovitatav k\u00fctus on B7 diisel. \u00d5li osas soovitame ITCPOWER generaatoritele kasutada 4T 15W40 \u00f5li. See on parim \u00f5li teie ITCPOWER diiselgeneraatori pikaajaliseks j\u00f5udluseks. \u00d5li, filtrid ja mitmesugused muud osad on meilt kergesti saadaval. Lisateabe saamiseks v\u00f5tke meiega \u00fchendust!<\/p>\n<p style=\"font-weight: 400;\">\n<p style=\"font-weight: 400;\">V\u00f5imsus ja m\u00fcra:<\/p>\n<p style=\"font-weight: 400;\">Diiselgeneraatorid on saadaval erinevates suurustes ja\/v\u00f5i v\u00f5imsusklassides, alates kaasaskantavatest generaatoritest v\u00e4ikeste rakenduste jaoks kuni suurte t\u00f6\u00f6stusgeneraatoriteni, mis suudavad toita terveid rajatisi. Paljud ITCPOWER generaatorid on varustatud muunduriga. See v\u00e4hendab diiselgeneraatori m\u00fcra. Palun kontrollige hoolikalt allolevaid fotosid ja spetsifikatsioone.<\/p>\n<p style=\"font-weight: 400;\">\n<p style=\"font-weight: 400;\">Automaatika:<\/p>\n<p style=\"font-weight: 400;\">Paljud diiselgeneraatorid on varustatud automaatsete k\u00e4ivitus-\/seiskamiss\u00fcsteemide ja\/v\u00f5i ATS-\u00fchendustega (t\u00e4histatud kui: ATS\/AUTO). Need saavad voolukatkestuse korral kiiresti generaatorile toite l\u00fclitada. See on ideaalne, kui otsite generaatorit avariilahenduseks.<\/p>","protected":false},"excerpt":{"rendered":"<table>\n<tbody>\n<tr>\n<td>Mudel<\/td>\n<td>DG10000SEi-T<\/td>\n<\/tr>\n<tr>\n<td>J\u00e4nnite<\/td>\n<td>230V \/ 400V<\/td>\n<\/tr>\n<tr>\n<td>Maksimaalne vool<\/td>\n<td>34A (230V) \/ 13,5A faasi kohta (400V)<\/td>\n<\/tr>\n<tr>\n<td>Maksimaalne v\u00f5imsus<\/td>\n<td>8500W (8,5 kW) \/ 10,6 kVA (400V)<\/td>\n<\/tr>\n<tr>\n<td>Pidevv\u00f5imsus<\/td>\n<td>8000W (8 kW) \/ 10 kVA (400V)<\/td>\n<\/tr>\n<tr>\n<td>Taajuus<\/td>\n<td>50 Hz<\/td>\n<\/tr>\n<tr>\n<td>\u00dchendused<\/td>\n<td>1\u00d716A, 1\u00d732A (230V) \/ 1\u00d7 PCE 5-faasiline 16A (400V)<\/td>\n<\/tr>\n<tr>\n<td>N\u00e4ytt\u00f6<\/td>\n<td>Digitaalne (DC30)<\/td>\n<\/tr>\n<tr>\n<td>Liitiumaku<\/td>\n<td>Jah<\/td>\n<\/tr>\n<tr>\n<td>ATS ja AUTO \u00fchendus<\/td>\n<td>Jah<\/td>\n<\/tr>\n<tr>\n<td>Pinge reguleerimine<\/td>\n<td>Invertertehnoloogia<\/td>\n<\/tr>\n<tr>\n<td>Karteri\u00f5li maht<\/td>\n<td>2 L (soovituslik 15W40)<\/td>\n<\/tr>\n<tr>\n<td>K\u00fctusepaagi maht<\/td>\n<td>25 L<\/td>\n<\/tr>\n<tr>\n<td>K\u00fctusekulu<\/td>\n<td>2,5 L\/h<\/td>\n<\/tr>\n<tr>\n<td>T\u00f6\u00f6aeg \u00fche paagiga<\/td>\n<td>6\u20138 tundi<\/td>\n<\/tr>\n<tr>\n<td>\u00d5lialarm ja \u00fclekoormuskaitse<\/td>\n<td>Jah<\/td>\n<\/tr>\n<tr>\n<td>M\u00fcratase (7 m)<\/td>\n<td>72 dBA<\/td>\n<\/tr>\n<tr>\n<td>K\u00e4ivitusaku<\/td>\n<td>12 V<\/td>\n<\/tr>\n<tr>\n<td>Moottorityyppi<\/td>\n<td>\u00d5hkjahutusega, 3000 p\/min, inverterjuhtimine<\/td>\n<\/tr>\n<tr>\n<td>Mootor<\/td>\n<td>Diisel D680EI, 678 cc, 14,4 hj, Stage V<\/td>\n<\/tr>\n<tr>\n<td>Generaattori<\/td>\n<td>AL9-3<\/td>\n<\/tr>\n<tr>\n<td>Kaal<\/td>\n<td>180 kg<\/td>\n<\/tr>\n<tr>\n<td>M\u00f5\u00f5tmed (kast)<\/td>\n<td>97 \u00d7 61 \u00d7 88 cm<\/td>\n<\/tr>\n<tr>\n<td>M\u00f5\u00f5tmed (masin)<\/td>\n<td>93 \u00d7 57,7 \u00d7 70 cm<\/td>\n<\/tr>\n<\/tbody>\n<\/table>","protected":false},"featured_media":23262,"template":"","meta":{"_acf_changed":false,"inline_featured_image":false},"product_brand":[],"product_cat":[110,94],"product_tag":[],"class_list":{"0":"post-23261","1":"product","2":"type-product","3":"status-publish","4":"has-post-thumbnail","6":"product_cat-diisel-invertergeneraatorid","7":"product_cat-generaatorid","8":"product_shipping_class-euroalus","9":"brand-itcpower","11":"first","12":"instock","13":"taxable","14":"shipping-taxable","15":"purchasable","16":"product-type-simple"},"acf":[],"yoast_head":"<!-- This site is optimized with the Yoast SEO plugin v27.2 - https:\/\/yoast.com\/product\/yoast-seo-wordpress\/ -->\n<title>ITCPOWER diisel-invertergeneraator DG10000SEi-T 230\/400 V - Genekas24<\/title>\n<meta name=\"robots\" content=\"index, follow, max-snippet:-1, max-image-preview:large, max-video-preview:-1\" \/>\n<link rel=\"canonical\" href=\"https:\/\/genekas24.ee\/fi\/tuote\/itcpower-diisel-invertergeneraator-dg10000sei-t-230-400-v\/\" \/>\n<meta property=\"og:locale\" content=\"fi_FI\" \/>\n<meta property=\"og:type\" content=\"article\" \/>\n<meta property=\"og:title\" content=\"ITCPOWER diisel-invertergeneraator DG10000SEi-T 230\/400 V - Genekas24\" \/>\n<meta property=\"og:description\" content=\"Mudel DG10000SEi-T   Pinge 230V \/ 400V   Maksimaalne vool 34A (230V) \/ 13,5A faasi kohta (400V)   Maksimaalne v\u00f5imsus 8500W (8,5 kW) \/ 10,6 kVA (400V)   Pidevv\u00f5imsus 8000W (8 kW) \/ 10 kVA (400V)   Sagedus 50 Hz   \u00dchendused 1\u00d716A, 1\u00d732A (230V) \/ 1\u00d7 PCE 5-faasiline 16A (400V)   Ekraan Digitaalne (DC30)   Liitiumaku Jah   ATS ja AUTO \u00fchendus Jah   Pinge reguleerimine Invertertehnoloogia   Karteri\u00f5li maht 2 L (soovituslik 15W40)   K\u00fctusepaagi maht 25 L   K\u00fctusekulu 2,5 L\/h   T\u00f6\u00f6aeg \u00fche paagiga 6\u20138 tundi   \u00d5lialarm ja \u00fclekoormuskaitse Jah   M\u00fcratase (7 m) 72 dBA   K\u00e4ivitusaku 12 V   Mootori t\u00fc\u00fcp \u00d5hkjahutusega, 3000 p\/min, inverterjuhtimine   Mootor Diisel D680EI, 678 cc, 14,4 hj, Stage V   Generaator AL9-3   Kaal 180 kg   M\u00f5\u00f5tmed (kast) 97 \u00d7 61 \u00d7 88 cm   M\u00f5\u00f5tmed (masin) 93 \u00d7 57,7 \u00d7 70 cm\" \/>\n<meta property=\"og:url\" content=\"https:\/\/genekas24.ee\/fi\/tuote\/itcpower-diisel-invertergeneraator-dg10000sei-t-230-400-v\/\" \/>\n<meta property=\"og:site_name\" content=\"Genekas24\" \/>\n<meta property=\"article:modified_time\" content=\"2026-04-09T12:18:47+00:00\" \/>\n<meta property=\"og:image\" content=\"https:\/\/genekas24.ee\/wp-content\/uploads\/2026\/04\/DG10000SEi-T_01_1920x1920-500x500-1.jpeg\" \/>\n\t<meta property=\"og:image:width\" content=\"500\" \/>\n\t<meta property=\"og:image:height\" content=\"500\" \/>\n\t<meta property=\"og:image:type\" content=\"image\/jpeg\" \/>\n<meta name=\"twitter:card\" content=\"summary_large_image\" \/>\n<meta name=\"twitter:label1\" content=\"Arvioitu lukuaika\" \/>\n\t<meta name=\"twitter:data1\" content=\"2 minuuttia\" \/>\n<script type=\"application\/ld+json\" class=\"yoast-schema-graph\">{\"@context\":\"https:\/\/schema.org\",\"@graph\":[{\"@type\":\"WebPage\",\"@id\":\"https:\/\/genekas24.ee\/toode\/itcpower-diisel-invertergeneraator-dg10000sei-t-230-400-v\/\",\"url\":\"https:\/\/genekas24.ee\/toode\/itcpower-diisel-invertergeneraator-dg10000sei-t-230-400-v\/\",\"name\":\"ITCPOWER diisel-invertergeneraator DG10000SEi-T 230\/400 V - Genekas24\",\"isPartOf\":{\"@id\":\"https:\/\/genekas24.ee\/#website\"},\"primaryImageOfPage\":{\"@id\":\"https:\/\/genekas24.ee\/toode\/itcpower-diisel-invertergeneraator-dg10000sei-t-230-400-v\/#primaryimage\"},\"image\":{\"@id\":\"https:\/\/genekas24.ee\/toode\/itcpower-diisel-invertergeneraator-dg10000sei-t-230-400-v\/#primaryimage\"},\"thumbnailUrl\":\"https:\/\/genekas24.ee\/wp-content\/uploads\/2026\/04\/DG10000SEi-T_01_1920x1920-500x500-1.jpeg\",\"datePublished\":\"2026-04-09T12:18:46+00:00\",\"dateModified\":\"2026-04-09T12:18:47+00:00\",\"breadcrumb\":{\"@id\":\"https:\/\/genekas24.ee\/toode\/itcpower-diisel-invertergeneraator-dg10000sei-t-230-400-v\/#breadcrumb\"},\"inLanguage\":\"fi\",\"potentialAction\":[{\"@type\":\"ReadAction\",\"target\":[\"https:\/\/genekas24.ee\/toode\/itcpower-diisel-invertergeneraator-dg10000sei-t-230-400-v\/\"]}]},{\"@type\":\"ImageObject\",\"inLanguage\":\"fi\",\"@id\":\"https:\/\/genekas24.ee\/toode\/itcpower-diisel-invertergeneraator-dg10000sei-t-230-400-v\/#primaryimage\",\"url\":\"https:\/\/genekas24.ee\/wp-content\/uploads\/2026\/04\/DG10000SEi-T_01_1920x1920-500x500-1.jpeg\",\"contentUrl\":\"https:\/\/genekas24.ee\/wp-content\/uploads\/2026\/04\/DG10000SEi-T_01_1920x1920-500x500-1.jpeg\",\"width\":500,\"height\":500},{\"@type\":\"BreadcrumbList\",\"@id\":\"https:\/\/genekas24.ee\/toode\/itcpower-diisel-invertergeneraator-dg10000sei-t-230-400-v\/#breadcrumb\",\"itemListElement\":[{\"@type\":\"ListItem\",\"position\":1,\"name\":\"Home\",\"item\":\"https:\/\/genekas24.ee\/\"},{\"@type\":\"ListItem\",\"position\":2,\"name\":\"Pood\",\"item\":\"https:\/\/genekas24.ee\/pood\/\"},{\"@type\":\"ListItem\",\"position\":3,\"name\":\"ITCPOWER diisel-invertergeneraator DG10000SEi-T 230\/400 V\"}]},{\"@type\":\"WebSite\",\"@id\":\"https:\/\/genekas24.ee\/#website\",\"url\":\"https:\/\/genekas24.ee\/\",\"name\":\"Genekas24\",\"description\":\"Generaatorid | K&ouml;nner S&ouml;hnen tooted | Genekas24\",\"publisher\":{\"@id\":\"https:\/\/genekas24.ee\/#organization\"},\"potentialAction\":[{\"@type\":\"SearchAction\",\"target\":{\"@type\":\"EntryPoint\",\"urlTemplate\":\"https:\/\/genekas24.ee\/?s={search_term_string}\"},\"query-input\":{\"@type\":\"PropertyValueSpecification\",\"valueRequired\":true,\"valueName\":\"search_term_string\"}}],\"inLanguage\":\"fi\"},{\"@type\":\"Organization\",\"@id\":\"https:\/\/genekas24.ee\/#organization\",\"name\":\"Genekas24\",\"url\":\"https:\/\/genekas24.ee\/\",\"logo\":{\"@type\":\"ImageObject\",\"inLanguage\":\"fi\",\"@id\":\"https:\/\/genekas24.ee\/#\/schema\/logo\/image\/\",\"url\":\"https:\/\/genekas24.ee\/wp-content\/uploads\/2026\/01\/genekas24-logo_black.svg\",\"contentUrl\":\"https:\/\/genekas24.ee\/wp-content\/uploads\/2026\/01\/genekas24-logo_black.svg\",\"width\":840,\"height\":131,\"caption\":\"Genekas24\"},\"image\":{\"@id\":\"https:\/\/genekas24.ee\/#\/schema\/logo\/image\/\"}}]}<\/script>\n<!-- \/ Yoast SEO plugin. -->","yoast_head_json":{"title":"ITCPOWER diisel-invertergeneraator DG10000SEi-T 230\/400 V - Genekas24","robots":{"index":"index","follow":"follow","max-snippet":"max-snippet:-1","max-image-preview":"max-image-preview:large","max-video-preview":"max-video-preview:-1"},"canonical":"https:\/\/genekas24.ee\/fi\/tuote\/itcpower-diisel-invertergeneraator-dg10000sei-t-230-400-v\/","og_locale":"fi_FI","og_type":"article","og_title":"ITCPOWER diisel-invertergeneraator DG10000SEi-T 230\/400 V - Genekas24","og_description":"Mudel DG10000SEi-T   Pinge 230V \/ 400V   Maksimaalne vool 34A (230V) \/ 13,5A faasi kohta (400V)   Maksimaalne v\u00f5imsus 8500W (8,5 kW) \/ 10,6 kVA (400V)   Pidevv\u00f5imsus 8000W (8 kW) \/ 10 kVA (400V)   Sagedus 50 Hz   \u00dchendused 1\u00d716A, 1\u00d732A (230V) \/ 1\u00d7 PCE 5-faasiline 16A (400V)   Ekraan Digitaalne (DC30)   Liitiumaku Jah   ATS ja AUTO \u00fchendus Jah   Pinge reguleerimine Invertertehnoloogia   Karteri\u00f5li maht 2 L (soovituslik 15W40)   K\u00fctusepaagi maht 25 L   K\u00fctusekulu 2,5 L\/h   T\u00f6\u00f6aeg \u00fche paagiga 6\u20138 tundi   \u00d5lialarm ja \u00fclekoormuskaitse Jah   M\u00fcratase (7 m) 72 dBA   K\u00e4ivitusaku 12 V   Mootori t\u00fc\u00fcp \u00d5hkjahutusega, 3000 p\/min, inverterjuhtimine   Mootor Diisel D680EI, 678 cc, 14,4 hj, Stage V   Generaator AL9-3   Kaal 180 kg   M\u00f5\u00f5tmed (kast) 97 \u00d7 61 \u00d7 88 cm   M\u00f5\u00f5tmed (masin) 93 \u00d7 57,7 \u00d7 70 cm","og_url":"https:\/\/genekas24.ee\/fi\/tuote\/itcpower-diisel-invertergeneraator-dg10000sei-t-230-400-v\/","og_site_name":"Genekas24","article_modified_time":"2026-04-09T12:18:47+00:00","og_image":[{"width":500,"height":500,"url":"https:\/\/genekas24.ee\/wp-content\/uploads\/2026\/04\/DG10000SEi-T_01_1920x1920-500x500-1.jpeg","type":"image\/jpeg"}],"twitter_card":"summary_large_image","twitter_misc":{"Arvioitu lukuaika":"2 minuuttia"},"schema":{"@context":"https:\/\/schema.org","@graph":[{"@type":"WebPage","@id":"https:\/\/genekas24.ee\/toode\/itcpower-diisel-invertergeneraator-dg10000sei-t-230-400-v\/","url":"https:\/\/genekas24.ee\/toode\/itcpower-diisel-invertergeneraator-dg10000sei-t-230-400-v\/","name":"ITCPOWER diisel-invertergeneraator DG10000SEi-T 230\/400 V - Genekas24","isPartOf":{"@id":"https:\/\/genekas24.ee\/#website"},"primaryImageOfPage":{"@id":"https:\/\/genekas24.ee\/toode\/itcpower-diisel-invertergeneraator-dg10000sei-t-230-400-v\/#primaryimage"},"image":{"@id":"https:\/\/genekas24.ee\/toode\/itcpower-diisel-invertergeneraator-dg10000sei-t-230-400-v\/#primaryimage"},"thumbnailUrl":"https:\/\/genekas24.ee\/wp-content\/uploads\/2026\/04\/DG10000SEi-T_01_1920x1920-500x500-1.jpeg","datePublished":"2026-04-09T12:18:46+00:00","dateModified":"2026-04-09T12:18:47+00:00","breadcrumb":{"@id":"https:\/\/genekas24.ee\/toode\/itcpower-diisel-invertergeneraator-dg10000sei-t-230-400-v\/#breadcrumb"},"inLanguage":"fi","potentialAction":[{"@type":"ReadAction","target":["https:\/\/genekas24.ee\/toode\/itcpower-diisel-invertergeneraator-dg10000sei-t-230-400-v\/"]}]},{"@type":"ImageObject","inLanguage":"fi","@id":"https:\/\/genekas24.ee\/toode\/itcpower-diisel-invertergeneraator-dg10000sei-t-230-400-v\/#primaryimage","url":"https:\/\/genekas24.ee\/wp-content\/uploads\/2026\/04\/DG10000SEi-T_01_1920x1920-500x500-1.jpeg","contentUrl":"https:\/\/genekas24.ee\/wp-content\/uploads\/2026\/04\/DG10000SEi-T_01_1920x1920-500x500-1.jpeg","width":500,"height":500},{"@type":"BreadcrumbList","@id":"https:\/\/genekas24.ee\/toode\/itcpower-diisel-invertergeneraator-dg10000sei-t-230-400-v\/#breadcrumb","itemListElement":[{"@type":"ListItem","position":1,"name":"Home","item":"https:\/\/genekas24.ee\/"},{"@type":"ListItem","position":2,"name":"Pood","item":"https:\/\/genekas24.ee\/pood\/"},{"@type":"ListItem","position":3,"name":"ITCPOWER diisel-invertergeneraator DG10000SEi-T 230\/400 V"}]},{"@type":"WebSite","@id":"https:\/\/genekas24.ee\/#website","url":"https:\/\/genekas24.ee\/","name":"Genekas24","description":"Generaatorid | K&ouml;nner S&ouml;hnen tooted | Genekas24","publisher":{"@id":"https:\/\/genekas24.ee\/#organization"},"potentialAction":[{"@type":"SearchAction","target":{"@type":"EntryPoint","urlTemplate":"https:\/\/genekas24.ee\/?s={search_term_string}"},"query-input":{"@type":"PropertyValueSpecification","valueRequired":true,"valueName":"search_term_string"}}],"inLanguage":"fi"},{"@type":"Organization","@id":"https:\/\/genekas24.ee\/#organization","name":"Genekas24","url":"https:\/\/genekas24.ee\/","logo":{"@type":"ImageObject","inLanguage":"fi","@id":"https:\/\/genekas24.ee\/#\/schema\/logo\/image\/","url":"https:\/\/genekas24.ee\/wp-content\/uploads\/2026\/01\/genekas24-logo_black.svg","contentUrl":"https:\/\/genekas24.ee\/wp-content\/uploads\/2026\/01\/genekas24-logo_black.svg","width":840,"height":131,"caption":"Genekas24"},"image":{"@id":"https:\/\/genekas24.ee\/#\/schema\/logo\/image\/"}}]}},"_links":{"self":[{"href":"https:\/\/genekas24.ee\/fi\/wp-json\/wp\/v2\/product\/23261","targetHints":{"allow":["GET"]}}],"collection":[{"href":"https:\/\/genekas24.ee\/fi\/wp-json\/wp\/v2\/product"}],"about":[{"href":"https:\/\/genekas24.ee\/fi\/wp-json\/wp\/v2\/types\/product"}],"version-history":[{"count":3,"href":"https:\/\/genekas24.ee\/fi\/wp-json\/wp\/v2\/product\/23261\/revisions"}],"predecessor-version":[{"id":23271,"href":"https:\/\/genekas24.ee\/fi\/wp-json\/wp\/v2\/product\/23261\/revisions\/23271"}],"wp:featuredmedia":[{"embeddable":true,"href":"https:\/\/genekas24.ee\/fi\/wp-json\/wp\/v2\/media\/23262"}],"wp:attachment":[{"href":"https:\/\/genekas24.ee\/fi\/wp-json\/wp\/v2\/media?parent=23261"}],"wp:term":[{"taxonomy":"product_brand","embeddable":true,"href":"https:\/\/genekas24.ee\/fi\/wp-json\/wp\/v2\/product_brand?post=23261"},{"taxonomy":"product_cat","embeddable":true,"href":"https:\/\/genekas24.ee\/fi\/wp-json\/wp\/v2\/product_cat?post=23261"},{"taxonomy":"product_tag","embeddable":true,"href":"https:\/\/genekas24.ee\/fi\/wp-json\/wp\/v2\/product_tag?post=23261"}],"curies":[{"name":"wp","href":"https:\/\/api.w.org\/{rel}","templated":true}]}}