{"id":22936,"date":"2026-02-09T08:59:47","date_gmt":"2026-02-09T08:59:47","guid":{"rendered":"https:\/\/genekas24.ee\/?post_type=product&#038;p=22936"},"modified":"2026-02-09T09:04:09","modified_gmt":"2026-02-09T09:04:09","slug":"invertergeneraator-mxr1500","status":"publish","type":"product","link":"https:\/\/genekas24.ee\/fi\/tuote\/invertergeneraator-mxr1500\/","title":{"rendered":"Invertergeneraator MXR1500"},"content":{"rendered":"<p>Ominaisuudet:<\/p>\n<ul>\n<li data-start=\"73\" data-end=\"151\">\u00dclikerge korpus \u2013 kaalub vaid 11,5 kg, lihtne transportida ja hoiustada.<\/li>\n<li data-start=\"154\" data-end=\"311\">Puhas vool \u2013 v\u00f5imaldab ohutult kasutada tundlikku elektroonikat, nagu telefonid, tahvelarvutid, telerid ja arvutid, kaitstes seadmeid kahjustuste eest.<\/li>\n<li data-start=\"314\" data-end=\"431\">ECO-re\u017eiim \u2013 mootori t\u00f6\u00f6 reguleerib k\u00fctusekulu automaatselt, s\u00e4\u00e4stes raha ja v\u00e4ltides liigset bensiinikasutust.<\/li>\n<li data-start=\"434\" data-end=\"533\">LED-t\u00f6\u00f6oleku n\u00e4idikud \u2013 hoiatus madala \u00f5litaseme, \u00fclekoormuse ja v\u00e4ljundi valmisoleku korral.<\/li>\n<li data-start=\"536\" data-end=\"633\">\u00dclekoormuskaitse \u2013 kui inverter \u00fclekoormust kogeb, l\u00fclitub kaitsel\u00fcliti automaatselt v\u00e4lja.<\/li>\n<li data-start=\"636\" data-end=\"787\">S\u00e4\u00e4stlik t\u00f6\u00f6 ECO-re\u017eiimis \u2013 v\u00e4hendab m\u00fcrataset, maksimeerib k\u00fctuses\u00e4\u00e4stu; 2,4-liitrine k\u00fctusepaak v\u00f5imaldab 25% koormusel kuni 7-tunnist t\u00f6\u00f6aega.<\/li>\n<\/ul>\n<p>&nbsp;<\/p>","protected":false},"excerpt":{"rendered":"<table style=\"width: 96.5412%;\">\n<tbody>\n<tr>\n<td style=\"width: 43.4128%;\">Pidev v\u00f5imsus<\/td>\n<td style=\"width: 158.064%;\">1000 W<\/td>\n<\/tr>\n<tr>\n<td style=\"width: 43.4128%;\">Maksimaalne v\u00f5imsus<\/td>\n<td style=\"width: 158.064%;\">1200 W<\/td>\n<\/tr>\n<tr>\n<td style=\"width: 43.4128%;\">Fuel type<\/td>\n<td style=\"width: 158.064%;\">Bensiin (E10)<\/td>\n<\/tr>\n<tr>\n<td style=\"width: 43.4128%;\">\u00d6ljytyyppi<\/td>\n<td style=\"width: 158.064%;\">SAE 10W-30<\/td>\n<\/tr>\n<tr>\n<td style=\"width: 43.4128%;\">Moottorityyppi<\/td>\n<td style=\"width: 158.064%;\">4-taktiline 57 cm\u00b3 OHV, \u00f5hkjahutusega<\/td>\n<\/tr>\n<tr>\n<td style=\"width: 43.4128%;\">Pidev vool<\/td>\n<td style=\"width: 158.064%;\">4,3 A<\/td>\n<\/tr>\n<tr>\n<td style=\"width: 43.4128%;\">Tippvool<\/td>\n<td style=\"width: 158.064%;\">5,2 A<\/td>\n<\/tr>\n<tr>\n<td style=\"width: 43.4128%;\">Vahelduvpinge<\/td>\n<td style=\"width: 158.064%;\">230 V<\/td>\n<\/tr>\n<tr>\n<td style=\"width: 43.4128%;\">Taajuus<\/td>\n<td style=\"width: 158.064%;\">50 Hz<\/td>\n<\/tr>\n<tr>\n<td style=\"width: 43.4128%;\">K\u00e4ivitus<\/td>\n<td style=\"width: 158.064%;\">K\u00e4sik\u00e4ivitus<\/td>\n<\/tr>\n<tr>\n<td style=\"width: 43.4128%;\">M\u00fcratase (7 m \/ 23 jalga, 25% koormus)<\/td>\n<td style=\"width: 158.064%;\">58 dB<\/td>\n<\/tr>\n<tr>\n<td style=\"width: 43.4128%;\">K\u00fctusepaagi maht<\/td>\n<td style=\"width: 158.064%;\">2,4 L<\/td>\n<\/tr>\n<tr>\n<td style=\"width: 43.4128%;\">\u00d5li maht<\/td>\n<td style=\"width: 158.064%;\">0,33 L<\/td>\n<\/tr>\n<tr>\n<td style=\"width: 43.4128%;\">T\u00f6\u00f6aeg 25% koormusel<\/td>\n<td style=\"width: 158.064%;\">7 h<\/td>\n<\/tr>\n<tr>\n<td style=\"width: 43.4128%;\">T\u00f6\u00f6aeg 50% koormusel<\/td>\n<td style=\"width: 158.064%;\">6 h<\/td>\n<\/tr>\n<tr>\n<td style=\"width: 43.4128%;\">Mootori t\u00f6\u00f6maht<\/td>\n<td style=\"width: 158.064%;\">57 cm\u00b3<\/td>\n<\/tr>\n<tr>\n<td style=\"width: 43.4128%;\">Madala \u00f5litaseme LED hoiatus<\/td>\n<td style=\"width: 158.064%;\">Jah<\/td>\n<\/tr>\n<tr>\n<td style=\"width: 43.4128%;\">\u00dclekoormuse LED hoiatus<\/td>\n<td style=\"width: 158.064%;\">Jah<\/td>\n<\/tr>\n<tr>\n<td style=\"width: 43.4128%;\">V\u00e4ljundi valmisoleku LED<\/td>\n<td style=\"width: 158.064%;\">Jah<\/td>\n<\/tr>\n<tr>\n<td style=\"width: 43.4128%;\">ECO-re\u017eiim<\/td>\n<td style=\"width: 158.064%;\">Jah<\/td>\n<\/tr>\n<tr>\n<td style=\"width: 43.4128%;\">Paralleelfunktsioon<\/td>\n<td style=\"width: 158.064%;\">Jah<\/td>\n<\/tr>\n<tr>\n<td style=\"width: 43.4128%;\">Digitaalne m\u00f5\u00f5teriist<\/td>\n<td style=\"width: 158.064%;\">Jah<\/td>\n<\/tr>\n<tr>\n<td style=\"width: 43.4128%;\">Generaatori m\u00f5\u00f5tmed (P \u00d7 L \u00d7 K)<\/td>\n<td style=\"width: 158.064%;\">42 \u00d7 24 \u00d7 40 cm<\/td>\n<\/tr>\n<tr>\n<td style=\"width: 43.4128%;\">Pakendi m\u00f5\u00f5tmed (P \u00d7 L \u00d7 K)<\/td>\n<td style=\"width: 158.064%;\">46 \u00d7 27,5 \u00d7 44 cm<\/td>\n<\/tr>\n<tr>\n<td style=\"width: 43.4128%;\">Netokaal<\/td>\n<td style=\"width: 158.064%;\">11,5 kg<\/td>\n<\/tr>\n<tr>\n<td style=\"width: 43.4128%;\">Brutokaal<\/td>\n<td style=\"width: 158.064%;\">14 kg<\/td>\n<\/tr>\n<tr>\n<td style=\"width: 43.4128%;\">V\u00e4ljundpistikud<\/td>\n<td style=\"width: 158.064%;\">1 \u00d7 230 V \/ 16 A, 2 \u00d7 USB<\/td>\n<\/tr>\n<\/tbody>\n<\/table>","protected":false},"featured_media":22937,"template":"","meta":{"_acf_changed":false,"inline_featured_image":false},"product_brand":[],"product_cat":[94,23],"product_tag":[],"class_list":{"0":"post-22936","1":"product","2":"type-product","3":"status-publish","4":"has-post-thumbnail","6":"product_cat-generaatorid","7":"product_cat-invertergeneraatorid","8":"product_shipping_class-vaikepakk","9":"brand-maxpeedingrods","11":"first","12":"instock","13":"taxable","14":"shipping-taxable","15":"purchasable","16":"product-type-simple"},"acf":[],"yoast_head":"<!-- This site is optimized with the Yoast SEO plugin v27.2 - https:\/\/yoast.com\/product\/yoast-seo-wordpress\/ -->\n<title>Invertergeneraator MXR1500 - Genekas24<\/title>\n<meta name=\"robots\" content=\"index, follow, max-snippet:-1, max-image-preview:large, max-video-preview:-1\" \/>\n<link rel=\"canonical\" href=\"https:\/\/genekas24.ee\/fi\/tuote\/invertergeneraator-mxr1500\/\" \/>\n<meta property=\"og:locale\" content=\"fi_FI\" \/>\n<meta property=\"og:type\" content=\"article\" \/>\n<meta property=\"og:title\" content=\"Invertergeneraator MXR1500 - Genekas24\" \/>\n<meta property=\"og:description\" content=\"Pidev v\u00f5imsus 1000 W   Maksimaalne v\u00f5imsus 1200 W   K\u00fctuse t\u00fc\u00fcp Bensiin (E10)   \u00d5li t\u00fc\u00fcp SAE 10W-30   Mootori t\u00fc\u00fcp 4-taktiline 57 cm\u00b3 OHV, \u00f5hkjahutusega   Pidev vool 4,3 A   Tippvool 5,2 A   Vahelduvpinge 230 V   Sagedus 50 Hz   K\u00e4ivitus K\u00e4sik\u00e4ivitus   M\u00fcratase (7 m \/ 23 jalga, 25% koormus) 58 dB   K\u00fctusepaagi maht 2,4 L   \u00d5li maht 0,33 L   T\u00f6\u00f6aeg 25% koormusel 7 h   T\u00f6\u00f6aeg 50% koormusel 6 h   Mootori t\u00f6\u00f6maht 57 cm\u00b3   Madala \u00f5litaseme LED hoiatus Jah   \u00dclekoormuse LED hoiatus Jah   V\u00e4ljundi valmisoleku LED Jah   ECO-re\u017eiim Jah   Paralleelfunktsioon Jah   Digitaalne m\u00f5\u00f5teriist Jah   Generaatori m\u00f5\u00f5tmed (P \u00d7 L \u00d7 K) 42 \u00d7 24 \u00d7 40 cm   Pakendi m\u00f5\u00f5tmed (P \u00d7 L \u00d7 K) 46 \u00d7 27,5 \u00d7 44 cm   Netokaal 11,5 kg   Brutokaal 14 kg   V\u00e4ljundpistikud 1 \u00d7 230 V \/ 16 A, 2 \u00d7 USB\" \/>\n<meta property=\"og:url\" content=\"https:\/\/genekas24.ee\/fi\/tuote\/invertergeneraator-mxr1500\/\" \/>\n<meta property=\"og:site_name\" content=\"Genekas24\" \/>\n<meta property=\"article:modified_time\" content=\"2026-02-09T09:04:09+00:00\" \/>\n<meta property=\"og:image\" content=\"https:\/\/genekas24.ee\/wp-content\/uploads\/2026\/02\/maxpeedingrods-stromgenerator-mxr1500-eu-32635041382597_1024x1024.webp\" \/>\n\t<meta property=\"og:image:width\" content=\"1024\" \/>\n\t<meta property=\"og:image:height\" content=\"1024\" \/>\n\t<meta property=\"og:image:type\" content=\"image\/webp\" \/>\n<meta name=\"twitter:card\" content=\"summary_large_image\" \/>\n<meta name=\"twitter:label1\" content=\"Arvioitu lukuaika\" \/>\n\t<meta name=\"twitter:data1\" content=\"1 minuutti\" \/>\n<script type=\"application\/ld+json\" class=\"yoast-schema-graph\">{\"@context\":\"https:\/\/schema.org\",\"@graph\":[{\"@type\":\"WebPage\",\"@id\":\"https:\/\/genekas24.ee\/toode\/invertergeneraator-mxr1500\/\",\"url\":\"https:\/\/genekas24.ee\/toode\/invertergeneraator-mxr1500\/\",\"name\":\"Invertergeneraator MXR1500 - Genekas24\",\"isPartOf\":{\"@id\":\"https:\/\/genekas24.ee\/#website\"},\"primaryImageOfPage\":{\"@id\":\"https:\/\/genekas24.ee\/toode\/invertergeneraator-mxr1500\/#primaryimage\"},\"image\":{\"@id\":\"https:\/\/genekas24.ee\/toode\/invertergeneraator-mxr1500\/#primaryimage\"},\"thumbnailUrl\":\"https:\/\/genekas24.ee\/wp-content\/uploads\/2026\/02\/maxpeedingrods-stromgenerator-mxr1500-eu-32635041382597_1024x1024.webp\",\"datePublished\":\"2026-02-09T08:59:47+00:00\",\"dateModified\":\"2026-02-09T09:04:09+00:00\",\"breadcrumb\":{\"@id\":\"https:\/\/genekas24.ee\/toode\/invertergeneraator-mxr1500\/#breadcrumb\"},\"inLanguage\":\"fi\",\"potentialAction\":[{\"@type\":\"ReadAction\",\"target\":[\"https:\/\/genekas24.ee\/toode\/invertergeneraator-mxr1500\/\"]}]},{\"@type\":\"ImageObject\",\"inLanguage\":\"fi\",\"@id\":\"https:\/\/genekas24.ee\/toode\/invertergeneraator-mxr1500\/#primaryimage\",\"url\":\"https:\/\/genekas24.ee\/wp-content\/uploads\/2026\/02\/maxpeedingrods-stromgenerator-mxr1500-eu-32635041382597_1024x1024.webp\",\"contentUrl\":\"https:\/\/genekas24.ee\/wp-content\/uploads\/2026\/02\/maxpeedingrods-stromgenerator-mxr1500-eu-32635041382597_1024x1024.webp\",\"width\":1024,\"height\":1024},{\"@type\":\"BreadcrumbList\",\"@id\":\"https:\/\/genekas24.ee\/toode\/invertergeneraator-mxr1500\/#breadcrumb\",\"itemListElement\":[{\"@type\":\"ListItem\",\"position\":1,\"name\":\"Home\",\"item\":\"https:\/\/genekas24.ee\/\"},{\"@type\":\"ListItem\",\"position\":2,\"name\":\"Pood\",\"item\":\"https:\/\/genekas24.ee\/pood\/\"},{\"@type\":\"ListItem\",\"position\":3,\"name\":\"Invertergeneraator MXR1500\"}]},{\"@type\":\"WebSite\",\"@id\":\"https:\/\/genekas24.ee\/#website\",\"url\":\"https:\/\/genekas24.ee\/\",\"name\":\"Genekas24\",\"description\":\"Generaatorid | K&ouml;nner S&ouml;hnen tooted | Genekas24\",\"publisher\":{\"@id\":\"https:\/\/genekas24.ee\/#organization\"},\"potentialAction\":[{\"@type\":\"SearchAction\",\"target\":{\"@type\":\"EntryPoint\",\"urlTemplate\":\"https:\/\/genekas24.ee\/?s={search_term_string}\"},\"query-input\":{\"@type\":\"PropertyValueSpecification\",\"valueRequired\":true,\"valueName\":\"search_term_string\"}}],\"inLanguage\":\"fi\"},{\"@type\":\"Organization\",\"@id\":\"https:\/\/genekas24.ee\/#organization\",\"name\":\"Genekas24\",\"url\":\"https:\/\/genekas24.ee\/\",\"logo\":{\"@type\":\"ImageObject\",\"inLanguage\":\"fi\",\"@id\":\"https:\/\/genekas24.ee\/#\/schema\/logo\/image\/\",\"url\":\"https:\/\/genekas24.ee\/wp-content\/uploads\/2026\/01\/genekas24-logo_black.svg\",\"contentUrl\":\"https:\/\/genekas24.ee\/wp-content\/uploads\/2026\/01\/genekas24-logo_black.svg\",\"width\":840,\"height\":131,\"caption\":\"Genekas24\"},\"image\":{\"@id\":\"https:\/\/genekas24.ee\/#\/schema\/logo\/image\/\"}}]}<\/script>\n<!-- \/ Yoast SEO plugin. -->","yoast_head_json":{"title":"Invertergeneraator MXR1500 - Genekas24","robots":{"index":"index","follow":"follow","max-snippet":"max-snippet:-1","max-image-preview":"max-image-preview:large","max-video-preview":"max-video-preview:-1"},"canonical":"https:\/\/genekas24.ee\/fi\/tuote\/invertergeneraator-mxr1500\/","og_locale":"fi_FI","og_type":"article","og_title":"Invertergeneraator MXR1500 - Genekas24","og_description":"Pidev v\u00f5imsus 1000 W   Maksimaalne v\u00f5imsus 1200 W   K\u00fctuse t\u00fc\u00fcp Bensiin (E10)   \u00d5li t\u00fc\u00fcp SAE 10W-30   Mootori t\u00fc\u00fcp 4-taktiline 57 cm\u00b3 OHV, \u00f5hkjahutusega   Pidev vool 4,3 A   Tippvool 5,2 A   Vahelduvpinge 230 V   Sagedus 50 Hz   K\u00e4ivitus K\u00e4sik\u00e4ivitus   M\u00fcratase (7 m \/ 23 jalga, 25% koormus) 58 dB   K\u00fctusepaagi maht 2,4 L   \u00d5li maht 0,33 L   T\u00f6\u00f6aeg 25% koormusel 7 h   T\u00f6\u00f6aeg 50% koormusel 6 h   Mootori t\u00f6\u00f6maht 57 cm\u00b3   Madala \u00f5litaseme LED hoiatus Jah   \u00dclekoormuse LED hoiatus Jah   V\u00e4ljundi valmisoleku LED Jah   ECO-re\u017eiim Jah   Paralleelfunktsioon Jah   Digitaalne m\u00f5\u00f5teriist Jah   Generaatori m\u00f5\u00f5tmed (P \u00d7 L \u00d7 K) 42 \u00d7 24 \u00d7 40 cm   Pakendi m\u00f5\u00f5tmed (P \u00d7 L \u00d7 K) 46 \u00d7 27,5 \u00d7 44 cm   Netokaal 11,5 kg   Brutokaal 14 kg   V\u00e4ljundpistikud 1 \u00d7 230 V \/ 16 A, 2 \u00d7 USB","og_url":"https:\/\/genekas24.ee\/fi\/tuote\/invertergeneraator-mxr1500\/","og_site_name":"Genekas24","article_modified_time":"2026-02-09T09:04:09+00:00","og_image":[{"width":1024,"height":1024,"url":"https:\/\/genekas24.ee\/wp-content\/uploads\/2026\/02\/maxpeedingrods-stromgenerator-mxr1500-eu-32635041382597_1024x1024.webp","type":"image\/webp"}],"twitter_card":"summary_large_image","twitter_misc":{"Arvioitu lukuaika":"1 minuutti"},"schema":{"@context":"https:\/\/schema.org","@graph":[{"@type":"WebPage","@id":"https:\/\/genekas24.ee\/toode\/invertergeneraator-mxr1500\/","url":"https:\/\/genekas24.ee\/toode\/invertergeneraator-mxr1500\/","name":"Invertergeneraator MXR1500 - Genekas24","isPartOf":{"@id":"https:\/\/genekas24.ee\/#website"},"primaryImageOfPage":{"@id":"https:\/\/genekas24.ee\/toode\/invertergeneraator-mxr1500\/#primaryimage"},"image":{"@id":"https:\/\/genekas24.ee\/toode\/invertergeneraator-mxr1500\/#primaryimage"},"thumbnailUrl":"https:\/\/genekas24.ee\/wp-content\/uploads\/2026\/02\/maxpeedingrods-stromgenerator-mxr1500-eu-32635041382597_1024x1024.webp","datePublished":"2026-02-09T08:59:47+00:00","dateModified":"2026-02-09T09:04:09+00:00","breadcrumb":{"@id":"https:\/\/genekas24.ee\/toode\/invertergeneraator-mxr1500\/#breadcrumb"},"inLanguage":"fi","potentialAction":[{"@type":"ReadAction","target":["https:\/\/genekas24.ee\/toode\/invertergeneraator-mxr1500\/"]}]},{"@type":"ImageObject","inLanguage":"fi","@id":"https:\/\/genekas24.ee\/toode\/invertergeneraator-mxr1500\/#primaryimage","url":"https:\/\/genekas24.ee\/wp-content\/uploads\/2026\/02\/maxpeedingrods-stromgenerator-mxr1500-eu-32635041382597_1024x1024.webp","contentUrl":"https:\/\/genekas24.ee\/wp-content\/uploads\/2026\/02\/maxpeedingrods-stromgenerator-mxr1500-eu-32635041382597_1024x1024.webp","width":1024,"height":1024},{"@type":"BreadcrumbList","@id":"https:\/\/genekas24.ee\/toode\/invertergeneraator-mxr1500\/#breadcrumb","itemListElement":[{"@type":"ListItem","position":1,"name":"Home","item":"https:\/\/genekas24.ee\/"},{"@type":"ListItem","position":2,"name":"Pood","item":"https:\/\/genekas24.ee\/pood\/"},{"@type":"ListItem","position":3,"name":"Invertergeneraator MXR1500"}]},{"@type":"WebSite","@id":"https:\/\/genekas24.ee\/#website","url":"https:\/\/genekas24.ee\/","name":"Genekas24","description":"Generaatorid | K&ouml;nner S&ouml;hnen tooted | Genekas24","publisher":{"@id":"https:\/\/genekas24.ee\/#organization"},"potentialAction":[{"@type":"SearchAction","target":{"@type":"EntryPoint","urlTemplate":"https:\/\/genekas24.ee\/?s={search_term_string}"},"query-input":{"@type":"PropertyValueSpecification","valueRequired":true,"valueName":"search_term_string"}}],"inLanguage":"fi"},{"@type":"Organization","@id":"https:\/\/genekas24.ee\/#organization","name":"Genekas24","url":"https:\/\/genekas24.ee\/","logo":{"@type":"ImageObject","inLanguage":"fi","@id":"https:\/\/genekas24.ee\/#\/schema\/logo\/image\/","url":"https:\/\/genekas24.ee\/wp-content\/uploads\/2026\/01\/genekas24-logo_black.svg","contentUrl":"https:\/\/genekas24.ee\/wp-content\/uploads\/2026\/01\/genekas24-logo_black.svg","width":840,"height":131,"caption":"Genekas24"},"image":{"@id":"https:\/\/genekas24.ee\/#\/schema\/logo\/image\/"}}]}},"_links":{"self":[{"href":"https:\/\/genekas24.ee\/fi\/wp-json\/wp\/v2\/product\/22936","targetHints":{"allow":["GET"]}}],"collection":[{"href":"https:\/\/genekas24.ee\/fi\/wp-json\/wp\/v2\/product"}],"about":[{"href":"https:\/\/genekas24.ee\/fi\/wp-json\/wp\/v2\/types\/product"}],"version-history":[{"count":3,"href":"https:\/\/genekas24.ee\/fi\/wp-json\/wp\/v2\/product\/22936\/revisions"}],"predecessor-version":[{"id":22942,"href":"https:\/\/genekas24.ee\/fi\/wp-json\/wp\/v2\/product\/22936\/revisions\/22942"}],"wp:featuredmedia":[{"embeddable":true,"href":"https:\/\/genekas24.ee\/fi\/wp-json\/wp\/v2\/media\/22937"}],"wp:attachment":[{"href":"https:\/\/genekas24.ee\/fi\/wp-json\/wp\/v2\/media?parent=22936"}],"wp:term":[{"taxonomy":"product_brand","embeddable":true,"href":"https:\/\/genekas24.ee\/fi\/wp-json\/wp\/v2\/product_brand?post=22936"},{"taxonomy":"product_cat","embeddable":true,"href":"https:\/\/genekas24.ee\/fi\/wp-json\/wp\/v2\/product_cat?post=22936"},{"taxonomy":"product_tag","embeddable":true,"href":"https:\/\/genekas24.ee\/fi\/wp-json\/wp\/v2\/product_tag?post=22936"}],"curies":[{"name":"wp","href":"https:\/\/api.w.org\/{rel}","templated":true}]}}