{"id":22928,"date":"2026-02-09T08:54:49","date_gmt":"2026-02-09T08:54:49","guid":{"rendered":"https:\/\/genekas24.ee\/?post_type=product&#038;p=22928"},"modified":"2026-02-09T09:00:12","modified_gmt":"2026-02-09T09:00:12","slug":"invertergeneraator-mxr3800","status":"publish","type":"product","link":"https:\/\/genekas24.ee\/fi\/tuote\/invertergeneraator-mxr3800\/","title":{"rendered":"Invertergeneraator MXR3800"},"content":{"rendered":"<p>Ominaisuudet:<\/p>\n<ul>\n<li data-start=\"73\" data-end=\"326\">Mitmek\u00fclgne kasutus \u2013 loodud vabaajaks ja h\u00e4daolukordadeks: varustab vooluga matka-, v\u00e4li\u00fcritusi, haagissuvila reise ning tagab usaldusv\u00e4\u00e4rse varutoite elektrikatkestuste korral. Integreeritud 12 V DC v\u00e4ljund toetab lisaks ka muid v\u00e4listarvikuid.<\/li>\n<li data-start=\"330\" data-end=\"421\">Kaasaskantav \u2013 \u00fclikerge korpus kaalub ainult 21 kg, lihtne transportida ja hoiustada.<\/li>\n<li data-start=\"425\" data-end=\"613\">Puhas vool \u2013 inverter-tehnoloogia tagab puhta sinusvoo, mis v\u00f5imaldab ohutult kasutada tundlikku elektroonikat (nt mobiiltelefonid, s\u00fclearvutid, kaamerad) ilma seadmeid kahjustamata.<\/li>\n<li data-start=\"617\" data-end=\"806\">Vaikne t\u00f6\u00f6 \u2013 ECO-re\u017eiimis ainult 58 dB (7 m kaugusel \/ ilma koormuseta), sobib kasutamiseks igas keskkonnas, teisi h\u00e4irimata. (T\u00e4helepanu: \u00fcmbritsev m\u00fcra v\u00f5ib m\u00f5jutada kogum\u00fcrataset.)<\/li>\n<li data-start=\"810\" data-end=\"910\">Paralleelkasutus \u2013 kaks generaatorit saab \u00fchendada paralleelselt, et topeltv\u00f5imsust saavutada.<\/li>\n<li data-start=\"914\" data-end=\"1026\">V\u00f5imas mootor \u2013 generaatorit juhib 145 cm\u00b3 OHV-mootor. Pidev v\u00f5imsus 3200 W, tippv\u00f5imsus 3500 W (bensiin).<\/li>\n<li data-start=\"1030\" data-end=\"1145\">ECO-re\u017eiim \u2013 mootori p\u00f6\u00f6rlemiskiirus kohandub automaatselt koormusele, v\u00e4hendades k\u00fctusekulu ja s\u00e4\u00e4stes raha.<\/li>\n<\/ul>","protected":false},"excerpt":{"rendered":"<table style=\"width: 94.7565%;\">\n<tbody>\n<tr>\n<td style=\"width: 42.7719%;\">Pidev v\u00f5imsus<\/td>\n<td style=\"width: 213.164%;\">3200 W<\/td>\n<\/tr>\n<tr>\n<td style=\"width: 42.7719%;\">Maksimaalne v\u00f5imsus<\/td>\n<td style=\"width: 213.164%;\">3500 W<\/td>\n<\/tr>\n<tr>\n<td style=\"width: 42.7719%;\">T\u00fchimass<\/td>\n<td style=\"width: 213.164%;\">21 kg<\/td>\n<\/tr>\n<tr>\n<td style=\"width: 42.7719%;\">K\u00fctus<\/td>\n<td style=\"width: 213.164%;\">Bensiin (soovitatav: pliiivaba bensiin)<\/td>\n<\/tr>\n<tr>\n<td style=\"width: 42.7719%;\">\u00d6ljytyyppi<\/td>\n<td style=\"width: 213.164%;\">10W30 (soovitatav)<\/td>\n<\/tr>\n<tr>\n<td style=\"width: 42.7719%;\">Moottorityyppi<\/td>\n<td style=\"width: 213.164%;\">4-taktiline OHV<\/td>\n<\/tr>\n<tr>\n<td style=\"width: 42.7719%;\">J\u00e4nnite<\/td>\n<td style=\"width: 213.164%;\">230 V \/ 50 Hz<\/td>\n<\/tr>\n<tr>\n<td style=\"width: 42.7719%;\">M\u00fcratase (7 m)<\/td>\n<td style=\"width: 213.164%;\">58 dB<\/td>\n<\/tr>\n<tr>\n<td style=\"width: 42.7719%;\">T\u00f6\u00f6aeg 25% koormusel<\/td>\n<td style=\"width: 213.164%;\">7 h<\/td>\n<\/tr>\n<tr>\n<td style=\"width: 42.7719%;\">T\u00f6\u00f6aeg 50% koormusel<\/td>\n<td style=\"width: 213.164%;\">4 h<\/td>\n<\/tr>\n<tr>\n<td style=\"width: 42.7719%;\">Mootori t\u00f6\u00f6maht<\/td>\n<td style=\"width: 213.164%;\">145 cm\u00b3<\/td>\n<\/tr>\n<tr>\n<td style=\"width: 42.7719%;\">T\u00f6\u00f6vool<\/td>\n<td style=\"width: 213.164%;\">13,9 A<\/td>\n<\/tr>\n<tr>\n<td style=\"width: 42.7719%;\">Tippvool<\/td>\n<td style=\"width: 213.164%;\">15,2 A<\/td>\n<\/tr>\n<tr>\n<td style=\"width: 42.7719%;\">K\u00fctusepaagi maht<\/td>\n<td style=\"width: 213.164%;\">4 L<\/td>\n<\/tr>\n<tr>\n<td style=\"width: 42.7719%;\">\u00d5li maht<\/td>\n<td style=\"width: 213.164%;\">0,45 L<\/td>\n<\/tr>\n<tr>\n<td style=\"width: 42.7719%;\">M\u00f5\u00f5tmed (P \u00d7 L \u00d7 K)<\/td>\n<td style=\"width: 213.164%;\">48 \u00d7 29 \u00d7 44 cm<\/td>\n<\/tr>\n<tr>\n<td style=\"width: 42.7719%;\">Madala \u00f5litaseme LED hoiatus<\/td>\n<td style=\"width: 213.164%;\">Jah<\/td>\n<\/tr>\n<tr>\n<td style=\"width: 42.7719%;\">\u00dclekoormuse LED hoiatus<\/td>\n<td style=\"width: 213.164%;\">Jah<\/td>\n<\/tr>\n<tr>\n<td style=\"width: 42.7719%;\">V\u00e4ljundi valmisoleku LED<\/td>\n<td style=\"width: 213.164%;\">Jah<\/td>\n<\/tr>\n<tr>\n<td style=\"width: 42.7719%;\">ECO-re\u017eiim<\/td>\n<td style=\"width: 213.164%;\">Jah<\/td>\n<\/tr>\n<tr>\n<td style=\"width: 42.7719%;\">Paralleelfunktsioon<\/td>\n<td style=\"width: 213.164%;\">Jah<\/td>\n<\/tr>\n<\/tbody>\n<\/table>","protected":false},"featured_media":22929,"template":"","meta":{"_acf_changed":false,"inline_featured_image":false},"product_brand":[],"product_cat":[94,23],"product_tag":[],"class_list":{"0":"post-22928","1":"product","2":"type-product","3":"status-publish","4":"has-post-thumbnail","6":"product_cat-generaatorid","7":"product_cat-invertergeneraatorid","8":"product_shipping_class-vaikepakk","9":"brand-maxpeedingrods","11":"first","12":"instock","13":"taxable","14":"shipping-taxable","15":"purchasable","16":"product-type-simple"},"acf":[],"yoast_head":"<!-- This site is optimized with the Yoast SEO plugin v27.2 - https:\/\/yoast.com\/product\/yoast-seo-wordpress\/ -->\n<title>Invertergeneraator MXR3800 - Genekas24<\/title>\n<meta name=\"robots\" content=\"index, follow, max-snippet:-1, max-image-preview:large, max-video-preview:-1\" \/>\n<link rel=\"canonical\" href=\"https:\/\/genekas24.ee\/fi\/tuote\/invertergeneraator-mxr3800\/\" \/>\n<meta property=\"og:locale\" content=\"fi_FI\" \/>\n<meta property=\"og:type\" content=\"article\" \/>\n<meta property=\"og:title\" content=\"Invertergeneraator MXR3800 - Genekas24\" \/>\n<meta property=\"og:description\" content=\"Pidev v\u00f5imsus 3200 W   Maksimaalne v\u00f5imsus 3500 W   T\u00fchimass 21 kg   K\u00fctus Bensiin (soovitatav: pliiivaba bensiin)   \u00d5li t\u00fc\u00fcp 10W30 (soovitatav)   Mootori t\u00fc\u00fcp 4-taktiline OHV   Pinge 230 V \/ 50 Hz   M\u00fcratase (7 m) 58 dB   T\u00f6\u00f6aeg 25% koormusel 7 h   T\u00f6\u00f6aeg 50% koormusel 4 h   Mootori t\u00f6\u00f6maht 145 cm\u00b3   T\u00f6\u00f6vool 13,9 A   Tippvool 15,2 A   K\u00fctusepaagi maht 4 L   \u00d5li maht 0,45 L   M\u00f5\u00f5tmed (P \u00d7 L \u00d7 K) 48 \u00d7 29 \u00d7 44 cm   Madala \u00f5litaseme LED hoiatus Jah   \u00dclekoormuse LED hoiatus Jah   V\u00e4ljundi valmisoleku LED Jah   ECO-re\u017eiim Jah   Paralleelfunktsioon Jah\" \/>\n<meta property=\"og:url\" content=\"https:\/\/genekas24.ee\/fi\/tuote\/invertergeneraator-mxr3800\/\" \/>\n<meta property=\"og:site_name\" content=\"Genekas24\" \/>\n<meta property=\"article:modified_time\" content=\"2026-02-09T09:00:12+00:00\" \/>\n<meta property=\"og:image\" content=\"https:\/\/genekas24.ee\/wp-content\/uploads\/2026\/02\/maxpeedingrods-neu-mxr3800-eu-1209045776_1024x1024.webp\" \/>\n\t<meta property=\"og:image:width\" content=\"1024\" \/>\n\t<meta property=\"og:image:height\" content=\"1024\" \/>\n\t<meta property=\"og:image:type\" content=\"image\/webp\" \/>\n<meta name=\"twitter:card\" content=\"summary_large_image\" \/>\n<meta name=\"twitter:label1\" content=\"Arvioitu lukuaika\" \/>\n\t<meta name=\"twitter:data1\" content=\"1 minuutti\" \/>\n<script type=\"application\/ld+json\" class=\"yoast-schema-graph\">{\"@context\":\"https:\/\/schema.org\",\"@graph\":[{\"@type\":\"WebPage\",\"@id\":\"https:\/\/genekas24.ee\/toode\/invertergeneraator-mxr3800\/\",\"url\":\"https:\/\/genekas24.ee\/toode\/invertergeneraator-mxr3800\/\",\"name\":\"Invertergeneraator MXR3800 - Genekas24\",\"isPartOf\":{\"@id\":\"https:\/\/genekas24.ee\/#website\"},\"primaryImageOfPage\":{\"@id\":\"https:\/\/genekas24.ee\/toode\/invertergeneraator-mxr3800\/#primaryimage\"},\"image\":{\"@id\":\"https:\/\/genekas24.ee\/toode\/invertergeneraator-mxr3800\/#primaryimage\"},\"thumbnailUrl\":\"https:\/\/genekas24.ee\/wp-content\/uploads\/2026\/02\/maxpeedingrods-neu-mxr3800-eu-1209045776_1024x1024.webp\",\"datePublished\":\"2026-02-09T08:54:49+00:00\",\"dateModified\":\"2026-02-09T09:00:12+00:00\",\"breadcrumb\":{\"@id\":\"https:\/\/genekas24.ee\/toode\/invertergeneraator-mxr3800\/#breadcrumb\"},\"inLanguage\":\"fi\",\"potentialAction\":[{\"@type\":\"ReadAction\",\"target\":[\"https:\/\/genekas24.ee\/toode\/invertergeneraator-mxr3800\/\"]}]},{\"@type\":\"ImageObject\",\"inLanguage\":\"fi\",\"@id\":\"https:\/\/genekas24.ee\/toode\/invertergeneraator-mxr3800\/#primaryimage\",\"url\":\"https:\/\/genekas24.ee\/wp-content\/uploads\/2026\/02\/maxpeedingrods-neu-mxr3800-eu-1209045776_1024x1024.webp\",\"contentUrl\":\"https:\/\/genekas24.ee\/wp-content\/uploads\/2026\/02\/maxpeedingrods-neu-mxr3800-eu-1209045776_1024x1024.webp\",\"width\":1024,\"height\":1024},{\"@type\":\"BreadcrumbList\",\"@id\":\"https:\/\/genekas24.ee\/toode\/invertergeneraator-mxr3800\/#breadcrumb\",\"itemListElement\":[{\"@type\":\"ListItem\",\"position\":1,\"name\":\"Home\",\"item\":\"https:\/\/genekas24.ee\/\"},{\"@type\":\"ListItem\",\"position\":2,\"name\":\"Pood\",\"item\":\"https:\/\/genekas24.ee\/pood\/\"},{\"@type\":\"ListItem\",\"position\":3,\"name\":\"Invertergeneraator MXR3800\"}]},{\"@type\":\"WebSite\",\"@id\":\"https:\/\/genekas24.ee\/#website\",\"url\":\"https:\/\/genekas24.ee\/\",\"name\":\"Genekas24\",\"description\":\"Generaatorid | K&ouml;nner S&ouml;hnen tooted | Genekas24\",\"publisher\":{\"@id\":\"https:\/\/genekas24.ee\/#organization\"},\"potentialAction\":[{\"@type\":\"SearchAction\",\"target\":{\"@type\":\"EntryPoint\",\"urlTemplate\":\"https:\/\/genekas24.ee\/?s={search_term_string}\"},\"query-input\":{\"@type\":\"PropertyValueSpecification\",\"valueRequired\":true,\"valueName\":\"search_term_string\"}}],\"inLanguage\":\"fi\"},{\"@type\":\"Organization\",\"@id\":\"https:\/\/genekas24.ee\/#organization\",\"name\":\"Genekas24\",\"url\":\"https:\/\/genekas24.ee\/\",\"logo\":{\"@type\":\"ImageObject\",\"inLanguage\":\"fi\",\"@id\":\"https:\/\/genekas24.ee\/#\/schema\/logo\/image\/\",\"url\":\"https:\/\/genekas24.ee\/wp-content\/uploads\/2026\/01\/genekas24-logo_black.svg\",\"contentUrl\":\"https:\/\/genekas24.ee\/wp-content\/uploads\/2026\/01\/genekas24-logo_black.svg\",\"width\":840,\"height\":131,\"caption\":\"Genekas24\"},\"image\":{\"@id\":\"https:\/\/genekas24.ee\/#\/schema\/logo\/image\/\"}}]}<\/script>\n<!-- \/ Yoast SEO plugin. -->","yoast_head_json":{"title":"Invertergeneraator MXR3800 - Genekas24","robots":{"index":"index","follow":"follow","max-snippet":"max-snippet:-1","max-image-preview":"max-image-preview:large","max-video-preview":"max-video-preview:-1"},"canonical":"https:\/\/genekas24.ee\/fi\/tuote\/invertergeneraator-mxr3800\/","og_locale":"fi_FI","og_type":"article","og_title":"Invertergeneraator MXR3800 - Genekas24","og_description":"Pidev v\u00f5imsus 3200 W   Maksimaalne v\u00f5imsus 3500 W   T\u00fchimass 21 kg   K\u00fctus Bensiin (soovitatav: pliiivaba bensiin)   \u00d5li t\u00fc\u00fcp 10W30 (soovitatav)   Mootori t\u00fc\u00fcp 4-taktiline OHV   Pinge 230 V \/ 50 Hz   M\u00fcratase (7 m) 58 dB   T\u00f6\u00f6aeg 25% koormusel 7 h   T\u00f6\u00f6aeg 50% koormusel 4 h   Mootori t\u00f6\u00f6maht 145 cm\u00b3   T\u00f6\u00f6vool 13,9 A   Tippvool 15,2 A   K\u00fctusepaagi maht 4 L   \u00d5li maht 0,45 L   M\u00f5\u00f5tmed (P \u00d7 L \u00d7 K) 48 \u00d7 29 \u00d7 44 cm   Madala \u00f5litaseme LED hoiatus Jah   \u00dclekoormuse LED hoiatus Jah   V\u00e4ljundi valmisoleku LED Jah   ECO-re\u017eiim Jah   Paralleelfunktsioon Jah","og_url":"https:\/\/genekas24.ee\/fi\/tuote\/invertergeneraator-mxr3800\/","og_site_name":"Genekas24","article_modified_time":"2026-02-09T09:00:12+00:00","og_image":[{"width":1024,"height":1024,"url":"https:\/\/genekas24.ee\/wp-content\/uploads\/2026\/02\/maxpeedingrods-neu-mxr3800-eu-1209045776_1024x1024.webp","type":"image\/webp"}],"twitter_card":"summary_large_image","twitter_misc":{"Arvioitu lukuaika":"1 minuutti"},"schema":{"@context":"https:\/\/schema.org","@graph":[{"@type":"WebPage","@id":"https:\/\/genekas24.ee\/toode\/invertergeneraator-mxr3800\/","url":"https:\/\/genekas24.ee\/toode\/invertergeneraator-mxr3800\/","name":"Invertergeneraator MXR3800 - Genekas24","isPartOf":{"@id":"https:\/\/genekas24.ee\/#website"},"primaryImageOfPage":{"@id":"https:\/\/genekas24.ee\/toode\/invertergeneraator-mxr3800\/#primaryimage"},"image":{"@id":"https:\/\/genekas24.ee\/toode\/invertergeneraator-mxr3800\/#primaryimage"},"thumbnailUrl":"https:\/\/genekas24.ee\/wp-content\/uploads\/2026\/02\/maxpeedingrods-neu-mxr3800-eu-1209045776_1024x1024.webp","datePublished":"2026-02-09T08:54:49+00:00","dateModified":"2026-02-09T09:00:12+00:00","breadcrumb":{"@id":"https:\/\/genekas24.ee\/toode\/invertergeneraator-mxr3800\/#breadcrumb"},"inLanguage":"fi","potentialAction":[{"@type":"ReadAction","target":["https:\/\/genekas24.ee\/toode\/invertergeneraator-mxr3800\/"]}]},{"@type":"ImageObject","inLanguage":"fi","@id":"https:\/\/genekas24.ee\/toode\/invertergeneraator-mxr3800\/#primaryimage","url":"https:\/\/genekas24.ee\/wp-content\/uploads\/2026\/02\/maxpeedingrods-neu-mxr3800-eu-1209045776_1024x1024.webp","contentUrl":"https:\/\/genekas24.ee\/wp-content\/uploads\/2026\/02\/maxpeedingrods-neu-mxr3800-eu-1209045776_1024x1024.webp","width":1024,"height":1024},{"@type":"BreadcrumbList","@id":"https:\/\/genekas24.ee\/toode\/invertergeneraator-mxr3800\/#breadcrumb","itemListElement":[{"@type":"ListItem","position":1,"name":"Home","item":"https:\/\/genekas24.ee\/"},{"@type":"ListItem","position":2,"name":"Pood","item":"https:\/\/genekas24.ee\/pood\/"},{"@type":"ListItem","position":3,"name":"Invertergeneraator MXR3800"}]},{"@type":"WebSite","@id":"https:\/\/genekas24.ee\/#website","url":"https:\/\/genekas24.ee\/","name":"Genekas24","description":"Generaatorid | K&ouml;nner S&ouml;hnen tooted | Genekas24","publisher":{"@id":"https:\/\/genekas24.ee\/#organization"},"potentialAction":[{"@type":"SearchAction","target":{"@type":"EntryPoint","urlTemplate":"https:\/\/genekas24.ee\/?s={search_term_string}"},"query-input":{"@type":"PropertyValueSpecification","valueRequired":true,"valueName":"search_term_string"}}],"inLanguage":"fi"},{"@type":"Organization","@id":"https:\/\/genekas24.ee\/#organization","name":"Genekas24","url":"https:\/\/genekas24.ee\/","logo":{"@type":"ImageObject","inLanguage":"fi","@id":"https:\/\/genekas24.ee\/#\/schema\/logo\/image\/","url":"https:\/\/genekas24.ee\/wp-content\/uploads\/2026\/01\/genekas24-logo_black.svg","contentUrl":"https:\/\/genekas24.ee\/wp-content\/uploads\/2026\/01\/genekas24-logo_black.svg","width":840,"height":131,"caption":"Genekas24"},"image":{"@id":"https:\/\/genekas24.ee\/#\/schema\/logo\/image\/"}}]}},"_links":{"self":[{"href":"https:\/\/genekas24.ee\/fi\/wp-json\/wp\/v2\/product\/22928","targetHints":{"allow":["GET"]}}],"collection":[{"href":"https:\/\/genekas24.ee\/fi\/wp-json\/wp\/v2\/product"}],"about":[{"href":"https:\/\/genekas24.ee\/fi\/wp-json\/wp\/v2\/types\/product"}],"version-history":[{"count":3,"href":"https:\/\/genekas24.ee\/fi\/wp-json\/wp\/v2\/product\/22928\/revisions"}],"predecessor-version":[{"id":22943,"href":"https:\/\/genekas24.ee\/fi\/wp-json\/wp\/v2\/product\/22928\/revisions\/22943"}],"wp:featuredmedia":[{"embeddable":true,"href":"https:\/\/genekas24.ee\/fi\/wp-json\/wp\/v2\/media\/22929"}],"wp:attachment":[{"href":"https:\/\/genekas24.ee\/fi\/wp-json\/wp\/v2\/media?parent=22928"}],"wp:term":[{"taxonomy":"product_brand","embeddable":true,"href":"https:\/\/genekas24.ee\/fi\/wp-json\/wp\/v2\/product_brand?post=22928"},{"taxonomy":"product_cat","embeddable":true,"href":"https:\/\/genekas24.ee\/fi\/wp-json\/wp\/v2\/product_cat?post=22928"},{"taxonomy":"product_tag","embeddable":true,"href":"https:\/\/genekas24.ee\/fi\/wp-json\/wp\/v2\/product_tag?post=22928"}],"curies":[{"name":"wp","href":"https:\/\/api.w.org\/{rel}","templated":true}]}}