{"id":22901,"date":"2026-02-06T15:11:20","date_gmt":"2026-02-06T15:11:20","guid":{"rendered":"https:\/\/genekas24.ee\/?post_type=product&#038;p=22901"},"modified":"2026-04-08T16:37:53","modified_gmt":"2026-04-08T16:37:53","slug":"kahekutuseline-invertergeneraator-ks-6500ieg","status":"publish","type":"product","link":"https:\/\/genekas24.ee\/fi\/tuote\/kahekutuseline-invertergeneraator-ks-6500ieg\/","title":{"rendered":"Kahek\u00fctuseline invertergeneraator KS 6500iEG"},"content":{"rendered":"<p>K\u00f6nner &amp; S\u00f6hnen 6500iEG inverteriga kahe k\u00fctusega generaator on kaasaegne varutoiteallikas (maksimaalne v\u00f5imsus 6,5 kW\/nominaalne v\u00f5imsus 6,0 kW bensiinil, gaasil 10% v\u00f5imsuse v\u00e4henemine) puhta siinuslainega, ohutu tundlikele elektroonikaseadmetele. Sobib p\u00e4ikeseelektrijaamadele, meditsiini-, telekommunikatsiooni- ja turvaseadmetele. Omadused: elektriline starter, v\u00f5imas EURO 5 mootor ja ECONOMY MODE. LED-ekraan n\u00e4itab pinget, sagedust ja t\u00f6\u00f6tunde. Sisaldab vahelduvvoolupesasid 1\u00d716A, 1\u00d732A, 12V alalisvoolupesa ja USB QC 3.0 + Type C.<\/p>\n<table style=\"border-collapse: collapse; width: 100%;\">\n<tbody>\n<tr>\n<td style=\"width: 13.0702%;\"><img decoding=\"async\" src=\"https:\/\/konner-sohnen.ee\/cdn\/shop\/files\/2_inverter_technology-ks-9500ie-s-atsr.png?v=1768229376&amp;width=500\" alt=\"Invertertehnoloogia\" \/><\/td>\n<td style=\"width: 86.9298%;\">\n<h3>Invertertehnoloogia<\/h3>\n<div class=\"text-sm\">Stabiilse pinge genereerimine puhta siinuslainega teeb selle generaatori ideaalseks tundlike elektroonikaseadmete toiteks.<\/div>\n<\/td>\n<\/tr>\n<tr>\n<td style=\"width: 13.0702%;\"><img decoding=\"async\" src=\"https:\/\/konner-sohnen.ee\/cdn\/shop\/files\/dual-fuel-operation-ks-6500ieg-02.jpg?v=1769516166&amp;width=500\" alt=\"Kahekordne k\u00fctusekasutus\" \/><\/td>\n<td style=\"width: 86.9298%;\">\n<h3>Kahekordne k\u00fctusekasutus<\/h3>\n<div class=\"text-sm\">T\u00f6\u00f6tab nii bensiini kui ka gaasiga, pakkudes pikemat t\u00f6\u00f6aega, kulude kokkuhoidu ja k\u00fctuse paindlikkust.<\/div>\n<\/td>\n<\/tr>\n<tr>\n<td style=\"width: 13.0702%;\"><img decoding=\"async\" src=\"https:\/\/konner-sohnen.ee\/cdn\/shop\/files\/12v-socket-and-usb-outputs-ks-6500ieg-03.jpg?v=1769516165&amp;width=500\" alt=\"12V pistikupesa ja USB-v\u00e4ljundid\" \/><\/td>\n<td style=\"width: 86.9298%;\">\n<h3>12V pistikupesa ja USB-v\u00e4ljundid<\/h3>\n<div class=\"text-sm\">Universaalne auto pistikupesa v\u00f5imaldab toita laia valikut 12V-seadmeid. USB-v\u00e4ljundid v\u00f5imaldavad lihtsat telefonide, tahvelarvutite, kaamerate, k\u00f5rvaklappide ja muude elektrooniliste seadmete laadimist.<\/div>\n<\/td>\n<\/tr>\n<tr>\n<td style=\"width: 13.0702%;\"><img decoding=\"async\" src=\"https:\/\/konner-sohnen.ee\/cdn\/shop\/files\/16a-and-32a-sockets-ks-6500ieg-04.jpg?v=1769516165&amp;width=500\" alt=\"16A ja 32A pistikupesad\" \/><\/td>\n<td style=\"width: 86.9298%;\">\n<h3>16A ja 32A pistikupesad<\/h3>\n<div class=\"text-sm\">Pakkuge mitmek\u00fclgseid \u00fchendusi, muutes generaatori sobivaks nii tavalistele kodumasinatele kui ka suure v\u00f5imsusega seadmetele, mis vajavad suuremaid voolukoormusi. See paindlikkus v\u00f5imaldab generaatorit kasutada erinevates keskkondades \u2014 alates kodust kuni professionaalsete \u00fclesanneteni.<\/div>\n<\/td>\n<\/tr>\n<tr>\n<td style=\"width: 13.0702%;\"><img decoding=\"async\" src=\"https:\/\/konner-sohnen.ee\/cdn\/shop\/files\/electric-start-ks-6500ieg-05.jpg?v=1769516165&amp;width=500\" alt=\"Elektriline k\u00e4ivitus\" \/><\/td>\n<td style=\"width: 86.9298%;\">\n<h3>Elektriline k\u00e4ivitus<\/h3>\n<div class=\"text-sm\">Generaatori kiire ja lihtne k\u00e4ivitamine vaid nupuvajutusega, ilma f\u00fc\u00fcsilise pingutuseta, parandades kasutusmugavust.<\/div>\n<\/td>\n<\/tr>\n<tr>\n<td style=\"width: 13.0702%;\"><img decoding=\"async\" src=\"https:\/\/konner-sohnen.ee\/cdn\/shop\/files\/economy-mode-ks-6500ieg-06.jpg?v=1769516165&amp;width=500\" alt=\"S\u00e4\u00e4sture\u017eiim\" \/><\/td>\n<td style=\"width: 86.9298%;\">\n<h3>S\u00e4\u00e4sture\u017eiim<\/h3>\n<div class=\"text-sm\">Parandab generaatori k\u00fctusekasutust, v\u00e4hendades k\u00fctusekulu madala koormuse korral.<\/div>\n<\/td>\n<\/tr>\n<tr>\n<td style=\"width: 13.0702%;\"><img decoding=\"async\" src=\"https:\/\/konner-sohnen.ee\/cdn\/shop\/files\/ergonomic-control-panel-ks-6500ieg-07.jpg?v=1769516165&amp;width=500\" alt=\"Ergonoomiline juhtpaneel\" \/><\/td>\n<td style=\"width: 86.9298%;\">\n<h3>Ergonoomiline juhtpaneel<\/h3>\n<div class=\"text-sm\">K\u00f5ik peamised juhtimis- ja n\u00e4idikelemendid on mugavalt \u00fches kohas. LED-ekraan kuvab pinge, sageduse, t\u00f6\u00f6tunnid ning n\u00e4idikud madala \u00f5litaseme, koormuse, \u00fclekoormuse ja k\u00fctuse t\u00fc\u00fcbi kohta.<\/div>\n<\/td>\n<\/tr>\n<tr>\n<td style=\"width: 13.0702%;\"><img decoding=\"async\" src=\"https:\/\/konner-sohnen.ee\/cdn\/shop\/files\/reliable-euro-5-engine-ks-6500ieg-08.jpg?v=1769516165&amp;width=500\" alt=\"Usaldusv\u00e4\u00e4rne EURO 5 mootor\" \/><\/td>\n<td style=\"width: 86.9298%;\">\n<h3>Usaldusv\u00e4\u00e4rne EURO 5 mootor<\/h3>\n<div class=\"text-sm\">V\u00f5imas mootor vastab kaasaegsele EURO 5 keskkonnastandardile, tagades madalad kahjulikud heitmed ja pika, katkestusteta t\u00f6\u00f6.<\/div>\n<\/td>\n<\/tr>\n<\/tbody>\n<\/table>","protected":false},"excerpt":{"rendered":"<table>\n<thead>\n<tr>\n<th>Parameeter<\/th>\n<th>V\u00e4\u00e4rtus<\/th>\n<\/tr>\n<\/thead>\n<tbody>\n<tr>\n<td>J\u00e4nnite, V<\/td>\n<td>230<\/td>\n<\/tr>\n<tr>\n<td>Maksimaalne v\u00f5imsus, kW<\/td>\n<td>6.5<\/td>\n<\/tr>\n<tr>\n<td>Nimellisteho, kW<\/td>\n<td>6.0<\/td>\n<\/tr>\n<tr>\n<td>V\u00f5imsustegur, cos\u03c6<\/td>\n<td>1<\/td>\n<\/tr>\n<tr>\n<td>Taajuus, Hz<\/td>\n<td>50<\/td>\n<\/tr>\n<tr>\n<td>Praegune (max), A<\/td>\n<td>28.6<\/td>\n<\/tr>\n<tr>\n<td>Mootori k\u00e4ivitus<\/td>\n<td>S\u00e4hk\u00f6inen<\/td>\n<\/tr>\n<tr>\n<td>Polttoaines\u00e4ili\u00f6n tilavuus, L<\/td>\n<td>17<\/td>\n<\/tr>\n<tr>\n<td>T\u00f6\u00f6aeg 50% koormusel, h<\/td>\n<td>6<\/td>\n<\/tr>\n<tr>\n<td>LED-n\u00e4ytt\u00f6<\/td>\n<td>J\u00e4nnite, taajuus, k\u00e4ytt\u00f6tunnit<\/td>\n<\/tr>\n<tr>\n<td>M\u00fcra tase Lpa (7 m) \/ Lwa, dB<\/td>\n<td>70 \/ 97<\/td>\n<\/tr>\n<tr>\n<td>V\u00e4ljundv\u00f5imsus DC, V\/A<\/td>\n<td>12 \/ 8.3<\/td>\n<\/tr>\n<tr>\n<td>USB-v\u00e4ljundid<\/td>\n<td>USB QC 3.0 + T\u00fc\u00fcp C<\/td>\n<\/tr>\n<tr>\n<td>Moottorin malli<\/td>\n<td>KS 310i<\/td>\n<\/tr>\n<tr>\n<td>Mootori silindri maht, cm\u00b3<\/td>\n<td>306<\/td>\n<\/tr>\n<tr>\n<td>Moottorityyppi<\/td>\n<td>LPG\/bensiiniga t\u00f6\u00f6tav \u00fchesilindriline, neljataktiline, \u00f5hkjahutusega<\/td>\n<\/tr>\n<tr>\n<td>Mootori v\u00f5imsus, hj<\/td>\n<td>10.4<\/td>\n<\/tr>\n<tr>\n<td>V\u00e4nda karteri maht, l<\/td>\n<td>0.8<\/td>\n<\/tr>\n<tr>\n<td>Akku, Ah<\/td>\n<td>1.6<\/td>\n<\/tr>\n<tr>\n<td>Generaatori m\u00e4his<\/td>\n<td>kupari<\/td>\n<\/tr>\n<tr>\n<td>Suojausluokka<\/td>\n<td>IP23M<\/td>\n<\/tr>\n<tr>\n<td>Netom\u00f5\u00f5tmed (PxLxK), mm<\/td>\n<td>615 \u00d7 465 \u00d7 492<\/td>\n<\/tr>\n<tr>\n<td>\u00dcldm\u00f5\u00f5tmed (PxLxK), mm<\/td>\n<td>745 \u00d7 490 \u00d7 505<\/td>\n<\/tr>\n<tr>\n<td>Nettopaino, kg<\/td>\n<td>46<\/td>\n<\/tr>\n<tr>\n<td>Kogukaal, kg<\/td>\n<td>50.0<\/td>\n<\/tr>\n<tr>\n<td>SKU<\/td>\n<td>KS 6500iEG<\/td>\n<\/tr>\n<tr>\n<td>EAN<\/td>\n<td>4260405364503<\/td>\n<\/tr>\n<\/tbody>\n<\/table>\n<p>&nbsp;<\/p>\n<p><span style=\"font-size: 10pt;\"><em>**LPG kasutamine v\u00e4hendab generaatori v\u00f5imsust 10%.<\/em><\/span><\/p>\n<p><span style=\"font-size: 10pt;\"><em>***Polttoaineenkulutus riippuu monista tekij\u00f6ist\u00e4, kuten kuormituksesta, polttoaineen laadusta, vuodenajasta, korkeudesta, generaattorin teknisest\u00e4 kunnosta.<\/em><\/span><\/p>\n<p><span style=\"font-size: 10pt;\"><em>T\u00c4HELEPANU! Toode m\u00fc\u00fcakse ilma mootori\u00f5li ja bensiinita. Enne esimest k\u00e4ivitamist tuleb lisada neljataktiliste bensiinimootorite mootori\u00f5li. Soovitame 10W-30 v\u00f5i 10W-40 \u00f5li. Kontrollige alati \u00f5litaset enne iga kasutamist. Kasutage ainult pliivaba bensiini, mille oktaaniarv on 90\u201395 ja mis sisaldab kuni 10% etanooli<\/em><\/span><\/p>","protected":false},"featured_media":22902,"template":"","meta":{"_acf_changed":false,"inline_featured_image":false},"product_brand":[],"product_cat":[94,23],"product_tag":[],"class_list":{"0":"post-22901","1":"product","2":"type-product","3":"status-publish","4":"has-post-thumbnail","6":"product_cat-generaatorid","7":"product_cat-invertergeneraatorid","8":"product_shipping_class-poolalus","9":"brand-konner-sohnen","11":"first","12":"instock","13":"taxable","14":"shipping-taxable","15":"purchasable","16":"product-type-simple"},"acf":[],"yoast_head":"<!-- This site is optimized with the Yoast SEO plugin v27.2 - https:\/\/yoast.com\/product\/yoast-seo-wordpress\/ -->\n<title>Kahek\u00fctuseline invertergeneraator KS 6500iEG - Genekas24<\/title>\n<meta name=\"robots\" content=\"index, follow, max-snippet:-1, max-image-preview:large, max-video-preview:-1\" \/>\n<link rel=\"canonical\" href=\"https:\/\/genekas24.ee\/fi\/tuote\/kahekutuseline-invertergeneraator-ks-6500ieg\/\" \/>\n<meta property=\"og:locale\" content=\"fi_FI\" \/>\n<meta property=\"og:type\" content=\"article\" \/>\n<meta property=\"og:title\" content=\"Kahek\u00fctuseline invertergeneraator KS 6500iEG - Genekas24\" \/>\n<meta property=\"og:description\" content=\"Parameeter V\u00e4\u00e4rtus     Pinge, V 230   Maksimaalne v\u00f5imsus, kW 6.5   Nominaalne v\u00f5imsus, kW 6.0   V\u00f5imsustegur, cos\u03c6 1   Sagedus, Hz 50   Praegune (max), A 28.6   Mootori k\u00e4ivitus Elektriline   K\u00fctusepaagi maht, l 17   T\u00f6\u00f6aeg 50% koormusel, h 6   LED ekraan Pinge, sagedus, t\u00f6\u00f6aeg   M\u00fcra tase Lpa (7 m) \/ Lwa, dB 70 \/ 97   V\u00e4ljundv\u00f5imsus DC, V\/A 12 \/ 8.3   USB-v\u00e4ljundid USB QC 3.0 + T\u00fc\u00fcp C   Mootori mudel KS 310i   Mootori silindri maht, cm\u00b3 306   Mootori t\u00fc\u00fcp LPG\/bensiiniga t\u00f6\u00f6tav \u00fchesilindriline, neljataktiline, \u00f5hkjahutusega   Mootori v\u00f5imsus, hj 10.4   V\u00e4nda karteri maht, l 0.8   Aku, A\u00b7h 1.6   Generaatori m\u00e4his Vask   Kaitseklass IP23M   Netom\u00f5\u00f5tmed (PxLxK), mm 615 \u00d7 465 \u00d7 492   \u00dcldm\u00f5\u00f5tmed (PxLxK), mm 745 \u00d7 490 \u00d7 505   Netokaal, kg 46   Kogukaal, kg 50.0   SKU KS 6500iEG   EAN 4260405364503    &nbsp;  **LPG kasutamine v\u00e4hendab generaatori v\u00f5imsust 10%.  *** K\u00fctusekulu s\u00f5ltub paljudest teguritest, nagu koormus, k\u00fctuse kvaliteet, hooaeg, k\u00f5rgus merepinnast, generaatori tehniline seisukord.  T\u00c4HELEPANU! Toode m\u00fc\u00fcakse ilma mootori\u00f5li ja bensiinita. Enne esimest k\u00e4ivitamist tuleb lisada neljataktiliste bensiinimootorite mootori\u00f5li. Soovitame 10W-30 v\u00f5i 10W-40 \u00f5li. Kontrollige alati \u00f5litaset enne iga kasutamist. Kasutage ainult pliivaba bensiini, mille oktaaniarv on 90\u201395 ja mis sisaldab kuni 10% etanooli\" \/>\n<meta property=\"og:url\" content=\"https:\/\/genekas24.ee\/fi\/tuote\/kahekutuseline-invertergeneraator-ks-6500ieg\/\" \/>\n<meta property=\"og:site_name\" content=\"Genekas24\" \/>\n<meta property=\"article:modified_time\" content=\"2026-04-08T16:37:53+00:00\" \/>\n<meta property=\"og:image\" content=\"https:\/\/genekas24.ee\/wp-content\/uploads\/2026\/02\/inverter-generator-ks-6500ieg-01.webp\" \/>\n\t<meta property=\"og:image:width\" content=\"1600\" \/>\n\t<meta property=\"og:image:height\" content=\"1600\" \/>\n\t<meta property=\"og:image:type\" content=\"image\/webp\" \/>\n<meta name=\"twitter:card\" content=\"summary_large_image\" \/>\n<meta name=\"twitter:label1\" content=\"Arvioitu lukuaika\" \/>\n\t<meta name=\"twitter:data1\" content=\"3 minuuttia\" \/>\n<script type=\"application\/ld+json\" class=\"yoast-schema-graph\">{\"@context\":\"https:\/\/schema.org\",\"@graph\":[{\"@type\":\"WebPage\",\"@id\":\"https:\/\/genekas24.ee\/toode\/kahekutuseline-invertergeneraator-ks-6500ieg\/\",\"url\":\"https:\/\/genekas24.ee\/toode\/kahekutuseline-invertergeneraator-ks-6500ieg\/\",\"name\":\"Kahek\u00fctuseline invertergeneraator KS 6500iEG - Genekas24\",\"isPartOf\":{\"@id\":\"https:\/\/genekas24.ee\/#website\"},\"primaryImageOfPage\":{\"@id\":\"https:\/\/genekas24.ee\/toode\/kahekutuseline-invertergeneraator-ks-6500ieg\/#primaryimage\"},\"image\":{\"@id\":\"https:\/\/genekas24.ee\/toode\/kahekutuseline-invertergeneraator-ks-6500ieg\/#primaryimage\"},\"thumbnailUrl\":\"https:\/\/genekas24.ee\/wp-content\/uploads\/2026\/02\/inverter-generator-ks-6500ieg-01.webp\",\"datePublished\":\"2026-02-06T15:11:20+00:00\",\"dateModified\":\"2026-04-08T16:37:53+00:00\",\"breadcrumb\":{\"@id\":\"https:\/\/genekas24.ee\/toode\/kahekutuseline-invertergeneraator-ks-6500ieg\/#breadcrumb\"},\"inLanguage\":\"fi\",\"potentialAction\":[{\"@type\":\"ReadAction\",\"target\":[\"https:\/\/genekas24.ee\/toode\/kahekutuseline-invertergeneraator-ks-6500ieg\/\"]}]},{\"@type\":\"ImageObject\",\"inLanguage\":\"fi\",\"@id\":\"https:\/\/genekas24.ee\/toode\/kahekutuseline-invertergeneraator-ks-6500ieg\/#primaryimage\",\"url\":\"https:\/\/genekas24.ee\/wp-content\/uploads\/2026\/02\/inverter-generator-ks-6500ieg-01.webp\",\"contentUrl\":\"https:\/\/genekas24.ee\/wp-content\/uploads\/2026\/02\/inverter-generator-ks-6500ieg-01.webp\",\"width\":1600,\"height\":1600},{\"@type\":\"BreadcrumbList\",\"@id\":\"https:\/\/genekas24.ee\/toode\/kahekutuseline-invertergeneraator-ks-6500ieg\/#breadcrumb\",\"itemListElement\":[{\"@type\":\"ListItem\",\"position\":1,\"name\":\"Home\",\"item\":\"https:\/\/genekas24.ee\/\"},{\"@type\":\"ListItem\",\"position\":2,\"name\":\"Pood\",\"item\":\"https:\/\/genekas24.ee\/pood\/\"},{\"@type\":\"ListItem\",\"position\":3,\"name\":\"Kahek\u00fctuseline invertergeneraator KS 6500iEG\"}]},{\"@type\":\"WebSite\",\"@id\":\"https:\/\/genekas24.ee\/#website\",\"url\":\"https:\/\/genekas24.ee\/\",\"name\":\"Genekas24\",\"description\":\"Generaatorid | K&ouml;nner S&ouml;hnen tooted | Genekas24\",\"publisher\":{\"@id\":\"https:\/\/genekas24.ee\/#organization\"},\"potentialAction\":[{\"@type\":\"SearchAction\",\"target\":{\"@type\":\"EntryPoint\",\"urlTemplate\":\"https:\/\/genekas24.ee\/?s={search_term_string}\"},\"query-input\":{\"@type\":\"PropertyValueSpecification\",\"valueRequired\":true,\"valueName\":\"search_term_string\"}}],\"inLanguage\":\"fi\"},{\"@type\":\"Organization\",\"@id\":\"https:\/\/genekas24.ee\/#organization\",\"name\":\"Genekas24\",\"url\":\"https:\/\/genekas24.ee\/\",\"logo\":{\"@type\":\"ImageObject\",\"inLanguage\":\"fi\",\"@id\":\"https:\/\/genekas24.ee\/#\/schema\/logo\/image\/\",\"url\":\"https:\/\/genekas24.ee\/wp-content\/uploads\/2026\/01\/genekas24-logo_black.svg\",\"contentUrl\":\"https:\/\/genekas24.ee\/wp-content\/uploads\/2026\/01\/genekas24-logo_black.svg\",\"width\":840,\"height\":131,\"caption\":\"Genekas24\"},\"image\":{\"@id\":\"https:\/\/genekas24.ee\/#\/schema\/logo\/image\/\"}}]}<\/script>\n<!-- \/ Yoast SEO plugin. -->","yoast_head_json":{"title":"Kahek\u00fctuseline invertergeneraator KS 6500iEG - Genekas24","robots":{"index":"index","follow":"follow","max-snippet":"max-snippet:-1","max-image-preview":"max-image-preview:large","max-video-preview":"max-video-preview:-1"},"canonical":"https:\/\/genekas24.ee\/fi\/tuote\/kahekutuseline-invertergeneraator-ks-6500ieg\/","og_locale":"fi_FI","og_type":"article","og_title":"Kahek\u00fctuseline invertergeneraator KS 6500iEG - Genekas24","og_description":"Parameeter V\u00e4\u00e4rtus     Pinge, V 230   Maksimaalne v\u00f5imsus, kW 6.5   Nominaalne v\u00f5imsus, kW 6.0   V\u00f5imsustegur, cos\u03c6 1   Sagedus, Hz 50   Praegune (max), A 28.6   Mootori k\u00e4ivitus Elektriline   K\u00fctusepaagi maht, l 17   T\u00f6\u00f6aeg 50% koormusel, h 6   LED ekraan Pinge, sagedus, t\u00f6\u00f6aeg   M\u00fcra tase Lpa (7 m) \/ Lwa, dB 70 \/ 97   V\u00e4ljundv\u00f5imsus DC, V\/A 12 \/ 8.3   USB-v\u00e4ljundid USB QC 3.0 + T\u00fc\u00fcp C   Mootori mudel KS 310i   Mootori silindri maht, cm\u00b3 306   Mootori t\u00fc\u00fcp LPG\/bensiiniga t\u00f6\u00f6tav \u00fchesilindriline, neljataktiline, \u00f5hkjahutusega   Mootori v\u00f5imsus, hj 10.4   V\u00e4nda karteri maht, l 0.8   Aku, A\u00b7h 1.6   Generaatori m\u00e4his Vask   Kaitseklass IP23M   Netom\u00f5\u00f5tmed (PxLxK), mm 615 \u00d7 465 \u00d7 492   \u00dcldm\u00f5\u00f5tmed (PxLxK), mm 745 \u00d7 490 \u00d7 505   Netokaal, kg 46   Kogukaal, kg 50.0   SKU KS 6500iEG   EAN 4260405364503    &nbsp;  **LPG kasutamine v\u00e4hendab generaatori v\u00f5imsust 10%.  *** K\u00fctusekulu s\u00f5ltub paljudest teguritest, nagu koormus, k\u00fctuse kvaliteet, hooaeg, k\u00f5rgus merepinnast, generaatori tehniline seisukord.  T\u00c4HELEPANU! Toode m\u00fc\u00fcakse ilma mootori\u00f5li ja bensiinita. Enne esimest k\u00e4ivitamist tuleb lisada neljataktiliste bensiinimootorite mootori\u00f5li. Soovitame 10W-30 v\u00f5i 10W-40 \u00f5li. Kontrollige alati \u00f5litaset enne iga kasutamist. Kasutage ainult pliivaba bensiini, mille oktaaniarv on 90\u201395 ja mis sisaldab kuni 10% etanooli","og_url":"https:\/\/genekas24.ee\/fi\/tuote\/kahekutuseline-invertergeneraator-ks-6500ieg\/","og_site_name":"Genekas24","article_modified_time":"2026-04-08T16:37:53+00:00","og_image":[{"width":1600,"height":1600,"url":"https:\/\/genekas24.ee\/wp-content\/uploads\/2026\/02\/inverter-generator-ks-6500ieg-01.webp","type":"image\/webp"}],"twitter_card":"summary_large_image","twitter_misc":{"Arvioitu lukuaika":"3 minuuttia"},"schema":{"@context":"https:\/\/schema.org","@graph":[{"@type":"WebPage","@id":"https:\/\/genekas24.ee\/toode\/kahekutuseline-invertergeneraator-ks-6500ieg\/","url":"https:\/\/genekas24.ee\/toode\/kahekutuseline-invertergeneraator-ks-6500ieg\/","name":"Kahek\u00fctuseline invertergeneraator KS 6500iEG - Genekas24","isPartOf":{"@id":"https:\/\/genekas24.ee\/#website"},"primaryImageOfPage":{"@id":"https:\/\/genekas24.ee\/toode\/kahekutuseline-invertergeneraator-ks-6500ieg\/#primaryimage"},"image":{"@id":"https:\/\/genekas24.ee\/toode\/kahekutuseline-invertergeneraator-ks-6500ieg\/#primaryimage"},"thumbnailUrl":"https:\/\/genekas24.ee\/wp-content\/uploads\/2026\/02\/inverter-generator-ks-6500ieg-01.webp","datePublished":"2026-02-06T15:11:20+00:00","dateModified":"2026-04-08T16:37:53+00:00","breadcrumb":{"@id":"https:\/\/genekas24.ee\/toode\/kahekutuseline-invertergeneraator-ks-6500ieg\/#breadcrumb"},"inLanguage":"fi","potentialAction":[{"@type":"ReadAction","target":["https:\/\/genekas24.ee\/toode\/kahekutuseline-invertergeneraator-ks-6500ieg\/"]}]},{"@type":"ImageObject","inLanguage":"fi","@id":"https:\/\/genekas24.ee\/toode\/kahekutuseline-invertergeneraator-ks-6500ieg\/#primaryimage","url":"https:\/\/genekas24.ee\/wp-content\/uploads\/2026\/02\/inverter-generator-ks-6500ieg-01.webp","contentUrl":"https:\/\/genekas24.ee\/wp-content\/uploads\/2026\/02\/inverter-generator-ks-6500ieg-01.webp","width":1600,"height":1600},{"@type":"BreadcrumbList","@id":"https:\/\/genekas24.ee\/toode\/kahekutuseline-invertergeneraator-ks-6500ieg\/#breadcrumb","itemListElement":[{"@type":"ListItem","position":1,"name":"Home","item":"https:\/\/genekas24.ee\/"},{"@type":"ListItem","position":2,"name":"Pood","item":"https:\/\/genekas24.ee\/pood\/"},{"@type":"ListItem","position":3,"name":"Kahek\u00fctuseline invertergeneraator KS 6500iEG"}]},{"@type":"WebSite","@id":"https:\/\/genekas24.ee\/#website","url":"https:\/\/genekas24.ee\/","name":"Genekas24","description":"Generaatorid | K&ouml;nner S&ouml;hnen tooted | Genekas24","publisher":{"@id":"https:\/\/genekas24.ee\/#organization"},"potentialAction":[{"@type":"SearchAction","target":{"@type":"EntryPoint","urlTemplate":"https:\/\/genekas24.ee\/?s={search_term_string}"},"query-input":{"@type":"PropertyValueSpecification","valueRequired":true,"valueName":"search_term_string"}}],"inLanguage":"fi"},{"@type":"Organization","@id":"https:\/\/genekas24.ee\/#organization","name":"Genekas24","url":"https:\/\/genekas24.ee\/","logo":{"@type":"ImageObject","inLanguage":"fi","@id":"https:\/\/genekas24.ee\/#\/schema\/logo\/image\/","url":"https:\/\/genekas24.ee\/wp-content\/uploads\/2026\/01\/genekas24-logo_black.svg","contentUrl":"https:\/\/genekas24.ee\/wp-content\/uploads\/2026\/01\/genekas24-logo_black.svg","width":840,"height":131,"caption":"Genekas24"},"image":{"@id":"https:\/\/genekas24.ee\/#\/schema\/logo\/image\/"}}]}},"_links":{"self":[{"href":"https:\/\/genekas24.ee\/fi\/wp-json\/wp\/v2\/product\/22901","targetHints":{"allow":["GET"]}}],"collection":[{"href":"https:\/\/genekas24.ee\/fi\/wp-json\/wp\/v2\/product"}],"about":[{"href":"https:\/\/genekas24.ee\/fi\/wp-json\/wp\/v2\/types\/product"}],"version-history":[{"count":3,"href":"https:\/\/genekas24.ee\/fi\/wp-json\/wp\/v2\/product\/22901\/revisions"}],"predecessor-version":[{"id":23042,"href":"https:\/\/genekas24.ee\/fi\/wp-json\/wp\/v2\/product\/22901\/revisions\/23042"}],"wp:featuredmedia":[{"embeddable":true,"href":"https:\/\/genekas24.ee\/fi\/wp-json\/wp\/v2\/media\/22902"}],"wp:attachment":[{"href":"https:\/\/genekas24.ee\/fi\/wp-json\/wp\/v2\/media?parent=22901"}],"wp:term":[{"taxonomy":"product_brand","embeddable":true,"href":"https:\/\/genekas24.ee\/fi\/wp-json\/wp\/v2\/product_brand?post=22901"},{"taxonomy":"product_cat","embeddable":true,"href":"https:\/\/genekas24.ee\/fi\/wp-json\/wp\/v2\/product_cat?post=22901"},{"taxonomy":"product_tag","embeddable":true,"href":"https:\/\/genekas24.ee\/fi\/wp-json\/wp\/v2\/product_tag?post=22901"}],"curies":[{"name":"wp","href":"https:\/\/api.w.org\/{rel}","templated":true}]}}