{"id":22870,"date":"2026-01-28T11:51:30","date_gmt":"2026-01-28T11:51:30","guid":{"rendered":"https:\/\/genekas24.ee\/?post_type=product&#038;p=22870"},"modified":"2026-04-15T08:53:55","modified_gmt":"2026-04-15T08:53:55","slug":"kompak-kgg42ei-df-invertergeneraator-3800w-230v","status":"publish","type":"product","link":"https:\/\/genekas24.ee\/fi\/tuote\/kompak-kgg42ei-df-invertergeneraator-3800w-230v\/","title":{"rendered":"KOMPAK KGG42Ei-DF invertergeneraator 3800W 230V"},"content":{"rendered":"<p style=\"font-weight: 400;\">KOMPAK KGG42Ei-DF invertergeneraator (kahek\u00fctuseline) on KOMPAKi \u00f6konoomne generaator. KGG42Ei-DF pakub maksimaalset v\u00f5imsust 4200W ja pidevat v\u00f5imsust 3800W. KOMPAKil on ka v\u00f5imas 175cc 4-taktiline mootor. See mudel on varustatud ka LPG-\u00fchendusega, mis v\u00f5imaldab sellel t\u00f6\u00f6tada LPG-ga.<\/p>\n<p style=\"font-weight: 400;\"><strong>Invertertehnoloogia<\/strong><\/p>\n<p style=\"font-weight: 400;\">KOMPAKi invertertehnoloogia ei paku mitte ainult v\u00f5imsust, vaid ka lihtsat, stabiilset ja usaldusv\u00e4\u00e4rset energiaallikat. Enam pole vaja muretseda pingek\u00f5ikumiste p\u00e4rast, mis v\u00f5ivad teie tundlikku elektroonikat kahjustada: meie generaator pakub vajalikku t\u00e4psust.<\/p>\n<p style=\"font-weight: 400;\"><strong>Kompaktne<\/strong><\/p>\n<p style=\"font-weight: 400;\">Olenemata sellest, kas te telkite looduses, naudite looduspuhkust, t\u00f6\u00f6tate kaugel ehitusplatsil v\u00f5i soovite lihtsalt olla valmis h\u00e4daolukordadeks, on meie bensiinimootoriga invertergeneraator teie ustav kaaslane. K\u00f5ik meie inverterid on kaasaskantavad\/mobiilsed, sh rattad ja\/v\u00f5i k\u00e4epidemed, ning kergete materjalide kasutamine, mis muudab nende liigutamise lihtsaks. L\u00fchidalt, mugav ja kompaktne masin!<\/p>\n<p style=\"font-weight: 400;\"><strong>M\u00fcra<\/strong><\/p>\n<p style=\"font-weight: 400;\">K\u00f5igi meie invertergeneraatorite peamine omadus on m\u00fcraemissiooni arvestamine. Masinad on ehitatud detsibellide minimeerimiseks, kasutades sobivat isolatsiooni, katteid ja summuteid. See tagab, et m\u00fcra ei tundu h\u00e4irivana.<\/p>\n<p style=\"font-weight: 400;\"><strong>K\u00fctus ja \u00f5li<\/strong><\/p>\n<p style=\"font-weight: 400;\">Kompak inverterid t\u00f6\u00f6tavad standardvarustuses bensiini\/k\u00fctusega. Olenemata sellest, kas tegemist on Euro 95\/98\/Aspeni v\u00f5i Oecokrafti k\u00fctusega, pole vahet, peaasi, et see on puhas. Mudel on varustatud LPG-\u00fchendusega. Te ei pea muretsema keeruliste k\u00fctusesegude ega raskesti leitavate k\u00fctuste p\u00e4rast.<\/p>","protected":false},"excerpt":{"rendered":"<table>\n<tbody>\n<tr>\n<td>Pidev v\u00f5imsus<\/td>\n<td>Bensiin: 3800 W \/ LPG: 3400 W<\/td>\n<\/tr>\n<tr>\n<td>Maksimaalne v\u00f5imsus<\/td>\n<td>Bensiin: 4200 W \/ LPG: 3600 W<\/td>\n<\/tr>\n<tr>\n<td>Taajuus<\/td>\n<td>50 Hz<\/td>\n<\/tr>\n<tr>\n<td>J\u00e4nnite<\/td>\n<td>230 V<\/td>\n<\/tr>\n<tr>\n<td>L\u00e4hd\u00f6t<\/td>\n<td>2 \u00d7 16 A \/ 1 \u00d7 12 V DC \/ 2 \u00d7 USB<\/td>\n<\/tr>\n<tr>\n<td>N\u00e4ytt\u00f6<\/td>\n<td>Digitaalne<\/td>\n<\/tr>\n<tr>\n<td>ATS-\u00fchendus<\/td>\n<td>Ei<\/td>\n<\/tr>\n<tr>\n<td>Toide<\/td>\n<td>12 V DC (12 V \/ 8,3 A)<\/td>\n<\/tr>\n<tr>\n<td>K\u00fctusepaak<\/td>\n<td>8 l<\/td>\n<\/tr>\n<tr>\n<td>K\u00fctusekulu t\u00e4ispaagiga<\/td>\n<td>100% koormusel: 3 h 30 min<\/td>\n<\/tr>\n<tr>\n<td>K\u00fctusekulu LPG-ga<\/td>\n<td>u 1,1 kg\/h (75% koormusel)<\/td>\n<\/tr>\n<tr>\n<td>K\u00e4ivitus<\/td>\n<td>Manuaalne ja elektriline<\/td>\n<\/tr>\n<tr>\n<td>M\u00fcratase (7 m)<\/td>\n<td>63 dBA<\/td>\n<\/tr>\n<tr>\n<td>Maksimaalne voolutugevus<\/td>\n<td>18,2 A (seinapistikupesa max. 16 A)<\/td>\n<\/tr>\n<tr>\n<td>Mootor<\/td>\n<td>OHV (GK175-Vi), 175 cm\u00b3, 6 hj, 1-silindriline<\/td>\n<\/tr>\n<tr>\n<td>\u00d5lipaagi maht<\/td>\n<td>0,45 l (15W40)<\/td>\n<\/tr>\n<tr>\n<td>\u00d5lialarm<\/td>\n<td>Jah<\/td>\n<\/tr>\n<tr>\n<td>\u00dclekoormuse indikaator<\/td>\n<td>Jah<\/td>\n<\/tr>\n<tr>\n<td>\u00d6kore\u017eiim<\/td>\n<td>Jah (automaatne p\u00f6\u00f6rlemiskiiruse reguleerimine)<\/td>\n<\/tr>\n<tr>\n<td>Kaal<\/td>\n<td>31,5 kg<\/td>\n<\/tr>\n<tr>\n<td>M\u00f5\u00f5tmed<\/td>\n<td>58 \u00d7 38,5 \u00d7 54 cm<\/td>\n<\/tr>\n<tr>\n<td>K\u00fctus<\/td>\n<td>Bensiin v\u00f5i LPG<\/td>\n<\/tr>\n<tr>\n<td>V\u00f5imsuskadu LPG kasutamisel<\/td>\n<td>Butaan ~10%, propaan ~30%<\/td>\n<\/tr>\n<tr>\n<td>Gaasiballoon<\/td>\n<td>Ei<\/td>\n<\/tr>\n<tr>\n<td>Gaasivoolik<\/td>\n<td>Jah (27\u201330 mbar, pikkus 1,30 m)<\/td>\n<\/tr>\n<\/tbody>\n<\/table>","protected":false},"featured_media":22871,"template":"","meta":{"_acf_changed":false,"inline_featured_image":false},"product_brand":[],"product_cat":[94,23,24],"product_tag":[],"class_list":{"0":"post-22870","1":"product","2":"type-product","3":"status-publish","4":"has-post-thumbnail","6":"product_cat-generaatorid","7":"product_cat-invertergeneraatorid","8":"product_cat-lpg-bensiinigeneraatorid","9":"product_shipping_class-poolalus","10":"brand-kompak","12":"first","13":"instock","14":"taxable","15":"shipping-taxable","16":"purchasable","17":"product-type-simple"},"acf":[],"yoast_head":"<!-- This site is optimized with the Yoast SEO plugin v27.2 - https:\/\/yoast.com\/product\/yoast-seo-wordpress\/ -->\n<title>KOMPAK KGG42Ei-DF invertergeneraator 3800W 230V - Genekas24<\/title>\n<meta name=\"robots\" content=\"index, follow, max-snippet:-1, max-image-preview:large, max-video-preview:-1\" \/>\n<link rel=\"canonical\" href=\"https:\/\/genekas24.ee\/fi\/tuote\/kompak-kgg42ei-df-invertergeneraator-3800w-230v\/\" \/>\n<meta property=\"og:locale\" content=\"fi_FI\" \/>\n<meta property=\"og:type\" content=\"article\" \/>\n<meta property=\"og:title\" content=\"KOMPAK KGG42Ei-DF invertergeneraator 3800W 230V - Genekas24\" \/>\n<meta property=\"og:description\" content=\"Pidev v\u00f5imsus Bensiin: 3800 W \/ LPG: 3400 W   Maksimaalne v\u00f5imsus Bensiin: 4200 W \/ LPG: 3600 W   Sagedus 50 Hz   Pinge 230 V   Pistikupesad 2 \u00d7 16 A \/ 1 \u00d7 12 V DC \/ 2 \u00d7 USB   Ekraan Digitaalne   ATS-\u00fchendus Ei   Toide 12 V DC (12 V \/ 8,3 A)   K\u00fctusepaak 8 l   K\u00fctusekulu t\u00e4ispaagiga 100% koormusel: 3 h 30 min   K\u00fctusekulu LPG-ga u 1,1 kg\/h (75% koormusel)   K\u00e4ivitus Manuaalne ja elektriline   M\u00fcratase (7 m) 63 dBA   Maksimaalne voolutugevus 18,2 A (seinapistikupesa max. 16 A)   Mootor OHV (GK175-Vi), 175 cm\u00b3, 6 hj, 1-silindriline   \u00d5lipaagi maht 0,45 l (15W40)   \u00d5lialarm Jah   \u00dclekoormuse indikaator Jah   \u00d6kore\u017eiim Jah (automaatne p\u00f6\u00f6rlemiskiiruse reguleerimine)   Kaal 31,5 kg   M\u00f5\u00f5tmed 58 \u00d7 38,5 \u00d7 54 cm   K\u00fctus Bensiin v\u00f5i LPG   V\u00f5imsuskadu LPG kasutamisel Butaan ~10%, propaan ~30%   Gaasiballoon Ei   Gaasivoolik Jah (27\u201330 mbar, pikkus 1,30 m)\" \/>\n<meta property=\"og:url\" content=\"https:\/\/genekas24.ee\/fi\/tuote\/kompak-kgg42ei-df-invertergeneraator-3800w-230v\/\" \/>\n<meta property=\"og:site_name\" content=\"Genekas24\" \/>\n<meta property=\"article:modified_time\" content=\"2026-04-15T08:53:55+00:00\" \/>\n<meta property=\"og:image\" content=\"https:\/\/genekas24.ee\/wp-content\/uploads\/2026\/01\/KGG42Ei-DF-3-500x500-1.png\" \/>\n\t<meta property=\"og:image:width\" content=\"500\" \/>\n\t<meta property=\"og:image:height\" content=\"500\" \/>\n\t<meta property=\"og:image:type\" content=\"image\/png\" \/>\n<meta name=\"twitter:card\" content=\"summary_large_image\" \/>\n<meta name=\"twitter:label1\" content=\"Arvioitu lukuaika\" \/>\n\t<meta name=\"twitter:data1\" content=\"2 minuuttia\" \/>\n<script type=\"application\/ld+json\" class=\"yoast-schema-graph\">{\"@context\":\"https:\/\/schema.org\",\"@graph\":[{\"@type\":\"WebPage\",\"@id\":\"https:\/\/genekas24.ee\/toode\/kompak-kgg42ei-df-invertergeneraator-3800w-230v\/\",\"url\":\"https:\/\/genekas24.ee\/toode\/kompak-kgg42ei-df-invertergeneraator-3800w-230v\/\",\"name\":\"KOMPAK KGG42Ei-DF invertergeneraator 3800W 230V - Genekas24\",\"isPartOf\":{\"@id\":\"https:\/\/genekas24.ee\/#website\"},\"primaryImageOfPage\":{\"@id\":\"https:\/\/genekas24.ee\/toode\/kompak-kgg42ei-df-invertergeneraator-3800w-230v\/#primaryimage\"},\"image\":{\"@id\":\"https:\/\/genekas24.ee\/toode\/kompak-kgg42ei-df-invertergeneraator-3800w-230v\/#primaryimage\"},\"thumbnailUrl\":\"https:\/\/genekas24.ee\/wp-content\/uploads\/2026\/01\/KGG42Ei-DF-3-500x500-1.png\",\"datePublished\":\"2026-01-28T11:51:30+00:00\",\"dateModified\":\"2026-04-15T08:53:55+00:00\",\"breadcrumb\":{\"@id\":\"https:\/\/genekas24.ee\/toode\/kompak-kgg42ei-df-invertergeneraator-3800w-230v\/#breadcrumb\"},\"inLanguage\":\"fi\",\"potentialAction\":[{\"@type\":\"ReadAction\",\"target\":[\"https:\/\/genekas24.ee\/toode\/kompak-kgg42ei-df-invertergeneraator-3800w-230v\/\"]}]},{\"@type\":\"ImageObject\",\"inLanguage\":\"fi\",\"@id\":\"https:\/\/genekas24.ee\/toode\/kompak-kgg42ei-df-invertergeneraator-3800w-230v\/#primaryimage\",\"url\":\"https:\/\/genekas24.ee\/wp-content\/uploads\/2026\/01\/KGG42Ei-DF-3-500x500-1.png\",\"contentUrl\":\"https:\/\/genekas24.ee\/wp-content\/uploads\/2026\/01\/KGG42Ei-DF-3-500x500-1.png\",\"width\":500,\"height\":500},{\"@type\":\"BreadcrumbList\",\"@id\":\"https:\/\/genekas24.ee\/toode\/kompak-kgg42ei-df-invertergeneraator-3800w-230v\/#breadcrumb\",\"itemListElement\":[{\"@type\":\"ListItem\",\"position\":1,\"name\":\"Home\",\"item\":\"https:\/\/genekas24.ee\/\"},{\"@type\":\"ListItem\",\"position\":2,\"name\":\"Pood\",\"item\":\"https:\/\/genekas24.ee\/pood\/\"},{\"@type\":\"ListItem\",\"position\":3,\"name\":\"KOMPAK KGG42Ei-DF invertergeneraator 3800W 230V\"}]},{\"@type\":\"WebSite\",\"@id\":\"https:\/\/genekas24.ee\/#website\",\"url\":\"https:\/\/genekas24.ee\/\",\"name\":\"Genekas24\",\"description\":\"Generaatorid | K&ouml;nner S&ouml;hnen tooted | Genekas24\",\"publisher\":{\"@id\":\"https:\/\/genekas24.ee\/#organization\"},\"potentialAction\":[{\"@type\":\"SearchAction\",\"target\":{\"@type\":\"EntryPoint\",\"urlTemplate\":\"https:\/\/genekas24.ee\/?s={search_term_string}\"},\"query-input\":{\"@type\":\"PropertyValueSpecification\",\"valueRequired\":true,\"valueName\":\"search_term_string\"}}],\"inLanguage\":\"fi\"},{\"@type\":\"Organization\",\"@id\":\"https:\/\/genekas24.ee\/#organization\",\"name\":\"Genekas24\",\"url\":\"https:\/\/genekas24.ee\/\",\"logo\":{\"@type\":\"ImageObject\",\"inLanguage\":\"fi\",\"@id\":\"https:\/\/genekas24.ee\/#\/schema\/logo\/image\/\",\"url\":\"https:\/\/genekas24.ee\/wp-content\/uploads\/2026\/01\/genekas24-logo_black.svg\",\"contentUrl\":\"https:\/\/genekas24.ee\/wp-content\/uploads\/2026\/01\/genekas24-logo_black.svg\",\"width\":840,\"height\":131,\"caption\":\"Genekas24\"},\"image\":{\"@id\":\"https:\/\/genekas24.ee\/#\/schema\/logo\/image\/\"}}]}<\/script>\n<!-- \/ Yoast SEO plugin. -->","yoast_head_json":{"title":"KOMPAK KGG42Ei-DF invertergeneraator 3800W 230V - Genekas24","robots":{"index":"index","follow":"follow","max-snippet":"max-snippet:-1","max-image-preview":"max-image-preview:large","max-video-preview":"max-video-preview:-1"},"canonical":"https:\/\/genekas24.ee\/fi\/tuote\/kompak-kgg42ei-df-invertergeneraator-3800w-230v\/","og_locale":"fi_FI","og_type":"article","og_title":"KOMPAK KGG42Ei-DF invertergeneraator 3800W 230V - Genekas24","og_description":"Pidev v\u00f5imsus Bensiin: 3800 W \/ LPG: 3400 W   Maksimaalne v\u00f5imsus Bensiin: 4200 W \/ LPG: 3600 W   Sagedus 50 Hz   Pinge 230 V   Pistikupesad 2 \u00d7 16 A \/ 1 \u00d7 12 V DC \/ 2 \u00d7 USB   Ekraan Digitaalne   ATS-\u00fchendus Ei   Toide 12 V DC (12 V \/ 8,3 A)   K\u00fctusepaak 8 l   K\u00fctusekulu t\u00e4ispaagiga 100% koormusel: 3 h 30 min   K\u00fctusekulu LPG-ga u 1,1 kg\/h (75% koormusel)   K\u00e4ivitus Manuaalne ja elektriline   M\u00fcratase (7 m) 63 dBA   Maksimaalne voolutugevus 18,2 A (seinapistikupesa max. 16 A)   Mootor OHV (GK175-Vi), 175 cm\u00b3, 6 hj, 1-silindriline   \u00d5lipaagi maht 0,45 l (15W40)   \u00d5lialarm Jah   \u00dclekoormuse indikaator Jah   \u00d6kore\u017eiim Jah (automaatne p\u00f6\u00f6rlemiskiiruse reguleerimine)   Kaal 31,5 kg   M\u00f5\u00f5tmed 58 \u00d7 38,5 \u00d7 54 cm   K\u00fctus Bensiin v\u00f5i LPG   V\u00f5imsuskadu LPG kasutamisel Butaan ~10%, propaan ~30%   Gaasiballoon Ei   Gaasivoolik Jah (27\u201330 mbar, pikkus 1,30 m)","og_url":"https:\/\/genekas24.ee\/fi\/tuote\/kompak-kgg42ei-df-invertergeneraator-3800w-230v\/","og_site_name":"Genekas24","article_modified_time":"2026-04-15T08:53:55+00:00","og_image":[{"width":500,"height":500,"url":"https:\/\/genekas24.ee\/wp-content\/uploads\/2026\/01\/KGG42Ei-DF-3-500x500-1.png","type":"image\/png"}],"twitter_card":"summary_large_image","twitter_misc":{"Arvioitu lukuaika":"2 minuuttia"},"schema":{"@context":"https:\/\/schema.org","@graph":[{"@type":"WebPage","@id":"https:\/\/genekas24.ee\/toode\/kompak-kgg42ei-df-invertergeneraator-3800w-230v\/","url":"https:\/\/genekas24.ee\/toode\/kompak-kgg42ei-df-invertergeneraator-3800w-230v\/","name":"KOMPAK KGG42Ei-DF invertergeneraator 3800W 230V - Genekas24","isPartOf":{"@id":"https:\/\/genekas24.ee\/#website"},"primaryImageOfPage":{"@id":"https:\/\/genekas24.ee\/toode\/kompak-kgg42ei-df-invertergeneraator-3800w-230v\/#primaryimage"},"image":{"@id":"https:\/\/genekas24.ee\/toode\/kompak-kgg42ei-df-invertergeneraator-3800w-230v\/#primaryimage"},"thumbnailUrl":"https:\/\/genekas24.ee\/wp-content\/uploads\/2026\/01\/KGG42Ei-DF-3-500x500-1.png","datePublished":"2026-01-28T11:51:30+00:00","dateModified":"2026-04-15T08:53:55+00:00","breadcrumb":{"@id":"https:\/\/genekas24.ee\/toode\/kompak-kgg42ei-df-invertergeneraator-3800w-230v\/#breadcrumb"},"inLanguage":"fi","potentialAction":[{"@type":"ReadAction","target":["https:\/\/genekas24.ee\/toode\/kompak-kgg42ei-df-invertergeneraator-3800w-230v\/"]}]},{"@type":"ImageObject","inLanguage":"fi","@id":"https:\/\/genekas24.ee\/toode\/kompak-kgg42ei-df-invertergeneraator-3800w-230v\/#primaryimage","url":"https:\/\/genekas24.ee\/wp-content\/uploads\/2026\/01\/KGG42Ei-DF-3-500x500-1.png","contentUrl":"https:\/\/genekas24.ee\/wp-content\/uploads\/2026\/01\/KGG42Ei-DF-3-500x500-1.png","width":500,"height":500},{"@type":"BreadcrumbList","@id":"https:\/\/genekas24.ee\/toode\/kompak-kgg42ei-df-invertergeneraator-3800w-230v\/#breadcrumb","itemListElement":[{"@type":"ListItem","position":1,"name":"Home","item":"https:\/\/genekas24.ee\/"},{"@type":"ListItem","position":2,"name":"Pood","item":"https:\/\/genekas24.ee\/pood\/"},{"@type":"ListItem","position":3,"name":"KOMPAK KGG42Ei-DF invertergeneraator 3800W 230V"}]},{"@type":"WebSite","@id":"https:\/\/genekas24.ee\/#website","url":"https:\/\/genekas24.ee\/","name":"Genekas24","description":"Generaatorid | K&ouml;nner S&ouml;hnen tooted | Genekas24","publisher":{"@id":"https:\/\/genekas24.ee\/#organization"},"potentialAction":[{"@type":"SearchAction","target":{"@type":"EntryPoint","urlTemplate":"https:\/\/genekas24.ee\/?s={search_term_string}"},"query-input":{"@type":"PropertyValueSpecification","valueRequired":true,"valueName":"search_term_string"}}],"inLanguage":"fi"},{"@type":"Organization","@id":"https:\/\/genekas24.ee\/#organization","name":"Genekas24","url":"https:\/\/genekas24.ee\/","logo":{"@type":"ImageObject","inLanguage":"fi","@id":"https:\/\/genekas24.ee\/#\/schema\/logo\/image\/","url":"https:\/\/genekas24.ee\/wp-content\/uploads\/2026\/01\/genekas24-logo_black.svg","contentUrl":"https:\/\/genekas24.ee\/wp-content\/uploads\/2026\/01\/genekas24-logo_black.svg","width":840,"height":131,"caption":"Genekas24"},"image":{"@id":"https:\/\/genekas24.ee\/#\/schema\/logo\/image\/"}}]}},"_links":{"self":[{"href":"https:\/\/genekas24.ee\/fi\/wp-json\/wp\/v2\/product\/22870","targetHints":{"allow":["GET"]}}],"collection":[{"href":"https:\/\/genekas24.ee\/fi\/wp-json\/wp\/v2\/product"}],"about":[{"href":"https:\/\/genekas24.ee\/fi\/wp-json\/wp\/v2\/types\/product"}],"version-history":[{"count":2,"href":"https:\/\/genekas24.ee\/fi\/wp-json\/wp\/v2\/product\/22870\/revisions"}],"predecessor-version":[{"id":22877,"href":"https:\/\/genekas24.ee\/fi\/wp-json\/wp\/v2\/product\/22870\/revisions\/22877"}],"wp:featuredmedia":[{"embeddable":true,"href":"https:\/\/genekas24.ee\/fi\/wp-json\/wp\/v2\/media\/22871"}],"wp:attachment":[{"href":"https:\/\/genekas24.ee\/fi\/wp-json\/wp\/v2\/media?parent=22870"}],"wp:term":[{"taxonomy":"product_brand","embeddable":true,"href":"https:\/\/genekas24.ee\/fi\/wp-json\/wp\/v2\/product_brand?post=22870"},{"taxonomy":"product_cat","embeddable":true,"href":"https:\/\/genekas24.ee\/fi\/wp-json\/wp\/v2\/product_cat?post=22870"},{"taxonomy":"product_tag","embeddable":true,"href":"https:\/\/genekas24.ee\/fi\/wp-json\/wp\/v2\/product_tag?post=22870"}],"curies":[{"name":"wp","href":"https:\/\/api.w.org\/{rel}","templated":true}]}}