{"id":22853,"date":"2026-01-26T11:56:56","date_gmt":"2026-01-26T11:56:56","guid":{"rendered":"https:\/\/genekas24.ee\/?post_type=product&#038;p=22853"},"modified":"2026-04-08T16:38:23","modified_gmt":"2026-04-08T16:38:23","slug":"diisel-invertergeneraator-ks-6500ide-s-atsr","status":"publish","type":"product","link":"https:\/\/genekas24.ee\/fi\/tuote\/diisel-invertergeneraator-ks-6500ide-s-atsr\/","title":{"rendered":"Diisel-invertergeneraator KS 6500iDE S ATSR"},"content":{"rendered":"<h3 data-start=\"71\" data-end=\"125\"><\/h3>\n<p data-start=\"127\" data-end=\"485\">Diisel-invertergeneraator <strong data-start=\"153\" data-end=\"191\">K\u00f6nner &amp; S\u00f6hnen\u00ae KS 6500iDE S ATSR<\/strong> on kaasaegne lahendus neile, kes vajavad stabiilset, \u00f6konoomset ja maksimaalselt usaldusv\u00e4\u00e4rset elektrivarustust. Mudel \u00fchendab tipptasemel invertertehnoloogia v\u00f5imsa diiselmootoriga m\u00fcrasummutavas korpuses, tagades puhta siinuslaine, madala k\u00fctusekulu ja mugava t\u00f6\u00f6 minimaalse m\u00fcratasemega.<\/p>\n<p data-start=\"487\" data-end=\"802\">See on <strong data-start=\"494\" data-end=\"544\">professionaalne generaator HEAVY DUTY seeriast<\/strong>, loodud pikaajaliseks t\u00f6\u00f6ks ja katkematuks elektrivarustuseks. Maksimaalne v\u00f5imsus <strong data-start=\"628\" data-end=\"638\">6,5 kW<\/strong> ja nimiv\u00f5imsus <strong data-start=\"654\" data-end=\"664\">6,0 kW<\/strong> teeb sellest suurep\u00e4rase valiku kodudele, \u00e4riruumidele, kontoritele, eraldiseisvatele elektris\u00fcsteemidele ja kriitilistele objektidele.<\/p>\n<h3 data-start=\"809\" data-end=\"875\">Peamised eelised ja omadused Konner&amp;Sohnen KS 6500iDE S ATSR<\/h3>\n<p data-start=\"877\" data-end=\"923\"><strong data-start=\"877\" data-end=\"921\">Invertertehnoloogia koos diiselmootoriga<\/strong><\/p>\n<ul data-start=\"924\" data-end=\"1166\">\n<li data-start=\"924\" data-end=\"1015\">\n<p data-start=\"926\" data-end=\"1015\">Innovatiivne kahe tehnoloogia kombinatsioon tagab t\u00e4pse pinge ja stabiilse siinuslaine;<\/p>\n<\/li>\n<li data-start=\"1016\" data-end=\"1063\">\n<p data-start=\"1018\" data-end=\"1063\">EURO 5 standardile vastav \u00f6konoomne mootor;<\/p>\n<\/li>\n<li data-start=\"1064\" data-end=\"1166\">\n<p data-start=\"1066\" data-end=\"1166\">Minimaalne m\u00fcratase t\u00e4nu m\u00fcrasummutavale korpusele \u2013 mugav kasutada ka elamupiirkondade l\u00e4heduses.<\/p>\n<\/li>\n<\/ul>\n<p data-start=\"1168\" data-end=\"1226\"><strong data-start=\"1168\" data-end=\"1224\">T\u00e4ielik tugi automaatsele reservsisendile (AVR\/ATSR)<\/strong><\/p>\n<ul data-start=\"1227\" data-end=\"1446\">\n<li data-start=\"1227\" data-end=\"1281\">\n<p data-start=\"1229\" data-end=\"1281\">Generaator k\u00e4ivitub automaatselt v\u00f5rgu katkemisel;<\/p>\n<\/li>\n<li data-start=\"1282\" data-end=\"1376\">\n<p data-start=\"1284\" data-end=\"1376\">Tagab katkematu toite kriitilistele s\u00fcsteemidele: k\u00fcte, serverid, pumbad, k\u00fclmutusseadmed;<\/p>\n<\/li>\n<li data-start=\"1377\" data-end=\"1446\">\n<p data-start=\"1379\" data-end=\"1446\">Toetab stabiilset t\u00f6\u00f6d v\u00e4liste juhtpaneelide ja ATSR moodulitega.<\/p>\n<\/li>\n<\/ul>\n<p data-start=\"1448\" data-end=\"1512\"><strong data-start=\"1448\" data-end=\"1510\">Usaldusv\u00e4\u00e4rne k\u00e4ivitamine igasugustes ilmastikutingimustes<\/strong><\/p>\n<ul data-start=\"1513\" data-end=\"1651\">\n<li data-start=\"1513\" data-end=\"1555\">\n<p data-start=\"1515\" data-end=\"1555\">Eels\u00fc\u00fcte soojendus sisselasketraktile;<\/p>\n<\/li>\n<li data-start=\"1556\" data-end=\"1581\">\n<p data-start=\"1558\" data-end=\"1581\">Mootori\u00f5li soojendus;<\/p>\n<\/li>\n<li data-start=\"1582\" data-end=\"1651\">\n<p data-start=\"1584\" data-end=\"1651\">Kindel k\u00e4ivitamine isegi miinuskraadide ja k\u00f5rge niiskuse korral.<\/p>\n<\/li>\n<\/ul>\n<p data-start=\"1653\" data-end=\"1688\"><strong data-start=\"1653\" data-end=\"1686\">V\u00f5imalus v\u00e4liseks juhtimiseks<\/strong><\/p>\n<ul data-start=\"1689\" data-end=\"1945\">\n<li data-start=\"1689\" data-end=\"1841\">\n<p data-start=\"1691\" data-end=\"1732\">Toetab kuivi kontakte integratsiooniks:<\/p>\n<ul data-start=\"1735\" data-end=\"1841\">\n<li data-start=\"1735\" data-end=\"1760\">\n<p data-start=\"1737\" data-end=\"1760\">P\u00e4ikeseinverteritega,<\/p>\n<\/li>\n<li data-start=\"1763\" data-end=\"1802\">\n<p data-start=\"1765\" data-end=\"1802\">Katkematu toite s\u00fcsteemidega (UPS),<\/p>\n<\/li>\n<li data-start=\"1805\" data-end=\"1841\">\n<p data-start=\"1807\" data-end=\"1841\">Automaatsete reservs\u00fcsteemidega.<\/p>\n<\/li>\n<\/ul>\n<\/li>\n<li data-start=\"1842\" data-end=\"1945\">\n<p data-start=\"1844\" data-end=\"1945\">V\u00f5imaldab generaatori t\u00e4ielikku automatiseeritud k\u00e4ivitust ja seiskamist ilma kasutaja sekkumiseta.<\/p>\n<\/li>\n<\/ul>\n<p data-start=\"1947\" data-end=\"1969\"><strong data-start=\"1947\" data-end=\"1967\">Kauko-ohjain<\/strong><\/p>\n<ul data-start=\"1970\" data-end=\"2111\">\n<li data-start=\"1970\" data-end=\"1996\">\n<p data-start=\"1972\" data-end=\"1996\">Komplektis kaks pulti;<\/p>\n<\/li>\n<li data-start=\"1997\" data-end=\"2029\">\n<p data-start=\"1999\" data-end=\"2029\">Kaugk\u00e4ivitus ja -seiskamine;<\/p>\n<\/li>\n<li data-start=\"2030\" data-end=\"2111\">\n<p data-start=\"2032\" data-end=\"2111\">Mugav kodudele, \u00e4riruumidele ja v\u00e4litingimustes v\u00f5i tehnoruumi paigaldamisel.<\/p>\n<\/li>\n<\/ul>\n<p data-start=\"2113\" data-end=\"2148\"><strong data-start=\"2113\" data-end=\"2146\">Start\/Stop \u00fche nupuvajutusega<\/strong><\/p>\n<ul data-start=\"2149\" data-end=\"2278\">\n<li data-start=\"2149\" data-end=\"2172\">\n<p data-start=\"2151\" data-end=\"2172\">Suur ja mugav nupp;<\/p>\n<\/li>\n<li data-start=\"2173\" data-end=\"2226\">\n<p data-start=\"2175\" data-end=\"2226\">Kiire k\u00e4ivitamine ilma t\u00e4iendavate seadistusteta;<\/p>\n<\/li>\n<li data-start=\"2227\" data-end=\"2278\">\n<p data-start=\"2229\" data-end=\"2278\">Sobib ka tehnilise ettevalmistuseta kasutajale.<\/p>\n<\/li>\n<\/ul>\n<p data-start=\"2280\" data-end=\"2305\"><strong data-start=\"2280\" data-end=\"2303\">Avariiseiskamisnupp<\/strong><\/p>\n<ul data-start=\"2306\" data-end=\"2390\">\n<li data-start=\"2306\" data-end=\"2341\">\n<p data-start=\"2308\" data-end=\"2341\">Kohene v\u00e4ljal\u00fclitus ohu korral;<\/p>\n<\/li>\n<li data-start=\"2342\" data-end=\"2390\">\n<p data-start=\"2344\" data-end=\"2390\">Maksimaalne kasutaja ja seadmete turvalisus.<\/p>\n<\/li>\n<\/ul>\n<p data-start=\"2392\" data-end=\"2452\"><strong data-start=\"2392\" data-end=\"2450\">Antivandaalne m\u00fcrasummutav korpus Anti-Scratch kattega<\/strong><\/p>\n<ul data-start=\"2453\" data-end=\"2624\">\n<li data-start=\"2453\" data-end=\"2489\">\n<p data-start=\"2455\" data-end=\"2489\">Vastupidav metallkonstruktsioon;<\/p>\n<\/li>\n<li data-start=\"2490\" data-end=\"2552\">\n<p data-start=\"2492\" data-end=\"2552\">Kaitse mehaaniliste kahjustuste, sademete ja mustuse eest;<\/p>\n<\/li>\n<li data-start=\"2553\" data-end=\"2624\">\n<p data-start=\"2555\" data-end=\"2624\">M\u00e4rkimisv\u00e4\u00e4rne m\u00fcrasummutuse efekt ja ohutu kasutus igal aastaajal.<\/p>\n<\/li>\n<\/ul>\n<p data-start=\"2626\" data-end=\"2652\"><strong data-start=\"2626\" data-end=\"2650\">Mugav LED juhtpaneel<\/strong><\/p>\n<ul data-start=\"2653\" data-end=\"2856\">\n<li data-start=\"2653\" data-end=\"2752\">\n<p data-start=\"2655\" data-end=\"2752\">Informatiivne LED-ekraan kuvab pinget, sagedust, mootori t\u00f6\u00f6tunde ja viimase t\u00f6\u00f6seansi kestust;<\/p>\n<\/li>\n<li data-start=\"2753\" data-end=\"2856\">\n<p data-start=\"2755\" data-end=\"2856\">Paneel tagab lihtsa ja intuitiivse juhtimise ning korrektne elementide paigutus v\u00e4listab eksimused.<\/p>\n<\/li>\n<\/ul>\n<p data-start=\"3413\" data-end=\"3694\">","protected":false},"excerpt":{"rendered":"<table style=\"width: 100.82%;\">\n<tbody>\n<tr>\n<td style=\"width: 37.0343%;\">J\u00e4nnite, V<\/td>\n<td style=\"width: 63.1893%;\">230<\/td>\n<\/tr>\n<tr>\n<td style=\"width: 37.0343%;\">Maks.\/nimiv\u00f5imsus (230 V), kW<\/td>\n<td style=\"width: 63.1893%;\">6,5 \/ 6,0<\/td>\n<\/tr>\n<tr>\n<td style=\"width: 37.0343%;\">Taajuus, Hz<\/td>\n<td style=\"width: 63.1893%;\">50<\/td>\n<\/tr>\n<tr>\n<td style=\"width: 37.0343%;\">Maksimaalinen virta, A<\/td>\n<td style=\"width: 63.1893%;\">28,3<\/td>\n<\/tr>\n<tr>\n<td style=\"width: 37.0343%;\">L\u00e4hd\u00f6t<\/td>\n<td style=\"width: 63.1893%;\">2 \u00d7 Schuko 230 V 16 A, 1 \u00d7 CEE 230 V 32 A<\/td>\n<\/tr>\n<tr>\n<td style=\"width: 37.0343%;\">LED-n\u00e4ytt\u00f6<\/td>\n<td style=\"width: 63.1893%;\">Mitmefunktsiooniline: pinge, v\u00f5imsus, \u00f5litaseme indikaator, k\u00fctusetaseme indikaator, t\u00f6\u00f6aeg, kogut\u00f6\u00f6aeg, sagedus<\/td>\n<\/tr>\n<tr>\n<td style=\"width: 37.0343%;\">M\u00fcratase, LpA (7 m) \/ LwA, dB<\/td>\n<td style=\"width: 63.1893%;\">69 \/ 97<\/td>\n<\/tr>\n<tr>\n<td style=\"width: 37.0343%;\">Moottorityyppi<\/td>\n<td style=\"width: 63.1893%;\">Diisel, 1-silindriline, 4-taktiline, \u00f5hkjahutusega<\/td>\n<\/tr>\n<tr>\n<td style=\"width: 37.0343%;\">Moottorin malli<\/td>\n<td style=\"width: 63.1893%;\">KS 520iD<\/td>\n<\/tr>\n<tr>\n<td style=\"width: 37.0343%;\">Mootori v\u00f5imsus, hj \/ kW<\/td>\n<td style=\"width: 63.1893%;\">8,5 \/ 11,5<\/td>\n<\/tr>\n<tr>\n<td style=\"width: 37.0343%;\">Eels\u00fc\u00fcte soojendus<\/td>\n<td style=\"width: 63.1893%;\">Jah<\/td>\n<\/tr>\n<tr>\n<td style=\"width: 37.0343%;\">\u00dchendus v\u00e4lisele akulaadijale<\/td>\n<td style=\"width: 63.1893%;\">DC5521<\/td>\n<\/tr>\n<tr>\n<td style=\"width: 37.0343%;\">Polttoaines\u00e4ili\u00f6n tilavuus, L<\/td>\n<td style=\"width: 63.1893%;\">25<\/td>\n<\/tr>\n<tr>\n<td style=\"width: 37.0343%;\">\u00d5likarteri maht, l<\/td>\n<td style=\"width: 63.1893%;\">1,65<\/td>\n<\/tr>\n<tr>\n<td style=\"width: 37.0343%;\">Mootori t\u00f6\u00f6maht, cm\u00b3<\/td>\n<td style=\"width: 63.1893%;\">498<\/td>\n<\/tr>\n<tr>\n<td style=\"width: 37.0343%;\">K\u00e4ivitust\u00fc\u00fcp<\/td>\n<td style=\"width: 63.1893%;\">K\u00e4sik\u00e4ivitus \/ elektrik\u00e4ivitus \/ kaugk\u00e4ivitus (kaugjuhtimispult)<\/td>\n<\/tr>\n<tr>\n<td style=\"width: 37.0343%;\">Aku mahtuvus, Ah<\/td>\n<td style=\"width: 63.1893%;\">Pliiakuga 12 V 36 Ah<\/td>\n<\/tr>\n<tr>\n<td style=\"width: 37.0343%;\">ATS-v\u00e4ljund<\/td>\n<td style=\"width: 63.1893%;\">Jah, v\u00f5imalus ATS s\u00fcsteemi \u00fchendada<\/td>\n<\/tr>\n<tr>\n<td style=\"width: 37.0343%;\">Avariiseiskamisnupp<\/td>\n<td style=\"width: 63.1893%;\">Jah<\/td>\n<\/tr>\n<tr>\n<td style=\"width: 37.0343%;\">Start-stop nupp<\/td>\n<td style=\"width: 63.1893%;\">Jah<\/td>\n<\/tr>\n<tr>\n<td style=\"width: 37.0343%;\">V\u00e4line juhtimine<\/td>\n<td style=\"width: 63.1893%;\">Control Terminal pistik<\/td>\n<\/tr>\n<tr>\n<td style=\"width: 37.0343%;\">Suojausluokka<\/td>\n<td style=\"width: 63.1893%;\">IP23M<\/td>\n<\/tr>\n<tr>\n<td style=\"width: 37.0343%;\">Korpus<\/td>\n<td style=\"width: 63.1893%;\">Vandalismikindel m\u00fcrasummutav korpus Anti-Scratch kattega<\/td>\n<\/tr>\n<tr>\n<td style=\"width: 37.0343%;\">M\u00f5\u00f5dud (bruto), mm<\/td>\n<td style=\"width: 63.1893%;\">870 \u00d7 580 \u00d7 765<\/td>\n<\/tr>\n<tr>\n<td style=\"width: 37.0343%;\">Nettopaino, kg<\/td>\n<td style=\"width: 63.1893%;\">119<\/td>\n<\/tr>\n<tr>\n<td style=\"width: 37.0343%;\">Bruttopaino, kg<\/td>\n<td style=\"width: 63.1893%;\">139,0<\/td>\n<\/tr>\n<tr>\n<td style=\"width: 37.0343%;\">Komplekt<\/td>\n<td style=\"width: 63.1893%;\">Pakend, generaator, kasutusjuhend, v\u00f5ti 14\u201317, v\u00f5ti 12\u201310, GX20 pistik, 2 \u00d7 \u00fclemise kaane v\u00f5ti, kahepoolne kruvikeeraja, 2 \u00d7 kaasaskantav toitepistik 230 V (16 A), kaasaskantav toitepistik 230 V (32 A), 2 \u00d7 kaugjuhtimispulti, pikendatud lehter, aku laadimiskaabel, 4 \u00d7 transpordiratas<\/td>\n<\/tr>\n<\/tbody>\n<\/table>","protected":false},"featured_media":22856,"template":"","meta":{"_acf_changed":false,"inline_featured_image":false},"product_brand":[],"product_cat":[110,94],"product_tag":[],"class_list":{"0":"post-22853","1":"product","2":"type-product","3":"status-publish","4":"has-post-thumbnail","6":"product_cat-diisel-invertergeneraatorid","7":"product_cat-generaatorid","8":"product_shipping_class-euroalus","9":"brand-konner-sohnen","11":"first","12":"instock","13":"taxable","14":"shipping-taxable","15":"purchasable","16":"product-type-simple"},"acf":[],"yoast_head":"<!-- This site is optimized with the Yoast SEO plugin v27.2 - https:\/\/yoast.com\/product\/yoast-seo-wordpress\/ -->\n<title>Diisel-invertergeneraator KS 6500iDE S ATSR - Genekas24<\/title>\n<meta name=\"robots\" content=\"index, follow, max-snippet:-1, max-image-preview:large, max-video-preview:-1\" \/>\n<link rel=\"canonical\" href=\"https:\/\/genekas24.ee\/fi\/tuote\/diisel-invertergeneraator-ks-6500ide-s-atsr\/\" \/>\n<meta property=\"og:locale\" content=\"fi_FI\" \/>\n<meta property=\"og:type\" content=\"article\" \/>\n<meta property=\"og:title\" content=\"Diisel-invertergeneraator KS 6500iDE S ATSR - Genekas24\" \/>\n<meta property=\"og:description\" content=\"Pinge, V 230   Maks.\/nimiv\u00f5imsus (230 V), kW 6,5 \/ 6,0   Sagedus, Hz 50   Maksimaalne vool, A 28,3   Pistikupesad 2 \u00d7 Schuko 230 V 16 A, 1 \u00d7 CEE 230 V 32 A   LED-ekraan Mitmefunktsiooniline: pinge, v\u00f5imsus, \u00f5litaseme indikaator, k\u00fctusetaseme indikaator, t\u00f6\u00f6aeg, kogut\u00f6\u00f6aeg, sagedus   M\u00fcratase, LpA (7 m) \/ LwA, dB 69 \/ 97   Mootori t\u00fc\u00fcp Diisel, 1-silindriline, 4-taktiline, \u00f5hkjahutusega   Mootori mudel KS 520iD   Mootori v\u00f5imsus, hj \/ kW 8,5 \/ 11,5   Eels\u00fc\u00fcte soojendus Jah   \u00dchendus v\u00e4lisele akulaadijale DC5521   K\u00fctusepaagi maht, l 25   \u00d5likarteri maht, l 1,65   Mootori t\u00f6\u00f6maht, cm\u00b3 498   K\u00e4ivitust\u00fc\u00fcp K\u00e4sik\u00e4ivitus \/ elektrik\u00e4ivitus \/ kaugk\u00e4ivitus (kaugjuhtimispult)   Aku mahtuvus, Ah Pliiakuga 12 V 36 Ah   ATS-v\u00e4ljund Jah, v\u00f5imalus ATS s\u00fcsteemi \u00fchendada   Avariiseiskamisnupp Jah   Start-stop nupp Jah   V\u00e4line juhtimine Control Terminal pistik   Kaitseklass IP23M   Korpus Vandalismikindel m\u00fcrasummutav korpus Anti-Scratch kattega   M\u00f5\u00f5dud (bruto), mm 870 \u00d7 580 \u00d7 765   Netokaal, kg 119   Brutokaal, kg 139,0   Komplekt Pakend, generaator, kasutusjuhend, v\u00f5ti 14\u201317, v\u00f5ti 12\u201310, GX20 pistik, 2 \u00d7 \u00fclemise kaane v\u00f5ti, kahepoolne kruvikeeraja, 2 \u00d7 kaasaskantav toitepistik 230 V (16 A), kaasaskantav toitepistik 230 V (32 A), 2 \u00d7 kaugjuhtimispulti, pikendatud lehter, aku laadimiskaabel, 4 \u00d7 transpordiratas\" \/>\n<meta property=\"og:url\" content=\"https:\/\/genekas24.ee\/fi\/tuote\/diisel-invertergeneraator-ks-6500ide-s-atsr\/\" \/>\n<meta property=\"og:site_name\" content=\"Genekas24\" \/>\n<meta property=\"article:modified_time\" content=\"2026-04-08T16:38:23+00:00\" \/>\n<meta property=\"og:image\" content=\"https:\/\/genekas24.ee\/wp-content\/uploads\/2026\/01\/dyzelnyi-invertornyi-henerator-u-shumozakhysnomu-kozhusi-konnersohnen-ks-6500ide-s-atsr-68418694613531-1.webp\" \/>\n\t<meta property=\"og:image:width\" content=\"1800\" \/>\n\t<meta property=\"og:image:height\" content=\"1800\" \/>\n\t<meta property=\"og:image:type\" content=\"image\/webp\" \/>\n<meta name=\"twitter:card\" content=\"summary_large_image\" \/>\n<meta name=\"twitter:label1\" content=\"Arvioitu lukuaika\" \/>\n\t<meta name=\"twitter:data1\" content=\"2 minuuttia\" \/>\n<script type=\"application\/ld+json\" class=\"yoast-schema-graph\">{\"@context\":\"https:\/\/schema.org\",\"@graph\":[{\"@type\":\"WebPage\",\"@id\":\"https:\/\/genekas24.ee\/toode\/diisel-invertergeneraator-ks-6500ide-s-atsr\/\",\"url\":\"https:\/\/genekas24.ee\/toode\/diisel-invertergeneraator-ks-6500ide-s-atsr\/\",\"name\":\"Diisel-invertergeneraator KS 6500iDE S ATSR - Genekas24\",\"isPartOf\":{\"@id\":\"https:\/\/genekas24.ee\/#website\"},\"primaryImageOfPage\":{\"@id\":\"https:\/\/genekas24.ee\/toode\/diisel-invertergeneraator-ks-6500ide-s-atsr\/#primaryimage\"},\"image\":{\"@id\":\"https:\/\/genekas24.ee\/toode\/diisel-invertergeneraator-ks-6500ide-s-atsr\/#primaryimage\"},\"thumbnailUrl\":\"https:\/\/genekas24.ee\/wp-content\/uploads\/2026\/01\/dyzelnyi-invertornyi-henerator-u-shumozakhysnomu-kozhusi-konnersohnen-ks-6500ide-s-atsr-68418694613531-1.webp\",\"datePublished\":\"2026-01-26T11:56:56+00:00\",\"dateModified\":\"2026-04-08T16:38:23+00:00\",\"breadcrumb\":{\"@id\":\"https:\/\/genekas24.ee\/toode\/diisel-invertergeneraator-ks-6500ide-s-atsr\/#breadcrumb\"},\"inLanguage\":\"fi\",\"potentialAction\":[{\"@type\":\"ReadAction\",\"target\":[\"https:\/\/genekas24.ee\/toode\/diisel-invertergeneraator-ks-6500ide-s-atsr\/\"]}]},{\"@type\":\"ImageObject\",\"inLanguage\":\"fi\",\"@id\":\"https:\/\/genekas24.ee\/toode\/diisel-invertergeneraator-ks-6500ide-s-atsr\/#primaryimage\",\"url\":\"https:\/\/genekas24.ee\/wp-content\/uploads\/2026\/01\/dyzelnyi-invertornyi-henerator-u-shumozakhysnomu-kozhusi-konnersohnen-ks-6500ide-s-atsr-68418694613531-1.webp\",\"contentUrl\":\"https:\/\/genekas24.ee\/wp-content\/uploads\/2026\/01\/dyzelnyi-invertornyi-henerator-u-shumozakhysnomu-kozhusi-konnersohnen-ks-6500ide-s-atsr-68418694613531-1.webp\",\"width\":1800,\"height\":1800},{\"@type\":\"BreadcrumbList\",\"@id\":\"https:\/\/genekas24.ee\/toode\/diisel-invertergeneraator-ks-6500ide-s-atsr\/#breadcrumb\",\"itemListElement\":[{\"@type\":\"ListItem\",\"position\":1,\"name\":\"Home\",\"item\":\"https:\/\/genekas24.ee\/\"},{\"@type\":\"ListItem\",\"position\":2,\"name\":\"Pood\",\"item\":\"https:\/\/genekas24.ee\/pood\/\"},{\"@type\":\"ListItem\",\"position\":3,\"name\":\"Diisel-invertergeneraator KS 6500iDE S ATSR\"}]},{\"@type\":\"WebSite\",\"@id\":\"https:\/\/genekas24.ee\/#website\",\"url\":\"https:\/\/genekas24.ee\/\",\"name\":\"Genekas24\",\"description\":\"Generaatorid | K&ouml;nner S&ouml;hnen tooted | Genekas24\",\"publisher\":{\"@id\":\"https:\/\/genekas24.ee\/#organization\"},\"potentialAction\":[{\"@type\":\"SearchAction\",\"target\":{\"@type\":\"EntryPoint\",\"urlTemplate\":\"https:\/\/genekas24.ee\/?s={search_term_string}\"},\"query-input\":{\"@type\":\"PropertyValueSpecification\",\"valueRequired\":true,\"valueName\":\"search_term_string\"}}],\"inLanguage\":\"fi\"},{\"@type\":\"Organization\",\"@id\":\"https:\/\/genekas24.ee\/#organization\",\"name\":\"Genekas24\",\"url\":\"https:\/\/genekas24.ee\/\",\"logo\":{\"@type\":\"ImageObject\",\"inLanguage\":\"fi\",\"@id\":\"https:\/\/genekas24.ee\/#\/schema\/logo\/image\/\",\"url\":\"https:\/\/genekas24.ee\/wp-content\/uploads\/2026\/01\/genekas24-logo_black.svg\",\"contentUrl\":\"https:\/\/genekas24.ee\/wp-content\/uploads\/2026\/01\/genekas24-logo_black.svg\",\"width\":840,\"height\":131,\"caption\":\"Genekas24\"},\"image\":{\"@id\":\"https:\/\/genekas24.ee\/#\/schema\/logo\/image\/\"}}]}<\/script>\n<!-- \/ Yoast SEO plugin. -->","yoast_head_json":{"title":"Diisel-invertergeneraator KS 6500iDE S ATSR - Genekas24","robots":{"index":"index","follow":"follow","max-snippet":"max-snippet:-1","max-image-preview":"max-image-preview:large","max-video-preview":"max-video-preview:-1"},"canonical":"https:\/\/genekas24.ee\/fi\/tuote\/diisel-invertergeneraator-ks-6500ide-s-atsr\/","og_locale":"fi_FI","og_type":"article","og_title":"Diisel-invertergeneraator KS 6500iDE S ATSR - Genekas24","og_description":"Pinge, V 230   Maks.\/nimiv\u00f5imsus (230 V), kW 6,5 \/ 6,0   Sagedus, Hz 50   Maksimaalne vool, A 28,3   Pistikupesad 2 \u00d7 Schuko 230 V 16 A, 1 \u00d7 CEE 230 V 32 A   LED-ekraan Mitmefunktsiooniline: pinge, v\u00f5imsus, \u00f5litaseme indikaator, k\u00fctusetaseme indikaator, t\u00f6\u00f6aeg, kogut\u00f6\u00f6aeg, sagedus   M\u00fcratase, LpA (7 m) \/ LwA, dB 69 \/ 97   Mootori t\u00fc\u00fcp Diisel, 1-silindriline, 4-taktiline, \u00f5hkjahutusega   Mootori mudel KS 520iD   Mootori v\u00f5imsus, hj \/ kW 8,5 \/ 11,5   Eels\u00fc\u00fcte soojendus Jah   \u00dchendus v\u00e4lisele akulaadijale DC5521   K\u00fctusepaagi maht, l 25   \u00d5likarteri maht, l 1,65   Mootori t\u00f6\u00f6maht, cm\u00b3 498   K\u00e4ivitust\u00fc\u00fcp K\u00e4sik\u00e4ivitus \/ elektrik\u00e4ivitus \/ kaugk\u00e4ivitus (kaugjuhtimispult)   Aku mahtuvus, Ah Pliiakuga 12 V 36 Ah   ATS-v\u00e4ljund Jah, v\u00f5imalus ATS s\u00fcsteemi \u00fchendada   Avariiseiskamisnupp Jah   Start-stop nupp Jah   V\u00e4line juhtimine Control Terminal pistik   Kaitseklass IP23M   Korpus Vandalismikindel m\u00fcrasummutav korpus Anti-Scratch kattega   M\u00f5\u00f5dud (bruto), mm 870 \u00d7 580 \u00d7 765   Netokaal, kg 119   Brutokaal, kg 139,0   Komplekt Pakend, generaator, kasutusjuhend, v\u00f5ti 14\u201317, v\u00f5ti 12\u201310, GX20 pistik, 2 \u00d7 \u00fclemise kaane v\u00f5ti, kahepoolne kruvikeeraja, 2 \u00d7 kaasaskantav toitepistik 230 V (16 A), kaasaskantav toitepistik 230 V (32 A), 2 \u00d7 kaugjuhtimispulti, pikendatud lehter, aku laadimiskaabel, 4 \u00d7 transpordiratas","og_url":"https:\/\/genekas24.ee\/fi\/tuote\/diisel-invertergeneraator-ks-6500ide-s-atsr\/","og_site_name":"Genekas24","article_modified_time":"2026-04-08T16:38:23+00:00","og_image":[{"width":1800,"height":1800,"url":"https:\/\/genekas24.ee\/wp-content\/uploads\/2026\/01\/dyzelnyi-invertornyi-henerator-u-shumozakhysnomu-kozhusi-konnersohnen-ks-6500ide-s-atsr-68418694613531-1.webp","type":"image\/webp"}],"twitter_card":"summary_large_image","twitter_misc":{"Arvioitu lukuaika":"2 minuuttia"},"schema":{"@context":"https:\/\/schema.org","@graph":[{"@type":"WebPage","@id":"https:\/\/genekas24.ee\/toode\/diisel-invertergeneraator-ks-6500ide-s-atsr\/","url":"https:\/\/genekas24.ee\/toode\/diisel-invertergeneraator-ks-6500ide-s-atsr\/","name":"Diisel-invertergeneraator KS 6500iDE S ATSR - Genekas24","isPartOf":{"@id":"https:\/\/genekas24.ee\/#website"},"primaryImageOfPage":{"@id":"https:\/\/genekas24.ee\/toode\/diisel-invertergeneraator-ks-6500ide-s-atsr\/#primaryimage"},"image":{"@id":"https:\/\/genekas24.ee\/toode\/diisel-invertergeneraator-ks-6500ide-s-atsr\/#primaryimage"},"thumbnailUrl":"https:\/\/genekas24.ee\/wp-content\/uploads\/2026\/01\/dyzelnyi-invertornyi-henerator-u-shumozakhysnomu-kozhusi-konnersohnen-ks-6500ide-s-atsr-68418694613531-1.webp","datePublished":"2026-01-26T11:56:56+00:00","dateModified":"2026-04-08T16:38:23+00:00","breadcrumb":{"@id":"https:\/\/genekas24.ee\/toode\/diisel-invertergeneraator-ks-6500ide-s-atsr\/#breadcrumb"},"inLanguage":"fi","potentialAction":[{"@type":"ReadAction","target":["https:\/\/genekas24.ee\/toode\/diisel-invertergeneraator-ks-6500ide-s-atsr\/"]}]},{"@type":"ImageObject","inLanguage":"fi","@id":"https:\/\/genekas24.ee\/toode\/diisel-invertergeneraator-ks-6500ide-s-atsr\/#primaryimage","url":"https:\/\/genekas24.ee\/wp-content\/uploads\/2026\/01\/dyzelnyi-invertornyi-henerator-u-shumozakhysnomu-kozhusi-konnersohnen-ks-6500ide-s-atsr-68418694613531-1.webp","contentUrl":"https:\/\/genekas24.ee\/wp-content\/uploads\/2026\/01\/dyzelnyi-invertornyi-henerator-u-shumozakhysnomu-kozhusi-konnersohnen-ks-6500ide-s-atsr-68418694613531-1.webp","width":1800,"height":1800},{"@type":"BreadcrumbList","@id":"https:\/\/genekas24.ee\/toode\/diisel-invertergeneraator-ks-6500ide-s-atsr\/#breadcrumb","itemListElement":[{"@type":"ListItem","position":1,"name":"Home","item":"https:\/\/genekas24.ee\/"},{"@type":"ListItem","position":2,"name":"Pood","item":"https:\/\/genekas24.ee\/pood\/"},{"@type":"ListItem","position":3,"name":"Diisel-invertergeneraator KS 6500iDE S ATSR"}]},{"@type":"WebSite","@id":"https:\/\/genekas24.ee\/#website","url":"https:\/\/genekas24.ee\/","name":"Genekas24","description":"Generaatorid | K&ouml;nner S&ouml;hnen tooted | Genekas24","publisher":{"@id":"https:\/\/genekas24.ee\/#organization"},"potentialAction":[{"@type":"SearchAction","target":{"@type":"EntryPoint","urlTemplate":"https:\/\/genekas24.ee\/?s={search_term_string}"},"query-input":{"@type":"PropertyValueSpecification","valueRequired":true,"valueName":"search_term_string"}}],"inLanguage":"fi"},{"@type":"Organization","@id":"https:\/\/genekas24.ee\/#organization","name":"Genekas24","url":"https:\/\/genekas24.ee\/","logo":{"@type":"ImageObject","inLanguage":"fi","@id":"https:\/\/genekas24.ee\/#\/schema\/logo\/image\/","url":"https:\/\/genekas24.ee\/wp-content\/uploads\/2026\/01\/genekas24-logo_black.svg","contentUrl":"https:\/\/genekas24.ee\/wp-content\/uploads\/2026\/01\/genekas24-logo_black.svg","width":840,"height":131,"caption":"Genekas24"},"image":{"@id":"https:\/\/genekas24.ee\/#\/schema\/logo\/image\/"}}]}},"_links":{"self":[{"href":"https:\/\/genekas24.ee\/fi\/wp-json\/wp\/v2\/product\/22853","targetHints":{"allow":["GET"]}}],"collection":[{"href":"https:\/\/genekas24.ee\/fi\/wp-json\/wp\/v2\/product"}],"about":[{"href":"https:\/\/genekas24.ee\/fi\/wp-json\/wp\/v2\/types\/product"}],"version-history":[{"count":4,"href":"https:\/\/genekas24.ee\/fi\/wp-json\/wp\/v2\/product\/22853\/revisions"}],"predecessor-version":[{"id":23044,"href":"https:\/\/genekas24.ee\/fi\/wp-json\/wp\/v2\/product\/22853\/revisions\/23044"}],"wp:featuredmedia":[{"embeddable":true,"href":"https:\/\/genekas24.ee\/fi\/wp-json\/wp\/v2\/media\/22856"}],"wp:attachment":[{"href":"https:\/\/genekas24.ee\/fi\/wp-json\/wp\/v2\/media?parent=22853"}],"wp:term":[{"taxonomy":"product_brand","embeddable":true,"href":"https:\/\/genekas24.ee\/fi\/wp-json\/wp\/v2\/product_brand?post=22853"},{"taxonomy":"product_cat","embeddable":true,"href":"https:\/\/genekas24.ee\/fi\/wp-json\/wp\/v2\/product_cat?post=22853"},{"taxonomy":"product_tag","embeddable":true,"href":"https:\/\/genekas24.ee\/fi\/wp-json\/wp\/v2\/product_tag?post=22853"}],"curies":[{"name":"wp","href":"https:\/\/api.w.org\/{rel}","templated":true}]}}