{"id":22708,"date":"2026-04-08T17:00:42","date_gmt":"2026-04-08T17:00:42","guid":{"rendered":"https:\/\/genekas24.ee\/?post_type=product&#038;p=22708"},"modified":"2026-04-08T17:00:42","modified_gmt":"2026-04-08T17:00:42","slug":"itcpower-bensiinigeneraator-gg9000fe-75-kw","status":"publish","type":"product","link":"https:\/\/genekas24.ee\/fi\/tuote\/itcpower-bensiinigeneraator-gg9000fe-75-kw\/","title":{"rendered":"ITCPower bensiinigeneraator GG9000FE 7,5 kW"},"content":{"rendered":"<p style=\"font-weight: 400;\">Generaator professionaalseks ja koduseks kasutamiseks, maksimaalselt 7000W\/7500W. Elektrilise k\u00e4ivitusega, 16 hj mootor. 25-liitrine k\u00fctusepaak ja 18 tundi t\u00f6\u00f6aega!<\/p>\n<p style=\"font-weight: 400;\">Komplektis AVR ja rattakomplekt. Kuni 18 t\u00f6\u00f6tundi. Tugev raam. AVR-generaator (reguleerib pingek\u00f5ikumisi). Juhtpaneel: 2 pistikupesaga, 12 V alalisvoolu v\u00e4ljund. Analoogvoltmeeter ja termiline kaitsel\u00fcliti. Elektriline k\u00e4ivitamine.<\/p>\n<p style=\"font-weight: 400;\">Avastage bensiinigeneraator, mis muudab teie t\u00f6\u00f6tamise viisi ja naudib v\u00f5imsust! V\u00f5imsa neljataktilise OHV-mootoriga generaator on loodud pakkuma erakordset j\u00f5udlust ja pikka t\u00f6\u00f6aega t\u00e4nu suurele k\u00fctusepaagile.<\/p>\n<p style=\"font-weight: 400;\">AVR-pingeregulaatoriga generaator tagab stabiilse v\u00e4ljundvoolu, mis sobib ideaalselt teie elektrit\u00f6\u00f6riistade toiteks k\u00f5ikjal, olgu see siis ehitusplatsil v\u00f5i kodus h\u00e4daolukorras. Selle \u00fclisuur v\u00e4ljalaskes\u00fcsteem v\u00e4hendab ka m\u00fcrataset, v\u00f5imaldades teil t\u00f6\u00f6tada vaiksemas keskkonnas.<\/p>\n<p style=\"font-weight: 400;\">Ohutus on samuti prioriteet: sellel on \u00f5lialarm, mis l\u00fclitab mootori automaatselt v\u00e4lja, kui \u00f5litase on madal, kaitstes teie investeeringut.<\/p>","protected":false},"excerpt":{"rendered":"<table>\n<tbody>\n<tr>\n<td>Mudel<\/td>\n<td>GG9000FE<\/td>\n<\/tr>\n<tr>\n<td>J\u00e4nnite<\/td>\n<td>230 V<\/td>\n<\/tr>\n<tr>\n<td>Maksimaalne v\u00f5imsus<\/td>\n<td>7,5 kW<\/td>\n<\/tr>\n<tr>\n<td>Nimiv\u00f5imsus<\/td>\n<td>7 kW<\/td>\n<\/tr>\n<tr>\n<td>Taajuus<\/td>\n<td>50 Hz<\/td>\n<\/tr>\n<tr>\n<td>V\u00e4ljundvoolud<\/td>\n<td>1 \u00d7 16 A, 1 \u00d7 32 A<\/td>\n<\/tr>\n<tr>\n<td>Aku<\/td>\n<td>Jah, 10 Ah<\/td>\n<\/tr>\n<tr>\n<td>Alalisvoolu v\u00e4ljund<\/td>\n<td>12 V \/ 8,3 A<\/td>\n<\/tr>\n<tr>\n<td>K\u00fctusepaak<\/td>\n<td>25 L<\/td>\n<\/tr>\n<tr>\n<td>T\u00f6\u00f6aeg (50% koormusel)<\/td>\n<td>18 h<\/td>\n<\/tr>\n<tr>\n<td>M\u00fcratase (7 m)<\/td>\n<td>78 dB<\/td>\n<\/tr>\n<tr>\n<td>Moottorin malli<\/td>\n<td>LS420<\/td>\n<\/tr>\n<tr>\n<td>Mootori nimiv\u00f5imsus<\/td>\n<td>15 hj<\/td>\n<\/tr>\n<tr>\n<td>Mootori p\u00f6\u00f6rded<\/td>\n<td>3000 p\/min<\/td>\n<\/tr>\n<tr>\n<td>Mootori t\u00f6\u00f6maht<\/td>\n<td>420 cm\u00b3<\/td>\n<\/tr>\n<tr>\n<td>Mootori \u00f5limaht<\/td>\n<td>1,6 L<\/td>\n<\/tr>\n<tr>\n<td>Mootori k\u00e4ivitus<\/td>\n<td>Manuaalne \/ elektriline<\/td>\n<\/tr>\n<tr>\n<td>Generaattori<\/td>\n<td>A7L<\/td>\n<\/tr>\n<tr>\n<td>Generaatori v\u00f5imsustegur<\/td>\n<td>1<\/td>\n<\/tr>\n<tr>\n<td>Pinge reguleerimine<\/td>\n<td>AVR \/ harjadeta<\/td>\n<\/tr>\n<tr>\n<td>Netokaal<\/td>\n<td>79 kg<\/td>\n<\/tr>\n<tr>\n<td>Brutokaal<\/td>\n<td>82 kg<\/td>\n<\/tr>\n<tr>\n<td>M\u00f5\u00f5tmed<\/td>\n<td>680 \u00d7 510 \u00d7 540 mm<\/td>\n<\/tr>\n<tr>\n<td>Karbi m\u00f5\u00f5tmed<\/td>\n<td>700 \u00d7 525 \u00d7 600 mm<\/td>\n<\/tr>\n<tr>\n<td>Mootori v\u00f5imsus<\/td>\n<td>7 kW<\/td>\n<\/tr>\n<tr>\n<td>Voolutugevus<\/td>\n<td>30,4 A<\/td>\n<\/tr>\n<tr>\n<td>N\u00e4ytt\u00f6<\/td>\n<td>Analoog<\/td>\n<\/tr>\n<tr>\n<td>Pikkus<\/td>\n<td>56 cm<\/td>\n<\/tr>\n<tr>\n<td>Laius<\/td>\n<td>81,5 cm<\/td>\n<\/tr>\n<tr>\n<td>K\u00f5rgus<\/td>\n<td>56 cm<\/td>\n<\/tr>\n<\/tbody>\n<\/table>","protected":false},"featured_media":22709,"template":"","meta":{"_acf_changed":false,"inline_featured_image":false},"product_brand":[],"product_cat":[94,21],"product_tag":[],"class_list":{"0":"post-22708","1":"product","2":"type-product","3":"status-publish","4":"has-post-thumbnail","6":"product_cat-generaatorid","7":"product_cat-bensiinigeneraatorid","8":"product_shipping_class-poolalus","9":"brand-itcpower","11":"first","12":"instock","13":"taxable","14":"shipping-taxable","15":"purchasable","16":"product-type-simple"},"acf":[],"yoast_head":"<!-- This site is optimized with the Yoast SEO plugin v27.2 - https:\/\/yoast.com\/product\/yoast-seo-wordpress\/ -->\n<title>ITCPower bensiinigeneraator GG9000FE 7,5 kW - Genekas24<\/title>\n<meta name=\"robots\" content=\"index, follow, max-snippet:-1, max-image-preview:large, max-video-preview:-1\" \/>\n<link rel=\"canonical\" href=\"https:\/\/genekas24.ee\/fi\/tuote\/itcpower-bensiinigeneraator-gg9000fe-75-kw\/\" \/>\n<meta property=\"og:locale\" content=\"fi_FI\" \/>\n<meta property=\"og:type\" content=\"article\" \/>\n<meta property=\"og:title\" content=\"ITCPower bensiinigeneraator GG9000FE 7,5 kW - Genekas24\" \/>\n<meta property=\"og:description\" content=\"Mudel GG9000FE   Pinge 230 V   Maksimaalne v\u00f5imsus 7,5 kW   Nimiv\u00f5imsus 7 kW   Sagedus 50 Hz   V\u00e4ljundvoolud 1 \u00d7 16 A, 1 \u00d7 32 A   Aku Jah, 10 Ah   Alalisvoolu v\u00e4ljund 12 V \/ 8,3 A   K\u00fctusepaak 25 L   T\u00f6\u00f6aeg (50% koormusel) 18 h   M\u00fcratase (7 m) 78 dB   Mootori mudel LS420   Mootori nimiv\u00f5imsus 15 hj   Mootori p\u00f6\u00f6rded 3000 p\/min   Mootori t\u00f6\u00f6maht 420 cm\u00b3   Mootori \u00f5limaht 1,6 L   Mootori k\u00e4ivitus Manuaalne \/ elektriline   Generaator A7L   Generaatori v\u00f5imsustegur 1   Pinge reguleerimine AVR \/ harjadeta   Netokaal 79 kg   Brutokaal 82 kg   M\u00f5\u00f5tmed 680 \u00d7 510 \u00d7 540 mm   Karbi m\u00f5\u00f5tmed 700 \u00d7 525 \u00d7 600 mm   Mootori v\u00f5imsus 7 kW   Voolutugevus 30,4 A   Ekraan Analoog   Pikkus 56 cm   Laius 81,5 cm   K\u00f5rgus 56 cm\" \/>\n<meta property=\"og:url\" content=\"https:\/\/genekas24.ee\/fi\/tuote\/itcpower-bensiinigeneraator-gg9000fe-75-kw\/\" \/>\n<meta property=\"og:site_name\" content=\"Genekas24\" \/>\n<meta property=\"og:image\" content=\"https:\/\/genekas24.ee\/wp-content\/uploads\/2026\/01\/4042-500x500-1.jpeg\" \/>\n\t<meta property=\"og:image:width\" content=\"500\" \/>\n\t<meta property=\"og:image:height\" content=\"500\" \/>\n\t<meta property=\"og:image:type\" content=\"image\/jpeg\" \/>\n<meta name=\"twitter:card\" content=\"summary_large_image\" \/>\n<meta name=\"twitter:label1\" content=\"Arvioitu lukuaika\" \/>\n\t<meta name=\"twitter:data1\" content=\"1 minuutti\" \/>\n<script type=\"application\/ld+json\" class=\"yoast-schema-graph\">{\"@context\":\"https:\/\/schema.org\",\"@graph\":[{\"@type\":\"WebPage\",\"@id\":\"https:\/\/genekas24.ee\/toode\/itcpower-bensiinigeneraator-gg9000fe-75-kw\/\",\"url\":\"https:\/\/genekas24.ee\/toode\/itcpower-bensiinigeneraator-gg9000fe-75-kw\/\",\"name\":\"ITCPower bensiinigeneraator GG9000FE 7,5 kW - Genekas24\",\"isPartOf\":{\"@id\":\"https:\/\/genekas24.ee\/#website\"},\"primaryImageOfPage\":{\"@id\":\"https:\/\/genekas24.ee\/toode\/itcpower-bensiinigeneraator-gg9000fe-75-kw\/#primaryimage\"},\"image\":{\"@id\":\"https:\/\/genekas24.ee\/toode\/itcpower-bensiinigeneraator-gg9000fe-75-kw\/#primaryimage\"},\"thumbnailUrl\":\"https:\/\/genekas24.ee\/wp-content\/uploads\/2026\/01\/4042-500x500-1.jpeg\",\"datePublished\":\"2026-04-08T17:00:42+00:00\",\"breadcrumb\":{\"@id\":\"https:\/\/genekas24.ee\/toode\/itcpower-bensiinigeneraator-gg9000fe-75-kw\/#breadcrumb\"},\"inLanguage\":\"fi\",\"potentialAction\":[{\"@type\":\"ReadAction\",\"target\":[\"https:\/\/genekas24.ee\/toode\/itcpower-bensiinigeneraator-gg9000fe-75-kw\/\"]}]},{\"@type\":\"ImageObject\",\"inLanguage\":\"fi\",\"@id\":\"https:\/\/genekas24.ee\/toode\/itcpower-bensiinigeneraator-gg9000fe-75-kw\/#primaryimage\",\"url\":\"https:\/\/genekas24.ee\/wp-content\/uploads\/2026\/01\/4042-500x500-1.jpeg\",\"contentUrl\":\"https:\/\/genekas24.ee\/wp-content\/uploads\/2026\/01\/4042-500x500-1.jpeg\",\"width\":500,\"height\":500},{\"@type\":\"BreadcrumbList\",\"@id\":\"https:\/\/genekas24.ee\/toode\/itcpower-bensiinigeneraator-gg9000fe-75-kw\/#breadcrumb\",\"itemListElement\":[{\"@type\":\"ListItem\",\"position\":1,\"name\":\"Home\",\"item\":\"https:\/\/genekas24.ee\/\"},{\"@type\":\"ListItem\",\"position\":2,\"name\":\"Pood\",\"item\":\"https:\/\/genekas24.ee\/pood\/\"},{\"@type\":\"ListItem\",\"position\":3,\"name\":\"ITCPower bensiinigeneraator GG9000FE 7,5 kW\"}]},{\"@type\":\"WebSite\",\"@id\":\"https:\/\/genekas24.ee\/#website\",\"url\":\"https:\/\/genekas24.ee\/\",\"name\":\"Genekas24\",\"description\":\"Generaatorid | K&ouml;nner S&ouml;hnen tooted | Genekas24\",\"publisher\":{\"@id\":\"https:\/\/genekas24.ee\/#organization\"},\"potentialAction\":[{\"@type\":\"SearchAction\",\"target\":{\"@type\":\"EntryPoint\",\"urlTemplate\":\"https:\/\/genekas24.ee\/?s={search_term_string}\"},\"query-input\":{\"@type\":\"PropertyValueSpecification\",\"valueRequired\":true,\"valueName\":\"search_term_string\"}}],\"inLanguage\":\"fi\"},{\"@type\":\"Organization\",\"@id\":\"https:\/\/genekas24.ee\/#organization\",\"name\":\"Genekas24\",\"url\":\"https:\/\/genekas24.ee\/\",\"logo\":{\"@type\":\"ImageObject\",\"inLanguage\":\"fi\",\"@id\":\"https:\/\/genekas24.ee\/#\/schema\/logo\/image\/\",\"url\":\"https:\/\/genekas24.ee\/wp-content\/uploads\/2026\/01\/genekas24-logo_black.svg\",\"contentUrl\":\"https:\/\/genekas24.ee\/wp-content\/uploads\/2026\/01\/genekas24-logo_black.svg\",\"width\":840,\"height\":131,\"caption\":\"Genekas24\"},\"image\":{\"@id\":\"https:\/\/genekas24.ee\/#\/schema\/logo\/image\/\"}}]}<\/script>\n<!-- \/ Yoast SEO plugin. -->","yoast_head_json":{"title":"ITCPower bensiinigeneraator GG9000FE 7,5 kW - Genekas24","robots":{"index":"index","follow":"follow","max-snippet":"max-snippet:-1","max-image-preview":"max-image-preview:large","max-video-preview":"max-video-preview:-1"},"canonical":"https:\/\/genekas24.ee\/fi\/tuote\/itcpower-bensiinigeneraator-gg9000fe-75-kw\/","og_locale":"fi_FI","og_type":"article","og_title":"ITCPower bensiinigeneraator GG9000FE 7,5 kW - Genekas24","og_description":"Mudel GG9000FE   Pinge 230 V   Maksimaalne v\u00f5imsus 7,5 kW   Nimiv\u00f5imsus 7 kW   Sagedus 50 Hz   V\u00e4ljundvoolud 1 \u00d7 16 A, 1 \u00d7 32 A   Aku Jah, 10 Ah   Alalisvoolu v\u00e4ljund 12 V \/ 8,3 A   K\u00fctusepaak 25 L   T\u00f6\u00f6aeg (50% koormusel) 18 h   M\u00fcratase (7 m) 78 dB   Mootori mudel LS420   Mootori nimiv\u00f5imsus 15 hj   Mootori p\u00f6\u00f6rded 3000 p\/min   Mootori t\u00f6\u00f6maht 420 cm\u00b3   Mootori \u00f5limaht 1,6 L   Mootori k\u00e4ivitus Manuaalne \/ elektriline   Generaator A7L   Generaatori v\u00f5imsustegur 1   Pinge reguleerimine AVR \/ harjadeta   Netokaal 79 kg   Brutokaal 82 kg   M\u00f5\u00f5tmed 680 \u00d7 510 \u00d7 540 mm   Karbi m\u00f5\u00f5tmed 700 \u00d7 525 \u00d7 600 mm   Mootori v\u00f5imsus 7 kW   Voolutugevus 30,4 A   Ekraan Analoog   Pikkus 56 cm   Laius 81,5 cm   K\u00f5rgus 56 cm","og_url":"https:\/\/genekas24.ee\/fi\/tuote\/itcpower-bensiinigeneraator-gg9000fe-75-kw\/","og_site_name":"Genekas24","og_image":[{"width":500,"height":500,"url":"https:\/\/genekas24.ee\/wp-content\/uploads\/2026\/01\/4042-500x500-1.jpeg","type":"image\/jpeg"}],"twitter_card":"summary_large_image","twitter_misc":{"Arvioitu lukuaika":"1 minuutti"},"schema":{"@context":"https:\/\/schema.org","@graph":[{"@type":"WebPage","@id":"https:\/\/genekas24.ee\/toode\/itcpower-bensiinigeneraator-gg9000fe-75-kw\/","url":"https:\/\/genekas24.ee\/toode\/itcpower-bensiinigeneraator-gg9000fe-75-kw\/","name":"ITCPower bensiinigeneraator GG9000FE 7,5 kW - Genekas24","isPartOf":{"@id":"https:\/\/genekas24.ee\/#website"},"primaryImageOfPage":{"@id":"https:\/\/genekas24.ee\/toode\/itcpower-bensiinigeneraator-gg9000fe-75-kw\/#primaryimage"},"image":{"@id":"https:\/\/genekas24.ee\/toode\/itcpower-bensiinigeneraator-gg9000fe-75-kw\/#primaryimage"},"thumbnailUrl":"https:\/\/genekas24.ee\/wp-content\/uploads\/2026\/01\/4042-500x500-1.jpeg","datePublished":"2026-04-08T17:00:42+00:00","breadcrumb":{"@id":"https:\/\/genekas24.ee\/toode\/itcpower-bensiinigeneraator-gg9000fe-75-kw\/#breadcrumb"},"inLanguage":"fi","potentialAction":[{"@type":"ReadAction","target":["https:\/\/genekas24.ee\/toode\/itcpower-bensiinigeneraator-gg9000fe-75-kw\/"]}]},{"@type":"ImageObject","inLanguage":"fi","@id":"https:\/\/genekas24.ee\/toode\/itcpower-bensiinigeneraator-gg9000fe-75-kw\/#primaryimage","url":"https:\/\/genekas24.ee\/wp-content\/uploads\/2026\/01\/4042-500x500-1.jpeg","contentUrl":"https:\/\/genekas24.ee\/wp-content\/uploads\/2026\/01\/4042-500x500-1.jpeg","width":500,"height":500},{"@type":"BreadcrumbList","@id":"https:\/\/genekas24.ee\/toode\/itcpower-bensiinigeneraator-gg9000fe-75-kw\/#breadcrumb","itemListElement":[{"@type":"ListItem","position":1,"name":"Home","item":"https:\/\/genekas24.ee\/"},{"@type":"ListItem","position":2,"name":"Pood","item":"https:\/\/genekas24.ee\/pood\/"},{"@type":"ListItem","position":3,"name":"ITCPower bensiinigeneraator GG9000FE 7,5 kW"}]},{"@type":"WebSite","@id":"https:\/\/genekas24.ee\/#website","url":"https:\/\/genekas24.ee\/","name":"Genekas24","description":"Generaatorid | K&ouml;nner S&ouml;hnen tooted | Genekas24","publisher":{"@id":"https:\/\/genekas24.ee\/#organization"},"potentialAction":[{"@type":"SearchAction","target":{"@type":"EntryPoint","urlTemplate":"https:\/\/genekas24.ee\/?s={search_term_string}"},"query-input":{"@type":"PropertyValueSpecification","valueRequired":true,"valueName":"search_term_string"}}],"inLanguage":"fi"},{"@type":"Organization","@id":"https:\/\/genekas24.ee\/#organization","name":"Genekas24","url":"https:\/\/genekas24.ee\/","logo":{"@type":"ImageObject","inLanguage":"fi","@id":"https:\/\/genekas24.ee\/#\/schema\/logo\/image\/","url":"https:\/\/genekas24.ee\/wp-content\/uploads\/2026\/01\/genekas24-logo_black.svg","contentUrl":"https:\/\/genekas24.ee\/wp-content\/uploads\/2026\/01\/genekas24-logo_black.svg","width":840,"height":131,"caption":"Genekas24"},"image":{"@id":"https:\/\/genekas24.ee\/#\/schema\/logo\/image\/"}}]}},"_links":{"self":[{"href":"https:\/\/genekas24.ee\/fi\/wp-json\/wp\/v2\/product\/22708","targetHints":{"allow":["GET"]}}],"collection":[{"href":"https:\/\/genekas24.ee\/fi\/wp-json\/wp\/v2\/product"}],"about":[{"href":"https:\/\/genekas24.ee\/fi\/wp-json\/wp\/v2\/types\/product"}],"version-history":[{"count":1,"href":"https:\/\/genekas24.ee\/fi\/wp-json\/wp\/v2\/product\/22708\/revisions"}],"predecessor-version":[{"id":22715,"href":"https:\/\/genekas24.ee\/fi\/wp-json\/wp\/v2\/product\/22708\/revisions\/22715"}],"wp:featuredmedia":[{"embeddable":true,"href":"https:\/\/genekas24.ee\/fi\/wp-json\/wp\/v2\/media\/22709"}],"wp:attachment":[{"href":"https:\/\/genekas24.ee\/fi\/wp-json\/wp\/v2\/media?parent=22708"}],"wp:term":[{"taxonomy":"product_brand","embeddable":true,"href":"https:\/\/genekas24.ee\/fi\/wp-json\/wp\/v2\/product_brand?post=22708"},{"taxonomy":"product_cat","embeddable":true,"href":"https:\/\/genekas24.ee\/fi\/wp-json\/wp\/v2\/product_cat?post=22708"},{"taxonomy":"product_tag","embeddable":true,"href":"https:\/\/genekas24.ee\/fi\/wp-json\/wp\/v2\/product_tag?post=22708"}],"curies":[{"name":"wp","href":"https:\/\/api.w.org\/{rel}","templated":true}]}}