{"id":22701,"date":"2026-01-15T13:52:14","date_gmt":"2026-01-15T13:52:14","guid":{"rendered":"https:\/\/genekas24.ee\/?post_type=product&#038;p=22701"},"modified":"2026-01-15T13:52:14","modified_gmt":"2026-01-15T13:52:14","slug":"itcpower-gg50xei-5kw-bensiinimootoriga-inverter-elektrigeneraator","status":"publish","type":"product","link":"https:\/\/genekas24.ee\/fi\/tuote\/itcpower-gg50xei-5kw-bensiinimootoriga-inverter-elektrigeneraator\/","title":{"rendered":"ITCPOWER GG50XEi 5kW bensiinimootoriga inverter-elektrigeneraator"},"content":{"rendered":"<p style=\"font-weight: 400;\">5000 W invertergeneraator sobib ideaalselt koduseks, professionaalseks v\u00f5i v\u00e4likasutuseks. Varustatud k\u00e4sitsi ja elektrilise k\u00e4ivitusega, digitaalse ekraaniga, \u00fclekoormuskaitsega ja kuni 12-tunnise t\u00f6\u00f6ajaga ilma tankimiseta. Selle 7,5 hj mootor ja invertertehnoloogia tagavad t\u00f5husa, vaikse ja stabiilse j\u00f5udluse. Komplektis on 2 vahelduvvoolu pistikupesa, alalisvoolu v\u00e4ljund ja aku.<\/p>\n<p style=\"font-weight: 400;\">*Ei ole soovitatav induktiivkoormuste jaoks.<\/p>\n<p style=\"font-weight: 400;\">See 5000 W invertergeneraator on ideaalne lahendus olukordades, kus elektriv\u00f5rk pole saadaval v\u00f5i on ebastabiilne. T\u00e4nu invertertehnoloogiale pakub see puhtamat ja stabiilsemat energiat, mis sobib ideaalselt tundlike elektroonikaseadmete, n\u00e4iteks arvutite, kodumasinate v\u00f5i elektrit\u00f6\u00f6riistade akude toitmiseks.<\/p>\n<p style=\"font-weight: 400;\">Selle 7,5 hj IC220 mootor 223 cm\u00b3 t\u00f6\u00f6mahuga pakub nimiv\u00f5imsust 4500 W ja maksimaalset v\u00f5imsust 5000 W, vahelduvvoolu v\u00e4ljunditega (2 x 16 A) ja 12 V\/5 A alalisvoolu v\u00e4ljundiga. Sellel generaatoril on k\u00e4sitsi ja elektriline k\u00e4ivitus, digitaalne ekraan ning ohutuss\u00fcsteemid, nagu \u00fclekoormuskaitse ja madala \u00f5litaseme alarm, mis tagavad ohutu ja pikaajalise t\u00f6\u00f6.<\/p>\n<p style=\"font-weight: 400;\">15-liitrise k\u00fctusepaagiga pakub see kuni 12 tundi t\u00f6\u00f6aega ilma tankimiseta, olenevalt koormusest. Selle helir\u00f5hutase, mis on vaid 68 dBA 7 meetri kaugusel, muudab selle tavalistest generaatoritest palju vaiksemaks, mis sobib ideaalselt m\u00fcratundlikesse keskkondadesse.<\/p>\n<p style=\"font-weight: 400;\">Kompaktseks ja h\u00f5lpsasti transporditavaks disainitud, netokaaluga 38 kg, v\u00e4ikeste m\u00f5\u00f5tmetega (540 x 450 x 511 mm) ja komplektis oleva akuga. See on suurep\u00e4rane valik koduseks kasutamiseks, telkimiseks, haagissuvilas reisimiseks, \u00fcritusteks v\u00f5i h\u00e4daolukordadeks.<\/p>","protected":false},"excerpt":{"rendered":"<table>\n<tbody>\n<tr>\n<td>Mudel<\/td>\n<td>GG50XEi<\/td>\n<\/tr>\n<tr>\n<td>J\u00e4nnite<\/td>\n<td>230 V<\/td>\n<\/tr>\n<tr>\n<td>Maksimaalne v\u00f5imsus<\/td>\n<td>5000 W<\/td>\n<\/tr>\n<tr>\n<td>Nimiv\u00f5imsus<\/td>\n<td>4500 W<\/td>\n<\/tr>\n<tr>\n<td>Taajuus<\/td>\n<td>50 Hz<\/td>\n<\/tr>\n<tr>\n<td>Voolutugevus<\/td>\n<td>17,4 A<\/td>\n<\/tr>\n<tr>\n<td>K\u00fctus<\/td>\n<td>Bensiin<\/td>\n<\/tr>\n<tr>\n<td>K\u00fctusepaagi maht<\/td>\n<td>15 l<\/td>\n<\/tr>\n<tr>\n<td>L\u00e4hd\u00f6t<\/td>\n<td>2 \u00d7 16 A<\/td>\n<\/tr>\n<tr>\n<td>Alalisvoolu v\u00e4ljund<\/td>\n<td>12 V \/ 5 A<\/td>\n<\/tr>\n<tr>\n<td>Aku<\/td>\n<td>Jah<\/td>\n<\/tr>\n<tr>\n<td>K\u00e4ivitus<\/td>\n<td>Manuaalne \/ elektriline<\/td>\n<\/tr>\n<tr>\n<td>Vaihtovirtageneraattorityyppi<\/td>\n<td>Inverter<\/td>\n<\/tr>\n<tr>\n<td>Generaatori pinge reguleerimine<\/td>\n<td>Elektrooniline<\/td>\n<\/tr>\n<tr>\n<td>V\u00f5imsustegur<\/td>\n<td>1<\/td>\n<\/tr>\n<tr>\n<td>M\u00fcratase (7 m)<\/td>\n<td>68 dBA<\/td>\n<\/tr>\n<tr>\n<td>LWA m\u00fcratase<\/td>\n<td>93 dBA<\/td>\n<\/tr>\n<tr>\n<td>Moottorin malli<\/td>\n<td>IC220<\/td>\n<\/tr>\n<tr>\n<td>Mootori t\u00f6\u00f6maht<\/td>\n<td>223 cm\u00b3<\/td>\n<\/tr>\n<tr>\n<td>Mootori v\u00f5imsus<\/td>\n<td>7,5 hj<\/td>\n<\/tr>\n<tr>\n<td>P\u00f6\u00f6rded<\/td>\n<td>3000 p\/min<\/td>\n<\/tr>\n<tr>\n<td>\u00d5limaht<\/td>\n<td>0,75 l<\/td>\n<\/tr>\n<tr>\n<td>Madala \u00f5litaseme alarm<\/td>\n<td>Jah<\/td>\n<\/tr>\n<tr>\n<td>N\u00e4ytt\u00f6<\/td>\n<td>Jah<\/td>\n<\/tr>\n<tr>\n<td>Py\u00f6r\u00e4t<\/td>\n<td>Jah<\/td>\n<\/tr>\n<tr>\n<td>T\u00f6\u00f6aeg<\/td>\n<td>12 \u2013 6,5 tundi<\/td>\n<\/tr>\n<tr>\n<td>Netokaal<\/td>\n<td>38 kg<\/td>\n<\/tr>\n<tr>\n<td>T\u00e4ismass<\/td>\n<td>41 kg<\/td>\n<\/tr>\n<tr>\n<td>Toote m\u00f5\u00f5tmed<\/td>\n<td>54 \u00d7 45 \u00d7 51,1 cm<\/td>\n<\/tr>\n<tr>\n<td>Karbi m\u00f5\u00f5tmed<\/td>\n<td>56 \u00d7 47 \u00d7 53 cm<\/td>\n<\/tr>\n<\/tbody>\n<\/table>","protected":false},"featured_media":22702,"template":"","meta":{"_acf_changed":false,"inline_featured_image":false},"product_brand":[],"product_cat":[94,23],"product_tag":[],"class_list":{"0":"post-22701","1":"product","2":"type-product","3":"status-publish","4":"has-post-thumbnail","6":"product_cat-generaatorid","7":"product_cat-invertergeneraatorid","8":"product_shipping_class-poolalus","9":"brand-itcpower","11":"first","12":"instock","13":"taxable","14":"shipping-taxable","15":"purchasable","16":"product-type-simple"},"acf":[],"yoast_head":"<!-- This site is optimized with the Yoast SEO plugin v27.2 - https:\/\/yoast.com\/product\/yoast-seo-wordpress\/ -->\n<title>ITCPOWER GG50XEi 5kW bensiinimootoriga inverter-elektrigeneraator - Genekas24<\/title>\n<meta name=\"robots\" content=\"index, follow, max-snippet:-1, max-image-preview:large, max-video-preview:-1\" \/>\n<link rel=\"canonical\" href=\"https:\/\/genekas24.ee\/fi\/tuote\/itcpower-gg50xei-5kw-bensiinimootoriga-inverter-elektrigeneraator\/\" \/>\n<meta property=\"og:locale\" content=\"fi_FI\" \/>\n<meta property=\"og:type\" content=\"article\" \/>\n<meta property=\"og:title\" content=\"ITCPOWER GG50XEi 5kW bensiinimootoriga inverter-elektrigeneraator - Genekas24\" \/>\n<meta property=\"og:description\" content=\"Mudel GG50XEi   Pinge 230 V   Maksimaalne v\u00f5imsus 5000 W   Nimiv\u00f5imsus 4500 W   Sagedus 50 Hz   Voolutugevus 17,4 A   K\u00fctus Bensiin   K\u00fctusepaagi maht 15 l   V\u00e4ljundid 2 \u00d7 16 A   Alalisvoolu v\u00e4ljund 12 V \/ 5 A   Aku Jah   K\u00e4ivitus Manuaalne \/ elektriline   Generaatori t\u00fc\u00fcp Inverter   Generaatori pinge reguleerimine Elektrooniline   V\u00f5imsustegur 1   M\u00fcratase (7 m) 68 dBA   LWA m\u00fcratase 93 dBA   Mootori mudel IC220   Mootori t\u00f6\u00f6maht 223 cm\u00b3   Mootori v\u00f5imsus 7,5 hj   P\u00f6\u00f6rded 3000 p\/min   \u00d5limaht 0,75 l   Madala \u00f5litaseme alarm Jah   Ekraan Jah   Rattad Jah   T\u00f6\u00f6aeg 12 \u2013 6,5 tundi   Netokaal 38 kg   T\u00e4ismass 41 kg   Toote m\u00f5\u00f5tmed 54 \u00d7 45 \u00d7 51,1 cm   Karbi m\u00f5\u00f5tmed 56 \u00d7 47 \u00d7 53 cm\" \/>\n<meta property=\"og:url\" content=\"https:\/\/genekas24.ee\/fi\/tuote\/itcpower-gg50xei-5kw-bensiinimootoriga-inverter-elektrigeneraator\/\" \/>\n<meta property=\"og:site_name\" content=\"Genekas24\" \/>\n<meta property=\"og:image\" content=\"https:\/\/genekas24.ee\/wp-content\/uploads\/2026\/01\/7725-500x500-1.jpeg\" \/>\n\t<meta property=\"og:image:width\" content=\"500\" \/>\n\t<meta property=\"og:image:height\" content=\"500\" \/>\n\t<meta property=\"og:image:type\" content=\"image\/jpeg\" \/>\n<meta name=\"twitter:card\" content=\"summary_large_image\" \/>\n<meta name=\"twitter:label1\" content=\"Arvioitu lukuaika\" \/>\n\t<meta name=\"twitter:data1\" content=\"2 minuuttia\" \/>\n<script type=\"application\/ld+json\" class=\"yoast-schema-graph\">{\"@context\":\"https:\/\/schema.org\",\"@graph\":[{\"@type\":\"WebPage\",\"@id\":\"https:\/\/genekas24.ee\/toode\/itcpower-gg50xei-5kw-bensiinimootoriga-inverter-elektrigeneraator\/\",\"url\":\"https:\/\/genekas24.ee\/toode\/itcpower-gg50xei-5kw-bensiinimootoriga-inverter-elektrigeneraator\/\",\"name\":\"ITCPOWER GG50XEi 5kW bensiinimootoriga inverter-elektrigeneraator - Genekas24\",\"isPartOf\":{\"@id\":\"https:\/\/genekas24.ee\/#website\"},\"primaryImageOfPage\":{\"@id\":\"https:\/\/genekas24.ee\/toode\/itcpower-gg50xei-5kw-bensiinimootoriga-inverter-elektrigeneraator\/#primaryimage\"},\"image\":{\"@id\":\"https:\/\/genekas24.ee\/toode\/itcpower-gg50xei-5kw-bensiinimootoriga-inverter-elektrigeneraator\/#primaryimage\"},\"thumbnailUrl\":\"https:\/\/genekas24.ee\/wp-content\/uploads\/2026\/01\/7725-500x500-1.jpeg\",\"datePublished\":\"2026-01-15T13:52:14+00:00\",\"breadcrumb\":{\"@id\":\"https:\/\/genekas24.ee\/toode\/itcpower-gg50xei-5kw-bensiinimootoriga-inverter-elektrigeneraator\/#breadcrumb\"},\"inLanguage\":\"fi\",\"potentialAction\":[{\"@type\":\"ReadAction\",\"target\":[\"https:\/\/genekas24.ee\/toode\/itcpower-gg50xei-5kw-bensiinimootoriga-inverter-elektrigeneraator\/\"]}]},{\"@type\":\"ImageObject\",\"inLanguage\":\"fi\",\"@id\":\"https:\/\/genekas24.ee\/toode\/itcpower-gg50xei-5kw-bensiinimootoriga-inverter-elektrigeneraator\/#primaryimage\",\"url\":\"https:\/\/genekas24.ee\/wp-content\/uploads\/2026\/01\/7725-500x500-1.jpeg\",\"contentUrl\":\"https:\/\/genekas24.ee\/wp-content\/uploads\/2026\/01\/7725-500x500-1.jpeg\",\"width\":500,\"height\":500},{\"@type\":\"BreadcrumbList\",\"@id\":\"https:\/\/genekas24.ee\/toode\/itcpower-gg50xei-5kw-bensiinimootoriga-inverter-elektrigeneraator\/#breadcrumb\",\"itemListElement\":[{\"@type\":\"ListItem\",\"position\":1,\"name\":\"Home\",\"item\":\"https:\/\/genekas24.ee\/\"},{\"@type\":\"ListItem\",\"position\":2,\"name\":\"Pood\",\"item\":\"https:\/\/genekas24.ee\/pood\/\"},{\"@type\":\"ListItem\",\"position\":3,\"name\":\"ITCPOWER GG50XEi 5kW bensiinimootoriga inverter-elektrigeneraator\"}]},{\"@type\":\"WebSite\",\"@id\":\"https:\/\/genekas24.ee\/#website\",\"url\":\"https:\/\/genekas24.ee\/\",\"name\":\"Genekas24\",\"description\":\"Generaatorid | K&ouml;nner S&ouml;hnen tooted | Genekas24\",\"publisher\":{\"@id\":\"https:\/\/genekas24.ee\/#organization\"},\"potentialAction\":[{\"@type\":\"SearchAction\",\"target\":{\"@type\":\"EntryPoint\",\"urlTemplate\":\"https:\/\/genekas24.ee\/?s={search_term_string}\"},\"query-input\":{\"@type\":\"PropertyValueSpecification\",\"valueRequired\":true,\"valueName\":\"search_term_string\"}}],\"inLanguage\":\"fi\"},{\"@type\":\"Organization\",\"@id\":\"https:\/\/genekas24.ee\/#organization\",\"name\":\"Genekas24\",\"url\":\"https:\/\/genekas24.ee\/\",\"logo\":{\"@type\":\"ImageObject\",\"inLanguage\":\"fi\",\"@id\":\"https:\/\/genekas24.ee\/#\/schema\/logo\/image\/\",\"url\":\"https:\/\/genekas24.ee\/wp-content\/uploads\/2026\/01\/genekas24-logo_black.svg\",\"contentUrl\":\"https:\/\/genekas24.ee\/wp-content\/uploads\/2026\/01\/genekas24-logo_black.svg\",\"width\":840,\"height\":131,\"caption\":\"Genekas24\"},\"image\":{\"@id\":\"https:\/\/genekas24.ee\/#\/schema\/logo\/image\/\"}}]}<\/script>\n<!-- \/ Yoast SEO plugin. -->","yoast_head_json":{"title":"ITCPOWER GG50XEi 5kW bensiinimootoriga inverter-elektrigeneraator - Genekas24","robots":{"index":"index","follow":"follow","max-snippet":"max-snippet:-1","max-image-preview":"max-image-preview:large","max-video-preview":"max-video-preview:-1"},"canonical":"https:\/\/genekas24.ee\/fi\/tuote\/itcpower-gg50xei-5kw-bensiinimootoriga-inverter-elektrigeneraator\/","og_locale":"fi_FI","og_type":"article","og_title":"ITCPOWER GG50XEi 5kW bensiinimootoriga inverter-elektrigeneraator - Genekas24","og_description":"Mudel GG50XEi   Pinge 230 V   Maksimaalne v\u00f5imsus 5000 W   Nimiv\u00f5imsus 4500 W   Sagedus 50 Hz   Voolutugevus 17,4 A   K\u00fctus Bensiin   K\u00fctusepaagi maht 15 l   V\u00e4ljundid 2 \u00d7 16 A   Alalisvoolu v\u00e4ljund 12 V \/ 5 A   Aku Jah   K\u00e4ivitus Manuaalne \/ elektriline   Generaatori t\u00fc\u00fcp Inverter   Generaatori pinge reguleerimine Elektrooniline   V\u00f5imsustegur 1   M\u00fcratase (7 m) 68 dBA   LWA m\u00fcratase 93 dBA   Mootori mudel IC220   Mootori t\u00f6\u00f6maht 223 cm\u00b3   Mootori v\u00f5imsus 7,5 hj   P\u00f6\u00f6rded 3000 p\/min   \u00d5limaht 0,75 l   Madala \u00f5litaseme alarm Jah   Ekraan Jah   Rattad Jah   T\u00f6\u00f6aeg 12 \u2013 6,5 tundi   Netokaal 38 kg   T\u00e4ismass 41 kg   Toote m\u00f5\u00f5tmed 54 \u00d7 45 \u00d7 51,1 cm   Karbi m\u00f5\u00f5tmed 56 \u00d7 47 \u00d7 53 cm","og_url":"https:\/\/genekas24.ee\/fi\/tuote\/itcpower-gg50xei-5kw-bensiinimootoriga-inverter-elektrigeneraator\/","og_site_name":"Genekas24","og_image":[{"width":500,"height":500,"url":"https:\/\/genekas24.ee\/wp-content\/uploads\/2026\/01\/7725-500x500-1.jpeg","type":"image\/jpeg"}],"twitter_card":"summary_large_image","twitter_misc":{"Arvioitu lukuaika":"2 minuuttia"},"schema":{"@context":"https:\/\/schema.org","@graph":[{"@type":"WebPage","@id":"https:\/\/genekas24.ee\/toode\/itcpower-gg50xei-5kw-bensiinimootoriga-inverter-elektrigeneraator\/","url":"https:\/\/genekas24.ee\/toode\/itcpower-gg50xei-5kw-bensiinimootoriga-inverter-elektrigeneraator\/","name":"ITCPOWER GG50XEi 5kW bensiinimootoriga inverter-elektrigeneraator - Genekas24","isPartOf":{"@id":"https:\/\/genekas24.ee\/#website"},"primaryImageOfPage":{"@id":"https:\/\/genekas24.ee\/toode\/itcpower-gg50xei-5kw-bensiinimootoriga-inverter-elektrigeneraator\/#primaryimage"},"image":{"@id":"https:\/\/genekas24.ee\/toode\/itcpower-gg50xei-5kw-bensiinimootoriga-inverter-elektrigeneraator\/#primaryimage"},"thumbnailUrl":"https:\/\/genekas24.ee\/wp-content\/uploads\/2026\/01\/7725-500x500-1.jpeg","datePublished":"2026-01-15T13:52:14+00:00","breadcrumb":{"@id":"https:\/\/genekas24.ee\/toode\/itcpower-gg50xei-5kw-bensiinimootoriga-inverter-elektrigeneraator\/#breadcrumb"},"inLanguage":"fi","potentialAction":[{"@type":"ReadAction","target":["https:\/\/genekas24.ee\/toode\/itcpower-gg50xei-5kw-bensiinimootoriga-inverter-elektrigeneraator\/"]}]},{"@type":"ImageObject","inLanguage":"fi","@id":"https:\/\/genekas24.ee\/toode\/itcpower-gg50xei-5kw-bensiinimootoriga-inverter-elektrigeneraator\/#primaryimage","url":"https:\/\/genekas24.ee\/wp-content\/uploads\/2026\/01\/7725-500x500-1.jpeg","contentUrl":"https:\/\/genekas24.ee\/wp-content\/uploads\/2026\/01\/7725-500x500-1.jpeg","width":500,"height":500},{"@type":"BreadcrumbList","@id":"https:\/\/genekas24.ee\/toode\/itcpower-gg50xei-5kw-bensiinimootoriga-inverter-elektrigeneraator\/#breadcrumb","itemListElement":[{"@type":"ListItem","position":1,"name":"Home","item":"https:\/\/genekas24.ee\/"},{"@type":"ListItem","position":2,"name":"Pood","item":"https:\/\/genekas24.ee\/pood\/"},{"@type":"ListItem","position":3,"name":"ITCPOWER GG50XEi 5kW bensiinimootoriga inverter-elektrigeneraator"}]},{"@type":"WebSite","@id":"https:\/\/genekas24.ee\/#website","url":"https:\/\/genekas24.ee\/","name":"Genekas24","description":"Generaatorid | K&ouml;nner S&ouml;hnen tooted | Genekas24","publisher":{"@id":"https:\/\/genekas24.ee\/#organization"},"potentialAction":[{"@type":"SearchAction","target":{"@type":"EntryPoint","urlTemplate":"https:\/\/genekas24.ee\/?s={search_term_string}"},"query-input":{"@type":"PropertyValueSpecification","valueRequired":true,"valueName":"search_term_string"}}],"inLanguage":"fi"},{"@type":"Organization","@id":"https:\/\/genekas24.ee\/#organization","name":"Genekas24","url":"https:\/\/genekas24.ee\/","logo":{"@type":"ImageObject","inLanguage":"fi","@id":"https:\/\/genekas24.ee\/#\/schema\/logo\/image\/","url":"https:\/\/genekas24.ee\/wp-content\/uploads\/2026\/01\/genekas24-logo_black.svg","contentUrl":"https:\/\/genekas24.ee\/wp-content\/uploads\/2026\/01\/genekas24-logo_black.svg","width":840,"height":131,"caption":"Genekas24"},"image":{"@id":"https:\/\/genekas24.ee\/#\/schema\/logo\/image\/"}}]}},"_links":{"self":[{"href":"https:\/\/genekas24.ee\/fi\/wp-json\/wp\/v2\/product\/22701","targetHints":{"allow":["GET"]}}],"collection":[{"href":"https:\/\/genekas24.ee\/fi\/wp-json\/wp\/v2\/product"}],"about":[{"href":"https:\/\/genekas24.ee\/fi\/wp-json\/wp\/v2\/types\/product"}],"version-history":[{"count":2,"href":"https:\/\/genekas24.ee\/fi\/wp-json\/wp\/v2\/product\/22701\/revisions"}],"predecessor-version":[{"id":22786,"href":"https:\/\/genekas24.ee\/fi\/wp-json\/wp\/v2\/product\/22701\/revisions\/22786"}],"wp:featuredmedia":[{"embeddable":true,"href":"https:\/\/genekas24.ee\/fi\/wp-json\/wp\/v2\/media\/22702"}],"wp:attachment":[{"href":"https:\/\/genekas24.ee\/fi\/wp-json\/wp\/v2\/media?parent=22701"}],"wp:term":[{"taxonomy":"product_brand","embeddable":true,"href":"https:\/\/genekas24.ee\/fi\/wp-json\/wp\/v2\/product_brand?post=22701"},{"taxonomy":"product_cat","embeddable":true,"href":"https:\/\/genekas24.ee\/fi\/wp-json\/wp\/v2\/product_cat?post=22701"},{"taxonomy":"product_tag","embeddable":true,"href":"https:\/\/genekas24.ee\/fi\/wp-json\/wp\/v2\/product_tag?post=22701"}],"curies":[{"name":"wp","href":"https:\/\/api.w.org\/{rel}","templated":true}]}}