{"id":22685,"date":"2026-01-15T14:43:03","date_gmt":"2026-01-15T14:43:03","guid":{"rendered":"https:\/\/genekas24.ee\/?post_type=product&#038;p=22685"},"modified":"2026-01-22T12:11:11","modified_gmt":"2026-01-22T12:11:11","slug":"itcpower-gg40xei-3500w-230v-invertergeneraator","status":"publish","type":"product","link":"https:\/\/genekas24.ee\/fi\/tuote\/itcpower-gg40xei-3500w-230v-invertergeneraator\/","title":{"rendered":"ITCPOWER GG40XEi 3500W 230V invertergeneraator"},"content":{"rendered":"<p style=\"font-weight: 400;\">ITCPOWER GG40XEi invertergeneraator on kompaktne ja \u00f6konoomne ITCPOWERi generaator. GG40XEi pakub maksimaalset v\u00e4ljundv\u00f5imsust 3900W ja 3500W pidevat t\u00f6\u00f6d. Lisaks saab GG40XEi k\u00e4ivitada k\u00e4sitsi v\u00f5i elektriliselt!<\/p>\n<p style=\"font-weight: 400;\"><strong>Invertertehnoloogia<\/strong><\/p>\n<p style=\"font-weight: 400;\">ITCPOWERi inverteri invertertehnoloogia ei paku mitte ainult energiat, vaid on ka lihtne, stabiilne ja usaldusv\u00e4\u00e4rne energiaallikas. Enam pole vaja muretseda pingek\u00f5ikumiste p\u00e4rast, mis v\u00f5ivad teie tundlikku elektroonikat kahjustada: meie generaator pakub teile vajalikku t\u00e4psust.<\/p>\n<p style=\"font-weight: 400;\"><strong>Kompaktne<\/strong><\/p>\n<p style=\"font-weight: 400;\">Olenemata sellest, kas te telkite looduses, naudite looduspuhkust, t\u00f6\u00f6tate kaugel ehitusplatsil v\u00f5i soovite lihtsalt olla valmis h\u00e4daolukordadeks, on meie bensiinimootoriga invertergeneraator teie ustav kaaslane. K\u00f5ik meie inverterid on kaasaskantava\/mobiilse disainiga, sealhulgas rataste ja\/v\u00f5i k\u00e4epidemetega, ning kergete materjalide kasutamisega, mis muudab nende liigutamise k\u00f5ikjale lihtsaks. L\u00fchidalt, k\u00e4ep\u00e4rane ja kompaktne masin!<\/p>\n<p style=\"font-weight: 400;\"><strong>M\u00fcra<\/strong><\/p>\n<p style=\"font-weight: 400;\">K\u00f5igi meie invertergeneraatorite peamine omadus on m\u00fcraemissioon. Masinad on ehitatud detsibellide minimeerimiseks, kasutades sobivat isolatsiooni, katet ja summuteid. See tagab, et m\u00fcra ei tundu h\u00e4irivana.<\/p>\n<p style=\"font-weight: 400;\"><strong>K\u00fctus ja \u00f5li\u00a0<\/strong><\/p>\n<p style=\"font-weight: 400;\">Meie usaldusv\u00e4\u00e4rsed ITCPOWER inverterid t\u00f6\u00f6tavad standardvarustuses bensiini\/k\u00fctusega. Olenemata sellest, kas tegemist on Euro 95\/98\/Aspeni v\u00f5i Oecokrafti k\u00fctusega, pole vahet, peaasi, et see oleks puhas. M\u00f5ned mudelid on varustatud LPG-\u00fchendusega, kui see on m\u00e4rgitud (DF\/DUAL FUEL). Igal juhul ei pea te muretsema keeruliste k\u00fctusesegude ega raskesti leitavate k\u00fctuste p\u00e4rast. Lisaks on k\u00f5ik meie bensiiniinverterid v\u00e4ga k\u00fctuses\u00e4\u00e4stlikud ja saate t\u00e4ispaagiga pikka aega v\u00f5imsust nautida<\/p>","protected":false},"excerpt":{"rendered":"<table style=\"width: 89.7758%;\">\n<tbody>\n<tr>\n<td style=\"width: 46.2775%;\">Pidevv\u00f5imsus<\/td>\n<td style=\"width: 217.409%;\">3500 W \/ 3,5 kW<\/td>\n<\/tr>\n<tr>\n<td style=\"width: 46.2775%;\">Maksimaalne v\u00f5imsus<\/td>\n<td style=\"width: 217.409%;\">3900 W \/ 3,9 kW<\/td>\n<\/tr>\n<tr>\n<td style=\"width: 46.2775%;\">Taajuus<\/td>\n<td style=\"width: 217.409%;\">50 Hz<\/td>\n<\/tr>\n<tr>\n<td style=\"width: 46.2775%;\">J\u00e4nnite<\/td>\n<td style=\"width: 217.409%;\">230 V<\/td>\n<\/tr>\n<tr>\n<td style=\"width: 46.2775%;\">Toitepesa<\/td>\n<td style=\"width: 217.409%;\">2 \u00d7 16 A<\/td>\n<\/tr>\n<tr>\n<td style=\"width: 46.2775%;\">Alalisvoolu v\u00e4ljund<\/td>\n<td style=\"width: 217.409%;\">12 V \/ 5 A<\/td>\n<\/tr>\n<tr>\n<td style=\"width: 46.2775%;\">Aku<\/td>\n<td style=\"width: 217.409%;\">Ei<\/td>\n<\/tr>\n<tr>\n<td style=\"width: 46.2775%;\">Alalisvoolu voolutugevus<\/td>\n<td style=\"width: 217.409%;\">17,4 A<\/td>\n<\/tr>\n<tr>\n<td style=\"width: 46.2775%;\">K\u00fctusepaak<\/td>\n<td style=\"width: 217.409%;\">15 liitrit<\/td>\n<\/tr>\n<tr>\n<td style=\"width: 46.2775%;\">K\u00fctus<\/td>\n<td style=\"width: 217.409%;\">Bensiin<\/td>\n<\/tr>\n<tr>\n<td style=\"width: 46.2775%;\">K\u00e4ivitus<\/td>\n<td style=\"width: 217.409%;\">Manuaalne ja elektriline<\/td>\n<\/tr>\n<tr>\n<td style=\"width: 46.2775%;\">ATS valmidus<\/td>\n<td style=\"width: 217.409%;\">Jah<\/td>\n<\/tr>\n<tr>\n<td style=\"width: 46.2775%;\">M\u00fcratase (7 m)<\/td>\n<td style=\"width: 217.409%;\">73 dBA<\/td>\n<\/tr>\n<tr>\n<td style=\"width: 46.2775%;\">Mootor<\/td>\n<td style=\"width: 217.409%;\">IC220 \u2013 7,5 hj<\/td>\n<\/tr>\n<tr>\n<td style=\"width: 46.2775%;\">Mootori t\u00f6\u00f6maht<\/td>\n<td style=\"width: 217.409%;\">223 cm\u00b3<\/td>\n<\/tr>\n<tr>\n<td style=\"width: 46.2775%;\">\u00d5lialarm<\/td>\n<td style=\"width: 217.409%;\">Jah<\/td>\n<\/tr>\n<tr>\n<td style=\"width: 46.2775%;\">\u00dclekoormuse indikaator<\/td>\n<td style=\"width: 217.409%;\">Jah<\/td>\n<\/tr>\n<tr>\n<td style=\"width: 46.2775%;\">Netokaal<\/td>\n<td style=\"width: 217.409%;\">41 kg<\/td>\n<\/tr>\n<tr>\n<td style=\"width: 46.2775%;\">Kasti m\u00f5\u00f5tmed<\/td>\n<td style=\"width: 217.409%;\">590 \u00d7 450 \u00d7 520 mm<\/td>\n<\/tr>\n<\/tbody>\n<\/table>","protected":false},"featured_media":22686,"template":"","meta":{"_acf_changed":false,"inline_featured_image":false},"product_brand":[],"product_cat":[94,23],"product_tag":[],"class_list":{"0":"post-22685","1":"product","2":"type-product","3":"status-publish","4":"has-post-thumbnail","6":"product_cat-generaatorid","7":"product_cat-invertergeneraatorid","8":"product_shipping_class-poolalus","9":"brand-itcpower","11":"first","12":"instock","13":"taxable","14":"shipping-taxable","15":"purchasable","16":"product-type-simple"},"acf":[],"yoast_head":"<!-- This site is optimized with the Yoast SEO plugin v27.2 - https:\/\/yoast.com\/product\/yoast-seo-wordpress\/ -->\n<title>ITCPOWER GG40XEi 3500W 230V invertergeneraator - Genekas24<\/title>\n<meta name=\"robots\" content=\"index, follow, max-snippet:-1, max-image-preview:large, max-video-preview:-1\" \/>\n<link rel=\"canonical\" href=\"https:\/\/genekas24.ee\/fi\/tuote\/itcpower-gg40xei-3500w-230v-invertergeneraator\/\" \/>\n<meta property=\"og:locale\" content=\"fi_FI\" \/>\n<meta property=\"og:type\" content=\"article\" \/>\n<meta property=\"og:title\" content=\"ITCPOWER GG40XEi 3500W 230V invertergeneraator - Genekas24\" \/>\n<meta property=\"og:description\" content=\"Pidevv\u00f5imsus 3500 W \/ 3,5 kW   Maksimaalne v\u00f5imsus 3900 W \/ 3,9 kW   Sagedus 50 Hz   Pinge 230 V   Toitepesa 2 \u00d7 16 A   Alalisvoolu v\u00e4ljund 12 V \/ 5 A   Aku Ei   Alalisvoolu voolutugevus 17,4 A   K\u00fctusepaak 15 liitrit   K\u00fctus Bensiin   K\u00e4ivitus Manuaalne ja elektriline   ATS valmidus Jah   M\u00fcratase (7 m) 73 dBA   Mootor IC220 \u2013 7,5 hj   Mootori t\u00f6\u00f6maht 223 cm\u00b3   \u00d5lialarm Jah   \u00dclekoormuse indikaator Jah   Netokaal 41 kg   Kasti m\u00f5\u00f5tmed 590 \u00d7 450 \u00d7 520 mm\" \/>\n<meta property=\"og:url\" content=\"https:\/\/genekas24.ee\/fi\/tuote\/itcpower-gg40xei-3500w-230v-invertergeneraator\/\" \/>\n<meta property=\"og:site_name\" content=\"Genekas24\" \/>\n<meta property=\"article:modified_time\" content=\"2026-01-22T12:11:11+00:00\" \/>\n<meta property=\"og:image\" content=\"https:\/\/genekas24.ee\/wp-content\/uploads\/2026\/01\/3856-500x500-1.jpeg\" \/>\n\t<meta property=\"og:image:width\" content=\"500\" \/>\n\t<meta property=\"og:image:height\" content=\"500\" \/>\n\t<meta property=\"og:image:type\" content=\"image\/jpeg\" \/>\n<meta name=\"twitter:card\" content=\"summary_large_image\" \/>\n<meta name=\"twitter:label1\" content=\"Arvioitu lukuaika\" \/>\n\t<meta name=\"twitter:data1\" content=\"2 minuuttia\" \/>\n<script type=\"application\/ld+json\" class=\"yoast-schema-graph\">{\"@context\":\"https:\/\/schema.org\",\"@graph\":[{\"@type\":\"WebPage\",\"@id\":\"https:\/\/genekas24.ee\/toode\/itcpower-gg40xei-3500w-230v-invertergeneraator\/\",\"url\":\"https:\/\/genekas24.ee\/toode\/itcpower-gg40xei-3500w-230v-invertergeneraator\/\",\"name\":\"ITCPOWER GG40XEi 3500W 230V invertergeneraator - Genekas24\",\"isPartOf\":{\"@id\":\"https:\/\/genekas24.ee\/#website\"},\"primaryImageOfPage\":{\"@id\":\"https:\/\/genekas24.ee\/toode\/itcpower-gg40xei-3500w-230v-invertergeneraator\/#primaryimage\"},\"image\":{\"@id\":\"https:\/\/genekas24.ee\/toode\/itcpower-gg40xei-3500w-230v-invertergeneraator\/#primaryimage\"},\"thumbnailUrl\":\"https:\/\/genekas24.ee\/wp-content\/uploads\/2026\/01\/3856-500x500-1.jpeg\",\"datePublished\":\"2026-01-15T14:43:03+00:00\",\"dateModified\":\"2026-01-22T12:11:11+00:00\",\"breadcrumb\":{\"@id\":\"https:\/\/genekas24.ee\/toode\/itcpower-gg40xei-3500w-230v-invertergeneraator\/#breadcrumb\"},\"inLanguage\":\"fi\",\"potentialAction\":[{\"@type\":\"ReadAction\",\"target\":[\"https:\/\/genekas24.ee\/toode\/itcpower-gg40xei-3500w-230v-invertergeneraator\/\"]}]},{\"@type\":\"ImageObject\",\"inLanguage\":\"fi\",\"@id\":\"https:\/\/genekas24.ee\/toode\/itcpower-gg40xei-3500w-230v-invertergeneraator\/#primaryimage\",\"url\":\"https:\/\/genekas24.ee\/wp-content\/uploads\/2026\/01\/3856-500x500-1.jpeg\",\"contentUrl\":\"https:\/\/genekas24.ee\/wp-content\/uploads\/2026\/01\/3856-500x500-1.jpeg\",\"width\":500,\"height\":500},{\"@type\":\"BreadcrumbList\",\"@id\":\"https:\/\/genekas24.ee\/toode\/itcpower-gg40xei-3500w-230v-invertergeneraator\/#breadcrumb\",\"itemListElement\":[{\"@type\":\"ListItem\",\"position\":1,\"name\":\"Home\",\"item\":\"https:\/\/genekas24.ee\/\"},{\"@type\":\"ListItem\",\"position\":2,\"name\":\"Pood\",\"item\":\"https:\/\/genekas24.ee\/pood\/\"},{\"@type\":\"ListItem\",\"position\":3,\"name\":\"ITCPOWER GG40XEi 3500W 230V invertergeneraator\"}]},{\"@type\":\"WebSite\",\"@id\":\"https:\/\/genekas24.ee\/#website\",\"url\":\"https:\/\/genekas24.ee\/\",\"name\":\"Genekas24\",\"description\":\"Generaatorid | K&ouml;nner S&ouml;hnen tooted | Genekas24\",\"publisher\":{\"@id\":\"https:\/\/genekas24.ee\/#organization\"},\"potentialAction\":[{\"@type\":\"SearchAction\",\"target\":{\"@type\":\"EntryPoint\",\"urlTemplate\":\"https:\/\/genekas24.ee\/?s={search_term_string}\"},\"query-input\":{\"@type\":\"PropertyValueSpecification\",\"valueRequired\":true,\"valueName\":\"search_term_string\"}}],\"inLanguage\":\"fi\"},{\"@type\":\"Organization\",\"@id\":\"https:\/\/genekas24.ee\/#organization\",\"name\":\"Genekas24\",\"url\":\"https:\/\/genekas24.ee\/\",\"logo\":{\"@type\":\"ImageObject\",\"inLanguage\":\"fi\",\"@id\":\"https:\/\/genekas24.ee\/#\/schema\/logo\/image\/\",\"url\":\"https:\/\/genekas24.ee\/wp-content\/uploads\/2026\/01\/genekas24-logo_black.svg\",\"contentUrl\":\"https:\/\/genekas24.ee\/wp-content\/uploads\/2026\/01\/genekas24-logo_black.svg\",\"width\":840,\"height\":131,\"caption\":\"Genekas24\"},\"image\":{\"@id\":\"https:\/\/genekas24.ee\/#\/schema\/logo\/image\/\"}}]}<\/script>\n<!-- \/ Yoast SEO plugin. -->","yoast_head_json":{"title":"ITCPOWER GG40XEi 3500W 230V invertergeneraator - Genekas24","robots":{"index":"index","follow":"follow","max-snippet":"max-snippet:-1","max-image-preview":"max-image-preview:large","max-video-preview":"max-video-preview:-1"},"canonical":"https:\/\/genekas24.ee\/fi\/tuote\/itcpower-gg40xei-3500w-230v-invertergeneraator\/","og_locale":"fi_FI","og_type":"article","og_title":"ITCPOWER GG40XEi 3500W 230V invertergeneraator - Genekas24","og_description":"Pidevv\u00f5imsus 3500 W \/ 3,5 kW   Maksimaalne v\u00f5imsus 3900 W \/ 3,9 kW   Sagedus 50 Hz   Pinge 230 V   Toitepesa 2 \u00d7 16 A   Alalisvoolu v\u00e4ljund 12 V \/ 5 A   Aku Ei   Alalisvoolu voolutugevus 17,4 A   K\u00fctusepaak 15 liitrit   K\u00fctus Bensiin   K\u00e4ivitus Manuaalne ja elektriline   ATS valmidus Jah   M\u00fcratase (7 m) 73 dBA   Mootor IC220 \u2013 7,5 hj   Mootori t\u00f6\u00f6maht 223 cm\u00b3   \u00d5lialarm Jah   \u00dclekoormuse indikaator Jah   Netokaal 41 kg   Kasti m\u00f5\u00f5tmed 590 \u00d7 450 \u00d7 520 mm","og_url":"https:\/\/genekas24.ee\/fi\/tuote\/itcpower-gg40xei-3500w-230v-invertergeneraator\/","og_site_name":"Genekas24","article_modified_time":"2026-01-22T12:11:11+00:00","og_image":[{"width":500,"height":500,"url":"https:\/\/genekas24.ee\/wp-content\/uploads\/2026\/01\/3856-500x500-1.jpeg","type":"image\/jpeg"}],"twitter_card":"summary_large_image","twitter_misc":{"Arvioitu lukuaika":"2 minuuttia"},"schema":{"@context":"https:\/\/schema.org","@graph":[{"@type":"WebPage","@id":"https:\/\/genekas24.ee\/toode\/itcpower-gg40xei-3500w-230v-invertergeneraator\/","url":"https:\/\/genekas24.ee\/toode\/itcpower-gg40xei-3500w-230v-invertergeneraator\/","name":"ITCPOWER GG40XEi 3500W 230V invertergeneraator - Genekas24","isPartOf":{"@id":"https:\/\/genekas24.ee\/#website"},"primaryImageOfPage":{"@id":"https:\/\/genekas24.ee\/toode\/itcpower-gg40xei-3500w-230v-invertergeneraator\/#primaryimage"},"image":{"@id":"https:\/\/genekas24.ee\/toode\/itcpower-gg40xei-3500w-230v-invertergeneraator\/#primaryimage"},"thumbnailUrl":"https:\/\/genekas24.ee\/wp-content\/uploads\/2026\/01\/3856-500x500-1.jpeg","datePublished":"2026-01-15T14:43:03+00:00","dateModified":"2026-01-22T12:11:11+00:00","breadcrumb":{"@id":"https:\/\/genekas24.ee\/toode\/itcpower-gg40xei-3500w-230v-invertergeneraator\/#breadcrumb"},"inLanguage":"fi","potentialAction":[{"@type":"ReadAction","target":["https:\/\/genekas24.ee\/toode\/itcpower-gg40xei-3500w-230v-invertergeneraator\/"]}]},{"@type":"ImageObject","inLanguage":"fi","@id":"https:\/\/genekas24.ee\/toode\/itcpower-gg40xei-3500w-230v-invertergeneraator\/#primaryimage","url":"https:\/\/genekas24.ee\/wp-content\/uploads\/2026\/01\/3856-500x500-1.jpeg","contentUrl":"https:\/\/genekas24.ee\/wp-content\/uploads\/2026\/01\/3856-500x500-1.jpeg","width":500,"height":500},{"@type":"BreadcrumbList","@id":"https:\/\/genekas24.ee\/toode\/itcpower-gg40xei-3500w-230v-invertergeneraator\/#breadcrumb","itemListElement":[{"@type":"ListItem","position":1,"name":"Home","item":"https:\/\/genekas24.ee\/"},{"@type":"ListItem","position":2,"name":"Pood","item":"https:\/\/genekas24.ee\/pood\/"},{"@type":"ListItem","position":3,"name":"ITCPOWER GG40XEi 3500W 230V invertergeneraator"}]},{"@type":"WebSite","@id":"https:\/\/genekas24.ee\/#website","url":"https:\/\/genekas24.ee\/","name":"Genekas24","description":"Generaatorid | K&ouml;nner S&ouml;hnen tooted | Genekas24","publisher":{"@id":"https:\/\/genekas24.ee\/#organization"},"potentialAction":[{"@type":"SearchAction","target":{"@type":"EntryPoint","urlTemplate":"https:\/\/genekas24.ee\/?s={search_term_string}"},"query-input":{"@type":"PropertyValueSpecification","valueRequired":true,"valueName":"search_term_string"}}],"inLanguage":"fi"},{"@type":"Organization","@id":"https:\/\/genekas24.ee\/#organization","name":"Genekas24","url":"https:\/\/genekas24.ee\/","logo":{"@type":"ImageObject","inLanguage":"fi","@id":"https:\/\/genekas24.ee\/#\/schema\/logo\/image\/","url":"https:\/\/genekas24.ee\/wp-content\/uploads\/2026\/01\/genekas24-logo_black.svg","contentUrl":"https:\/\/genekas24.ee\/wp-content\/uploads\/2026\/01\/genekas24-logo_black.svg","width":840,"height":131,"caption":"Genekas24"},"image":{"@id":"https:\/\/genekas24.ee\/#\/schema\/logo\/image\/"}}]}},"_links":{"self":[{"href":"https:\/\/genekas24.ee\/fi\/wp-json\/wp\/v2\/product\/22685","targetHints":{"allow":["GET"]}}],"collection":[{"href":"https:\/\/genekas24.ee\/fi\/wp-json\/wp\/v2\/product"}],"about":[{"href":"https:\/\/genekas24.ee\/fi\/wp-json\/wp\/v2\/types\/product"}],"version-history":[{"count":5,"href":"https:\/\/genekas24.ee\/fi\/wp-json\/wp\/v2\/product\/22685\/revisions"}],"predecessor-version":[{"id":22824,"href":"https:\/\/genekas24.ee\/fi\/wp-json\/wp\/v2\/product\/22685\/revisions\/22824"}],"wp:featuredmedia":[{"embeddable":true,"href":"https:\/\/genekas24.ee\/fi\/wp-json\/wp\/v2\/media\/22686"}],"wp:attachment":[{"href":"https:\/\/genekas24.ee\/fi\/wp-json\/wp\/v2\/media?parent=22685"}],"wp:term":[{"taxonomy":"product_brand","embeddable":true,"href":"https:\/\/genekas24.ee\/fi\/wp-json\/wp\/v2\/product_brand?post=22685"},{"taxonomy":"product_cat","embeddable":true,"href":"https:\/\/genekas24.ee\/fi\/wp-json\/wp\/v2\/product_cat?post=22685"},{"taxonomy":"product_tag","embeddable":true,"href":"https:\/\/genekas24.ee\/fi\/wp-json\/wp\/v2\/product_tag?post=22685"}],"curies":[{"name":"wp","href":"https:\/\/api.w.org\/{rel}","templated":true}]}}