{"id":22639,"date":"2026-04-08T17:01:14","date_gmt":"2026-04-08T17:01:14","guid":{"rendered":"https:\/\/genekas24.ee\/?post_type=product&#038;p=22639"},"modified":"2026-04-08T17:01:15","modified_gmt":"2026-04-08T17:01:15","slug":"itcpower-gg3300f-3kw-bensiini-elektrigeneraator","status":"publish","type":"product","link":"https:\/\/genekas24.ee\/fi\/tuote\/itcpower-gg3300f-3kw-bensiini-elektrigeneraator\/","title":{"rendered":"ITCPower GG3300F 3kw bensiini elektrigeneraator"},"content":{"rendered":"<p style=\"font-weight: 400;\">3 kW maksimaalse v\u00f5imsusega bensiinigeneraator terasest \u0161assii ja k\u00e4sitsi k\u00e4ivitamisega. Ideaalne koduseks kasutamiseks elektrikatkestuste korral.<\/p>\n<p style=\"font-weight: 400;\">Bensiinimootoriga elektrigeneraator 4-taktilise OHV mootori ja suure k\u00fctusepaagiga pikema t\u00f6\u00f6aja tagamiseks. Sellel on AVR-pinge regulaator stabiilsema v\u00e4ljundvoolu tagamiseks, \u00fclisuur v\u00e4ljalaskes\u00fcsteem m\u00fcrataseme v\u00e4hendamiseks ja mootori\u00f5li alarm automaatseks v\u00e4ljal\u00fclitamiseks madala \u00f5litaseme korral.<\/p>\n<p style=\"font-weight: 400;\">Bensiinigeneraatorid sobivad laiaks kasutusalaks: need saavad toita elektrilisi t\u00f6\u00f6riistu ehitusplatsidel v\u00f5i t\u00f6\u00f6platsidel, kus tavap\u00e4rane elekter pole saadaval, ja pakuvad isegi varutoidet h\u00e4daolukordades.<\/p>\n<p style=\"font-weight: 400;\"><strong>\u00a0Oluline soovitus:<\/strong><\/p>\n<p style=\"font-weight: 400;\">Generaatori optimaalse j\u00f5udluse tagamiseks ja selle eluea pikendamiseks on soovitatav seda kasutada mitte rohkem kui 4 j\u00e4rjestikuse tunni pikkuste t\u00f6\u00f6intervallidega, v\u00f5imaldades regulaarseid pause jahutamiseks ja vedeliku taseme (\u00f5li, k\u00fctus jne) kontrollimiseks.<\/p>\n<p style=\"font-weight: 400;\"><strong>Tehniline meeldetuletus:<\/strong><\/p>\n<p style=\"font-weight: 400;\">Enne mis tahes seadme \u00fchendamist on oluline arvutada vajalik koguv\u00f5imsus. Mootoriga masinate (nt kompressorite, pumpade v\u00f5i elektrit\u00f6\u00f6riistade) puhul pidage meeles, et need v\u00f5ivad k\u00e4ivitamisel vajada kuni kolm korda rohkem v\u00f5imsust. Koormuse \u00f5ige planeerimine hoiab \u00e4ra generaatori \u00fclekoormuse ja tagab ohutu t\u00f6\u00f6.<\/p>","protected":false},"excerpt":{"rendered":"<table>\n<tbody>\n<tr>\n<td>J\u00e4nnite<\/td>\n<td>230 V<\/td>\n<\/tr>\n<tr>\n<td>Maksimaalne v\u00f5imsus<\/td>\n<td>3000 W<\/td>\n<\/tr>\n<tr>\n<td>Nimiv\u00f5imsus<\/td>\n<td>2800 W<\/td>\n<\/tr>\n<tr>\n<td>Nimivool<\/td>\n<td>12 A<\/td>\n<\/tr>\n<tr>\n<td>Taajuus<\/td>\n<td>50 Hz<\/td>\n<\/tr>\n<tr>\n<td>N\u00e4ytt\u00f6<\/td>\n<td>Analoog<\/td>\n<\/tr>\n<tr>\n<td>Aku<\/td>\n<td>Ei<\/td>\n<\/tr>\n<tr>\n<td>Alalisvoolu v\u00e4ljund<\/td>\n<td>12 V \/ 8,3 A<\/td>\n<\/tr>\n<tr>\n<td>K\u00fctusepaagi maht<\/td>\n<td>15 L<\/td>\n<\/tr>\n<tr>\n<td>K\u00fctusekulu (50% koormusel)<\/td>\n<td>1,25 L\/h<\/td>\n<\/tr>\n<tr>\n<td>M\u00fcratase (7 m)<\/td>\n<td>69 dBA<\/td>\n<\/tr>\n<tr>\n<td>LWA m\u00fcratase<\/td>\n<td>94 dBA<\/td>\n<\/tr>\n<tr>\n<td>Moottorin malli<\/td>\n<td>LS208<\/td>\n<\/tr>\n<tr>\n<td>Mootori t\u00f6\u00f6maht<\/td>\n<td>208 cm\u00b3<\/td>\n<\/tr>\n<tr>\n<td>Mootori v\u00f5imsus<\/td>\n<td>7 hj<\/td>\n<\/tr>\n<tr>\n<td>\u00d5limaht<\/td>\n<td>0,6 L<\/td>\n<\/tr>\n<tr>\n<td>Generaattori<\/td>\n<td>160 L<\/td>\n<\/tr>\n<tr>\n<td>Generaatori v\u00f5imsus<\/td>\n<td>3 kW<\/td>\n<\/tr>\n<tr>\n<td>V\u00f5imsustegur<\/td>\n<td>1<\/td>\n<\/tr>\n<tr>\n<td>Pinge reguleerimine<\/td>\n<td>Harja \/ AVR<\/td>\n<\/tr>\n<tr>\n<td>Madala \u00f5litaseme alarm<\/td>\n<td>Jah<\/td>\n<\/tr>\n<tr>\n<td>\u00dclekoormuse indikaator<\/td>\n<td>Ei<\/td>\n<\/tr>\n<tr>\n<td>Avariiseiskamisnupp<\/td>\n<td>Ei<\/td>\n<\/tr>\n<tr>\n<td>Vahelduvvoolu v\u00e4ljund<\/td>\n<td>2 \u00d7 16 A<\/td>\n<\/tr>\n<tr>\n<td>T\u00e4iskaal<\/td>\n<td>48 kg<\/td>\n<\/tr>\n<tr>\n<td>Netokaal<\/td>\n<td>45 kg<\/td>\n<\/tr>\n<tr>\n<td>Toote m\u00f5\u00f5tmed<\/td>\n<td>600 \u00d7 435 \u00d7 450 mm<\/td>\n<\/tr>\n<tr>\n<td>Karbi m\u00f5\u00f5tmed<\/td>\n<td>605 \u00d7 445 \u00d7 455 mm<\/td>\n<\/tr>\n<tr>\n<td>K\u00e4ivitusre\u017eiim<\/td>\n<td>Manuaalinen<\/td>\n<\/tr>\n<tr>\n<td>Vool<\/td>\n<td>13 A<\/td>\n<\/tr>\n<tr>\n<td>T\u00f6\u00f6aeg<\/td>\n<td>11 tundi<\/td>\n<\/tr>\n<tr>\n<td>Pikkus \/ Laius \/ K\u00f5rgus<\/td>\n<td>60 \u00d7 45 \u00d7 43 cm<\/td>\n<\/tr>\n<tr>\n<td>Aku kaasas<\/td>\n<td>Ei<\/td>\n<\/tr>\n<\/tbody>\n<\/table>","protected":false},"featured_media":22640,"template":"","meta":{"_acf_changed":false,"inline_featured_image":false},"product_brand":[],"product_cat":[21,94],"product_tag":[],"class_list":{"0":"post-22639","1":"product","2":"type-product","3":"status-publish","4":"has-post-thumbnail","6":"product_cat-bensiinigeneraatorid","7":"product_cat-generaatorid","8":"product_shipping_class-poolalus","9":"brand-itcpower","11":"first","12":"instock","13":"taxable","14":"shipping-taxable","15":"purchasable","16":"product-type-simple"},"acf":[],"yoast_head":"<!-- This site is optimized with the Yoast SEO plugin v27.2 - https:\/\/yoast.com\/product\/yoast-seo-wordpress\/ -->\n<title>ITCPower GG3300F 3kw bensiini elektrigeneraator - Genekas24<\/title>\n<meta name=\"robots\" content=\"index, follow, max-snippet:-1, max-image-preview:large, max-video-preview:-1\" \/>\n<link rel=\"canonical\" href=\"https:\/\/genekas24.ee\/fi\/tuote\/itcpower-gg3300f-3kw-bensiini-elektrigeneraator\/\" \/>\n<meta property=\"og:locale\" content=\"fi_FI\" \/>\n<meta property=\"og:type\" content=\"article\" \/>\n<meta property=\"og:title\" content=\"ITCPower GG3300F 3kw bensiini elektrigeneraator - Genekas24\" \/>\n<meta property=\"og:description\" content=\"Pinge 230 V   Maksimaalne v\u00f5imsus 3000 W   Nimiv\u00f5imsus 2800 W   Nimivool 12 A   Sagedus 50 Hz   Ekraan Analoog   Aku Ei   Alalisvoolu v\u00e4ljund 12 V \/ 8,3 A   K\u00fctusepaagi maht 15 L   K\u00fctusekulu (50% koormusel) 1,25 L\/h   M\u00fcratase (7 m) 69 dBA   LWA m\u00fcratase 94 dBA   Mootori mudel LS208   Mootori t\u00f6\u00f6maht 208 cm\u00b3   Mootori v\u00f5imsus 7 hj   \u00d5limaht 0,6 L   Generaator 160 L   Generaatori v\u00f5imsus 3 kW   V\u00f5imsustegur 1   Pinge reguleerimine Harja \/ AVR   Madala \u00f5litaseme alarm Jah   \u00dclekoormuse indikaator Ei   Avariiseiskamisnupp Ei   Vahelduvvoolu v\u00e4ljund 2 \u00d7 16 A   T\u00e4iskaal 48 kg   Netokaal 45 kg   Toote m\u00f5\u00f5tmed 600 \u00d7 435 \u00d7 450 mm   Karbi m\u00f5\u00f5tmed 605 \u00d7 445 \u00d7 455 mm   K\u00e4ivitusre\u017eiim Manuaalne   Vool 13 A   T\u00f6\u00f6aeg 11 tundi   Pikkus \/ Laius \/ K\u00f5rgus 60 \u00d7 45 \u00d7 43 cm   Aku kaasas Ei\" \/>\n<meta property=\"og:url\" content=\"https:\/\/genekas24.ee\/fi\/tuote\/itcpower-gg3300f-3kw-bensiini-elektrigeneraator\/\" \/>\n<meta property=\"og:site_name\" content=\"Genekas24\" \/>\n<meta property=\"article:modified_time\" content=\"2026-04-08T17:01:15+00:00\" \/>\n<meta property=\"og:image\" content=\"https:\/\/genekas24.ee\/wp-content\/uploads\/2026\/01\/3613-500x500-1.jpeg\" \/>\n\t<meta property=\"og:image:width\" content=\"500\" \/>\n\t<meta property=\"og:image:height\" content=\"500\" \/>\n\t<meta property=\"og:image:type\" content=\"image\/jpeg\" \/>\n<meta name=\"twitter:card\" content=\"summary_large_image\" \/>\n<meta name=\"twitter:label1\" content=\"Arvioitu lukuaika\" \/>\n\t<meta name=\"twitter:data1\" content=\"1 minuutti\" \/>\n<script type=\"application\/ld+json\" class=\"yoast-schema-graph\">{\"@context\":\"https:\/\/schema.org\",\"@graph\":[{\"@type\":\"WebPage\",\"@id\":\"https:\/\/genekas24.ee\/toode\/itcpower-gg3300f-3kw-bensiini-elektrigeneraator\/\",\"url\":\"https:\/\/genekas24.ee\/toode\/itcpower-gg3300f-3kw-bensiini-elektrigeneraator\/\",\"name\":\"ITCPower GG3300F 3kw bensiini elektrigeneraator - Genekas24\",\"isPartOf\":{\"@id\":\"https:\/\/genekas24.ee\/#website\"},\"primaryImageOfPage\":{\"@id\":\"https:\/\/genekas24.ee\/toode\/itcpower-gg3300f-3kw-bensiini-elektrigeneraator\/#primaryimage\"},\"image\":{\"@id\":\"https:\/\/genekas24.ee\/toode\/itcpower-gg3300f-3kw-bensiini-elektrigeneraator\/#primaryimage\"},\"thumbnailUrl\":\"https:\/\/genekas24.ee\/wp-content\/uploads\/2026\/01\/3613-500x500-1.jpeg\",\"datePublished\":\"2026-04-08T17:01:14+00:00\",\"dateModified\":\"2026-04-08T17:01:15+00:00\",\"breadcrumb\":{\"@id\":\"https:\/\/genekas24.ee\/toode\/itcpower-gg3300f-3kw-bensiini-elektrigeneraator\/#breadcrumb\"},\"inLanguage\":\"fi\",\"potentialAction\":[{\"@type\":\"ReadAction\",\"target\":[\"https:\/\/genekas24.ee\/toode\/itcpower-gg3300f-3kw-bensiini-elektrigeneraator\/\"]}]},{\"@type\":\"ImageObject\",\"inLanguage\":\"fi\",\"@id\":\"https:\/\/genekas24.ee\/toode\/itcpower-gg3300f-3kw-bensiini-elektrigeneraator\/#primaryimage\",\"url\":\"https:\/\/genekas24.ee\/wp-content\/uploads\/2026\/01\/3613-500x500-1.jpeg\",\"contentUrl\":\"https:\/\/genekas24.ee\/wp-content\/uploads\/2026\/01\/3613-500x500-1.jpeg\",\"width\":500,\"height\":500},{\"@type\":\"BreadcrumbList\",\"@id\":\"https:\/\/genekas24.ee\/toode\/itcpower-gg3300f-3kw-bensiini-elektrigeneraator\/#breadcrumb\",\"itemListElement\":[{\"@type\":\"ListItem\",\"position\":1,\"name\":\"Home\",\"item\":\"https:\/\/genekas24.ee\/\"},{\"@type\":\"ListItem\",\"position\":2,\"name\":\"Pood\",\"item\":\"https:\/\/genekas24.ee\/pood\/\"},{\"@type\":\"ListItem\",\"position\":3,\"name\":\"ITCPower GG3300F 3kw bensiini elektrigeneraator\"}]},{\"@type\":\"WebSite\",\"@id\":\"https:\/\/genekas24.ee\/#website\",\"url\":\"https:\/\/genekas24.ee\/\",\"name\":\"Genekas24\",\"description\":\"Generaatorid | K&ouml;nner S&ouml;hnen tooted | Genekas24\",\"publisher\":{\"@id\":\"https:\/\/genekas24.ee\/#organization\"},\"potentialAction\":[{\"@type\":\"SearchAction\",\"target\":{\"@type\":\"EntryPoint\",\"urlTemplate\":\"https:\/\/genekas24.ee\/?s={search_term_string}\"},\"query-input\":{\"@type\":\"PropertyValueSpecification\",\"valueRequired\":true,\"valueName\":\"search_term_string\"}}],\"inLanguage\":\"fi\"},{\"@type\":\"Organization\",\"@id\":\"https:\/\/genekas24.ee\/#organization\",\"name\":\"Genekas24\",\"url\":\"https:\/\/genekas24.ee\/\",\"logo\":{\"@type\":\"ImageObject\",\"inLanguage\":\"fi\",\"@id\":\"https:\/\/genekas24.ee\/#\/schema\/logo\/image\/\",\"url\":\"https:\/\/genekas24.ee\/wp-content\/uploads\/2026\/01\/genekas24-logo_black.svg\",\"contentUrl\":\"https:\/\/genekas24.ee\/wp-content\/uploads\/2026\/01\/genekas24-logo_black.svg\",\"width\":840,\"height\":131,\"caption\":\"Genekas24\"},\"image\":{\"@id\":\"https:\/\/genekas24.ee\/#\/schema\/logo\/image\/\"}}]}<\/script>\n<!-- \/ Yoast SEO plugin. -->","yoast_head_json":{"title":"ITCPower GG3300F 3kw bensiini elektrigeneraator - Genekas24","robots":{"index":"index","follow":"follow","max-snippet":"max-snippet:-1","max-image-preview":"max-image-preview:large","max-video-preview":"max-video-preview:-1"},"canonical":"https:\/\/genekas24.ee\/fi\/tuote\/itcpower-gg3300f-3kw-bensiini-elektrigeneraator\/","og_locale":"fi_FI","og_type":"article","og_title":"ITCPower GG3300F 3kw bensiini elektrigeneraator - Genekas24","og_description":"Pinge 230 V   Maksimaalne v\u00f5imsus 3000 W   Nimiv\u00f5imsus 2800 W   Nimivool 12 A   Sagedus 50 Hz   Ekraan Analoog   Aku Ei   Alalisvoolu v\u00e4ljund 12 V \/ 8,3 A   K\u00fctusepaagi maht 15 L   K\u00fctusekulu (50% koormusel) 1,25 L\/h   M\u00fcratase (7 m) 69 dBA   LWA m\u00fcratase 94 dBA   Mootori mudel LS208   Mootori t\u00f6\u00f6maht 208 cm\u00b3   Mootori v\u00f5imsus 7 hj   \u00d5limaht 0,6 L   Generaator 160 L   Generaatori v\u00f5imsus 3 kW   V\u00f5imsustegur 1   Pinge reguleerimine Harja \/ AVR   Madala \u00f5litaseme alarm Jah   \u00dclekoormuse indikaator Ei   Avariiseiskamisnupp Ei   Vahelduvvoolu v\u00e4ljund 2 \u00d7 16 A   T\u00e4iskaal 48 kg   Netokaal 45 kg   Toote m\u00f5\u00f5tmed 600 \u00d7 435 \u00d7 450 mm   Karbi m\u00f5\u00f5tmed 605 \u00d7 445 \u00d7 455 mm   K\u00e4ivitusre\u017eiim Manuaalne   Vool 13 A   T\u00f6\u00f6aeg 11 tundi   Pikkus \/ Laius \/ K\u00f5rgus 60 \u00d7 45 \u00d7 43 cm   Aku kaasas Ei","og_url":"https:\/\/genekas24.ee\/fi\/tuote\/itcpower-gg3300f-3kw-bensiini-elektrigeneraator\/","og_site_name":"Genekas24","article_modified_time":"2026-04-08T17:01:15+00:00","og_image":[{"width":500,"height":500,"url":"https:\/\/genekas24.ee\/wp-content\/uploads\/2026\/01\/3613-500x500-1.jpeg","type":"image\/jpeg"}],"twitter_card":"summary_large_image","twitter_misc":{"Arvioitu lukuaika":"1 minuutti"},"schema":{"@context":"https:\/\/schema.org","@graph":[{"@type":"WebPage","@id":"https:\/\/genekas24.ee\/toode\/itcpower-gg3300f-3kw-bensiini-elektrigeneraator\/","url":"https:\/\/genekas24.ee\/toode\/itcpower-gg3300f-3kw-bensiini-elektrigeneraator\/","name":"ITCPower GG3300F 3kw bensiini elektrigeneraator - Genekas24","isPartOf":{"@id":"https:\/\/genekas24.ee\/#website"},"primaryImageOfPage":{"@id":"https:\/\/genekas24.ee\/toode\/itcpower-gg3300f-3kw-bensiini-elektrigeneraator\/#primaryimage"},"image":{"@id":"https:\/\/genekas24.ee\/toode\/itcpower-gg3300f-3kw-bensiini-elektrigeneraator\/#primaryimage"},"thumbnailUrl":"https:\/\/genekas24.ee\/wp-content\/uploads\/2026\/01\/3613-500x500-1.jpeg","datePublished":"2026-04-08T17:01:14+00:00","dateModified":"2026-04-08T17:01:15+00:00","breadcrumb":{"@id":"https:\/\/genekas24.ee\/toode\/itcpower-gg3300f-3kw-bensiini-elektrigeneraator\/#breadcrumb"},"inLanguage":"fi","potentialAction":[{"@type":"ReadAction","target":["https:\/\/genekas24.ee\/toode\/itcpower-gg3300f-3kw-bensiini-elektrigeneraator\/"]}]},{"@type":"ImageObject","inLanguage":"fi","@id":"https:\/\/genekas24.ee\/toode\/itcpower-gg3300f-3kw-bensiini-elektrigeneraator\/#primaryimage","url":"https:\/\/genekas24.ee\/wp-content\/uploads\/2026\/01\/3613-500x500-1.jpeg","contentUrl":"https:\/\/genekas24.ee\/wp-content\/uploads\/2026\/01\/3613-500x500-1.jpeg","width":500,"height":500},{"@type":"BreadcrumbList","@id":"https:\/\/genekas24.ee\/toode\/itcpower-gg3300f-3kw-bensiini-elektrigeneraator\/#breadcrumb","itemListElement":[{"@type":"ListItem","position":1,"name":"Home","item":"https:\/\/genekas24.ee\/"},{"@type":"ListItem","position":2,"name":"Pood","item":"https:\/\/genekas24.ee\/pood\/"},{"@type":"ListItem","position":3,"name":"ITCPower GG3300F 3kw bensiini elektrigeneraator"}]},{"@type":"WebSite","@id":"https:\/\/genekas24.ee\/#website","url":"https:\/\/genekas24.ee\/","name":"Genekas24","description":"Generaatorid | K&ouml;nner S&ouml;hnen tooted | Genekas24","publisher":{"@id":"https:\/\/genekas24.ee\/#organization"},"potentialAction":[{"@type":"SearchAction","target":{"@type":"EntryPoint","urlTemplate":"https:\/\/genekas24.ee\/?s={search_term_string}"},"query-input":{"@type":"PropertyValueSpecification","valueRequired":true,"valueName":"search_term_string"}}],"inLanguage":"fi"},{"@type":"Organization","@id":"https:\/\/genekas24.ee\/#organization","name":"Genekas24","url":"https:\/\/genekas24.ee\/","logo":{"@type":"ImageObject","inLanguage":"fi","@id":"https:\/\/genekas24.ee\/#\/schema\/logo\/image\/","url":"https:\/\/genekas24.ee\/wp-content\/uploads\/2026\/01\/genekas24-logo_black.svg","contentUrl":"https:\/\/genekas24.ee\/wp-content\/uploads\/2026\/01\/genekas24-logo_black.svg","width":840,"height":131,"caption":"Genekas24"},"image":{"@id":"https:\/\/genekas24.ee\/#\/schema\/logo\/image\/"}}]}},"_links":{"self":[{"href":"https:\/\/genekas24.ee\/fi\/wp-json\/wp\/v2\/product\/22639","targetHints":{"allow":["GET"]}}],"collection":[{"href":"https:\/\/genekas24.ee\/fi\/wp-json\/wp\/v2\/product"}],"about":[{"href":"https:\/\/genekas24.ee\/fi\/wp-json\/wp\/v2\/types\/product"}],"version-history":[{"count":1,"href":"https:\/\/genekas24.ee\/fi\/wp-json\/wp\/v2\/product\/22639\/revisions"}],"predecessor-version":[{"id":22650,"href":"https:\/\/genekas24.ee\/fi\/wp-json\/wp\/v2\/product\/22639\/revisions\/22650"}],"wp:featuredmedia":[{"embeddable":true,"href":"https:\/\/genekas24.ee\/fi\/wp-json\/wp\/v2\/media\/22640"}],"wp:attachment":[{"href":"https:\/\/genekas24.ee\/fi\/wp-json\/wp\/v2\/media?parent=22639"}],"wp:term":[{"taxonomy":"product_brand","embeddable":true,"href":"https:\/\/genekas24.ee\/fi\/wp-json\/wp\/v2\/product_brand?post=22639"},{"taxonomy":"product_cat","embeddable":true,"href":"https:\/\/genekas24.ee\/fi\/wp-json\/wp\/v2\/product_cat?post=22639"},{"taxonomy":"product_tag","embeddable":true,"href":"https:\/\/genekas24.ee\/fi\/wp-json\/wp\/v2\/product_tag?post=22639"}],"curies":[{"name":"wp","href":"https:\/\/api.w.org\/{rel}","templated":true}]}}