{"id":22628,"date":"2026-01-15T14:39:14","date_gmt":"2026-01-15T14:39:14","guid":{"rendered":"https:\/\/genekas24.ee\/?post_type=product&#038;p=22628"},"modified":"2026-01-15T14:39:15","modified_gmt":"2026-01-15T14:39:15","slug":"itcpower-gg32xi-32-kw-bensiinimootoriga-inverter-elektrigeneraator","status":"publish","type":"product","link":"https:\/\/genekas24.ee\/fi\/tuote\/itcpower-gg32xi-32-kw-bensiinimootoriga-inverter-elektrigeneraator\/","title":{"rendered":"ITCPOWER GG32Xi 3,2 kW bensiinimootoriga inverter-elektrigeneraator"},"content":{"rendered":"<p style=\"font-weight: 400;\">Kompaktne 3200W invertergeneraator sobib ideaalselt telkimiseks, haagissuvilatesse, tundlikele t\u00f6\u00f6riistadele ja h\u00e4daolukordadeks. Selle digitaalne invertertehnoloogia tagab stabiilse ja ohutu voolu isegi elektroonikaseadmetele. See paistab silma madala m\u00fcrataseme (68 dBA) ja energiat\u00f5hususe poolest. Paralleel\u00fchendus v\u00f5imalik (max 5 kW)<\/p>\n<p style=\"font-weight: 400;\">GG32XI generaator on ideaalne kombinatsioon v\u00f5imsusest, kaasaskantavuse ja madala m\u00fcrataseme vahel. T\u00e4nu invertertehnoloogiale annab see puhast elektrienergiat, mis sobib ideaalselt tundlike elektroonikaseadmete, n\u00e4iteks arvutite, telerite v\u00f5i meditsiiniseadmete toiteks. Nimiv\u00f5imsusega 3000 W ja maksimaalse v\u00f5imsusega 3200 W on see varustatud 149,2 cm3, 5 hj XY170F2 mootoriga, mis pakub kuni 11 tundi t\u00f6\u00f6aega ilma tankimiseta 50% koormusel. Selle madal m\u00fcratase, vaid 68 dBA 7 meetri kaugusel, muudab selle ideaalseks keskkondadesse, kus m\u00fcra on v\u00f5tmetegur, n\u00e4iteks k\u00e4mpingutesse, toiduk\u00e4rudesse v\u00f5i \u00fcritustele.<\/p>","protected":false},"excerpt":{"rendered":"<table>\n<tbody>\n<tr>\n<td>J\u00e4nnite<\/td>\n<td>230 V<\/td>\n<\/tr>\n<tr>\n<td>Maksimaalne v\u00f5imsus<\/td>\n<td>3200 W<\/td>\n<\/tr>\n<tr>\n<td>Nimiv\u00f5imsus<\/td>\n<td>3000 W<\/td>\n<\/tr>\n<tr>\n<td>Taajuus<\/td>\n<td>50 Hz<\/td>\n<\/tr>\n<tr>\n<td>V\u00e4ljundvoolud<\/td>\n<td>2 \u00d7 16 A<\/td>\n<\/tr>\n<tr>\n<td>Aku<\/td>\n<td>Ei (t\u00f6\u00f6iga 1,5\u20136 tundi, kaasas ei ole)<\/td>\n<\/tr>\n<tr>\n<td>Alalisvoolu v\u00e4ljund<\/td>\n<td>12 V \/ 8,3 A<\/td>\n<\/tr>\n<tr>\n<td>K\u00fctusepaagi maht<\/td>\n<td>10 L<\/td>\n<\/tr>\n<tr>\n<td>M\u00fcratase (7 m)<\/td>\n<td>68 dBA<\/td>\n<\/tr>\n<tr>\n<td>LWA m\u00fcratase<\/td>\n<td>93 dBA<\/td>\n<\/tr>\n<tr>\n<td>Moottorin malli<\/td>\n<td>XY170F2<\/td>\n<\/tr>\n<tr>\n<td>Mootori nimiv\u00f5imsus<\/td>\n<td>5 hj<\/td>\n<\/tr>\n<tr>\n<td>Mootori t\u00f6\u00f6maht<\/td>\n<td>149,2 cm\u00b3<\/td>\n<\/tr>\n<tr>\n<td>Mootori k\u00e4ivitus<\/td>\n<td>Manuaalinen<\/td>\n<\/tr>\n<tr>\n<td>Mootori \u00f5limaht<\/td>\n<td>0,5 L<\/td>\n<\/tr>\n<tr>\n<td>Generaattori<\/td>\n<td>Digitaalne inverter<\/td>\n<\/tr>\n<tr>\n<td>Generaatori v\u00f5imsus<\/td>\n<td>3 kVA<\/td>\n<\/tr>\n<tr>\n<td>Generaatori v\u00f5imsustegur<\/td>\n<td>1<\/td>\n<\/tr>\n<tr>\n<td>Pinge reguleerimine<\/td>\n<td>Elektrooniline<\/td>\n<\/tr>\n<tr>\n<td>Madala \u00f5litaseme alarm<\/td>\n<td>Jah<\/td>\n<\/tr>\n<tr>\n<td>\u00dclekoormuse indikaator<\/td>\n<td>Jah<\/td>\n<\/tr>\n<tr>\n<td>Netokaal<\/td>\n<td>26 kg<\/td>\n<\/tr>\n<tr>\n<td>Brutokaal<\/td>\n<td>29 kg<\/td>\n<\/tr>\n<tr>\n<td>Toote m\u00f5\u00f5tmed<\/td>\n<td>479 \u00d7 340 \u00d7 442 mm<\/td>\n<\/tr>\n<tr>\n<td>Karbi m\u00f5\u00f5tmed<\/td>\n<td>510 \u00d7 390 \u00d7 510 mm<\/td>\n<\/tr>\n<tr>\n<td>Keevitusseade (digitaaln\u00e4idik)<\/td>\n<td>Jah<\/td>\n<\/tr>\n<tr>\n<td>Voolutugevus<\/td>\n<td>13 A<\/td>\n<\/tr>\n<\/tbody>\n<\/table>","protected":false},"featured_media":22629,"template":"","meta":{"_acf_changed":false,"inline_featured_image":false},"product_brand":[],"product_cat":[94,23],"product_tag":[],"class_list":{"0":"post-22628","1":"product","2":"type-product","3":"status-publish","4":"has-post-thumbnail","6":"product_cat-generaatorid","7":"product_cat-invertergeneraatorid","8":"product_shipping_class-vaikepakk","9":"brand-itcpower","11":"first","12":"instock","13":"taxable","14":"shipping-taxable","15":"purchasable","16":"product-type-simple"},"acf":[],"yoast_head":"<!-- This site is optimized with the Yoast SEO plugin v27.2 - https:\/\/yoast.com\/product\/yoast-seo-wordpress\/ -->\n<title>ITCPOWER GG32Xi 3,2 kW bensiinimootoriga inverter-elektrigeneraator - Genekas24<\/title>\n<meta name=\"robots\" content=\"index, follow, max-snippet:-1, max-image-preview:large, max-video-preview:-1\" \/>\n<link rel=\"canonical\" href=\"https:\/\/genekas24.ee\/fi\/tuote\/itcpower-gg32xi-32-kw-bensiinimootoriga-inverter-elektrigeneraator\/\" \/>\n<meta property=\"og:locale\" content=\"fi_FI\" \/>\n<meta property=\"og:type\" content=\"article\" \/>\n<meta property=\"og:title\" content=\"ITCPOWER GG32Xi 3,2 kW bensiinimootoriga inverter-elektrigeneraator - Genekas24\" \/>\n<meta property=\"og:description\" content=\"Pinge 230 V   Maksimaalne v\u00f5imsus 3200 W   Nimiv\u00f5imsus 3000 W   Sagedus 50 Hz   V\u00e4ljundvoolud 2 \u00d7 16 A   Aku Ei (t\u00f6\u00f6iga 1,5\u20136 tundi, kaasas ei ole)   Alalisvoolu v\u00e4ljund 12 V \/ 8,3 A   K\u00fctusepaagi maht 10 L   M\u00fcratase (7 m) 68 dBA   LWA m\u00fcratase 93 dBA   Mootori mudel XY170F2   Mootori nimiv\u00f5imsus 5 hj   Mootori t\u00f6\u00f6maht 149,2 cm\u00b3   Mootori k\u00e4ivitus Manuaalne   Mootori \u00f5limaht 0,5 L   Generaator Digitaalne inverter   Generaatori v\u00f5imsus 3 kVA   Generaatori v\u00f5imsustegur 1   Pinge reguleerimine Elektrooniline   Madala \u00f5litaseme alarm Jah   \u00dclekoormuse indikaator Jah   Netokaal 26 kg   Brutokaal 29 kg   Toote m\u00f5\u00f5tmed 479 \u00d7 340 \u00d7 442 mm   Karbi m\u00f5\u00f5tmed 510 \u00d7 390 \u00d7 510 mm   Keevitusseade (digitaaln\u00e4idik) Jah   Voolutugevus 13 A\" \/>\n<meta property=\"og:url\" content=\"https:\/\/genekas24.ee\/fi\/tuote\/itcpower-gg32xi-32-kw-bensiinimootoriga-inverter-elektrigeneraator\/\" \/>\n<meta property=\"og:site_name\" content=\"Genekas24\" \/>\n<meta property=\"article:modified_time\" content=\"2026-01-15T14:39:15+00:00\" \/>\n<meta property=\"og:image\" content=\"https:\/\/genekas24.ee\/wp-content\/uploads\/2026\/01\/7702-500x500-1.jpeg\" \/>\n\t<meta property=\"og:image:width\" content=\"500\" \/>\n\t<meta property=\"og:image:height\" content=\"500\" \/>\n\t<meta property=\"og:image:type\" content=\"image\/jpeg\" \/>\n<meta name=\"twitter:card\" content=\"summary_large_image\" \/>\n<meta name=\"twitter:label1\" content=\"Arvioitu lukuaika\" \/>\n\t<meta name=\"twitter:data1\" content=\"1 minuutti\" \/>\n<script type=\"application\/ld+json\" class=\"yoast-schema-graph\">{\"@context\":\"https:\/\/schema.org\",\"@graph\":[{\"@type\":\"WebPage\",\"@id\":\"https:\/\/genekas24.ee\/toode\/itcpower-gg32xi-32-kw-bensiinimootoriga-inverter-elektrigeneraator\/\",\"url\":\"https:\/\/genekas24.ee\/toode\/itcpower-gg32xi-32-kw-bensiinimootoriga-inverter-elektrigeneraator\/\",\"name\":\"ITCPOWER GG32Xi 3,2 kW bensiinimootoriga inverter-elektrigeneraator - Genekas24\",\"isPartOf\":{\"@id\":\"https:\/\/genekas24.ee\/#website\"},\"primaryImageOfPage\":{\"@id\":\"https:\/\/genekas24.ee\/toode\/itcpower-gg32xi-32-kw-bensiinimootoriga-inverter-elektrigeneraator\/#primaryimage\"},\"image\":{\"@id\":\"https:\/\/genekas24.ee\/toode\/itcpower-gg32xi-32-kw-bensiinimootoriga-inverter-elektrigeneraator\/#primaryimage\"},\"thumbnailUrl\":\"https:\/\/genekas24.ee\/wp-content\/uploads\/2026\/01\/7702-500x500-1.jpeg\",\"datePublished\":\"2026-01-15T14:39:14+00:00\",\"dateModified\":\"2026-01-15T14:39:15+00:00\",\"breadcrumb\":{\"@id\":\"https:\/\/genekas24.ee\/toode\/itcpower-gg32xi-32-kw-bensiinimootoriga-inverter-elektrigeneraator\/#breadcrumb\"},\"inLanguage\":\"fi\",\"potentialAction\":[{\"@type\":\"ReadAction\",\"target\":[\"https:\/\/genekas24.ee\/toode\/itcpower-gg32xi-32-kw-bensiinimootoriga-inverter-elektrigeneraator\/\"]}]},{\"@type\":\"ImageObject\",\"inLanguage\":\"fi\",\"@id\":\"https:\/\/genekas24.ee\/toode\/itcpower-gg32xi-32-kw-bensiinimootoriga-inverter-elektrigeneraator\/#primaryimage\",\"url\":\"https:\/\/genekas24.ee\/wp-content\/uploads\/2026\/01\/7702-500x500-1.jpeg\",\"contentUrl\":\"https:\/\/genekas24.ee\/wp-content\/uploads\/2026\/01\/7702-500x500-1.jpeg\",\"width\":500,\"height\":500},{\"@type\":\"BreadcrumbList\",\"@id\":\"https:\/\/genekas24.ee\/toode\/itcpower-gg32xi-32-kw-bensiinimootoriga-inverter-elektrigeneraator\/#breadcrumb\",\"itemListElement\":[{\"@type\":\"ListItem\",\"position\":1,\"name\":\"Home\",\"item\":\"https:\/\/genekas24.ee\/\"},{\"@type\":\"ListItem\",\"position\":2,\"name\":\"Pood\",\"item\":\"https:\/\/genekas24.ee\/pood\/\"},{\"@type\":\"ListItem\",\"position\":3,\"name\":\"ITCPOWER GG32Xi 3,2 kW bensiinimootoriga inverter-elektrigeneraator\"}]},{\"@type\":\"WebSite\",\"@id\":\"https:\/\/genekas24.ee\/#website\",\"url\":\"https:\/\/genekas24.ee\/\",\"name\":\"Genekas24\",\"description\":\"Generaatorid | K&ouml;nner S&ouml;hnen tooted | Genekas24\",\"publisher\":{\"@id\":\"https:\/\/genekas24.ee\/#organization\"},\"potentialAction\":[{\"@type\":\"SearchAction\",\"target\":{\"@type\":\"EntryPoint\",\"urlTemplate\":\"https:\/\/genekas24.ee\/?s={search_term_string}\"},\"query-input\":{\"@type\":\"PropertyValueSpecification\",\"valueRequired\":true,\"valueName\":\"search_term_string\"}}],\"inLanguage\":\"fi\"},{\"@type\":\"Organization\",\"@id\":\"https:\/\/genekas24.ee\/#organization\",\"name\":\"Genekas24\",\"url\":\"https:\/\/genekas24.ee\/\",\"logo\":{\"@type\":\"ImageObject\",\"inLanguage\":\"fi\",\"@id\":\"https:\/\/genekas24.ee\/#\/schema\/logo\/image\/\",\"url\":\"https:\/\/genekas24.ee\/wp-content\/uploads\/2026\/01\/genekas24-logo_black.svg\",\"contentUrl\":\"https:\/\/genekas24.ee\/wp-content\/uploads\/2026\/01\/genekas24-logo_black.svg\",\"width\":840,\"height\":131,\"caption\":\"Genekas24\"},\"image\":{\"@id\":\"https:\/\/genekas24.ee\/#\/schema\/logo\/image\/\"}}]}<\/script>\n<!-- \/ Yoast SEO plugin. -->","yoast_head_json":{"title":"ITCPOWER GG32Xi 3,2 kW bensiinimootoriga inverter-elektrigeneraator - Genekas24","robots":{"index":"index","follow":"follow","max-snippet":"max-snippet:-1","max-image-preview":"max-image-preview:large","max-video-preview":"max-video-preview:-1"},"canonical":"https:\/\/genekas24.ee\/fi\/tuote\/itcpower-gg32xi-32-kw-bensiinimootoriga-inverter-elektrigeneraator\/","og_locale":"fi_FI","og_type":"article","og_title":"ITCPOWER GG32Xi 3,2 kW bensiinimootoriga inverter-elektrigeneraator - Genekas24","og_description":"Pinge 230 V   Maksimaalne v\u00f5imsus 3200 W   Nimiv\u00f5imsus 3000 W   Sagedus 50 Hz   V\u00e4ljundvoolud 2 \u00d7 16 A   Aku Ei (t\u00f6\u00f6iga 1,5\u20136 tundi, kaasas ei ole)   Alalisvoolu v\u00e4ljund 12 V \/ 8,3 A   K\u00fctusepaagi maht 10 L   M\u00fcratase (7 m) 68 dBA   LWA m\u00fcratase 93 dBA   Mootori mudel XY170F2   Mootori nimiv\u00f5imsus 5 hj   Mootori t\u00f6\u00f6maht 149,2 cm\u00b3   Mootori k\u00e4ivitus Manuaalne   Mootori \u00f5limaht 0,5 L   Generaator Digitaalne inverter   Generaatori v\u00f5imsus 3 kVA   Generaatori v\u00f5imsustegur 1   Pinge reguleerimine Elektrooniline   Madala \u00f5litaseme alarm Jah   \u00dclekoormuse indikaator Jah   Netokaal 26 kg   Brutokaal 29 kg   Toote m\u00f5\u00f5tmed 479 \u00d7 340 \u00d7 442 mm   Karbi m\u00f5\u00f5tmed 510 \u00d7 390 \u00d7 510 mm   Keevitusseade (digitaaln\u00e4idik) Jah   Voolutugevus 13 A","og_url":"https:\/\/genekas24.ee\/fi\/tuote\/itcpower-gg32xi-32-kw-bensiinimootoriga-inverter-elektrigeneraator\/","og_site_name":"Genekas24","article_modified_time":"2026-01-15T14:39:15+00:00","og_image":[{"width":500,"height":500,"url":"https:\/\/genekas24.ee\/wp-content\/uploads\/2026\/01\/7702-500x500-1.jpeg","type":"image\/jpeg"}],"twitter_card":"summary_large_image","twitter_misc":{"Arvioitu lukuaika":"1 minuutti"},"schema":{"@context":"https:\/\/schema.org","@graph":[{"@type":"WebPage","@id":"https:\/\/genekas24.ee\/toode\/itcpower-gg32xi-32-kw-bensiinimootoriga-inverter-elektrigeneraator\/","url":"https:\/\/genekas24.ee\/toode\/itcpower-gg32xi-32-kw-bensiinimootoriga-inverter-elektrigeneraator\/","name":"ITCPOWER GG32Xi 3,2 kW bensiinimootoriga inverter-elektrigeneraator - Genekas24","isPartOf":{"@id":"https:\/\/genekas24.ee\/#website"},"primaryImageOfPage":{"@id":"https:\/\/genekas24.ee\/toode\/itcpower-gg32xi-32-kw-bensiinimootoriga-inverter-elektrigeneraator\/#primaryimage"},"image":{"@id":"https:\/\/genekas24.ee\/toode\/itcpower-gg32xi-32-kw-bensiinimootoriga-inverter-elektrigeneraator\/#primaryimage"},"thumbnailUrl":"https:\/\/genekas24.ee\/wp-content\/uploads\/2026\/01\/7702-500x500-1.jpeg","datePublished":"2026-01-15T14:39:14+00:00","dateModified":"2026-01-15T14:39:15+00:00","breadcrumb":{"@id":"https:\/\/genekas24.ee\/toode\/itcpower-gg32xi-32-kw-bensiinimootoriga-inverter-elektrigeneraator\/#breadcrumb"},"inLanguage":"fi","potentialAction":[{"@type":"ReadAction","target":["https:\/\/genekas24.ee\/toode\/itcpower-gg32xi-32-kw-bensiinimootoriga-inverter-elektrigeneraator\/"]}]},{"@type":"ImageObject","inLanguage":"fi","@id":"https:\/\/genekas24.ee\/toode\/itcpower-gg32xi-32-kw-bensiinimootoriga-inverter-elektrigeneraator\/#primaryimage","url":"https:\/\/genekas24.ee\/wp-content\/uploads\/2026\/01\/7702-500x500-1.jpeg","contentUrl":"https:\/\/genekas24.ee\/wp-content\/uploads\/2026\/01\/7702-500x500-1.jpeg","width":500,"height":500},{"@type":"BreadcrumbList","@id":"https:\/\/genekas24.ee\/toode\/itcpower-gg32xi-32-kw-bensiinimootoriga-inverter-elektrigeneraator\/#breadcrumb","itemListElement":[{"@type":"ListItem","position":1,"name":"Home","item":"https:\/\/genekas24.ee\/"},{"@type":"ListItem","position":2,"name":"Pood","item":"https:\/\/genekas24.ee\/pood\/"},{"@type":"ListItem","position":3,"name":"ITCPOWER GG32Xi 3,2 kW bensiinimootoriga inverter-elektrigeneraator"}]},{"@type":"WebSite","@id":"https:\/\/genekas24.ee\/#website","url":"https:\/\/genekas24.ee\/","name":"Genekas24","description":"Generaatorid | K&ouml;nner S&ouml;hnen tooted | Genekas24","publisher":{"@id":"https:\/\/genekas24.ee\/#organization"},"potentialAction":[{"@type":"SearchAction","target":{"@type":"EntryPoint","urlTemplate":"https:\/\/genekas24.ee\/?s={search_term_string}"},"query-input":{"@type":"PropertyValueSpecification","valueRequired":true,"valueName":"search_term_string"}}],"inLanguage":"fi"},{"@type":"Organization","@id":"https:\/\/genekas24.ee\/#organization","name":"Genekas24","url":"https:\/\/genekas24.ee\/","logo":{"@type":"ImageObject","inLanguage":"fi","@id":"https:\/\/genekas24.ee\/#\/schema\/logo\/image\/","url":"https:\/\/genekas24.ee\/wp-content\/uploads\/2026\/01\/genekas24-logo_black.svg","contentUrl":"https:\/\/genekas24.ee\/wp-content\/uploads\/2026\/01\/genekas24-logo_black.svg","width":840,"height":131,"caption":"Genekas24"},"image":{"@id":"https:\/\/genekas24.ee\/#\/schema\/logo\/image\/"}}]}},"_links":{"self":[{"href":"https:\/\/genekas24.ee\/fi\/wp-json\/wp\/v2\/product\/22628","targetHints":{"allow":["GET"]}}],"collection":[{"href":"https:\/\/genekas24.ee\/fi\/wp-json\/wp\/v2\/product"}],"about":[{"href":"https:\/\/genekas24.ee\/fi\/wp-json\/wp\/v2\/types\/product"}],"version-history":[{"count":2,"href":"https:\/\/genekas24.ee\/fi\/wp-json\/wp\/v2\/product\/22628\/revisions"}],"predecessor-version":[{"id":22788,"href":"https:\/\/genekas24.ee\/fi\/wp-json\/wp\/v2\/product\/22628\/revisions\/22788"}],"wp:featuredmedia":[{"embeddable":true,"href":"https:\/\/genekas24.ee\/fi\/wp-json\/wp\/v2\/media\/22629"}],"wp:attachment":[{"href":"https:\/\/genekas24.ee\/fi\/wp-json\/wp\/v2\/media?parent=22628"}],"wp:term":[{"taxonomy":"product_brand","embeddable":true,"href":"https:\/\/genekas24.ee\/fi\/wp-json\/wp\/v2\/product_brand?post=22628"},{"taxonomy":"product_cat","embeddable":true,"href":"https:\/\/genekas24.ee\/fi\/wp-json\/wp\/v2\/product_cat?post=22628"},{"taxonomy":"product_tag","embeddable":true,"href":"https:\/\/genekas24.ee\/fi\/wp-json\/wp\/v2\/product_tag?post=22628"}],"curies":[{"name":"wp","href":"https:\/\/api.w.org\/{rel}","templated":true}]}}