{"id":22586,"date":"2026-04-08T17:01:42","date_gmt":"2026-04-08T17:01:42","guid":{"rendered":"https:\/\/genekas24.ee\/?post_type=product&#038;p=22586"},"modified":"2026-04-08T17:01:42","modified_gmt":"2026-04-08T17:01:42","slug":"itcpower-gg10000let-bensiinigeneraator-7000w-230v-400v","status":"publish","type":"product","link":"https:\/\/genekas24.ee\/fi\/tuote\/itcpower-gg10000let-bensiinigeneraator-7000w-230v-400v\/","title":{"rendered":"ITCPOWER GG10000LET bensiinigeneraator 7000W 230V\/400V"},"content":{"rendered":"<p style=\"font-weight: 400;\">ITCPOWER GG10000LET bensiinigeneraator 7000W 230V\/400V on \u00f6konoomne generaator. GG10000LET pakub maksimaalset v\u00f5imsust 7500W pingel 230V ja pidevat v\u00f5imsust 7000W. GG15000LEK-T pakub v\u00f5imalust t\u00f6\u00f6tada pingel 400V. Seda t\u00fc\u00fcpi bensiinigeneraator on varustatud nii elektrilise kui ka k\u00e4sitsi starteriga!<\/p>\n<p style=\"font-weight: 400;\"><strong>Mobiilsus<\/strong><\/p>\n<p style=\"font-weight: 400;\">Bensiinigeneraatorid on \u00fcldiselt kaasaskantavamad ja oluliselt kergemad kui diiselgeneraatorid, mist\u00f5ttu on neid lihtne teisaldada. See teeb need ideaalseks kasutamiseks kohtades, kus puudub p\u00fcsiv toiteallikas, n\u00e4iteks ehitusplatsidel ja k\u00e4mpingutes. Seda t\u00fc\u00fcpi kasutatakse sageli ka avariigeneraatorina, kuna paljud meie generaatorid on standardvarustuses torkekindlate ratastega v\u00f5i neid saab ratastega t\u00e4iendada, mist\u00f5ttu on neid \u00e4\u00e4rmiselt lihtne teisaldada isegi keerulistes kohtades.<\/p>\n<p style=\"font-weight: 400;\"><strong>Kohene v\u00f5imsus<\/strong><\/p>\n<p style=\"font-weight: 400;\">Bensiinigeneraatorid pakuvad sageli kohest v\u00f5imsust ja on v\u00f5imelised tootma m\u00e4rkimisv\u00e4\u00e4rses koguses elektrit. See on kasulik raskemate seadmete v\u00f5i mitme seadme samaaegseks toiteks. Enamikku bensiinigeneraatoreid saab k\u00e4ivitada elektriliselt. Palun kontrollige selle kohta loetletud spetsifikatsioone\/fotosid.<\/p>\n<p style=\"font-weight: 400;\"><strong>K\u00fctus ja \u00f5li<\/strong><\/p>\n<p style=\"font-weight: 400;\">Bensiin on \u00fcldiselt kergemini k\u00e4ttesaadav kui teised k\u00fctused, n\u00e4iteks diisel v\u00f5i propaan. See muudab selle kasulikuks h\u00e4daolukordades v\u00f5i kohtades, kus teisi k\u00fctuseid on raske hankida (avariigeneraator). K\u00f5ik meie usaldusv\u00e4\u00e4rsed ITCPOWER generaatorid t\u00f6\u00f6tavad standardina bensiini\/k\u00fctusega. Olenemata sellest, kas tegemist on Euro 95\/98\/Aspeni v\u00f5i Oecokrafti k\u00fctusega, pole sellel tegelikult vahet, peaasi, et see oleks puhas. Te ei pea muretsema keeruliste k\u00fctusesegude v\u00f5i raskesti leitavate k\u00fctuste p\u00e4rast. Lisaks on k\u00f5ik meie bensiinigeneraatorid v\u00e4ga \u00f6konoomsed. Ja t\u00e4ispaagiga saate pikka aega energiat nautida.<\/p>\n<p style=\"font-weight: 400;\"><strong>Muutuvad v\u00f5imsustasemed<\/strong><\/p>\n<p style=\"font-weight: 400;\">Bensiinigeneraatorid on saadaval erinevatel v\u00f5imsustasemetel, nii et saate valida mudeli, mis vastab teie konkreetsetele vajadustele, n\u00e4iteks 230 V v\u00f5i 400 V \u00fchendusega. Lisaks on bensiinigeneraatorite eeliseks see, et nad suudavad kiiresti ja suhteliselt madala hinnaga suure v\u00f5imsuse toota. Ja seda v\u00f5rreldes diisel- v\u00f5i invertergeneraatoriga!<\/p>\n<p style=\"font-weight: 400;\"><strong>Hooldus<\/strong><\/p>\n<p style=\"font-weight: 400;\">Bensiinigeneraatoreid on diisel- v\u00f5i muud t\u00fc\u00fcpi generaatoritega v\u00f5rreldes lihtsam hooldada. Neil on \u00fcldiselt lihtsad mootorid, mida on lihtne hooldada. Teil on k\u00f5igele lihtne ligi p\u00e4\u00e4seda ja vajadusel remontida!<\/p>","protected":false},"excerpt":{"rendered":"<table>\n<tbody>\n<tr>\n<td>Pidevv\u00f5imsus<\/td>\n<td>7 kW (230 V) \/ 8,8 kVA (400 V)<\/td>\n<\/tr>\n<tr>\n<td>Maksimaalne v\u00f5imsus<\/td>\n<td>7,5 kW (230 V) \/ 9,4 kVA (400 V)<\/td>\n<\/tr>\n<tr>\n<td>Taajuus<\/td>\n<td>50 Hz<\/td>\n<\/tr>\n<tr>\n<td>J\u00e4nnite<\/td>\n<td>230 V \/ 400 V (AVR)<\/td>\n<\/tr>\n<tr>\n<td>L\u00e4hd\u00f6t<\/td>\n<td>1 \u00d7 16 A (400 V), 1 \u00d7 32 A (230 V)<\/td>\n<\/tr>\n<tr>\n<td>N\u00e4ytt\u00f6<\/td>\n<td>LED5<\/td>\n<\/tr>\n<tr>\n<td>Aku<\/td>\n<td>Jah, 14 Ah (12 V DC, 8,3 A)<\/td>\n<\/tr>\n<tr>\n<td>K\u00fctusepaagi maht<\/td>\n<td>25 L<\/td>\n<\/tr>\n<tr>\n<td>K\u00fctusekulu<\/td>\n<td>1,8 L\/h (50% koormusel)<\/td>\n<\/tr>\n<tr>\n<td>K\u00e4ivitus<\/td>\n<td>Elektriline \/ k\u00e4sitsi<\/td>\n<\/tr>\n<tr>\n<td>M\u00fcratase (7 m)<\/td>\n<td>79 dBA<\/td>\n<\/tr>\n<tr>\n<td>J\u00e4nnite<\/td>\n<td>14 A \/ 34 A<\/td>\n<\/tr>\n<tr>\n<td>Mootor<\/td>\n<td>IC460, 17 hj, 460 cm\u00b3<\/td>\n<\/tr>\n<tr>\n<td>\u00d5lipaagi maht<\/td>\n<td>1,1 L<\/td>\n<\/tr>\n<tr>\n<td>\u00d5lialarm<\/td>\n<td>Jah<\/td>\n<\/tr>\n<tr>\n<td>\u00dclekoormuse indikaator<\/td>\n<td>Jah<\/td>\n<\/tr>\n<tr>\n<td>Kaal<\/td>\n<td>92 kg<\/td>\n<\/tr>\n<tr>\n<td>M\u00f5\u00f5tmed<\/td>\n<td>700 \u00d7 540 \u00d7 555 mm<\/td>\n<\/tr>\n<\/tbody>\n<\/table>","protected":false},"featured_media":22587,"template":"","meta":{"_acf_changed":false,"inline_featured_image":false},"product_brand":[],"product_cat":[21,94],"product_tag":[],"class_list":{"0":"post-22586","1":"product","2":"type-product","3":"status-publish","4":"has-post-thumbnail","6":"product_cat-bensiinigeneraatorid","7":"product_cat-generaatorid","8":"product_shipping_class-euroalus","9":"brand-itcpower","11":"first","12":"instock","13":"taxable","14":"shipping-taxable","15":"purchasable","16":"product-type-simple"},"acf":[],"yoast_head":"<!-- This site is optimized with the Yoast SEO plugin v27.2 - https:\/\/yoast.com\/product\/yoast-seo-wordpress\/ -->\n<title>ITCPOWER GG10000LET bensiinigeneraator 7000W 230V\/400V - Genekas24<\/title>\n<meta name=\"robots\" content=\"index, follow, max-snippet:-1, max-image-preview:large, max-video-preview:-1\" \/>\n<link rel=\"canonical\" href=\"https:\/\/genekas24.ee\/fi\/tuote\/itcpower-gg10000let-bensiinigeneraator-7000w-230v-400v\/\" \/>\n<meta property=\"og:locale\" content=\"fi_FI\" \/>\n<meta property=\"og:type\" content=\"article\" \/>\n<meta property=\"og:title\" content=\"ITCPOWER GG10000LET bensiinigeneraator 7000W 230V\/400V - Genekas24\" \/>\n<meta property=\"og:description\" content=\"Pidevv\u00f5imsus 7 kW (230 V) \/ 8,8 kVA (400 V)   Maksimaalne v\u00f5imsus 7,5 kW (230 V) \/ 9,4 kVA (400 V)   Sagedus 50 Hz   Pinge 230 V \/ 400 V (AVR)   Pistikupesad 1 \u00d7 16 A (400 V), 1 \u00d7 32 A (230 V)   Ekraan LED5   Aku Jah, 14 Ah (12 V DC, 8,3 A)   K\u00fctusepaagi maht 25 L   K\u00fctusekulu 1,8 L\/h (50% koormusel)   K\u00e4ivitus Elektriline \/ k\u00e4sitsi   M\u00fcratase (7 m) 79 dBA   V\u00f5imsus 14 A \/ 34 A   Mootor IC460, 17 hj, 460 cm\u00b3   \u00d5lipaagi maht 1,1 L   \u00d5lialarm Jah   \u00dclekoormuse indikaator Jah   Kaal 92 kg   M\u00f5\u00f5tmed 700 \u00d7 540 \u00d7 555 mm\" \/>\n<meta property=\"og:url\" content=\"https:\/\/genekas24.ee\/fi\/tuote\/itcpower-gg10000let-bensiinigeneraator-7000w-230v-400v\/\" \/>\n<meta property=\"og:site_name\" content=\"Genekas24\" \/>\n<meta property=\"og:image\" content=\"https:\/\/genekas24.ee\/wp-content\/uploads\/2026\/01\/dgjkdgjk8-500x500-1.jpeg\" \/>\n\t<meta property=\"og:image:width\" content=\"500\" \/>\n\t<meta property=\"og:image:height\" content=\"500\" \/>\n\t<meta property=\"og:image:type\" content=\"image\/jpeg\" \/>\n<meta name=\"twitter:card\" content=\"summary_large_image\" \/>\n<meta name=\"twitter:label1\" content=\"Arvioitu lukuaika\" \/>\n\t<meta name=\"twitter:data1\" content=\"2 minuuttia\" \/>\n<script type=\"application\/ld+json\" class=\"yoast-schema-graph\">{\"@context\":\"https:\/\/schema.org\",\"@graph\":[{\"@type\":\"WebPage\",\"@id\":\"https:\/\/genekas24.ee\/toode\/itcpower-gg10000let-bensiinigeneraator-7000w-230v-400v\/\",\"url\":\"https:\/\/genekas24.ee\/toode\/itcpower-gg10000let-bensiinigeneraator-7000w-230v-400v\/\",\"name\":\"ITCPOWER GG10000LET bensiinigeneraator 7000W 230V\/400V - Genekas24\",\"isPartOf\":{\"@id\":\"https:\/\/genekas24.ee\/#website\"},\"primaryImageOfPage\":{\"@id\":\"https:\/\/genekas24.ee\/toode\/itcpower-gg10000let-bensiinigeneraator-7000w-230v-400v\/#primaryimage\"},\"image\":{\"@id\":\"https:\/\/genekas24.ee\/toode\/itcpower-gg10000let-bensiinigeneraator-7000w-230v-400v\/#primaryimage\"},\"thumbnailUrl\":\"https:\/\/genekas24.ee\/wp-content\/uploads\/2026\/01\/dgjkdgjk8-500x500-1.jpeg\",\"datePublished\":\"2026-04-08T17:01:42+00:00\",\"breadcrumb\":{\"@id\":\"https:\/\/genekas24.ee\/toode\/itcpower-gg10000let-bensiinigeneraator-7000w-230v-400v\/#breadcrumb\"},\"inLanguage\":\"fi\",\"potentialAction\":[{\"@type\":\"ReadAction\",\"target\":[\"https:\/\/genekas24.ee\/toode\/itcpower-gg10000let-bensiinigeneraator-7000w-230v-400v\/\"]}]},{\"@type\":\"ImageObject\",\"inLanguage\":\"fi\",\"@id\":\"https:\/\/genekas24.ee\/toode\/itcpower-gg10000let-bensiinigeneraator-7000w-230v-400v\/#primaryimage\",\"url\":\"https:\/\/genekas24.ee\/wp-content\/uploads\/2026\/01\/dgjkdgjk8-500x500-1.jpeg\",\"contentUrl\":\"https:\/\/genekas24.ee\/wp-content\/uploads\/2026\/01\/dgjkdgjk8-500x500-1.jpeg\",\"width\":500,\"height\":500},{\"@type\":\"BreadcrumbList\",\"@id\":\"https:\/\/genekas24.ee\/toode\/itcpower-gg10000let-bensiinigeneraator-7000w-230v-400v\/#breadcrumb\",\"itemListElement\":[{\"@type\":\"ListItem\",\"position\":1,\"name\":\"Home\",\"item\":\"https:\/\/genekas24.ee\/\"},{\"@type\":\"ListItem\",\"position\":2,\"name\":\"Pood\",\"item\":\"https:\/\/genekas24.ee\/pood\/\"},{\"@type\":\"ListItem\",\"position\":3,\"name\":\"ITCPOWER GG10000LET bensiinigeneraator 7000W 230V\/400V\"}]},{\"@type\":\"WebSite\",\"@id\":\"https:\/\/genekas24.ee\/#website\",\"url\":\"https:\/\/genekas24.ee\/\",\"name\":\"Genekas24\",\"description\":\"Generaatorid | K&ouml;nner S&ouml;hnen tooted | Genekas24\",\"publisher\":{\"@id\":\"https:\/\/genekas24.ee\/#organization\"},\"potentialAction\":[{\"@type\":\"SearchAction\",\"target\":{\"@type\":\"EntryPoint\",\"urlTemplate\":\"https:\/\/genekas24.ee\/?s={search_term_string}\"},\"query-input\":{\"@type\":\"PropertyValueSpecification\",\"valueRequired\":true,\"valueName\":\"search_term_string\"}}],\"inLanguage\":\"fi\"},{\"@type\":\"Organization\",\"@id\":\"https:\/\/genekas24.ee\/#organization\",\"name\":\"Genekas24\",\"url\":\"https:\/\/genekas24.ee\/\",\"logo\":{\"@type\":\"ImageObject\",\"inLanguage\":\"fi\",\"@id\":\"https:\/\/genekas24.ee\/#\/schema\/logo\/image\/\",\"url\":\"https:\/\/genekas24.ee\/wp-content\/uploads\/2026\/01\/genekas24-logo_black.svg\",\"contentUrl\":\"https:\/\/genekas24.ee\/wp-content\/uploads\/2026\/01\/genekas24-logo_black.svg\",\"width\":840,\"height\":131,\"caption\":\"Genekas24\"},\"image\":{\"@id\":\"https:\/\/genekas24.ee\/#\/schema\/logo\/image\/\"}}]}<\/script>\n<!-- \/ Yoast SEO plugin. -->","yoast_head_json":{"title":"ITCPOWER GG10000LET bensiinigeneraator 7000W 230V\/400V - Genekas24","robots":{"index":"index","follow":"follow","max-snippet":"max-snippet:-1","max-image-preview":"max-image-preview:large","max-video-preview":"max-video-preview:-1"},"canonical":"https:\/\/genekas24.ee\/fi\/tuote\/itcpower-gg10000let-bensiinigeneraator-7000w-230v-400v\/","og_locale":"fi_FI","og_type":"article","og_title":"ITCPOWER GG10000LET bensiinigeneraator 7000W 230V\/400V - Genekas24","og_description":"Pidevv\u00f5imsus 7 kW (230 V) \/ 8,8 kVA (400 V)   Maksimaalne v\u00f5imsus 7,5 kW (230 V) \/ 9,4 kVA (400 V)   Sagedus 50 Hz   Pinge 230 V \/ 400 V (AVR)   Pistikupesad 1 \u00d7 16 A (400 V), 1 \u00d7 32 A (230 V)   Ekraan LED5   Aku Jah, 14 Ah (12 V DC, 8,3 A)   K\u00fctusepaagi maht 25 L   K\u00fctusekulu 1,8 L\/h (50% koormusel)   K\u00e4ivitus Elektriline \/ k\u00e4sitsi   M\u00fcratase (7 m) 79 dBA   V\u00f5imsus 14 A \/ 34 A   Mootor IC460, 17 hj, 460 cm\u00b3   \u00d5lipaagi maht 1,1 L   \u00d5lialarm Jah   \u00dclekoormuse indikaator Jah   Kaal 92 kg   M\u00f5\u00f5tmed 700 \u00d7 540 \u00d7 555 mm","og_url":"https:\/\/genekas24.ee\/fi\/tuote\/itcpower-gg10000let-bensiinigeneraator-7000w-230v-400v\/","og_site_name":"Genekas24","og_image":[{"width":500,"height":500,"url":"https:\/\/genekas24.ee\/wp-content\/uploads\/2026\/01\/dgjkdgjk8-500x500-1.jpeg","type":"image\/jpeg"}],"twitter_card":"summary_large_image","twitter_misc":{"Arvioitu lukuaika":"2 minuuttia"},"schema":{"@context":"https:\/\/schema.org","@graph":[{"@type":"WebPage","@id":"https:\/\/genekas24.ee\/toode\/itcpower-gg10000let-bensiinigeneraator-7000w-230v-400v\/","url":"https:\/\/genekas24.ee\/toode\/itcpower-gg10000let-bensiinigeneraator-7000w-230v-400v\/","name":"ITCPOWER GG10000LET bensiinigeneraator 7000W 230V\/400V - Genekas24","isPartOf":{"@id":"https:\/\/genekas24.ee\/#website"},"primaryImageOfPage":{"@id":"https:\/\/genekas24.ee\/toode\/itcpower-gg10000let-bensiinigeneraator-7000w-230v-400v\/#primaryimage"},"image":{"@id":"https:\/\/genekas24.ee\/toode\/itcpower-gg10000let-bensiinigeneraator-7000w-230v-400v\/#primaryimage"},"thumbnailUrl":"https:\/\/genekas24.ee\/wp-content\/uploads\/2026\/01\/dgjkdgjk8-500x500-1.jpeg","datePublished":"2026-04-08T17:01:42+00:00","breadcrumb":{"@id":"https:\/\/genekas24.ee\/toode\/itcpower-gg10000let-bensiinigeneraator-7000w-230v-400v\/#breadcrumb"},"inLanguage":"fi","potentialAction":[{"@type":"ReadAction","target":["https:\/\/genekas24.ee\/toode\/itcpower-gg10000let-bensiinigeneraator-7000w-230v-400v\/"]}]},{"@type":"ImageObject","inLanguage":"fi","@id":"https:\/\/genekas24.ee\/toode\/itcpower-gg10000let-bensiinigeneraator-7000w-230v-400v\/#primaryimage","url":"https:\/\/genekas24.ee\/wp-content\/uploads\/2026\/01\/dgjkdgjk8-500x500-1.jpeg","contentUrl":"https:\/\/genekas24.ee\/wp-content\/uploads\/2026\/01\/dgjkdgjk8-500x500-1.jpeg","width":500,"height":500},{"@type":"BreadcrumbList","@id":"https:\/\/genekas24.ee\/toode\/itcpower-gg10000let-bensiinigeneraator-7000w-230v-400v\/#breadcrumb","itemListElement":[{"@type":"ListItem","position":1,"name":"Home","item":"https:\/\/genekas24.ee\/"},{"@type":"ListItem","position":2,"name":"Pood","item":"https:\/\/genekas24.ee\/pood\/"},{"@type":"ListItem","position":3,"name":"ITCPOWER GG10000LET bensiinigeneraator 7000W 230V\/400V"}]},{"@type":"WebSite","@id":"https:\/\/genekas24.ee\/#website","url":"https:\/\/genekas24.ee\/","name":"Genekas24","description":"Generaatorid | K&ouml;nner S&ouml;hnen tooted | Genekas24","publisher":{"@id":"https:\/\/genekas24.ee\/#organization"},"potentialAction":[{"@type":"SearchAction","target":{"@type":"EntryPoint","urlTemplate":"https:\/\/genekas24.ee\/?s={search_term_string}"},"query-input":{"@type":"PropertyValueSpecification","valueRequired":true,"valueName":"search_term_string"}}],"inLanguage":"fi"},{"@type":"Organization","@id":"https:\/\/genekas24.ee\/#organization","name":"Genekas24","url":"https:\/\/genekas24.ee\/","logo":{"@type":"ImageObject","inLanguage":"fi","@id":"https:\/\/genekas24.ee\/#\/schema\/logo\/image\/","url":"https:\/\/genekas24.ee\/wp-content\/uploads\/2026\/01\/genekas24-logo_black.svg","contentUrl":"https:\/\/genekas24.ee\/wp-content\/uploads\/2026\/01\/genekas24-logo_black.svg","width":840,"height":131,"caption":"Genekas24"},"image":{"@id":"https:\/\/genekas24.ee\/#\/schema\/logo\/image\/"}}]}},"_links":{"self":[{"href":"https:\/\/genekas24.ee\/fi\/wp-json\/wp\/v2\/product\/22586","targetHints":{"allow":["GET"]}}],"collection":[{"href":"https:\/\/genekas24.ee\/fi\/wp-json\/wp\/v2\/product"}],"about":[{"href":"https:\/\/genekas24.ee\/fi\/wp-json\/wp\/v2\/types\/product"}],"version-history":[{"count":1,"href":"https:\/\/genekas24.ee\/fi\/wp-json\/wp\/v2\/product\/22586\/revisions"}],"predecessor-version":[{"id":22592,"href":"https:\/\/genekas24.ee\/fi\/wp-json\/wp\/v2\/product\/22586\/revisions\/22592"}],"wp:featuredmedia":[{"embeddable":true,"href":"https:\/\/genekas24.ee\/fi\/wp-json\/wp\/v2\/media\/22587"}],"wp:attachment":[{"href":"https:\/\/genekas24.ee\/fi\/wp-json\/wp\/v2\/media?parent=22586"}],"wp:term":[{"taxonomy":"product_brand","embeddable":true,"href":"https:\/\/genekas24.ee\/fi\/wp-json\/wp\/v2\/product_brand?post=22586"},{"taxonomy":"product_cat","embeddable":true,"href":"https:\/\/genekas24.ee\/fi\/wp-json\/wp\/v2\/product_cat?post=22586"},{"taxonomy":"product_tag","embeddable":true,"href":"https:\/\/genekas24.ee\/fi\/wp-json\/wp\/v2\/product_tag?post=22586"}],"curies":[{"name":"wp","href":"https:\/\/api.w.org\/{rel}","templated":true}]}}