{"id":22557,"date":"2026-04-08T17:14:25","date_gmt":"2026-04-08T17:14:25","guid":{"rendered":"https:\/\/genekas24.ee\/?post_type=product&#038;p=22557"},"modified":"2026-04-08T17:14:26","modified_gmt":"2026-04-08T17:14:26","slug":"itcpower-dg9000sei-t-diiselgeneraator-inverteriga-6000w-230v-400v","status":"publish","type":"product","link":"https:\/\/genekas24.ee\/fi\/tuote\/itcpower-dg9000sei-t-diiselgeneraator-inverteriga-6000w-230v-400v\/","title":{"rendered":"ITCPOWER DG9000SEi-T diiselgeneraator inverteriga 6000W 230V\/400V"},"content":{"rendered":"<p style=\"font-weight: 400;\">ITCPOWER DG9000SEi-T vaikne diisel-inverter generaator 6000W 230V\/400V on ITCPOWERi esimene 400V diisel-inverter generaator. Selle maksimaalne v\u00f5imsus on 6500W ja pidev v\u00f5imsus 6000W. 6,5 kW diisel-inverter generaator on varustatud inverters\u00fcsteemiga, mis tekitab puhta sinusoidaalse laine, tagades stabiilse ja ohutu elektrivarustuse.<\/p>\n<p style=\"font-weight: 400;\"><strong>Invertertehnoloogia:<\/strong><\/p>\n<p style=\"font-weight: 400;\">ITCPOWERi diisel-inverteri invertertehnoloogia ei paku mitte ainult v\u00f5imsust, vaid ka stabiilset ja usaldusv\u00e4\u00e4rset pinget. Enam pole vaja muretseda pingek\u00f5ikumiste p\u00e4rast, mis v\u00f5ivad teie tundlikku elektroonikat kahjustada: meie generaator pakub vajalikku t\u00e4psust. See t\u00e4hendab aga seda, et te ei saa sellega \u00fchendada k\u00f5rgepinge elektrit\u00f6\u00f6riistu (nt s\u00fcvistamissaed ja suured nurklihvijad). Kui soovite seda teha, valige AVR-juhtimisega (standardne diiselgeneraator).<\/p>\n<p style=\"font-weight: 400;\"><strong>Avariitoiteallikad:<\/strong><\/p>\n<p style=\"font-weight: 400;\">See on diiselgeneraatorite \u00fcks levinumaid rakendusi. Neid kasutatakse elektrienergia tarnimiseks tavalise elektriv\u00f5rgu rikke korral v\u00f5i kui puudub otsene juurdep\u00e4\u00e4s v\u00f5rgule. See on sageli \u00fclioluline j\u00e4rgmistes kohtades: p\u00f5llumajandus, ehitusplatsid, infrastruktuur, lennujaamad ja muud kohad, kus isegi l\u00fchike elektrikatkestus v\u00f5ib olla kulukas. L\u00fchidalt \u00f6eldes kasutatakse diiselgeneraatoreid erinevates kohtades, kus puudub otsene juurdep\u00e4\u00e4s tavalisele elektriv\u00f5rgule, v\u00f5i avariilahendusena.<\/p>\n<p style=\"font-weight: 400;\"><strong>Hooldus:<\/strong><\/p>\n<p style=\"font-weight: 400;\">Diiselgeneraatorid vajavad regulaarset hooldust, sealhulgas \u00f5livahetust, \u00f5hufiltri vahetamist ja k\u00fctuses\u00fcsteemi kontrolli. Veenduge, et seda tehakse regulaarselt, et tagada teie generaatori pikaajaline kasutamine. Soovitatav k\u00fctus on B7 diisel. \u00d5li osas soovitame ITCPOWER generaatoritele kasutada 4T 15W40 \u00f5li. See on parim \u00f5li teie ITCPOWER diiselgeneraatori pikaajaliseks j\u00f5udluseks. \u00d5li, filtrid ja mitmesugused muud osad on meilt kergesti saadaval. Lisateabe saamiseks v\u00f5tke meiega \u00fchendust!<\/p>\n<p style=\"font-weight: 400;\"><strong>V\u00f5imsus ja m\u00fcra:<\/strong><\/p>\n<p style=\"font-weight: 400;\">Diiselgeneraatorid on saadaval erinevates suurustes ja\/v\u00f5i v\u00f5imsusklassides, alates kaasaskantavatest generaatoritest v\u00e4ikeste rakenduste jaoks kuni suurte t\u00f6\u00f6stusgeneraatoriteni, mis suudavad toita terveid rajatisi. Paljud ITCPOWERi generaatorid on varustatud muunduriga. See v\u00e4hendab diiselgeneraatori m\u00fcra. Palun kontrollige hoolikalt allolevaid fotosid ja spetsifikatsioone.<\/p>\n<p style=\"font-weight: 400;\"><strong>Automaatika:<\/strong><\/p>\n<p style=\"font-weight: 400;\">Paljud diiselgeneraatorid on varustatud automaatsete k\u00e4ivitus-\/seiskamiss\u00fcsteemide ja\/v\u00f5i ATS-\u00fchendustega (automaatk\u00e4igukasti s\u00fcsteem) (t\u00e4histatud kui: ATS\/AUTO). Need suudavad v\u00f5rgu katkestuse korral sujuvalt generaatorile toite \u00fcmber l\u00fclitada. See on ideaalne lahendus, kui otsite generaatorit h\u00e4daolukorraks<\/p>","protected":false},"excerpt":{"rendered":"<table>\n<tbody>\n<tr>\n<td>Mudel<\/td>\n<td>DG9000SEi-T<\/td>\n<\/tr>\n<tr>\n<td>J\u00e4nnite<\/td>\n<td>230 V \/ 400 V<\/td>\n<\/tr>\n<tr>\n<td>Maksimaalne voolutugevus<\/td>\n<td>26 A (230 V) \/ 10 A faasi kohta (400 V)<\/td>\n<\/tr>\n<tr>\n<td>Maksimaalne v\u00f5imsus<\/td>\n<td>6500 W (6,5 kW) 230 V ja 400 V juures \/ 8,1 kVA (400 V)<\/td>\n<\/tr>\n<tr>\n<td>Pidevv\u00f5imsus<\/td>\n<td>6000 W (6 kW) 230 V ja 400 V juures \/ 7,5 kVA (400 V)<\/td>\n<\/tr>\n<tr>\n<td>Taajuus<\/td>\n<td>50 Hz<\/td>\n<\/tr>\n<tr>\n<td>\u00dchendused<\/td>\n<td>1 \u00d7 16 A ja 1 \u00d7 32 A (230 V) \/ 1 \u00d7 5-faasiline 16 A (400 V)<\/td>\n<\/tr>\n<tr>\n<td>N\u00e4ytt\u00f6<\/td>\n<td>Digitaalne (LED6)<\/td>\n<\/tr>\n<tr>\n<td>ECO funktsioon<\/td>\n<td>Jah<\/td>\n<\/tr>\n<tr>\n<td>T\u00f6\u00f6 madala koormusega<\/td>\n<td>Madalamad p\u00f6\u00f6rded = v\u00e4iksem k\u00fctusekulu<\/td>\n<\/tr>\n<tr>\n<td>ATS valmidus<\/td>\n<td>Jah<\/td>\n<\/tr>\n<tr>\n<td>AUTO START<\/td>\n<td>Jah<\/td>\n<\/tr>\n<tr>\n<td>Pinge reguleerimine<\/td>\n<td>Inverterplaat (t\u00e4isv\u00f5imsusel)<\/td>\n<\/tr>\n<tr>\n<td>\u00dclekoormuskaitse<\/td>\n<td>Jah<\/td>\n<\/tr>\n<tr>\n<td>K\u00fctusepaagi maht<\/td>\n<td>15 l<\/td>\n<\/tr>\n<tr>\n<td>K\u00fctusekulu<\/td>\n<td>1,3 l\/h (50% koormusel)<\/td>\n<\/tr>\n<tr>\n<td>P\u00f6\u00f6rded minutis<\/td>\n<td>3000 p\/min<\/td>\n<\/tr>\n<tr>\n<td>\u00d5lialarm<\/td>\n<td>Jah (\u00f5li-\/karteri maht 1,6 l)<\/td>\n<\/tr>\n<tr>\n<td>M\u00fcratase (7 m)<\/td>\n<td>72 dBA<\/td>\n<\/tr>\n<tr>\n<td>K\u00e4ivitusaku<\/td>\n<td>30 Ah \/ 12 V<\/td>\n<\/tr>\n<tr>\n<td>Moottorityyppi<\/td>\n<td>3000 p\/min, inverterjuhtimisega, \u00f5hkjahutusega<\/td>\n<\/tr>\n<tr>\n<td>Mootori v\u00f5imsus<\/td>\n<td>Diisel D500E, 498 cm\u00b3, 12 hj<\/td>\n<\/tr>\n<tr>\n<td>Generaattori<\/td>\n<td>AL7<\/td>\n<\/tr>\n<tr>\n<td>Kaal<\/td>\n<td>136 kg (neto) \/ 145 kg (bruto)<\/td>\n<\/tr>\n<tr>\n<td>M\u00f5\u00f5tmed<\/td>\n<td>Bruto: 97 \u00d7 56,5 \u00d7 78 cm<\/p>\n<p>Neto: 75 \u00d7 52,2 \u00d7 74 cm<\/td>\n<\/tr>\n<\/tbody>\n<\/table>","protected":false},"featured_media":22558,"template":"","meta":{"_acf_changed":false,"inline_featured_image":false},"product_brand":[],"product_cat":[110,94],"product_tag":[],"class_list":{"0":"post-22557","1":"product","2":"type-product","3":"status-publish","4":"has-post-thumbnail","6":"product_cat-diisel-invertergeneraatorid","7":"product_cat-generaatorid","8":"product_shipping_class-euroalus","9":"brand-itcpower","11":"first","12":"instock","13":"taxable","14":"shipping-taxable","15":"purchasable","16":"product-type-simple"},"acf":[],"yoast_head":"<!-- This site is optimized with the Yoast SEO plugin v27.2 - https:\/\/yoast.com\/product\/yoast-seo-wordpress\/ -->\n<title>ITCPOWER DG9000SEi-T diiselgeneraator inverteriga 6000W 230V\/400V - Genekas24<\/title>\n<meta name=\"robots\" content=\"index, follow, max-snippet:-1, max-image-preview:large, max-video-preview:-1\" \/>\n<link rel=\"canonical\" href=\"https:\/\/genekas24.ee\/fi\/tuote\/itcpower-dg9000sei-t-diiselgeneraator-inverteriga-6000w-230v-400v\/\" \/>\n<meta property=\"og:locale\" content=\"fi_FI\" \/>\n<meta property=\"og:type\" content=\"article\" \/>\n<meta property=\"og:title\" content=\"ITCPOWER DG9000SEi-T diiselgeneraator inverteriga 6000W 230V\/400V - Genekas24\" \/>\n<meta property=\"og:description\" content=\"Mudel DG9000SEi-T   Pinge 230 V \/ 400 V   Maksimaalne voolutugevus 26 A (230 V) \/ 10 A faasi kohta (400 V)   Maksimaalne v\u00f5imsus 6500 W (6,5 kW) 230 V ja 400 V juures \/ 8,1 kVA (400 V)   Pidevv\u00f5imsus 6000 W (6 kW) 230 V ja 400 V juures \/ 7,5 kVA (400 V)   Sagedus 50 Hz   \u00dchendused 1 \u00d7 16 A ja 1 \u00d7 32 A (230 V) \/ 1 \u00d7 5-faasiline 16 A (400 V)   Ekraan Digitaalne (LED6)   ECO funktsioon Jah   T\u00f6\u00f6 madala koormusega Madalamad p\u00f6\u00f6rded = v\u00e4iksem k\u00fctusekulu   ATS valmidus Jah   AUTO START Jah   Pinge reguleerimine Inverterplaat (t\u00e4isv\u00f5imsusel)   \u00dclekoormuskaitse Jah   K\u00fctusepaagi maht 15 l   K\u00fctusekulu 1,3 l\/h (50% koormusel)   P\u00f6\u00f6rded minutis 3000 p\/min   \u00d5lialarm Jah (\u00f5li-\/karteri maht 1,6 l)   M\u00fcratase (7 m) 72 dBA   K\u00e4ivitusaku 30 Ah \/ 12 V   Mootori t\u00fc\u00fcp 3000 p\/min, inverterjuhtimisega, \u00f5hkjahutusega   Mootori v\u00f5imsus Diisel D500E, 498 cm\u00b3, 12 hj   Generaator AL7   Kaal 136 kg (neto) \/ 145 kg (bruto)   M\u00f5\u00f5tmed Bruto: 97 \u00d7 56,5 \u00d7 78 cm  Neto: 75 \u00d7 52,2 \u00d7 74 cm\" \/>\n<meta property=\"og:url\" content=\"https:\/\/genekas24.ee\/fi\/tuote\/itcpower-dg9000sei-t-diiselgeneraator-inverteriga-6000w-230v-400v\/\" \/>\n<meta property=\"og:site_name\" content=\"Genekas24\" \/>\n<meta property=\"article:modified_time\" content=\"2026-04-08T17:14:26+00:00\" \/>\n<meta property=\"og:image\" content=\"https:\/\/genekas24.ee\/wp-content\/uploads\/2026\/01\/Schermafbeelding-2025-07-14-120634-500x500-1.png\" \/>\n\t<meta property=\"og:image:width\" content=\"500\" \/>\n\t<meta property=\"og:image:height\" content=\"500\" \/>\n\t<meta property=\"og:image:type\" content=\"image\/png\" \/>\n<meta name=\"twitter:card\" content=\"summary_large_image\" \/>\n<meta name=\"twitter:label1\" content=\"Arvioitu lukuaika\" \/>\n\t<meta name=\"twitter:data1\" content=\"2 minuuttia\" \/>\n<script type=\"application\/ld+json\" class=\"yoast-schema-graph\">{\"@context\":\"https:\/\/schema.org\",\"@graph\":[{\"@type\":\"WebPage\",\"@id\":\"https:\/\/genekas24.ee\/toode\/itcpower-dg9000sei-t-diiselgeneraator-inverteriga-6000w-230v-400v\/\",\"url\":\"https:\/\/genekas24.ee\/toode\/itcpower-dg9000sei-t-diiselgeneraator-inverteriga-6000w-230v-400v\/\",\"name\":\"ITCPOWER DG9000SEi-T diiselgeneraator inverteriga 6000W 230V\/400V - Genekas24\",\"isPartOf\":{\"@id\":\"https:\/\/genekas24.ee\/#website\"},\"primaryImageOfPage\":{\"@id\":\"https:\/\/genekas24.ee\/toode\/itcpower-dg9000sei-t-diiselgeneraator-inverteriga-6000w-230v-400v\/#primaryimage\"},\"image\":{\"@id\":\"https:\/\/genekas24.ee\/toode\/itcpower-dg9000sei-t-diiselgeneraator-inverteriga-6000w-230v-400v\/#primaryimage\"},\"thumbnailUrl\":\"https:\/\/genekas24.ee\/wp-content\/uploads\/2026\/01\/Schermafbeelding-2025-07-14-120634-500x500-1.png\",\"datePublished\":\"2026-04-08T17:14:25+00:00\",\"dateModified\":\"2026-04-08T17:14:26+00:00\",\"breadcrumb\":{\"@id\":\"https:\/\/genekas24.ee\/toode\/itcpower-dg9000sei-t-diiselgeneraator-inverteriga-6000w-230v-400v\/#breadcrumb\"},\"inLanguage\":\"fi\",\"potentialAction\":[{\"@type\":\"ReadAction\",\"target\":[\"https:\/\/genekas24.ee\/toode\/itcpower-dg9000sei-t-diiselgeneraator-inverteriga-6000w-230v-400v\/\"]}]},{\"@type\":\"ImageObject\",\"inLanguage\":\"fi\",\"@id\":\"https:\/\/genekas24.ee\/toode\/itcpower-dg9000sei-t-diiselgeneraator-inverteriga-6000w-230v-400v\/#primaryimage\",\"url\":\"https:\/\/genekas24.ee\/wp-content\/uploads\/2026\/01\/Schermafbeelding-2025-07-14-120634-500x500-1.png\",\"contentUrl\":\"https:\/\/genekas24.ee\/wp-content\/uploads\/2026\/01\/Schermafbeelding-2025-07-14-120634-500x500-1.png\",\"width\":500,\"height\":500},{\"@type\":\"BreadcrumbList\",\"@id\":\"https:\/\/genekas24.ee\/toode\/itcpower-dg9000sei-t-diiselgeneraator-inverteriga-6000w-230v-400v\/#breadcrumb\",\"itemListElement\":[{\"@type\":\"ListItem\",\"position\":1,\"name\":\"Home\",\"item\":\"https:\/\/genekas24.ee\/\"},{\"@type\":\"ListItem\",\"position\":2,\"name\":\"Pood\",\"item\":\"https:\/\/genekas24.ee\/pood\/\"},{\"@type\":\"ListItem\",\"position\":3,\"name\":\"ITCPOWER DG9000SEi-T diiselgeneraator inverteriga 6000W 230V\/400V\"}]},{\"@type\":\"WebSite\",\"@id\":\"https:\/\/genekas24.ee\/#website\",\"url\":\"https:\/\/genekas24.ee\/\",\"name\":\"Genekas24\",\"description\":\"Generaatorid | K&ouml;nner S&ouml;hnen tooted | Genekas24\",\"publisher\":{\"@id\":\"https:\/\/genekas24.ee\/#organization\"},\"potentialAction\":[{\"@type\":\"SearchAction\",\"target\":{\"@type\":\"EntryPoint\",\"urlTemplate\":\"https:\/\/genekas24.ee\/?s={search_term_string}\"},\"query-input\":{\"@type\":\"PropertyValueSpecification\",\"valueRequired\":true,\"valueName\":\"search_term_string\"}}],\"inLanguage\":\"fi\"},{\"@type\":\"Organization\",\"@id\":\"https:\/\/genekas24.ee\/#organization\",\"name\":\"Genekas24\",\"url\":\"https:\/\/genekas24.ee\/\",\"logo\":{\"@type\":\"ImageObject\",\"inLanguage\":\"fi\",\"@id\":\"https:\/\/genekas24.ee\/#\/schema\/logo\/image\/\",\"url\":\"https:\/\/genekas24.ee\/wp-content\/uploads\/2026\/01\/genekas24-logo_black.svg\",\"contentUrl\":\"https:\/\/genekas24.ee\/wp-content\/uploads\/2026\/01\/genekas24-logo_black.svg\",\"width\":840,\"height\":131,\"caption\":\"Genekas24\"},\"image\":{\"@id\":\"https:\/\/genekas24.ee\/#\/schema\/logo\/image\/\"}}]}<\/script>\n<!-- \/ Yoast SEO plugin. -->","yoast_head_json":{"title":"ITCPOWER DG9000SEi-T diiselgeneraator inverteriga 6000W 230V\/400V - Genekas24","robots":{"index":"index","follow":"follow","max-snippet":"max-snippet:-1","max-image-preview":"max-image-preview:large","max-video-preview":"max-video-preview:-1"},"canonical":"https:\/\/genekas24.ee\/fi\/tuote\/itcpower-dg9000sei-t-diiselgeneraator-inverteriga-6000w-230v-400v\/","og_locale":"fi_FI","og_type":"article","og_title":"ITCPOWER DG9000SEi-T diiselgeneraator inverteriga 6000W 230V\/400V - Genekas24","og_description":"Mudel DG9000SEi-T   Pinge 230 V \/ 400 V   Maksimaalne voolutugevus 26 A (230 V) \/ 10 A faasi kohta (400 V)   Maksimaalne v\u00f5imsus 6500 W (6,5 kW) 230 V ja 400 V juures \/ 8,1 kVA (400 V)   Pidevv\u00f5imsus 6000 W (6 kW) 230 V ja 400 V juures \/ 7,5 kVA (400 V)   Sagedus 50 Hz   \u00dchendused 1 \u00d7 16 A ja 1 \u00d7 32 A (230 V) \/ 1 \u00d7 5-faasiline 16 A (400 V)   Ekraan Digitaalne (LED6)   ECO funktsioon Jah   T\u00f6\u00f6 madala koormusega Madalamad p\u00f6\u00f6rded = v\u00e4iksem k\u00fctusekulu   ATS valmidus Jah   AUTO START Jah   Pinge reguleerimine Inverterplaat (t\u00e4isv\u00f5imsusel)   \u00dclekoormuskaitse Jah   K\u00fctusepaagi maht 15 l   K\u00fctusekulu 1,3 l\/h (50% koormusel)   P\u00f6\u00f6rded minutis 3000 p\/min   \u00d5lialarm Jah (\u00f5li-\/karteri maht 1,6 l)   M\u00fcratase (7 m) 72 dBA   K\u00e4ivitusaku 30 Ah \/ 12 V   Mootori t\u00fc\u00fcp 3000 p\/min, inverterjuhtimisega, \u00f5hkjahutusega   Mootori v\u00f5imsus Diisel D500E, 498 cm\u00b3, 12 hj   Generaator AL7   Kaal 136 kg (neto) \/ 145 kg (bruto)   M\u00f5\u00f5tmed Bruto: 97 \u00d7 56,5 \u00d7 78 cm  Neto: 75 \u00d7 52,2 \u00d7 74 cm","og_url":"https:\/\/genekas24.ee\/fi\/tuote\/itcpower-dg9000sei-t-diiselgeneraator-inverteriga-6000w-230v-400v\/","og_site_name":"Genekas24","article_modified_time":"2026-04-08T17:14:26+00:00","og_image":[{"width":500,"height":500,"url":"https:\/\/genekas24.ee\/wp-content\/uploads\/2026\/01\/Schermafbeelding-2025-07-14-120634-500x500-1.png","type":"image\/png"}],"twitter_card":"summary_large_image","twitter_misc":{"Arvioitu lukuaika":"2 minuuttia"},"schema":{"@context":"https:\/\/schema.org","@graph":[{"@type":"WebPage","@id":"https:\/\/genekas24.ee\/toode\/itcpower-dg9000sei-t-diiselgeneraator-inverteriga-6000w-230v-400v\/","url":"https:\/\/genekas24.ee\/toode\/itcpower-dg9000sei-t-diiselgeneraator-inverteriga-6000w-230v-400v\/","name":"ITCPOWER DG9000SEi-T diiselgeneraator inverteriga 6000W 230V\/400V - Genekas24","isPartOf":{"@id":"https:\/\/genekas24.ee\/#website"},"primaryImageOfPage":{"@id":"https:\/\/genekas24.ee\/toode\/itcpower-dg9000sei-t-diiselgeneraator-inverteriga-6000w-230v-400v\/#primaryimage"},"image":{"@id":"https:\/\/genekas24.ee\/toode\/itcpower-dg9000sei-t-diiselgeneraator-inverteriga-6000w-230v-400v\/#primaryimage"},"thumbnailUrl":"https:\/\/genekas24.ee\/wp-content\/uploads\/2026\/01\/Schermafbeelding-2025-07-14-120634-500x500-1.png","datePublished":"2026-04-08T17:14:25+00:00","dateModified":"2026-04-08T17:14:26+00:00","breadcrumb":{"@id":"https:\/\/genekas24.ee\/toode\/itcpower-dg9000sei-t-diiselgeneraator-inverteriga-6000w-230v-400v\/#breadcrumb"},"inLanguage":"fi","potentialAction":[{"@type":"ReadAction","target":["https:\/\/genekas24.ee\/toode\/itcpower-dg9000sei-t-diiselgeneraator-inverteriga-6000w-230v-400v\/"]}]},{"@type":"ImageObject","inLanguage":"fi","@id":"https:\/\/genekas24.ee\/toode\/itcpower-dg9000sei-t-diiselgeneraator-inverteriga-6000w-230v-400v\/#primaryimage","url":"https:\/\/genekas24.ee\/wp-content\/uploads\/2026\/01\/Schermafbeelding-2025-07-14-120634-500x500-1.png","contentUrl":"https:\/\/genekas24.ee\/wp-content\/uploads\/2026\/01\/Schermafbeelding-2025-07-14-120634-500x500-1.png","width":500,"height":500},{"@type":"BreadcrumbList","@id":"https:\/\/genekas24.ee\/toode\/itcpower-dg9000sei-t-diiselgeneraator-inverteriga-6000w-230v-400v\/#breadcrumb","itemListElement":[{"@type":"ListItem","position":1,"name":"Home","item":"https:\/\/genekas24.ee\/"},{"@type":"ListItem","position":2,"name":"Pood","item":"https:\/\/genekas24.ee\/pood\/"},{"@type":"ListItem","position":3,"name":"ITCPOWER DG9000SEi-T diiselgeneraator inverteriga 6000W 230V\/400V"}]},{"@type":"WebSite","@id":"https:\/\/genekas24.ee\/#website","url":"https:\/\/genekas24.ee\/","name":"Genekas24","description":"Generaatorid | K&ouml;nner S&ouml;hnen tooted | Genekas24","publisher":{"@id":"https:\/\/genekas24.ee\/#organization"},"potentialAction":[{"@type":"SearchAction","target":{"@type":"EntryPoint","urlTemplate":"https:\/\/genekas24.ee\/?s={search_term_string}"},"query-input":{"@type":"PropertyValueSpecification","valueRequired":true,"valueName":"search_term_string"}}],"inLanguage":"fi"},{"@type":"Organization","@id":"https:\/\/genekas24.ee\/#organization","name":"Genekas24","url":"https:\/\/genekas24.ee\/","logo":{"@type":"ImageObject","inLanguage":"fi","@id":"https:\/\/genekas24.ee\/#\/schema\/logo\/image\/","url":"https:\/\/genekas24.ee\/wp-content\/uploads\/2026\/01\/genekas24-logo_black.svg","contentUrl":"https:\/\/genekas24.ee\/wp-content\/uploads\/2026\/01\/genekas24-logo_black.svg","width":840,"height":131,"caption":"Genekas24"},"image":{"@id":"https:\/\/genekas24.ee\/#\/schema\/logo\/image\/"}}]}},"_links":{"self":[{"href":"https:\/\/genekas24.ee\/fi\/wp-json\/wp\/v2\/product\/22557","targetHints":{"allow":["GET"]}}],"collection":[{"href":"https:\/\/genekas24.ee\/fi\/wp-json\/wp\/v2\/product"}],"about":[{"href":"https:\/\/genekas24.ee\/fi\/wp-json\/wp\/v2\/types\/product"}],"version-history":[{"count":1,"href":"https:\/\/genekas24.ee\/fi\/wp-json\/wp\/v2\/product\/22557\/revisions"}],"predecessor-version":[{"id":22564,"href":"https:\/\/genekas24.ee\/fi\/wp-json\/wp\/v2\/product\/22557\/revisions\/22564"}],"wp:featuredmedia":[{"embeddable":true,"href":"https:\/\/genekas24.ee\/fi\/wp-json\/wp\/v2\/media\/22558"}],"wp:attachment":[{"href":"https:\/\/genekas24.ee\/fi\/wp-json\/wp\/v2\/media?parent=22557"}],"wp:term":[{"taxonomy":"product_brand","embeddable":true,"href":"https:\/\/genekas24.ee\/fi\/wp-json\/wp\/v2\/product_brand?post=22557"},{"taxonomy":"product_cat","embeddable":true,"href":"https:\/\/genekas24.ee\/fi\/wp-json\/wp\/v2\/product_cat?post=22557"},{"taxonomy":"product_tag","embeddable":true,"href":"https:\/\/genekas24.ee\/fi\/wp-json\/wp\/v2\/product_tag?post=22557"}],"curies":[{"name":"wp","href":"https:\/\/api.w.org\/{rel}","templated":true}]}}