{"id":22513,"date":"2026-01-14T08:58:03","date_gmt":"2026-01-14T08:58:03","guid":{"rendered":"https:\/\/genekas24.ee\/?post_type=product&#038;p=22513"},"modified":"2026-04-08T16:41:11","modified_gmt":"2026-04-08T16:41:11","slug":"inverter-bensiinigeneraator-ks-6500ie","status":"publish","type":"product","link":"https:\/\/genekas24.ee\/fi\/tuote\/inverter-bensiinigeneraator-ks-6500ie\/","title":{"rendered":"Inverter bensiinigeneraator KS 6500iE"},"content":{"rendered":"<p>K\u00f6nner &amp; S\u00f6hnen KS 6500iE invertergeneraator on kaasaegne, v\u00f5rguv\u00e4line toiteallikas (maksimaalne v\u00f5imsus 6,5 kW \/ nimiv\u00f5imsus 6,0 kW) puhta siinuslainega, ohutu tundlikele seadmetele. Sobib p\u00e4ikeses\u00fcsteemidele, meditsiinilistele, telekommunikatsiooni- ja turvaseadmetele. Omadused: elektriline k\u00e4ivitus, v\u00f5imas EURO 5 mootor ja ECONOMY MODE (kuni 50% k\u00fctuses\u00e4\u00e4st). LED-ekraan n\u00e4itab pinget, sagedust, t\u00f6\u00f6tunde. Mugav juhtpaneel. Sisaldab 1\u00d716A (230V) vahelduvvoolupesa, 12V\/8.3A alalisvoolupesa, USB QC 3.0 + Type C.<\/p>\n<table style=\"border-collapse: collapse; width: 100%;\">\n<tbody>\n<tr>\n<td style=\"width: 16.2564%;\"><img decoding=\"async\" src=\"https:\/\/konner-sohnen.ee\/cdn\/shop\/files\/1_inverter_technology_ks_6500iE.jpg?v=1755681656&amp;width=500\" alt=\"Invertertehnoloogia\" \/><\/td>\n<td style=\"width: 83.7436%;\">\n<h3>Invertertehnoloogia<\/h3>\n<div class=\"text-sm\">Stabiilne pingetootmine puhta siinuslainega muudab selle generaatori ideaalseks tundlike elektroonikaseadmete toiteks<\/div>\n<\/td>\n<\/tr>\n<tr>\n<td style=\"width: 16.2564%;\"><img decoding=\"async\" src=\"https:\/\/konner-sohnen.ee\/cdn\/shop\/files\/2_reliable_EURO_5_engine_ks_6500iE.jpg?v=1755681656&amp;width=500\" alt=\"Usaldusv\u00e4\u00e4rne EURO 5 mootor\" \/><\/td>\n<td style=\"width: 83.7436%;\">\n<h3>Usaldusv\u00e4\u00e4rne EURO 5 mootor<\/h3>\n<div class=\"text-sm\">V\u00f5imas mootor vastab kaasaegsele EURO V keskkonnastandardile, tagades madalad heitkogused ja pikaajalise, katkematu t\u00f6\u00f6.<\/div>\n<\/td>\n<\/tr>\n<tr>\n<td style=\"width: 16.2564%;\"><img decoding=\"async\" src=\"https:\/\/konner-sohnen.ee\/cdn\/shop\/files\/3_brushless_alternator_with_100_copper_winding_ks_6500iE.jpg?v=1755681656&amp;width=500\" alt=\"Harjadeta generaator 100% vase m\u00e4hisega\" \/><\/td>\n<td style=\"width: 83.7436%;\">\n<div class=\"left\">\n<h3>Harjadeta generaator 100% vase m\u00e4hisega<\/h3>\n<div class=\"text-sm\">Tagab stabiilse elektritootmise isegi suurte koormuste all<\/div>\n<\/div>\n<div class=\"right\"><\/div>\n<\/td>\n<\/tr>\n<tr>\n<td style=\"width: 16.2564%;\"><img decoding=\"async\" src=\"https:\/\/konner-sohnen.ee\/cdn\/shop\/files\/4_economy_mode_ks_6500iE.jpg?v=1755681999&amp;width=500\" alt=\"S\u00e4\u00e4sture\u017eiim\" \/><\/td>\n<td style=\"width: 83.7436%;\">\n<h3>S\u00e4\u00e4sture\u017eiim<\/h3>\n<div class=\"text-sm\">Suurendab k\u00fctuse t\u00f5husust, v\u00e4hendades k\u00fctusekulu madalate koormuste korral<\/div>\n<\/td>\n<\/tr>\n<tr>\n<td style=\"width: 16.2564%;\"><img decoding=\"async\" src=\"https:\/\/konner-sohnen.ee\/cdn\/shop\/files\/5_ergonomic_control_panel_ks_6500iE.jpg?v=1755681656&amp;width=500\" alt=\"Ergonoomiline juhtpaneel\" \/><\/td>\n<td style=\"width: 83.7436%;\">\n<h3>Ergonoomiline juhtpaneel<\/h3>\n<div class=\"text-sm\">k\u00f5ik peamised juhtnupud ja indikaatorid asuvad mugavalt \u00fches kohas. LED-ekraan n\u00e4itab pinget, sagedust ja t\u00f6\u00f6tunde, samuti \u00f5litaseme, koormuse ja \u00fclekoormuse indikaatoreid<\/div>\n<\/td>\n<\/tr>\n<\/tbody>\n<\/table>","protected":false},"excerpt":{"rendered":"<table style=\"width: 99.1338%;\">\n<tbody>\n<tr>\n<td style=\"width: 54.2989%;\">J\u00e4nnite, V<\/td>\n<td style=\"width: 119.776%;\">230<\/td>\n<\/tr>\n<tr>\n<td style=\"width: 54.2989%;\">Maksimaalne v\u00f5imsus, kW<\/td>\n<td style=\"width: 119.776%;\">6.5<\/td>\n<\/tr>\n<tr>\n<td style=\"width: 54.2989%;\">Nimellisteho, kW<\/td>\n<td style=\"width: 119.776%;\">6.0<\/td>\n<\/tr>\n<tr>\n<td style=\"width: 54.2989%;\">V\u00f5imsustegur, cos\u03c6<\/td>\n<td style=\"width: 119.776%;\">1<\/td>\n<\/tr>\n<tr>\n<td style=\"width: 54.2989%;\">Taajuus, Hz<\/td>\n<td style=\"width: 119.776%;\">50<\/td>\n<\/tr>\n<tr>\n<td style=\"width: 54.2989%;\">Praegune (max), A<\/td>\n<td style=\"width: 119.776%;\">28.6<\/td>\n<\/tr>\n<tr>\n<td style=\"width: 54.2989%;\">Mootori k\u00e4ivitus<\/td>\n<td style=\"width: 119.776%;\">S\u00e4hk\u00f6inen<\/td>\n<\/tr>\n<tr>\n<td style=\"width: 54.2989%;\">Polttoaines\u00e4ili\u00f6n tilavuus, L<\/td>\n<td style=\"width: 119.776%;\">17<\/td>\n<\/tr>\n<tr>\n<td style=\"width: 54.2989%;\">Keskmine t\u00f6\u00f6aeg (v\u00f5imsus 50%), h<\/td>\n<td style=\"width: 119.776%;\">6<\/td>\n<\/tr>\n<tr>\n<td style=\"width: 54.2989%;\">LED-n\u00e4ytt\u00f6<\/td>\n<td style=\"width: 119.776%;\">Pinge, sagedus, t\u00f6\u00f6tunnid<\/td>\n<\/tr>\n<tr>\n<td style=\"width: 54.2989%;\">M\u00fcra tase Lpa (7m)\/Lwa, dB<\/td>\n<td style=\"width: 119.776%;\">70\/97<\/td>\n<\/tr>\n<tr>\n<td style=\"width: 54.2989%;\">V\u00e4ljundv\u00f5imsus DC, V\/A<\/td>\n<td style=\"width: 119.776%;\">12\/8.3<\/td>\n<\/tr>\n<tr>\n<td style=\"width: 54.2989%;\">USB-v\u00e4ljundid<\/td>\n<td style=\"width: 119.776%;\">USB QC 3.0 + T\u00fc\u00fcp C<\/td>\n<\/tr>\n<tr>\n<td style=\"width: 54.2989%;\">Moottorin malli<\/td>\n<td style=\"width: 119.776%;\">KS 310i<\/td>\n<\/tr>\n<tr>\n<td style=\"width: 54.2989%;\">Moottorin sylinteritilavuus, cm3<\/td>\n<td style=\"width: 119.776%;\">306<\/td>\n<\/tr>\n<tr>\n<td style=\"width: 54.2989%;\">Moottorityyppi<\/td>\n<td style=\"width: 119.776%;\">Bensiinik\u00e4ytt\u00f6inen, yksisylinterinen, nelitahtinen, ilmaj\u00e4\u00e4hdytteinen<\/td>\n<\/tr>\n<tr>\n<td style=\"width: 54.2989%;\">Mootori v\u00f5imsus, hj<\/td>\n<td style=\"width: 119.776%;\">10.4<\/td>\n<\/tr>\n<tr>\n<td style=\"width: 54.2989%;\">V\u00e4nda karteri maht, l<\/td>\n<td style=\"width: 119.776%;\">0.8<\/td>\n<\/tr>\n<tr>\n<td style=\"width: 54.2989%;\">Aku (A\u00b7h)<\/td>\n<td style=\"width: 119.776%;\">1.6<\/td>\n<\/tr>\n<tr>\n<td style=\"width: 54.2989%;\">Generaatori m\u00e4his<\/td>\n<td style=\"width: 119.776%;\">kupari<\/td>\n<\/tr>\n<tr>\n<td style=\"width: 54.2989%;\">Suojausluokka<\/td>\n<td style=\"width: 119.776%;\">IP23M<\/td>\n<\/tr>\n<tr>\n<td style=\"width: 54.2989%;\">Netom\u00f5\u00f5tmed (PxLxK), mm<\/td>\n<td style=\"width: 119.776%;\">615\u00d7465\u00d7492<\/td>\n<\/tr>\n<tr>\n<td style=\"width: 54.2989%;\">\u00dcldm\u00f5\u00f5tmed (PxLxK), mm<\/td>\n<td style=\"width: 119.776%;\">745\u00d7490\u00d7505<\/td>\n<\/tr>\n<tr>\n<td style=\"width: 54.2989%;\">Nettopaino, kg<\/td>\n<td style=\"width: 119.776%;\">42<\/td>\n<\/tr>\n<tr>\n<td style=\"width: 54.2989%;\">Kogukaal, kg<\/td>\n<td style=\"width: 119.776%;\">48.0<\/td>\n<\/tr>\n<tr>\n<td style=\"width: 54.2989%;\">SKU<\/td>\n<td style=\"width: 119.776%;\">KS 6500iE<\/td>\n<\/tr>\n<tr>\n<td style=\"width: 54.2989%;\">EAN<\/td>\n<td style=\"width: 119.776%;\">4260405368334<\/td>\n<\/tr>\n<\/tbody>\n<\/table>\n<p><span style=\"font-size: 10pt;\"><em>***Polttoaineenkulutus riippuu monista tekij\u00f6ist\u00e4, kuten kuormituksesta, polttoaineen laadusta, vuodenajasta, korkeudesta, generaattorin teknisest\u00e4 kunnosta.<\/em><\/span><\/p>\n<p><span style=\"font-size: 10pt;\"><em>T\u00c4HELEPANU! Toode m\u00fc\u00fcakse ilma mootori\u00f5li v\u00f5i bensiinita. Enne esimest k\u00e4ivitamist tuleb lisada neljataktiliste bensiinimootorite mootori\u00f5li. Soovitame kasutada 10W-30 v\u00f5i 10W-40 \u00f5li. Kontrollige alati \u00f5litaset enne iga kasutuskorda. Kasutage ainult pliivaba bensiini, mille oktaaniarv on 90\u201395 ja mis sisaldab mitte rohkem kui 10%<\/em> eta<em>nooli.<\/em><\/span><\/p>","protected":false},"featured_media":22514,"template":"","meta":{"_acf_changed":false,"inline_featured_image":false},"product_brand":[],"product_cat":[94,21,23],"product_tag":[],"class_list":{"0":"post-22513","1":"product","2":"type-product","3":"status-publish","4":"has-post-thumbnail","6":"product_cat-generaatorid","7":"product_cat-bensiinigeneraatorid","8":"product_cat-invertergeneraatorid","9":"product_shipping_class-poolalus","10":"brand-konner-sohnen","12":"first","13":"instock","14":"taxable","15":"shipping-taxable","16":"purchasable","17":"product-type-simple"},"acf":[],"yoast_head":"<!-- This site is optimized with the Yoast SEO plugin v27.2 - https:\/\/yoast.com\/product\/yoast-seo-wordpress\/ -->\n<title>Inverter bensiinigeneraator KS 6500iE - Genekas24<\/title>\n<meta name=\"robots\" content=\"index, follow, max-snippet:-1, max-image-preview:large, max-video-preview:-1\" \/>\n<link rel=\"canonical\" href=\"https:\/\/genekas24.ee\/fi\/tuote\/inverter-bensiinigeneraator-ks-6500ie\/\" \/>\n<meta property=\"og:locale\" content=\"fi_FI\" \/>\n<meta property=\"og:type\" content=\"article\" \/>\n<meta property=\"og:title\" content=\"Inverter bensiinigeneraator KS 6500iE - Genekas24\" \/>\n<meta property=\"og:description\" content=\"Pinge, V 230   Maksimaalne v\u00f5imsus, kW 6.5   Nominaalne v\u00f5imsus, kW 6.0   V\u00f5imsustegur, cos\u03c6 1   Sagedus, Hz 50   Praegune (max), A 28.6   Mootori k\u00e4ivitus Elektriline   K\u00fctusepaagi maht, l 17   Keskmine t\u00f6\u00f6aeg (v\u00f5imsus 50%), h 6   LED ekraan Pinge, sagedus, t\u00f6\u00f6tunnid   M\u00fcra tase Lpa (7m)\/Lwa, dB 70\/97   V\u00e4ljundv\u00f5imsus DC, V\/A 12\/8.3   USB-v\u00e4ljundid USB QC 3.0 + T\u00fc\u00fcp C   Mootori mudel KS 310i   Mootori silindri maht, cm3 306   Mootori t\u00fc\u00fcp Bensiinimootoriga \u00fchesilindriline, neljataktiline \u00f5hkjahutusega   Mootori v\u00f5imsus, hj 10.4   V\u00e4nda karteri maht, l 0.8   Aku (A\u00b7h) 1.6   Generaatori m\u00e4his Vask   Kaitseklass IP23M   Netom\u00f5\u00f5tmed (PxLxK), mm 615\u00d7465\u00d7492   \u00dcldm\u00f5\u00f5tmed (PxLxK), mm 745\u00d7490\u00d7505   Netokaal, kg 42   Kogukaal, kg 48.0   SKU KS 6500iE   EAN 4260405368334    *** K\u00fctusekulu s\u00f5ltub paljudest teguritest, nagu koormus, k\u00fctuse kvaliteet, hooaeg, k\u00f5rgus merepinnast, generaatori tehniline seisukord.  T\u00c4HELEPANU! Toode m\u00fc\u00fcakse ilma mootori\u00f5li v\u00f5i bensiinita. Enne esimest k\u00e4ivitamist tuleb lisada neljataktiliste bensiinimootorite mootori\u00f5li. Soovitame kasutada 10W-30 v\u00f5i 10W-40 \u00f5li. Kontrollige alati \u00f5litaset enne iga kasutuskorda. Kasutage ainult pliivaba bensiini, mille oktaaniarv on 90\u201395 ja mis sisaldab mitte rohkem kui 10% etanooli.\" \/>\n<meta property=\"og:url\" content=\"https:\/\/genekas24.ee\/fi\/tuote\/inverter-bensiinigeneraator-ks-6500ie\/\" \/>\n<meta property=\"og:site_name\" content=\"Genekas24\" \/>\n<meta property=\"article:modified_time\" content=\"2026-04-08T16:41:11+00:00\" \/>\n<meta property=\"og:image\" content=\"https:\/\/genekas24.ee\/wp-content\/uploads\/2026\/01\/ks-6500ie-01.webp\" \/>\n\t<meta property=\"og:image:width\" content=\"1600\" \/>\n\t<meta property=\"og:image:height\" content=\"1600\" \/>\n\t<meta property=\"og:image:type\" content=\"image\/webp\" \/>\n<meta name=\"twitter:card\" content=\"summary_large_image\" \/>\n<meta name=\"twitter:label1\" content=\"Arvioitu lukuaika\" \/>\n\t<meta name=\"twitter:data1\" content=\"2 minuuttia\" \/>\n<script type=\"application\/ld+json\" class=\"yoast-schema-graph\">{\"@context\":\"https:\/\/schema.org\",\"@graph\":[{\"@type\":\"WebPage\",\"@id\":\"https:\/\/genekas24.ee\/toode\/inverter-bensiinigeneraator-ks-6500ie\/\",\"url\":\"https:\/\/genekas24.ee\/toode\/inverter-bensiinigeneraator-ks-6500ie\/\",\"name\":\"Inverter bensiinigeneraator KS 6500iE - Genekas24\",\"isPartOf\":{\"@id\":\"https:\/\/genekas24.ee\/#website\"},\"primaryImageOfPage\":{\"@id\":\"https:\/\/genekas24.ee\/toode\/inverter-bensiinigeneraator-ks-6500ie\/#primaryimage\"},\"image\":{\"@id\":\"https:\/\/genekas24.ee\/toode\/inverter-bensiinigeneraator-ks-6500ie\/#primaryimage\"},\"thumbnailUrl\":\"https:\/\/genekas24.ee\/wp-content\/uploads\/2026\/01\/ks-6500ie-01.webp\",\"datePublished\":\"2026-01-14T08:58:03+00:00\",\"dateModified\":\"2026-04-08T16:41:11+00:00\",\"breadcrumb\":{\"@id\":\"https:\/\/genekas24.ee\/toode\/inverter-bensiinigeneraator-ks-6500ie\/#breadcrumb\"},\"inLanguage\":\"fi\",\"potentialAction\":[{\"@type\":\"ReadAction\",\"target\":[\"https:\/\/genekas24.ee\/toode\/inverter-bensiinigeneraator-ks-6500ie\/\"]}]},{\"@type\":\"ImageObject\",\"inLanguage\":\"fi\",\"@id\":\"https:\/\/genekas24.ee\/toode\/inverter-bensiinigeneraator-ks-6500ie\/#primaryimage\",\"url\":\"https:\/\/genekas24.ee\/wp-content\/uploads\/2026\/01\/ks-6500ie-01.webp\",\"contentUrl\":\"https:\/\/genekas24.ee\/wp-content\/uploads\/2026\/01\/ks-6500ie-01.webp\",\"width\":1600,\"height\":1600},{\"@type\":\"BreadcrumbList\",\"@id\":\"https:\/\/genekas24.ee\/toode\/inverter-bensiinigeneraator-ks-6500ie\/#breadcrumb\",\"itemListElement\":[{\"@type\":\"ListItem\",\"position\":1,\"name\":\"Home\",\"item\":\"https:\/\/genekas24.ee\/\"},{\"@type\":\"ListItem\",\"position\":2,\"name\":\"Pood\",\"item\":\"https:\/\/genekas24.ee\/pood\/\"},{\"@type\":\"ListItem\",\"position\":3,\"name\":\"Inverter bensiinigeneraator KS 6500iE\"}]},{\"@type\":\"WebSite\",\"@id\":\"https:\/\/genekas24.ee\/#website\",\"url\":\"https:\/\/genekas24.ee\/\",\"name\":\"Genekas24\",\"description\":\"Generaatorid | K&ouml;nner S&ouml;hnen tooted | Genekas24\",\"publisher\":{\"@id\":\"https:\/\/genekas24.ee\/#organization\"},\"potentialAction\":[{\"@type\":\"SearchAction\",\"target\":{\"@type\":\"EntryPoint\",\"urlTemplate\":\"https:\/\/genekas24.ee\/?s={search_term_string}\"},\"query-input\":{\"@type\":\"PropertyValueSpecification\",\"valueRequired\":true,\"valueName\":\"search_term_string\"}}],\"inLanguage\":\"fi\"},{\"@type\":\"Organization\",\"@id\":\"https:\/\/genekas24.ee\/#organization\",\"name\":\"Genekas24\",\"url\":\"https:\/\/genekas24.ee\/\",\"logo\":{\"@type\":\"ImageObject\",\"inLanguage\":\"fi\",\"@id\":\"https:\/\/genekas24.ee\/#\/schema\/logo\/image\/\",\"url\":\"https:\/\/genekas24.ee\/wp-content\/uploads\/2026\/01\/genekas24-logo_black.svg\",\"contentUrl\":\"https:\/\/genekas24.ee\/wp-content\/uploads\/2026\/01\/genekas24-logo_black.svg\",\"width\":840,\"height\":131,\"caption\":\"Genekas24\"},\"image\":{\"@id\":\"https:\/\/genekas24.ee\/#\/schema\/logo\/image\/\"}}]}<\/script>\n<!-- \/ Yoast SEO plugin. -->","yoast_head_json":{"title":"Inverter bensiinigeneraator KS 6500iE - Genekas24","robots":{"index":"index","follow":"follow","max-snippet":"max-snippet:-1","max-image-preview":"max-image-preview:large","max-video-preview":"max-video-preview:-1"},"canonical":"https:\/\/genekas24.ee\/fi\/tuote\/inverter-bensiinigeneraator-ks-6500ie\/","og_locale":"fi_FI","og_type":"article","og_title":"Inverter bensiinigeneraator KS 6500iE - Genekas24","og_description":"Pinge, V 230   Maksimaalne v\u00f5imsus, kW 6.5   Nominaalne v\u00f5imsus, kW 6.0   V\u00f5imsustegur, cos\u03c6 1   Sagedus, Hz 50   Praegune (max), A 28.6   Mootori k\u00e4ivitus Elektriline   K\u00fctusepaagi maht, l 17   Keskmine t\u00f6\u00f6aeg (v\u00f5imsus 50%), h 6   LED ekraan Pinge, sagedus, t\u00f6\u00f6tunnid   M\u00fcra tase Lpa (7m)\/Lwa, dB 70\/97   V\u00e4ljundv\u00f5imsus DC, V\/A 12\/8.3   USB-v\u00e4ljundid USB QC 3.0 + T\u00fc\u00fcp C   Mootori mudel KS 310i   Mootori silindri maht, cm3 306   Mootori t\u00fc\u00fcp Bensiinimootoriga \u00fchesilindriline, neljataktiline \u00f5hkjahutusega   Mootori v\u00f5imsus, hj 10.4   V\u00e4nda karteri maht, l 0.8   Aku (A\u00b7h) 1.6   Generaatori m\u00e4his Vask   Kaitseklass IP23M   Netom\u00f5\u00f5tmed (PxLxK), mm 615\u00d7465\u00d7492   \u00dcldm\u00f5\u00f5tmed (PxLxK), mm 745\u00d7490\u00d7505   Netokaal, kg 42   Kogukaal, kg 48.0   SKU KS 6500iE   EAN 4260405368334    *** K\u00fctusekulu s\u00f5ltub paljudest teguritest, nagu koormus, k\u00fctuse kvaliteet, hooaeg, k\u00f5rgus merepinnast, generaatori tehniline seisukord.  T\u00c4HELEPANU! Toode m\u00fc\u00fcakse ilma mootori\u00f5li v\u00f5i bensiinita. Enne esimest k\u00e4ivitamist tuleb lisada neljataktiliste bensiinimootorite mootori\u00f5li. Soovitame kasutada 10W-30 v\u00f5i 10W-40 \u00f5li. Kontrollige alati \u00f5litaset enne iga kasutuskorda. Kasutage ainult pliivaba bensiini, mille oktaaniarv on 90\u201395 ja mis sisaldab mitte rohkem kui 10% etanooli.","og_url":"https:\/\/genekas24.ee\/fi\/tuote\/inverter-bensiinigeneraator-ks-6500ie\/","og_site_name":"Genekas24","article_modified_time":"2026-04-08T16:41:11+00:00","og_image":[{"width":1600,"height":1600,"url":"https:\/\/genekas24.ee\/wp-content\/uploads\/2026\/01\/ks-6500ie-01.webp","type":"image\/webp"}],"twitter_card":"summary_large_image","twitter_misc":{"Arvioitu lukuaika":"2 minuuttia"},"schema":{"@context":"https:\/\/schema.org","@graph":[{"@type":"WebPage","@id":"https:\/\/genekas24.ee\/toode\/inverter-bensiinigeneraator-ks-6500ie\/","url":"https:\/\/genekas24.ee\/toode\/inverter-bensiinigeneraator-ks-6500ie\/","name":"Inverter bensiinigeneraator KS 6500iE - Genekas24","isPartOf":{"@id":"https:\/\/genekas24.ee\/#website"},"primaryImageOfPage":{"@id":"https:\/\/genekas24.ee\/toode\/inverter-bensiinigeneraator-ks-6500ie\/#primaryimage"},"image":{"@id":"https:\/\/genekas24.ee\/toode\/inverter-bensiinigeneraator-ks-6500ie\/#primaryimage"},"thumbnailUrl":"https:\/\/genekas24.ee\/wp-content\/uploads\/2026\/01\/ks-6500ie-01.webp","datePublished":"2026-01-14T08:58:03+00:00","dateModified":"2026-04-08T16:41:11+00:00","breadcrumb":{"@id":"https:\/\/genekas24.ee\/toode\/inverter-bensiinigeneraator-ks-6500ie\/#breadcrumb"},"inLanguage":"fi","potentialAction":[{"@type":"ReadAction","target":["https:\/\/genekas24.ee\/toode\/inverter-bensiinigeneraator-ks-6500ie\/"]}]},{"@type":"ImageObject","inLanguage":"fi","@id":"https:\/\/genekas24.ee\/toode\/inverter-bensiinigeneraator-ks-6500ie\/#primaryimage","url":"https:\/\/genekas24.ee\/wp-content\/uploads\/2026\/01\/ks-6500ie-01.webp","contentUrl":"https:\/\/genekas24.ee\/wp-content\/uploads\/2026\/01\/ks-6500ie-01.webp","width":1600,"height":1600},{"@type":"BreadcrumbList","@id":"https:\/\/genekas24.ee\/toode\/inverter-bensiinigeneraator-ks-6500ie\/#breadcrumb","itemListElement":[{"@type":"ListItem","position":1,"name":"Home","item":"https:\/\/genekas24.ee\/"},{"@type":"ListItem","position":2,"name":"Pood","item":"https:\/\/genekas24.ee\/pood\/"},{"@type":"ListItem","position":3,"name":"Inverter bensiinigeneraator KS 6500iE"}]},{"@type":"WebSite","@id":"https:\/\/genekas24.ee\/#website","url":"https:\/\/genekas24.ee\/","name":"Genekas24","description":"Generaatorid | K&ouml;nner S&ouml;hnen tooted | Genekas24","publisher":{"@id":"https:\/\/genekas24.ee\/#organization"},"potentialAction":[{"@type":"SearchAction","target":{"@type":"EntryPoint","urlTemplate":"https:\/\/genekas24.ee\/?s={search_term_string}"},"query-input":{"@type":"PropertyValueSpecification","valueRequired":true,"valueName":"search_term_string"}}],"inLanguage":"fi"},{"@type":"Organization","@id":"https:\/\/genekas24.ee\/#organization","name":"Genekas24","url":"https:\/\/genekas24.ee\/","logo":{"@type":"ImageObject","inLanguage":"fi","@id":"https:\/\/genekas24.ee\/#\/schema\/logo\/image\/","url":"https:\/\/genekas24.ee\/wp-content\/uploads\/2026\/01\/genekas24-logo_black.svg","contentUrl":"https:\/\/genekas24.ee\/wp-content\/uploads\/2026\/01\/genekas24-logo_black.svg","width":840,"height":131,"caption":"Genekas24"},"image":{"@id":"https:\/\/genekas24.ee\/#\/schema\/logo\/image\/"}}]}},"_links":{"self":[{"href":"https:\/\/genekas24.ee\/fi\/wp-json\/wp\/v2\/product\/22513","targetHints":{"allow":["GET"]}}],"collection":[{"href":"https:\/\/genekas24.ee\/fi\/wp-json\/wp\/v2\/product"}],"about":[{"href":"https:\/\/genekas24.ee\/fi\/wp-json\/wp\/v2\/types\/product"}],"version-history":[{"count":9,"href":"https:\/\/genekas24.ee\/fi\/wp-json\/wp\/v2\/product\/22513\/revisions"}],"predecessor-version":[{"id":23045,"href":"https:\/\/genekas24.ee\/fi\/wp-json\/wp\/v2\/product\/22513\/revisions\/23045"}],"wp:featuredmedia":[{"embeddable":true,"href":"https:\/\/genekas24.ee\/fi\/wp-json\/wp\/v2\/media\/22514"}],"wp:attachment":[{"href":"https:\/\/genekas24.ee\/fi\/wp-json\/wp\/v2\/media?parent=22513"}],"wp:term":[{"taxonomy":"product_brand","embeddable":true,"href":"https:\/\/genekas24.ee\/fi\/wp-json\/wp\/v2\/product_brand?post=22513"},{"taxonomy":"product_cat","embeddable":true,"href":"https:\/\/genekas24.ee\/fi\/wp-json\/wp\/v2\/product_cat?post=22513"},{"taxonomy":"product_tag","embeddable":true,"href":"https:\/\/genekas24.ee\/fi\/wp-json\/wp\/v2\/product_tag?post=22513"}],"curies":[{"name":"wp","href":"https:\/\/api.w.org\/{rel}","templated":true}]}}