{"id":22492,"date":"2026-04-08T17:20:21","date_gmt":"2026-04-08T17:20:21","guid":{"rendered":"https:\/\/genekas24.ee\/?post_type=product&#038;p=22492"},"modified":"2026-04-08T17:20:22","modified_gmt":"2026-04-08T17:20:22","slug":"itcpower-dg75kse-diiselgeneraator-53kw-400","status":"publish","type":"product","link":"https:\/\/genekas24.ee\/fi\/tuote\/itcpower-dg75kse-diiselgeneraator-53kw-400\/","title":{"rendered":"ITCPOWER DG75KSE diiselgeneraator 53kW \u2013 400"},"content":{"rendered":"<p style=\"font-weight: 400;\">ITCPOWER DG75KSE diiselgeneraator 53kW \u2013 400V on v\u00f5imas generaator ITCPOWER kaubam\u00e4rgilt. Selle maksimaalne v\u00f5imsus on 58kW ja pidev v\u00f5imsus 53kW.<\/p>\n<p style=\"font-weight: 400;\"><strong>Avariitoiteallikad ja automaatika:<\/strong><\/p>\n<p style=\"font-weight: 400;\">\u00dcks diiselgeneraatorite levinumaid rakendusi on avariitoide. Diiselgeneraatoreid kasutatakse elektrienergia tarnimiseks tavalise elektriv\u00f5rgu rikke korral v\u00f5i otsese juurdep\u00e4\u00e4su puudumisel. Lisaks on need diiselgeneraatorid tuntud oma vastupidavuse ja t\u00f6\u00f6kindluse poolest t\u00e4nu oma suurtele ja v\u00f5imsatele mootoritele. Need on varustatud avariiseiskamisnuppudega, \u00fcks generaatori v\u00e4lisel ja teine \u200b\u200bjuhtpaneelil, mis v\u00f5imaldab h\u00e4daolukordades kohest tegutsemist. Manuaalne v\u00f5i pingevaba s\u00fc\u00fctes\u00fcsteem ATS-iga (automaatne \u00fclekandel\u00fcliti) on programmeeritud nii, et see l\u00fclitab sujuvalt generaatorile toite, kui tavaline elektriv\u00f5rk rikki l\u00e4heb. K\u00f5ik ITCPOWERi diiselgeneraatorid on varustatud automaatsete k\u00e4ivitus- ja seiskamiss\u00fcsteemidega. Pinge stabiilsuse tagamiseks on integreeritud ka AVR-regulaator.<\/p>\n<p style=\"font-weight: 400;\"><strong>Hooldus:<\/strong><\/p>\n<p style=\"font-weight: 400;\">Diiselgeneraatorid vajavad regulaarset hooldust, sealhulgas \u00f5livahetust, \u00f5hufiltri vahetust ja k\u00fctuses\u00fcsteemi kontrolli. Varuosad, nagu \u00f5li, filtrid ja mitmesugused muud komponendid, on meilt kergesti saadaval. Lisateabe saamiseks v\u00f5tke meiega \u00fchendust. Tsingitud ja v\u00e4rvitud terasest korpus kaitseb generaatorit rooste eest, samas kui laiad uksed pakuvad hoolduseks h\u00f5lpsat juurdep\u00e4\u00e4su. K\u00fctusepaak on v\u00e4ljastpoolt ligip\u00e4\u00e4setav, mis v\u00f5imaldab t\u00f5husat tankimist ilma generaatorit avamata. Teine eelis on see, et generaatoreid saab sisseehitatud juurdep\u00e4\u00e4suavade abil kahvelt\u00f5stukiga h\u00f5lpsalt teisaldada.<\/p>\n<p style=\"font-weight: 400;\"><strong> V\u00f5imsus ja m\u00fcra:<\/strong><\/p>\n<p style=\"font-weight: 400;\">Diiselgeneraatoreid on saadaval erinevates suurustes ja\/v\u00f5i v\u00f5imsusklassides, alates kaasaskantavatest v\u00e4ikeste rakenduste jaoks kuni suurte t\u00f6\u00f6stusgeneraatoriteni, mis suudavad toita terveid rajatisi. Paljud ITCPOWERi generaatorid on varustatud korpusega. See v\u00e4hendab diiselgeneraatori m\u00fcra.<\/p>","protected":false},"excerpt":{"rendered":"<table>\n<tbody>\n<tr>\n<td>Mudel<\/td>\n<td>DG75KSE<\/td>\n<\/tr>\n<tr>\n<td>J\u00e4nnite<\/td>\n<td>400 V<\/td>\n<\/tr>\n<tr>\n<td>Nimiv\u00f5imsus (A)<\/td>\n<td>95 A<\/td>\n<\/tr>\n<tr>\n<td>Pidevv\u00f5imsus<\/td>\n<td>53 kW \/ 66 kVA<\/td>\n<\/tr>\n<tr>\n<td>Max. V\u00f5imsus<\/td>\n<td>58 kW \/ 73 kVA<\/td>\n<\/tr>\n<tr>\n<td>Sagedus (Hz)<\/td>\n<td>50 Hz<\/td>\n<\/tr>\n<tr>\n<td>N\u00e4ytt\u00f6<\/td>\n<td>Digitaalne<\/td>\n<\/tr>\n<tr>\n<td>\u00dclekoormuskaitse<\/td>\n<td>Jah<\/td>\n<\/tr>\n<tr>\n<td>K\u00fctusepaagi maht<\/td>\n<td>180 l<\/td>\n<\/tr>\n<tr>\n<td>K\u00fctusekulu<\/td>\n<td>18 l tunnis 100% koormusel<\/td>\n<\/tr>\n<tr>\n<td>\u00d5lipaagi maht<\/td>\n<td>12 l<\/td>\n<\/tr>\n<tr>\n<td>M\u00fcratase 7 meetri kauguselt<\/td>\n<td>66 dBA<\/td>\n<\/tr>\n<tr>\n<td>Moottorityyppi<\/td>\n<td>4D90Z-D20<\/td>\n<\/tr>\n<tr>\n<td>Mootori t\u00f6\u00f6maht<\/td>\n<td>4200 cm\u00b3<\/td>\n<\/tr>\n<tr>\n<td>Mootori silindrite arv<\/td>\n<td>4<\/td>\n<\/tr>\n<tr>\n<td>Standardkiirus<\/td>\n<td>1500 p\/min<\/td>\n<\/tr>\n<tr>\n<td>Juhtimine<\/td>\n<td>S\u00e4hk\u00f6inen<\/td>\n<\/tr>\n<tr>\n<td>ATS valmidus<\/td>\n<td>Jah<\/td>\n<\/tr>\n<tr>\n<td><\/td>\n<td>Turbo\u00fclelaadimisega + sisep\u00f5lemismootoriga<\/td>\n<\/tr>\n<tr>\n<td>Standardjahutuss\u00fcsteem<\/td>\n<td>40\u00b0C radiaator \u2013 vedelikjahutusega<\/td>\n<\/tr>\n<tr>\n<td>K\u00e4ivituspinge<\/td>\n<td>DC24 V<\/td>\n<\/tr>\n<tr>\n<td>Generaattori<\/td>\n<td>224F \u2013 IP23\/H<\/td>\n<\/tr>\n<tr>\n<td>Netokaal<\/td>\n<td>1330 kg<\/td>\n<\/tr>\n<tr>\n<td>M\u00f5\u00f5tmed<\/td>\n<td>250 x 95 x 152 cm<\/td>\n<\/tr>\n<\/tbody>\n<\/table>","protected":false},"featured_media":22493,"template":"","meta":{"_acf_changed":false,"inline_featured_image":false},"product_brand":[],"product_cat":[37,22,94],"product_tag":[],"class_list":{"0":"post-22492","1":"product","2":"type-product","3":"status-publish","4":"has-post-thumbnail","6":"product_cat-diisel-joujaamad","7":"product_cat-diiselgeneraatorid","8":"product_cat-generaatorid","9":"product_shipping_class-diisel-joujaamad","10":"brand-itcpower","12":"first","13":"instock","14":"taxable","15":"shipping-taxable","16":"purchasable","17":"product-type-simple"},"acf":[],"yoast_head":"<!-- This site is optimized with the Yoast SEO plugin v27.2 - https:\/\/yoast.com\/product\/yoast-seo-wordpress\/ -->\n<title>ITCPOWER DG75KSE diiselgeneraator 53kW \u2013 400 - Genekas24<\/title>\n<meta name=\"robots\" content=\"index, follow, max-snippet:-1, max-image-preview:large, max-video-preview:-1\" \/>\n<link rel=\"canonical\" href=\"https:\/\/genekas24.ee\/fi\/tuote\/itcpower-dg75kse-diiselgeneraator-53kw-400\/\" \/>\n<meta property=\"og:locale\" content=\"fi_FI\" \/>\n<meta property=\"og:type\" content=\"article\" \/>\n<meta property=\"og:title\" content=\"ITCPOWER DG75KSE diiselgeneraator 53kW \u2013 400 - Genekas24\" \/>\n<meta property=\"og:description\" content=\"Mudel DG75KSE   Pinge 400 V   Nimiv\u00f5imsus (A) 95 A   Pidevv\u00f5imsus 53 kW \/ 66 kVA   Max. V\u00f5imsus 58 kW \/ 73 kVA   Sagedus (Hz) 50 Hz   Ekraan Digitaalne   \u00dclekoormuskaitse Jah   K\u00fctusepaagi maht 180 l   K\u00fctusekulu 18 l tunnis 100% koormusel   \u00d5lipaagi maht 12 l   M\u00fcratase 7 meetri kauguselt 66 dBA   Mootori t\u00fc\u00fcp 4D90Z-D20   Mootori t\u00f6\u00f6maht 4200 cm\u00b3   Mootori silindrite arv 4   Standardkiirus 1500 p\/min   Juhtimine Elektriline   ATS valmidus Jah    Turbo\u00fclelaadimisega + sisep\u00f5lemismootoriga   Standardjahutuss\u00fcsteem 40\u00b0C radiaator \u2013 vedelikjahutusega   K\u00e4ivituspinge DC24 V   Generaator 224F \u2013 IP23\/H   Netokaal 1330 kg   M\u00f5\u00f5tmed 250 x 95 x 152 cm\" \/>\n<meta property=\"og:url\" content=\"https:\/\/genekas24.ee\/fi\/tuote\/itcpower-dg75kse-diiselgeneraator-53kw-400\/\" \/>\n<meta property=\"og:site_name\" content=\"Genekas24\" \/>\n<meta property=\"article:modified_time\" content=\"2026-04-08T17:20:22+00:00\" \/>\n<meta property=\"og:image\" content=\"https:\/\/genekas24.ee\/wp-content\/uploads\/2026\/01\/ITCPOWER-DG75KSE-diesel-generator-53kW-\u2013-400V-1-500x500-1.jpeg\" \/>\n\t<meta property=\"og:image:width\" content=\"500\" \/>\n\t<meta property=\"og:image:height\" content=\"500\" \/>\n\t<meta property=\"og:image:type\" content=\"image\/jpeg\" \/>\n<meta name=\"twitter:card\" content=\"summary_large_image\" \/>\n<meta name=\"twitter:label1\" content=\"Arvioitu lukuaika\" \/>\n\t<meta name=\"twitter:data1\" content=\"2 minuuttia\" \/>\n<script type=\"application\/ld+json\" class=\"yoast-schema-graph\">{\"@context\":\"https:\/\/schema.org\",\"@graph\":[{\"@type\":\"WebPage\",\"@id\":\"https:\/\/genekas24.ee\/toode\/itcpower-dg75kse-diiselgeneraator-53kw-400\/\",\"url\":\"https:\/\/genekas24.ee\/toode\/itcpower-dg75kse-diiselgeneraator-53kw-400\/\",\"name\":\"ITCPOWER DG75KSE diiselgeneraator 53kW \u2013 400 - Genekas24\",\"isPartOf\":{\"@id\":\"https:\/\/genekas24.ee\/#website\"},\"primaryImageOfPage\":{\"@id\":\"https:\/\/genekas24.ee\/toode\/itcpower-dg75kse-diiselgeneraator-53kw-400\/#primaryimage\"},\"image\":{\"@id\":\"https:\/\/genekas24.ee\/toode\/itcpower-dg75kse-diiselgeneraator-53kw-400\/#primaryimage\"},\"thumbnailUrl\":\"https:\/\/genekas24.ee\/wp-content\/uploads\/2026\/01\/ITCPOWER-DG75KSE-diesel-generator-53kW-\u2013-400V-1-500x500-1.jpeg\",\"datePublished\":\"2026-04-08T17:20:21+00:00\",\"dateModified\":\"2026-04-08T17:20:22+00:00\",\"breadcrumb\":{\"@id\":\"https:\/\/genekas24.ee\/toode\/itcpower-dg75kse-diiselgeneraator-53kw-400\/#breadcrumb\"},\"inLanguage\":\"fi\",\"potentialAction\":[{\"@type\":\"ReadAction\",\"target\":[\"https:\/\/genekas24.ee\/toode\/itcpower-dg75kse-diiselgeneraator-53kw-400\/\"]}]},{\"@type\":\"ImageObject\",\"inLanguage\":\"fi\",\"@id\":\"https:\/\/genekas24.ee\/toode\/itcpower-dg75kse-diiselgeneraator-53kw-400\/#primaryimage\",\"url\":\"https:\/\/genekas24.ee\/wp-content\/uploads\/2026\/01\/ITCPOWER-DG75KSE-diesel-generator-53kW-\u2013-400V-1-500x500-1.jpeg\",\"contentUrl\":\"https:\/\/genekas24.ee\/wp-content\/uploads\/2026\/01\/ITCPOWER-DG75KSE-diesel-generator-53kW-\u2013-400V-1-500x500-1.jpeg\",\"width\":500,\"height\":500},{\"@type\":\"BreadcrumbList\",\"@id\":\"https:\/\/genekas24.ee\/toode\/itcpower-dg75kse-diiselgeneraator-53kw-400\/#breadcrumb\",\"itemListElement\":[{\"@type\":\"ListItem\",\"position\":1,\"name\":\"Home\",\"item\":\"https:\/\/genekas24.ee\/\"},{\"@type\":\"ListItem\",\"position\":2,\"name\":\"Pood\",\"item\":\"https:\/\/genekas24.ee\/pood\/\"},{\"@type\":\"ListItem\",\"position\":3,\"name\":\"ITCPOWER DG75KSE diiselgeneraator 53kW \u2013 400\"}]},{\"@type\":\"WebSite\",\"@id\":\"https:\/\/genekas24.ee\/#website\",\"url\":\"https:\/\/genekas24.ee\/\",\"name\":\"Genekas24\",\"description\":\"Generaatorid | K&ouml;nner S&ouml;hnen tooted | Genekas24\",\"publisher\":{\"@id\":\"https:\/\/genekas24.ee\/#organization\"},\"potentialAction\":[{\"@type\":\"SearchAction\",\"target\":{\"@type\":\"EntryPoint\",\"urlTemplate\":\"https:\/\/genekas24.ee\/?s={search_term_string}\"},\"query-input\":{\"@type\":\"PropertyValueSpecification\",\"valueRequired\":true,\"valueName\":\"search_term_string\"}}],\"inLanguage\":\"fi\"},{\"@type\":\"Organization\",\"@id\":\"https:\/\/genekas24.ee\/#organization\",\"name\":\"Genekas24\",\"url\":\"https:\/\/genekas24.ee\/\",\"logo\":{\"@type\":\"ImageObject\",\"inLanguage\":\"fi\",\"@id\":\"https:\/\/genekas24.ee\/#\/schema\/logo\/image\/\",\"url\":\"https:\/\/genekas24.ee\/wp-content\/uploads\/2026\/01\/genekas24-logo_black.svg\",\"contentUrl\":\"https:\/\/genekas24.ee\/wp-content\/uploads\/2026\/01\/genekas24-logo_black.svg\",\"width\":840,\"height\":131,\"caption\":\"Genekas24\"},\"image\":{\"@id\":\"https:\/\/genekas24.ee\/#\/schema\/logo\/image\/\"}}]}<\/script>\n<!-- \/ Yoast SEO plugin. -->","yoast_head_json":{"title":"ITCPOWER DG75KSE diiselgeneraator 53kW \u2013 400 - Genekas24","robots":{"index":"index","follow":"follow","max-snippet":"max-snippet:-1","max-image-preview":"max-image-preview:large","max-video-preview":"max-video-preview:-1"},"canonical":"https:\/\/genekas24.ee\/fi\/tuote\/itcpower-dg75kse-diiselgeneraator-53kw-400\/","og_locale":"fi_FI","og_type":"article","og_title":"ITCPOWER DG75KSE diiselgeneraator 53kW \u2013 400 - Genekas24","og_description":"Mudel DG75KSE   Pinge 400 V   Nimiv\u00f5imsus (A) 95 A   Pidevv\u00f5imsus 53 kW \/ 66 kVA   Max. V\u00f5imsus 58 kW \/ 73 kVA   Sagedus (Hz) 50 Hz   Ekraan Digitaalne   \u00dclekoormuskaitse Jah   K\u00fctusepaagi maht 180 l   K\u00fctusekulu 18 l tunnis 100% koormusel   \u00d5lipaagi maht 12 l   M\u00fcratase 7 meetri kauguselt 66 dBA   Mootori t\u00fc\u00fcp 4D90Z-D20   Mootori t\u00f6\u00f6maht 4200 cm\u00b3   Mootori silindrite arv 4   Standardkiirus 1500 p\/min   Juhtimine Elektriline   ATS valmidus Jah    Turbo\u00fclelaadimisega + sisep\u00f5lemismootoriga   Standardjahutuss\u00fcsteem 40\u00b0C radiaator \u2013 vedelikjahutusega   K\u00e4ivituspinge DC24 V   Generaator 224F \u2013 IP23\/H   Netokaal 1330 kg   M\u00f5\u00f5tmed 250 x 95 x 152 cm","og_url":"https:\/\/genekas24.ee\/fi\/tuote\/itcpower-dg75kse-diiselgeneraator-53kw-400\/","og_site_name":"Genekas24","article_modified_time":"2026-04-08T17:20:22+00:00","og_image":[{"width":500,"height":500,"url":"https:\/\/genekas24.ee\/wp-content\/uploads\/2026\/01\/ITCPOWER-DG75KSE-diesel-generator-53kW-\u2013-400V-1-500x500-1.jpeg","type":"image\/jpeg"}],"twitter_card":"summary_large_image","twitter_misc":{"Arvioitu lukuaika":"2 minuuttia"},"schema":{"@context":"https:\/\/schema.org","@graph":[{"@type":"WebPage","@id":"https:\/\/genekas24.ee\/toode\/itcpower-dg75kse-diiselgeneraator-53kw-400\/","url":"https:\/\/genekas24.ee\/toode\/itcpower-dg75kse-diiselgeneraator-53kw-400\/","name":"ITCPOWER DG75KSE diiselgeneraator 53kW \u2013 400 - Genekas24","isPartOf":{"@id":"https:\/\/genekas24.ee\/#website"},"primaryImageOfPage":{"@id":"https:\/\/genekas24.ee\/toode\/itcpower-dg75kse-diiselgeneraator-53kw-400\/#primaryimage"},"image":{"@id":"https:\/\/genekas24.ee\/toode\/itcpower-dg75kse-diiselgeneraator-53kw-400\/#primaryimage"},"thumbnailUrl":"https:\/\/genekas24.ee\/wp-content\/uploads\/2026\/01\/ITCPOWER-DG75KSE-diesel-generator-53kW-\u2013-400V-1-500x500-1.jpeg","datePublished":"2026-04-08T17:20:21+00:00","dateModified":"2026-04-08T17:20:22+00:00","breadcrumb":{"@id":"https:\/\/genekas24.ee\/toode\/itcpower-dg75kse-diiselgeneraator-53kw-400\/#breadcrumb"},"inLanguage":"fi","potentialAction":[{"@type":"ReadAction","target":["https:\/\/genekas24.ee\/toode\/itcpower-dg75kse-diiselgeneraator-53kw-400\/"]}]},{"@type":"ImageObject","inLanguage":"fi","@id":"https:\/\/genekas24.ee\/toode\/itcpower-dg75kse-diiselgeneraator-53kw-400\/#primaryimage","url":"https:\/\/genekas24.ee\/wp-content\/uploads\/2026\/01\/ITCPOWER-DG75KSE-diesel-generator-53kW-\u2013-400V-1-500x500-1.jpeg","contentUrl":"https:\/\/genekas24.ee\/wp-content\/uploads\/2026\/01\/ITCPOWER-DG75KSE-diesel-generator-53kW-\u2013-400V-1-500x500-1.jpeg","width":500,"height":500},{"@type":"BreadcrumbList","@id":"https:\/\/genekas24.ee\/toode\/itcpower-dg75kse-diiselgeneraator-53kw-400\/#breadcrumb","itemListElement":[{"@type":"ListItem","position":1,"name":"Home","item":"https:\/\/genekas24.ee\/"},{"@type":"ListItem","position":2,"name":"Pood","item":"https:\/\/genekas24.ee\/pood\/"},{"@type":"ListItem","position":3,"name":"ITCPOWER DG75KSE diiselgeneraator 53kW \u2013 400"}]},{"@type":"WebSite","@id":"https:\/\/genekas24.ee\/#website","url":"https:\/\/genekas24.ee\/","name":"Genekas24","description":"Generaatorid | K&ouml;nner S&ouml;hnen tooted | Genekas24","publisher":{"@id":"https:\/\/genekas24.ee\/#organization"},"potentialAction":[{"@type":"SearchAction","target":{"@type":"EntryPoint","urlTemplate":"https:\/\/genekas24.ee\/?s={search_term_string}"},"query-input":{"@type":"PropertyValueSpecification","valueRequired":true,"valueName":"search_term_string"}}],"inLanguage":"fi"},{"@type":"Organization","@id":"https:\/\/genekas24.ee\/#organization","name":"Genekas24","url":"https:\/\/genekas24.ee\/","logo":{"@type":"ImageObject","inLanguage":"fi","@id":"https:\/\/genekas24.ee\/#\/schema\/logo\/image\/","url":"https:\/\/genekas24.ee\/wp-content\/uploads\/2026\/01\/genekas24-logo_black.svg","contentUrl":"https:\/\/genekas24.ee\/wp-content\/uploads\/2026\/01\/genekas24-logo_black.svg","width":840,"height":131,"caption":"Genekas24"},"image":{"@id":"https:\/\/genekas24.ee\/#\/schema\/logo\/image\/"}}]}},"_links":{"self":[{"href":"https:\/\/genekas24.ee\/fi\/wp-json\/wp\/v2\/product\/22492","targetHints":{"allow":["GET"]}}],"collection":[{"href":"https:\/\/genekas24.ee\/fi\/wp-json\/wp\/v2\/product"}],"about":[{"href":"https:\/\/genekas24.ee\/fi\/wp-json\/wp\/v2\/types\/product"}],"version-history":[{"count":1,"href":"https:\/\/genekas24.ee\/fi\/wp-json\/wp\/v2\/product\/22492\/revisions"}],"predecessor-version":[{"id":22498,"href":"https:\/\/genekas24.ee\/fi\/wp-json\/wp\/v2\/product\/22492\/revisions\/22498"}],"wp:featuredmedia":[{"embeddable":true,"href":"https:\/\/genekas24.ee\/fi\/wp-json\/wp\/v2\/media\/22493"}],"wp:attachment":[{"href":"https:\/\/genekas24.ee\/fi\/wp-json\/wp\/v2\/media?parent=22492"}],"wp:term":[{"taxonomy":"product_brand","embeddable":true,"href":"https:\/\/genekas24.ee\/fi\/wp-json\/wp\/v2\/product_brand?post=22492"},{"taxonomy":"product_cat","embeddable":true,"href":"https:\/\/genekas24.ee\/fi\/wp-json\/wp\/v2\/product_cat?post=22492"},{"taxonomy":"product_tag","embeddable":true,"href":"https:\/\/genekas24.ee\/fi\/wp-json\/wp\/v2\/product_tag?post=22492"}],"curies":[{"name":"wp","href":"https:\/\/api.w.org\/{rel}","templated":true}]}}