{"id":22469,"date":"2026-04-08T17:21:21","date_gmt":"2026-04-08T17:21:21","guid":{"rendered":"https:\/\/genekas24.ee\/?post_type=product&#038;p=22469"},"modified":"2026-04-08T17:21:22","modified_gmt":"2026-04-08T17:21:22","slug":"itcpower-dg6000se-diiselgeneraator-5000w-230v","status":"publish","type":"product","link":"https:\/\/genekas24.ee\/fi\/tuote\/itcpower-dg6000se-diiselgeneraator-5000w-230v\/","title":{"rendered":"ITCPOWER DG6000SE diiselgeneraator 5000W 230V"},"content":{"rendered":"<p style=\"font-weight: 400;\">TCPOWER DG6000SE 5000W 230V diiselgeneraator on kompaktne, \u00f6konoomne ja v\u00f5imas ITCPOWERi generaator. Selle maksimaalne v\u00f5imsus on 5300W ja pidev v\u00f5imsus 5000W. ITCPOWER DG6000SE 5000W 230V diiselgeneraator on ka elektriliselt k\u00e4ivitatav.<\/p>\n<p style=\"font-weight: 400;\"><strong>Avariitoiteallikad:<\/strong><\/p>\n<p style=\"font-weight: 400;\">See on diiselgeneraatorite \u00fcks levinumaid rakendusi. Neid kasutatakse elektrienergia tootmiseks, kui tavaline elektriv\u00f5rk rikki l\u00e4heb v\u00f5i puudub otsene juurdep\u00e4\u00e4s v\u00f5rgule. See on sageli \u00fclioluline j\u00e4rgmistes kohtades: p\u00f5llumajandus, ehitusplatsid, infrastruktuur, lennujaamad ja muud kohad, kus isegi l\u00fchike elektrikatkestus v\u00f5ib olla kulukas. L\u00fchidalt \u00f6eldes kasutatakse diiselgeneraatoreid erinevates kohtades, kus puudub otsene juurdep\u00e4\u00e4s tavalisele elektriv\u00f5rgule, v\u00f5i avariilahendusena.<\/p>\n<p style=\"font-weight: 400;\"><strong>Hooldus:<\/strong><\/p>\n<p style=\"font-weight: 400;\">Diiselgeneraatorid vajavad regulaarset hooldust, sealhulgas \u00f5livahetust, \u00f5hufiltri vahetust ja k\u00fctuses\u00fcsteemi kontrolli. Generaatori pikaajalise t\u00f6\u00f6 tagamiseks tehke seda regulaarselt. \u00d5li osas soovitame ITCPOWERi generaatorite jaoks kasutada 4T 15W40 \u00f5li. See on parim \u00f5li teie ITCPOWERi diiselgeneraatori pikaajaliseks j\u00f5udluseks. \u00d5li, filtrid ja mitmesugused muud osad on meilt kergesti k\u00e4ttesaadavad. Lisateabe saamiseks v\u00f5tke meiega \u00fchendust!<\/p>\n<p style=\"font-weight: 400;\"><strong>V\u00f5imsus ja m\u00fcra:<\/strong><\/p>\n<p style=\"font-weight: 400;\">Diiselgeneraatoreid on saadaval erinevates suurustes ja\/v\u00f5i v\u00f5imsusklassides, alates v\u00e4ikeste rakenduste kaasaskantavatest generaatoritest kuni suurte t\u00f6\u00f6stusgeneraatoriteni, mis suudavad toita terveid rajatisi. Paljud ITCPOWERi generaatorid on varustatud korpusega. See v\u00e4hendab diiselgeneraatori m\u00fcra. Palun vaadake hoolikalt l\u00e4bi allolevad fotod ja spetsifikatsioonid.<\/p>\n<p style=\"font-weight: 400;\"><strong>Automaatika:<\/strong><\/p>\n<p style=\"font-weight: 400;\">Paljud diiselgeneraatorid on varustatud automaatsete k\u00e4ivitus-\/seiskamiss\u00fcsteemide ja\/v\u00f5i ATS-\u00fchendustega. (t\u00e4histatud kui: ATS\/AUTO) Need saavad sujuvalt generaatorile toite l\u00fclitada, kui tavaline elektriv\u00f5rk rikki l\u00e4heb. See on ideaalne, kui otsite generaatorit avariilahenduseks. Mitmed generaatorid v\u00f5ivad t\u00f6\u00f6tada ka pingel 230 V ja 400 V.<\/p>","protected":false},"excerpt":{"rendered":"<table>\n<tbody>\n<tr>\n<td>Mudel<\/td>\n<td>DG6000SE<\/td>\n<\/tr>\n<tr>\n<td>J\u00e4nnite<\/td>\n<td>230 V<\/td>\n<\/tr>\n<tr>\n<td>V\u00f5imsus (A)<\/td>\n<td>21,7 A<\/td>\n<\/tr>\n<tr>\n<td>Maksimaalne v\u00f5imsus<\/td>\n<td>5300 W \/ 5,3 kW<\/td>\n<\/tr>\n<tr>\n<td>Pidevv\u00f5imsus<\/td>\n<td>5000 W \/ 5 kW<\/td>\n<\/tr>\n<tr>\n<td>Sagedus (Hz)<\/td>\n<td>50 Hz<\/td>\n<\/tr>\n<tr>\n<td>\u00dchendused<\/td>\n<td>1 x 16 A + 1 x PCE5p<\/td>\n<\/tr>\n<tr>\n<td>N\u00e4ytt\u00f6<\/td>\n<td>Digitaalne (LED6)<\/td>\n<\/tr>\n<tr>\n<td>Aku<\/td>\n<td>30 Ah<\/td>\n<\/tr>\n<tr>\n<td>K\u00e4ivitus<\/td>\n<td>S\u00e4hk\u00f6inen<\/td>\n<\/tr>\n<tr>\n<td>ATS valmidus<\/td>\n<td>Jah<\/td>\n<\/tr>\n<tr>\n<td>AUTO START<\/td>\n<td>Jah<\/td>\n<\/tr>\n<tr>\n<td>Pinge reguleerimine<\/td>\n<td>AVR (automaatne pingeregulaator)<\/td>\n<\/tr>\n<tr>\n<td>\u00dclekoormuskaitse<\/td>\n<td>Jah<\/td>\n<\/tr>\n<tr>\n<td>K\u00fctusepaagi maht<\/td>\n<td>12 l<\/td>\n<\/tr>\n<tr>\n<td>K\u00fctusekulu<\/td>\n<td>1,2 l tunnis (50% koormus)<\/td>\n<\/tr>\n<tr>\n<td>\u00d5lipaagi maht<\/td>\n<td>1,1 l \/ t\u00e4itepakend 15W40-ga<\/td>\n<\/tr>\n<tr>\n<td>\u00d5lialarm<\/td>\n<td>Jah<\/td>\n<\/tr>\n<tr>\n<td>M\u00fcratase 7 meetri kaugusel<\/td>\n<td>72 dBA<\/td>\n<\/tr>\n<tr>\n<td>Moottorityyppi<\/td>\n<td>D400E \u2013 3000 p\/min \u2013 \u00d5hkjahutusega<\/td>\n<\/tr>\n<tr>\n<td>Mootor<\/td>\n<td>10 hj<\/td>\n<\/tr>\n<tr>\n<td>Mootor<\/td>\n<td>418 cm\u00b3<\/td>\n<\/tr>\n<tr>\n<td>Generaattori<\/td>\n<td>A5L<\/td>\n<\/tr>\n<tr>\n<td>Netokaal<\/td>\n<td>152 kg<\/td>\n<\/tr>\n<tr>\n<td>M\u00f5\u00f5tmed<\/td>\n<td>920 x 520 x 760 mm<\/td>\n<\/tr>\n<\/tbody>\n<\/table>","protected":false},"featured_media":22470,"template":"","meta":{"_acf_changed":false,"inline_featured_image":false},"product_brand":[],"product_cat":[22,94],"product_tag":[],"class_list":{"0":"post-22469","1":"product","2":"type-product","3":"status-publish","4":"has-post-thumbnail","6":"product_cat-diiselgeneraatorid","7":"product_cat-generaatorid","8":"product_shipping_class-euroalus","9":"brand-itcpower","11":"first","12":"instock","13":"taxable","14":"shipping-taxable","15":"purchasable","16":"product-type-simple"},"acf":[],"yoast_head":"<!-- This site is optimized with the Yoast SEO plugin v27.2 - https:\/\/yoast.com\/product\/yoast-seo-wordpress\/ -->\n<title>ITCPOWER DG6000SE diiselgeneraator 5000W 230V - Genekas24<\/title>\n<meta name=\"robots\" content=\"index, follow, max-snippet:-1, max-image-preview:large, max-video-preview:-1\" \/>\n<link rel=\"canonical\" href=\"https:\/\/genekas24.ee\/fi\/tuote\/itcpower-dg6000se-diiselgeneraator-5000w-230v\/\" \/>\n<meta property=\"og:locale\" content=\"fi_FI\" \/>\n<meta property=\"og:type\" content=\"article\" \/>\n<meta property=\"og:title\" content=\"ITCPOWER DG6000SE diiselgeneraator 5000W 230V - Genekas24\" \/>\n<meta property=\"og:description\" content=\"Mudel DG6000SE   Pinge 230 V   V\u00f5imsus (A) 21,7 A   Maksimaalne v\u00f5imsus 5300 W \/ 5,3 kW   Pidevv\u00f5imsus 5000 W \/ 5 kW   Sagedus (Hz) 50 Hz   \u00dchendused 1 x 16 A + 1 x PCE5p   Ekraan Digitaalne (LED6)   Aku 30 Ah   K\u00e4ivitus Elektriline   ATS valmidus Jah   AUTO START Jah   Pinge reguleerimine AVR (automaatne pingeregulaator)   \u00dclekoormuskaitse Jah   K\u00fctusepaagi maht 12 l   K\u00fctusekulu 1,2 l tunnis (50% koormus)   \u00d5lipaagi maht 1,1 l \/ t\u00e4itepakend 15W40-ga   \u00d5lialarm Jah   M\u00fcratase 7 meetri kaugusel 72 dBA   Mootori t\u00fc\u00fcp D400E \u2013 3000 p\/min \u2013 \u00d5hkjahutusega   Mootor 10 hj   Mootor 418 cm\u00b3   Generaator A5L   Netokaal 152 kg   M\u00f5\u00f5tmed 920 x 520 x 760 mm\" \/>\n<meta property=\"og:url\" content=\"https:\/\/genekas24.ee\/fi\/tuote\/itcpower-dg6000se-diiselgeneraator-5000w-230v\/\" \/>\n<meta property=\"og:site_name\" content=\"Genekas24\" \/>\n<meta property=\"article:modified_time\" content=\"2026-04-08T17:21:22+00:00\" \/>\n<meta property=\"og:image\" content=\"https:\/\/genekas24.ee\/wp-content\/uploads\/2026\/01\/2203-500x500-1.jpeg\" \/>\n\t<meta property=\"og:image:width\" content=\"500\" \/>\n\t<meta property=\"og:image:height\" content=\"500\" \/>\n\t<meta property=\"og:image:type\" content=\"image\/jpeg\" \/>\n<meta name=\"twitter:card\" content=\"summary_large_image\" \/>\n<meta name=\"twitter:label1\" content=\"Arvioitu lukuaika\" \/>\n\t<meta name=\"twitter:data1\" content=\"2 minuuttia\" \/>\n<script type=\"application\/ld+json\" class=\"yoast-schema-graph\">{\"@context\":\"https:\/\/schema.org\",\"@graph\":[{\"@type\":\"WebPage\",\"@id\":\"https:\/\/genekas24.ee\/toode\/itcpower-dg6000se-diiselgeneraator-5000w-230v\/\",\"url\":\"https:\/\/genekas24.ee\/toode\/itcpower-dg6000se-diiselgeneraator-5000w-230v\/\",\"name\":\"ITCPOWER DG6000SE diiselgeneraator 5000W 230V - Genekas24\",\"isPartOf\":{\"@id\":\"https:\/\/genekas24.ee\/#website\"},\"primaryImageOfPage\":{\"@id\":\"https:\/\/genekas24.ee\/toode\/itcpower-dg6000se-diiselgeneraator-5000w-230v\/#primaryimage\"},\"image\":{\"@id\":\"https:\/\/genekas24.ee\/toode\/itcpower-dg6000se-diiselgeneraator-5000w-230v\/#primaryimage\"},\"thumbnailUrl\":\"https:\/\/genekas24.ee\/wp-content\/uploads\/2026\/01\/2203-500x500-1.jpeg\",\"datePublished\":\"2026-04-08T17:21:21+00:00\",\"dateModified\":\"2026-04-08T17:21:22+00:00\",\"breadcrumb\":{\"@id\":\"https:\/\/genekas24.ee\/toode\/itcpower-dg6000se-diiselgeneraator-5000w-230v\/#breadcrumb\"},\"inLanguage\":\"fi\",\"potentialAction\":[{\"@type\":\"ReadAction\",\"target\":[\"https:\/\/genekas24.ee\/toode\/itcpower-dg6000se-diiselgeneraator-5000w-230v\/\"]}]},{\"@type\":\"ImageObject\",\"inLanguage\":\"fi\",\"@id\":\"https:\/\/genekas24.ee\/toode\/itcpower-dg6000se-diiselgeneraator-5000w-230v\/#primaryimage\",\"url\":\"https:\/\/genekas24.ee\/wp-content\/uploads\/2026\/01\/2203-500x500-1.jpeg\",\"contentUrl\":\"https:\/\/genekas24.ee\/wp-content\/uploads\/2026\/01\/2203-500x500-1.jpeg\",\"width\":500,\"height\":500},{\"@type\":\"BreadcrumbList\",\"@id\":\"https:\/\/genekas24.ee\/toode\/itcpower-dg6000se-diiselgeneraator-5000w-230v\/#breadcrumb\",\"itemListElement\":[{\"@type\":\"ListItem\",\"position\":1,\"name\":\"Home\",\"item\":\"https:\/\/genekas24.ee\/\"},{\"@type\":\"ListItem\",\"position\":2,\"name\":\"Pood\",\"item\":\"https:\/\/genekas24.ee\/pood\/\"},{\"@type\":\"ListItem\",\"position\":3,\"name\":\"ITCPOWER DG6000SE diiselgeneraator 5000W 230V\"}]},{\"@type\":\"WebSite\",\"@id\":\"https:\/\/genekas24.ee\/#website\",\"url\":\"https:\/\/genekas24.ee\/\",\"name\":\"Genekas24\",\"description\":\"Generaatorid | K&ouml;nner S&ouml;hnen tooted | Genekas24\",\"publisher\":{\"@id\":\"https:\/\/genekas24.ee\/#organization\"},\"potentialAction\":[{\"@type\":\"SearchAction\",\"target\":{\"@type\":\"EntryPoint\",\"urlTemplate\":\"https:\/\/genekas24.ee\/?s={search_term_string}\"},\"query-input\":{\"@type\":\"PropertyValueSpecification\",\"valueRequired\":true,\"valueName\":\"search_term_string\"}}],\"inLanguage\":\"fi\"},{\"@type\":\"Organization\",\"@id\":\"https:\/\/genekas24.ee\/#organization\",\"name\":\"Genekas24\",\"url\":\"https:\/\/genekas24.ee\/\",\"logo\":{\"@type\":\"ImageObject\",\"inLanguage\":\"fi\",\"@id\":\"https:\/\/genekas24.ee\/#\/schema\/logo\/image\/\",\"url\":\"https:\/\/genekas24.ee\/wp-content\/uploads\/2026\/01\/genekas24-logo_black.svg\",\"contentUrl\":\"https:\/\/genekas24.ee\/wp-content\/uploads\/2026\/01\/genekas24-logo_black.svg\",\"width\":840,\"height\":131,\"caption\":\"Genekas24\"},\"image\":{\"@id\":\"https:\/\/genekas24.ee\/#\/schema\/logo\/image\/\"}}]}<\/script>\n<!-- \/ Yoast SEO plugin. -->","yoast_head_json":{"title":"ITCPOWER DG6000SE diiselgeneraator 5000W 230V - Genekas24","robots":{"index":"index","follow":"follow","max-snippet":"max-snippet:-1","max-image-preview":"max-image-preview:large","max-video-preview":"max-video-preview:-1"},"canonical":"https:\/\/genekas24.ee\/fi\/tuote\/itcpower-dg6000se-diiselgeneraator-5000w-230v\/","og_locale":"fi_FI","og_type":"article","og_title":"ITCPOWER DG6000SE diiselgeneraator 5000W 230V - Genekas24","og_description":"Mudel DG6000SE   Pinge 230 V   V\u00f5imsus (A) 21,7 A   Maksimaalne v\u00f5imsus 5300 W \/ 5,3 kW   Pidevv\u00f5imsus 5000 W \/ 5 kW   Sagedus (Hz) 50 Hz   \u00dchendused 1 x 16 A + 1 x PCE5p   Ekraan Digitaalne (LED6)   Aku 30 Ah   K\u00e4ivitus Elektriline   ATS valmidus Jah   AUTO START Jah   Pinge reguleerimine AVR (automaatne pingeregulaator)   \u00dclekoormuskaitse Jah   K\u00fctusepaagi maht 12 l   K\u00fctusekulu 1,2 l tunnis (50% koormus)   \u00d5lipaagi maht 1,1 l \/ t\u00e4itepakend 15W40-ga   \u00d5lialarm Jah   M\u00fcratase 7 meetri kaugusel 72 dBA   Mootori t\u00fc\u00fcp D400E \u2013 3000 p\/min \u2013 \u00d5hkjahutusega   Mootor 10 hj   Mootor 418 cm\u00b3   Generaator A5L   Netokaal 152 kg   M\u00f5\u00f5tmed 920 x 520 x 760 mm","og_url":"https:\/\/genekas24.ee\/fi\/tuote\/itcpower-dg6000se-diiselgeneraator-5000w-230v\/","og_site_name":"Genekas24","article_modified_time":"2026-04-08T17:21:22+00:00","og_image":[{"width":500,"height":500,"url":"https:\/\/genekas24.ee\/wp-content\/uploads\/2026\/01\/2203-500x500-1.jpeg","type":"image\/jpeg"}],"twitter_card":"summary_large_image","twitter_misc":{"Arvioitu lukuaika":"2 minuuttia"},"schema":{"@context":"https:\/\/schema.org","@graph":[{"@type":"WebPage","@id":"https:\/\/genekas24.ee\/toode\/itcpower-dg6000se-diiselgeneraator-5000w-230v\/","url":"https:\/\/genekas24.ee\/toode\/itcpower-dg6000se-diiselgeneraator-5000w-230v\/","name":"ITCPOWER DG6000SE diiselgeneraator 5000W 230V - Genekas24","isPartOf":{"@id":"https:\/\/genekas24.ee\/#website"},"primaryImageOfPage":{"@id":"https:\/\/genekas24.ee\/toode\/itcpower-dg6000se-diiselgeneraator-5000w-230v\/#primaryimage"},"image":{"@id":"https:\/\/genekas24.ee\/toode\/itcpower-dg6000se-diiselgeneraator-5000w-230v\/#primaryimage"},"thumbnailUrl":"https:\/\/genekas24.ee\/wp-content\/uploads\/2026\/01\/2203-500x500-1.jpeg","datePublished":"2026-04-08T17:21:21+00:00","dateModified":"2026-04-08T17:21:22+00:00","breadcrumb":{"@id":"https:\/\/genekas24.ee\/toode\/itcpower-dg6000se-diiselgeneraator-5000w-230v\/#breadcrumb"},"inLanguage":"fi","potentialAction":[{"@type":"ReadAction","target":["https:\/\/genekas24.ee\/toode\/itcpower-dg6000se-diiselgeneraator-5000w-230v\/"]}]},{"@type":"ImageObject","inLanguage":"fi","@id":"https:\/\/genekas24.ee\/toode\/itcpower-dg6000se-diiselgeneraator-5000w-230v\/#primaryimage","url":"https:\/\/genekas24.ee\/wp-content\/uploads\/2026\/01\/2203-500x500-1.jpeg","contentUrl":"https:\/\/genekas24.ee\/wp-content\/uploads\/2026\/01\/2203-500x500-1.jpeg","width":500,"height":500},{"@type":"BreadcrumbList","@id":"https:\/\/genekas24.ee\/toode\/itcpower-dg6000se-diiselgeneraator-5000w-230v\/#breadcrumb","itemListElement":[{"@type":"ListItem","position":1,"name":"Home","item":"https:\/\/genekas24.ee\/"},{"@type":"ListItem","position":2,"name":"Pood","item":"https:\/\/genekas24.ee\/pood\/"},{"@type":"ListItem","position":3,"name":"ITCPOWER DG6000SE diiselgeneraator 5000W 230V"}]},{"@type":"WebSite","@id":"https:\/\/genekas24.ee\/#website","url":"https:\/\/genekas24.ee\/","name":"Genekas24","description":"Generaatorid | K&ouml;nner S&ouml;hnen tooted | Genekas24","publisher":{"@id":"https:\/\/genekas24.ee\/#organization"},"potentialAction":[{"@type":"SearchAction","target":{"@type":"EntryPoint","urlTemplate":"https:\/\/genekas24.ee\/?s={search_term_string}"},"query-input":{"@type":"PropertyValueSpecification","valueRequired":true,"valueName":"search_term_string"}}],"inLanguage":"fi"},{"@type":"Organization","@id":"https:\/\/genekas24.ee\/#organization","name":"Genekas24","url":"https:\/\/genekas24.ee\/","logo":{"@type":"ImageObject","inLanguage":"fi","@id":"https:\/\/genekas24.ee\/#\/schema\/logo\/image\/","url":"https:\/\/genekas24.ee\/wp-content\/uploads\/2026\/01\/genekas24-logo_black.svg","contentUrl":"https:\/\/genekas24.ee\/wp-content\/uploads\/2026\/01\/genekas24-logo_black.svg","width":840,"height":131,"caption":"Genekas24"},"image":{"@id":"https:\/\/genekas24.ee\/#\/schema\/logo\/image\/"}}]}},"_links":{"self":[{"href":"https:\/\/genekas24.ee\/fi\/wp-json\/wp\/v2\/product\/22469","targetHints":{"allow":["GET"]}}],"collection":[{"href":"https:\/\/genekas24.ee\/fi\/wp-json\/wp\/v2\/product"}],"about":[{"href":"https:\/\/genekas24.ee\/fi\/wp-json\/wp\/v2\/types\/product"}],"version-history":[{"count":2,"href":"https:\/\/genekas24.ee\/fi\/wp-json\/wp\/v2\/product\/22469\/revisions"}],"predecessor-version":[{"id":22474,"href":"https:\/\/genekas24.ee\/fi\/wp-json\/wp\/v2\/product\/22469\/revisions\/22474"}],"wp:featuredmedia":[{"embeddable":true,"href":"https:\/\/genekas24.ee\/fi\/wp-json\/wp\/v2\/media\/22470"}],"wp:attachment":[{"href":"https:\/\/genekas24.ee\/fi\/wp-json\/wp\/v2\/media?parent=22469"}],"wp:term":[{"taxonomy":"product_brand","embeddable":true,"href":"https:\/\/genekas24.ee\/fi\/wp-json\/wp\/v2\/product_brand?post=22469"},{"taxonomy":"product_cat","embeddable":true,"href":"https:\/\/genekas24.ee\/fi\/wp-json\/wp\/v2\/product_cat?post=22469"},{"taxonomy":"product_tag","embeddable":true,"href":"https:\/\/genekas24.ee\/fi\/wp-json\/wp\/v2\/product_tag?post=22469"}],"curies":[{"name":"wp","href":"https:\/\/api.w.org\/{rel}","templated":true}]}}