{"id":22392,"date":"2026-04-08T17:28:12","date_gmt":"2026-04-08T17:28:12","guid":{"rendered":"https:\/\/genekas24.ee\/?post_type=product&#038;p=22392"},"modified":"2026-04-08T17:28:13","modified_gmt":"2026-04-08T17:28:13","slug":"itcpower-dg20000lek-t-diiselgeneraator-230-400v-15kw-20kva","status":"publish","type":"product","link":"https:\/\/genekas24.ee\/fi\/tuote\/itcpower-dg20000lek-t-diiselgeneraator-230-400v-15kw-20kva\/","title":{"rendered":"ITCPOWER DG20000LEK-T diiselgeneraator 230\/400V 15kW\/20kVA"},"content":{"rendered":"<p style=\"font-weight: 400;\">\u00a020kVA \/ 16kW diiselgeneraator \u2013 vastupidavat ja mitmek\u00fclgset seadet, mis on loodud pakkuma maksimaalset v\u00f5imsust ja t\u00f6\u00f6kindlust igas olukorras. V\u00e4ljundpingega 400V \/ 230V ja nimiv\u00f5imsusega 18,8kVA (400V) \/ 15kW (230V) sobib see generaator ideaalselt p\u00e4ikeseenergia s\u00fcsteemide toetamiseks, droonide laadimiseks ja avariitoite pakkumiseks kodus v\u00f5i ehitusplatsidel.<\/p>\n<p style=\"font-weight: 400;\">Generaatoril on automaatne \u00fcmberl\u00fclitusl\u00fcliti (ATS), mis tagab automaatse taask\u00e4ivitumise elektrikatkestuste korral, pakkudes teile meelerahu ja turvalisust. Kuni 6-tunnise t\u00f6\u00f6aja ja 84 dBA m\u00fcratasemega 7 meetri kaugusel saate nautida t\u00f5husat t\u00f6\u00f6d.<\/p>\n<p style=\"font-weight: 400;\">","protected":false},"excerpt":{"rendered":"<table>\n<tbody>\n<tr>\n<td>T\u00e4isv\u00f5imsuse pinge<\/td>\n<td>400 V \/ 230 V<\/td>\n<\/tr>\n<tr>\n<td>Maksimaalne v\u00f5imsus<\/td>\n<td>20 kVA (400 V) \/ 16 kW (230 V)<\/td>\n<\/tr>\n<tr>\n<td>Nimiv\u00f5imsus<\/td>\n<td>18,8 kVA (400 V) \/ 15 kW (230 V)<\/td>\n<\/tr>\n<tr>\n<td>Taajuus<\/td>\n<td>50 Hz<\/td>\n<\/tr>\n<tr>\n<td>Aku<\/td>\n<td>12 V \/ 45 Ah<\/td>\n<\/tr>\n<tr>\n<td>Alalisvoolu v\u00e4ljund<\/td>\n<td>18 V \/ 8,3 A<\/td>\n<\/tr>\n<tr>\n<td>K\u00fctusepaagi maht<\/td>\n<td>30 l<\/td>\n<\/tr>\n<tr>\n<td>M\u00fcratase 7 meetri kauguselt<\/td>\n<td>84 dBA<\/td>\n<\/tr>\n<tr>\n<td>Moottorin malli<\/td>\n<td>DV1250E<\/td>\n<\/tr>\n<tr>\n<td>Mootori nimiv\u00f5imsus<\/td>\n<td>24,4 hj<\/td>\n<\/tr>\n<tr>\n<td>Mootori k\u00e4ivitusmeetod<\/td>\n<td>elektriline<\/td>\n<\/tr>\n<tr>\n<td>ATS valmidus<\/td>\n<td>Jah<\/td>\n<\/tr>\n<tr>\n<td>AUTO START<\/td>\n<td>Jah<\/td>\n<\/tr>\n<tr>\n<td>Mootori t\u00f6\u00f6maht<\/td>\n<td>1247 cm\u00b3<\/td>\n<\/tr>\n<tr>\n<td>Mootori \u00f5limaht<\/td>\n<td>3,5 l<\/td>\n<\/tr>\n<tr>\n<td>Generaatori v\u00f5imsus<\/td>\n<td>15 kW<\/td>\n<\/tr>\n<tr>\n<td>Generaatori v\u00f5imsustegur<\/td>\n<td>1 \/ 0,8<\/td>\n<\/tr>\n<tr>\n<td>Generaatori harjadega pinge reguleerimine \/ AVR<\/td>\n<td>Jah<\/td>\n<\/tr>\n<tr>\n<td>Netokaal<\/td>\n<td>230 kg<\/td>\n<\/tr>\n<tr>\n<td>Brutokaal<\/td>\n<td>255 kg<\/td>\n<\/tr>\n<tr>\n<td>Toote m\u00f5\u00f5tmed<\/td>\n<td>1100 x 670 x 750 mm<\/td>\n<\/tr>\n<tr>\n<td>Karbi m\u00f5\u00f5tmed<\/td>\n<td>1160 x 750 x 880 mm<\/td>\n<\/tr>\n<tr>\n<td>Vahelduvvoolu v\u00e4ljundv\u00f5imsus<\/td>\n<td>32A \/ 63A<\/td>\n<\/tr>\n<tr>\n<td>T\u00f6\u00f6aeg<\/td>\n<td>6 tundi<\/td>\n<\/tr>\n<tr>\n<td>LED-n\u00e4ytt\u00f6<\/td>\n<td>Jah<\/td>\n<\/tr>\n<tr>\n<td>Pikkus<\/td>\n<td>116 cm<\/td>\n<\/tr>\n<tr>\n<td>Laius<\/td>\n<td>75 cm<\/td>\n<\/tr>\n<tr>\n<td>K\u00f5rgus<\/td>\n<td>88 cm<\/td>\n<\/tr>\n<\/tbody>\n<\/table>","protected":false},"featured_media":22393,"template":"","meta":{"_acf_changed":false,"inline_featured_image":false},"product_brand":[],"product_cat":[22,94],"product_tag":[],"class_list":{"0":"post-22392","1":"product","2":"type-product","3":"status-publish","4":"has-post-thumbnail","6":"product_cat-diiselgeneraatorid","7":"product_cat-generaatorid","8":"product_shipping_class-euroalus","9":"brand-itcpower","11":"first","12":"instock","13":"taxable","14":"shipping-taxable","15":"purchasable","16":"product-type-simple"},"acf":[],"yoast_head":"<!-- This site is optimized with the Yoast SEO plugin v27.2 - https:\/\/yoast.com\/product\/yoast-seo-wordpress\/ -->\n<title>ITCPOWER DG20000LEK-T diiselgeneraator 230\/400V 15kW\/20kVA - Genekas24<\/title>\n<meta name=\"robots\" content=\"index, follow, max-snippet:-1, max-image-preview:large, max-video-preview:-1\" \/>\n<link rel=\"canonical\" href=\"https:\/\/genekas24.ee\/fi\/tuote\/itcpower-dg20000lek-t-diiselgeneraator-230-400v-15kw-20kva\/\" \/>\n<meta property=\"og:locale\" content=\"fi_FI\" \/>\n<meta property=\"og:type\" content=\"article\" \/>\n<meta property=\"og:title\" content=\"ITCPOWER DG20000LEK-T diiselgeneraator 230\/400V 15kW\/20kVA - Genekas24\" \/>\n<meta property=\"og:description\" content=\"T\u00e4isv\u00f5imsuse pinge 400 V \/ 230 V   Maksimaalne v\u00f5imsus 20 kVA (400 V) \/ 16 kW (230 V)   Nimiv\u00f5imsus 18,8 kVA (400 V) \/ 15 kW (230 V)   Sagedus 50 Hz   Aku 12 V \/ 45 Ah   Alalisvoolu v\u00e4ljund 18 V \/ 8,3 A   K\u00fctusepaagi maht 30 l   M\u00fcratase 7 meetri kauguselt 84 dBA   Mootori mudel DV1250E   Mootori nimiv\u00f5imsus 24,4 hj   Mootori k\u00e4ivitusmeetod elektriline   ATS valmidus Jah   AUTO START Jah   Mootori t\u00f6\u00f6maht 1247 cm\u00b3   Mootori \u00f5limaht 3,5 l   Generaatori v\u00f5imsus 15 kW   Generaatori v\u00f5imsustegur 1 \/ 0,8   Generaatori harjadega pinge reguleerimine \/ AVR Jah   Netokaal 230 kg   Brutokaal 255 kg   Toote m\u00f5\u00f5tmed 1100 x 670 x 750 mm   Karbi m\u00f5\u00f5tmed 1160 x 750 x 880 mm   Vahelduvvoolu v\u00e4ljundv\u00f5imsus 32A \/ 63A   T\u00f6\u00f6aeg 6 tundi   LED-ekraan Jah   Pikkus 116 cm   Laius 75 cm   K\u00f5rgus 88 cm\" \/>\n<meta property=\"og:url\" content=\"https:\/\/genekas24.ee\/fi\/tuote\/itcpower-dg20000lek-t-diiselgeneraator-230-400v-15kw-20kva\/\" \/>\n<meta property=\"og:site_name\" content=\"Genekas24\" \/>\n<meta property=\"article:modified_time\" content=\"2026-04-08T17:28:13+00:00\" \/>\n<meta property=\"og:image\" content=\"https:\/\/genekas24.ee\/wp-content\/uploads\/2026\/01\/5854-500x500-1.jpeg\" \/>\n\t<meta property=\"og:image:width\" content=\"500\" \/>\n\t<meta property=\"og:image:height\" content=\"500\" \/>\n\t<meta property=\"og:image:type\" content=\"image\/jpeg\" \/>\n<meta name=\"twitter:card\" content=\"summary_large_image\" \/>\n<meta name=\"twitter:label1\" content=\"Arvioitu lukuaika\" \/>\n\t<meta name=\"twitter:data1\" content=\"1 minuutti\" \/>\n<script type=\"application\/ld+json\" class=\"yoast-schema-graph\">{\"@context\":\"https:\/\/schema.org\",\"@graph\":[{\"@type\":\"WebPage\",\"@id\":\"https:\/\/genekas24.ee\/toode\/itcpower-dg20000lek-t-diiselgeneraator-230-400v-15kw-20kva\/\",\"url\":\"https:\/\/genekas24.ee\/toode\/itcpower-dg20000lek-t-diiselgeneraator-230-400v-15kw-20kva\/\",\"name\":\"ITCPOWER DG20000LEK-T diiselgeneraator 230\/400V 15kW\/20kVA - Genekas24\",\"isPartOf\":{\"@id\":\"https:\/\/genekas24.ee\/#website\"},\"primaryImageOfPage\":{\"@id\":\"https:\/\/genekas24.ee\/toode\/itcpower-dg20000lek-t-diiselgeneraator-230-400v-15kw-20kva\/#primaryimage\"},\"image\":{\"@id\":\"https:\/\/genekas24.ee\/toode\/itcpower-dg20000lek-t-diiselgeneraator-230-400v-15kw-20kva\/#primaryimage\"},\"thumbnailUrl\":\"https:\/\/genekas24.ee\/wp-content\/uploads\/2026\/01\/5854-500x500-1.jpeg\",\"datePublished\":\"2026-04-08T17:28:12+00:00\",\"dateModified\":\"2026-04-08T17:28:13+00:00\",\"breadcrumb\":{\"@id\":\"https:\/\/genekas24.ee\/toode\/itcpower-dg20000lek-t-diiselgeneraator-230-400v-15kw-20kva\/#breadcrumb\"},\"inLanguage\":\"fi\",\"potentialAction\":[{\"@type\":\"ReadAction\",\"target\":[\"https:\/\/genekas24.ee\/toode\/itcpower-dg20000lek-t-diiselgeneraator-230-400v-15kw-20kva\/\"]}]},{\"@type\":\"ImageObject\",\"inLanguage\":\"fi\",\"@id\":\"https:\/\/genekas24.ee\/toode\/itcpower-dg20000lek-t-diiselgeneraator-230-400v-15kw-20kva\/#primaryimage\",\"url\":\"https:\/\/genekas24.ee\/wp-content\/uploads\/2026\/01\/5854-500x500-1.jpeg\",\"contentUrl\":\"https:\/\/genekas24.ee\/wp-content\/uploads\/2026\/01\/5854-500x500-1.jpeg\",\"width\":500,\"height\":500},{\"@type\":\"BreadcrumbList\",\"@id\":\"https:\/\/genekas24.ee\/toode\/itcpower-dg20000lek-t-diiselgeneraator-230-400v-15kw-20kva\/#breadcrumb\",\"itemListElement\":[{\"@type\":\"ListItem\",\"position\":1,\"name\":\"Home\",\"item\":\"https:\/\/genekas24.ee\/\"},{\"@type\":\"ListItem\",\"position\":2,\"name\":\"Pood\",\"item\":\"https:\/\/genekas24.ee\/pood\/\"},{\"@type\":\"ListItem\",\"position\":3,\"name\":\"ITCPOWER DG20000LEK-T diiselgeneraator 230\/400V 15kW\/20kVA\"}]},{\"@type\":\"WebSite\",\"@id\":\"https:\/\/genekas24.ee\/#website\",\"url\":\"https:\/\/genekas24.ee\/\",\"name\":\"Genekas24\",\"description\":\"Generaatorid | K&ouml;nner S&ouml;hnen tooted | Genekas24\",\"publisher\":{\"@id\":\"https:\/\/genekas24.ee\/#organization\"},\"potentialAction\":[{\"@type\":\"SearchAction\",\"target\":{\"@type\":\"EntryPoint\",\"urlTemplate\":\"https:\/\/genekas24.ee\/?s={search_term_string}\"},\"query-input\":{\"@type\":\"PropertyValueSpecification\",\"valueRequired\":true,\"valueName\":\"search_term_string\"}}],\"inLanguage\":\"fi\"},{\"@type\":\"Organization\",\"@id\":\"https:\/\/genekas24.ee\/#organization\",\"name\":\"Genekas24\",\"url\":\"https:\/\/genekas24.ee\/\",\"logo\":{\"@type\":\"ImageObject\",\"inLanguage\":\"fi\",\"@id\":\"https:\/\/genekas24.ee\/#\/schema\/logo\/image\/\",\"url\":\"https:\/\/genekas24.ee\/wp-content\/uploads\/2026\/01\/genekas24-logo_black.svg\",\"contentUrl\":\"https:\/\/genekas24.ee\/wp-content\/uploads\/2026\/01\/genekas24-logo_black.svg\",\"width\":840,\"height\":131,\"caption\":\"Genekas24\"},\"image\":{\"@id\":\"https:\/\/genekas24.ee\/#\/schema\/logo\/image\/\"}}]}<\/script>\n<!-- \/ Yoast SEO plugin. -->","yoast_head_json":{"title":"ITCPOWER DG20000LEK-T diiselgeneraator 230\/400V 15kW\/20kVA - Genekas24","robots":{"index":"index","follow":"follow","max-snippet":"max-snippet:-1","max-image-preview":"max-image-preview:large","max-video-preview":"max-video-preview:-1"},"canonical":"https:\/\/genekas24.ee\/fi\/tuote\/itcpower-dg20000lek-t-diiselgeneraator-230-400v-15kw-20kva\/","og_locale":"fi_FI","og_type":"article","og_title":"ITCPOWER DG20000LEK-T diiselgeneraator 230\/400V 15kW\/20kVA - Genekas24","og_description":"T\u00e4isv\u00f5imsuse pinge 400 V \/ 230 V   Maksimaalne v\u00f5imsus 20 kVA (400 V) \/ 16 kW (230 V)   Nimiv\u00f5imsus 18,8 kVA (400 V) \/ 15 kW (230 V)   Sagedus 50 Hz   Aku 12 V \/ 45 Ah   Alalisvoolu v\u00e4ljund 18 V \/ 8,3 A   K\u00fctusepaagi maht 30 l   M\u00fcratase 7 meetri kauguselt 84 dBA   Mootori mudel DV1250E   Mootori nimiv\u00f5imsus 24,4 hj   Mootori k\u00e4ivitusmeetod elektriline   ATS valmidus Jah   AUTO START Jah   Mootori t\u00f6\u00f6maht 1247 cm\u00b3   Mootori \u00f5limaht 3,5 l   Generaatori v\u00f5imsus 15 kW   Generaatori v\u00f5imsustegur 1 \/ 0,8   Generaatori harjadega pinge reguleerimine \/ AVR Jah   Netokaal 230 kg   Brutokaal 255 kg   Toote m\u00f5\u00f5tmed 1100 x 670 x 750 mm   Karbi m\u00f5\u00f5tmed 1160 x 750 x 880 mm   Vahelduvvoolu v\u00e4ljundv\u00f5imsus 32A \/ 63A   T\u00f6\u00f6aeg 6 tundi   LED-ekraan Jah   Pikkus 116 cm   Laius 75 cm   K\u00f5rgus 88 cm","og_url":"https:\/\/genekas24.ee\/fi\/tuote\/itcpower-dg20000lek-t-diiselgeneraator-230-400v-15kw-20kva\/","og_site_name":"Genekas24","article_modified_time":"2026-04-08T17:28:13+00:00","og_image":[{"width":500,"height":500,"url":"https:\/\/genekas24.ee\/wp-content\/uploads\/2026\/01\/5854-500x500-1.jpeg","type":"image\/jpeg"}],"twitter_card":"summary_large_image","twitter_misc":{"Arvioitu lukuaika":"1 minuutti"},"schema":{"@context":"https:\/\/schema.org","@graph":[{"@type":"WebPage","@id":"https:\/\/genekas24.ee\/toode\/itcpower-dg20000lek-t-diiselgeneraator-230-400v-15kw-20kva\/","url":"https:\/\/genekas24.ee\/toode\/itcpower-dg20000lek-t-diiselgeneraator-230-400v-15kw-20kva\/","name":"ITCPOWER DG20000LEK-T diiselgeneraator 230\/400V 15kW\/20kVA - Genekas24","isPartOf":{"@id":"https:\/\/genekas24.ee\/#website"},"primaryImageOfPage":{"@id":"https:\/\/genekas24.ee\/toode\/itcpower-dg20000lek-t-diiselgeneraator-230-400v-15kw-20kva\/#primaryimage"},"image":{"@id":"https:\/\/genekas24.ee\/toode\/itcpower-dg20000lek-t-diiselgeneraator-230-400v-15kw-20kva\/#primaryimage"},"thumbnailUrl":"https:\/\/genekas24.ee\/wp-content\/uploads\/2026\/01\/5854-500x500-1.jpeg","datePublished":"2026-04-08T17:28:12+00:00","dateModified":"2026-04-08T17:28:13+00:00","breadcrumb":{"@id":"https:\/\/genekas24.ee\/toode\/itcpower-dg20000lek-t-diiselgeneraator-230-400v-15kw-20kva\/#breadcrumb"},"inLanguage":"fi","potentialAction":[{"@type":"ReadAction","target":["https:\/\/genekas24.ee\/toode\/itcpower-dg20000lek-t-diiselgeneraator-230-400v-15kw-20kva\/"]}]},{"@type":"ImageObject","inLanguage":"fi","@id":"https:\/\/genekas24.ee\/toode\/itcpower-dg20000lek-t-diiselgeneraator-230-400v-15kw-20kva\/#primaryimage","url":"https:\/\/genekas24.ee\/wp-content\/uploads\/2026\/01\/5854-500x500-1.jpeg","contentUrl":"https:\/\/genekas24.ee\/wp-content\/uploads\/2026\/01\/5854-500x500-1.jpeg","width":500,"height":500},{"@type":"BreadcrumbList","@id":"https:\/\/genekas24.ee\/toode\/itcpower-dg20000lek-t-diiselgeneraator-230-400v-15kw-20kva\/#breadcrumb","itemListElement":[{"@type":"ListItem","position":1,"name":"Home","item":"https:\/\/genekas24.ee\/"},{"@type":"ListItem","position":2,"name":"Pood","item":"https:\/\/genekas24.ee\/pood\/"},{"@type":"ListItem","position":3,"name":"ITCPOWER DG20000LEK-T diiselgeneraator 230\/400V 15kW\/20kVA"}]},{"@type":"WebSite","@id":"https:\/\/genekas24.ee\/#website","url":"https:\/\/genekas24.ee\/","name":"Genekas24","description":"Generaatorid | K&ouml;nner S&ouml;hnen tooted | Genekas24","publisher":{"@id":"https:\/\/genekas24.ee\/#organization"},"potentialAction":[{"@type":"SearchAction","target":{"@type":"EntryPoint","urlTemplate":"https:\/\/genekas24.ee\/?s={search_term_string}"},"query-input":{"@type":"PropertyValueSpecification","valueRequired":true,"valueName":"search_term_string"}}],"inLanguage":"fi"},{"@type":"Organization","@id":"https:\/\/genekas24.ee\/#organization","name":"Genekas24","url":"https:\/\/genekas24.ee\/","logo":{"@type":"ImageObject","inLanguage":"fi","@id":"https:\/\/genekas24.ee\/#\/schema\/logo\/image\/","url":"https:\/\/genekas24.ee\/wp-content\/uploads\/2026\/01\/genekas24-logo_black.svg","contentUrl":"https:\/\/genekas24.ee\/wp-content\/uploads\/2026\/01\/genekas24-logo_black.svg","width":840,"height":131,"caption":"Genekas24"},"image":{"@id":"https:\/\/genekas24.ee\/#\/schema\/logo\/image\/"}}]}},"_links":{"self":[{"href":"https:\/\/genekas24.ee\/fi\/wp-json\/wp\/v2\/product\/22392","targetHints":{"allow":["GET"]}}],"collection":[{"href":"https:\/\/genekas24.ee\/fi\/wp-json\/wp\/v2\/product"}],"about":[{"href":"https:\/\/genekas24.ee\/fi\/wp-json\/wp\/v2\/types\/product"}],"version-history":[{"count":1,"href":"https:\/\/genekas24.ee\/fi\/wp-json\/wp\/v2\/product\/22392\/revisions"}],"predecessor-version":[{"id":22402,"href":"https:\/\/genekas24.ee\/fi\/wp-json\/wp\/v2\/product\/22392\/revisions\/22402"}],"wp:featuredmedia":[{"embeddable":true,"href":"https:\/\/genekas24.ee\/fi\/wp-json\/wp\/v2\/media\/22393"}],"wp:attachment":[{"href":"https:\/\/genekas24.ee\/fi\/wp-json\/wp\/v2\/media?parent=22392"}],"wp:term":[{"taxonomy":"product_brand","embeddable":true,"href":"https:\/\/genekas24.ee\/fi\/wp-json\/wp\/v2\/product_brand?post=22392"},{"taxonomy":"product_cat","embeddable":true,"href":"https:\/\/genekas24.ee\/fi\/wp-json\/wp\/v2\/product_cat?post=22392"},{"taxonomy":"product_tag","embeddable":true,"href":"https:\/\/genekas24.ee\/fi\/wp-json\/wp\/v2\/product_tag?post=22392"}],"curies":[{"name":"wp","href":"https:\/\/api.w.org\/{rel}","templated":true}]}}