{"id":22346,"date":"2026-04-08T17:29:46","date_gmt":"2026-04-08T17:29:46","guid":{"rendered":"https:\/\/genekas24.ee\/?post_type=product&#038;p=22346"},"modified":"2026-04-08T17:29:46","modified_gmt":"2026-04-08T17:29:46","slug":"itcpower-dg15000set-diiselgeneraator-11kw-230v-400v","status":"publish","type":"product","link":"https:\/\/genekas24.ee\/fi\/tuote\/itcpower-dg15000set-diiselgeneraator-11kw-230v-400v\/","title":{"rendered":"ITCPOWER DG15000SET diiselgeneraator 11kW 230V\/400V"},"content":{"rendered":"<p style=\"font-weight: 400;\">ITCPOWER DG15000SET diiselgeneraator 11kW 230V\/400V on kompaktne, \u00f6konoomne ja vastupidav ITCPOWERi generaator. ITCPOWER DG15000SET diiselgeneraator on varustatud 19 hj mootoriga, mis toodab 11 kW nii 230V kui ka 400V pingel! Sellel generaatoril on ka tugev ja vastupidav disain.<\/p>\n<p style=\"font-weight: 400;\"><strong>Avariitoiteallikad:<\/strong><\/p>\n<p style=\"font-weight: 400;\">See on diiselgeneraatorite \u00fcks levinumaid rakendusi. Neid kasutatakse elektrienergia tootmiseks, kui tavaline elektriv\u00f5rk rikki l\u00e4heb v\u00f5i puudub otsene juurdep\u00e4\u00e4s v\u00f5rgule. See on sageli \u00fclioluline j\u00e4rgmistes kohtades: p\u00f5llumajandus, ehitusplatsid, infrastruktuur, lennujaamad ja muud kohad, kus isegi l\u00fchike elektrikatkestus v\u00f5ib olla kulukas. L\u00fchidalt \u00f6eldes kasutatakse diiselgeneraatoreid erinevates kohtades, kus puudub otsene juurdep\u00e4\u00e4s tavalisele elektriv\u00f5rgule, v\u00f5i avariilahendusena. Hooldus:<\/p>\n<p style=\"font-weight: 400;\">Diiselgeneraatorid vajavad regulaarset hooldust, sealhulgas \u00f5livahetust, \u00f5hufiltrite vahetust ja k\u00fctuses\u00fcsteemi kontrolli. Generaatori pikaajalise t\u00f6\u00f6 tagamiseks veenduge, et seda tehakse regulaarselt. \u00d5li osas soovitame ITCPOWERi generaatorite jaoks kasutada 4T 15W40 \u00f5li. See on parim \u00f5li teie ITCPOWERi diiselgeneraatori pikaajaliseks j\u00f5udluseks. \u00d5li, filtrid ja mitmesugused muud osad on meilt kergesti k\u00e4ttesaadavad. Lisateabe saamiseks v\u00f5tke meiega \u00fchendust!<\/p>\n<p style=\"font-weight: 400;\"><strong>V\u00f5imsus ja m\u00fcra:<\/strong><\/p>\n<p style=\"font-weight: 400;\">Diiselgeneraatoreid on saadaval erinevates suurustes ja\/v\u00f5i v\u00f5imsusklassides, alates kaasaskantavatest generaatoritest v\u00e4ikeste rakenduste jaoks kuni suurte t\u00f6\u00f6stusgeneraatoriteni, mis suudavad toita terveid rajatisi. Paljud ITCPOWERi generaatorid on varustatud korpusega. See v\u00e4hendab diiselgeneraatori m\u00fcra. Palun vaadake hoolikalt l\u00e4bi allolevad fotod ja spetsifikatsioonid.<\/p>\n<p style=\"font-weight: 400;\"><strong>Automaatika:<\/strong><\/p>\n<p style=\"font-weight: 400;\">Paljud diiselgeneraatorid on varustatud automaatsete k\u00e4ivitus-\/seiskamiss\u00fcsteemide ja\/v\u00f5i ATS-\u00fchendustega. (t\u00e4histatud kui: ATS\/AUTO) Need saavad sujuvalt generaatorile toiteallika l\u00fclitada, kui tavaline elektriv\u00f5rk rikki l\u00e4heb. See on ideaalne, kui otsite generaatorit avariilahenduseks. Mitmed generaatorid v\u00f5ivad t\u00f6\u00f6tada ka 230 V ja 400 V pingel. Generaatori\/generaatori kohta leiate \u00fcksikasjalikku teavet allpool olevatest tehnilistest kirjeldustest:<\/p>","protected":false},"excerpt":{"rendered":"<table>\n<tbody>\n<tr>\n<td>J\u00e4nnite<\/td>\n<td>400 V ja 230 V \u2013 t\u00e4isv\u00f5imsus<\/td>\n<\/tr>\n<tr>\n<td>Pidevv\u00f5imsus<\/td>\n<td>230 V: 11 kW \/ 400 V: 11 kW<\/td>\n<\/tr>\n<tr>\n<td>Maksimaalne v\u00f5imsus<\/td>\n<td>230 V: 12 kW \/ 400 V: 12 kW<\/td>\n<\/tr>\n<tr>\n<td>V\u00e4ljundvool<\/td>\n<td>230 V: 48 A \/ 400 V: 16 A (faasi kohta)<\/td>\n<\/tr>\n<tr>\n<td>Taajuus<\/td>\n<td>50 Hz<\/td>\n<\/tr>\n<tr>\n<td>L\u00e4hd\u00f6t<\/td>\n<td>230 V: 1x 16A \/ 1x 53A (3-pooluseline) 400V: 1x 32A (5-pooluseline)<\/td>\n<\/tr>\n<tr>\n<td>K\u00fctusepaagi maht<\/td>\n<td>25L<\/td>\n<\/tr>\n<tr>\n<td>T\u00f6\u00f6aeg 75% koormusel<\/td>\n<td>8 tundi<\/td>\n<\/tr>\n<tr>\n<td>M\u00fcratase 7 meetri kauguselt<\/td>\n<td>72 dB<\/td>\n<\/tr>\n<tr>\n<td>Aku<\/td>\n<td>12V \u2013 45Ah<\/td>\n<\/tr>\n<tr>\n<td>\u00d5lialarm<\/td>\n<td>Jah<\/td>\n<\/tr>\n<tr>\n<td>Karteri \u00f5limaht<\/td>\n<td>2,8L \u2013 15W40<\/td>\n<\/tr>\n<tr>\n<td>\u00dclekoormuse indikaator<\/td>\n<td>Jah<\/td>\n<\/tr>\n<tr>\n<td>Mootor \u2013 T\u00fc\u00fcp<\/td>\n<td>D1000E \u2013 T\u00e4isv\u00f5imsus \u2013 3000 p\/min \u2013 2-silindriline V<\/td>\n<\/tr>\n<tr>\n<td>Mootor \u2013 T\u00f6\u00f6maht<\/td>\n<td>997cc \u2013 19 hj<\/td>\n<\/tr>\n<tr>\n<td>Generaattori<\/td>\n<td>AL12-T<\/td>\n<\/tr>\n<tr>\n<td>Pinge reguleerimine<\/td>\n<td>S\u00fcsinikuharjad &#8211; AVR<\/td>\n<\/tr>\n<tr>\n<td>K\u00e4ivitusvalikud<\/td>\n<td>Elektriline\/ATS<\/td>\n<\/tr>\n<tr>\n<td>ATS valmidus<\/td>\n<td>Jah<\/td>\n<\/tr>\n<tr>\n<td>AUTO START<\/td>\n<td>Jah<\/td>\n<\/tr>\n<tr>\n<td>N\u00e4ytt\u00f6<\/td>\n<td>Digitaalne LED<\/td>\n<\/tr>\n<tr>\n<td>J\u00e4\u00e4hdytystyyppi<\/td>\n<td>\u00d5hkjahutusega<\/td>\n<\/tr>\n<tr>\n<td>Netokaal<\/td>\n<td>295 kg<\/td>\n<\/tr>\n<tr>\n<td>M\u00f5\u00f5tmed<\/td>\n<td>130 x 65 x 76 cm<\/td>\n<\/tr>\n<\/tbody>\n<\/table>","protected":false},"featured_media":22347,"template":"","meta":{"_acf_changed":false,"inline_featured_image":false},"product_brand":[],"product_cat":[22,94],"product_tag":[],"class_list":{"0":"post-22346","1":"product","2":"type-product","3":"status-publish","4":"has-post-thumbnail","6":"product_cat-diiselgeneraatorid","7":"product_cat-generaatorid","8":"product_shipping_class-diisel-joujaamad","9":"brand-itcpower","11":"first","12":"instock","13":"taxable","14":"shipping-taxable","15":"purchasable","16":"product-type-simple"},"acf":[],"yoast_head":"<!-- This site is optimized with the Yoast SEO plugin v27.2 - https:\/\/yoast.com\/product\/yoast-seo-wordpress\/ -->\n<title>ITCPOWER DG15000SET diiselgeneraator 11kW 230V\/400V - Genekas24<\/title>\n<meta name=\"robots\" content=\"index, follow, max-snippet:-1, max-image-preview:large, max-video-preview:-1\" \/>\n<link rel=\"canonical\" href=\"https:\/\/genekas24.ee\/fi\/tuote\/itcpower-dg15000set-diiselgeneraator-11kw-230v-400v\/\" \/>\n<meta property=\"og:locale\" content=\"fi_FI\" \/>\n<meta property=\"og:type\" content=\"article\" \/>\n<meta property=\"og:title\" content=\"ITCPOWER DG15000SET diiselgeneraator 11kW 230V\/400V - Genekas24\" \/>\n<meta property=\"og:description\" content=\"Pinge 400 V ja 230 V \u2013 t\u00e4isv\u00f5imsus   Pidevv\u00f5imsus 230 V: 11 kW \/ 400 V: 11 kW   Maksimaalne v\u00f5imsus 230 V: 12 kW \/ 400 V: 12 kW   V\u00e4ljundvool 230 V: 48 A \/ 400 V: 16 A (faasi kohta)   Sagedus 50 Hz   V\u00e4ljundid 230 V: 1x 16A \/ 1x 53A (3-pooluseline) 400V: 1x 32A (5-pooluseline)   K\u00fctusepaagi maht 25L   T\u00f6\u00f6aeg 75% koormusel 8 tundi   M\u00fcratase 7 meetri kauguselt 72 dB   Aku 12V \u2013 45Ah   \u00d5lialarm Jah   Karteri \u00f5limaht 2,8L \u2013 15W40   \u00dclekoormuse indikaator Jah   Mootor \u2013 T\u00fc\u00fcp D1000E \u2013 T\u00e4isv\u00f5imsus \u2013 3000 p\/min \u2013 2-silindriline V   Mootor \u2013 T\u00f6\u00f6maht 997cc \u2013 19 hj   Generaator AL12-T   Pinge reguleerimine S\u00fcsinikuharjad - AVR   K\u00e4ivitusvalikud Elektriline\/ATS   ATS valmidus Jah   AUTO START Jah   Ekraan Digitaalne LED   Jahutust\u00fc\u00fcp \u00d5hkjahutusega   Netokaal 295 kg   M\u00f5\u00f5tmed 130 x 65 x 76 cm\" \/>\n<meta property=\"og:url\" content=\"https:\/\/genekas24.ee\/fi\/tuote\/itcpower-dg15000set-diiselgeneraator-11kw-230v-400v\/\" \/>\n<meta property=\"og:site_name\" content=\"Genekas24\" \/>\n<meta property=\"og:image\" content=\"https:\/\/genekas24.ee\/wp-content\/uploads\/2026\/01\/Schermafbeelding-2025-02-20-094406-500x500-1.png\" \/>\n\t<meta property=\"og:image:width\" content=\"500\" \/>\n\t<meta property=\"og:image:height\" content=\"500\" \/>\n\t<meta property=\"og:image:type\" content=\"image\/png\" \/>\n<meta name=\"twitter:card\" content=\"summary_large_image\" \/>\n<meta name=\"twitter:label1\" content=\"Arvioitu lukuaika\" \/>\n\t<meta name=\"twitter:data1\" content=\"2 minuuttia\" \/>\n<script type=\"application\/ld+json\" class=\"yoast-schema-graph\">{\"@context\":\"https:\/\/schema.org\",\"@graph\":[{\"@type\":\"WebPage\",\"@id\":\"https:\/\/genekas24.ee\/toode\/itcpower-dg15000set-diiselgeneraator-11kw-230v-400v\/\",\"url\":\"https:\/\/genekas24.ee\/toode\/itcpower-dg15000set-diiselgeneraator-11kw-230v-400v\/\",\"name\":\"ITCPOWER DG15000SET diiselgeneraator 11kW 230V\/400V - Genekas24\",\"isPartOf\":{\"@id\":\"https:\/\/genekas24.ee\/#website\"},\"primaryImageOfPage\":{\"@id\":\"https:\/\/genekas24.ee\/toode\/itcpower-dg15000set-diiselgeneraator-11kw-230v-400v\/#primaryimage\"},\"image\":{\"@id\":\"https:\/\/genekas24.ee\/toode\/itcpower-dg15000set-diiselgeneraator-11kw-230v-400v\/#primaryimage\"},\"thumbnailUrl\":\"https:\/\/genekas24.ee\/wp-content\/uploads\/2026\/01\/Schermafbeelding-2025-02-20-094406-500x500-1.png\",\"datePublished\":\"2026-04-08T17:29:46+00:00\",\"breadcrumb\":{\"@id\":\"https:\/\/genekas24.ee\/toode\/itcpower-dg15000set-diiselgeneraator-11kw-230v-400v\/#breadcrumb\"},\"inLanguage\":\"fi\",\"potentialAction\":[{\"@type\":\"ReadAction\",\"target\":[\"https:\/\/genekas24.ee\/toode\/itcpower-dg15000set-diiselgeneraator-11kw-230v-400v\/\"]}]},{\"@type\":\"ImageObject\",\"inLanguage\":\"fi\",\"@id\":\"https:\/\/genekas24.ee\/toode\/itcpower-dg15000set-diiselgeneraator-11kw-230v-400v\/#primaryimage\",\"url\":\"https:\/\/genekas24.ee\/wp-content\/uploads\/2026\/01\/Schermafbeelding-2025-02-20-094406-500x500-1.png\",\"contentUrl\":\"https:\/\/genekas24.ee\/wp-content\/uploads\/2026\/01\/Schermafbeelding-2025-02-20-094406-500x500-1.png\",\"width\":500,\"height\":500},{\"@type\":\"BreadcrumbList\",\"@id\":\"https:\/\/genekas24.ee\/toode\/itcpower-dg15000set-diiselgeneraator-11kw-230v-400v\/#breadcrumb\",\"itemListElement\":[{\"@type\":\"ListItem\",\"position\":1,\"name\":\"Home\",\"item\":\"https:\/\/genekas24.ee\/\"},{\"@type\":\"ListItem\",\"position\":2,\"name\":\"Pood\",\"item\":\"https:\/\/genekas24.ee\/pood\/\"},{\"@type\":\"ListItem\",\"position\":3,\"name\":\"ITCPOWER DG15000SET diiselgeneraator 11kW 230V\/400V\"}]},{\"@type\":\"WebSite\",\"@id\":\"https:\/\/genekas24.ee\/#website\",\"url\":\"https:\/\/genekas24.ee\/\",\"name\":\"Genekas24\",\"description\":\"Generaatorid | K&ouml;nner S&ouml;hnen tooted | Genekas24\",\"publisher\":{\"@id\":\"https:\/\/genekas24.ee\/#organization\"},\"potentialAction\":[{\"@type\":\"SearchAction\",\"target\":{\"@type\":\"EntryPoint\",\"urlTemplate\":\"https:\/\/genekas24.ee\/?s={search_term_string}\"},\"query-input\":{\"@type\":\"PropertyValueSpecification\",\"valueRequired\":true,\"valueName\":\"search_term_string\"}}],\"inLanguage\":\"fi\"},{\"@type\":\"Organization\",\"@id\":\"https:\/\/genekas24.ee\/#organization\",\"name\":\"Genekas24\",\"url\":\"https:\/\/genekas24.ee\/\",\"logo\":{\"@type\":\"ImageObject\",\"inLanguage\":\"fi\",\"@id\":\"https:\/\/genekas24.ee\/#\/schema\/logo\/image\/\",\"url\":\"https:\/\/genekas24.ee\/wp-content\/uploads\/2026\/01\/genekas24-logo_black.svg\",\"contentUrl\":\"https:\/\/genekas24.ee\/wp-content\/uploads\/2026\/01\/genekas24-logo_black.svg\",\"width\":840,\"height\":131,\"caption\":\"Genekas24\"},\"image\":{\"@id\":\"https:\/\/genekas24.ee\/#\/schema\/logo\/image\/\"}}]}<\/script>\n<!-- \/ Yoast SEO plugin. -->","yoast_head_json":{"title":"ITCPOWER DG15000SET diiselgeneraator 11kW 230V\/400V - Genekas24","robots":{"index":"index","follow":"follow","max-snippet":"max-snippet:-1","max-image-preview":"max-image-preview:large","max-video-preview":"max-video-preview:-1"},"canonical":"https:\/\/genekas24.ee\/fi\/tuote\/itcpower-dg15000set-diiselgeneraator-11kw-230v-400v\/","og_locale":"fi_FI","og_type":"article","og_title":"ITCPOWER DG15000SET diiselgeneraator 11kW 230V\/400V - Genekas24","og_description":"Pinge 400 V ja 230 V \u2013 t\u00e4isv\u00f5imsus   Pidevv\u00f5imsus 230 V: 11 kW \/ 400 V: 11 kW   Maksimaalne v\u00f5imsus 230 V: 12 kW \/ 400 V: 12 kW   V\u00e4ljundvool 230 V: 48 A \/ 400 V: 16 A (faasi kohta)   Sagedus 50 Hz   V\u00e4ljundid 230 V: 1x 16A \/ 1x 53A (3-pooluseline) 400V: 1x 32A (5-pooluseline)   K\u00fctusepaagi maht 25L   T\u00f6\u00f6aeg 75% koormusel 8 tundi   M\u00fcratase 7 meetri kauguselt 72 dB   Aku 12V \u2013 45Ah   \u00d5lialarm Jah   Karteri \u00f5limaht 2,8L \u2013 15W40   \u00dclekoormuse indikaator Jah   Mootor \u2013 T\u00fc\u00fcp D1000E \u2013 T\u00e4isv\u00f5imsus \u2013 3000 p\/min \u2013 2-silindriline V   Mootor \u2013 T\u00f6\u00f6maht 997cc \u2013 19 hj   Generaator AL12-T   Pinge reguleerimine S\u00fcsinikuharjad - AVR   K\u00e4ivitusvalikud Elektriline\/ATS   ATS valmidus Jah   AUTO START Jah   Ekraan Digitaalne LED   Jahutust\u00fc\u00fcp \u00d5hkjahutusega   Netokaal 295 kg   M\u00f5\u00f5tmed 130 x 65 x 76 cm","og_url":"https:\/\/genekas24.ee\/fi\/tuote\/itcpower-dg15000set-diiselgeneraator-11kw-230v-400v\/","og_site_name":"Genekas24","og_image":[{"width":500,"height":500,"url":"https:\/\/genekas24.ee\/wp-content\/uploads\/2026\/01\/Schermafbeelding-2025-02-20-094406-500x500-1.png","type":"image\/png"}],"twitter_card":"summary_large_image","twitter_misc":{"Arvioitu lukuaika":"2 minuuttia"},"schema":{"@context":"https:\/\/schema.org","@graph":[{"@type":"WebPage","@id":"https:\/\/genekas24.ee\/toode\/itcpower-dg15000set-diiselgeneraator-11kw-230v-400v\/","url":"https:\/\/genekas24.ee\/toode\/itcpower-dg15000set-diiselgeneraator-11kw-230v-400v\/","name":"ITCPOWER DG15000SET diiselgeneraator 11kW 230V\/400V - Genekas24","isPartOf":{"@id":"https:\/\/genekas24.ee\/#website"},"primaryImageOfPage":{"@id":"https:\/\/genekas24.ee\/toode\/itcpower-dg15000set-diiselgeneraator-11kw-230v-400v\/#primaryimage"},"image":{"@id":"https:\/\/genekas24.ee\/toode\/itcpower-dg15000set-diiselgeneraator-11kw-230v-400v\/#primaryimage"},"thumbnailUrl":"https:\/\/genekas24.ee\/wp-content\/uploads\/2026\/01\/Schermafbeelding-2025-02-20-094406-500x500-1.png","datePublished":"2026-04-08T17:29:46+00:00","breadcrumb":{"@id":"https:\/\/genekas24.ee\/toode\/itcpower-dg15000set-diiselgeneraator-11kw-230v-400v\/#breadcrumb"},"inLanguage":"fi","potentialAction":[{"@type":"ReadAction","target":["https:\/\/genekas24.ee\/toode\/itcpower-dg15000set-diiselgeneraator-11kw-230v-400v\/"]}]},{"@type":"ImageObject","inLanguage":"fi","@id":"https:\/\/genekas24.ee\/toode\/itcpower-dg15000set-diiselgeneraator-11kw-230v-400v\/#primaryimage","url":"https:\/\/genekas24.ee\/wp-content\/uploads\/2026\/01\/Schermafbeelding-2025-02-20-094406-500x500-1.png","contentUrl":"https:\/\/genekas24.ee\/wp-content\/uploads\/2026\/01\/Schermafbeelding-2025-02-20-094406-500x500-1.png","width":500,"height":500},{"@type":"BreadcrumbList","@id":"https:\/\/genekas24.ee\/toode\/itcpower-dg15000set-diiselgeneraator-11kw-230v-400v\/#breadcrumb","itemListElement":[{"@type":"ListItem","position":1,"name":"Home","item":"https:\/\/genekas24.ee\/"},{"@type":"ListItem","position":2,"name":"Pood","item":"https:\/\/genekas24.ee\/pood\/"},{"@type":"ListItem","position":3,"name":"ITCPOWER DG15000SET diiselgeneraator 11kW 230V\/400V"}]},{"@type":"WebSite","@id":"https:\/\/genekas24.ee\/#website","url":"https:\/\/genekas24.ee\/","name":"Genekas24","description":"Generaatorid | K&ouml;nner S&ouml;hnen tooted | Genekas24","publisher":{"@id":"https:\/\/genekas24.ee\/#organization"},"potentialAction":[{"@type":"SearchAction","target":{"@type":"EntryPoint","urlTemplate":"https:\/\/genekas24.ee\/?s={search_term_string}"},"query-input":{"@type":"PropertyValueSpecification","valueRequired":true,"valueName":"search_term_string"}}],"inLanguage":"fi"},{"@type":"Organization","@id":"https:\/\/genekas24.ee\/#organization","name":"Genekas24","url":"https:\/\/genekas24.ee\/","logo":{"@type":"ImageObject","inLanguage":"fi","@id":"https:\/\/genekas24.ee\/#\/schema\/logo\/image\/","url":"https:\/\/genekas24.ee\/wp-content\/uploads\/2026\/01\/genekas24-logo_black.svg","contentUrl":"https:\/\/genekas24.ee\/wp-content\/uploads\/2026\/01\/genekas24-logo_black.svg","width":840,"height":131,"caption":"Genekas24"},"image":{"@id":"https:\/\/genekas24.ee\/#\/schema\/logo\/image\/"}}]}},"_links":{"self":[{"href":"https:\/\/genekas24.ee\/fi\/wp-json\/wp\/v2\/product\/22346","targetHints":{"allow":["GET"]}}],"collection":[{"href":"https:\/\/genekas24.ee\/fi\/wp-json\/wp\/v2\/product"}],"about":[{"href":"https:\/\/genekas24.ee\/fi\/wp-json\/wp\/v2\/types\/product"}],"version-history":[{"count":1,"href":"https:\/\/genekas24.ee\/fi\/wp-json\/wp\/v2\/product\/22346\/revisions"}],"predecessor-version":[{"id":22357,"href":"https:\/\/genekas24.ee\/fi\/wp-json\/wp\/v2\/product\/22346\/revisions\/22357"}],"wp:featuredmedia":[{"embeddable":true,"href":"https:\/\/genekas24.ee\/fi\/wp-json\/wp\/v2\/media\/22347"}],"wp:attachment":[{"href":"https:\/\/genekas24.ee\/fi\/wp-json\/wp\/v2\/media?parent=22346"}],"wp:term":[{"taxonomy":"product_brand","embeddable":true,"href":"https:\/\/genekas24.ee\/fi\/wp-json\/wp\/v2\/product_brand?post=22346"},{"taxonomy":"product_cat","embeddable":true,"href":"https:\/\/genekas24.ee\/fi\/wp-json\/wp\/v2\/product_cat?post=22346"},{"taxonomy":"product_tag","embeddable":true,"href":"https:\/\/genekas24.ee\/fi\/wp-json\/wp\/v2\/product_tag?post=22346"}],"curies":[{"name":"wp","href":"https:\/\/api.w.org\/{rel}","templated":true}]}}