{"id":22295,"date":"2026-04-08T17:30:54","date_gmt":"2026-04-08T17:30:54","guid":{"rendered":"https:\/\/genekas24.ee\/?post_type=product&#038;p=22295"},"modified":"2026-04-08T17:30:54","modified_gmt":"2026-04-08T17:30:54","slug":"itcpower-dg12000xset-diiselgeneraator-9000w-230v-400v","status":"publish","type":"product","link":"https:\/\/genekas24.ee\/fi\/tuote\/itcpower-dg12000xset-diiselgeneraator-9000w-230v-400v\/","title":{"rendered":"ITCPOWER DG12000XSET diiselgeneraator 9000W 230V\/400V"},"content":{"rendered":"<p style=\"font-weight: 400;\">ITCPOWER DG12000XSET diiselgeneraator 9000W 230V\/11000W 400V on kompaktne, \u00f6konoomne ja v\u00f5imas ITCPOWERi generaator. ITCPOWER DG12000XSET diiselgeneraator 9000W 230V\/11000W 400V on ka elektriliselt k\u00e4ivitatav.<\/p>\n<p style=\"font-weight: 400;\"><strong>Avariitoiteallikad:<\/strong><\/p>\n<p style=\"font-weight: 400;\">See on \u00fcks levinumaid diiselgeneraatorite rakendusi. Neid kasutatakse elektrienergia pakkumiseks tavalise elektriv\u00f5rgu rikke korral v\u00f5i kui puudub otsene juurdep\u00e4\u00e4s v\u00f5rgule. See on sageli \u00fclioluline j\u00e4rgmistes kohtades: p\u00f5llumajandus, ehitusplatsid, infrastruktuur, lennujaamad ja muud kohad, kus isegi l\u00fchike elektrikatkestus v\u00f5ib olla kulukas. L\u00fchidalt \u00f6eldes kasutatakse diiselgeneraatoreid erinevates kohtades, kus puudub otsene juurdep\u00e4\u00e4s tavalisele elektriv\u00f5rgule, v\u00f5i varulahendusena.<\/p>\n<p style=\"font-weight: 400;\"><strong>Hooldus:<\/strong><\/p>\n<p style=\"font-weight: 400;\">Diiselgeneraatorid vajavad regulaarset hooldust, sealhulgas \u00f5livahetust, \u00f5hufiltrite vahetust ja k\u00fctuses\u00fcsteemi kontrollimist. Generaatori pikaajalise t\u00f6\u00f6 tagamiseks tehke seda regulaarselt. \u00d5li osas soovitame ITCPOWERi generaatorite jaoks kasutada 4T 15W40 \u00f5li. See on parim \u00f5li teie ITCPOWERi diiselgeneraatori pikaajaliseks j\u00f5udluseks. \u00d5li, filtrid ja mitmesugused muud osad on meilt kergesti k\u00e4ttesaadavad. Lisateabe saamiseks v\u00f5tke meiega \u00fchendust!<\/p>\n<p style=\"font-weight: 400;\"><strong>V\u00f5imsus ja m\u00fcra:<\/strong><\/p>\n<p style=\"font-weight: 400;\">Diiselgeneraatoreid on saadaval erinevates suurustes ja\/v\u00f5i v\u00f5imsusklassides, alates kaasaskantavatest seadmetest v\u00e4ikeste rakenduste jaoks kuni suurte t\u00f6\u00f6stusgeneraatoriteni, mis suudavad toita terveid rajatisi. Paljud ITCPOWERi generaatorid on varustatud korpusega. See v\u00e4hendab diiselgeneraatori m\u00fcra. Palun vaadake hoolikalt l\u00e4bi allolevad fotod ja spetsifikatsioonid. Automaatika:<\/p>\n<p style=\"font-weight: 400;\">Paljud diiselgeneraatorid on varustatud automaatsete k\u00e4ivitus-\/seiskamiss\u00fcsteemide ja\/v\u00f5i ATS-\u00fchendustega (t\u00e4histatud ATS\/AUTO). Need saavad vooluv\u00f5rgu katkemise korral sujuvalt generaatorile toite l\u00fclitada. See on ideaalne, kui otsite avariigeneraatorit. Mitmed generaatorid v\u00f5ivad t\u00f6\u00f6tada ka 230 V ja 400 V pingel. Generaatori kohta leiate \u00fcksikasjalikku teavet allpool olevatest tehnilistest n\u00e4itajatest:<\/p>","protected":false},"excerpt":{"rendered":"<table style=\"width: 38.1314%;\">\n<tbody>\n<tr>\n<td>Pidevv\u00f5imsus<\/td>\n<td>11,4 kVA (400 V) \/ 9000 W (9 kW) (230 V)<\/td>\n<\/tr>\n<tr>\n<td>Maksimaalne v\u00f5imsus<\/td>\n<td>12,5 kVA (400 V) \/ 10000 W (10 kW) (230 V)<\/td>\n<\/tr>\n<tr>\n<td>Taajuus<\/td>\n<td>50 Hz<\/td>\n<\/tr>\n<tr>\n<td>J\u00e4nnite<\/td>\n<td>400 V \/ 230 V<\/td>\n<\/tr>\n<tr>\n<td>Alalisvoolu v\u00e4ljund<\/td>\n<td>12 V \/ 8,3 A<\/td>\n<\/tr>\n<tr>\n<td>N\u00e4ytt\u00f6<\/td>\n<td>ComAp MRS10<\/td>\n<\/tr>\n<tr>\n<td>ATS valmidus<\/td>\n<td>Jah<\/td>\n<\/tr>\n<tr>\n<td>AUTO START<\/td>\n<td>Jah<\/td>\n<\/tr>\n<tr>\n<td>Aku<\/td>\n<td>45 Ah<\/td>\n<\/tr>\n<tr>\n<td>K\u00fctusepaak<\/td>\n<td>30 l<\/td>\n<\/tr>\n<tr>\n<td>Pidev t\u00f6\u00f6aeg<\/td>\n<td>10\u201312 tundi<\/td>\n<\/tr>\n<tr>\n<td>J\u00e4nnite<\/td>\n<td>18 A (400 V) \/ 42 A (230 V)<\/td>\n<\/tr>\n<tr>\n<td>M\u00fcratase<\/td>\n<td>72 dBA<\/td>\n<\/tr>\n<tr>\n<td>Mootor<\/td>\n<td>16 hj \u2013 3000 p\/min<\/td>\n<\/tr>\n<tr>\n<td>\u00d5lialarm<\/td>\n<td>Jah<\/td>\n<\/tr>\n<tr>\n<td>\u00dclekoormuse indikaator<\/td>\n<td>Jah<\/td>\n<\/tr>\n<tr>\n<td>Kaal<\/td>\n<td>318 kg kg<\/td>\n<\/tr>\n<tr>\n<td>M\u00f5\u00f5tmed<\/td>\n<td>1360 x 650 x 980 mm<\/td>\n<\/tr>\n<tr>\n<td>J\u00e4\u00e4hdytystyyppi<\/td>\n<td>Vedelikjahutusega<\/td>\n<\/tr>\n<tr>\n<td>Silindrite arv<\/td>\n<td>2<\/td>\n<\/tr>\n<\/tbody>\n<\/table>","protected":false},"featured_media":22296,"template":"","meta":{"_acf_changed":false,"inline_featured_image":false},"product_brand":[],"product_cat":[22,94],"product_tag":[],"class_list":{"0":"post-22295","1":"product","2":"type-product","3":"status-publish","4":"has-post-thumbnail","6":"product_cat-diiselgeneraatorid","7":"product_cat-generaatorid","8":"product_shipping_class-diisel-joujaamad","9":"brand-itcpower","11":"first","12":"instock","13":"taxable","14":"shipping-taxable","15":"purchasable","16":"product-type-simple"},"acf":[],"yoast_head":"<!-- This site is optimized with the Yoast SEO plugin v27.2 - https:\/\/yoast.com\/product\/yoast-seo-wordpress\/ -->\n<title>ITCPOWER DG12000XSET diiselgeneraator 9000W 230V\/400V - Genekas24<\/title>\n<meta name=\"robots\" content=\"index, follow, max-snippet:-1, max-image-preview:large, max-video-preview:-1\" \/>\n<link rel=\"canonical\" href=\"https:\/\/genekas24.ee\/fi\/tuote\/itcpower-dg12000xset-diiselgeneraator-9000w-230v-400v\/\" \/>\n<meta property=\"og:locale\" content=\"fi_FI\" \/>\n<meta property=\"og:type\" content=\"article\" \/>\n<meta property=\"og:title\" content=\"ITCPOWER DG12000XSET diiselgeneraator 9000W 230V\/400V - Genekas24\" \/>\n<meta property=\"og:description\" content=\"Pidevv\u00f5imsus 11,4 kVA (400 V) \/ 9000 W (9 kW) (230 V)   Maksimaalne v\u00f5imsus 12,5 kVA (400 V) \/ 10000 W (10 kW) (230 V)   Sagedus 50 Hz   Pinge 400 V \/ 230 V   Alalisvoolu v\u00e4ljund 12 V \/ 8,3 A   Ekraan ComAp MRS10   ATS valmidus Jah   AUTO START Jah   Aku 45 Ah   K\u00fctusepaak 30 l   Pidev t\u00f6\u00f6aeg 10\u201312 tundi   V\u00f5imsus 18 A (400 V) \/ 42 A (230 V)   M\u00fcratase 72 dBA   Mootor 16 hj \u2013 3000 p\/min   \u00d5lialarm Jah   \u00dclekoormuse indikaator Jah   Kaal 318 kg kg   M\u00f5\u00f5tmed 1360 x 650 x 980 mm   Jahutust\u00fc\u00fcp Vedelikjahutusega   Silindrite arv 2\" \/>\n<meta property=\"og:url\" content=\"https:\/\/genekas24.ee\/fi\/tuote\/itcpower-dg12000xset-diiselgeneraator-9000w-230v-400v\/\" \/>\n<meta property=\"og:site_name\" content=\"Genekas24\" \/>\n<meta property=\"og:image\" content=\"https:\/\/genekas24.ee\/wp-content\/uploads\/2026\/01\/2269-500x500-1.jpeg\" \/>\n\t<meta property=\"og:image:width\" content=\"500\" \/>\n\t<meta property=\"og:image:height\" content=\"500\" \/>\n\t<meta property=\"og:image:type\" content=\"image\/jpeg\" \/>\n<meta name=\"twitter:card\" content=\"summary_large_image\" \/>\n<meta name=\"twitter:label1\" content=\"Arvioitu lukuaika\" \/>\n\t<meta name=\"twitter:data1\" content=\"2 minuuttia\" \/>\n<script type=\"application\/ld+json\" class=\"yoast-schema-graph\">{\"@context\":\"https:\/\/schema.org\",\"@graph\":[{\"@type\":\"WebPage\",\"@id\":\"https:\/\/genekas24.ee\/toode\/itcpower-dg12000xset-diiselgeneraator-9000w-230v-400v\/\",\"url\":\"https:\/\/genekas24.ee\/toode\/itcpower-dg12000xset-diiselgeneraator-9000w-230v-400v\/\",\"name\":\"ITCPOWER DG12000XSET diiselgeneraator 9000W 230V\/400V - Genekas24\",\"isPartOf\":{\"@id\":\"https:\/\/genekas24.ee\/#website\"},\"primaryImageOfPage\":{\"@id\":\"https:\/\/genekas24.ee\/toode\/itcpower-dg12000xset-diiselgeneraator-9000w-230v-400v\/#primaryimage\"},\"image\":{\"@id\":\"https:\/\/genekas24.ee\/toode\/itcpower-dg12000xset-diiselgeneraator-9000w-230v-400v\/#primaryimage\"},\"thumbnailUrl\":\"https:\/\/genekas24.ee\/wp-content\/uploads\/2026\/01\/2269-500x500-1.jpeg\",\"datePublished\":\"2026-04-08T17:30:54+00:00\",\"breadcrumb\":{\"@id\":\"https:\/\/genekas24.ee\/toode\/itcpower-dg12000xset-diiselgeneraator-9000w-230v-400v\/#breadcrumb\"},\"inLanguage\":\"fi\",\"potentialAction\":[{\"@type\":\"ReadAction\",\"target\":[\"https:\/\/genekas24.ee\/toode\/itcpower-dg12000xset-diiselgeneraator-9000w-230v-400v\/\"]}]},{\"@type\":\"ImageObject\",\"inLanguage\":\"fi\",\"@id\":\"https:\/\/genekas24.ee\/toode\/itcpower-dg12000xset-diiselgeneraator-9000w-230v-400v\/#primaryimage\",\"url\":\"https:\/\/genekas24.ee\/wp-content\/uploads\/2026\/01\/2269-500x500-1.jpeg\",\"contentUrl\":\"https:\/\/genekas24.ee\/wp-content\/uploads\/2026\/01\/2269-500x500-1.jpeg\",\"width\":500,\"height\":500},{\"@type\":\"BreadcrumbList\",\"@id\":\"https:\/\/genekas24.ee\/toode\/itcpower-dg12000xset-diiselgeneraator-9000w-230v-400v\/#breadcrumb\",\"itemListElement\":[{\"@type\":\"ListItem\",\"position\":1,\"name\":\"Home\",\"item\":\"https:\/\/genekas24.ee\/\"},{\"@type\":\"ListItem\",\"position\":2,\"name\":\"Pood\",\"item\":\"https:\/\/genekas24.ee\/pood\/\"},{\"@type\":\"ListItem\",\"position\":3,\"name\":\"ITCPOWER DG12000XSET diiselgeneraator 9000W 230V\/400V\"}]},{\"@type\":\"WebSite\",\"@id\":\"https:\/\/genekas24.ee\/#website\",\"url\":\"https:\/\/genekas24.ee\/\",\"name\":\"Genekas24\",\"description\":\"Generaatorid | K&ouml;nner S&ouml;hnen tooted | Genekas24\",\"publisher\":{\"@id\":\"https:\/\/genekas24.ee\/#organization\"},\"potentialAction\":[{\"@type\":\"SearchAction\",\"target\":{\"@type\":\"EntryPoint\",\"urlTemplate\":\"https:\/\/genekas24.ee\/?s={search_term_string}\"},\"query-input\":{\"@type\":\"PropertyValueSpecification\",\"valueRequired\":true,\"valueName\":\"search_term_string\"}}],\"inLanguage\":\"fi\"},{\"@type\":\"Organization\",\"@id\":\"https:\/\/genekas24.ee\/#organization\",\"name\":\"Genekas24\",\"url\":\"https:\/\/genekas24.ee\/\",\"logo\":{\"@type\":\"ImageObject\",\"inLanguage\":\"fi\",\"@id\":\"https:\/\/genekas24.ee\/#\/schema\/logo\/image\/\",\"url\":\"https:\/\/genekas24.ee\/wp-content\/uploads\/2026\/01\/genekas24-logo_black.svg\",\"contentUrl\":\"https:\/\/genekas24.ee\/wp-content\/uploads\/2026\/01\/genekas24-logo_black.svg\",\"width\":840,\"height\":131,\"caption\":\"Genekas24\"},\"image\":{\"@id\":\"https:\/\/genekas24.ee\/#\/schema\/logo\/image\/\"}}]}<\/script>\n<!-- \/ Yoast SEO plugin. -->","yoast_head_json":{"title":"ITCPOWER DG12000XSET diiselgeneraator 9000W 230V\/400V - Genekas24","robots":{"index":"index","follow":"follow","max-snippet":"max-snippet:-1","max-image-preview":"max-image-preview:large","max-video-preview":"max-video-preview:-1"},"canonical":"https:\/\/genekas24.ee\/fi\/tuote\/itcpower-dg12000xset-diiselgeneraator-9000w-230v-400v\/","og_locale":"fi_FI","og_type":"article","og_title":"ITCPOWER DG12000XSET diiselgeneraator 9000W 230V\/400V - Genekas24","og_description":"Pidevv\u00f5imsus 11,4 kVA (400 V) \/ 9000 W (9 kW) (230 V)   Maksimaalne v\u00f5imsus 12,5 kVA (400 V) \/ 10000 W (10 kW) (230 V)   Sagedus 50 Hz   Pinge 400 V \/ 230 V   Alalisvoolu v\u00e4ljund 12 V \/ 8,3 A   Ekraan ComAp MRS10   ATS valmidus Jah   AUTO START Jah   Aku 45 Ah   K\u00fctusepaak 30 l   Pidev t\u00f6\u00f6aeg 10\u201312 tundi   V\u00f5imsus 18 A (400 V) \/ 42 A (230 V)   M\u00fcratase 72 dBA   Mootor 16 hj \u2013 3000 p\/min   \u00d5lialarm Jah   \u00dclekoormuse indikaator Jah   Kaal 318 kg kg   M\u00f5\u00f5tmed 1360 x 650 x 980 mm   Jahutust\u00fc\u00fcp Vedelikjahutusega   Silindrite arv 2","og_url":"https:\/\/genekas24.ee\/fi\/tuote\/itcpower-dg12000xset-diiselgeneraator-9000w-230v-400v\/","og_site_name":"Genekas24","og_image":[{"width":500,"height":500,"url":"https:\/\/genekas24.ee\/wp-content\/uploads\/2026\/01\/2269-500x500-1.jpeg","type":"image\/jpeg"}],"twitter_card":"summary_large_image","twitter_misc":{"Arvioitu lukuaika":"2 minuuttia"},"schema":{"@context":"https:\/\/schema.org","@graph":[{"@type":"WebPage","@id":"https:\/\/genekas24.ee\/toode\/itcpower-dg12000xset-diiselgeneraator-9000w-230v-400v\/","url":"https:\/\/genekas24.ee\/toode\/itcpower-dg12000xset-diiselgeneraator-9000w-230v-400v\/","name":"ITCPOWER DG12000XSET diiselgeneraator 9000W 230V\/400V - Genekas24","isPartOf":{"@id":"https:\/\/genekas24.ee\/#website"},"primaryImageOfPage":{"@id":"https:\/\/genekas24.ee\/toode\/itcpower-dg12000xset-diiselgeneraator-9000w-230v-400v\/#primaryimage"},"image":{"@id":"https:\/\/genekas24.ee\/toode\/itcpower-dg12000xset-diiselgeneraator-9000w-230v-400v\/#primaryimage"},"thumbnailUrl":"https:\/\/genekas24.ee\/wp-content\/uploads\/2026\/01\/2269-500x500-1.jpeg","datePublished":"2026-04-08T17:30:54+00:00","breadcrumb":{"@id":"https:\/\/genekas24.ee\/toode\/itcpower-dg12000xset-diiselgeneraator-9000w-230v-400v\/#breadcrumb"},"inLanguage":"fi","potentialAction":[{"@type":"ReadAction","target":["https:\/\/genekas24.ee\/toode\/itcpower-dg12000xset-diiselgeneraator-9000w-230v-400v\/"]}]},{"@type":"ImageObject","inLanguage":"fi","@id":"https:\/\/genekas24.ee\/toode\/itcpower-dg12000xset-diiselgeneraator-9000w-230v-400v\/#primaryimage","url":"https:\/\/genekas24.ee\/wp-content\/uploads\/2026\/01\/2269-500x500-1.jpeg","contentUrl":"https:\/\/genekas24.ee\/wp-content\/uploads\/2026\/01\/2269-500x500-1.jpeg","width":500,"height":500},{"@type":"BreadcrumbList","@id":"https:\/\/genekas24.ee\/toode\/itcpower-dg12000xset-diiselgeneraator-9000w-230v-400v\/#breadcrumb","itemListElement":[{"@type":"ListItem","position":1,"name":"Home","item":"https:\/\/genekas24.ee\/"},{"@type":"ListItem","position":2,"name":"Pood","item":"https:\/\/genekas24.ee\/pood\/"},{"@type":"ListItem","position":3,"name":"ITCPOWER DG12000XSET diiselgeneraator 9000W 230V\/400V"}]},{"@type":"WebSite","@id":"https:\/\/genekas24.ee\/#website","url":"https:\/\/genekas24.ee\/","name":"Genekas24","description":"Generaatorid | K&ouml;nner S&ouml;hnen tooted | Genekas24","publisher":{"@id":"https:\/\/genekas24.ee\/#organization"},"potentialAction":[{"@type":"SearchAction","target":{"@type":"EntryPoint","urlTemplate":"https:\/\/genekas24.ee\/?s={search_term_string}"},"query-input":{"@type":"PropertyValueSpecification","valueRequired":true,"valueName":"search_term_string"}}],"inLanguage":"fi"},{"@type":"Organization","@id":"https:\/\/genekas24.ee\/#organization","name":"Genekas24","url":"https:\/\/genekas24.ee\/","logo":{"@type":"ImageObject","inLanguage":"fi","@id":"https:\/\/genekas24.ee\/#\/schema\/logo\/image\/","url":"https:\/\/genekas24.ee\/wp-content\/uploads\/2026\/01\/genekas24-logo_black.svg","contentUrl":"https:\/\/genekas24.ee\/wp-content\/uploads\/2026\/01\/genekas24-logo_black.svg","width":840,"height":131,"caption":"Genekas24"},"image":{"@id":"https:\/\/genekas24.ee\/#\/schema\/logo\/image\/"}}]}},"_links":{"self":[{"href":"https:\/\/genekas24.ee\/fi\/wp-json\/wp\/v2\/product\/22295","targetHints":{"allow":["GET"]}}],"collection":[{"href":"https:\/\/genekas24.ee\/fi\/wp-json\/wp\/v2\/product"}],"about":[{"href":"https:\/\/genekas24.ee\/fi\/wp-json\/wp\/v2\/types\/product"}],"version-history":[{"count":1,"href":"https:\/\/genekas24.ee\/fi\/wp-json\/wp\/v2\/product\/22295\/revisions"}],"predecessor-version":[{"id":22301,"href":"https:\/\/genekas24.ee\/fi\/wp-json\/wp\/v2\/product\/22295\/revisions\/22301"}],"wp:featuredmedia":[{"embeddable":true,"href":"https:\/\/genekas24.ee\/fi\/wp-json\/wp\/v2\/media\/22296"}],"wp:attachment":[{"href":"https:\/\/genekas24.ee\/fi\/wp-json\/wp\/v2\/media?parent=22295"}],"wp:term":[{"taxonomy":"product_brand","embeddable":true,"href":"https:\/\/genekas24.ee\/fi\/wp-json\/wp\/v2\/product_brand?post=22295"},{"taxonomy":"product_cat","embeddable":true,"href":"https:\/\/genekas24.ee\/fi\/wp-json\/wp\/v2\/product_cat?post=22295"},{"taxonomy":"product_tag","embeddable":true,"href":"https:\/\/genekas24.ee\/fi\/wp-json\/wp\/v2\/product_tag?post=22295"}],"curies":[{"name":"wp","href":"https:\/\/api.w.org\/{rel}","templated":true}]}}