{"id":22224,"date":"2026-04-08T17:33:18","date_gmt":"2026-04-08T17:33:18","guid":{"rendered":"https:\/\/genekas24.ee\/?post_type=product&#038;p=22224"},"modified":"2026-04-08T17:33:19","modified_gmt":"2026-04-08T17:33:19","slug":"itcpower-dg10000lek-230v-diiselgeneraator-85-kw","status":"publish","type":"product","link":"https:\/\/genekas24.ee\/fi\/tuote\/itcpower-dg10000lek-230v-diiselgeneraator-85-kw\/","title":{"rendered":"ITCPOWER DG10000LEK 230V diiselgeneraator 8,5 kW"},"content":{"rendered":"<p style=\"font-weight: 400;\">\u00a03000 p\/min generaator nimiv\u00f5imsusega 8000 W ja maksimaalse v\u00f5imsusega 8500 W. 4-taktiline diiselmootor otsesissepritsega, \u00f5hkjahutusega ja kergesti hooldatav.<\/p>\n<p style=\"font-weight: 400;\">Omadused: madala \u00f5litaseme alarm automaatse mootori v\u00e4ljal\u00fclitusega, ATS-signaali k\u00e4ivitus, 2 pistikupesa (1x16A + 1x32A).<\/p>\n<p style=\"font-weight: 400;\">","protected":false},"excerpt":{"rendered":"<table>\n<tbody>\n<tr>\n<td>J\u00e4nnite<\/td>\n<td>230 V<\/td>\n<\/tr>\n<tr>\n<td>Maksimaalne v\u00f5imsus<\/td>\n<td>8500 W<\/td>\n<\/tr>\n<tr>\n<td>Nimiv\u00f5imsus<\/td>\n<td>8000 W<\/td>\n<\/tr>\n<tr>\n<td>Nimivool<\/td>\n<td>35 A<\/td>\n<\/tr>\n<tr>\n<td>Sagedus (Hz)<\/td>\n<td>50 Hz<\/td>\n<\/tr>\n<tr>\n<td>L\u00e4hd\u00f6t<\/td>\n<td>1 x 16 A \/ 1 x 32 A<\/td>\n<\/tr>\n<tr>\n<td>K\u00fctusepaagi maht<\/td>\n<td>11 l<\/td>\n<\/tr>\n<tr>\n<td>T\u00f6\u00f6aeg 50% koormusel<\/td>\n<td>5 tundi<\/td>\n<\/tr>\n<tr>\n<td>M\u00fcratase 7 meetri kauguselt<\/td>\n<td>79 dBA<\/td>\n<\/tr>\n<tr>\n<td>Moottorin malli<\/td>\n<td>D680E DIIZEL<\/td>\n<\/tr>\n<tr>\n<td>Mootori k\u00e4ivitusmeetod<\/td>\n<td>S\u00e4hk\u00f6inen<\/td>\n<\/tr>\n<tr>\n<td>ATS valmidus<\/td>\n<td>Jah<\/td>\n<\/tr>\n<tr>\n<td>AUTO START<\/td>\n<td>Jah<\/td>\n<\/tr>\n<tr>\n<td>Mootori t\u00f6\u00f6maht<\/td>\n<td>678 cm3<\/td>\n<\/tr>\n<tr>\n<td>Mootori \u00f5limaht<\/td>\n<td>2,4 l<\/td>\n<\/tr>\n<tr>\n<td>Generaator \u2013 mudel<\/td>\n<td>AL8<\/td>\n<\/tr>\n<tr>\n<td>Generaator \u2013 v\u00f5imsustegur<\/td>\n<td>1<\/td>\n<\/tr>\n<tr>\n<td>Generaator &#8211; pinge reguleerimine<\/td>\n<td>harjadega \/ AVR<\/td>\n<\/tr>\n<tr>\n<td>Madala \u00f5litaseme alarm<\/td>\n<td>Jah<\/td>\n<\/tr>\n<tr>\n<td>\u00dclekoormuse indikaator<\/td>\n<td>Jah<\/td>\n<\/tr>\n<tr>\n<td>T\u00e4ismass<\/td>\n<td>147 kg<\/td>\n<\/tr>\n<tr>\n<td>Toote m\u00f5\u00f5tmed<\/td>\n<td>72 x 55 x 67 cm<\/td>\n<\/tr>\n<tr>\n<td>Karbi m\u00f5\u00f5tmed<\/td>\n<td>74 x 55 x 67 cm<\/td>\n<\/tr>\n<tr>\n<td>Mootori v\u00f5imsus<\/td>\n<td>14,4 HP<\/td>\n<\/tr>\n<tr>\n<td>Kaal<\/td>\n<td>140 kg<\/td>\n<\/tr>\n<tr>\n<td>LED-n\u00e4ytt\u00f6<\/td>\n<td>6&#8243;<\/td>\n<\/tr>\n<tr>\n<td>Pikkus<\/td>\n<td>72 cm<\/td>\n<\/tr>\n<tr>\n<td>Laius<\/td>\n<td>67 cm<\/td>\n<\/tr>\n<tr>\n<td>K\u00f5rgus<\/td>\n<td>55 cm<\/td>\n<\/tr>\n<tr>\n<td>Patarei kaasas<\/td>\n<td>Jah<\/td>\n<\/tr>\n<\/tbody>\n<\/table>","protected":false},"featured_media":22225,"template":"","meta":{"_acf_changed":false,"inline_featured_image":false},"product_brand":[],"product_cat":[22,94],"product_tag":[],"class_list":{"0":"post-22224","1":"product","2":"type-product","3":"status-publish","4":"has-post-thumbnail","6":"product_cat-diiselgeneraatorid","7":"product_cat-generaatorid","8":"product_shipping_class-euroalus","9":"brand-itcpower","11":"first","12":"instock","13":"taxable","14":"shipping-taxable","15":"purchasable","16":"product-type-simple"},"acf":[],"yoast_head":"<!-- This site is optimized with the Yoast SEO plugin v27.2 - https:\/\/yoast.com\/product\/yoast-seo-wordpress\/ -->\n<title>ITCPOWER DG10000LEK 230V diiselgeneraator 8,5 kW - Genekas24<\/title>\n<meta name=\"robots\" content=\"index, follow, max-snippet:-1, max-image-preview:large, max-video-preview:-1\" \/>\n<link rel=\"canonical\" href=\"https:\/\/genekas24.ee\/fi\/tuote\/itcpower-dg10000lek-230v-diiselgeneraator-85-kw\/\" \/>\n<meta property=\"og:locale\" content=\"fi_FI\" \/>\n<meta property=\"og:type\" content=\"article\" \/>\n<meta property=\"og:title\" content=\"ITCPOWER DG10000LEK 230V diiselgeneraator 8,5 kW - Genekas24\" \/>\n<meta property=\"og:description\" content=\"Pinge 230 V   Maksimaalne v\u00f5imsus 8500 W   Nimiv\u00f5imsus 8000 W   Nimivool 35 A   Sagedus (Hz) 50 Hz   Pistikupesad 1 x 16 A \/ 1 x 32 A   K\u00fctusepaagi maht 11 l   T\u00f6\u00f6aeg 50% koormusel 5 tundi   M\u00fcratase 7 meetri kauguselt 79 dBA   Mootori mudel D680E DIIZEL   Mootori k\u00e4ivitusmeetod Elektriline   ATS valmidus Jah   AUTO START Jah   Mootori t\u00f6\u00f6maht 678 cm3   Mootori \u00f5limaht 2,4 l   Generaator \u2013 mudel AL8   Generaator \u2013 v\u00f5imsustegur 1   Generaator - pinge reguleerimine harjadega \/ AVR   Madala \u00f5litaseme alarm Jah   \u00dclekoormuse indikaator Jah   T\u00e4ismass 147 kg   Toote m\u00f5\u00f5tmed 72 x 55 x 67 cm   Karbi m\u00f5\u00f5tmed 74 x 55 x 67 cm   Mootori v\u00f5imsus 14,4 HP   Kaal 140 kg   LED-ekraan 6&quot;   Pikkus 72 cm   Laius 67 cm   K\u00f5rgus 55 cm   Patarei kaasas Jah\" \/>\n<meta property=\"og:url\" content=\"https:\/\/genekas24.ee\/fi\/tuote\/itcpower-dg10000lek-230v-diiselgeneraator-85-kw\/\" \/>\n<meta property=\"og:site_name\" content=\"Genekas24\" \/>\n<meta property=\"article:modified_time\" content=\"2026-04-08T17:33:19+00:00\" \/>\n<meta property=\"og:image\" content=\"https:\/\/genekas24.ee\/wp-content\/uploads\/2026\/01\/5077-500x500-1.jpeg\" \/>\n\t<meta property=\"og:image:width\" content=\"500\" \/>\n\t<meta property=\"og:image:height\" content=\"500\" \/>\n\t<meta property=\"og:image:type\" content=\"image\/jpeg\" \/>\n<meta name=\"twitter:card\" content=\"summary_large_image\" \/>\n<meta name=\"twitter:label1\" content=\"Arvioitu lukuaika\" \/>\n\t<meta name=\"twitter:data1\" content=\"1 minuutti\" \/>\n<script type=\"application\/ld+json\" class=\"yoast-schema-graph\">{\"@context\":\"https:\/\/schema.org\",\"@graph\":[{\"@type\":\"WebPage\",\"@id\":\"https:\/\/genekas24.ee\/toode\/itcpower-dg10000lek-230v-diiselgeneraator-85-kw\/\",\"url\":\"https:\/\/genekas24.ee\/toode\/itcpower-dg10000lek-230v-diiselgeneraator-85-kw\/\",\"name\":\"ITCPOWER DG10000LEK 230V diiselgeneraator 8,5 kW - Genekas24\",\"isPartOf\":{\"@id\":\"https:\/\/genekas24.ee\/#website\"},\"primaryImageOfPage\":{\"@id\":\"https:\/\/genekas24.ee\/toode\/itcpower-dg10000lek-230v-diiselgeneraator-85-kw\/#primaryimage\"},\"image\":{\"@id\":\"https:\/\/genekas24.ee\/toode\/itcpower-dg10000lek-230v-diiselgeneraator-85-kw\/#primaryimage\"},\"thumbnailUrl\":\"https:\/\/genekas24.ee\/wp-content\/uploads\/2026\/01\/5077-500x500-1.jpeg\",\"datePublished\":\"2026-04-08T17:33:18+00:00\",\"dateModified\":\"2026-04-08T17:33:19+00:00\",\"breadcrumb\":{\"@id\":\"https:\/\/genekas24.ee\/toode\/itcpower-dg10000lek-230v-diiselgeneraator-85-kw\/#breadcrumb\"},\"inLanguage\":\"fi\",\"potentialAction\":[{\"@type\":\"ReadAction\",\"target\":[\"https:\/\/genekas24.ee\/toode\/itcpower-dg10000lek-230v-diiselgeneraator-85-kw\/\"]}]},{\"@type\":\"ImageObject\",\"inLanguage\":\"fi\",\"@id\":\"https:\/\/genekas24.ee\/toode\/itcpower-dg10000lek-230v-diiselgeneraator-85-kw\/#primaryimage\",\"url\":\"https:\/\/genekas24.ee\/wp-content\/uploads\/2026\/01\/5077-500x500-1.jpeg\",\"contentUrl\":\"https:\/\/genekas24.ee\/wp-content\/uploads\/2026\/01\/5077-500x500-1.jpeg\",\"width\":500,\"height\":500},{\"@type\":\"BreadcrumbList\",\"@id\":\"https:\/\/genekas24.ee\/toode\/itcpower-dg10000lek-230v-diiselgeneraator-85-kw\/#breadcrumb\",\"itemListElement\":[{\"@type\":\"ListItem\",\"position\":1,\"name\":\"Home\",\"item\":\"https:\/\/genekas24.ee\/\"},{\"@type\":\"ListItem\",\"position\":2,\"name\":\"Pood\",\"item\":\"https:\/\/genekas24.ee\/pood\/\"},{\"@type\":\"ListItem\",\"position\":3,\"name\":\"ITCPOWER DG10000LEK 230V diiselgeneraator 8,5 kW\"}]},{\"@type\":\"WebSite\",\"@id\":\"https:\/\/genekas24.ee\/#website\",\"url\":\"https:\/\/genekas24.ee\/\",\"name\":\"Genekas24\",\"description\":\"Generaatorid | K&ouml;nner S&ouml;hnen tooted | Genekas24\",\"publisher\":{\"@id\":\"https:\/\/genekas24.ee\/#organization\"},\"potentialAction\":[{\"@type\":\"SearchAction\",\"target\":{\"@type\":\"EntryPoint\",\"urlTemplate\":\"https:\/\/genekas24.ee\/?s={search_term_string}\"},\"query-input\":{\"@type\":\"PropertyValueSpecification\",\"valueRequired\":true,\"valueName\":\"search_term_string\"}}],\"inLanguage\":\"fi\"},{\"@type\":\"Organization\",\"@id\":\"https:\/\/genekas24.ee\/#organization\",\"name\":\"Genekas24\",\"url\":\"https:\/\/genekas24.ee\/\",\"logo\":{\"@type\":\"ImageObject\",\"inLanguage\":\"fi\",\"@id\":\"https:\/\/genekas24.ee\/#\/schema\/logo\/image\/\",\"url\":\"https:\/\/genekas24.ee\/wp-content\/uploads\/2026\/01\/genekas24-logo_black.svg\",\"contentUrl\":\"https:\/\/genekas24.ee\/wp-content\/uploads\/2026\/01\/genekas24-logo_black.svg\",\"width\":840,\"height\":131,\"caption\":\"Genekas24\"},\"image\":{\"@id\":\"https:\/\/genekas24.ee\/#\/schema\/logo\/image\/\"}}]}<\/script>\n<!-- \/ Yoast SEO plugin. -->","yoast_head_json":{"title":"ITCPOWER DG10000LEK 230V diiselgeneraator 8,5 kW - Genekas24","robots":{"index":"index","follow":"follow","max-snippet":"max-snippet:-1","max-image-preview":"max-image-preview:large","max-video-preview":"max-video-preview:-1"},"canonical":"https:\/\/genekas24.ee\/fi\/tuote\/itcpower-dg10000lek-230v-diiselgeneraator-85-kw\/","og_locale":"fi_FI","og_type":"article","og_title":"ITCPOWER DG10000LEK 230V diiselgeneraator 8,5 kW - Genekas24","og_description":"Pinge 230 V   Maksimaalne v\u00f5imsus 8500 W   Nimiv\u00f5imsus 8000 W   Nimivool 35 A   Sagedus (Hz) 50 Hz   Pistikupesad 1 x 16 A \/ 1 x 32 A   K\u00fctusepaagi maht 11 l   T\u00f6\u00f6aeg 50% koormusel 5 tundi   M\u00fcratase 7 meetri kauguselt 79 dBA   Mootori mudel D680E DIIZEL   Mootori k\u00e4ivitusmeetod Elektriline   ATS valmidus Jah   AUTO START Jah   Mootori t\u00f6\u00f6maht 678 cm3   Mootori \u00f5limaht 2,4 l   Generaator \u2013 mudel AL8   Generaator \u2013 v\u00f5imsustegur 1   Generaator - pinge reguleerimine harjadega \/ AVR   Madala \u00f5litaseme alarm Jah   \u00dclekoormuse indikaator Jah   T\u00e4ismass 147 kg   Toote m\u00f5\u00f5tmed 72 x 55 x 67 cm   Karbi m\u00f5\u00f5tmed 74 x 55 x 67 cm   Mootori v\u00f5imsus 14,4 HP   Kaal 140 kg   LED-ekraan 6\"   Pikkus 72 cm   Laius 67 cm   K\u00f5rgus 55 cm   Patarei kaasas Jah","og_url":"https:\/\/genekas24.ee\/fi\/tuote\/itcpower-dg10000lek-230v-diiselgeneraator-85-kw\/","og_site_name":"Genekas24","article_modified_time":"2026-04-08T17:33:19+00:00","og_image":[{"width":500,"height":500,"url":"https:\/\/genekas24.ee\/wp-content\/uploads\/2026\/01\/5077-500x500-1.jpeg","type":"image\/jpeg"}],"twitter_card":"summary_large_image","twitter_misc":{"Arvioitu lukuaika":"1 minuutti"},"schema":{"@context":"https:\/\/schema.org","@graph":[{"@type":"WebPage","@id":"https:\/\/genekas24.ee\/toode\/itcpower-dg10000lek-230v-diiselgeneraator-85-kw\/","url":"https:\/\/genekas24.ee\/toode\/itcpower-dg10000lek-230v-diiselgeneraator-85-kw\/","name":"ITCPOWER DG10000LEK 230V diiselgeneraator 8,5 kW - Genekas24","isPartOf":{"@id":"https:\/\/genekas24.ee\/#website"},"primaryImageOfPage":{"@id":"https:\/\/genekas24.ee\/toode\/itcpower-dg10000lek-230v-diiselgeneraator-85-kw\/#primaryimage"},"image":{"@id":"https:\/\/genekas24.ee\/toode\/itcpower-dg10000lek-230v-diiselgeneraator-85-kw\/#primaryimage"},"thumbnailUrl":"https:\/\/genekas24.ee\/wp-content\/uploads\/2026\/01\/5077-500x500-1.jpeg","datePublished":"2026-04-08T17:33:18+00:00","dateModified":"2026-04-08T17:33:19+00:00","breadcrumb":{"@id":"https:\/\/genekas24.ee\/toode\/itcpower-dg10000lek-230v-diiselgeneraator-85-kw\/#breadcrumb"},"inLanguage":"fi","potentialAction":[{"@type":"ReadAction","target":["https:\/\/genekas24.ee\/toode\/itcpower-dg10000lek-230v-diiselgeneraator-85-kw\/"]}]},{"@type":"ImageObject","inLanguage":"fi","@id":"https:\/\/genekas24.ee\/toode\/itcpower-dg10000lek-230v-diiselgeneraator-85-kw\/#primaryimage","url":"https:\/\/genekas24.ee\/wp-content\/uploads\/2026\/01\/5077-500x500-1.jpeg","contentUrl":"https:\/\/genekas24.ee\/wp-content\/uploads\/2026\/01\/5077-500x500-1.jpeg","width":500,"height":500},{"@type":"BreadcrumbList","@id":"https:\/\/genekas24.ee\/toode\/itcpower-dg10000lek-230v-diiselgeneraator-85-kw\/#breadcrumb","itemListElement":[{"@type":"ListItem","position":1,"name":"Home","item":"https:\/\/genekas24.ee\/"},{"@type":"ListItem","position":2,"name":"Pood","item":"https:\/\/genekas24.ee\/pood\/"},{"@type":"ListItem","position":3,"name":"ITCPOWER DG10000LEK 230V diiselgeneraator 8,5 kW"}]},{"@type":"WebSite","@id":"https:\/\/genekas24.ee\/#website","url":"https:\/\/genekas24.ee\/","name":"Genekas24","description":"Generaatorid | K&ouml;nner S&ouml;hnen tooted | Genekas24","publisher":{"@id":"https:\/\/genekas24.ee\/#organization"},"potentialAction":[{"@type":"SearchAction","target":{"@type":"EntryPoint","urlTemplate":"https:\/\/genekas24.ee\/?s={search_term_string}"},"query-input":{"@type":"PropertyValueSpecification","valueRequired":true,"valueName":"search_term_string"}}],"inLanguage":"fi"},{"@type":"Organization","@id":"https:\/\/genekas24.ee\/#organization","name":"Genekas24","url":"https:\/\/genekas24.ee\/","logo":{"@type":"ImageObject","inLanguage":"fi","@id":"https:\/\/genekas24.ee\/#\/schema\/logo\/image\/","url":"https:\/\/genekas24.ee\/wp-content\/uploads\/2026\/01\/genekas24-logo_black.svg","contentUrl":"https:\/\/genekas24.ee\/wp-content\/uploads\/2026\/01\/genekas24-logo_black.svg","width":840,"height":131,"caption":"Genekas24"},"image":{"@id":"https:\/\/genekas24.ee\/#\/schema\/logo\/image\/"}}]}},"_links":{"self":[{"href":"https:\/\/genekas24.ee\/fi\/wp-json\/wp\/v2\/product\/22224","targetHints":{"allow":["GET"]}}],"collection":[{"href":"https:\/\/genekas24.ee\/fi\/wp-json\/wp\/v2\/product"}],"about":[{"href":"https:\/\/genekas24.ee\/fi\/wp-json\/wp\/v2\/types\/product"}],"version-history":[{"count":1,"href":"https:\/\/genekas24.ee\/fi\/wp-json\/wp\/v2\/product\/22224\/revisions"}],"predecessor-version":[{"id":22231,"href":"https:\/\/genekas24.ee\/fi\/wp-json\/wp\/v2\/product\/22224\/revisions\/22231"}],"wp:featuredmedia":[{"embeddable":true,"href":"https:\/\/genekas24.ee\/fi\/wp-json\/wp\/v2\/media\/22225"}],"wp:attachment":[{"href":"https:\/\/genekas24.ee\/fi\/wp-json\/wp\/v2\/media?parent=22224"}],"wp:term":[{"taxonomy":"product_brand","embeddable":true,"href":"https:\/\/genekas24.ee\/fi\/wp-json\/wp\/v2\/product_brand?post=22224"},{"taxonomy":"product_cat","embeddable":true,"href":"https:\/\/genekas24.ee\/fi\/wp-json\/wp\/v2\/product_cat?post=22224"},{"taxonomy":"product_tag","embeddable":true,"href":"https:\/\/genekas24.ee\/fi\/wp-json\/wp\/v2\/product_tag?post=22224"}],"curies":[{"name":"wp","href":"https:\/\/api.w.org\/{rel}","templated":true}]}}