{"id":22218,"date":"2026-04-08T17:33:24","date_gmt":"2026-04-08T17:33:24","guid":{"rendered":"https:\/\/genekas24.ee\/?post_type=product&#038;p=22218"},"modified":"2026-04-08T17:33:24","modified_gmt":"2026-04-08T17:33:24","slug":"itcpower-8000d-t-red-edition-230-400v-diiselgeneraator-79-kva","status":"publish","type":"product","link":"https:\/\/genekas24.ee\/fi\/tuote\/itcpower-8000d-t-red-edition-230-400v-diiselgeneraator-79-kva\/","title":{"rendered":"ITCPOWER 8000D-T RED EDITION 230\/400V diiselgeneraator 7,9 kVA"},"content":{"rendered":"<p data-start=\"158\" data-end=\"364\"><strong data-start=\"158\" data-end=\"364\">ITCPower Full Power RED Edition diiselgeneraator maksimaalse v\u00e4ljundv\u00f5imsusega 7,9 kVA (400 W) \/ 6,0 kW (230 W), mis on ette n\u00e4htud varutoiteallikaks v\u00f5rgu rikke korral v\u00f5i p\u00e4ikesepaneelide toetamiseks.<\/strong><\/p>\n<p data-start=\"366\" data-end=\"441\">See generaator on v\u00e4hendatud heitkogustega, \u00f5hkjahutusega ja uue disainiga.<\/p>\n<p data-start=\"443\" data-end=\"596\">T\u00e4isv\u00f5imsusega diiselgeneraator. Ideaalne h\u00e4daolukordadeks kodus v\u00f5i t\u00f6\u00f6l. Seda saab kasutada ka akude laadimiseks, kui teil on p\u00e4ikesepaneelide s\u00fcsteem.<\/p>\n<p data-start=\"598\" data-end=\"827\">Meie Red Edition on otsepritsega diiselgeneraator. Sellel on topelttugialus vibratsiooni v\u00e4hendamiseks, suur k\u00fctusepaak ja see on valmis kaugk\u00e4ivituseks. K\u00f5ik see muudab selle ideaalseks fotogalvaaniliste paigaldiste toetamiseks.<\/p>\n<p data-start=\"829\" data-end=\"929\">Sellel on suured k\u00fclgmised avad, mis h\u00f5lbustavad generaatori k\u00e4sitsemist, kontrollimist ja hooldust.<\/p>\n<p data-start=\"931\" data-end=\"999\">Uue EURO 5 katal\u00fc\u00fcsmuunduriga on saasteainete heitkogused v\u00e4iksemad.<\/p>\n<p data-start=\"1001\" data-end=\"1138\">","protected":false},"excerpt":{"rendered":"<table>\n<tbody>\n<tr>\n<td>Pinge (t\u00e4isv\u00f5imusus)<\/td>\n<td>400 V\/ 230 V<\/td>\n<\/tr>\n<tr>\n<td>Maksimaalne v\u00f5imsus<\/td>\n<td>7,9 kVA (400 V) \/ 6,0 kW (230 V)<\/td>\n<\/tr>\n<tr>\n<td>Nimiv\u00f5imsus<\/td>\n<td>7,5 kVA (400 V) \/ 5,5 kW (230 V)<\/td>\n<\/tr>\n<tr>\n<td>Taajuus<\/td>\n<td>50 Hz<\/td>\n<\/tr>\n<tr>\n<td>L\u00e4hd\u00f6t<\/td>\n<td>1 x PCE5p (400 V) \/ 1 x 32A (230 V)<\/td>\n<\/tr>\n<tr>\n<td>N\u00e4ytt\u00f6<\/td>\n<td>LED6<\/td>\n<\/tr>\n<tr>\n<td>Aku<\/td>\n<td>Jah<\/td>\n<\/tr>\n<tr>\n<td>Alalisvoolu v\u00e4ljund<\/td>\n<td>12 V \/ 8,3 A<\/td>\n<\/tr>\n<tr>\n<td>K\u00fctusemaht<\/td>\n<td>12 l<\/td>\n<\/tr>\n<tr>\n<td>K\u00fctusekulu 50% koormusel<\/td>\n<td>10 h<\/td>\n<\/tr>\n<tr>\n<td>M\u00fcratase 7 meetri kauguselt<\/td>\n<td>72 dBA<\/td>\n<\/tr>\n<tr>\n<td>Moottorin malli<\/td>\n<td>D500E<\/td>\n<\/tr>\n<tr>\n<td>K\u00e4ivitusmeetod<\/td>\n<td>S\u00e4hk\u00f6inen<\/td>\n<\/tr>\n<tr>\n<td>ATS valmidus<\/td>\n<td>Jah<\/td>\n<\/tr>\n<tr>\n<td>AUTO START<\/td>\n<td>Jah<\/td>\n<\/tr>\n<tr>\n<td>Mootori t\u00f6\u00f6maht<\/td>\n<td>498 cm\u00b3<\/td>\n<\/tr>\n<tr>\n<td>\u00d5limaht<\/td>\n<td>1,65 l\/l<\/td>\n<\/tr>\n<tr>\n<td>Generaator &#8211; mudel<\/td>\n<td>A6T (vask)<\/td>\n<\/tr>\n<tr>\n<td>Generaator &#8211; v\u00f5imsus<\/td>\n<td>8 kVA<\/td>\n<\/tr>\n<tr>\n<td>Generaator &#8211; v\u00f5imsustegur<\/td>\n<td>0,8 \/ 1<\/td>\n<\/tr>\n<tr>\n<td>Generaator &#8211; pinge reguleerimine<\/td>\n<td>harjaga \/ AVR<\/td>\n<\/tr>\n<tr>\n<td>Madal \u00f5lir\u00f5hk<\/td>\n<td>Jah<\/td>\n<\/tr>\n<tr>\n<td>Avariil\u00fcliti<\/td>\n<td>Jah<\/td>\n<\/tr>\n<tr>\n<td>T\u00e4ismass<\/td>\n<td>168 kg<\/td>\n<\/tr>\n<tr>\n<td>Toote m\u00f5\u00f5tmed<\/td>\n<td>920 x 520 x 760 mm<\/td>\n<\/tr>\n<tr>\n<td>Karbi m\u00f5\u00f5tmed<\/td>\n<td>950 x 570 x 790 mm<\/td>\n<\/tr>\n<tr>\n<td>Mootori v\u00f5imsus<\/td>\n<td>13 hj<\/td>\n<\/tr>\n<tr>\n<td>Kaal<\/td>\n<td>152 kg<\/td>\n<\/tr>\n<tr>\n<td>Voolutugevus<\/td>\n<td>11,5 A (400 V) \/ 26 A (230 V)<\/td>\n<\/tr>\n<tr>\n<td>Pikkus<\/td>\n<td>79 cm<\/td>\n<\/tr>\n<tr>\n<td>Laius<\/td>\n<td>95 cm<\/td>\n<\/tr>\n<tr>\n<td>K\u00f5rgus<\/td>\n<td>57 cm<\/td>\n<\/tr>\n<tr>\n<td>Aku kaasas<\/td>\n<td>Jah<\/td>\n<\/tr>\n<\/tbody>\n<\/table>","protected":false},"featured_media":22219,"template":"","meta":{"_acf_changed":false,"inline_featured_image":false},"product_brand":[],"product_cat":[22,94],"product_tag":[],"class_list":{"0":"post-22218","1":"product","2":"type-product","3":"status-publish","4":"has-post-thumbnail","6":"product_cat-diiselgeneraatorid","7":"product_cat-generaatorid","8":"product_shipping_class-euroalus","9":"brand-itcpower","11":"first","12":"instock","13":"taxable","14":"shipping-taxable","15":"purchasable","16":"product-type-simple"},"acf":[],"yoast_head":"<!-- This site is optimized with the Yoast SEO plugin v27.2 - https:\/\/yoast.com\/product\/yoast-seo-wordpress\/ -->\n<title>ITCPOWER 8000D-T RED EDITION 230\/400V diiselgeneraator 7,9 kVA - Genekas24<\/title>\n<meta name=\"robots\" content=\"index, follow, max-snippet:-1, max-image-preview:large, max-video-preview:-1\" \/>\n<link rel=\"canonical\" href=\"https:\/\/genekas24.ee\/fi\/tuote\/itcpower-8000d-t-red-edition-230-400v-diiselgeneraator-79-kva\/\" \/>\n<meta property=\"og:locale\" content=\"fi_FI\" \/>\n<meta property=\"og:type\" content=\"article\" \/>\n<meta property=\"og:title\" content=\"ITCPOWER 8000D-T RED EDITION 230\/400V diiselgeneraator 7,9 kVA - Genekas24\" \/>\n<meta property=\"og:description\" content=\"Pinge (t\u00e4isv\u00f5imusus) 400 V\/ 230 V   Maksimaalne v\u00f5imsus 7,9 kVA (400 V) \/ 6,0 kW (230 V)   Nimiv\u00f5imsus 7,5 kVA (400 V) \/ 5,5 kW (230 V)   Sagedus 50 Hz   V\u00e4ljundid 1 x PCE5p (400 V) \/ 1 x 32A (230 V)   Ekraan LED6   Aku Jah   Alalisvoolu v\u00e4ljund 12 V \/ 8,3 A   K\u00fctusemaht 12 l   K\u00fctusekulu 50% koormusel 10 h   M\u00fcratase 7 meetri kauguselt 72 dBA   Mootori mudel D500E   K\u00e4ivitusmeetod Elektriline   ATS valmidus Jah   AUTO START Jah   Mootori t\u00f6\u00f6maht 498 cm\u00b3   \u00d5limaht 1,65 l\/l   Generaator - mudel A6T (vask)   Generaator - v\u00f5imsus 8 kVA   Generaator - v\u00f5imsustegur 0,8 \/ 1   Generaator - pinge reguleerimine harjaga \/ AVR   Madal \u00f5lir\u00f5hk Jah   Avariil\u00fcliti Jah   T\u00e4ismass 168 kg   Toote m\u00f5\u00f5tmed 920 x 520 x 760 mm   Karbi m\u00f5\u00f5tmed 950 x 570 x 790 mm   Mootori v\u00f5imsus 13 hj   Kaal 152 kg   Voolutugevus 11,5 A (400 V) \/ 26 A (230 V)   Pikkus 79 cm   Laius 95 cm   K\u00f5rgus 57 cm   Aku kaasas Jah\" \/>\n<meta property=\"og:url\" content=\"https:\/\/genekas24.ee\/fi\/tuote\/itcpower-8000d-t-red-edition-230-400v-diiselgeneraator-79-kva\/\" \/>\n<meta property=\"og:site_name\" content=\"Genekas24\" \/>\n<meta property=\"og:image\" content=\"https:\/\/genekas24.ee\/wp-content\/uploads\/2026\/01\/3568-300x300-1.jpeg\" \/>\n\t<meta property=\"og:image:width\" content=\"300\" \/>\n\t<meta property=\"og:image:height\" content=\"300\" \/>\n\t<meta property=\"og:image:type\" content=\"image\/jpeg\" \/>\n<meta name=\"twitter:card\" content=\"summary_large_image\" \/>\n<meta name=\"twitter:label1\" content=\"Arvioitu lukuaika\" \/>\n\t<meta name=\"twitter:data1\" content=\"1 minuutti\" \/>\n<script type=\"application\/ld+json\" class=\"yoast-schema-graph\">{\"@context\":\"https:\/\/schema.org\",\"@graph\":[{\"@type\":\"WebPage\",\"@id\":\"https:\/\/genekas24.ee\/toode\/itcpower-8000d-t-red-edition-230-400v-diiselgeneraator-79-kva\/\",\"url\":\"https:\/\/genekas24.ee\/toode\/itcpower-8000d-t-red-edition-230-400v-diiselgeneraator-79-kva\/\",\"name\":\"ITCPOWER 8000D-T RED EDITION 230\/400V diiselgeneraator 7,9 kVA - Genekas24\",\"isPartOf\":{\"@id\":\"https:\/\/genekas24.ee\/#website\"},\"primaryImageOfPage\":{\"@id\":\"https:\/\/genekas24.ee\/toode\/itcpower-8000d-t-red-edition-230-400v-diiselgeneraator-79-kva\/#primaryimage\"},\"image\":{\"@id\":\"https:\/\/genekas24.ee\/toode\/itcpower-8000d-t-red-edition-230-400v-diiselgeneraator-79-kva\/#primaryimage\"},\"thumbnailUrl\":\"https:\/\/genekas24.ee\/wp-content\/uploads\/2026\/01\/3568-300x300-1.jpeg\",\"datePublished\":\"2026-04-08T17:33:24+00:00\",\"breadcrumb\":{\"@id\":\"https:\/\/genekas24.ee\/toode\/itcpower-8000d-t-red-edition-230-400v-diiselgeneraator-79-kva\/#breadcrumb\"},\"inLanguage\":\"fi\",\"potentialAction\":[{\"@type\":\"ReadAction\",\"target\":[\"https:\/\/genekas24.ee\/toode\/itcpower-8000d-t-red-edition-230-400v-diiselgeneraator-79-kva\/\"]}]},{\"@type\":\"ImageObject\",\"inLanguage\":\"fi\",\"@id\":\"https:\/\/genekas24.ee\/toode\/itcpower-8000d-t-red-edition-230-400v-diiselgeneraator-79-kva\/#primaryimage\",\"url\":\"https:\/\/genekas24.ee\/wp-content\/uploads\/2026\/01\/3568-300x300-1.jpeg\",\"contentUrl\":\"https:\/\/genekas24.ee\/wp-content\/uploads\/2026\/01\/3568-300x300-1.jpeg\",\"width\":300,\"height\":300},{\"@type\":\"BreadcrumbList\",\"@id\":\"https:\/\/genekas24.ee\/toode\/itcpower-8000d-t-red-edition-230-400v-diiselgeneraator-79-kva\/#breadcrumb\",\"itemListElement\":[{\"@type\":\"ListItem\",\"position\":1,\"name\":\"Home\",\"item\":\"https:\/\/genekas24.ee\/\"},{\"@type\":\"ListItem\",\"position\":2,\"name\":\"Pood\",\"item\":\"https:\/\/genekas24.ee\/pood\/\"},{\"@type\":\"ListItem\",\"position\":3,\"name\":\"ITCPOWER 8000D-T RED EDITION 230\/400V diiselgeneraator 7,9 kVA\"}]},{\"@type\":\"WebSite\",\"@id\":\"https:\/\/genekas24.ee\/#website\",\"url\":\"https:\/\/genekas24.ee\/\",\"name\":\"Genekas24\",\"description\":\"Generaatorid | K&ouml;nner S&ouml;hnen tooted | Genekas24\",\"publisher\":{\"@id\":\"https:\/\/genekas24.ee\/#organization\"},\"potentialAction\":[{\"@type\":\"SearchAction\",\"target\":{\"@type\":\"EntryPoint\",\"urlTemplate\":\"https:\/\/genekas24.ee\/?s={search_term_string}\"},\"query-input\":{\"@type\":\"PropertyValueSpecification\",\"valueRequired\":true,\"valueName\":\"search_term_string\"}}],\"inLanguage\":\"fi\"},{\"@type\":\"Organization\",\"@id\":\"https:\/\/genekas24.ee\/#organization\",\"name\":\"Genekas24\",\"url\":\"https:\/\/genekas24.ee\/\",\"logo\":{\"@type\":\"ImageObject\",\"inLanguage\":\"fi\",\"@id\":\"https:\/\/genekas24.ee\/#\/schema\/logo\/image\/\",\"url\":\"https:\/\/genekas24.ee\/wp-content\/uploads\/2026\/01\/genekas24-logo_black.svg\",\"contentUrl\":\"https:\/\/genekas24.ee\/wp-content\/uploads\/2026\/01\/genekas24-logo_black.svg\",\"width\":840,\"height\":131,\"caption\":\"Genekas24\"},\"image\":{\"@id\":\"https:\/\/genekas24.ee\/#\/schema\/logo\/image\/\"}}]}<\/script>\n<!-- \/ Yoast SEO plugin. -->","yoast_head_json":{"title":"ITCPOWER 8000D-T RED EDITION 230\/400V diiselgeneraator 7,9 kVA - Genekas24","robots":{"index":"index","follow":"follow","max-snippet":"max-snippet:-1","max-image-preview":"max-image-preview:large","max-video-preview":"max-video-preview:-1"},"canonical":"https:\/\/genekas24.ee\/fi\/tuote\/itcpower-8000d-t-red-edition-230-400v-diiselgeneraator-79-kva\/","og_locale":"fi_FI","og_type":"article","og_title":"ITCPOWER 8000D-T RED EDITION 230\/400V diiselgeneraator 7,9 kVA - Genekas24","og_description":"Pinge (t\u00e4isv\u00f5imusus) 400 V\/ 230 V   Maksimaalne v\u00f5imsus 7,9 kVA (400 V) \/ 6,0 kW (230 V)   Nimiv\u00f5imsus 7,5 kVA (400 V) \/ 5,5 kW (230 V)   Sagedus 50 Hz   V\u00e4ljundid 1 x PCE5p (400 V) \/ 1 x 32A (230 V)   Ekraan LED6   Aku Jah   Alalisvoolu v\u00e4ljund 12 V \/ 8,3 A   K\u00fctusemaht 12 l   K\u00fctusekulu 50% koormusel 10 h   M\u00fcratase 7 meetri kauguselt 72 dBA   Mootori mudel D500E   K\u00e4ivitusmeetod Elektriline   ATS valmidus Jah   AUTO START Jah   Mootori t\u00f6\u00f6maht 498 cm\u00b3   \u00d5limaht 1,65 l\/l   Generaator - mudel A6T (vask)   Generaator - v\u00f5imsus 8 kVA   Generaator - v\u00f5imsustegur 0,8 \/ 1   Generaator - pinge reguleerimine harjaga \/ AVR   Madal \u00f5lir\u00f5hk Jah   Avariil\u00fcliti Jah   T\u00e4ismass 168 kg   Toote m\u00f5\u00f5tmed 920 x 520 x 760 mm   Karbi m\u00f5\u00f5tmed 950 x 570 x 790 mm   Mootori v\u00f5imsus 13 hj   Kaal 152 kg   Voolutugevus 11,5 A (400 V) \/ 26 A (230 V)   Pikkus 79 cm   Laius 95 cm   K\u00f5rgus 57 cm   Aku kaasas Jah","og_url":"https:\/\/genekas24.ee\/fi\/tuote\/itcpower-8000d-t-red-edition-230-400v-diiselgeneraator-79-kva\/","og_site_name":"Genekas24","og_image":[{"width":300,"height":300,"url":"https:\/\/genekas24.ee\/wp-content\/uploads\/2026\/01\/3568-300x300-1.jpeg","type":"image\/jpeg"}],"twitter_card":"summary_large_image","twitter_misc":{"Arvioitu lukuaika":"1 minuutti"},"schema":{"@context":"https:\/\/schema.org","@graph":[{"@type":"WebPage","@id":"https:\/\/genekas24.ee\/toode\/itcpower-8000d-t-red-edition-230-400v-diiselgeneraator-79-kva\/","url":"https:\/\/genekas24.ee\/toode\/itcpower-8000d-t-red-edition-230-400v-diiselgeneraator-79-kva\/","name":"ITCPOWER 8000D-T RED EDITION 230\/400V diiselgeneraator 7,9 kVA - Genekas24","isPartOf":{"@id":"https:\/\/genekas24.ee\/#website"},"primaryImageOfPage":{"@id":"https:\/\/genekas24.ee\/toode\/itcpower-8000d-t-red-edition-230-400v-diiselgeneraator-79-kva\/#primaryimage"},"image":{"@id":"https:\/\/genekas24.ee\/toode\/itcpower-8000d-t-red-edition-230-400v-diiselgeneraator-79-kva\/#primaryimage"},"thumbnailUrl":"https:\/\/genekas24.ee\/wp-content\/uploads\/2026\/01\/3568-300x300-1.jpeg","datePublished":"2026-04-08T17:33:24+00:00","breadcrumb":{"@id":"https:\/\/genekas24.ee\/toode\/itcpower-8000d-t-red-edition-230-400v-diiselgeneraator-79-kva\/#breadcrumb"},"inLanguage":"fi","potentialAction":[{"@type":"ReadAction","target":["https:\/\/genekas24.ee\/toode\/itcpower-8000d-t-red-edition-230-400v-diiselgeneraator-79-kva\/"]}]},{"@type":"ImageObject","inLanguage":"fi","@id":"https:\/\/genekas24.ee\/toode\/itcpower-8000d-t-red-edition-230-400v-diiselgeneraator-79-kva\/#primaryimage","url":"https:\/\/genekas24.ee\/wp-content\/uploads\/2026\/01\/3568-300x300-1.jpeg","contentUrl":"https:\/\/genekas24.ee\/wp-content\/uploads\/2026\/01\/3568-300x300-1.jpeg","width":300,"height":300},{"@type":"BreadcrumbList","@id":"https:\/\/genekas24.ee\/toode\/itcpower-8000d-t-red-edition-230-400v-diiselgeneraator-79-kva\/#breadcrumb","itemListElement":[{"@type":"ListItem","position":1,"name":"Home","item":"https:\/\/genekas24.ee\/"},{"@type":"ListItem","position":2,"name":"Pood","item":"https:\/\/genekas24.ee\/pood\/"},{"@type":"ListItem","position":3,"name":"ITCPOWER 8000D-T RED EDITION 230\/400V diiselgeneraator 7,9 kVA"}]},{"@type":"WebSite","@id":"https:\/\/genekas24.ee\/#website","url":"https:\/\/genekas24.ee\/","name":"Genekas24","description":"Generaatorid | K&ouml;nner S&ouml;hnen tooted | Genekas24","publisher":{"@id":"https:\/\/genekas24.ee\/#organization"},"potentialAction":[{"@type":"SearchAction","target":{"@type":"EntryPoint","urlTemplate":"https:\/\/genekas24.ee\/?s={search_term_string}"},"query-input":{"@type":"PropertyValueSpecification","valueRequired":true,"valueName":"search_term_string"}}],"inLanguage":"fi"},{"@type":"Organization","@id":"https:\/\/genekas24.ee\/#organization","name":"Genekas24","url":"https:\/\/genekas24.ee\/","logo":{"@type":"ImageObject","inLanguage":"fi","@id":"https:\/\/genekas24.ee\/#\/schema\/logo\/image\/","url":"https:\/\/genekas24.ee\/wp-content\/uploads\/2026\/01\/genekas24-logo_black.svg","contentUrl":"https:\/\/genekas24.ee\/wp-content\/uploads\/2026\/01\/genekas24-logo_black.svg","width":840,"height":131,"caption":"Genekas24"},"image":{"@id":"https:\/\/genekas24.ee\/#\/schema\/logo\/image\/"}}]}},"_links":{"self":[{"href":"https:\/\/genekas24.ee\/fi\/wp-json\/wp\/v2\/product\/22218","targetHints":{"allow":["GET"]}}],"collection":[{"href":"https:\/\/genekas24.ee\/fi\/wp-json\/wp\/v2\/product"}],"about":[{"href":"https:\/\/genekas24.ee\/fi\/wp-json\/wp\/v2\/types\/product"}],"version-history":[{"count":1,"href":"https:\/\/genekas24.ee\/fi\/wp-json\/wp\/v2\/product\/22218\/revisions"}],"predecessor-version":[{"id":22223,"href":"https:\/\/genekas24.ee\/fi\/wp-json\/wp\/v2\/product\/22218\/revisions\/22223"}],"wp:featuredmedia":[{"embeddable":true,"href":"https:\/\/genekas24.ee\/fi\/wp-json\/wp\/v2\/media\/22219"}],"wp:attachment":[{"href":"https:\/\/genekas24.ee\/fi\/wp-json\/wp\/v2\/media?parent=22218"}],"wp:term":[{"taxonomy":"product_brand","embeddable":true,"href":"https:\/\/genekas24.ee\/fi\/wp-json\/wp\/v2\/product_brand?post=22218"},{"taxonomy":"product_cat","embeddable":true,"href":"https:\/\/genekas24.ee\/fi\/wp-json\/wp\/v2\/product_cat?post=22218"},{"taxonomy":"product_tag","embeddable":true,"href":"https:\/\/genekas24.ee\/fi\/wp-json\/wp\/v2\/product_tag?post=22218"}],"curies":[{"name":"wp","href":"https:\/\/api.w.org\/{rel}","templated":true}]}}