{"id":22199,"date":"2026-04-08T17:41:04","date_gmt":"2026-04-08T17:41:04","guid":{"rendered":"https:\/\/genekas24.ee\/?post_type=product&#038;p=22199"},"modified":"2026-04-08T17:41:04","modified_gmt":"2026-04-08T17:41:04","slug":"itcpower-kgg39ei-invertergeneraator-3500w-230v","status":"publish","type":"product","link":"https:\/\/genekas24.ee\/fi\/tuote\/itcpower-kgg39ei-invertergeneraator-3500w-230v\/","title":{"rendered":"ITCPOWER KGG39Ei invertergeneraator 3500W 230V"},"content":{"rendered":"<p style=\"font-weight: 400;\">ITCPOWER\u00a0GG39Ei invertergeneraator 3500W 230V (automaatne k\u00e4ivitus)<\/p>\n<p style=\"font-weight: 400;\"><strong>Invertertehnoloogia<\/strong><\/p>\n<p style=\"font-weight: 400;\">ITCPOWERi invertertehnoloogia ei paku mitte ainult v\u00f5imsust, vaid on ka lihtne, stabiilne ja usaldusv\u00e4\u00e4rne energiaallikas. Enam pole vaja muretseda pingek\u00f5ikumiste p\u00e4rast, mis v\u00f5ivad teie tundlikku elektroonikat kahjustada: meie generaator pakub teile vajalikku t\u00e4psust.<\/p>\n<p style=\"font-weight: 400;\"><strong>Kompaktne<\/strong><\/p>\n<p style=\"font-weight: 400;\">Olenemata sellest, kas te telkite looduses, naudite looduspuhkust, t\u00f6\u00f6tate kaugel ehitusplatsil v\u00f5i soovite lihtsalt olla valmis h\u00e4daolukordadeks, on meie bensiinimootoriga invertergeneraator teie ustav kaaslane. K\u00f5ik meie inverterid on kaasaskantava\/mobiilse disainiga, sealhulgas rataste ja\/v\u00f5i k\u00e4epidemetega, ning kergete materjalide kasutamine, mis muudab nende liigutamise k\u00f5ikjale lihtsaks. L\u00fchidalt, mugav ja kompaktne masin!<\/p>\n<p style=\"font-weight: 400;\"><strong>M\u00fcra<\/strong><\/p>\n<p style=\"font-weight: 400;\">K\u00f5igi meie invertergeneraatorite peamine omadus on m\u00fcraemissiooni arvestamine. Masinad on ehitatud detsibellide minimeerimiseks, kasutades sobivat isolatsiooni, katteid ja summuteid. See tagab, et m\u00fcra ei tundu h\u00e4irivana.<\/p>\n<p style=\"font-weight: 400;\"><strong>K\u00fctus ja \u00f5li<\/strong><\/p>\n<p style=\"font-weight: 400;\">Meie usaldusv\u00e4\u00e4rsed ITCPOWER ja Kompak inverterid t\u00f6\u00f6tavad standardvarustuses bensiini\/k\u00fctusega. Olenemata sellest, kas tegemist on Euro 95\/98\/Aspeni v\u00f5i Oecokrafti k\u00fctusega, pole vahet, peaasi, et see on puhas. M\u00f5ned mudelid on varustatud LPG-\u00fchendusega, kui see on m\u00e4rgitud (DF\/DUAL FUEL). Te ei pea muretsema keeruliste k\u00fctusesegude ega raskesti leitavate k\u00fctuste p\u00e4rast. Lisaks on k\u00f5ik meie bensiiniinverterid v\u00e4ga k\u00fctuses\u00e4\u00e4stlikud. Ja te saate nautida pikka aega kestvat v\u00f5imsust t\u00e4ispaagiga.<\/p>\n<p style=\"font-weight: 400;\">\u00d5li osas soovitame kasutada 4T 15W40 \u00f5li. See on parim \u00f5li teie masina pikaajaliseks j\u00f5udluseks, kui te seda hoolikalt hooldate. See on \u00fcksikasjalikult kirjeldatud ka masina kasutusjuhendis.<\/p>","protected":false},"excerpt":{"rendered":"<table style=\"width: 85.8914%;\">\n<tbody>\n<tr>\n<td style=\"width: 53.5413%;\">Pidevv\u00f5imsus<\/td>\n<td style=\"width: 189.633%;\">3500 W \/ 3,5 kW<\/td>\n<\/tr>\n<tr>\n<td style=\"width: 53.5413%;\">Maksimaalne v\u00f5imsus<\/td>\n<td style=\"width: 189.633%;\">3900 W \/ 3,9 kW<\/td>\n<\/tr>\n<tr>\n<td style=\"width: 53.5413%;\">Taajuus<\/td>\n<td style=\"width: 189.633%;\">50 Hz<\/td>\n<\/tr>\n<tr>\n<td style=\"width: 53.5413%;\">J\u00e4nnite<\/td>\n<td style=\"width: 189.633%;\">230 V<\/td>\n<\/tr>\n<tr>\n<td style=\"width: 53.5413%;\">Pistikupesa \u00fchendus<\/td>\n<td style=\"width: 189.633%;\">2 \u00d7 16 A<\/td>\n<\/tr>\n<tr>\n<td style=\"width: 53.5413%;\">N\u00e4ytt\u00f6<\/td>\n<td style=\"width: 189.633%;\">Digitaalne<\/td>\n<\/tr>\n<tr>\n<td style=\"width: 53.5413%;\">ATS-\u00fchendus<\/td>\n<td style=\"width: 189.633%;\">Jah<\/td>\n<\/tr>\n<tr>\n<td style=\"width: 53.5413%;\">Toide<\/td>\n<td style=\"width: 189.633%;\">12 V DC \/ 8 A<\/td>\n<\/tr>\n<tr>\n<td style=\"width: 53.5413%;\">K\u00fctusepaak<\/td>\n<td style=\"width: 189.633%;\">8,8 liitrit<\/td>\n<\/tr>\n<tr>\n<td style=\"width: 53.5413%;\">Aku kaasas<\/td>\n<td style=\"width: 189.633%;\">Jah<\/td>\n<\/tr>\n<tr>\n<td style=\"width: 53.5413%;\">K\u00e4ivitus<\/td>\n<td style=\"width: 189.633%;\">Manuaalne \/ elektriline \/ ATS<\/td>\n<\/tr>\n<tr>\n<td style=\"width: 53.5413%;\">M\u00fcratase (7 m)<\/td>\n<td style=\"width: 189.633%;\">59 dBA<\/td>\n<\/tr>\n<tr>\n<td style=\"width: 53.5413%;\">Maksimaalne vool<\/td>\n<td style=\"width: 189.633%;\">16,9 A<\/td>\n<\/tr>\n<tr>\n<td style=\"width: 53.5413%;\">Mootor<\/td>\n<td style=\"width: 189.633%;\">XY170F-1A, 223 cm\u00b3 \/ 7,5 hj<\/td>\n<\/tr>\n<tr>\n<td style=\"width: 53.5413%;\">\u00d5lipaagi maht<\/td>\n<td style=\"width: 189.633%;\">0,7 l (15W40)<\/td>\n<\/tr>\n<tr>\n<td style=\"width: 53.5413%;\">\u00d5lialarm<\/td>\n<td style=\"width: 189.633%;\">Jah<\/td>\n<\/tr>\n<tr>\n<td style=\"width: 53.5413%;\">\u00dclekoormuse indikaator<\/td>\n<td style=\"width: 189.633%;\">Jah<\/td>\n<\/tr>\n<tr>\n<td style=\"width: 53.5413%;\">Kaal<\/td>\n<td style=\"width: 189.633%;\">42 kg<\/td>\n<\/tr>\n<tr>\n<td style=\"width: 53.5413%;\">M\u00f5\u00f5tmed<\/td>\n<td style=\"width: 189.633%;\">665 \u00d7 465 \u00d7 535 mm<\/td>\n<\/tr>\n<tr>\n<td style=\"width: 53.5413%;\">K\u00fctus<\/td>\n<td style=\"width: 189.633%;\">Bensiin<\/td>\n<\/tr>\n<\/tbody>\n<\/table>","protected":false},"featured_media":22200,"template":"","meta":{"_acf_changed":false,"inline_featured_image":false},"product_brand":[],"product_cat":[94,23],"product_tag":[],"class_list":{"0":"post-22199","1":"product","2":"type-product","3":"status-publish","4":"has-post-thumbnail","6":"product_cat-generaatorid","7":"product_cat-invertergeneraatorid","8":"product_shipping_class-poolalus","9":"brand-itcpower","11":"first","12":"instock","13":"taxable","14":"shipping-taxable","15":"purchasable","16":"product-type-simple"},"acf":[],"yoast_head":"<!-- This site is optimized with the Yoast SEO plugin v27.2 - https:\/\/yoast.com\/product\/yoast-seo-wordpress\/ -->\n<title>ITCPOWER KGG39Ei invertergeneraator 3500W 230V - Genekas24<\/title>\n<meta name=\"robots\" content=\"index, follow, max-snippet:-1, max-image-preview:large, max-video-preview:-1\" \/>\n<link rel=\"canonical\" href=\"https:\/\/genekas24.ee\/fi\/tuote\/itcpower-kgg39ei-invertergeneraator-3500w-230v\/\" \/>\n<meta property=\"og:locale\" content=\"fi_FI\" \/>\n<meta property=\"og:type\" content=\"article\" \/>\n<meta property=\"og:title\" content=\"ITCPOWER KGG39Ei invertergeneraator 3500W 230V - Genekas24\" \/>\n<meta property=\"og:description\" content=\"Pidevv\u00f5imsus 3500 W \/ 3,5 kW   Maksimaalne v\u00f5imsus 3900 W \/ 3,9 kW   Sagedus 50 Hz   Pinge 230 V   Pistikupesa \u00fchendus 2 \u00d7 16 A   Ekraan Digitaalne   ATS-\u00fchendus Jah   Toide 12 V DC \/ 8 A   K\u00fctusepaak 8,8 liitrit   Aku kaasas Jah   K\u00e4ivitus Manuaalne \/ elektriline \/ ATS   M\u00fcratase (7 m) 59 dBA   Maksimaalne vool 16,9 A   Mootor XY170F-1A, 223 cm\u00b3 \/ 7,5 hj   \u00d5lipaagi maht 0,7 l (15W40)   \u00d5lialarm Jah   \u00dclekoormuse indikaator Jah   Kaal 42 kg   M\u00f5\u00f5tmed 665 \u00d7 465 \u00d7 535 mm   K\u00fctus Bensiin\" \/>\n<meta property=\"og:url\" content=\"https:\/\/genekas24.ee\/fi\/tuote\/itcpower-kgg39ei-invertergeneraator-3500w-230v\/\" \/>\n<meta property=\"og:site_name\" content=\"Genekas24\" \/>\n<meta property=\"og:image\" content=\"https:\/\/genekas24.ee\/wp-content\/uploads\/2026\/01\/112817-300x300-1.jpeg\" \/>\n\t<meta property=\"og:image:width\" content=\"300\" \/>\n\t<meta property=\"og:image:height\" content=\"300\" \/>\n\t<meta property=\"og:image:type\" content=\"image\/jpeg\" \/>\n<meta name=\"twitter:card\" content=\"summary_large_image\" \/>\n<meta name=\"twitter:label1\" content=\"Arvioitu lukuaika\" \/>\n\t<meta name=\"twitter:data1\" content=\"2 minuuttia\" \/>\n<script type=\"application\/ld+json\" class=\"yoast-schema-graph\">{\"@context\":\"https:\/\/schema.org\",\"@graph\":[{\"@type\":\"WebPage\",\"@id\":\"https:\/\/genekas24.ee\/toode\/itcpower-kgg39ei-invertergeneraator-3500w-230v\/\",\"url\":\"https:\/\/genekas24.ee\/toode\/itcpower-kgg39ei-invertergeneraator-3500w-230v\/\",\"name\":\"ITCPOWER KGG39Ei invertergeneraator 3500W 230V - Genekas24\",\"isPartOf\":{\"@id\":\"https:\/\/genekas24.ee\/#website\"},\"primaryImageOfPage\":{\"@id\":\"https:\/\/genekas24.ee\/toode\/itcpower-kgg39ei-invertergeneraator-3500w-230v\/#primaryimage\"},\"image\":{\"@id\":\"https:\/\/genekas24.ee\/toode\/itcpower-kgg39ei-invertergeneraator-3500w-230v\/#primaryimage\"},\"thumbnailUrl\":\"https:\/\/genekas24.ee\/wp-content\/uploads\/2026\/01\/112817-300x300-1.jpeg\",\"datePublished\":\"2026-04-08T17:41:04+00:00\",\"breadcrumb\":{\"@id\":\"https:\/\/genekas24.ee\/toode\/itcpower-kgg39ei-invertergeneraator-3500w-230v\/#breadcrumb\"},\"inLanguage\":\"fi\",\"potentialAction\":[{\"@type\":\"ReadAction\",\"target\":[\"https:\/\/genekas24.ee\/toode\/itcpower-kgg39ei-invertergeneraator-3500w-230v\/\"]}]},{\"@type\":\"ImageObject\",\"inLanguage\":\"fi\",\"@id\":\"https:\/\/genekas24.ee\/toode\/itcpower-kgg39ei-invertergeneraator-3500w-230v\/#primaryimage\",\"url\":\"https:\/\/genekas24.ee\/wp-content\/uploads\/2026\/01\/112817-300x300-1.jpeg\",\"contentUrl\":\"https:\/\/genekas24.ee\/wp-content\/uploads\/2026\/01\/112817-300x300-1.jpeg\",\"width\":300,\"height\":300},{\"@type\":\"BreadcrumbList\",\"@id\":\"https:\/\/genekas24.ee\/toode\/itcpower-kgg39ei-invertergeneraator-3500w-230v\/#breadcrumb\",\"itemListElement\":[{\"@type\":\"ListItem\",\"position\":1,\"name\":\"Home\",\"item\":\"https:\/\/genekas24.ee\/\"},{\"@type\":\"ListItem\",\"position\":2,\"name\":\"Pood\",\"item\":\"https:\/\/genekas24.ee\/pood\/\"},{\"@type\":\"ListItem\",\"position\":3,\"name\":\"ITCPOWER KGG39Ei invertergeneraator 3500W 230V\"}]},{\"@type\":\"WebSite\",\"@id\":\"https:\/\/genekas24.ee\/#website\",\"url\":\"https:\/\/genekas24.ee\/\",\"name\":\"Genekas24\",\"description\":\"Generaatorid | K&ouml;nner S&ouml;hnen tooted | Genekas24\",\"publisher\":{\"@id\":\"https:\/\/genekas24.ee\/#organization\"},\"potentialAction\":[{\"@type\":\"SearchAction\",\"target\":{\"@type\":\"EntryPoint\",\"urlTemplate\":\"https:\/\/genekas24.ee\/?s={search_term_string}\"},\"query-input\":{\"@type\":\"PropertyValueSpecification\",\"valueRequired\":true,\"valueName\":\"search_term_string\"}}],\"inLanguage\":\"fi\"},{\"@type\":\"Organization\",\"@id\":\"https:\/\/genekas24.ee\/#organization\",\"name\":\"Genekas24\",\"url\":\"https:\/\/genekas24.ee\/\",\"logo\":{\"@type\":\"ImageObject\",\"inLanguage\":\"fi\",\"@id\":\"https:\/\/genekas24.ee\/#\/schema\/logo\/image\/\",\"url\":\"https:\/\/genekas24.ee\/wp-content\/uploads\/2026\/01\/genekas24-logo_black.svg\",\"contentUrl\":\"https:\/\/genekas24.ee\/wp-content\/uploads\/2026\/01\/genekas24-logo_black.svg\",\"width\":840,\"height\":131,\"caption\":\"Genekas24\"},\"image\":{\"@id\":\"https:\/\/genekas24.ee\/#\/schema\/logo\/image\/\"}}]}<\/script>\n<!-- \/ Yoast SEO plugin. -->","yoast_head_json":{"title":"ITCPOWER KGG39Ei invertergeneraator 3500W 230V - Genekas24","robots":{"index":"index","follow":"follow","max-snippet":"max-snippet:-1","max-image-preview":"max-image-preview:large","max-video-preview":"max-video-preview:-1"},"canonical":"https:\/\/genekas24.ee\/fi\/tuote\/itcpower-kgg39ei-invertergeneraator-3500w-230v\/","og_locale":"fi_FI","og_type":"article","og_title":"ITCPOWER KGG39Ei invertergeneraator 3500W 230V - Genekas24","og_description":"Pidevv\u00f5imsus 3500 W \/ 3,5 kW   Maksimaalne v\u00f5imsus 3900 W \/ 3,9 kW   Sagedus 50 Hz   Pinge 230 V   Pistikupesa \u00fchendus 2 \u00d7 16 A   Ekraan Digitaalne   ATS-\u00fchendus Jah   Toide 12 V DC \/ 8 A   K\u00fctusepaak 8,8 liitrit   Aku kaasas Jah   K\u00e4ivitus Manuaalne \/ elektriline \/ ATS   M\u00fcratase (7 m) 59 dBA   Maksimaalne vool 16,9 A   Mootor XY170F-1A, 223 cm\u00b3 \/ 7,5 hj   \u00d5lipaagi maht 0,7 l (15W40)   \u00d5lialarm Jah   \u00dclekoormuse indikaator Jah   Kaal 42 kg   M\u00f5\u00f5tmed 665 \u00d7 465 \u00d7 535 mm   K\u00fctus Bensiin","og_url":"https:\/\/genekas24.ee\/fi\/tuote\/itcpower-kgg39ei-invertergeneraator-3500w-230v\/","og_site_name":"Genekas24","og_image":[{"width":300,"height":300,"url":"https:\/\/genekas24.ee\/wp-content\/uploads\/2026\/01\/112817-300x300-1.jpeg","type":"image\/jpeg"}],"twitter_card":"summary_large_image","twitter_misc":{"Arvioitu lukuaika":"2 minuuttia"},"schema":{"@context":"https:\/\/schema.org","@graph":[{"@type":"WebPage","@id":"https:\/\/genekas24.ee\/toode\/itcpower-kgg39ei-invertergeneraator-3500w-230v\/","url":"https:\/\/genekas24.ee\/toode\/itcpower-kgg39ei-invertergeneraator-3500w-230v\/","name":"ITCPOWER KGG39Ei invertergeneraator 3500W 230V - Genekas24","isPartOf":{"@id":"https:\/\/genekas24.ee\/#website"},"primaryImageOfPage":{"@id":"https:\/\/genekas24.ee\/toode\/itcpower-kgg39ei-invertergeneraator-3500w-230v\/#primaryimage"},"image":{"@id":"https:\/\/genekas24.ee\/toode\/itcpower-kgg39ei-invertergeneraator-3500w-230v\/#primaryimage"},"thumbnailUrl":"https:\/\/genekas24.ee\/wp-content\/uploads\/2026\/01\/112817-300x300-1.jpeg","datePublished":"2026-04-08T17:41:04+00:00","breadcrumb":{"@id":"https:\/\/genekas24.ee\/toode\/itcpower-kgg39ei-invertergeneraator-3500w-230v\/#breadcrumb"},"inLanguage":"fi","potentialAction":[{"@type":"ReadAction","target":["https:\/\/genekas24.ee\/toode\/itcpower-kgg39ei-invertergeneraator-3500w-230v\/"]}]},{"@type":"ImageObject","inLanguage":"fi","@id":"https:\/\/genekas24.ee\/toode\/itcpower-kgg39ei-invertergeneraator-3500w-230v\/#primaryimage","url":"https:\/\/genekas24.ee\/wp-content\/uploads\/2026\/01\/112817-300x300-1.jpeg","contentUrl":"https:\/\/genekas24.ee\/wp-content\/uploads\/2026\/01\/112817-300x300-1.jpeg","width":300,"height":300},{"@type":"BreadcrumbList","@id":"https:\/\/genekas24.ee\/toode\/itcpower-kgg39ei-invertergeneraator-3500w-230v\/#breadcrumb","itemListElement":[{"@type":"ListItem","position":1,"name":"Home","item":"https:\/\/genekas24.ee\/"},{"@type":"ListItem","position":2,"name":"Pood","item":"https:\/\/genekas24.ee\/pood\/"},{"@type":"ListItem","position":3,"name":"ITCPOWER KGG39Ei invertergeneraator 3500W 230V"}]},{"@type":"WebSite","@id":"https:\/\/genekas24.ee\/#website","url":"https:\/\/genekas24.ee\/","name":"Genekas24","description":"Generaatorid | K&ouml;nner S&ouml;hnen tooted | Genekas24","publisher":{"@id":"https:\/\/genekas24.ee\/#organization"},"potentialAction":[{"@type":"SearchAction","target":{"@type":"EntryPoint","urlTemplate":"https:\/\/genekas24.ee\/?s={search_term_string}"},"query-input":{"@type":"PropertyValueSpecification","valueRequired":true,"valueName":"search_term_string"}}],"inLanguage":"fi"},{"@type":"Organization","@id":"https:\/\/genekas24.ee\/#organization","name":"Genekas24","url":"https:\/\/genekas24.ee\/","logo":{"@type":"ImageObject","inLanguage":"fi","@id":"https:\/\/genekas24.ee\/#\/schema\/logo\/image\/","url":"https:\/\/genekas24.ee\/wp-content\/uploads\/2026\/01\/genekas24-logo_black.svg","contentUrl":"https:\/\/genekas24.ee\/wp-content\/uploads\/2026\/01\/genekas24-logo_black.svg","width":840,"height":131,"caption":"Genekas24"},"image":{"@id":"https:\/\/genekas24.ee\/#\/schema\/logo\/image\/"}}]}},"_links":{"self":[{"href":"https:\/\/genekas24.ee\/fi\/wp-json\/wp\/v2\/product\/22199","targetHints":{"allow":["GET"]}}],"collection":[{"href":"https:\/\/genekas24.ee\/fi\/wp-json\/wp\/v2\/product"}],"about":[{"href":"https:\/\/genekas24.ee\/fi\/wp-json\/wp\/v2\/types\/product"}],"version-history":[{"count":6,"href":"https:\/\/genekas24.ee\/fi\/wp-json\/wp\/v2\/product\/22199\/revisions"}],"predecessor-version":[{"id":22212,"href":"https:\/\/genekas24.ee\/fi\/wp-json\/wp\/v2\/product\/22199\/revisions\/22212"}],"wp:featuredmedia":[{"embeddable":true,"href":"https:\/\/genekas24.ee\/fi\/wp-json\/wp\/v2\/media\/22200"}],"wp:attachment":[{"href":"https:\/\/genekas24.ee\/fi\/wp-json\/wp\/v2\/media?parent=22199"}],"wp:term":[{"taxonomy":"product_brand","embeddable":true,"href":"https:\/\/genekas24.ee\/fi\/wp-json\/wp\/v2\/product_brand?post=22199"},{"taxonomy":"product_cat","embeddable":true,"href":"https:\/\/genekas24.ee\/fi\/wp-json\/wp\/v2\/product_cat?post=22199"},{"taxonomy":"product_tag","embeddable":true,"href":"https:\/\/genekas24.ee\/fi\/wp-json\/wp\/v2\/product_tag?post=22199"}],"curies":[{"name":"wp","href":"https:\/\/api.w.org\/{rel}","templated":true}]}}