{"id":21598,"date":"2025-12-22T10:08:33","date_gmt":"2025-12-22T10:08:33","guid":{"rendered":"https:\/\/genekas24.ee\/?post_type=product&#038;p=21598"},"modified":"2025-12-22T10:34:20","modified_gmt":"2025-12-22T10:34:20","slug":"puiduhakkur-ks-700ws","status":"publish","type":"product","link":"https:\/\/genekas24.ee\/fi\/tuote\/puiduhakkur-ks-700ws\/","title":{"rendered":"Puiduhakkur KS 700WS (demomasin)"},"content":{"rendered":"<p>K\u00f6nner &amp; S\u00f6hnen\u00ae bensiinimootoriga puiduhakkurid muudavad oksad ja puidut\u00f6\u00f6stuse j\u00e4\u00e4tmed kiiresti ja t\u00f5husalt 3-20 mm suurusteks k\u00fctte- v\u00f5i tehnoloogilisteks hakket\u00fckkideks. Hakkurid on varustatud vastupidavate karastatud terasest teradega, mis suudavad t\u00f6\u00f6delda nii kuiva kui ka v\u00e4rsket puitu kuni 120 mm l\u00e4bim\u00f5\u00f5duga.<\/p>\n<p>&nbsp;<\/p>\n<p>&nbsp;<\/p>\n<table style=\"border-collapse: collapse; width: 100%; height: 1506px;\">\n<tbody>\n<tr style=\"height: 200px;\">\n<td style=\"width: 14.5908%; height: 200px;\"><img decoding=\"async\" src=\"https:\/\/konner-sohnen.ee\/cdn\/shop\/files\/ks-700ws_engine.png?v=1723486279&amp;width=500\" alt=\"ks-700ws mootor\" width=\"201\" height=\"201\" \/><\/td>\n<td style=\"width: 85.4092%; height: 200px;\">\n<div class=\"feature-content active\" data-target=\"featureContent-1\">\n<div class=\"left\">\n<h3>Usaldusv\u00e4\u00e4rne patenteeritud mootor<\/h3>\n<\/div>\n<\/div>\n<div class=\"text-sm\">K\u00f5rge j\u00f5udlusega ja usaldusv\u00e4\u00e4rsed K&amp;S bensiinimootorid vastavad k\u00f5igile Euroopa kvaliteedistandarditele, sealhulgas uusimale EURO V heitmestandardile. Igal mootoril on oma individuaalne seerianumber, mis v\u00f5imaldab kontrollida tootmise ja teeninduse kvaliteeti.<\/div>\n<\/td>\n<\/tr>\n<tr style=\"height: 200px;\">\n<td style=\"width: 14.5908%; height: 200px;\"><img fetchpriority=\"high\" decoding=\"async\" src=\"https:\/\/konner-sohnen.ee\/cdn\/shop\/files\/ks-700ws_easy-shredding.png?v=1723486282&amp;width=500\" alt=\"Purustaja\" width=\"500\" height=\"500\" \/><\/td>\n<td style=\"width: 85.4092%; height: 200px;\">\n<h3>Lihtne ja kiire purustamine<\/h3>\n<div class=\"text-sm\">Suur s\u00f6\u00f6tmiskast lihtsustab purustatava materjali s\u00f6\u00f6tmist ning v\u00f5imas l\u00f5ikemehhanism kahe kiiret\u00f6\u00f6tlusega karastatud s\u00fcsinikterasest teraga purustab puiduj\u00e4\u00e4tmeid kuni 120 mm l\u00e4bim\u00f5\u00f5duga.<\/div>\n<\/td>\n<\/tr>\n<tr style=\"height: 200px;\">\n<td style=\"width: 14.5908%; height: 200px;\"><img decoding=\"async\" src=\"https:\/\/konner-sohnen.ee\/cdn\/shop\/files\/ks-700ws_emergency.png?v=1723486282&amp;width=500\" alt=\"H\u00e4daolukorra seiskamisnupp\" width=\"500\" height=\"500\" \/><\/td>\n<td style=\"width: 85.4092%; height: 200px;\">\n<h3>H\u00e4daolukorra seiskamisnupp<\/h3>\n<div class=\"text-sm\">Purustil on v\u00e4line h\u00e4daseiskamisnupp seadme kiireks v\u00e4ljal\u00fclitamiseks.<\/div>\n<\/td>\n<\/tr>\n<tr style=\"height: 200px;\">\n<td style=\"width: 14.5908%; height: 200px;\"><img loading=\"lazy\" decoding=\"async\" src=\"https:\/\/konner-sohnen.ee\/cdn\/shop\/files\/ks-700ws_maneuverability.png?v=1723486281&amp;width=500\" alt=\"Man\u00f6\u00f6verdusv\u00f5ime\" width=\"500\" height=\"500\" \/><\/td>\n<td style=\"width: 85.4092%; height: 200px;\">\n<h3>Man\u00f6\u00f6verdusv\u00f5ime ja stabiilsus<\/h3>\n<div class=\"text-sm\">Madal raskuskese muudab need masinad stabiilseks ja kergesti man\u00f6\u00f6verdatavaks hoolimata nende kaalust, kusjuures pneumaatilised rattad v\u00f5imaldavad masinate lihtsat liikumist isegi ebatasastel pindadel, n\u00e4iteks kruusal v\u00f5i pinnasel.<\/div>\n<\/td>\n<\/tr>\n<tr style=\"height: 200px;\">\n<td style=\"width: 14.5908%; height: 200px;\"><img loading=\"lazy\" decoding=\"async\" src=\"https:\/\/konner-sohnen.ee\/cdn\/shop\/files\/ks-700ws_hitch.png?v=1723486280&amp;width=500\" alt=\"Haagisekonks\" width=\"500\" height=\"500\" \/><\/td>\n<td style=\"width: 85.4092%; height: 200px;\">\n<h3>Haagisekonks<\/h3>\n<div class=\"text-sm\">\n<div class=\"text-sm\">Mudel on varustatud s\u00f5iduki haakekonksuga.<\/div>\n<\/div>\n<\/td>\n<\/tr>\n<tr style=\"height: 200px;\">\n<td style=\"width: 14.5908%; height: 200px;\"><img loading=\"lazy\" decoding=\"async\" src=\"https:\/\/konner-sohnen.ee\/cdn\/shop\/files\/ks-700ws_nozzle.png?v=1723486279&amp;width=500\" alt=\"V\u00e4ljalaske punker\" width=\"500\" height=\"500\" \/><\/td>\n<td style=\"width: 85.4092%; height: 200px;\">\n<h3>V\u00e4ljalaske punker<\/h3>\n<div class=\"text-sm\">V\u00e4ljalaske punkril on reguleeritav purustatud materjali v\u00e4ljutusk\u00f5rgus.<\/div>\n<\/td>\n<\/tr>\n<tr style=\"height: 200px;\">\n<td style=\"width: 14.5908%; height: 200px;\"><img loading=\"lazy\" decoding=\"async\" src=\"https:\/\/konner-sohnen.ee\/cdn\/shop\/files\/ks_ws_chippers_macro.png?v=1731567905&amp;width=500\" alt=\"Lis\u00e4tarvikkeet\" width=\"500\" height=\"500\" \/><\/td>\n<td style=\"width: 85.4092%; height: 200px;\">\n<h3>Tarvikute komplekt<\/h3>\n<div class=\"text-sm\">\n<div class=\"text-sm\">Pakend sisaldab kaitsekomplekti (pol\u00fckarbonaadist kaitsekilp, turvakindad).<\/div>\n<\/div>\n<\/td>\n<\/tr>\n<\/tbody>\n<\/table>","protected":false},"excerpt":{"rendered":"<table style=\"width: 84.6022%; height: 480px;\">\n<tbody>\n<tr style=\"height: 24px;\">\n<td style=\"height: 24px; width: 70.6931%;\">Mootori v\u00f5imsus, hj<\/td>\n<td style=\"height: 24px; width: 119.238%;\">15<\/td>\n<\/tr>\n<tr style=\"height: 24px;\">\n<td style=\"height: 24px; width: 70.6931%;\">K\u00e4ivitust\u00fc\u00fcp<\/td>\n<td style=\"height: 24px; width: 119.238%;\">K\u00e4sitsi\/elektriline<\/td>\n<\/tr>\n<tr style=\"height: 24px;\">\n<td style=\"height: 24px; width: 70.6931%;\">L\u00f5iketerade arv, tk.<\/td>\n<td style=\"height: 24px; width: 119.238%;\">2<\/td>\n<\/tr>\n<tr style=\"height: 24px;\">\n<td style=\"height: 24px; width: 70.6931%;\">\u00dche oksa l\u00e4bim\u00f5\u00f5t, mm<\/td>\n<td style=\"height: 24px; width: 119.238%;\">50<\/td>\n<\/tr>\n<tr style=\"height: 48px;\">\n<td style=\"height: 48px; width: 70.6931%;\">S\u00f6\u00f6dava materjali maksimaalne agregaatdiameeter, mm<\/td>\n<td style=\"height: 48px; width: 119.238%;\">120<\/td>\n<\/tr>\n<tr style=\"height: 24px;\">\n<td style=\"height: 24px; width: 70.6931%;\">Kiibi v\u00e4ljutusk\u00f5rgus, mm<\/td>\n<td style=\"height: 24px; width: 119.238%;\">1600<\/td>\n<\/tr>\n<tr style=\"height: 24px;\">\n<td style=\"height: 24px; width: 70.6931%;\">Hakitud laastu suurus, mm<\/td>\n<td style=\"height: 24px; width: 119.238%;\">10-20<\/td>\n<\/tr>\n<tr style=\"height: 24px;\">\n<td style=\"height: 24px; width: 70.6931%;\">Maks. tera kiirus, p\/min<\/td>\n<td style=\"height: 24px; width: 119.238%;\">3000<\/td>\n<\/tr>\n<tr style=\"height: 48px;\">\n<td style=\"height: 48px; width: 70.6931%;\">Moottorityyppi<\/td>\n<td style=\"height: 48px; width: 119.238%;\">Bensiin neljataktiline<\/td>\n<\/tr>\n<tr style=\"height: 24px;\">\n<td style=\"height: 24px; width: 70.6931%;\">Moottorin sylinteritilavuus, cm3<\/td>\n<td style=\"height: 24px; width: 119.238%;\">420<\/td>\n<\/tr>\n<tr style=\"height: 24px;\">\n<td style=\"height: 24px; width: 70.6931%;\">Moottorin malli<\/td>\n<td style=\"height: 24px; width: 119.238%;\">KS 440<\/td>\n<\/tr>\n<tr style=\"height: 24px;\">\n<td style=\"height: 24px; width: 70.6931%;\">Mootori kiirus, p\/min<\/td>\n<td style=\"height: 24px; width: 119.238%;\">3600<\/td>\n<\/tr>\n<tr style=\"height: 24px;\">\n<td style=\"height: 24px; width: 70.6931%;\">Polttoaines\u00e4ili\u00f6n tilavuus, L<\/td>\n<td style=\"height: 24px; width: 119.238%;\">6.5<\/td>\n<\/tr>\n<tr style=\"height: 24px;\">\n<td style=\"height: 24px; width: 70.6931%;\">V\u00e4nda karteri maht, l<\/td>\n<td style=\"height: 24px; width: 119.238%;\">1.1<\/td>\n<\/tr>\n<tr style=\"height: 24px;\">\n<td style=\"height: 24px; width: 70.6931%;\">Suojausluokka<\/td>\n<td style=\"height: 24px; width: 119.238%;\">IP54M<\/td>\n<\/tr>\n<tr style=\"height: 24px;\">\n<td style=\"height: 24px; width: 70.6931%;\">Netom\u00f5\u00f5tmed (PxLxK), mm<\/td>\n<td style=\"height: 24px; width: 119.238%;\">2550x1100x1600<\/td>\n<\/tr>\n<tr>\n<td style=\"width: 70.6931%;\">\u00dcldm\u00f5\u00f5tmed (PxLxK), mm<\/td>\n<td style=\"width: 119.238%;\">1140x660x1120<\/td>\n<\/tr>\n<tr>\n<td style=\"width: 70.6931%;\">Nettopaino, kg<\/td>\n<td style=\"width: 119.238%;\">210<\/td>\n<\/tr>\n<tr style=\"height: 24px;\">\n<td style=\"height: 24px; width: 70.6931%;\">Kogukaal, kg<\/td>\n<td style=\"height: 24px; width: 119.238%;\">230.0<\/td>\n<\/tr>\n<tr style=\"height: 24px;\">\n<td style=\"height: 24px; width: 70.6931%;\">SKU<\/td>\n<td style=\"height: 24px; width: 119.238%;\">KS 700WS<\/td>\n<\/tr>\n<tr>\n<td style=\"width: 70.6931%;\">V\u00f6\u00f6tkood<\/td>\n<td style=\"width: 119.238%;\">4260405361687<\/td>\n<\/tr>\n<\/tbody>\n<\/table>","protected":false},"featured_media":21612,"template":"","meta":{"_acf_changed":false,"inline_featured_image":false},"product_brand":[],"product_cat":[159,179,181,187],"product_tag":[],"class_list":{"0":"post-21598","1":"product","2":"type-product","3":"status-publish","4":"has-post-thumbnail","6":"product_cat-aiatooriistad","7":"product_cat-allahinnatud","8":"product_cat-laos-olemas","9":"product_cat-puiduhakkurid","10":"brand-konner-sohnen","12":"first","13":"instock","14":"sale","15":"taxable","16":"shipping-taxable","17":"purchasable","18":"product-type-simple"},"acf":[],"yoast_head":"<!-- This site is optimized with the Yoast SEO plugin v27.2 - https:\/\/yoast.com\/product\/yoast-seo-wordpress\/ -->\n<title>Puiduhakkur KS 700WS (demomasin) - Genekas24<\/title>\n<meta name=\"robots\" content=\"index, follow, max-snippet:-1, max-image-preview:large, max-video-preview:-1\" \/>\n<link rel=\"canonical\" href=\"https:\/\/genekas24.ee\/fi\/tuote\/puiduhakkur-ks-700ws\/\" \/>\n<meta property=\"og:locale\" content=\"fi_FI\" \/>\n<meta property=\"og:type\" content=\"article\" \/>\n<meta property=\"og:title\" content=\"Puiduhakkur KS 700WS (demomasin) - Genekas24\" \/>\n<meta property=\"og:description\" content=\"Mootori v\u00f5imsus, hj 15   K\u00e4ivitust\u00fc\u00fcp K\u00e4sitsi\/elektriline   L\u00f5iketerade arv, tk. 2   \u00dche oksa l\u00e4bim\u00f5\u00f5t, mm 50   S\u00f6\u00f6dava materjali maksimaalne agregaatdiameeter, mm 120   Kiibi v\u00e4ljutusk\u00f5rgus, mm 1600   Hakitud laastu suurus, mm 10-20   Maks. tera kiirus, p\/min 3000   Mootori t\u00fc\u00fcp Bensiin neljataktiline   Mootori silindri maht, cm3 420   Mootori mudel KS 440   Mootori kiirus, p\/min 3600   K\u00fctusepaagi maht, l 6.5   V\u00e4nda karteri maht, l 1.1   Kaitseklass IP54M   Netom\u00f5\u00f5tmed (PxLxK), mm 2550x1100x1600   \u00dcldm\u00f5\u00f5tmed (PxLxK), mm 1140x660x1120   Netokaal, kg 210   Kogukaal, kg 230.0   SKU KS 700WS   V\u00f6\u00f6tkood 4260405361687\" \/>\n<meta property=\"og:url\" content=\"https:\/\/genekas24.ee\/fi\/tuote\/puiduhakkur-ks-700ws\/\" \/>\n<meta property=\"og:site_name\" content=\"Genekas24\" \/>\n<meta property=\"article:modified_time\" content=\"2025-12-22T10:34:20+00:00\" \/>\n<meta property=\"og:image\" content=\"https:\/\/genekas24.ee\/wp-content\/uploads\/2025\/12\/KS_700WS_01_042c13b5-2dd4-4aa7-bcbc-3c97ae229add-2.webp\" \/>\n\t<meta property=\"og:image:width\" content=\"1600\" \/>\n\t<meta property=\"og:image:height\" content=\"1200\" \/>\n\t<meta property=\"og:image:type\" content=\"image\/webp\" \/>\n<meta name=\"twitter:card\" content=\"summary_large_image\" \/>\n<meta name=\"twitter:label1\" content=\"Arvioitu lukuaika\" \/>\n\t<meta name=\"twitter:data1\" content=\"3 minuuttia\" \/>\n<script type=\"application\/ld+json\" class=\"yoast-schema-graph\">{\"@context\":\"https:\/\/schema.org\",\"@graph\":[{\"@type\":\"WebPage\",\"@id\":\"https:\/\/genekas24.ee\/toode\/puiduhakkur-ks-700ws\/\",\"url\":\"https:\/\/genekas24.ee\/toode\/puiduhakkur-ks-700ws\/\",\"name\":\"Puiduhakkur KS 700WS (demomasin) - Genekas24\",\"isPartOf\":{\"@id\":\"https:\/\/genekas24.ee\/#website\"},\"primaryImageOfPage\":{\"@id\":\"https:\/\/genekas24.ee\/toode\/puiduhakkur-ks-700ws\/#primaryimage\"},\"image\":{\"@id\":\"https:\/\/genekas24.ee\/toode\/puiduhakkur-ks-700ws\/#primaryimage\"},\"thumbnailUrl\":\"https:\/\/genekas24.ee\/wp-content\/uploads\/2025\/12\/KS_700WS_01_042c13b5-2dd4-4aa7-bcbc-3c97ae229add-2.webp\",\"datePublished\":\"2025-12-22T10:08:33+00:00\",\"dateModified\":\"2025-12-22T10:34:20+00:00\",\"breadcrumb\":{\"@id\":\"https:\/\/genekas24.ee\/toode\/puiduhakkur-ks-700ws\/#breadcrumb\"},\"inLanguage\":\"fi\",\"potentialAction\":[{\"@type\":\"ReadAction\",\"target\":[\"https:\/\/genekas24.ee\/toode\/puiduhakkur-ks-700ws\/\"]}]},{\"@type\":\"ImageObject\",\"inLanguage\":\"fi\",\"@id\":\"https:\/\/genekas24.ee\/toode\/puiduhakkur-ks-700ws\/#primaryimage\",\"url\":\"https:\/\/genekas24.ee\/wp-content\/uploads\/2025\/12\/KS_700WS_01_042c13b5-2dd4-4aa7-bcbc-3c97ae229add-2.webp\",\"contentUrl\":\"https:\/\/genekas24.ee\/wp-content\/uploads\/2025\/12\/KS_700WS_01_042c13b5-2dd4-4aa7-bcbc-3c97ae229add-2.webp\",\"width\":1600,\"height\":1200},{\"@type\":\"BreadcrumbList\",\"@id\":\"https:\/\/genekas24.ee\/toode\/puiduhakkur-ks-700ws\/#breadcrumb\",\"itemListElement\":[{\"@type\":\"ListItem\",\"position\":1,\"name\":\"Home\",\"item\":\"https:\/\/genekas24.ee\/\"},{\"@type\":\"ListItem\",\"position\":2,\"name\":\"Pood\",\"item\":\"https:\/\/genekas24.ee\/pood\/\"},{\"@type\":\"ListItem\",\"position\":3,\"name\":\"Puiduhakkur KS 700WS (demomasin)\"}]},{\"@type\":\"WebSite\",\"@id\":\"https:\/\/genekas24.ee\/#website\",\"url\":\"https:\/\/genekas24.ee\/\",\"name\":\"Genekas24\",\"description\":\"Generaatorid | K&ouml;nner S&ouml;hnen tooted | Genekas24\",\"publisher\":{\"@id\":\"https:\/\/genekas24.ee\/#organization\"},\"potentialAction\":[{\"@type\":\"SearchAction\",\"target\":{\"@type\":\"EntryPoint\",\"urlTemplate\":\"https:\/\/genekas24.ee\/?s={search_term_string}\"},\"query-input\":{\"@type\":\"PropertyValueSpecification\",\"valueRequired\":true,\"valueName\":\"search_term_string\"}}],\"inLanguage\":\"fi\"},{\"@type\":\"Organization\",\"@id\":\"https:\/\/genekas24.ee\/#organization\",\"name\":\"Genekas24\",\"url\":\"https:\/\/genekas24.ee\/\",\"logo\":{\"@type\":\"ImageObject\",\"inLanguage\":\"fi\",\"@id\":\"https:\/\/genekas24.ee\/#\/schema\/logo\/image\/\",\"url\":\"https:\/\/genekas24.ee\/wp-content\/uploads\/2026\/01\/genekas24-logo_black.svg\",\"contentUrl\":\"https:\/\/genekas24.ee\/wp-content\/uploads\/2026\/01\/genekas24-logo_black.svg\",\"width\":840,\"height\":131,\"caption\":\"Genekas24\"},\"image\":{\"@id\":\"https:\/\/genekas24.ee\/#\/schema\/logo\/image\/\"}}]}<\/script>\n<!-- \/ Yoast SEO plugin. -->","yoast_head_json":{"title":"Puiduhakkur KS 700WS (demomasin) - Genekas24","robots":{"index":"index","follow":"follow","max-snippet":"max-snippet:-1","max-image-preview":"max-image-preview:large","max-video-preview":"max-video-preview:-1"},"canonical":"https:\/\/genekas24.ee\/fi\/tuote\/puiduhakkur-ks-700ws\/","og_locale":"fi_FI","og_type":"article","og_title":"Puiduhakkur KS 700WS (demomasin) - Genekas24","og_description":"Mootori v\u00f5imsus, hj 15   K\u00e4ivitust\u00fc\u00fcp K\u00e4sitsi\/elektriline   L\u00f5iketerade arv, tk. 2   \u00dche oksa l\u00e4bim\u00f5\u00f5t, mm 50   S\u00f6\u00f6dava materjali maksimaalne agregaatdiameeter, mm 120   Kiibi v\u00e4ljutusk\u00f5rgus, mm 1600   Hakitud laastu suurus, mm 10-20   Maks. tera kiirus, p\/min 3000   Mootori t\u00fc\u00fcp Bensiin neljataktiline   Mootori silindri maht, cm3 420   Mootori mudel KS 440   Mootori kiirus, p\/min 3600   K\u00fctusepaagi maht, l 6.5   V\u00e4nda karteri maht, l 1.1   Kaitseklass IP54M   Netom\u00f5\u00f5tmed (PxLxK), mm 2550x1100x1600   \u00dcldm\u00f5\u00f5tmed (PxLxK), mm 1140x660x1120   Netokaal, kg 210   Kogukaal, kg 230.0   SKU KS 700WS   V\u00f6\u00f6tkood 4260405361687","og_url":"https:\/\/genekas24.ee\/fi\/tuote\/puiduhakkur-ks-700ws\/","og_site_name":"Genekas24","article_modified_time":"2025-12-22T10:34:20+00:00","og_image":[{"width":1600,"height":1200,"url":"https:\/\/genekas24.ee\/wp-content\/uploads\/2025\/12\/KS_700WS_01_042c13b5-2dd4-4aa7-bcbc-3c97ae229add-2.webp","type":"image\/webp"}],"twitter_card":"summary_large_image","twitter_misc":{"Arvioitu lukuaika":"3 minuuttia"},"schema":{"@context":"https:\/\/schema.org","@graph":[{"@type":"WebPage","@id":"https:\/\/genekas24.ee\/toode\/puiduhakkur-ks-700ws\/","url":"https:\/\/genekas24.ee\/toode\/puiduhakkur-ks-700ws\/","name":"Puiduhakkur KS 700WS (demomasin) - Genekas24","isPartOf":{"@id":"https:\/\/genekas24.ee\/#website"},"primaryImageOfPage":{"@id":"https:\/\/genekas24.ee\/toode\/puiduhakkur-ks-700ws\/#primaryimage"},"image":{"@id":"https:\/\/genekas24.ee\/toode\/puiduhakkur-ks-700ws\/#primaryimage"},"thumbnailUrl":"https:\/\/genekas24.ee\/wp-content\/uploads\/2025\/12\/KS_700WS_01_042c13b5-2dd4-4aa7-bcbc-3c97ae229add-2.webp","datePublished":"2025-12-22T10:08:33+00:00","dateModified":"2025-12-22T10:34:20+00:00","breadcrumb":{"@id":"https:\/\/genekas24.ee\/toode\/puiduhakkur-ks-700ws\/#breadcrumb"},"inLanguage":"fi","potentialAction":[{"@type":"ReadAction","target":["https:\/\/genekas24.ee\/toode\/puiduhakkur-ks-700ws\/"]}]},{"@type":"ImageObject","inLanguage":"fi","@id":"https:\/\/genekas24.ee\/toode\/puiduhakkur-ks-700ws\/#primaryimage","url":"https:\/\/genekas24.ee\/wp-content\/uploads\/2025\/12\/KS_700WS_01_042c13b5-2dd4-4aa7-bcbc-3c97ae229add-2.webp","contentUrl":"https:\/\/genekas24.ee\/wp-content\/uploads\/2025\/12\/KS_700WS_01_042c13b5-2dd4-4aa7-bcbc-3c97ae229add-2.webp","width":1600,"height":1200},{"@type":"BreadcrumbList","@id":"https:\/\/genekas24.ee\/toode\/puiduhakkur-ks-700ws\/#breadcrumb","itemListElement":[{"@type":"ListItem","position":1,"name":"Home","item":"https:\/\/genekas24.ee\/"},{"@type":"ListItem","position":2,"name":"Pood","item":"https:\/\/genekas24.ee\/pood\/"},{"@type":"ListItem","position":3,"name":"Puiduhakkur KS 700WS (demomasin)"}]},{"@type":"WebSite","@id":"https:\/\/genekas24.ee\/#website","url":"https:\/\/genekas24.ee\/","name":"Genekas24","description":"Generaatorid | K&ouml;nner S&ouml;hnen tooted | Genekas24","publisher":{"@id":"https:\/\/genekas24.ee\/#organization"},"potentialAction":[{"@type":"SearchAction","target":{"@type":"EntryPoint","urlTemplate":"https:\/\/genekas24.ee\/?s={search_term_string}"},"query-input":{"@type":"PropertyValueSpecification","valueRequired":true,"valueName":"search_term_string"}}],"inLanguage":"fi"},{"@type":"Organization","@id":"https:\/\/genekas24.ee\/#organization","name":"Genekas24","url":"https:\/\/genekas24.ee\/","logo":{"@type":"ImageObject","inLanguage":"fi","@id":"https:\/\/genekas24.ee\/#\/schema\/logo\/image\/","url":"https:\/\/genekas24.ee\/wp-content\/uploads\/2026\/01\/genekas24-logo_black.svg","contentUrl":"https:\/\/genekas24.ee\/wp-content\/uploads\/2026\/01\/genekas24-logo_black.svg","width":840,"height":131,"caption":"Genekas24"},"image":{"@id":"https:\/\/genekas24.ee\/#\/schema\/logo\/image\/"}}]}},"_links":{"self":[{"href":"https:\/\/genekas24.ee\/fi\/wp-json\/wp\/v2\/product\/21598","targetHints":{"allow":["GET"]}}],"collection":[{"href":"https:\/\/genekas24.ee\/fi\/wp-json\/wp\/v2\/product"}],"about":[{"href":"https:\/\/genekas24.ee\/fi\/wp-json\/wp\/v2\/types\/product"}],"version-history":[{"count":4,"href":"https:\/\/genekas24.ee\/fi\/wp-json\/wp\/v2\/product\/21598\/revisions"}],"predecessor-version":[{"id":21617,"href":"https:\/\/genekas24.ee\/fi\/wp-json\/wp\/v2\/product\/21598\/revisions\/21617"}],"wp:featuredmedia":[{"embeddable":true,"href":"https:\/\/genekas24.ee\/fi\/wp-json\/wp\/v2\/media\/21612"}],"wp:attachment":[{"href":"https:\/\/genekas24.ee\/fi\/wp-json\/wp\/v2\/media?parent=21598"}],"wp:term":[{"taxonomy":"product_brand","embeddable":true,"href":"https:\/\/genekas24.ee\/fi\/wp-json\/wp\/v2\/product_brand?post=21598"},{"taxonomy":"product_cat","embeddable":true,"href":"https:\/\/genekas24.ee\/fi\/wp-json\/wp\/v2\/product_cat?post=21598"},{"taxonomy":"product_tag","embeddable":true,"href":"https:\/\/genekas24.ee\/fi\/wp-json\/wp\/v2\/product_tag?post=21598"}],"curies":[{"name":"wp","href":"https:\/\/api.w.org\/{rel}","templated":true}]}}