{"id":10501,"date":"2023-03-16T14:30:51","date_gmt":"2023-03-16T14:30:51","guid":{"rendered":"https:\/\/genekas24.ee\/?post_type=product&#038;p=10501"},"modified":"2026-04-08T16:56:07","modified_gmt":"2026-04-08T16:56:07","slug":"alalisvoolu-generaator-ks-48v-dc","status":"publish","type":"product","link":"https:\/\/genekas24.ee\/fi\/tuote\/alalisvoolu-generaator-ks-48v-dc\/","title":{"rendered":"Tasavirtageneraattori KS 48V-DC"},"content":{"rendered":"<p><img decoding=\"async\" src=\"https:\/\/koenner-soehnen.com\/source\/uploads\/48v-generators\/ks_48v_dc-aplication-en.jpg\" width=\"50%\" align=\"right\" \/><\/p>\n<p>The KS 48V-DC direct-current generator from the German brand \u201cK\u00f6nner &amp; S\u00f6hnen\u201d is designed as a backup battery charger for charging 48-54 V batteries. The generator is ideal for charging batteries used to power private households, off-grid, solar, wind, telecommunication systems, boats, campsites, etc.<\/p>\n<p><strong>DC generator KS 48V-DC from K\u00f6nner &amp; S\u00f6hnen\u00ae provides:<\/strong><\/p>\n<ul class=\"ticks\">\n<li><strong>Maximum efficiency<\/strong><br \/>\nThis method of charging is more efficient since there are no intermediate current conversions and associated with this energy losses.<\/li>\n<\/ul>\n<ul>\n<li><strong>Compact sizes and high power<\/strong><\/li>\n<\/ul>\n<p>High charging power in a small size generator \u2013 the generator is designed by analogy with the inverter type of generators. It takes up 3-5 times less space than a set consisting of regular 230V generator with alternating current and a powerful charger that converts 230V alternating voltage into a constant voltage necessary to charge the battery. Equipped with a transport kit for easy movement.<\/p>\n<ul>\n<li><strong>Safe use<\/strong><br \/>\nThe absence of life-threatening high voltage protects the user from electric shock while using the generator.<\/li>\n<\/ul>\n<ul>\n<li><strong>Economic choice<\/strong><\/li>\n<\/ul>\n<p>The efficiency of the generator is higher due to the absence of unnecessary conversions, as well as due to the adjustable number of revolutions depending on the load, which reduces fuel costs compared to classical methods using 230V AC generators with subsequent conversion.<\/p>\n<ul>\n<li><strong>Simple installation<\/strong><\/li>\n<\/ul>\n<p>The generator connects directly to the battery, which greatly simplifies installation. The possibility of external control of \u201cdry contacts\u201d significantly expands the possibilities of integrating the generator into existing power supply systems.<\/p>\n<p>The DC battery charging voltage range should match the battery rating. With the integrated controller, the generator constantly monitors the battery voltage in AUTO mode and automatically starts charging the battery when its voltage drops to 48 V or lower. The generator has a response time of only 5 seconds. When the battery voltage reaches 53.5-54 V or a charging current of 20 A, the generator shuts down within 30 seconds. In addition to the AUTO mode, the generator has an EXTERNAL mode (or the so-called \u201cdry contact\u201d) for seasoned users, enabling the generator start to be controlled via an additional relay.<\/p>\n<p>The KS 48V-DC direct-current generator is equipped with transport wheels and a carrying handle for easy handling, making it a much more versatile model. The battery can be charged in places where there is no mains power supply.<\/p>\n<p>The robust K\u00f6nner &amp; S\u00f6hnen engine meets all European quality standards, including the latest EURO V emission standard. The high-end alternator with copper winding and the branded engine guarantee trouble-free and long-term operation.<\/p>\n<p><strong>Model KS 48V-DC has the following features:<\/strong>:<\/p>\n<ul class=\"ticks\">\n<li>With the integrated controller, the generator constantly monitors the battery voltage in AUTO mode and automatically starts charging the battery when its voltage drops.<\/li>\n<li>Reliable branded K&amp;S engine features high wear resistance, ensures long and stable operation, and meets all European quality standards, including the latest EURO V emission standard.<\/li>\n<li>Control of all main operating status indicators: automatic engine stop at low oil level, overload and short-circuit protection, fuel level sensor.<\/li>\n<li>Ergonoomiline juhtpaneel, mis on varustatud voltmeetri, ampermeetri, \u00f5litaseme indikaatori, \u00fclekoormuse indikaatori, alalisvoolu indikaatori, aku klemmide, juhtklemmide, AUTO ja MANUAL\/EXTERNAL re\u017eiimide l\u00fclitiga, mootori k\u00e4ivitamisega.<\/li>\n<li>Mudel KS 48V-DC on varustatud transpordikomplektiga (lahtik\u00e4iv k\u00e4epide ja rattad), mis v\u00f5imaldab selle mugavat k\u00e4sitsemist.<\/li>\n<\/ul>\n<div align=\"center\"><\/div>\n<div align=\"center\"><a href=\"https:\/\/koenner-soehnen.com\/source\/uploads\/48v-generators\/KS 48V-DC_EN.pdf\" rel=\"noopener noreferrer\"><img decoding=\"async\" src=\"https:\/\/koenner-soehnen.com\/source\/uploads\/48v-generators\/ks_48v_dc-leaflet-en.jpg\" alt=\"\" width=\"50%\" \/><\/a><\/div>","protected":false},"excerpt":{"rendered":"<table>\n<tbody>\n<tr class=\"even\">\n<td width=\"60%\">J\u00e4nnite, V<\/td>\n<td>\n<div class=\"attribute row\">\n<div class=\"col-xs-6\">48-54<\/div>\n<\/div>\n<\/td>\n<\/tr>\n<tr class=\"odd\">\n<td>\n<div class=\"col-xs-6\">Current (max), A<\/div>\n<\/td>\n<td>\n<div class=\"attribute row\">\n<div class=\"col-xs-6\">70<\/div>\n<\/div>\n<\/td>\n<\/tr>\n<tr class=\"even\">\n<td>\n<div class=\"col-xs-6\">Moottorin k\u00e4ynnistys<\/div>\n<\/td>\n<td>Automatic and Manual\/External<\/td>\n<\/tr>\n<tr class=\"odd\">\n<td>\n<div class=\"col-xs-6\">\n<div class=\"col-xs-6\">Moottorityyppi<\/div>\n<\/div>\n<\/td>\n<td>four-stroke, gasoline powered, air-cooled<\/td>\n<\/tr>\n<tr class=\"even\">\n<td>\n<div class=\"col-xs-6\">\n<div class=\"col-xs-6\">Moottorin sylinteritilavuus, cm3<\/div>\n<\/div>\n<\/td>\n<td>\n<div class=\"attribute row\">\n<div class=\"col-xs-6\">223<\/div>\n<\/div>\n<\/td>\n<\/tr>\n<tr class=\"odd\">\n<td>Engine power, hp<\/td>\n<td>\n<div class=\"attribute row\">\n<div class=\"col-xs-6\">16<\/div>\n<\/div>\n<\/td>\n<\/tr>\n<tr class=\"even\">\n<td>\n<div class=\"col-xs-6\">Fuel type<\/div>\n<\/td>\n<td>\n<div class=\"attribute row\">\n<div class=\"col-xs-6\">unleaded gasoline<\/div>\n<\/div>\n<\/td>\n<\/tr>\n<tr class=\"odd\">\n<td>\n<div class=\"col-xs-6\">Polttoaines\u00e4ili\u00f6n tilavuus, L<\/div>\n<\/td>\n<td>12,5<\/td>\n<\/tr>\n<tr class=\"even\">\n<td>\n<div class=\"col-xs-6\">Kampikammion tilavuus, L<\/div>\n<\/td>\n<td>0,6<\/td>\n<\/tr>\n<tr>\n<td>\n<div class=\"col-xs-6\">Suojausluokka<\/div>\n<\/td>\n<td>IP23M<\/td>\n<\/tr>\n<tr class=\"odd\">\n<td>Melutaso Lpa (7 m) \/ Lwa, dB<\/td>\n<td>70\/95<\/td>\n<\/tr>\n<tr class=\"even\">\n<td>\n<div class=\"col-xs-6\">Dimensions (L x W x H), mm<\/div>\n<\/td>\n<td>\n<div class=\"attribute row\">\n<div class=\"col-xs-6\">510 \u0445 525 \u0445 310<\/div>\n<\/div>\n<\/td>\n<\/tr>\n<tr class=\"odd\">\n<td>\n<div class=\"col-xs-6\">\n<div class=\"col-xs-6\">Net weight, kg<\/div>\n<\/div>\n<\/td>\n<td>\n<div class=\"attribute row\">\n<div class=\"col-xs-6\">36,5<\/div>\n<\/div>\n<\/td>\n<\/tr>\n<tr class=\"even\">\n<td>\n<div class=\"col-xs-6\">\n<div class=\"col-xs-6\">Gross weight, kg<\/div>\n<\/div>\n<\/td>\n<td>\n<div class=\"attribute row\">\n<div class=\"col-xs-6\">38<\/div>\n<\/div>\n<\/td>\n<\/tr>\n<tr class=\"odd\">\n<td>\n<div class=\"col-xs-6\">\n<div class=\"col-xs-6\">EAN-koodi<\/div>\n<\/div>\n<\/td>\n<td>\n<div class=\"attribute row\">\n<div class=\"col-xs-6\">4260405365814<\/div>\n<\/div>\n<\/td>\n<\/tr>\n<\/tbody>\n<\/table>\n<p>***Polttoaineenkulutus riippuu monista tekij\u00f6ist\u00e4, kuten kuormituksesta, polttoaineen laadusta, vuodenajasta, korkeudesta, generaattorin teknisest\u00e4 kunnosta.<\/p>\n<p>Koottu PRC.<\/p>","protected":false},"featured_media":17656,"template":"","meta":{"_acf_changed":false,"inline_featured_image":false},"product_brand":[],"product_cat":[39,94],"product_tag":[],"class_list":{"0":"post-10501","1":"product","2":"type-product","3":"status-publish","4":"has-post-thumbnail","6":"product_cat-alalisvoolu-generaatorid","7":"product_cat-generaatorid","8":"product_shipping_class-poolalus","9":"brand-konner-sohnen","11":"first","12":"instock","13":"taxable","14":"shipping-taxable","15":"purchasable","16":"product-type-simple"},"acf":[],"yoast_head":"<!-- This site is optimized with the Yoast SEO plugin v27.2 - https:\/\/yoast.com\/product\/yoast-seo-wordpress\/ -->\n<title>Alalisvoolugeneraator KS 48V-DC - Genekas24<\/title>\n<meta name=\"robots\" content=\"index, follow, max-snippet:-1, max-image-preview:large, max-video-preview:-1\" \/>\n<link rel=\"canonical\" href=\"https:\/\/genekas24.ee\/fi\/tuote\/alalisvoolu-generaator-ks-48v-dc\/\" \/>\n<meta property=\"og:locale\" content=\"fi_FI\" \/>\n<meta property=\"og:type\" content=\"article\" \/>\n<meta property=\"og:title\" content=\"Alalisvoolugeneraator KS 48V-DC - Genekas24\" \/>\n<meta property=\"og:description\" content=\"Pinge, V   48-54     Max v\u00f5imsus, A   70     Mootori k\u00e4ivitamine Automaatne ja manuaalne\/eleltriline     Mootori t\u00fc\u00fcp  neljataktiline, bensiinimootoriga, \u00f5hkjahutusega     Mootori silindri maht, cm3    223    Mootori v\u00f5imus, hp   16     K\u00fctuse t\u00fc\u00fcp   pliivaba bensiin     K\u00fctusepaagi maht, l 12,5    Karteri maht, l 0,6    Kaitseklass IP23M   M\u00fcratase Lpa (7m)\/Lwa, dB 70\/95    M\u00f5\u00f5dud (L x W x H), mm   510 \u0445 525 \u0445 310      Neto kaal, kg    36,5      Bruto kaal, kg    38      EAN kood    4260405365814     *** K\u00fctusekulu s\u00f5ltub paljudest teguritest:\u00a0 koormus, k\u00fctuse kvaliteet, aastaaeg, k\u00f5rgus merepinnast, generaatori tehniline seisukord.  Kokku pandud HRV-s.\" \/>\n<meta property=\"og:url\" content=\"https:\/\/genekas24.ee\/fi\/tuote\/alalisvoolu-generaator-ks-48v-dc\/\" \/>\n<meta property=\"og:site_name\" content=\"Genekas24\" \/>\n<meta property=\"article:modified_time\" content=\"2026-04-08T16:56:07+00:00\" \/>\n<meta property=\"og:image\" content=\"https:\/\/genekas24.ee\/wp-content\/uploads\/2023\/03\/KS-48V-DC.png\" \/>\n\t<meta property=\"og:image:width\" content=\"600\" \/>\n\t<meta property=\"og:image:height\" content=\"450\" \/>\n\t<meta property=\"og:image:type\" content=\"image\/png\" \/>\n<meta name=\"twitter:card\" content=\"summary_large_image\" \/>\n<meta name=\"twitter:label1\" content=\"Arvioitu lukuaika\" \/>\n\t<meta name=\"twitter:data1\" content=\"3 minuuttia\" \/>\n<script type=\"application\/ld+json\" class=\"yoast-schema-graph\">{\"@context\":\"https:\/\/schema.org\",\"@graph\":[{\"@type\":\"WebPage\",\"@id\":\"https:\/\/genekas24.ee\/toode\/alalisvoolu-generaator-ks-48v-dc\/\",\"url\":\"https:\/\/genekas24.ee\/toode\/alalisvoolu-generaator-ks-48v-dc\/\",\"name\":\"Alalisvoolugeneraator KS 48V-DC - Genekas24\",\"isPartOf\":{\"@id\":\"https:\/\/genekas24.ee\/#website\"},\"primaryImageOfPage\":{\"@id\":\"https:\/\/genekas24.ee\/toode\/alalisvoolu-generaator-ks-48v-dc\/#primaryimage\"},\"image\":{\"@id\":\"https:\/\/genekas24.ee\/toode\/alalisvoolu-generaator-ks-48v-dc\/#primaryimage\"},\"thumbnailUrl\":\"https:\/\/genekas24.ee\/wp-content\/uploads\/2023\/03\/KS-48V-DC.png\",\"datePublished\":\"2023-03-16T14:30:51+00:00\",\"dateModified\":\"2026-04-08T16:56:07+00:00\",\"breadcrumb\":{\"@id\":\"https:\/\/genekas24.ee\/toode\/alalisvoolu-generaator-ks-48v-dc\/#breadcrumb\"},\"inLanguage\":\"fi\",\"potentialAction\":[{\"@type\":\"ReadAction\",\"target\":[\"https:\/\/genekas24.ee\/toode\/alalisvoolu-generaator-ks-48v-dc\/\"]}]},{\"@type\":\"ImageObject\",\"inLanguage\":\"fi\",\"@id\":\"https:\/\/genekas24.ee\/toode\/alalisvoolu-generaator-ks-48v-dc\/#primaryimage\",\"url\":\"https:\/\/genekas24.ee\/wp-content\/uploads\/2023\/03\/KS-48V-DC.png\",\"contentUrl\":\"https:\/\/genekas24.ee\/wp-content\/uploads\/2023\/03\/KS-48V-DC.png\",\"width\":600,\"height\":450},{\"@type\":\"BreadcrumbList\",\"@id\":\"https:\/\/genekas24.ee\/toode\/alalisvoolu-generaator-ks-48v-dc\/#breadcrumb\",\"itemListElement\":[{\"@type\":\"ListItem\",\"position\":1,\"name\":\"Home\",\"item\":\"https:\/\/genekas24.ee\/\"},{\"@type\":\"ListItem\",\"position\":2,\"name\":\"Pood\",\"item\":\"https:\/\/genekas24.ee\/pood\/\"},{\"@type\":\"ListItem\",\"position\":3,\"name\":\"Alalisvoolugeneraator KS 48V-DC\"}]},{\"@type\":\"WebSite\",\"@id\":\"https:\/\/genekas24.ee\/#website\",\"url\":\"https:\/\/genekas24.ee\/\",\"name\":\"Genekas24\",\"description\":\"Generaatorid | K&ouml;nner S&ouml;hnen tooted | Genekas24\",\"publisher\":{\"@id\":\"https:\/\/genekas24.ee\/#organization\"},\"potentialAction\":[{\"@type\":\"SearchAction\",\"target\":{\"@type\":\"EntryPoint\",\"urlTemplate\":\"https:\/\/genekas24.ee\/?s={search_term_string}\"},\"query-input\":{\"@type\":\"PropertyValueSpecification\",\"valueRequired\":true,\"valueName\":\"search_term_string\"}}],\"inLanguage\":\"fi\"},{\"@type\":\"Organization\",\"@id\":\"https:\/\/genekas24.ee\/#organization\",\"name\":\"Genekas24\",\"url\":\"https:\/\/genekas24.ee\/\",\"logo\":{\"@type\":\"ImageObject\",\"inLanguage\":\"fi\",\"@id\":\"https:\/\/genekas24.ee\/#\/schema\/logo\/image\/\",\"url\":\"https:\/\/genekas24.ee\/wp-content\/uploads\/2026\/01\/genekas24-logo_black.svg\",\"contentUrl\":\"https:\/\/genekas24.ee\/wp-content\/uploads\/2026\/01\/genekas24-logo_black.svg\",\"width\":840,\"height\":131,\"caption\":\"Genekas24\"},\"image\":{\"@id\":\"https:\/\/genekas24.ee\/#\/schema\/logo\/image\/\"}}]}<\/script>\n<!-- \/ Yoast SEO plugin. -->","yoast_head_json":{"title":"Alalisvoolugeneraator KS 48V-DC - Genekas24","robots":{"index":"index","follow":"follow","max-snippet":"max-snippet:-1","max-image-preview":"max-image-preview:large","max-video-preview":"max-video-preview:-1"},"canonical":"https:\/\/genekas24.ee\/fi\/tuote\/alalisvoolu-generaator-ks-48v-dc\/","og_locale":"fi_FI","og_type":"article","og_title":"Alalisvoolugeneraator KS 48V-DC - Genekas24","og_description":"Pinge, V   48-54     Max v\u00f5imsus, A   70     Mootori k\u00e4ivitamine Automaatne ja manuaalne\/eleltriline     Mootori t\u00fc\u00fcp  neljataktiline, bensiinimootoriga, \u00f5hkjahutusega     Mootori silindri maht, cm3    223    Mootori v\u00f5imus, hp   16     K\u00fctuse t\u00fc\u00fcp   pliivaba bensiin     K\u00fctusepaagi maht, l 12,5    Karteri maht, l 0,6    Kaitseklass IP23M   M\u00fcratase Lpa (7m)\/Lwa, dB 70\/95    M\u00f5\u00f5dud (L x W x H), mm   510 \u0445 525 \u0445 310      Neto kaal, kg    36,5      Bruto kaal, kg    38      EAN kood    4260405365814     *** K\u00fctusekulu s\u00f5ltub paljudest teguritest:\u00a0 koormus, k\u00fctuse kvaliteet, aastaaeg, k\u00f5rgus merepinnast, generaatori tehniline seisukord.  Kokku pandud HRV-s.","og_url":"https:\/\/genekas24.ee\/fi\/tuote\/alalisvoolu-generaator-ks-48v-dc\/","og_site_name":"Genekas24","article_modified_time":"2026-04-08T16:56:07+00:00","og_image":[{"width":600,"height":450,"url":"https:\/\/genekas24.ee\/wp-content\/uploads\/2023\/03\/KS-48V-DC.png","type":"image\/png"}],"twitter_card":"summary_large_image","twitter_misc":{"Arvioitu lukuaika":"3 minuuttia"},"schema":{"@context":"https:\/\/schema.org","@graph":[{"@type":"WebPage","@id":"https:\/\/genekas24.ee\/toode\/alalisvoolu-generaator-ks-48v-dc\/","url":"https:\/\/genekas24.ee\/toode\/alalisvoolu-generaator-ks-48v-dc\/","name":"Alalisvoolugeneraator KS 48V-DC - Genekas24","isPartOf":{"@id":"https:\/\/genekas24.ee\/#website"},"primaryImageOfPage":{"@id":"https:\/\/genekas24.ee\/toode\/alalisvoolu-generaator-ks-48v-dc\/#primaryimage"},"image":{"@id":"https:\/\/genekas24.ee\/toode\/alalisvoolu-generaator-ks-48v-dc\/#primaryimage"},"thumbnailUrl":"https:\/\/genekas24.ee\/wp-content\/uploads\/2023\/03\/KS-48V-DC.png","datePublished":"2023-03-16T14:30:51+00:00","dateModified":"2026-04-08T16:56:07+00:00","breadcrumb":{"@id":"https:\/\/genekas24.ee\/toode\/alalisvoolu-generaator-ks-48v-dc\/#breadcrumb"},"inLanguage":"fi","potentialAction":[{"@type":"ReadAction","target":["https:\/\/genekas24.ee\/toode\/alalisvoolu-generaator-ks-48v-dc\/"]}]},{"@type":"ImageObject","inLanguage":"fi","@id":"https:\/\/genekas24.ee\/toode\/alalisvoolu-generaator-ks-48v-dc\/#primaryimage","url":"https:\/\/genekas24.ee\/wp-content\/uploads\/2023\/03\/KS-48V-DC.png","contentUrl":"https:\/\/genekas24.ee\/wp-content\/uploads\/2023\/03\/KS-48V-DC.png","width":600,"height":450},{"@type":"BreadcrumbList","@id":"https:\/\/genekas24.ee\/toode\/alalisvoolu-generaator-ks-48v-dc\/#breadcrumb","itemListElement":[{"@type":"ListItem","position":1,"name":"Home","item":"https:\/\/genekas24.ee\/"},{"@type":"ListItem","position":2,"name":"Pood","item":"https:\/\/genekas24.ee\/pood\/"},{"@type":"ListItem","position":3,"name":"Alalisvoolugeneraator KS 48V-DC"}]},{"@type":"WebSite","@id":"https:\/\/genekas24.ee\/#website","url":"https:\/\/genekas24.ee\/","name":"Genekas24","description":"Generaatorid | K&ouml;nner S&ouml;hnen tooted | Genekas24","publisher":{"@id":"https:\/\/genekas24.ee\/#organization"},"potentialAction":[{"@type":"SearchAction","target":{"@type":"EntryPoint","urlTemplate":"https:\/\/genekas24.ee\/?s={search_term_string}"},"query-input":{"@type":"PropertyValueSpecification","valueRequired":true,"valueName":"search_term_string"}}],"inLanguage":"fi"},{"@type":"Organization","@id":"https:\/\/genekas24.ee\/#organization","name":"Genekas24","url":"https:\/\/genekas24.ee\/","logo":{"@type":"ImageObject","inLanguage":"fi","@id":"https:\/\/genekas24.ee\/#\/schema\/logo\/image\/","url":"https:\/\/genekas24.ee\/wp-content\/uploads\/2026\/01\/genekas24-logo_black.svg","contentUrl":"https:\/\/genekas24.ee\/wp-content\/uploads\/2026\/01\/genekas24-logo_black.svg","width":840,"height":131,"caption":"Genekas24"},"image":{"@id":"https:\/\/genekas24.ee\/#\/schema\/logo\/image\/"}}]}},"_links":{"self":[{"href":"https:\/\/genekas24.ee\/fi\/wp-json\/wp\/v2\/product\/10501","targetHints":{"allow":["GET"]}}],"collection":[{"href":"https:\/\/genekas24.ee\/fi\/wp-json\/wp\/v2\/product"}],"about":[{"href":"https:\/\/genekas24.ee\/fi\/wp-json\/wp\/v2\/types\/product"}],"version-history":[{"count":16,"href":"https:\/\/genekas24.ee\/fi\/wp-json\/wp\/v2\/product\/10501\/revisions"}],"predecessor-version":[{"id":23055,"href":"https:\/\/genekas24.ee\/fi\/wp-json\/wp\/v2\/product\/10501\/revisions\/23055"}],"wp:featuredmedia":[{"embeddable":true,"href":"https:\/\/genekas24.ee\/fi\/wp-json\/wp\/v2\/media\/17656"}],"wp:attachment":[{"href":"https:\/\/genekas24.ee\/fi\/wp-json\/wp\/v2\/media?parent=10501"}],"wp:term":[{"taxonomy":"product_brand","embeddable":true,"href":"https:\/\/genekas24.ee\/fi\/wp-json\/wp\/v2\/product_brand?post=10501"},{"taxonomy":"product_cat","embeddable":true,"href":"https:\/\/genekas24.ee\/fi\/wp-json\/wp\/v2\/product_cat?post=10501"},{"taxonomy":"product_tag","embeddable":true,"href":"https:\/\/genekas24.ee\/fi\/wp-json\/wp\/v2\/product_tag?post=10501"}],"curies":[{"name":"wp","href":"https:\/\/api.w.org\/{rel}","templated":true}]}}