{"id":16875,"date":"2024-09-11T11:15:58","date_gmt":"2024-09-11T11:15:58","guid":{"rendered":"https:\/\/genekas24.ee\/?page_id=16875"},"modified":"2024-09-11T11:51:25","modified_gmt":"2024-09-11T11:51:25","slug":"tarbimislaen","status":"publish","type":"page","link":"https:\/\/genekas24.ee\/fi\/tarbimislaen\/","title":{"rendered":"Tarbimislaen"},"content":{"rendered":"<div data-elementor-type=\"wp-page\" data-elementor-id=\"16875\" class=\"elementor elementor-16875\" data-elementor-post-type=\"page\">\n\t\t\t\t<div class=\"elementor-element elementor-element-a7d6c93 e-flex e-con-boxed e-con e-parent\" data-id=\"a7d6c93\" data-element_type=\"container\" data-e-type=\"container\">\n\t\t\t\t\t<div class=\"e-con-inner\">\n\t\t\t\t<div class=\"elementor-element elementor-element-1041bfc elementor-widget elementor-widget-heading\" data-id=\"1041bfc\" data-element_type=\"widget\" data-e-type=\"widget\" data-widget_type=\"heading.default\">\n\t\t\t\t<div class=\"elementor-widget-container\">\n\t\t\t\t\t<h1 class=\"elementor-heading-title elementor-size-default\">Tarbimislaen<\/h1>\t\t\t\t<\/div>\n\t\t\t\t<\/div>\n\t\t\t\t\t<\/div>\n\t\t\t\t<\/div>\n\t\t<div class=\"elementor-element elementor-element-b46052e e-flex e-con-boxed e-con e-parent\" data-id=\"b46052e\" data-element_type=\"container\" data-e-type=\"container\">\n\t\t\t\t\t<div class=\"e-con-inner\">\n\t\t\t\t<div class=\"elementor-element elementor-element-19a63a8 elementor-widget elementor-widget-image\" data-id=\"19a63a8\" data-element_type=\"widget\" data-e-type=\"widget\" data-widget_type=\"image.default\">\n\t\t\t\t<div class=\"elementor-widget-container\">\n\t\t\t\t\t\t\t\t\t\t\t\t\t\t\t<img fetchpriority=\"high\" decoding=\"async\" width=\"1920\" height=\"600\" src=\"https:\/\/genekas24.ee\/wp-content\/uploads\/2024\/09\/123.jpg\" class=\"attachment-full size-full wp-image-16877\" alt=\"\" srcset=\"https:\/\/genekas24.ee\/wp-content\/uploads\/2024\/09\/123.jpg 1920w, https:\/\/genekas24.ee\/wp-content\/uploads\/2024\/09\/123-300x94.jpg 300w, https:\/\/genekas24.ee\/wp-content\/uploads\/2024\/09\/123-1024x320.jpg 1024w, https:\/\/genekas24.ee\/wp-content\/uploads\/2024\/09\/123-768x240.jpg 768w, https:\/\/genekas24.ee\/wp-content\/uploads\/2024\/09\/123-1536x480.jpg 1536w, https:\/\/genekas24.ee\/wp-content\/uploads\/2024\/09\/123-18x6.jpg 18w, https:\/\/genekas24.ee\/wp-content\/uploads\/2024\/09\/123-600x188.jpg 600w\" sizes=\"(max-width: 1920px) 100vw, 1920px\" \/>\t\t\t\t\t\t\t\t\t\t\t\t\t\t\t<\/div>\n\t\t\t\t<\/div>\n\t\t\t\t\t<\/div>\n\t\t\t\t<\/div>\n\t\t<div class=\"elementor-element elementor-element-3d2dcd1 e-flex e-con-boxed e-con e-parent\" data-id=\"3d2dcd1\" data-element_type=\"container\" data-e-type=\"container\">\n\t\t\t\t\t<div class=\"e-con-inner\">\n\t\t\t\t<div class=\"elementor-element elementor-element-9f769a9 elementor-widget elementor-widget-text-editor\" data-id=\"9f769a9\" data-element_type=\"widget\" data-e-type=\"widget\" data-widget_type=\"text-editor.default\">\n\t\t\t\t<div class=\"elementor-widget-container\">\n\t\t\t\t\t\t\t\t\t<p><strong>Vajad lisaraha suuremateks ostudeks? Laena ESTO v\u00e4ikelaenuga kuni 5000\u20ac<\/strong><\/p><p><strong>\u2714\ufe0f<\/strong>Turvaline ja usaldusv\u00e4\u00e4rne<\/p><p>\u2714\ufe0fVastus reaalajas<\/p><p>\u2714\ufe0fFikseeritud tagasimaksegraafik\u00a0 .<\/p><p>ESTO v\u00e4ikelaen aitab katta suuremaid v\u00e4ljaminekuid ning annab v\u00f5imaluse saada lisaraha ootamatuteks kulutusteks.<\/p><ul><li>Laenusumma: 500\u20ac &#8211; 5000\u20ac<\/li><li>Periood: 6 &#8211; 60 kuud<\/li><li>Laenu eesm\u00e4rk: v\u00e4ikesed ja suured kulutused<\/li><li>Eritingimused: 0\u20ac lepingutasu<\/li><\/ul>\t\t\t\t\t\t\t\t<\/div>\n\t\t\t\t<\/div>\n\t\t\t\t\t<\/div>\n\t\t\t\t<\/div>\n\t\t<div class=\"elementor-element elementor-element-74c73f5 e-flex e-con-boxed e-con e-parent\" data-id=\"74c73f5\" data-element_type=\"container\" data-e-type=\"container\">\n\t\t\t\t\t<div class=\"e-con-inner\">\n\t\t\t\t<div class=\"elementor-element elementor-element-d6d6a29 elementor-align-center elementor-widget elementor-widget-button\" data-id=\"d6d6a29\" data-element_type=\"widget\" data-e-type=\"widget\" data-widget_type=\"button.default\">\n\t\t\t\t<div class=\"elementor-widget-container\">\n\t\t\t\t\t\t\t\t\t<div class=\"elementor-button-wrapper\">\n\t\t\t\t\t<a class=\"elementor-button elementor-button-link elementor-size-sm\" href=\"https:\/\/api.esto.ee\/loan\/merchant-small?shop_id=genekas24\">\n\t\t\t\t\t\t<span class=\"elementor-button-content-wrapper\">\n\t\t\t\t\t\t\t\t\t<span class=\"elementor-button-text\">Taotle v\u00e4ikelaenu <\/span>\n\t\t\t\t\t<\/span>\n\t\t\t\t\t<\/a>\n\t\t\t\t<\/div>\n\t\t\t\t\t\t\t\t<\/div>\n\t\t\t\t<\/div>\n\t\t\t\t<div class=\"elementor-element elementor-element-1687396 elementor-widget elementor-widget-text-editor\" data-id=\"1687396\" data-element_type=\"widget\" data-e-type=\"widget\" data-widget_type=\"text-editor.default\">\n\t\t\t\t<div class=\"elementor-widget-container\">\n\t\t\t\t\t\t\t\t\t<p>Sinu laenuotsus on personaalne, s\u00f5ltuvalt sinu valitud laenusummast, lepingu pikkusest ja krediidiv\u00f5imekusest. K\u00f5ik vajalikud tegevused saad ESTO iseteeninduses teha digitaalselt, olgu selleks siis taotlemine, laenugraafiku muutmine v\u00f5i kasv\u00f5i ennet\u00e4htaegne tagasimaksmine.<\/p><p>Tagasimaksegraafiku olemasolul on k\u00f5ik sinu kuumaksed v\u00f5rdsed ja fikseeritud kogu laenuperioodi jooksul. ESTO iseteenindusportaalis saad oma lepinguid ja tagasimakseid h\u00f5lpsalt hallata kohe p\u00e4rast lepingu s\u00f5lmimist.<\/p>\t\t\t\t\t\t\t\t<\/div>\n\t\t\t\t<\/div>\n\t\t\t\t\t<\/div>\n\t\t\t\t<\/div>\n\t\t<div class=\"elementor-element elementor-element-b1afabb e-flex e-con-boxed e-con e-parent\" data-id=\"b1afabb\" data-element_type=\"container\" data-e-type=\"container\">\n\t\t\t\t\t<div class=\"e-con-inner\">\n\t\t\t\t<div class=\"elementor-element elementor-element-391728a img-des elementor-widget elementor-widget-image\" data-id=\"391728a\" data-element_type=\"widget\" data-e-type=\"widget\" data-widget_type=\"image.default\">\n\t\t\t\t<div class=\"elementor-widget-container\">\n\t\t\t\t\t\t\t\t\t\t\t\t\t\t\t<img decoding=\"async\" width=\"1920\" height=\"348\" src=\"https:\/\/genekas24.ee\/wp-content\/uploads\/2024\/09\/2121.png\" class=\"attachment-full size-full wp-image-16878\" alt=\"\" srcset=\"https:\/\/genekas24.ee\/wp-content\/uploads\/2024\/09\/2121.png 1920w, https:\/\/genekas24.ee\/wp-content\/uploads\/2024\/09\/2121-300x54.png 300w, https:\/\/genekas24.ee\/wp-content\/uploads\/2024\/09\/2121-1024x186.png 1024w, https:\/\/genekas24.ee\/wp-content\/uploads\/2024\/09\/2121-768x139.png 768w, https:\/\/genekas24.ee\/wp-content\/uploads\/2024\/09\/2121-1536x278.png 1536w, https:\/\/genekas24.ee\/wp-content\/uploads\/2024\/09\/2121-18x3.png 18w, https:\/\/genekas24.ee\/wp-content\/uploads\/2024\/09\/2121-600x109.png 600w\" sizes=\"(max-width: 1920px) 100vw, 1920px\" \/>\t\t\t\t\t\t\t\t\t\t\t\t\t\t\t<\/div>\n\t\t\t\t<\/div>\n\t\t\t\t<div class=\"elementor-element elementor-element-f85743c img-mob elementor-widget elementor-widget-image\" data-id=\"f85743c\" data-element_type=\"widget\" data-e-type=\"widget\" data-widget_type=\"image.default\">\n\t\t\t\t<div class=\"elementor-widget-container\">\n\t\t\t\t\t\t\t\t\t\t\t\t\t\t\t<img decoding=\"async\" width=\"852\" height=\"1188\" src=\"https:\/\/genekas24.ee\/wp-content\/uploads\/2024\/09\/esto.eu_ee_kliendile_vaikelaen_langet-1-1.png\" class=\"attachment-full size-full wp-image-16893\" alt=\"\" srcset=\"https:\/\/genekas24.ee\/wp-content\/uploads\/2024\/09\/esto.eu_ee_kliendile_vaikelaen_langet-1-1.png 852w, https:\/\/genekas24.ee\/wp-content\/uploads\/2024\/09\/esto.eu_ee_kliendile_vaikelaen_langet-1-1-215x300.png 215w, https:\/\/genekas24.ee\/wp-content\/uploads\/2024\/09\/esto.eu_ee_kliendile_vaikelaen_langet-1-1-734x1024.png 734w, https:\/\/genekas24.ee\/wp-content\/uploads\/2024\/09\/esto.eu_ee_kliendile_vaikelaen_langet-1-1-768x1071.png 768w, https:\/\/genekas24.ee\/wp-content\/uploads\/2024\/09\/esto.eu_ee_kliendile_vaikelaen_langet-1-1-9x12.png 9w, https:\/\/genekas24.ee\/wp-content\/uploads\/2024\/09\/esto.eu_ee_kliendile_vaikelaen_langet-1-1-600x837.png 600w\" sizes=\"(max-width: 852px) 100vw, 852px\" \/>\t\t\t\t\t\t\t\t\t\t\t\t\t\t\t<\/div>\n\t\t\t\t<\/div>\n\t\t\t\t\t<\/div>\n\t\t\t\t<\/div>\n\t\t<div class=\"elementor-element elementor-element-be65274 e-flex e-con-boxed e-con e-parent\" data-id=\"be65274\" data-element_type=\"container\" data-e-type=\"container\">\n\t\t\t\t\t<div class=\"e-con-inner\">\n\t\t\t\t\t<\/div>\n\t\t\t\t<\/div>\n\t\t<div class=\"elementor-element elementor-element-adbd678 e-flex e-con-boxed e-con e-parent\" data-id=\"adbd678\" data-element_type=\"container\" data-e-type=\"container\">\n\t\t\t\t\t<div class=\"e-con-inner\">\n\t\t\t\t<div class=\"elementor-element elementor-element-68befce elementor-align-center elementor-widget elementor-widget-button\" data-id=\"68befce\" data-element_type=\"widget\" data-e-type=\"widget\" data-widget_type=\"button.default\">\n\t\t\t\t<div class=\"elementor-widget-container\">\n\t\t\t\t\t\t\t\t\t<div class=\"elementor-button-wrapper\">\n\t\t\t\t\t<a class=\"elementor-button elementor-button-link elementor-size-sm\" href=\"https:\/\/api.esto.ee\/loan\/merchant-small?shop_id=genekas24\">\n\t\t\t\t\t\t<span class=\"elementor-button-content-wrapper\">\n\t\t\t\t\t\t\t\t\t<span class=\"elementor-button-text\">Taotle v\u00e4ikelaenu <\/span>\n\t\t\t\t\t<\/span>\n\t\t\t\t\t<\/a>\n\t\t\t\t<\/div>\n\t\t\t\t\t\t\t\t<\/div>\n\t\t\t\t<\/div>\n\t\t\t\t\t<\/div>\n\t\t\t\t<\/div>\n\t\t<div class=\"elementor-element elementor-element-0c2d21b e-flex e-con-boxed e-con e-parent\" data-id=\"0c2d21b\" data-element_type=\"container\" data-e-type=\"container\">\n\t\t\t\t\t<div class=\"e-con-inner\">\n\t\t\t\t<div class=\"elementor-element elementor-element-cead5e7 elementor-widget elementor-widget-text-editor\" data-id=\"cead5e7\" data-element_type=\"widget\" data-e-type=\"widget\" data-widget_type=\"text-editor.default\">\n\t\t\t\t<div class=\"elementor-widget-container\">\n\t\t\t\t\t\t\t\t\t<p><span style=\"font-size: 10pt;\"><em>ESTO AS v\u00e4ikelaenu krediidi kulukuse m\u00e4\u00e4r on 49.37% aastas j\u00e4rgmistel n\u00e4idistingimustel: krediidisumma 500 EUR, fikseeritud intressim\u00e4\u00e4r aastas 15.20%, lepingutasu 0 EUR, igakuine haldustasu 3.90 EUR, krediidi kogusumma ja tagasimaksete summa 874.52 EUR eeldusel, et krediit tagastatakse 36 kuu jooksul igakuiste v\u00f5rdsete osamaksetena suuruses 24.29 EUR. Tutvu enne lepingu s\u00f5lmimist tingimustega ja vajadusel konsulteeri spetsialistiga. V\u00e4ikelaenu pakub ja haldab ESTO AS.<\/em><\/span><\/p><p><strong>MIS ON ESTO?<br \/><\/strong>ESTO on eelistatuim makselahenduste pakkuja Baltikumis, muutes kaupmeeste m\u00fc\u00fcgi- ja tarbijate ostukogemuse revolutsiooniliselt lihtsaks ning sujuvaks. ESTO&#8217;l on \u00fcle Baltikumi pea 500 000 aktiivset klienti ning \u00fcle 3000 partnerpoe. ESTO missioon on aidata partneritel m\u00fc\u00fca ja klientidel osta.<\/p><p>Kui vajad abi, v\u00f5ta \u00fchendust ESTO AS t\u00f6\u00f6tajaga info@esto.ee v\u00f5i k\u00fclasta <a href=\"https:\/\/esto.eu\/ee\/kliendile-klienditugi\">https:\/\/esto.eu\/ee\/kliendile-klienditugi<\/a>.<\/p>\t\t\t\t\t\t\t\t<\/div>\n\t\t\t\t<\/div>\n\t\t\t\t\t<\/div>\n\t\t\t\t<\/div>\n\t\t\t\t<\/div>","protected":false},"excerpt":{"rendered":"<p>Tarbimislaen Vajad lisaraha suuremateks ostudeks? Laena ESTO v\u00e4ikelaenuga kuni 5000\u20ac \u2714\ufe0fTurvaline ja usaldusv\u00e4\u00e4rne \u2714\ufe0fVastus reaalajas \u2714\ufe0fFikseeritud tagasimaksegraafik\u00a0 . ESTO v\u00e4ikelaen aitab katta suuremaid v\u00e4ljaminekuid ning annab v\u00f5imaluse saada lisaraha ootamatuteks kulutusteks. Laenusumma: 500\u20ac &#8211; 5000\u20ac Periood: 6 &#8211; 60 kuud Laenu eesm\u00e4rk: v\u00e4ikesed ja suured kulutused Eritingimused: 0\u20ac lepingutasu Taotle v\u00e4ikelaenu Sinu laenuotsus on personaalne, [&hellip;]<\/p>\n","protected":false},"author":1,"featured_media":0,"parent":0,"menu_order":0,"comment_status":"closed","ping_status":"closed","template":"","meta":{"_acf_changed":false,"inline_featured_image":false,"footnotes":""},"class_list":["post-16875","page","type-page","status-publish","hentry"],"acf":[],"yoast_head":"<!-- This site is optimized with the Yoast SEO plugin v27.2 - https:\/\/yoast.com\/product\/yoast-seo-wordpress\/ -->\n<title>Tarbimislaen - Genekas24<\/title>\n<meta name=\"robots\" content=\"index, follow, max-snippet:-1, max-image-preview:large, max-video-preview:-1\" \/>\n<link rel=\"canonical\" href=\"https:\/\/genekas24.ee\/fi\/tarbimislaen\/\" \/>\n<meta property=\"og:locale\" content=\"fi_FI\" \/>\n<meta property=\"og:type\" content=\"article\" \/>\n<meta property=\"og:title\" content=\"Tarbimislaen - Genekas24\" \/>\n<meta property=\"og:description\" content=\"Tarbimislaen Vajad lisaraha suuremateks ostudeks? Laena ESTO v\u00e4ikelaenuga kuni 5000\u20ac \u2714\ufe0fTurvaline ja usaldusv\u00e4\u00e4rne \u2714\ufe0fVastus reaalajas \u2714\ufe0fFikseeritud tagasimaksegraafik\u00a0 . ESTO v\u00e4ikelaen aitab katta suuremaid v\u00e4ljaminekuid ning annab v\u00f5imaluse saada lisaraha ootamatuteks kulutusteks. Laenusumma: 500\u20ac &#8211; 5000\u20ac Periood: 6 &#8211; 60 kuud Laenu eesm\u00e4rk: v\u00e4ikesed ja suured kulutused Eritingimused: 0\u20ac lepingutasu Taotle v\u00e4ikelaenu Sinu laenuotsus on personaalne, [&hellip;]\" \/>\n<meta property=\"og:url\" content=\"https:\/\/genekas24.ee\/fi\/tarbimislaen\/\" \/>\n<meta property=\"og:site_name\" content=\"Genekas24\" \/>\n<meta property=\"article:modified_time\" content=\"2024-09-11T11:51:25+00:00\" \/>\n<meta property=\"og:image\" content=\"https:\/\/genekas24.ee\/wp-content\/uploads\/2024\/09\/123.jpg\" \/>\n<meta name=\"twitter:card\" content=\"summary_large_image\" \/>\n<meta name=\"twitter:label1\" content=\"Arvioitu lukuaika\" \/>\n\t<meta name=\"twitter:data1\" content=\"2 minuuttia\" \/>\n<script type=\"application\/ld+json\" class=\"yoast-schema-graph\">{\"@context\":\"https:\/\/schema.org\",\"@graph\":[{\"@type\":\"WebPage\",\"@id\":\"https:\/\/genekas24.ee\/tarbimislaen\/\",\"url\":\"https:\/\/genekas24.ee\/tarbimislaen\/\",\"name\":\"Tarbimislaen - Genekas24\",\"isPartOf\":{\"@id\":\"https:\/\/genekas24.ee\/#website\"},\"primaryImageOfPage\":{\"@id\":\"https:\/\/genekas24.ee\/tarbimislaen\/#primaryimage\"},\"image\":{\"@id\":\"https:\/\/genekas24.ee\/tarbimislaen\/#primaryimage\"},\"thumbnailUrl\":\"https:\/\/genekas24.ee\/wp-content\/uploads\/2024\/09\/123.jpg\",\"datePublished\":\"2024-09-11T11:15:58+00:00\",\"dateModified\":\"2024-09-11T11:51:25+00:00\",\"breadcrumb\":{\"@id\":\"https:\/\/genekas24.ee\/tarbimislaen\/#breadcrumb\"},\"inLanguage\":\"fi\",\"potentialAction\":[{\"@type\":\"ReadAction\",\"target\":[\"https:\/\/genekas24.ee\/tarbimislaen\/\"]}]},{\"@type\":\"ImageObject\",\"inLanguage\":\"fi\",\"@id\":\"https:\/\/genekas24.ee\/tarbimislaen\/#primaryimage\",\"url\":\"https:\/\/genekas24.ee\/wp-content\/uploads\/2024\/09\/123.jpg\",\"contentUrl\":\"https:\/\/genekas24.ee\/wp-content\/uploads\/2024\/09\/123.jpg\"},{\"@type\":\"BreadcrumbList\",\"@id\":\"https:\/\/genekas24.ee\/tarbimislaen\/#breadcrumb\",\"itemListElement\":[{\"@type\":\"ListItem\",\"position\":1,\"name\":\"Home\",\"item\":\"https:\/\/genekas24.ee\/\"},{\"@type\":\"ListItem\",\"position\":2,\"name\":\"Tarbimislaen\"}]},{\"@type\":\"WebSite\",\"@id\":\"https:\/\/genekas24.ee\/#website\",\"url\":\"https:\/\/genekas24.ee\/\",\"name\":\"Genekas24\",\"description\":\"Generaatorid | K&ouml;nner S&ouml;hnen tooted | Genekas24\",\"publisher\":{\"@id\":\"https:\/\/genekas24.ee\/#organization\"},\"potentialAction\":[{\"@type\":\"SearchAction\",\"target\":{\"@type\":\"EntryPoint\",\"urlTemplate\":\"https:\/\/genekas24.ee\/?s={search_term_string}\"},\"query-input\":{\"@type\":\"PropertyValueSpecification\",\"valueRequired\":true,\"valueName\":\"search_term_string\"}}],\"inLanguage\":\"fi\"},{\"@type\":\"Organization\",\"@id\":\"https:\/\/genekas24.ee\/#organization\",\"name\":\"Genekas24\",\"url\":\"https:\/\/genekas24.ee\/\",\"logo\":{\"@type\":\"ImageObject\",\"inLanguage\":\"fi\",\"@id\":\"https:\/\/genekas24.ee\/#\/schema\/logo\/image\/\",\"url\":\"https:\/\/genekas24.ee\/wp-content\/uploads\/2026\/01\/genekas24-logo_black.svg\",\"contentUrl\":\"https:\/\/genekas24.ee\/wp-content\/uploads\/2026\/01\/genekas24-logo_black.svg\",\"width\":840,\"height\":131,\"caption\":\"Genekas24\"},\"image\":{\"@id\":\"https:\/\/genekas24.ee\/#\/schema\/logo\/image\/\"}}]}<\/script>\n<!-- \/ Yoast SEO plugin. -->","yoast_head_json":{"title":"Tarbimislaen - Genekas24","robots":{"index":"index","follow":"follow","max-snippet":"max-snippet:-1","max-image-preview":"max-image-preview:large","max-video-preview":"max-video-preview:-1"},"canonical":"https:\/\/genekas24.ee\/fi\/tarbimislaen\/","og_locale":"fi_FI","og_type":"article","og_title":"Tarbimislaen - Genekas24","og_description":"Tarbimislaen Vajad lisaraha suuremateks ostudeks? Laena ESTO v\u00e4ikelaenuga kuni 5000\u20ac \u2714\ufe0fTurvaline ja usaldusv\u00e4\u00e4rne \u2714\ufe0fVastus reaalajas \u2714\ufe0fFikseeritud tagasimaksegraafik\u00a0 . ESTO v\u00e4ikelaen aitab katta suuremaid v\u00e4ljaminekuid ning annab v\u00f5imaluse saada lisaraha ootamatuteks kulutusteks. Laenusumma: 500\u20ac &#8211; 5000\u20ac Periood: 6 &#8211; 60 kuud Laenu eesm\u00e4rk: v\u00e4ikesed ja suured kulutused Eritingimused: 0\u20ac lepingutasu Taotle v\u00e4ikelaenu Sinu laenuotsus on personaalne, [&hellip;]","og_url":"https:\/\/genekas24.ee\/fi\/tarbimislaen\/","og_site_name":"Genekas24","article_modified_time":"2024-09-11T11:51:25+00:00","og_image":[{"url":"https:\/\/genekas24.ee\/wp-content\/uploads\/2024\/09\/123.jpg","type":"","width":"","height":""}],"twitter_card":"summary_large_image","twitter_misc":{"Arvioitu lukuaika":"2 minuuttia"},"schema":{"@context":"https:\/\/schema.org","@graph":[{"@type":"WebPage","@id":"https:\/\/genekas24.ee\/tarbimislaen\/","url":"https:\/\/genekas24.ee\/tarbimislaen\/","name":"Tarbimislaen - Genekas24","isPartOf":{"@id":"https:\/\/genekas24.ee\/#website"},"primaryImageOfPage":{"@id":"https:\/\/genekas24.ee\/tarbimislaen\/#primaryimage"},"image":{"@id":"https:\/\/genekas24.ee\/tarbimislaen\/#primaryimage"},"thumbnailUrl":"https:\/\/genekas24.ee\/wp-content\/uploads\/2024\/09\/123.jpg","datePublished":"2024-09-11T11:15:58+00:00","dateModified":"2024-09-11T11:51:25+00:00","breadcrumb":{"@id":"https:\/\/genekas24.ee\/tarbimislaen\/#breadcrumb"},"inLanguage":"fi","potentialAction":[{"@type":"ReadAction","target":["https:\/\/genekas24.ee\/tarbimislaen\/"]}]},{"@type":"ImageObject","inLanguage":"fi","@id":"https:\/\/genekas24.ee\/tarbimislaen\/#primaryimage","url":"https:\/\/genekas24.ee\/wp-content\/uploads\/2024\/09\/123.jpg","contentUrl":"https:\/\/genekas24.ee\/wp-content\/uploads\/2024\/09\/123.jpg"},{"@type":"BreadcrumbList","@id":"https:\/\/genekas24.ee\/tarbimislaen\/#breadcrumb","itemListElement":[{"@type":"ListItem","position":1,"name":"Home","item":"https:\/\/genekas24.ee\/"},{"@type":"ListItem","position":2,"name":"Tarbimislaen"}]},{"@type":"WebSite","@id":"https:\/\/genekas24.ee\/#website","url":"https:\/\/genekas24.ee\/","name":"Genekas24","description":"Generaatorid | K&ouml;nner S&ouml;hnen tooted | Genekas24","publisher":{"@id":"https:\/\/genekas24.ee\/#organization"},"potentialAction":[{"@type":"SearchAction","target":{"@type":"EntryPoint","urlTemplate":"https:\/\/genekas24.ee\/?s={search_term_string}"},"query-input":{"@type":"PropertyValueSpecification","valueRequired":true,"valueName":"search_term_string"}}],"inLanguage":"fi"},{"@type":"Organization","@id":"https:\/\/genekas24.ee\/#organization","name":"Genekas24","url":"https:\/\/genekas24.ee\/","logo":{"@type":"ImageObject","inLanguage":"fi","@id":"https:\/\/genekas24.ee\/#\/schema\/logo\/image\/","url":"https:\/\/genekas24.ee\/wp-content\/uploads\/2026\/01\/genekas24-logo_black.svg","contentUrl":"https:\/\/genekas24.ee\/wp-content\/uploads\/2026\/01\/genekas24-logo_black.svg","width":840,"height":131,"caption":"Genekas24"},"image":{"@id":"https:\/\/genekas24.ee\/#\/schema\/logo\/image\/"}}]}},"_links":{"self":[{"href":"https:\/\/genekas24.ee\/fi\/wp-json\/wp\/v2\/pages\/16875","targetHints":{"allow":["GET"]}}],"collection":[{"href":"https:\/\/genekas24.ee\/fi\/wp-json\/wp\/v2\/pages"}],"about":[{"href":"https:\/\/genekas24.ee\/fi\/wp-json\/wp\/v2\/types\/page"}],"author":[{"embeddable":true,"href":"https:\/\/genekas24.ee\/fi\/wp-json\/wp\/v2\/users\/1"}],"replies":[{"embeddable":true,"href":"https:\/\/genekas24.ee\/fi\/wp-json\/wp\/v2\/comments?post=16875"}],"version-history":[{"count":28,"href":"https:\/\/genekas24.ee\/fi\/wp-json\/wp\/v2\/pages\/16875\/revisions"}],"predecessor-version":[{"id":16908,"href":"https:\/\/genekas24.ee\/fi\/wp-json\/wp\/v2\/pages\/16875\/revisions\/16908"}],"wp:attachment":[{"href":"https:\/\/genekas24.ee\/fi\/wp-json\/wp\/v2\/media?parent=16875"}],"curies":[{"name":"wp","href":"https:\/\/api.w.org\/{rel}","templated":true}]}}