{"id":7174,"date":"2022-10-26T20:35:30","date_gmt":"2022-10-26T20:35:30","guid":{"rendered":"https:\/\/genekas24.ee\/?post_type=product&#038;p=7174"},"modified":"2026-04-08T17:36:43","modified_gmt":"2026-04-08T17:36:43","slug":"uhefaasiline-diisel-joujaam-ks-18-1de-g","status":"publish","type":"product","link":"https:\/\/genekas24.ee\/en\/product\/single-phase-diesel-power-station-ks-18-1de-g\/","title":{"rendered":"Single-phase diesel power station KS 18-1DE-G"},"content":{"rendered":"<p class=\"translation-block\">The KS 18-1DE-G single-phase diesel power station of the HEAVY DUTY series of the German brand \u201cK\u00f6nner &amp; S\u00f6hnen\u201d is a reliable generator set with a maximum capacity of 17.6 kVA.<\/p>\n<p>The power station features a low-speed liquid-cooled Deutz four-cylinder engine. German company Deutz has a 150-year history of making diesel engines (including those for automotive and agricultural machinery), incorporating cutting-edge technologies and materials, high quality, reliability, failure-free performance and durability. Deutz engines demonstrate excellent performance in the most adverse conditions and can withstand maximum loads without compromising the service life. In addition, the KS 18-1DE-G diesel generator is equipped with a four-pole brushless AC alternator with an automatic voltage regulator, a preheater for use in the cold season, a 55 l fuel tank offering a 17-hour autonomous operation without refueling (fuel consumption is 3.3 liters per hour at an average 50% load), with possibility to connect an automatic start\/stop system, and an all-weather anti-vandal soundproof housing with anti-corrosion coating.<\/p>\n<p>With the company\u2019s in-house developments and conformity to K\u00f6nner &amp; S\u00f6hnen requirements, all power stations have a margin of power against the declared specifications.<\/p>\n<p class=\"translation-block\">The powerful diesel generator KS 18-1DE-G is a professional unit developed using advanced technologies, while an easy-to-use device that can provide power for single-phase consumers. To ensure universality of use, the diesel generator is equipped with protected power sockets and power terminals for external connection of consumers.<\/p>\n<p>K\u00f6nner &amp; S\u00f6hnen diesel generators accommodate all your needs for both emergency and standby power supply to ensure sustainable power supply to residential buildings and small commercial facilities.<\/p>\n<table>\n<tbody>\n<tr class=\"even\">\n<td><a href=\"https:\/\/ks-power.de\/wp-content\/uploads\/2015\/02\/Dlya-tmKS1.png\" data-fancybox-group=\"gallery\"><span style=\"color: #333333;\"><span style=\"color: #333333;\"><span style=\"color: #333333;\"><span style=\"color: #333333;\"><img fetchpriority=\"high\" decoding=\"async\" src=\"https:\/\/genekas24.ee\/wp-content\/uploads\/2022\/10\/macro-diesel-motor-KS_33-3DE-G_01-300x274.jpg\" alt=\"\" width=\"300\" height=\"300\" \/><\/span><\/span><\/span><\/span><\/a><\/td>\n<td>\n<p class=\"h3\"><strong>LOW-SPEED RELIABLE DEUTZ ENGINE<\/strong><\/p>\n<p>The modern low-speed Deutz 1500 rpm engine provides optimal performance, has an increased service life for long-term use, as well as economical fuel consumption, making the German brand power stations one of the most cost-effective units.The electronic engine speed control system is a computer-assisted automatic engine speed controller that quickly responds to load changes, improves the quality of the electric power produced by the power station and guarantees the most stable frequency of 50 Hz.<\/td>\n<\/tr>\n<tr class=\"odd\">\n<td><a href=\"https:\/\/ks-power.de\/wp-content\/uploads\/2015\/02\/ks-germany1.png\" data-fancybox-group=\"gallery\"><span style=\"color: #333333;\"><span style=\"color: #333333;\"><span style=\"color: #333333;\"><span style=\"color: #333333;\"><img decoding=\"async\" src=\"https:\/\/genekas24.ee\/wp-content\/uploads\/2022\/10\/macro-diesel-water-02-300x300.jpg\" alt=\"\" width=\"300\" height=\"300\" \/><\/span><\/span><\/span><\/span><\/a><\/td>\n<td>\n<p class=\"h3\"><strong>WATER COOLING<\/strong><\/p>\n<p>The water-cooled engine system ensures reliable operation of the unit and prevents premature engine failure. The efficient cooling of the engine allows this generator set to be exposed to high ambient temperatures.<\/td>\n<\/tr>\n<tr class=\"even\">\n<td><a href=\"https:\/\/ks-power.de\/wp-content\/uploads\/2018\/04\/avr_built-in.png\" data-fancybox-group=\"gallery\"><span style=\"color: #333333;\"><span style=\"color: #333333;\"><span style=\"color: #333333;\"><span style=\"color: #333333;\"><img decoding=\"async\" src=\"https:\/\/genekas24.ee\/wp-content\/uploads\/2022\/06\/preheater-300x297.png\" alt=\"\" width=\"300\" height=\"300\" \/><\/span><\/span><\/span><\/span><\/a><\/td>\n<td>\n<p class=\"h3\"><strong>PREHEATER<\/strong><\/p>\n<p>The engine preheater facilitates the start-up of the power station with no load on the engine, even in sub-zero temperatures during the cold season. The system automatically pre-heats the engine\u2019s water jacket to the required temperature and maintains the engine temperature to facilitate the engine start-up in any weather.<\/td>\n<\/tr>\n<tr class=\"odd\">\n<td><a href=\"https:\/\/ks-power.de\/wp-content\/uploads\/2018\/04\/led-ks7000e-ats.png\" data-fancybox-group=\"gallery\"><span style=\"color: #333333;\"><span style=\"color: #333333;\"><span style=\"color: #333333;\"><span style=\"color: #333333;\"><img loading=\"lazy\" decoding=\"async\" src=\"https:\/\/genekas24.ee\/wp-content\/uploads\/2022\/10\/macro-diesel-controler-04-300x300.jpg\" alt=\"\" width=\"300\" height=\"300\" \/><\/span><\/span><\/span><\/span><\/a><\/td>\n<td>\n<p class=\"h3\"><strong>DIGITAL CONTROLLER<\/strong><\/p>\n<p>All operations are controlled via a modern multifunctional digital controller. The controller provides monitoring of all operating indicators of the power station, convenient start-up and operation settings, monitoring of the battery status, engine speed and fuel supply adjusted to the load, and protection against overheating and low oil level. It also signals possible faults and reports the need for service maintenance.<\/td>\n<\/tr>\n<tr class=\"even\">\n<td><a href=\"https:\/\/ks-power.de\/wp-content\/uploads\/2018\/04\/panel-230-400.png\" data-fancybox-group=\"gallery\"><span style=\"color: #333333;\"><span style=\"color: #333333;\"><span style=\"color: #333333;\"><span style=\"color: #333333;\"><img loading=\"lazy\" decoding=\"async\" src=\"https:\/\/genekas24.ee\/wp-content\/uploads\/2022\/10\/macro-diesel-korpus-05-276x300.jpg\" alt=\"\" width=\"300\" height=\"300\" \/><\/span><\/span><\/span><\/span><\/a><\/td>\n<td>\n<p class=\"h3\"><strong>SOUNDPROOF ANTI-VANDAL ENCLOSURE<\/strong><\/p>\n<p>The high-quality soundproof housing provides significant noise reduction during unit operation, improves the thermal distribution and protects the power station against ingress of moisture and condensation, exposure to adverse weather conditions and tampering. Anti-corrosion powder coating ensures a long service life of the unit.<\/p>\n<p>In addition, the low-noise low-speed engines mounted on anti-vibration pads contribute to quieter operation and reduce the load on the base.<\/p>\n<p>The power station has an emergency stop button for quick engine shutdown in an emergency.<\/td>\n<\/tr>\n<tr class=\"odd\">\n<td><a href=\"https:\/\/ks-power.de\/wp-content\/uploads\/2018\/04\/alternator.jpg\" data-fancybox-group=\"gallery\"><span style=\"color: #333333;\"><span style=\"color: #333333;\"><span style=\"color: #333333;\"><span style=\"color: #333333;\"><img loading=\"lazy\" decoding=\"async\" src=\"https:\/\/genekas24.ee\/wp-content\/uploads\/2022\/10\/macro-diesel-korpus-YE-06-300x281.jpg\" alt=\"\" width=\"300\" height=\"300\" \/><\/span><\/span><\/span><\/span><\/a><\/td>\n<td>\n<p class=\"h3\"><strong>EASY MAINTENANCE<\/strong><\/p>\n<p>The housing has openings for transportation aids, facilitating shipment, transportation, and installation of the unit.  Wide doors allow easy access to unit parts during maintenance.<\/td>\n<\/tr>\n<tr class=\"even\">\n<td><a href=\"https:\/\/ks-power.de\/wp-content\/uploads\/2018\/04\/commutation-contactors.png\" data-fancybox-group=\"gallery\"><span style=\"color: #333333;\"><span style=\"color: #333333;\"><span style=\"color: #333333;\"><span style=\"color: #333333;\"><img loading=\"lazy\" decoding=\"async\" src=\"https:\/\/genekas24.ee\/wp-content\/uploads\/2022\/10\/macro-diesel-pusk-07-300x300.jpg\" alt=\"\" width=\"300\" height=\"300\" \/><\/span><\/span><\/span><\/span><\/a><\/td>\n<td>\n<p class=\"h3\"><strong>COMMISSIONING IN EUROPE<\/strong><\/p>\n<div class=\"product-feature row\">\n<div class=\"feature-content col-xs-12 col-sm-8 col-md-9\">\n<div class=\"feature-description\">\n<p>K\u00f6nner &amp; S\u00f6hnen diesel power stations undergo pre-commissioning preparation and test start-up with control of compliance with all parameters of correct operation in Europe at our in-house service center. A special loading bench is used to check the power output of the power station in different operating conditions and to fine-tune the electronics control unit.<\/p>\n<\/div>\n<\/div>\n<\/div>\n<\/td>\n<\/tr>\n<tr class=\"odd\">\n<td><a href=\"https:\/\/ks-power.de\/wp-content\/uploads\/2018\/04\/manual-start.jpg\" data-fancybox-group=\"gallery\"><span style=\"color: #333333;\"><span style=\"color: #333333;\"><span style=\"color: #333333;\"><span style=\"color: #333333;\"><img loading=\"lazy\" decoding=\"async\" src=\"https:\/\/genekas24.ee\/wp-content\/uploads\/2022\/10\/macro-diesel-KS-18-1DE-G-08-300x300.jpg\" alt=\"\" width=\"300\" height=\"300\" \/><\/span><\/span><\/span><\/span><\/a><\/td>\n<td>\n<p class=\"h3\"><strong>SUMMARY<\/strong><\/p>\n<p class=\"translation-block\">The K\u00f6nner &amp; S\u00f6hnen KS 18-1DE-G diesel power station is a professional unit based on the reliable Deutz engine with the best performance indicators. Reinforced parts and mechanisms, strengthened fasteners and joints reduce wear and tear and ensure long and reliable operation of the generator set.<\/p>\n<p>Meticulously monitoring every stage of K\u00f6nner &amp; S\u00f6hnen production, we have created a series of high-quality and reliable HEAVY DUTY Silent Diesel Generators that will serve our customers for many years to come.<\/p>\n<p>All K\u00f6nner &amp; S\u00f6hnen power stations undergo rigorous testing and guarantee high performance and maximum productivity.<\/td>\n<\/tr>\n<\/tbody>\n<\/table>\n<p><em><span style=\"font-size: 14px;\">***Fuel consumption depends on many factors: load, fuel quality, season, altitude and generator technical condition.<\/span><\/em><\/p>","protected":false},"excerpt":{"rendered":"<table>\n<tbody>\n<tr class=\"even\">\n<td width=\"60%\">Voltage<\/td>\n<td>230<\/td>\n<\/tr>\n<tr class=\"odd\">\n<td>\n<div class=\"col-xs-6\">Maximum v\u00f5imsus 230 V, kVA<\/div>\n<\/td>\n<td>\n<div class=\"attribute row\">\n<div class=\"col-xs-6\">17.6<\/div>\n<\/div>\n<\/td>\n<\/tr>\n<tr class=\"even\">\n<td>\n<div class=\"col-xs-6\">Rated power 230 V, kVA<\/div>\n<\/td>\n<td>16<\/td>\n<\/tr>\n<tr class=\"odd\">\n<td>\n<div class=\"col-xs-6\">Current (max), \u0410<\/div>\n<\/td>\n<td>\n<div class=\"attribute row\">\n<div class=\"col-xs-6\">76.52<\/div>\n<\/div>\n<\/td>\n<\/tr>\n<tr class=\"even\">\n<td>Outlets<\/td>\n<td>\n<div class=\"attribute row\">\n<div class=\"col-xs-6\">1 x CEE 230 V 32 A<br \/>\n2 x Schuko 230 V<\/div>\n<\/div>\n<\/td>\n<\/tr>\n<tr class=\"odd\">\n<td>\n<div class=\"col-xs-6\">Avg. working time (power 50%), h***<\/div>\n<\/td>\n<td>17<\/td>\n<\/tr>\n<tr class=\"even\">\n<td>\n<div class=\"col-xs-6\">Fuel consumption***, l\/h<\/div>\n<\/td>\n<td>\n<div class=\"attribute row\">\n<div class=\"col-xs-6\">3.3 (at 50% load)<\/div>\n<\/div>\n<\/td>\n<\/tr>\n<tr class=\"odd\">\n<td>\n<div class=\"col-xs-6\">Housing type<\/div>\n<\/td>\n<td>\n<div class=\"attribute row\">\n<div class=\"col-xs-6\">soundproof, moisture-proof, all-weather, anti-vandal, anti-corrosion galvanic coating<\/div>\n<\/div>\n<\/td>\n<\/tr>\n<tr class=\"even\">\n<td>\n<div class=\"col-xs-6\">Noise level Lpa (7m)\/Lwa, dB<\/div>\n<\/td>\n<td>\n<div class=\"attribute row\">\n<div class=\"col-xs-6\">72\/97<\/div>\n<\/div>\n<\/td>\n<\/tr>\n<tr class=\"odd\">\n<td>\n<div class=\"col-xs-6\">Control unit<\/div>\n<\/td>\n<td>\n<div class=\"attribute row\">\n<div class=\"col-xs-6\">multifunctional digital controller<\/div>\n<\/div>\n<\/td>\n<\/tr>\n<tr class=\"even\">\n<td>\n<div class=\"col-xs-6\">Controller model<\/div>\n<\/td>\n<td>\n<div class=\"attribute row\">\n<div class=\"col-xs-6\">Datakom D300 2g<\/div>\n<\/div>\n<\/td>\n<\/tr>\n<tr class=\"odd\">\n<td>\n<div class=\"col-xs-6\">Alternator type<\/div>\n<\/td>\n<td>\n<div class=\"attribute row\">\n<div class=\"col-xs-6\">Stamford type, synchronous, excitation system, AC brushless, four-pole<\/div>\n<\/div>\n<\/td>\n<\/tr>\n<tr class=\"even\">\n<td>\n<div class=\"col-xs-6\">Engine type<\/div>\n<\/td>\n<td>\n<div class=\"attribute row\">\n<div class=\"col-xs-6\">Water-cooled four-cylinder four-stroke diesel engine<\/div>\n<\/div>\n<\/td>\n<\/tr>\n<tr class=\"odd\">\n<td>\n<div class=\"col-xs-6\">Engine brand<\/div>\n<\/td>\n<td>Deutz<\/td>\n<\/tr>\n<tr class=\"even\">\n<td>\n<div class=\"col-xs-6\">Engine model<\/div>\n<\/td>\n<td>\n<div class=\"attribute row\">\n<div class=\"col-xs-6\">BFM3 G1<\/div>\n<\/div>\n<\/td>\n<\/tr>\n<tr class=\"odd\">\n<td>\n<div class=\"col-xs-6\">Engine speed, U\/min<\/div>\n<\/td>\n<td>1500<\/td>\n<\/tr>\n<tr class=\"even\">\n<td>\n<div class=\"col-xs-6\">Cooling type<\/div>\n<\/td>\n<td>liquid<\/td>\n<\/tr>\n<tr class=\"odd\">\n<td>\n<div class=\"col-xs-6\">Engine speed control<\/div>\n<\/td>\n<td>electronic<\/td>\n<\/tr>\n<tr class=\"even\">\n<td>\n<div class=\"col-xs-6\">Preheater<\/div>\n<\/td>\n<td>+<\/td>\n<\/tr>\n<tr class=\"odd\">\n<td>\n<div class=\"col-xs-6\">Fuel tank volume, l<\/div>\n<\/td>\n<td>55<\/td>\n<\/tr>\n<tr class=\"even\">\n<td>\n<div class=\"col-xs-6\">Crank case volume, L<\/div>\n<\/td>\n<td>\n<div class=\"attribute row\">\n<div class=\"col-xs-6\">7.5<\/div>\n<\/div>\n<\/td>\n<\/tr>\n<tr class=\"odd\">\n<td>\n<div class=\"col-xs-6\">Coolant volume, l<\/div>\n<\/td>\n<td>\n<div class=\"attribute row\">\n<div class=\"col-xs-6\">15.8<\/div>\n<\/div>\n<\/td>\n<\/tr>\n<tr class=\"even\">\n<td>\n<div class=\"col-xs-6\">Engine cylinder volume, cm3<\/div>\n<\/td>\n<td>3170<\/td>\n<\/tr>\n<tr class=\"odd\">\n<td>\n<div class=\"col-xs-6\">Power output controller<\/div>\n<\/td>\n<td>\n<div class=\"attribute row\">\n<div class=\"col-xs-6\">electronic voltage regulator, smart AVR<\/div>\n<\/div>\n<\/td>\n<\/tr>\n<tr class=\"even\">\n<td>\n<div class=\"col-xs-6\">Engine start<\/div>\n<\/td>\n<td>\n<div class=\"attribute row\">\n<div class=\"col-xs-6\">Automatic and Manual\/External<\/div>\n<\/div>\n<\/td>\n<\/tr>\n<tr class=\"odd\">\n<td>\n<div class=\"col-xs-6\">Accumulator, A\u00b7h<\/div>\n<\/td>\n<td>85<\/td>\n<\/tr>\n<tr class=\"even\">\n<td>\n<div class=\"col-xs-6\">Battery charger<\/div>\n<\/td>\n<td>integrated<\/td>\n<\/tr>\n<tr>\n<td>\n<div class=\"col-xs-6\">Net dimensions (LxWxH), mm<\/div>\n<\/td>\n<td>\n<div class=\"attribute row\">\n<div class=\"col-xs-6\">2160 \u0445 950 \u0445 1250<\/div>\n<\/div>\n<\/td>\n<\/tr>\n<tr>\n<td>\n<div class=\"col-xs-6\">Gross dimensions (LxWxH), mm<\/div>\n<\/td>\n<td>2190 \u0445 980 \u0445 1270<\/td>\n<\/tr>\n<tr>\n<td>\n<div class=\"col-xs-6\">Net weight, kg<\/div>\n<\/td>\n<td>852<\/td>\n<\/tr>\n<tr>\n<td>\n<div class=\"col-xs-6\">Gross weight, kg<\/div>\n<\/td>\n<td>855<\/td>\n<\/tr>\n<tr class=\"odd\">\n<td>\n<div class=\"col-xs-6\">Protection class<\/div>\n<\/td>\n<td>IP54<\/td>\n<\/tr>\n<tr class=\"even\">\n<td>\n<div class=\"col-xs-6\">Nominal voltage tolerance<\/div>\n<\/td>\n<td>\n<div class=\"attribute row\">\n<div class=\"col-xs-6\">max. 5%<\/div>\n<\/div>\n<\/td>\n<\/tr>\n<tr class=\"odd\">\n<td>Warranty<\/td>\n<td>\n<div class=\"attribute row\">\n<div class=\"col-xs-6\">2 years<\/div>\n<\/div>\n<\/td>\n<\/tr>\n<tr class=\"even\">\n<td>EAN code<\/td>\n<td>4260405365753<\/td>\n<\/tr>\n<\/tbody>\n<\/table>\n<p>*** Fuel consumption depends on many factors, such as load, fuel quality, season, altitude, technical condition of the generator.<\/p>\n<p>Assembled in PRC.<\/p>","protected":false},"featured_media":17653,"template":"","meta":{"_acf_changed":false,"inline_featured_image":false},"product_brand":[],"product_cat":[37,22],"product_tag":[],"class_list":{"0":"post-7174","1":"product","2":"type-product","3":"status-publish","4":"has-post-thumbnail","6":"product_cat-diisel-joujaamad","7":"product_cat-diiselgeneraatorid","8":"product_shipping_class-diisel-joujaamad","9":"brand-konner-sohnen","11":"first","12":"instock","13":"taxable","14":"shipping-taxable","15":"purchasable","16":"product-type-simple"},"acf":[],"yoast_head":"<!-- This site is optimized with the Yoast SEO plugin v27.2 - https:\/\/yoast.com\/product\/yoast-seo-wordpress\/ -->\n<title>\u00dchefaasiline diisel j\u00f5ujaam KS 18-1DE-G - Genekas24<\/title>\n<meta name=\"description\" content=\"Ideaalne t\u00f6\u00f6stuslikele ja \u00e4rirakendustele, tagades usaldusv\u00e4\u00e4rse ja t\u00f5husa energiavarustuse igal ajal. V\u00f5imsusvahemik 30 kVA kuni 1000 kVA. Vaata l\u00e4hemalt!\" \/>\n<meta name=\"robots\" content=\"index, follow, max-snippet:-1, max-image-preview:large, max-video-preview:-1\" \/>\n<link rel=\"canonical\" href=\"https:\/\/genekas24.ee\/en\/product\/single-phase-diesel-power-station-ks-18-1de-g\/\" \/>\n<meta property=\"og:locale\" content=\"en_GB\" \/>\n<meta property=\"og:type\" content=\"article\" \/>\n<meta property=\"og:title\" content=\"\u00dchefaasiline diisel j\u00f5ujaam KS 18-1DE-G - Genekas24\" \/>\n<meta property=\"og:description\" content=\"Ideaalne t\u00f6\u00f6stuslikele ja \u00e4rirakendustele, tagades usaldusv\u00e4\u00e4rse ja t\u00f5husa energiavarustuse igal ajal. V\u00f5imsusvahemik 30 kVA kuni 1000 kVA. Vaata l\u00e4hemalt!\" \/>\n<meta property=\"og:url\" content=\"https:\/\/genekas24.ee\/en\/product\/single-phase-diesel-power-station-ks-18-1de-g\/\" \/>\n<meta property=\"og:site_name\" content=\"Genekas24\" \/>\n<meta property=\"article:modified_time\" content=\"2026-04-08T17:36:43+00:00\" \/>\n<meta property=\"og:image\" content=\"https:\/\/genekas24.ee\/wp-content\/uploads\/2022\/10\/KS-18-1DE-G.png\" \/>\n\t<meta property=\"og:image:width\" content=\"600\" \/>\n\t<meta property=\"og:image:height\" content=\"450\" \/>\n\t<meta property=\"og:image:type\" content=\"image\/png\" \/>\n<meta name=\"twitter:card\" content=\"summary_large_image\" \/>\n<meta name=\"twitter:label1\" content=\"Estimated reading time\" \/>\n\t<meta name=\"twitter:data1\" content=\"5 minutes\" \/>\n<script type=\"application\/ld+json\" class=\"yoast-schema-graph\">{\"@context\":\"https:\/\/schema.org\",\"@graph\":[{\"@type\":\"WebPage\",\"@id\":\"https:\/\/genekas24.ee\/toode\/uhefaasiline-diisel-joujaam-ks-18-1de-g\/\",\"url\":\"https:\/\/genekas24.ee\/toode\/uhefaasiline-diisel-joujaam-ks-18-1de-g\/\",\"name\":\"\u00dchefaasiline diisel j\u00f5ujaam KS 18-1DE-G - Genekas24\",\"isPartOf\":{\"@id\":\"https:\/\/genekas24.ee\/#website\"},\"primaryImageOfPage\":{\"@id\":\"https:\/\/genekas24.ee\/toode\/uhefaasiline-diisel-joujaam-ks-18-1de-g\/#primaryimage\"},\"image\":{\"@id\":\"https:\/\/genekas24.ee\/toode\/uhefaasiline-diisel-joujaam-ks-18-1de-g\/#primaryimage\"},\"thumbnailUrl\":\"https:\/\/genekas24.ee\/wp-content\/uploads\/2022\/10\/KS-18-1DE-G.png\",\"datePublished\":\"2022-10-26T20:35:30+00:00\",\"dateModified\":\"2026-04-08T17:36:43+00:00\",\"description\":\"Ideaalne t\u00f6\u00f6stuslikele ja \u00e4rirakendustele, tagades usaldusv\u00e4\u00e4rse ja t\u00f5husa energiavarustuse igal ajal. V\u00f5imsusvahemik 30 kVA kuni 1000 kVA. Vaata l\u00e4hemalt!\",\"breadcrumb\":{\"@id\":\"https:\/\/genekas24.ee\/toode\/uhefaasiline-diisel-joujaam-ks-18-1de-g\/#breadcrumb\"},\"inLanguage\":\"en-GB\",\"potentialAction\":[{\"@type\":\"ReadAction\",\"target\":[\"https:\/\/genekas24.ee\/toode\/uhefaasiline-diisel-joujaam-ks-18-1de-g\/\"]}]},{\"@type\":\"ImageObject\",\"inLanguage\":\"en-GB\",\"@id\":\"https:\/\/genekas24.ee\/toode\/uhefaasiline-diisel-joujaam-ks-18-1de-g\/#primaryimage\",\"url\":\"https:\/\/genekas24.ee\/wp-content\/uploads\/2022\/10\/KS-18-1DE-G.png\",\"contentUrl\":\"https:\/\/genekas24.ee\/wp-content\/uploads\/2022\/10\/KS-18-1DE-G.png\",\"width\":600,\"height\":450},{\"@type\":\"BreadcrumbList\",\"@id\":\"https:\/\/genekas24.ee\/toode\/uhefaasiline-diisel-joujaam-ks-18-1de-g\/#breadcrumb\",\"itemListElement\":[{\"@type\":\"ListItem\",\"position\":1,\"name\":\"Home\",\"item\":\"https:\/\/genekas24.ee\/\"},{\"@type\":\"ListItem\",\"position\":2,\"name\":\"Pood\",\"item\":\"https:\/\/genekas24.ee\/pood\/\"},{\"@type\":\"ListItem\",\"position\":3,\"name\":\"\u00dchefaasiline diisel j\u00f5ujaam KS 18-1DE-G\"}]},{\"@type\":\"WebSite\",\"@id\":\"https:\/\/genekas24.ee\/#website\",\"url\":\"https:\/\/genekas24.ee\/\",\"name\":\"Genekas24\",\"description\":\"Generaatorid | K&ouml;nner S&ouml;hnen tooted | Genekas24\",\"publisher\":{\"@id\":\"https:\/\/genekas24.ee\/#organization\"},\"potentialAction\":[{\"@type\":\"SearchAction\",\"target\":{\"@type\":\"EntryPoint\",\"urlTemplate\":\"https:\/\/genekas24.ee\/?s={search_term_string}\"},\"query-input\":{\"@type\":\"PropertyValueSpecification\",\"valueRequired\":true,\"valueName\":\"search_term_string\"}}],\"inLanguage\":\"en-GB\"},{\"@type\":\"Organization\",\"@id\":\"https:\/\/genekas24.ee\/#organization\",\"name\":\"Genekas24\",\"url\":\"https:\/\/genekas24.ee\/\",\"logo\":{\"@type\":\"ImageObject\",\"inLanguage\":\"en-GB\",\"@id\":\"https:\/\/genekas24.ee\/#\/schema\/logo\/image\/\",\"url\":\"https:\/\/genekas24.ee\/wp-content\/uploads\/2026\/01\/genekas24-logo_black.svg\",\"contentUrl\":\"https:\/\/genekas24.ee\/wp-content\/uploads\/2026\/01\/genekas24-logo_black.svg\",\"width\":840,\"height\":131,\"caption\":\"Genekas24\"},\"image\":{\"@id\":\"https:\/\/genekas24.ee\/#\/schema\/logo\/image\/\"}}]}<\/script>\n<!-- \/ Yoast SEO plugin. -->","yoast_head_json":{"title":"\u00dchefaasiline diisel j\u00f5ujaam KS 18-1DE-G - Genekas24","description":"Ideaalne t\u00f6\u00f6stuslikele ja \u00e4rirakendustele, tagades usaldusv\u00e4\u00e4rse ja t\u00f5husa energiavarustuse igal ajal. V\u00f5imsusvahemik 30 kVA kuni 1000 kVA. Vaata l\u00e4hemalt!","robots":{"index":"index","follow":"follow","max-snippet":"max-snippet:-1","max-image-preview":"max-image-preview:large","max-video-preview":"max-video-preview:-1"},"canonical":"https:\/\/genekas24.ee\/en\/product\/single-phase-diesel-power-station-ks-18-1de-g\/","og_locale":"en_GB","og_type":"article","og_title":"\u00dchefaasiline diisel j\u00f5ujaam KS 18-1DE-G - Genekas24","og_description":"Ideaalne t\u00f6\u00f6stuslikele ja \u00e4rirakendustele, tagades usaldusv\u00e4\u00e4rse ja t\u00f5husa energiavarustuse igal ajal. V\u00f5imsusvahemik 30 kVA kuni 1000 kVA. Vaata l\u00e4hemalt!","og_url":"https:\/\/genekas24.ee\/en\/product\/single-phase-diesel-power-station-ks-18-1de-g\/","og_site_name":"Genekas24","article_modified_time":"2026-04-08T17:36:43+00:00","og_image":[{"width":600,"height":450,"url":"https:\/\/genekas24.ee\/wp-content\/uploads\/2022\/10\/KS-18-1DE-G.png","type":"image\/png"}],"twitter_card":"summary_large_image","twitter_misc":{"Estimated reading time":"5 minutes"},"schema":{"@context":"https:\/\/schema.org","@graph":[{"@type":"WebPage","@id":"https:\/\/genekas24.ee\/toode\/uhefaasiline-diisel-joujaam-ks-18-1de-g\/","url":"https:\/\/genekas24.ee\/toode\/uhefaasiline-diisel-joujaam-ks-18-1de-g\/","name":"\u00dchefaasiline diisel j\u00f5ujaam KS 18-1DE-G - Genekas24","isPartOf":{"@id":"https:\/\/genekas24.ee\/#website"},"primaryImageOfPage":{"@id":"https:\/\/genekas24.ee\/toode\/uhefaasiline-diisel-joujaam-ks-18-1de-g\/#primaryimage"},"image":{"@id":"https:\/\/genekas24.ee\/toode\/uhefaasiline-diisel-joujaam-ks-18-1de-g\/#primaryimage"},"thumbnailUrl":"https:\/\/genekas24.ee\/wp-content\/uploads\/2022\/10\/KS-18-1DE-G.png","datePublished":"2022-10-26T20:35:30+00:00","dateModified":"2026-04-08T17:36:43+00:00","description":"Ideaalne t\u00f6\u00f6stuslikele ja \u00e4rirakendustele, tagades usaldusv\u00e4\u00e4rse ja t\u00f5husa energiavarustuse igal ajal. V\u00f5imsusvahemik 30 kVA kuni 1000 kVA. Vaata l\u00e4hemalt!","breadcrumb":{"@id":"https:\/\/genekas24.ee\/toode\/uhefaasiline-diisel-joujaam-ks-18-1de-g\/#breadcrumb"},"inLanguage":"en-GB","potentialAction":[{"@type":"ReadAction","target":["https:\/\/genekas24.ee\/toode\/uhefaasiline-diisel-joujaam-ks-18-1de-g\/"]}]},{"@type":"ImageObject","inLanguage":"en-GB","@id":"https:\/\/genekas24.ee\/toode\/uhefaasiline-diisel-joujaam-ks-18-1de-g\/#primaryimage","url":"https:\/\/genekas24.ee\/wp-content\/uploads\/2022\/10\/KS-18-1DE-G.png","contentUrl":"https:\/\/genekas24.ee\/wp-content\/uploads\/2022\/10\/KS-18-1DE-G.png","width":600,"height":450},{"@type":"BreadcrumbList","@id":"https:\/\/genekas24.ee\/toode\/uhefaasiline-diisel-joujaam-ks-18-1de-g\/#breadcrumb","itemListElement":[{"@type":"ListItem","position":1,"name":"Home","item":"https:\/\/genekas24.ee\/"},{"@type":"ListItem","position":2,"name":"Pood","item":"https:\/\/genekas24.ee\/pood\/"},{"@type":"ListItem","position":3,"name":"\u00dchefaasiline diisel j\u00f5ujaam KS 18-1DE-G"}]},{"@type":"WebSite","@id":"https:\/\/genekas24.ee\/#website","url":"https:\/\/genekas24.ee\/","name":"Genekas24","description":"Generaatorid | K&ouml;nner S&ouml;hnen tooted | Genekas24","publisher":{"@id":"https:\/\/genekas24.ee\/#organization"},"potentialAction":[{"@type":"SearchAction","target":{"@type":"EntryPoint","urlTemplate":"https:\/\/genekas24.ee\/?s={search_term_string}"},"query-input":{"@type":"PropertyValueSpecification","valueRequired":true,"valueName":"search_term_string"}}],"inLanguage":"en-GB"},{"@type":"Organization","@id":"https:\/\/genekas24.ee\/#organization","name":"Genekas24","url":"https:\/\/genekas24.ee\/","logo":{"@type":"ImageObject","inLanguage":"en-GB","@id":"https:\/\/genekas24.ee\/#\/schema\/logo\/image\/","url":"https:\/\/genekas24.ee\/wp-content\/uploads\/2026\/01\/genekas24-logo_black.svg","contentUrl":"https:\/\/genekas24.ee\/wp-content\/uploads\/2026\/01\/genekas24-logo_black.svg","width":840,"height":131,"caption":"Genekas24"},"image":{"@id":"https:\/\/genekas24.ee\/#\/schema\/logo\/image\/"}}]}},"_links":{"self":[{"href":"https:\/\/genekas24.ee\/en\/wp-json\/wp\/v2\/product\/7174","targetHints":{"allow":["GET"]}}],"collection":[{"href":"https:\/\/genekas24.ee\/en\/wp-json\/wp\/v2\/product"}],"about":[{"href":"https:\/\/genekas24.ee\/en\/wp-json\/wp\/v2\/types\/product"}],"version-history":[{"count":9,"href":"https:\/\/genekas24.ee\/en\/wp-json\/wp\/v2\/product\/7174\/revisions"}],"predecessor-version":[{"id":23092,"href":"https:\/\/genekas24.ee\/en\/wp-json\/wp\/v2\/product\/7174\/revisions\/23092"}],"wp:featuredmedia":[{"embeddable":true,"href":"https:\/\/genekas24.ee\/en\/wp-json\/wp\/v2\/media\/17653"}],"wp:attachment":[{"href":"https:\/\/genekas24.ee\/en\/wp-json\/wp\/v2\/media?parent=7174"}],"wp:term":[{"taxonomy":"product_brand","embeddable":true,"href":"https:\/\/genekas24.ee\/en\/wp-json\/wp\/v2\/product_brand?post=7174"},{"taxonomy":"product_cat","embeddable":true,"href":"https:\/\/genekas24.ee\/en\/wp-json\/wp\/v2\/product_cat?post=7174"},{"taxonomy":"product_tag","embeddable":true,"href":"https:\/\/genekas24.ee\/en\/wp-json\/wp\/v2\/product_tag?post=7174"}],"curies":[{"name":"wp","href":"https:\/\/api.w.org\/{rel}","templated":true}]}}