{"id":4477,"date":"2022-06-21T10:37:08","date_gmt":"2022-06-21T10:37:08","guid":{"rendered":"https:\/\/genekas24.ee\/?post_type=product&#038;p=4477"},"modified":"2025-12-02T10:07:02","modified_gmt":"2025-12-02T10:07:02","slug":"mootoroli-konner-sohnen-10w-30","status":"publish","type":"product","link":"https:\/\/genekas24.ee\/en\/product\/universal-motor-oil-konner-sohnen-10w-30\/","title":{"rendered":"Universal motor oil K\u00f6nner &amp; S\u00f6hnen 10W-30"},"content":{"rendered":"<p>\u0422\u041c \u00abK\u00f6nner &amp; S\u00f6hnen\u00bb is a German trade mark, which produces European quality products which have all necessary CE certificates.<\/p>\n<p><strong>Producer<\/strong><\/p>\n<p>Engine oil is made by a member of the US National Lubricating Grease Institute (NLGI) and the European Lubricating Grease Institute (ELGI) in accordance with internationally recognized standards.<\/p>\n<p><strong>Chemical composition<\/strong><\/p>\n<p>Contains a set of cutting-edge additives of the world-known Infineum Corporation (UK), which gives stability to K\u00f6nner &amp; S\u00f6hnen TM motor oil over the entire lifetime.<\/p>\n<p><strong>Product quality class<\/strong><\/p>\n<p>This oil meets one of the world\u2019s highest API quality grades SL \/ CF, prevents the formation of lacquers and sludge deposits, has anti-scaling and anti-corrosion properties, is suitable for use in conventional and turbo-charged engines.<\/p>\n<p><strong>Class of viscosity<\/strong><\/p>\n<p>The SAE viscosity class is one of the most important indicators! Viscosity 10W-30 contributes to maximum fuel efficiency. Suitable for use at any season.<\/p>\n<p><strong>Range of use<\/strong><\/p>\n<p>A series of ULTRA Performance oils from K\u00f6nner &amp; S\u00f6hnen TM is a unique adaptive formula specially developed for use in petrol and diesel engines for automobiles, motorcycles, generators and other 4-stroke internal combustion engines.<\/p>\n<p>K\u00f6nner &amp; S\u00f6hnen motor oil will provide reliable protection for your engine even at long and extreme loads, thus significantly increasing its lifetime. The use of this oil in our equipment ensures its long and trouble-free operation.<\/p>","protected":false},"excerpt":{"rendered":"<p><strong>Universal motor oil<\/strong><\/p>\n<p>High-quality semisynthetic all-season engine oil from K\u00f6nner &amp; S\u00f6hnen for gasoline and diesel engines.<\/p>\n<p><strong>Product quality class:<\/strong> API SL\/CF<br \/>\n<strong>Class of viscosity:<\/strong> SAE 10W-30<\/p>\n<p>Made by a member of the National Lubricating Grease Institute (NLGI), as well as the European Lubricating Grease Institute (ELGI).<\/p>","protected":false},"featured_media":13171,"template":"","meta":{"_acf_changed":false,"inline_featured_image":false},"product_brand":[],"product_cat":[156,26],"product_tag":[],"class_list":{"0":"post-4477","1":"product","2":"type-product","3":"status-publish","4":"has-post-thumbnail","6":"product_cat-generaatori-tarvikud","7":"product_cat-olid-kanistrid-kindad-prillid","8":"product_shipping_class-vaikepakk","9":"brand-konner-sohnen","11":"first","12":"instock","13":"taxable","14":"shipping-taxable","15":"purchasable","16":"product-type-simple"},"acf":[],"yoast_head":"<!-- This site is optimized with the Yoast SEO plugin v27.2 - https:\/\/yoast.com\/product\/yoast-seo-wordpress\/ -->\n<title>Mootori\u00f5li K\u00f6nner &amp; S\u00f6hnen 10W-30 - Genekas24<\/title>\n<meta name=\"robots\" content=\"index, follow, max-snippet:-1, max-image-preview:large, max-video-preview:-1\" \/>\n<link rel=\"canonical\" href=\"https:\/\/genekas24.ee\/en\/product\/universal-motor-oil-konner-sohnen-10w-30\/\" \/>\n<meta property=\"og:locale\" content=\"en_GB\" \/>\n<meta property=\"og:type\" content=\"article\" \/>\n<meta property=\"og:title\" content=\"Mootori\u00f5li K\u00f6nner &amp; S\u00f6hnen 10W-30 - Genekas24\" \/>\n<meta property=\"og:description\" content=\"Universaalne mootori\u00f5li  K\u00f6nner &amp; S\u00f6hneni kvaliteetne pools\u00fcnteetiline aastaringne mootori\u00f5li bensiini- ja diiselmootoritele.  Toote kvaliteediklass: API SL\/CF Viskoossusklass: SAE 10W-30  Valmistatud USA Riikliku m\u00e4\u00e4rde\u00f5lide instituudi (NLGI) ja Euroopa m\u00e4\u00e4rde\u00f5lide instituudi (ELGI) liikme poolt.\" \/>\n<meta property=\"og:url\" content=\"https:\/\/genekas24.ee\/en\/product\/universal-motor-oil-konner-sohnen-10w-30\/\" \/>\n<meta property=\"og:site_name\" content=\"Genekas24\" \/>\n<meta property=\"article:modified_time\" content=\"2025-12-02T10:07:02+00:00\" \/>\n<meta property=\"og:image\" content=\"https:\/\/genekas24.ee\/wp-content\/uploads\/2022\/06\/Universal-motor-oil-1.png\" \/>\n\t<meta property=\"og:image:width\" content=\"900\" \/>\n\t<meta property=\"og:image:height\" content=\"713\" \/>\n\t<meta property=\"og:image:type\" content=\"image\/png\" \/>\n<meta name=\"twitter:card\" content=\"summary_large_image\" \/>\n<meta name=\"twitter:label1\" content=\"Estimated reading time\" \/>\n\t<meta name=\"twitter:data1\" content=\"2 minutes\" \/>\n<script type=\"application\/ld+json\" class=\"yoast-schema-graph\">{\"@context\":\"https:\/\/schema.org\",\"@graph\":[{\"@type\":\"WebPage\",\"@id\":\"https:\/\/genekas24.ee\/toode\/mootoroli-konner-sohnen-10w-30\/\",\"url\":\"https:\/\/genekas24.ee\/toode\/mootoroli-konner-sohnen-10w-30\/\",\"name\":\"Mootori\u00f5li K\u00f6nner & S\u00f6hnen 10W-30 - Genekas24\",\"isPartOf\":{\"@id\":\"https:\/\/genekas24.ee\/#website\"},\"primaryImageOfPage\":{\"@id\":\"https:\/\/genekas24.ee\/toode\/mootoroli-konner-sohnen-10w-30\/#primaryimage\"},\"image\":{\"@id\":\"https:\/\/genekas24.ee\/toode\/mootoroli-konner-sohnen-10w-30\/#primaryimage\"},\"thumbnailUrl\":\"https:\/\/genekas24.ee\/wp-content\/uploads\/2022\/06\/Universal-motor-oil-1.png\",\"datePublished\":\"2022-06-21T10:37:08+00:00\",\"dateModified\":\"2025-12-02T10:07:02+00:00\",\"breadcrumb\":{\"@id\":\"https:\/\/genekas24.ee\/toode\/mootoroli-konner-sohnen-10w-30\/#breadcrumb\"},\"inLanguage\":\"en-GB\",\"potentialAction\":[{\"@type\":\"ReadAction\",\"target\":[\"https:\/\/genekas24.ee\/toode\/mootoroli-konner-sohnen-10w-30\/\"]}]},{\"@type\":\"ImageObject\",\"inLanguage\":\"en-GB\",\"@id\":\"https:\/\/genekas24.ee\/toode\/mootoroli-konner-sohnen-10w-30\/#primaryimage\",\"url\":\"https:\/\/genekas24.ee\/wp-content\/uploads\/2022\/06\/Universal-motor-oil-1.png\",\"contentUrl\":\"https:\/\/genekas24.ee\/wp-content\/uploads\/2022\/06\/Universal-motor-oil-1.png\",\"width\":900,\"height\":713},{\"@type\":\"BreadcrumbList\",\"@id\":\"https:\/\/genekas24.ee\/toode\/mootoroli-konner-sohnen-10w-30\/#breadcrumb\",\"itemListElement\":[{\"@type\":\"ListItem\",\"position\":1,\"name\":\"Home\",\"item\":\"https:\/\/genekas24.ee\/\"},{\"@type\":\"ListItem\",\"position\":2,\"name\":\"Pood\",\"item\":\"https:\/\/genekas24.ee\/pood\/\"},{\"@type\":\"ListItem\",\"position\":3,\"name\":\"Mootori\u00f5li K\u00f6nner &#038; S\u00f6hnen 10W-30\"}]},{\"@type\":\"WebSite\",\"@id\":\"https:\/\/genekas24.ee\/#website\",\"url\":\"https:\/\/genekas24.ee\/\",\"name\":\"Genekas24\",\"description\":\"Generaatorid | K&ouml;nner S&ouml;hnen tooted | Genekas24\",\"publisher\":{\"@id\":\"https:\/\/genekas24.ee\/#organization\"},\"potentialAction\":[{\"@type\":\"SearchAction\",\"target\":{\"@type\":\"EntryPoint\",\"urlTemplate\":\"https:\/\/genekas24.ee\/?s={search_term_string}\"},\"query-input\":{\"@type\":\"PropertyValueSpecification\",\"valueRequired\":true,\"valueName\":\"search_term_string\"}}],\"inLanguage\":\"en-GB\"},{\"@type\":\"Organization\",\"@id\":\"https:\/\/genekas24.ee\/#organization\",\"name\":\"Genekas24\",\"url\":\"https:\/\/genekas24.ee\/\",\"logo\":{\"@type\":\"ImageObject\",\"inLanguage\":\"en-GB\",\"@id\":\"https:\/\/genekas24.ee\/#\/schema\/logo\/image\/\",\"url\":\"https:\/\/genekas24.ee\/wp-content\/uploads\/2026\/01\/genekas24-logo_black.svg\",\"contentUrl\":\"https:\/\/genekas24.ee\/wp-content\/uploads\/2026\/01\/genekas24-logo_black.svg\",\"width\":840,\"height\":131,\"caption\":\"Genekas24\"},\"image\":{\"@id\":\"https:\/\/genekas24.ee\/#\/schema\/logo\/image\/\"}}]}<\/script>\n<!-- \/ Yoast SEO plugin. -->","yoast_head_json":{"title":"Mootori\u00f5li K\u00f6nner & S\u00f6hnen 10W-30 - Genekas24","robots":{"index":"index","follow":"follow","max-snippet":"max-snippet:-1","max-image-preview":"max-image-preview:large","max-video-preview":"max-video-preview:-1"},"canonical":"https:\/\/genekas24.ee\/en\/product\/universal-motor-oil-konner-sohnen-10w-30\/","og_locale":"en_GB","og_type":"article","og_title":"Mootori\u00f5li K\u00f6nner & S\u00f6hnen 10W-30 - Genekas24","og_description":"Universaalne mootori\u00f5li  K\u00f6nner &amp; S\u00f6hneni kvaliteetne pools\u00fcnteetiline aastaringne mootori\u00f5li bensiini- ja diiselmootoritele.  Toote kvaliteediklass: API SL\/CF Viskoossusklass: SAE 10W-30  Valmistatud USA Riikliku m\u00e4\u00e4rde\u00f5lide instituudi (NLGI) ja Euroopa m\u00e4\u00e4rde\u00f5lide instituudi (ELGI) liikme poolt.","og_url":"https:\/\/genekas24.ee\/en\/product\/universal-motor-oil-konner-sohnen-10w-30\/","og_site_name":"Genekas24","article_modified_time":"2025-12-02T10:07:02+00:00","og_image":[{"width":900,"height":713,"url":"https:\/\/genekas24.ee\/wp-content\/uploads\/2022\/06\/Universal-motor-oil-1.png","type":"image\/png"}],"twitter_card":"summary_large_image","twitter_misc":{"Estimated reading time":"2 minutes"},"schema":{"@context":"https:\/\/schema.org","@graph":[{"@type":"WebPage","@id":"https:\/\/genekas24.ee\/toode\/mootoroli-konner-sohnen-10w-30\/","url":"https:\/\/genekas24.ee\/toode\/mootoroli-konner-sohnen-10w-30\/","name":"Mootori\u00f5li K\u00f6nner & S\u00f6hnen 10W-30 - Genekas24","isPartOf":{"@id":"https:\/\/genekas24.ee\/#website"},"primaryImageOfPage":{"@id":"https:\/\/genekas24.ee\/toode\/mootoroli-konner-sohnen-10w-30\/#primaryimage"},"image":{"@id":"https:\/\/genekas24.ee\/toode\/mootoroli-konner-sohnen-10w-30\/#primaryimage"},"thumbnailUrl":"https:\/\/genekas24.ee\/wp-content\/uploads\/2022\/06\/Universal-motor-oil-1.png","datePublished":"2022-06-21T10:37:08+00:00","dateModified":"2025-12-02T10:07:02+00:00","breadcrumb":{"@id":"https:\/\/genekas24.ee\/toode\/mootoroli-konner-sohnen-10w-30\/#breadcrumb"},"inLanguage":"en-GB","potentialAction":[{"@type":"ReadAction","target":["https:\/\/genekas24.ee\/toode\/mootoroli-konner-sohnen-10w-30\/"]}]},{"@type":"ImageObject","inLanguage":"en-GB","@id":"https:\/\/genekas24.ee\/toode\/mootoroli-konner-sohnen-10w-30\/#primaryimage","url":"https:\/\/genekas24.ee\/wp-content\/uploads\/2022\/06\/Universal-motor-oil-1.png","contentUrl":"https:\/\/genekas24.ee\/wp-content\/uploads\/2022\/06\/Universal-motor-oil-1.png","width":900,"height":713},{"@type":"BreadcrumbList","@id":"https:\/\/genekas24.ee\/toode\/mootoroli-konner-sohnen-10w-30\/#breadcrumb","itemListElement":[{"@type":"ListItem","position":1,"name":"Home","item":"https:\/\/genekas24.ee\/"},{"@type":"ListItem","position":2,"name":"Pood","item":"https:\/\/genekas24.ee\/pood\/"},{"@type":"ListItem","position":3,"name":"Mootori\u00f5li K\u00f6nner &#038; S\u00f6hnen 10W-30"}]},{"@type":"WebSite","@id":"https:\/\/genekas24.ee\/#website","url":"https:\/\/genekas24.ee\/","name":"Genekas24","description":"Generaatorid | K&ouml;nner S&ouml;hnen tooted | Genekas24","publisher":{"@id":"https:\/\/genekas24.ee\/#organization"},"potentialAction":[{"@type":"SearchAction","target":{"@type":"EntryPoint","urlTemplate":"https:\/\/genekas24.ee\/?s={search_term_string}"},"query-input":{"@type":"PropertyValueSpecification","valueRequired":true,"valueName":"search_term_string"}}],"inLanguage":"en-GB"},{"@type":"Organization","@id":"https:\/\/genekas24.ee\/#organization","name":"Genekas24","url":"https:\/\/genekas24.ee\/","logo":{"@type":"ImageObject","inLanguage":"en-GB","@id":"https:\/\/genekas24.ee\/#\/schema\/logo\/image\/","url":"https:\/\/genekas24.ee\/wp-content\/uploads\/2026\/01\/genekas24-logo_black.svg","contentUrl":"https:\/\/genekas24.ee\/wp-content\/uploads\/2026\/01\/genekas24-logo_black.svg","width":840,"height":131,"caption":"Genekas24"},"image":{"@id":"https:\/\/genekas24.ee\/#\/schema\/logo\/image\/"}}]}},"_links":{"self":[{"href":"https:\/\/genekas24.ee\/en\/wp-json\/wp\/v2\/product\/4477","targetHints":{"allow":["GET"]}}],"collection":[{"href":"https:\/\/genekas24.ee\/en\/wp-json\/wp\/v2\/product"}],"about":[{"href":"https:\/\/genekas24.ee\/en\/wp-json\/wp\/v2\/types\/product"}],"version-history":[{"count":3,"href":"https:\/\/genekas24.ee\/en\/wp-json\/wp\/v2\/product\/4477\/revisions"}],"predecessor-version":[{"id":14288,"href":"https:\/\/genekas24.ee\/en\/wp-json\/wp\/v2\/product\/4477\/revisions\/14288"}],"wp:featuredmedia":[{"embeddable":true,"href":"https:\/\/genekas24.ee\/en\/wp-json\/wp\/v2\/media\/13171"}],"wp:attachment":[{"href":"https:\/\/genekas24.ee\/en\/wp-json\/wp\/v2\/media?parent=4477"}],"wp:term":[{"taxonomy":"product_brand","embeddable":true,"href":"https:\/\/genekas24.ee\/en\/wp-json\/wp\/v2\/product_brand?post=4477"},{"taxonomy":"product_cat","embeddable":true,"href":"https:\/\/genekas24.ee\/en\/wp-json\/wp\/v2\/product_cat?post=4477"},{"taxonomy":"product_tag","embeddable":true,"href":"https:\/\/genekas24.ee\/en\/wp-json\/wp\/v2\/product_tag?post=4477"}],"curies":[{"name":"wp","href":"https:\/\/api.w.org\/{rel}","templated":true}]}}