{"id":2760,"date":"2022-01-26T12:26:27","date_gmt":"2022-01-26T12:26:27","guid":{"rendered":"https:\/\/genekas24.ee\/?post_type=product&#038;p=2760"},"modified":"2026-04-08T17:37:25","modified_gmt":"2026-04-08T17:37:25","slug":"diiselgeneraator-ks-9100hde-1-3-atsr-euro-v","status":"publish","type":"product","link":"https:\/\/genekas24.ee\/en\/product\/diesel-generator-ks-9100hde-1-3-atsr-euro-v\/","title":{"rendered":"Diesel generator KS 9100HDE-1\/3 ATSR (EURO V)"},"content":{"rendered":"<p>&nbsp;<\/p>\n<table>\n<tbody>\n<tr class=\"even\">\n<td><img fetchpriority=\"high\" decoding=\"async\" class=\"alignnone size-medium wp-image-4617\" src=\"https:\/\/genekas24.ee\/wp-content\/uploads\/2022\/06\/Branded-engines-300x300.jpg\" alt=\"\" width=\"300\" height=\"300\" srcset=\"https:\/\/genekas24.ee\/wp-content\/uploads\/2022\/06\/Branded-engines-300x300.jpg 300w, https:\/\/genekas24.ee\/wp-content\/uploads\/2022\/06\/Branded-engines-100x100.jpg 100w, https:\/\/genekas24.ee\/wp-content\/uploads\/2022\/06\/Branded-engines-600x600.jpg 600w, https:\/\/genekas24.ee\/wp-content\/uploads\/2022\/06\/Branded-engines-150x150.jpg 150w, https:\/\/genekas24.ee\/wp-content\/uploads\/2022\/06\/Branded-engines-12x12.jpg 12w, https:\/\/genekas24.ee\/wp-content\/uploads\/2022\/06\/Branded-engines.jpg 756w\" sizes=\"(max-width: 300px) 100vw, 300px\" \/><\/td>\n<td><strong>K\u00d6NNER &amp; S\u00d6HNEN ENGINES<\/strong><\/p>\n<p>Engines for both diesel and gasoline generators are manufactured under the license of DIMAX Int. GmbH and are marked with K&amp;S logo. High power of engines in relation to the alternator allows to receive the declared power output and maintain stable work at any load. All engines are tested for continuous operation, and then disassembled and examined for trouble-shooting purposes. Each engine and each generator have an individual serial number, which allows us to control the quality of production and service. The engines meet all European quality standards, including the latest EURO V emission standards.<\/td>\n<\/tr>\n<tr class=\"odd\">\n<td><img decoding=\"async\" class=\"alignnone size-medium wp-image-2730\" src=\"https:\/\/genekas24.ee\/wp-content\/uploads\/2022\/03\/ATS-Output-1-300x300.png\" alt=\"\" width=\"300\" height=\"300\" \/><\/td>\n<td><strong>AUTOMATIC TRANSFER SWITCH<\/strong><\/p>\n<p>The ATS (Automatic Transfer Switch) unit automatically starts the generator and transfers load to it when the main power supply is disconnected and automatically stops the generator when the central power supply is restored.<\/td>\n<\/tr>\n<tr class=\"odd\">\n<td><img decoding=\"async\" src=\"https:\/\/genekas24.ee\/wp-content\/uploads\/2022\/06\/Increased-engine-300x227.png\" alt=\"Increased engine resource\" width=\"300\" height=\"300\" \/><\/td>\n<td><strong>INCREASED ENGINE RESOURCE<\/strong><\/p>\n<p>K\u00f6nner &amp; S\u00f6hnen\u00ae diesel generators of the \u201cHEAVY DUTY\u201d series have an increased motor resource \u2013 so they have a longer service life, can work for more hours without a break. The engine resource exceeds 3000 working hours, this is confirmed by multi-hour, multi-level tests and warranty.  To show high performance, machines should be maintained properly.<\/td>\n<\/tr>\n<tr class=\"even\">\n<td><img loading=\"lazy\" decoding=\"async\" src=\"https:\/\/genekas24.ee\/wp-content\/uploads\/2022\/06\/preheater-300x297.png\" alt=\"Preheater function\" width=\"300\" height=\"300\" \/><\/td>\n<td><strong>PREHEATER<\/strong> <strong>FUNCTION<\/strong><\/p>\n<p>All Heavy Duty series generators are equipped with a preheat function, which allows you to easily start a generator in winter.<\/td>\n<\/tr>\n<tr class=\"even\">\n<td><a href=\"https:\/\/genekas24.ee\/wp-content\/uploads\/2022\/01\/ergonomic-control-panel.png\" data-fancybox-group=\"gallery\"><span style=\"color: #333333;\"><span style=\"color: #333333;\"><img loading=\"lazy\" decoding=\"async\" class=\"\" src=\"https:\/\/genekas24.ee\/wp-content\/uploads\/2022\/10\/8100HDE-1-3-control-panel-300x222.jpg\" alt=\"\" width=\"300\" height=\"300\" \/><\/span><\/span><\/a><\/td>\n<td><strong>ERGONOMIC CONTROL PANEL<\/strong><\/p>\n<p>Generator\u2019s ergonomic control panel allows you to easily control its operation due to the convenient functions location: a modern LED display (counter hours, frequency, voltage), electric start, emergency (circuit breaker) switch, low oil level sensor, outlets, terminals and more.<\/td>\n<\/tr>\n<tr class=\"odd\">\n<td><img loading=\"lazy\" decoding=\"async\" src=\"https:\/\/genekas24.ee\/wp-content\/uploads\/2022\/10\/diesel01-spec-003-300x272.png\" alt=\"AVR\" width=\"300\" height=\"300\" \/><\/td>\n<td><strong>AVR<\/strong><\/p>\n<p>\u201cK\u00f6nner &amp; S\u00f6hnen\u201d series diesel generators are equipped with intelligent voltage stabilization system AVR. It allows to keep the voltage at a constant value of 230 V and protects against unwanted short circuits.<\/td>\n<\/tr>\n<tr class=\"odd\">\n<td><img loading=\"lazy\" decoding=\"async\" src=\"https:\/\/genekas24.ee\/wp-content\/uploads\/2022\/10\/enhanced-frame-new-300x238.png\" alt=\"Enforced frame\" width=\"300\" height=\"300\" \/><\/td>\n<td><strong>ENFORCED FRAME<\/strong><\/p>\n<p>Additional frame reinforcement with the upper protective strips allows HEAVY DUTY professional series generators to operate in a more rigid mode. The reinforced frame structure protects the tank against damage during operation and transportation.<\/td>\n<\/tr>\n<tr class=\"even\">\n<td><img loading=\"lazy\" decoding=\"async\" src=\"https:\/\/genekas24.ee\/wp-content\/uploads\/2022\/10\/macro-dempfer-2-300x241.png\" alt=\"Dampers to lower vibration\" width=\"300\" height=\"300\" \/><\/td>\n<td><strong>DAMPERS TO LOWER VIBRATION<\/strong><\/p>\n<p>All models of the K\u00f6nner &amp; S\u00f6hnen generators are equipped with rubber feet to reduce vibrations. Thanks to the rubber damper, the working generator will not damage the floor covering, and the frame coating will not be scratched.<\/td>\n<\/tr>\n<tr class=\"odd\">\n<td><img loading=\"lazy\" decoding=\"async\" class=\"alignnone size-medium wp-image-2762\" src=\"https:\/\/genekas24.ee\/wp-content\/uploads\/2022\/12\/ks-9100hde-1-3-atsr_macro_accessories.jpg\" alt=\"\" width=\"300\" height=\"300\" \/><\/td>\n<td><strong>ACCESSORIES SET<\/strong><\/p>\n<p>Generator is equipped with additional accessories: a portable 2P+PE 16A 230V power plug, a portable 2P+E 230V 32A power plug, a 8x10mm hook key, 12x14mm and 17x19mm keyholes and a two way 6.0mm PH2 screwdriver.<\/p>\n<p>&nbsp;<\/td>\n<\/tr>\n<\/tbody>\n<\/table>\n<p><em><span style=\"font-size: 14px;\">***Fuel consumption depends on many factors: load, fuel quality, season, altitude and generator technical condition.<\/span><\/em><\/p>","protected":false},"excerpt":{"rendered":"<table>\n<tbody>\n<tr class=\"even\">\n<td width=\"60%\">Voltage<\/td>\n<td>\n<div class=\"attribute row\">\n<div class=\"col-xs-6\">230\/400<\/div>\n<\/div>\n<\/td>\n<\/tr>\n<tr class=\"odd\">\n<td>\n<div class=\"col-xs-6\">Max\/Nominal power (230V), kW<\/div>\n<\/td>\n<td>\n<div class=\"attribute row\">\n<div class=\"col-xs-6\">6.5\/6.0<\/div>\n<\/div>\n<\/td>\n<\/tr>\n<tr class=\"even\">\n<td>\n<div class=\"col-xs-6\">Max\/Nominaalne v\u00f5imsus (400V), kW<\/div>\n<\/td>\n<td>\n<div class=\"attribute row\">\n<div class=\"col-xs-6\">7.5\/7.0<\/div>\n<\/div>\n<\/td>\n<\/tr>\n<tr class=\"odd\">\n<td>\n<div class=\"col-xs-6\">Frequency, Hz<\/div>\n<\/td>\n<td>\n<div class=\"attribute row\">\n<div class=\"col-xs-6\">50<\/div>\n<\/div>\n<\/td>\n<\/tr>\n<tr class=\"even\">\n<td>\n<div class=\"col-xs-6\">Vool (max.) 230\/400 V, A<\/div>\n<\/td>\n<td>\n<div class=\"attribute row\">\n<div class=\"col-xs-6\">28.26\/13.54<\/div>\n<\/div>\n<\/td>\n<\/tr>\n<tr class=\"odd\">\n<td>Outlets<\/td>\n<td>\n<div class=\"attribute row\">\n<div class=\"col-xs-6\">1 x CEE 230 V 32 A<br \/>\n1 x CEE 400 V 16 A<\/div>\n<\/div>\n<\/td>\n<\/tr>\n<tr class=\"even\">\n<td>\n<div class=\"col-xs-6\">Avg. working time (power 50%), h***<\/div>\n<\/td>\n<td>\n<div class=\"attribute row\">\n<div class=\"col-xs-6\">6.1<\/div>\n<\/div>\n<\/td>\n<\/tr>\n<tr class=\"odd\">\n<td>\n<div class=\"col-xs-6\">LED display<\/div>\n<\/td>\n<td>\n<div class=\"attribute row\">\n<div class=\"col-xs-6\">Voltage, frequency, working hours<\/div>\n<\/div>\n<\/td>\n<\/tr>\n<tr class=\"even\">\n<td>\n<div class=\"col-xs-6\">Noise level Lpa (7m)\/Lwa, dB<\/div>\n<\/td>\n<td>\n<div class=\"attribute row\">\n<div class=\"col-xs-6\">71\/96<\/div>\n<\/div>\n<\/td>\n<\/tr>\n<tr class=\"odd\">\n<td>\n<div class=\"col-xs-6\">Power output DC, V\/\u0410<\/div>\n<\/td>\n<td>\n<div class=\"attribute row\">\n<div class=\"col-xs-6\">12\/8.3<\/div>\n<\/div>\n<\/td>\n<\/tr>\n<tr class=\"even\">\n<td>\n<div class=\"col-xs-6\">Engine type<\/div>\n<\/td>\n<td>\n<div class=\"attribute row\">\n<div class=\"col-xs-6\">Diesel powered one-cylinder, four-stroke air-cooled<\/div>\n<\/div>\n<\/td>\n<\/tr>\n<tr class=\"odd\">\n<td>\n<div class=\"col-xs-6\">Engine model<\/div>\n<\/td>\n<td>\n<div class=\"attribute row\">\n<div class=\"col-xs-6\">KS 520HD-V<\/div>\n<\/div>\n<\/td>\n<\/tr>\n<tr class=\"even\">\n<td>\n<div class=\"col-xs-6\">Engine power, hp\/kW<\/div>\n<\/td>\n<td>\n<div class=\"attribute row\">\n<div class=\"col-xs-6\">18.0\/13.24<\/div>\n<\/div>\n<\/td>\n<\/tr>\n<tr class=\"odd\">\n<td>\n<div class=\"col-xs-6\">Preheater<\/div>\n<\/td>\n<td>+<\/td>\n<\/tr>\n<tr class=\"even\">\n<td>\n<div class=\"col-xs-6\">Fuel tank volume, l<\/div>\n<\/td>\n<td>11<\/td>\n<\/tr>\n<tr class=\"odd\">\n<td>\n<div class=\"col-xs-6\">Crank case volume, L<\/div>\n<\/td>\n<td>\n<div class=\"attribute row\">\n<div class=\"col-xs-6\">1.65<\/div>\n<\/div>\n<\/td>\n<\/tr>\n<tr class=\"even\">\n<td>\n<div class=\"col-xs-6\">Engine cylinder volume, cm3<\/div>\n<\/td>\n<td>498<\/td>\n<\/tr>\n<tr class=\"odd\">\n<td>\n<div class=\"col-xs-6\">Power output controller<\/div>\n<\/td>\n<td>\n<div class=\"attribute row\">\n<div class=\"col-xs-6\">Intelligent voltage stabilization system AVR<\/div>\n<\/div>\n<\/td>\n<\/tr>\n<tr class=\"even\">\n<td>\n<div class=\"col-xs-6\">Engine start<\/div>\n<\/td>\n<td>\n<div class=\"attribute row\">\n<div class=\"col-xs-6\">Manual\/electric<\/div>\n<\/div>\n<\/td>\n<\/tr>\n<tr class=\"odd\">\n<td>\n<div class=\"col-xs-6\">Frame diameter<\/div>\n<\/td>\n<td>\n<div class=\"attribute row\">\n<div class=\"col-xs-6\">32 mm, round<\/div>\n<\/div>\n<\/td>\n<\/tr>\n<tr class=\"even\">\n<td>\n<div class=\"col-xs-6\">Accumulator, A\u00b7h<\/div>\n<\/td>\n<td>30<\/td>\n<\/tr>\n<tr class=\"odd\">\n<td>\n<div class=\"col-xs-6\">Output for ATS<\/div>\n<\/td>\n<td>+<\/td>\n<\/tr>\n<tr class=\"even\">\n<td>\n<div class=\"col-xs-6\">Protection class<\/div>\n<\/td>\n<td>\n<div class=\"attribute row\">\n<div class=\"col-xs-6\">IP23M<\/div>\n<\/div>\n<\/td>\n<\/tr>\n<tr>\n<td>Net dimensions (LxWxH), mm<\/td>\n<td>730\u00d7495\u00d7630<\/td>\n<\/tr>\n<tr>\n<td>Gross dimensions (LxWxH), mm<\/td>\n<td>750\u00d7520\u00d7660<\/td>\n<\/tr>\n<tr>\n<td>Net weight, kg<\/td>\n<td>122<\/td>\n<\/tr>\n<tr>\n<td>Gross weight, kg<\/td>\n<td>130<\/td>\n<\/tr>\n<tr>\n<td>EAN code<\/td>\n<td>4260405362288<\/td>\n<\/tr>\n<\/tbody>\n<\/table>\n<p>Assembled in PRC.<\/p>\n<p>*** Fuel consumption depends on many factors, such as load, fuel quality, season, altitude, technical condition of the generator.<\/p>","protected":false},"featured_media":17686,"template":"","meta":{"_acf_changed":false,"inline_featured_image":false},"product_brand":[],"product_cat":[22,94],"product_tag":[],"class_list":{"0":"post-2760","1":"product","2":"type-product","3":"status-publish","4":"has-post-thumbnail","6":"product_cat-diiselgeneraatorid","7":"product_cat-generaatorid","8":"product_shipping_class-euroalus","9":"brand-konner-sohnen","11":"first","12":"onbackorder","13":"featured","14":"taxable","15":"shipping-taxable","16":"purchasable","17":"product-type-simple"},"acf":[],"yoast_head":"<!-- This site is optimized with the Yoast SEO plugin v27.2 - https:\/\/yoast.com\/product\/yoast-seo-wordpress\/ -->\n<title>Diiselgeneraator KS 9100HDE-1\/3 ATSR (EURO V) - Genekas24<\/title>\n<meta name=\"robots\" content=\"index, follow, max-snippet:-1, max-image-preview:large, max-video-preview:-1\" \/>\n<link rel=\"canonical\" href=\"https:\/\/genekas24.ee\/en\/product\/diesel-generator-ks-9100hde-1-3-atsr-euro-v\/\" \/>\n<meta property=\"og:locale\" content=\"en_GB\" \/>\n<meta property=\"og:type\" content=\"article\" \/>\n<meta property=\"og:title\" content=\"Diiselgeneraator KS 9100HDE-1\/3 ATSR (EURO V) - Genekas24\" \/>\n<meta property=\"og:description\" content=\"Pinge   230\/400     Max\/Nominaalne v\u00f5imsus (230V), kW   6.5\/6.0     Max\/Nominaalne v\u00f5imsus (400V), kW   7.5\/7.0     Sagedus, Hz   50     Vool (max.) 230\/400 V, A   28.26\/13.54    Pistikupesad   1 x CEE 230 V 32 A 1 x CEE 400 V 16 A     Keskmine t\u00f6\u00f6aeg (power 50%), h***   6.1     LED-ekraan   Pinge, sagedus, t\u00f6\u00f6aeg     M\u00fcratase Lpa (7m)\/Lwa, dB   71\/96     V\u00f5imsus DC, V\/\u0410   12\/8.3     Mootori t\u00fc\u00fcp   Diiselmootoriga \u00fchesilindriline, neljataktiline \u00f5hkjahutusega     Mootori mudel   KS 520HD-V     Mootori v\u00f5imsus, hp\/kW   18.0\/13.24     Eelsoojendi +    K\u00fctusepaagi maht, l 11    Karteri maht, l   1.65     Mootori silindri maht, cm3 498    Toitev\u00e4ljundi kontroller   Pinge stabiliseerimiss\u00fcsteem AVR     Mootori k\u00e4ivitamine   Manuaal\/elektriline     Raami l\u00e4bim\u00f5\u00f5t   32 mm, \u00fcmmargune     Aku, A\u00b7h 30    ATS v\u00e4ljund +    Kaitseklass   IP23M    Neto m\u00f5\u00f5dud (PxLxK), mm 730\u00d7495\u00d7630   Bruto m\u00f5\u00f5dud (PxLxK), mm 750\u00d7520\u00d7660   Netokaal, kg 122   Brutokaal, kg 130   EAN kood 4260405362288    Kokku pandud HRV-s.  ***K\u00fctusekulu s\u00f5ltub paljudest teguritest: nagu koormus, k\u00fctuse kvaliteet, aastaaeg, k\u00f5rgus merepinnast, generaatori tehniline seisukord.\" \/>\n<meta property=\"og:url\" content=\"https:\/\/genekas24.ee\/en\/product\/diesel-generator-ks-9100hde-1-3-atsr-euro-v\/\" \/>\n<meta property=\"og:site_name\" content=\"Genekas24\" \/>\n<meta property=\"article:modified_time\" content=\"2026-04-08T17:37:25+00:00\" \/>\n<meta property=\"og:image\" content=\"https:\/\/genekas24.ee\/wp-content\/uploads\/2022\/01\/KS-9100HDE-13-ATSR.png\" \/>\n\t<meta property=\"og:image:width\" content=\"600\" \/>\n\t<meta property=\"og:image:height\" content=\"540\" \/>\n\t<meta property=\"og:image:type\" content=\"image\/png\" \/>\n<meta name=\"twitter:card\" content=\"summary_large_image\" \/>\n<meta name=\"twitter:label1\" content=\"Estimated reading time\" \/>\n\t<meta name=\"twitter:data1\" content=\"4 minutes\" \/>\n<script type=\"application\/ld+json\" class=\"yoast-schema-graph\">{\"@context\":\"https:\/\/schema.org\",\"@graph\":[{\"@type\":\"WebPage\",\"@id\":\"https:\/\/genekas24.ee\/toode\/diiselgeneraator-ks-9100hde-1-3-atsr-euro-v\/\",\"url\":\"https:\/\/genekas24.ee\/toode\/diiselgeneraator-ks-9100hde-1-3-atsr-euro-v\/\",\"name\":\"Diiselgeneraator KS 9100HDE-1\/3 ATSR (EURO V) - Genekas24\",\"isPartOf\":{\"@id\":\"https:\/\/genekas24.ee\/#website\"},\"primaryImageOfPage\":{\"@id\":\"https:\/\/genekas24.ee\/toode\/diiselgeneraator-ks-9100hde-1-3-atsr-euro-v\/#primaryimage\"},\"image\":{\"@id\":\"https:\/\/genekas24.ee\/toode\/diiselgeneraator-ks-9100hde-1-3-atsr-euro-v\/#primaryimage\"},\"thumbnailUrl\":\"https:\/\/genekas24.ee\/wp-content\/uploads\/2022\/01\/KS-9100HDE-13-ATSR.png\",\"datePublished\":\"2022-01-26T12:26:27+00:00\",\"dateModified\":\"2026-04-08T17:37:25+00:00\",\"breadcrumb\":{\"@id\":\"https:\/\/genekas24.ee\/toode\/diiselgeneraator-ks-9100hde-1-3-atsr-euro-v\/#breadcrumb\"},\"inLanguage\":\"en-GB\",\"potentialAction\":[{\"@type\":\"ReadAction\",\"target\":[\"https:\/\/genekas24.ee\/toode\/diiselgeneraator-ks-9100hde-1-3-atsr-euro-v\/\"]}]},{\"@type\":\"ImageObject\",\"inLanguage\":\"en-GB\",\"@id\":\"https:\/\/genekas24.ee\/toode\/diiselgeneraator-ks-9100hde-1-3-atsr-euro-v\/#primaryimage\",\"url\":\"https:\/\/genekas24.ee\/wp-content\/uploads\/2022\/01\/KS-9100HDE-13-ATSR.png\",\"contentUrl\":\"https:\/\/genekas24.ee\/wp-content\/uploads\/2022\/01\/KS-9100HDE-13-ATSR.png\",\"width\":600,\"height\":540},{\"@type\":\"BreadcrumbList\",\"@id\":\"https:\/\/genekas24.ee\/toode\/diiselgeneraator-ks-9100hde-1-3-atsr-euro-v\/#breadcrumb\",\"itemListElement\":[{\"@type\":\"ListItem\",\"position\":1,\"name\":\"Home\",\"item\":\"https:\/\/genekas24.ee\/\"},{\"@type\":\"ListItem\",\"position\":2,\"name\":\"Pood\",\"item\":\"https:\/\/genekas24.ee\/pood\/\"},{\"@type\":\"ListItem\",\"position\":3,\"name\":\"Diiselgeneraator KS 9100HDE-1\/3 ATSR (EURO V)\"}]},{\"@type\":\"WebSite\",\"@id\":\"https:\/\/genekas24.ee\/#website\",\"url\":\"https:\/\/genekas24.ee\/\",\"name\":\"Genekas24\",\"description\":\"Generaatorid | K&ouml;nner S&ouml;hnen tooted | Genekas24\",\"publisher\":{\"@id\":\"https:\/\/genekas24.ee\/#organization\"},\"potentialAction\":[{\"@type\":\"SearchAction\",\"target\":{\"@type\":\"EntryPoint\",\"urlTemplate\":\"https:\/\/genekas24.ee\/?s={search_term_string}\"},\"query-input\":{\"@type\":\"PropertyValueSpecification\",\"valueRequired\":true,\"valueName\":\"search_term_string\"}}],\"inLanguage\":\"en-GB\"},{\"@type\":\"Organization\",\"@id\":\"https:\/\/genekas24.ee\/#organization\",\"name\":\"Genekas24\",\"url\":\"https:\/\/genekas24.ee\/\",\"logo\":{\"@type\":\"ImageObject\",\"inLanguage\":\"en-GB\",\"@id\":\"https:\/\/genekas24.ee\/#\/schema\/logo\/image\/\",\"url\":\"https:\/\/genekas24.ee\/wp-content\/uploads\/2026\/01\/genekas24-logo_black.svg\",\"contentUrl\":\"https:\/\/genekas24.ee\/wp-content\/uploads\/2026\/01\/genekas24-logo_black.svg\",\"width\":840,\"height\":131,\"caption\":\"Genekas24\"},\"image\":{\"@id\":\"https:\/\/genekas24.ee\/#\/schema\/logo\/image\/\"}}]}<\/script>\n<!-- \/ Yoast SEO plugin. -->","yoast_head_json":{"title":"Diiselgeneraator KS 9100HDE-1\/3 ATSR (EURO V) - Genekas24","robots":{"index":"index","follow":"follow","max-snippet":"max-snippet:-1","max-image-preview":"max-image-preview:large","max-video-preview":"max-video-preview:-1"},"canonical":"https:\/\/genekas24.ee\/en\/product\/diesel-generator-ks-9100hde-1-3-atsr-euro-v\/","og_locale":"en_GB","og_type":"article","og_title":"Diiselgeneraator KS 9100HDE-1\/3 ATSR (EURO V) - Genekas24","og_description":"Pinge   230\/400     Max\/Nominaalne v\u00f5imsus (230V), kW   6.5\/6.0     Max\/Nominaalne v\u00f5imsus (400V), kW   7.5\/7.0     Sagedus, Hz   50     Vool (max.) 230\/400 V, A   28.26\/13.54    Pistikupesad   1 x CEE 230 V 32 A 1 x CEE 400 V 16 A     Keskmine t\u00f6\u00f6aeg (power 50%), h***   6.1     LED-ekraan   Pinge, sagedus, t\u00f6\u00f6aeg     M\u00fcratase Lpa (7m)\/Lwa, dB   71\/96     V\u00f5imsus DC, V\/\u0410   12\/8.3     Mootori t\u00fc\u00fcp   Diiselmootoriga \u00fchesilindriline, neljataktiline \u00f5hkjahutusega     Mootori mudel   KS 520HD-V     Mootori v\u00f5imsus, hp\/kW   18.0\/13.24     Eelsoojendi +    K\u00fctusepaagi maht, l 11    Karteri maht, l   1.65     Mootori silindri maht, cm3 498    Toitev\u00e4ljundi kontroller   Pinge stabiliseerimiss\u00fcsteem AVR     Mootori k\u00e4ivitamine   Manuaal\/elektriline     Raami l\u00e4bim\u00f5\u00f5t   32 mm, \u00fcmmargune     Aku, A\u00b7h 30    ATS v\u00e4ljund +    Kaitseklass   IP23M    Neto m\u00f5\u00f5dud (PxLxK), mm 730\u00d7495\u00d7630   Bruto m\u00f5\u00f5dud (PxLxK), mm 750\u00d7520\u00d7660   Netokaal, kg 122   Brutokaal, kg 130   EAN kood 4260405362288    Kokku pandud HRV-s.  ***K\u00fctusekulu s\u00f5ltub paljudest teguritest: nagu koormus, k\u00fctuse kvaliteet, aastaaeg, k\u00f5rgus merepinnast, generaatori tehniline seisukord.","og_url":"https:\/\/genekas24.ee\/en\/product\/diesel-generator-ks-9100hde-1-3-atsr-euro-v\/","og_site_name":"Genekas24","article_modified_time":"2026-04-08T17:37:25+00:00","og_image":[{"width":600,"height":540,"url":"https:\/\/genekas24.ee\/wp-content\/uploads\/2022\/01\/KS-9100HDE-13-ATSR.png","type":"image\/png"}],"twitter_card":"summary_large_image","twitter_misc":{"Estimated reading time":"4 minutes"},"schema":{"@context":"https:\/\/schema.org","@graph":[{"@type":"WebPage","@id":"https:\/\/genekas24.ee\/toode\/diiselgeneraator-ks-9100hde-1-3-atsr-euro-v\/","url":"https:\/\/genekas24.ee\/toode\/diiselgeneraator-ks-9100hde-1-3-atsr-euro-v\/","name":"Diiselgeneraator KS 9100HDE-1\/3 ATSR (EURO V) - Genekas24","isPartOf":{"@id":"https:\/\/genekas24.ee\/#website"},"primaryImageOfPage":{"@id":"https:\/\/genekas24.ee\/toode\/diiselgeneraator-ks-9100hde-1-3-atsr-euro-v\/#primaryimage"},"image":{"@id":"https:\/\/genekas24.ee\/toode\/diiselgeneraator-ks-9100hde-1-3-atsr-euro-v\/#primaryimage"},"thumbnailUrl":"https:\/\/genekas24.ee\/wp-content\/uploads\/2022\/01\/KS-9100HDE-13-ATSR.png","datePublished":"2022-01-26T12:26:27+00:00","dateModified":"2026-04-08T17:37:25+00:00","breadcrumb":{"@id":"https:\/\/genekas24.ee\/toode\/diiselgeneraator-ks-9100hde-1-3-atsr-euro-v\/#breadcrumb"},"inLanguage":"en-GB","potentialAction":[{"@type":"ReadAction","target":["https:\/\/genekas24.ee\/toode\/diiselgeneraator-ks-9100hde-1-3-atsr-euro-v\/"]}]},{"@type":"ImageObject","inLanguage":"en-GB","@id":"https:\/\/genekas24.ee\/toode\/diiselgeneraator-ks-9100hde-1-3-atsr-euro-v\/#primaryimage","url":"https:\/\/genekas24.ee\/wp-content\/uploads\/2022\/01\/KS-9100HDE-13-ATSR.png","contentUrl":"https:\/\/genekas24.ee\/wp-content\/uploads\/2022\/01\/KS-9100HDE-13-ATSR.png","width":600,"height":540},{"@type":"BreadcrumbList","@id":"https:\/\/genekas24.ee\/toode\/diiselgeneraator-ks-9100hde-1-3-atsr-euro-v\/#breadcrumb","itemListElement":[{"@type":"ListItem","position":1,"name":"Home","item":"https:\/\/genekas24.ee\/"},{"@type":"ListItem","position":2,"name":"Pood","item":"https:\/\/genekas24.ee\/pood\/"},{"@type":"ListItem","position":3,"name":"Diiselgeneraator KS 9100HDE-1\/3 ATSR (EURO V)"}]},{"@type":"WebSite","@id":"https:\/\/genekas24.ee\/#website","url":"https:\/\/genekas24.ee\/","name":"Genekas24","description":"Generaatorid | K&ouml;nner S&ouml;hnen tooted | Genekas24","publisher":{"@id":"https:\/\/genekas24.ee\/#organization"},"potentialAction":[{"@type":"SearchAction","target":{"@type":"EntryPoint","urlTemplate":"https:\/\/genekas24.ee\/?s={search_term_string}"},"query-input":{"@type":"PropertyValueSpecification","valueRequired":true,"valueName":"search_term_string"}}],"inLanguage":"en-GB"},{"@type":"Organization","@id":"https:\/\/genekas24.ee\/#organization","name":"Genekas24","url":"https:\/\/genekas24.ee\/","logo":{"@type":"ImageObject","inLanguage":"en-GB","@id":"https:\/\/genekas24.ee\/#\/schema\/logo\/image\/","url":"https:\/\/genekas24.ee\/wp-content\/uploads\/2026\/01\/genekas24-logo_black.svg","contentUrl":"https:\/\/genekas24.ee\/wp-content\/uploads\/2026\/01\/genekas24-logo_black.svg","width":840,"height":131,"caption":"Genekas24"},"image":{"@id":"https:\/\/genekas24.ee\/#\/schema\/logo\/image\/"}}]}},"_links":{"self":[{"href":"https:\/\/genekas24.ee\/en\/wp-json\/wp\/v2\/product\/2760","targetHints":{"allow":["GET"]}}],"collection":[{"href":"https:\/\/genekas24.ee\/en\/wp-json\/wp\/v2\/product"}],"about":[{"href":"https:\/\/genekas24.ee\/en\/wp-json\/wp\/v2\/types\/product"}],"version-history":[{"count":15,"href":"https:\/\/genekas24.ee\/en\/wp-json\/wp\/v2\/product\/2760\/revisions"}],"predecessor-version":[{"id":23097,"href":"https:\/\/genekas24.ee\/en\/wp-json\/wp\/v2\/product\/2760\/revisions\/23097"}],"wp:featuredmedia":[{"embeddable":true,"href":"https:\/\/genekas24.ee\/en\/wp-json\/wp\/v2\/media\/17686"}],"wp:attachment":[{"href":"https:\/\/genekas24.ee\/en\/wp-json\/wp\/v2\/media?parent=2760"}],"wp:term":[{"taxonomy":"product_brand","embeddable":true,"href":"https:\/\/genekas24.ee\/en\/wp-json\/wp\/v2\/product_brand?post=2760"},{"taxonomy":"product_cat","embeddable":true,"href":"https:\/\/genekas24.ee\/en\/wp-json\/wp\/v2\/product_cat?post=2760"},{"taxonomy":"product_tag","embeddable":true,"href":"https:\/\/genekas24.ee\/en\/wp-json\/wp\/v2\/product_tag?post=2760"}],"curies":[{"name":"wp","href":"https:\/\/api.w.org\/{rel}","templated":true}]}}