{"id":23730,"date":"2026-05-15T08:49:09","date_gmt":"2026-05-15T08:49:09","guid":{"rendered":"https:\/\/genekas24.ee\/?post_type=product&#038;p=23730"},"modified":"2026-05-15T08:49:10","modified_gmt":"2026-05-15T08:49:10","slug":"itcpower-diiselgeneraator-dg10000lek-t-240-400v-85kw","status":"publish","type":"product","link":"https:\/\/genekas24.ee\/en\/product\/itcpower-diiselgeneraator-dg10000lek-t-240-400v-85kw\/","title":{"rendered":"ITCPOWER diiselgeneraator DG10000LEK-T 240\/400V 8,5kW"},"content":{"rendered":"<p style=\"font-weight: 400;\">3000 p\/min elektrigeneraator. Ideaalne h\u00e4daolukordadeks kodus v\u00f5i t\u00f6\u00f6l. Seda saab kasutada p\u00e4ikeseenergia varutoiteallikana v\u00f5i suure v\u00f5imsusega masinate jaoks.<\/p>\n<p style=\"font-weight: 400;\">See on generaator, millel on 4-taktiline otsepritsega \u00f5hkjahutusega mootor ja mida on lihtne hooldada.<\/p>\n<p style=\"font-weight: 400;\">Esimene \u00f5livahetus tuleks teha 20 tunni p\u00e4rast. J\u00e4rgnevad \u00f5livahetused tuleks teha iga 100 tunni j\u00e4rel.<\/p>\n<p style=\"font-weight: 400;\">*Soovitatav \u00f5li 4-taktiliste mootorite jaoks: 15W40.<\/p>","protected":false},"excerpt":{"rendered":"<table data-path-to-node=\"2\">\n<tbody>\n<tr>\n<td>Pinge (t\u00e4isv\u00f5imsus)<\/td>\n<td>400 V \/ 230 V<\/td>\n<\/tr>\n<tr>\n<td>Maksimaalne v\u00f5imsus<\/td>\n<td>8,48 kW (400 V) \/ 7,6 kW (230 V)<\/td>\n<\/tr>\n<tr>\n<td>Nimiv\u00f5imsus<\/td>\n<td>8,0 kW (400 V) \/ 7,2 kW (230 V)<\/td>\n<\/tr>\n<tr>\n<td>Voolutugevus<\/td>\n<td>31 A \/ 14,4 A<\/td>\n<\/tr>\n<tr>\n<td>Frequency<\/td>\n<td>50 Hz<\/td>\n<\/tr>\n<tr>\n<td>Outlets<\/td>\n<td>1 x 16 A + 1 x 32 A<\/td>\n<\/tr>\n<tr>\n<td>Engine model<\/td>\n<td>DIESEL D680E<\/td>\n<\/tr>\n<tr>\n<td>Mootori v\u00f5imsus<\/td>\n<td>14,4 hj<\/td>\n<\/tr>\n<tr>\n<td>Mootori t\u00f6\u00f6maht<\/td>\n<td>678 cm\u00b3<\/td>\n<\/tr>\n<tr>\n<td>K\u00e4ivitusmeetod<\/td>\n<td>Elektriline (aku 36 Ah kaasas)<\/td>\n<\/tr>\n<tr>\n<td>K\u00fctusemaht<\/td>\n<td>11 l<\/td>\n<\/tr>\n<tr>\n<td>T\u00f6\u00f6aeg 50% koormusel<\/td>\n<td>5 tundi<\/td>\n<\/tr>\n<tr>\n<td>\u00d5limaht<\/td>\n<td>2,4 l<\/td>\n<\/tr>\n<tr>\n<td>Generaatori mudel<\/td>\n<td>AL8<\/td>\n<\/tr>\n<tr>\n<td>Pingeregulaator<\/td>\n<td>AVR (harjadega)<\/td>\n<\/tr>\n<tr>\n<td>V\u00f5imsustegur<\/td>\n<td>0,8 \/ 1<\/td>\n<\/tr>\n<tr>\n<td>Nutifunktsioonid<\/td>\n<td>ATS valmidus \/ AUTO START<\/td>\n<\/tr>\n<tr>\n<td>LED display<\/td>\n<td>6&#8243;<\/td>\n<\/tr>\n<tr>\n<td>Turvalisus<\/td>\n<td>Madala \u00f5litaseme alarm \/ \u00dclekoormuse indikaator<\/td>\n<\/tr>\n<tr>\n<td>M\u00fcratase (7 m)<\/td>\n<td>79 dBA<\/td>\n<\/tr>\n<tr>\n<td>Kaal<\/td>\n<td>143 kg<\/td>\n<\/tr>\n<tr>\n<td>Toote m\u00f5\u00f5tmed<\/td>\n<td>72 x 67 x 55 cm<\/td>\n<\/tr>\n<tr>\n<td>Karbi m\u00f5\u00f5tmed<\/td>\n<td>74 x 57 x 70 cm<\/td>\n<\/tr>\n<\/tbody>\n<\/table>","protected":false},"featured_media":23731,"template":"","meta":{"_acf_changed":false,"inline_featured_image":false},"product_brand":[],"product_cat":[94,22],"product_tag":[],"class_list":{"0":"post-23730","1":"product","2":"type-product","3":"status-publish","4":"has-post-thumbnail","6":"product_cat-generaatorid","7":"product_cat-diiselgeneraatorid","8":"product_shipping_class-poolalus","9":"brand-itcpower","11":"first","12":"instock","13":"taxable","14":"shipping-taxable","15":"purchasable","16":"product-type-simple"},"acf":[],"yoast_head":"<!-- This site is optimized with the Yoast SEO plugin v27.2 - https:\/\/yoast.com\/product\/yoast-seo-wordpress\/ -->\n<title>ITCPOWER diiselgeneraator DG10000LEK-T 240\/400V 8,5kW - Genekas24<\/title>\n<meta name=\"robots\" content=\"index, follow, max-snippet:-1, max-image-preview:large, max-video-preview:-1\" \/>\n<link rel=\"canonical\" href=\"https:\/\/genekas24.ee\/en\/product\/itcpower-diiselgeneraator-dg10000lek-t-240-400v-85kw\/\" \/>\n<meta property=\"og:locale\" content=\"en_GB\" \/>\n<meta property=\"og:type\" content=\"article\" \/>\n<meta property=\"og:title\" content=\"ITCPOWER diiselgeneraator DG10000LEK-T 240\/400V 8,5kW - Genekas24\" \/>\n<meta property=\"og:description\" content=\"Pinge (t\u00e4isv\u00f5imsus) 400 V \/ 230 V   Maksimaalne v\u00f5imsus 8,48 kW (400 V) \/ 7,6 kW (230 V)   Nimiv\u00f5imsus 8,0 kW (400 V) \/ 7,2 kW (230 V)   Voolutugevus 31 A \/ 14,4 A   Sagedus 50 Hz   Pistikupesad 1 x 16 A + 1 x 32 A   Mootori mudel DIESEL D680E   Mootori v\u00f5imsus 14,4 hj   Mootori t\u00f6\u00f6maht 678 cm\u00b3   K\u00e4ivitusmeetod Elektriline (aku 36 Ah kaasas)   K\u00fctusemaht 11 l   T\u00f6\u00f6aeg 50% koormusel 5 tundi   \u00d5limaht 2,4 l   Generaatori mudel AL8   Pingeregulaator AVR (harjadega)   V\u00f5imsustegur 0,8 \/ 1   Nutifunktsioonid ATS valmidus \/ AUTO START   LED-ekraan 6&quot;   Turvalisus Madala \u00f5litaseme alarm \/ \u00dclekoormuse indikaator   M\u00fcratase (7 m) 79 dBA   Kaal 143 kg   Toote m\u00f5\u00f5tmed 72 x 67 x 55 cm   Karbi m\u00f5\u00f5tmed 74 x 57 x 70 cm\" \/>\n<meta property=\"og:url\" content=\"https:\/\/genekas24.ee\/en\/product\/itcpower-diiselgeneraator-dg10000lek-t-240-400v-85kw\/\" \/>\n<meta property=\"og:site_name\" content=\"Genekas24\" \/>\n<meta property=\"article:modified_time\" content=\"2026-05-15T08:49:10+00:00\" \/>\n<meta property=\"og:image\" content=\"https:\/\/genekas24.ee\/wp-content\/uploads\/2026\/05\/5124-500x500-1.jpeg\" \/>\n\t<meta property=\"og:image:width\" content=\"500\" \/>\n\t<meta property=\"og:image:height\" content=\"500\" \/>\n\t<meta property=\"og:image:type\" content=\"image\/jpeg\" \/>\n<meta name=\"twitter:card\" content=\"summary_large_image\" \/>\n<meta name=\"twitter:label1\" content=\"Estimated reading time\" \/>\n\t<meta name=\"twitter:data1\" content=\"1 minute\" \/>\n<script type=\"application\/ld+json\" class=\"yoast-schema-graph\">{\"@context\":\"https:\/\/schema.org\",\"@graph\":[{\"@type\":\"WebPage\",\"@id\":\"https:\/\/genekas24.ee\/toode\/itcpower-diiselgeneraator-dg10000lek-t-240-400v-85kw\/\",\"url\":\"https:\/\/genekas24.ee\/toode\/itcpower-diiselgeneraator-dg10000lek-t-240-400v-85kw\/\",\"name\":\"ITCPOWER diiselgeneraator DG10000LEK-T 240\/400V 8,5kW - Genekas24\",\"isPartOf\":{\"@id\":\"https:\/\/genekas24.ee\/#website\"},\"primaryImageOfPage\":{\"@id\":\"https:\/\/genekas24.ee\/toode\/itcpower-diiselgeneraator-dg10000lek-t-240-400v-85kw\/#primaryimage\"},\"image\":{\"@id\":\"https:\/\/genekas24.ee\/toode\/itcpower-diiselgeneraator-dg10000lek-t-240-400v-85kw\/#primaryimage\"},\"thumbnailUrl\":\"https:\/\/genekas24.ee\/wp-content\/uploads\/2026\/05\/5124-500x500-1.jpeg\",\"datePublished\":\"2026-05-15T08:49:09+00:00\",\"dateModified\":\"2026-05-15T08:49:10+00:00\",\"breadcrumb\":{\"@id\":\"https:\/\/genekas24.ee\/toode\/itcpower-diiselgeneraator-dg10000lek-t-240-400v-85kw\/#breadcrumb\"},\"inLanguage\":\"en-GB\",\"potentialAction\":[{\"@type\":\"ReadAction\",\"target\":[\"https:\/\/genekas24.ee\/toode\/itcpower-diiselgeneraator-dg10000lek-t-240-400v-85kw\/\"]}]},{\"@type\":\"ImageObject\",\"inLanguage\":\"en-GB\",\"@id\":\"https:\/\/genekas24.ee\/toode\/itcpower-diiselgeneraator-dg10000lek-t-240-400v-85kw\/#primaryimage\",\"url\":\"https:\/\/genekas24.ee\/wp-content\/uploads\/2026\/05\/5124-500x500-1.jpeg\",\"contentUrl\":\"https:\/\/genekas24.ee\/wp-content\/uploads\/2026\/05\/5124-500x500-1.jpeg\",\"width\":500,\"height\":500},{\"@type\":\"BreadcrumbList\",\"@id\":\"https:\/\/genekas24.ee\/toode\/itcpower-diiselgeneraator-dg10000lek-t-240-400v-85kw\/#breadcrumb\",\"itemListElement\":[{\"@type\":\"ListItem\",\"position\":1,\"name\":\"Home\",\"item\":\"https:\/\/genekas24.ee\/\"},{\"@type\":\"ListItem\",\"position\":2,\"name\":\"Pood\",\"item\":\"https:\/\/genekas24.ee\/pood\/\"},{\"@type\":\"ListItem\",\"position\":3,\"name\":\"ITCPOWER diiselgeneraator DG10000LEK-T 240\/400V 8,5kW\"}]},{\"@type\":\"WebSite\",\"@id\":\"https:\/\/genekas24.ee\/#website\",\"url\":\"https:\/\/genekas24.ee\/\",\"name\":\"Genekas24\",\"description\":\"Generaatorid | K&ouml;nner S&ouml;hnen tooted | Genekas24\",\"publisher\":{\"@id\":\"https:\/\/genekas24.ee\/#organization\"},\"potentialAction\":[{\"@type\":\"SearchAction\",\"target\":{\"@type\":\"EntryPoint\",\"urlTemplate\":\"https:\/\/genekas24.ee\/?s={search_term_string}\"},\"query-input\":{\"@type\":\"PropertyValueSpecification\",\"valueRequired\":true,\"valueName\":\"search_term_string\"}}],\"inLanguage\":\"en-GB\"},{\"@type\":\"Organization\",\"@id\":\"https:\/\/genekas24.ee\/#organization\",\"name\":\"Genekas24\",\"url\":\"https:\/\/genekas24.ee\/\",\"logo\":{\"@type\":\"ImageObject\",\"inLanguage\":\"en-GB\",\"@id\":\"https:\/\/genekas24.ee\/#\/schema\/logo\/image\/\",\"url\":\"https:\/\/genekas24.ee\/wp-content\/uploads\/2026\/01\/genekas24-logo_black.svg\",\"contentUrl\":\"https:\/\/genekas24.ee\/wp-content\/uploads\/2026\/01\/genekas24-logo_black.svg\",\"width\":840,\"height\":131,\"caption\":\"Genekas24\"},\"image\":{\"@id\":\"https:\/\/genekas24.ee\/#\/schema\/logo\/image\/\"}}]}<\/script>\n<!-- \/ Yoast SEO plugin. -->","yoast_head_json":{"title":"ITCPOWER diiselgeneraator DG10000LEK-T 240\/400V 8,5kW - Genekas24","robots":{"index":"index","follow":"follow","max-snippet":"max-snippet:-1","max-image-preview":"max-image-preview:large","max-video-preview":"max-video-preview:-1"},"canonical":"https:\/\/genekas24.ee\/en\/product\/itcpower-diiselgeneraator-dg10000lek-t-240-400v-85kw\/","og_locale":"en_GB","og_type":"article","og_title":"ITCPOWER diiselgeneraator DG10000LEK-T 240\/400V 8,5kW - Genekas24","og_description":"Pinge (t\u00e4isv\u00f5imsus) 400 V \/ 230 V   Maksimaalne v\u00f5imsus 8,48 kW (400 V) \/ 7,6 kW (230 V)   Nimiv\u00f5imsus 8,0 kW (400 V) \/ 7,2 kW (230 V)   Voolutugevus 31 A \/ 14,4 A   Sagedus 50 Hz   Pistikupesad 1 x 16 A + 1 x 32 A   Mootori mudel DIESEL D680E   Mootori v\u00f5imsus 14,4 hj   Mootori t\u00f6\u00f6maht 678 cm\u00b3   K\u00e4ivitusmeetod Elektriline (aku 36 Ah kaasas)   K\u00fctusemaht 11 l   T\u00f6\u00f6aeg 50% koormusel 5 tundi   \u00d5limaht 2,4 l   Generaatori mudel AL8   Pingeregulaator AVR (harjadega)   V\u00f5imsustegur 0,8 \/ 1   Nutifunktsioonid ATS valmidus \/ AUTO START   LED-ekraan 6\"   Turvalisus Madala \u00f5litaseme alarm \/ \u00dclekoormuse indikaator   M\u00fcratase (7 m) 79 dBA   Kaal 143 kg   Toote m\u00f5\u00f5tmed 72 x 67 x 55 cm   Karbi m\u00f5\u00f5tmed 74 x 57 x 70 cm","og_url":"https:\/\/genekas24.ee\/en\/product\/itcpower-diiselgeneraator-dg10000lek-t-240-400v-85kw\/","og_site_name":"Genekas24","article_modified_time":"2026-05-15T08:49:10+00:00","og_image":[{"width":500,"height":500,"url":"https:\/\/genekas24.ee\/wp-content\/uploads\/2026\/05\/5124-500x500-1.jpeg","type":"image\/jpeg"}],"twitter_card":"summary_large_image","twitter_misc":{"Estimated reading time":"1 minute"},"schema":{"@context":"https:\/\/schema.org","@graph":[{"@type":"WebPage","@id":"https:\/\/genekas24.ee\/toode\/itcpower-diiselgeneraator-dg10000lek-t-240-400v-85kw\/","url":"https:\/\/genekas24.ee\/toode\/itcpower-diiselgeneraator-dg10000lek-t-240-400v-85kw\/","name":"ITCPOWER diiselgeneraator DG10000LEK-T 240\/400V 8,5kW - Genekas24","isPartOf":{"@id":"https:\/\/genekas24.ee\/#website"},"primaryImageOfPage":{"@id":"https:\/\/genekas24.ee\/toode\/itcpower-diiselgeneraator-dg10000lek-t-240-400v-85kw\/#primaryimage"},"image":{"@id":"https:\/\/genekas24.ee\/toode\/itcpower-diiselgeneraator-dg10000lek-t-240-400v-85kw\/#primaryimage"},"thumbnailUrl":"https:\/\/genekas24.ee\/wp-content\/uploads\/2026\/05\/5124-500x500-1.jpeg","datePublished":"2026-05-15T08:49:09+00:00","dateModified":"2026-05-15T08:49:10+00:00","breadcrumb":{"@id":"https:\/\/genekas24.ee\/toode\/itcpower-diiselgeneraator-dg10000lek-t-240-400v-85kw\/#breadcrumb"},"inLanguage":"en-GB","potentialAction":[{"@type":"ReadAction","target":["https:\/\/genekas24.ee\/toode\/itcpower-diiselgeneraator-dg10000lek-t-240-400v-85kw\/"]}]},{"@type":"ImageObject","inLanguage":"en-GB","@id":"https:\/\/genekas24.ee\/toode\/itcpower-diiselgeneraator-dg10000lek-t-240-400v-85kw\/#primaryimage","url":"https:\/\/genekas24.ee\/wp-content\/uploads\/2026\/05\/5124-500x500-1.jpeg","contentUrl":"https:\/\/genekas24.ee\/wp-content\/uploads\/2026\/05\/5124-500x500-1.jpeg","width":500,"height":500},{"@type":"BreadcrumbList","@id":"https:\/\/genekas24.ee\/toode\/itcpower-diiselgeneraator-dg10000lek-t-240-400v-85kw\/#breadcrumb","itemListElement":[{"@type":"ListItem","position":1,"name":"Home","item":"https:\/\/genekas24.ee\/"},{"@type":"ListItem","position":2,"name":"Pood","item":"https:\/\/genekas24.ee\/pood\/"},{"@type":"ListItem","position":3,"name":"ITCPOWER diiselgeneraator DG10000LEK-T 240\/400V 8,5kW"}]},{"@type":"WebSite","@id":"https:\/\/genekas24.ee\/#website","url":"https:\/\/genekas24.ee\/","name":"Genekas24","description":"Generaatorid | K&ouml;nner S&ouml;hnen tooted | Genekas24","publisher":{"@id":"https:\/\/genekas24.ee\/#organization"},"potentialAction":[{"@type":"SearchAction","target":{"@type":"EntryPoint","urlTemplate":"https:\/\/genekas24.ee\/?s={search_term_string}"},"query-input":{"@type":"PropertyValueSpecification","valueRequired":true,"valueName":"search_term_string"}}],"inLanguage":"en-GB"},{"@type":"Organization","@id":"https:\/\/genekas24.ee\/#organization","name":"Genekas24","url":"https:\/\/genekas24.ee\/","logo":{"@type":"ImageObject","inLanguage":"en-GB","@id":"https:\/\/genekas24.ee\/#\/schema\/logo\/image\/","url":"https:\/\/genekas24.ee\/wp-content\/uploads\/2026\/01\/genekas24-logo_black.svg","contentUrl":"https:\/\/genekas24.ee\/wp-content\/uploads\/2026\/01\/genekas24-logo_black.svg","width":840,"height":131,"caption":"Genekas24"},"image":{"@id":"https:\/\/genekas24.ee\/#\/schema\/logo\/image\/"}}]}},"_links":{"self":[{"href":"https:\/\/genekas24.ee\/en\/wp-json\/wp\/v2\/product\/23730","targetHints":{"allow":["GET"]}}],"collection":[{"href":"https:\/\/genekas24.ee\/en\/wp-json\/wp\/v2\/product"}],"about":[{"href":"https:\/\/genekas24.ee\/en\/wp-json\/wp\/v2\/types\/product"}],"version-history":[{"count":2,"href":"https:\/\/genekas24.ee\/en\/wp-json\/wp\/v2\/product\/23730\/revisions"}],"predecessor-version":[{"id":23741,"href":"https:\/\/genekas24.ee\/en\/wp-json\/wp\/v2\/product\/23730\/revisions\/23741"}],"wp:featuredmedia":[{"embeddable":true,"href":"https:\/\/genekas24.ee\/en\/wp-json\/wp\/v2\/media\/23731"}],"wp:attachment":[{"href":"https:\/\/genekas24.ee\/en\/wp-json\/wp\/v2\/media?parent=23730"}],"wp:term":[{"taxonomy":"product_brand","embeddable":true,"href":"https:\/\/genekas24.ee\/en\/wp-json\/wp\/v2\/product_brand?post=23730"},{"taxonomy":"product_cat","embeddable":true,"href":"https:\/\/genekas24.ee\/en\/wp-json\/wp\/v2\/product_cat?post=23730"},{"taxonomy":"product_tag","embeddable":true,"href":"https:\/\/genekas24.ee\/en\/wp-json\/wp\/v2\/product_tag?post=23730"}],"curies":[{"name":"wp","href":"https:\/\/api.w.org\/{rel}","templated":true}]}}