{"id":23694,"date":"2026-05-14T09:53:26","date_gmt":"2026-05-14T09:53:26","guid":{"rendered":"https:\/\/genekas24.ee\/?post_type=product&#038;p=23694"},"modified":"2026-05-15T09:29:42","modified_gmt":"2026-05-15T09:29:42","slug":"kompak-bensiinigeneraator-k10000tet-df-75kw-dual-fuel","status":"publish","type":"product","link":"https:\/\/genekas24.ee\/en\/product\/kompak-bensiinigeneraator-k10000tet-df-75kw-dual-fuel\/","title":{"rendered":"KOMPAK bensiinigeneraator K10000TET-DF 7,5kW DUAL-FUEL"},"content":{"rendered":"<p style=\"font-weight: 400;\"><strong>KOMPAK K10000TET-DF<\/strong> generaator 6750W 230V\/400V (KAHEKORDNE K\u00dcTUS) on KOMPAKi \u00f6konoomne generaator. K10000TET-DF pakub maksimaalset v\u00f5imsust 7500W (230V) ja pidevat v\u00f5imsust 6750W (230V). KOMPAKil on ka v\u00f5imas 459cc neljataktiline mootor. See mudel on varustatud ka LPG-\u00fchendusega, mis v\u00f5imaldab tal t\u00f6\u00f6tada LPG-ga.<\/p>\n<p style=\"font-weight: 400;\"><strong>Mobiilsus<\/strong><\/p>\n<p style=\"font-weight: 400;\">Bensiinigeneraatorid on \u00fcldiselt kaasaskantavamad ja oluliselt kergemad kui diiselgeneraatorid, mist\u00f5ttu on neid lihtne liigutada. See teeb need ideaalseks kasutamiseks kohtades, kus puudub p\u00fcsiv elektrivarustus, n\u00e4iteks ehitusplatsidel ja k\u00e4mpingutes. Seda t\u00fc\u00fcpi kasutatakse sageli ka varugeneraatorina, kuna paljud meie generaatorid on standardvarustuses torkekindlate ratastega v\u00f5i neid saab ratastega laiendada, mis muudab nende liigutamise \u00e4\u00e4rmiselt lihtsaks isegi keerulistes kohtades.<\/p>\n<p style=\"font-weight: 400;\"><strong>Kohene v\u00f5imsus<\/strong><\/p>\n<p style=\"font-weight: 400;\">Bensiinigeneraatorid pakuvad sageli kohest v\u00f5imsust ja on v\u00f5imelised tootma m\u00e4rkimisv\u00e4\u00e4rses koguses elektrit. See on kasulik raskemate seadmete v\u00f5i mitme seadme samaaegseks toiteks. Enamikku bensiinigeneraatoreid saab k\u00e4ivitada elektriliselt. Palun kontrollige selle kohta loetletud spetsifikatsioone\/fotosid.<\/p>\n<p style=\"font-weight: 400;\"><strong>K\u00fctus ja \u00f5li<\/strong><\/p>\n<p style=\"font-weight: 400;\">Bensiin on \u00fcldiselt kergemini k\u00e4ttesaadav kui muud k\u00fctused, n\u00e4iteks diisel v\u00f5i propaan. See muudab selle kasulikuks h\u00e4daolukordades v\u00f5i kohtades, kus muid k\u00fctuseid on raske hankida (varugeneraator). K\u00f5ik meie usaldusv\u00e4\u00e4rsed ITCPOWER generaatorid t\u00f6\u00f6tavad standardvarustuses bensiiniga. Olenemata sellest, kas tegemist on Euro 95\/98\/Aspeni v\u00f5i Oecokrafti k\u00fctusega, pole sellel tegelikult vahet, peaasi, et see oleks puhas. M\u00f5ned mudelid on varustatud LPG-\u00fchendusega, kui see on m\u00e4rgitud (DF\/DUAL FUEL). \u00d5li osas soovitame kasutada 4T 15W40 \u00f5li. See on parim \u00f5li pikaajalise j\u00f5udluse tagamiseks. Lisaks on k\u00f5ik meie bensiinigeneraatorid v\u00e4ga k\u00fctuses\u00e4\u00e4stlikud ja t\u00e4is paagiga saate pikka aega v\u00f5imsust nautida.<\/p>\n<p style=\"font-weight: 400;\"><strong>Muutuvad v\u00f5imsustasemed<\/strong><\/p>\n<p style=\"font-weight: 400;\">Bensiinigeneraatorid on saadaval erinevate v\u00f5imsustasemetega, nii et saate valida oma vajadustele vastava mudeli, n\u00e4iteks 230 V v\u00f5i 400 V \u00fchenduse. Lisaks on bensiinigeneraatoritel eeliseks see, et nad suudavad kiiresti ja suhteliselt madala ostuhinnaga palju v\u00f5imsust tarnida. Ja seda v\u00f5rreldes diisel- v\u00f5i invertergeneraatoriga!<\/p>\n<p style=\"font-weight: 400;\"><strong>Hooldus<\/strong><\/p>\n<p style=\"font-weight: 400;\">Bensiinigeneraatoreid on diisel- v\u00f5i muud t\u00fc\u00fcpi generaatoritega v\u00f5rreldes lihtsam hooldada. Neil on \u00fcldiselt lihtsad mootorid, mida on lihtne hooldada. K\u00f5igele p\u00e4\u00e4sete h\u00f5lpsalt ligi ja vajadusel saab seda parandada! Vajate varuosi? V\u00f5tke meiega \u00fchendust!<\/p>","protected":false},"excerpt":{"rendered":"<table data-path-to-node=\"2\">\n<tbody>\n<tr>\n<td>Maksimaalne v\u00f5imsus<\/td>\n<td>\n<p data-path-to-node=\"2,1,1,0\">Bensiin: 7200W (230V) \/ 10,0 kVA (400V)<\/p>\n<p>&nbsp;<\/p>\n<p data-path-to-node=\"2,1,1,2\">LPG: 6500W (230V) \/ 9,0 kVA (400V)<\/p>\n<\/td>\n<\/tr>\n<tr>\n<td>Pidevv\u00f5imsus (Nimiv\u00f5imsus)<\/td>\n<td>\n<p data-path-to-node=\"2,2,1,0\">Bensiin: 6750W (230V) \/ 9,4 kVA (400V)<\/p>\n<p>&nbsp;<\/p>\n<p data-path-to-node=\"2,2,1,2\">LPG: 6100W (230V) \/ 8,5 kVA (400V)<\/p>\n<\/td>\n<\/tr>\n<tr>\n<td>Pinge ja sagedus<\/td>\n<td>230V &amp; 400V \/ 50 Hz<\/td>\n<\/tr>\n<tr>\n<td>Outlets<\/td>\n<td>1 x 32A (400V, PCE5P) \/ 1 x 32A (230V) \/ 1 x 12V DC (8A)<\/td>\n<\/tr>\n<tr>\n<td>Pinge reguleerimine<\/td>\n<td>AVR (+\/- 1%)<\/td>\n<\/tr>\n<tr>\n<td>Mootor<\/td>\n<td>K460 (459 cm\u00b3), Full POWER mudel<\/td>\n<\/tr>\n<tr>\n<td>K\u00e4ivitusmeetod<\/td>\n<td>Manuaalne ja elektriline (Aku on komplektis)<\/td>\n<\/tr>\n<tr>\n<td>K\u00fctusepaagi maht<\/td>\n<td>25 L (bensiin)<\/td>\n<\/tr>\n<tr>\n<td>K\u00fctusekulu<\/td>\n<td>\n<p data-path-to-node=\"2,9,1,0\">Bensiin: u 2 l\/h (50% koormusel)<\/p>\n<p>&nbsp;<\/p>\n<p data-path-to-node=\"2,9,1,2\">LPG: 1,5 \u2013 2,5 kg\/h<\/p>\n<\/td>\n<\/tr>\n<tr>\n<td>M\u00fcratase (7 m)<\/td>\n<td>72 dBA<\/td>\n<\/tr>\n<tr>\n<td>\u00d5limahuti ja -t\u00fc\u00fcp<\/td>\n<td>1,1 L \/ 15W40 \u00f5li<\/td>\n<\/tr>\n<tr>\n<td>Kaitses\u00fcsteemid<\/td>\n<td>\u00d5lialarm ja \u00fclekoormuse indikaator<\/td>\n<\/tr>\n<tr>\n<td>M\u00f5\u00f5tmed (P x L x K)<\/td>\n<td>852 x 570 x 642 mm<\/td>\n<\/tr>\n<tr>\n<td>Kaal<\/td>\n<td>95 kg<\/td>\n<\/tr>\n<tr>\n<td>Lisavarustus<\/td>\n<td>Gaasivoolik (EL-\u00fchendus, 27-30 mbar) kaasas<\/td>\n<\/tr>\n<\/tbody>\n<\/table>","protected":false},"featured_media":23696,"template":"","meta":{"_acf_changed":false,"inline_featured_image":false},"product_brand":[],"product_cat":[94,24],"product_tag":[],"class_list":{"0":"post-23694","1":"product","2":"type-product","3":"status-publish","4":"has-post-thumbnail","6":"product_cat-generaatorid","7":"product_cat-lpg-bensiinigeneraatorid","8":"product_shipping_class-poolalus","9":"brand-kompak","11":"first","12":"instock","13":"taxable","14":"shipping-taxable","15":"purchasable","16":"product-type-simple"},"acf":[],"yoast_head":"<!-- This site is optimized with the Yoast SEO plugin v27.2 - https:\/\/yoast.com\/product\/yoast-seo-wordpress\/ -->\n<title>KOMPAK bensiinigeneraator K10000TET-DF 7,5kW DUAL-FUEL - Genekas24<\/title>\n<meta name=\"robots\" content=\"index, follow, max-snippet:-1, max-image-preview:large, max-video-preview:-1\" \/>\n<link rel=\"canonical\" href=\"https:\/\/genekas24.ee\/en\/product\/kompak-bensiinigeneraator-k10000tet-df-75kw-dual-fuel\/\" \/>\n<meta property=\"og:locale\" content=\"en_GB\" \/>\n<meta property=\"og:type\" content=\"article\" \/>\n<meta property=\"og:title\" content=\"KOMPAK bensiinigeneraator K10000TET-DF 7,5kW DUAL-FUEL - Genekas24\" \/>\n<meta property=\"og:description\" content=\"Maksimaalne v\u00f5imsus  Bensiin: 7200W (230V) \/ 10,0 kVA (400V) &nbsp; LPG: 6500W (230V) \/ 9,0 kVA (400V)    Pidevv\u00f5imsus (Nimiv\u00f5imsus)  Bensiin: 6750W (230V) \/ 9,4 kVA (400V) &nbsp; LPG: 6100W (230V) \/ 8,5 kVA (400V)    Pinge ja sagedus 230V &amp; 400V \/ 50 Hz   Pistikupesad 1 x 32A (400V, PCE5P) \/ 1 x 32A (230V) \/ 1 x 12V DC (8A)   Pinge reguleerimine AVR (+\/- 1%)   Mootor K460 (459 cm\u00b3), Full POWER mudel   K\u00e4ivitusmeetod Manuaalne ja elektriline (Aku on komplektis)   K\u00fctusepaagi maht 25 L (bensiin)   K\u00fctusekulu  Bensiin: u 2 l\/h (50% koormusel) &nbsp; LPG: 1,5 \u2013 2,5 kg\/h    M\u00fcratase (7 m) 72 dBA   \u00d5limahuti ja -t\u00fc\u00fcp 1,1 L \/ 15W40 \u00f5li   Kaitses\u00fcsteemid \u00d5lialarm ja \u00fclekoormuse indikaator   M\u00f5\u00f5tmed (P x L x K) 852 x 570 x 642 mm   Kaal 95 kg   Lisavarustus Gaasivoolik (EL-\u00fchendus, 27-30 mbar) kaasas\" \/>\n<meta property=\"og:url\" content=\"https:\/\/genekas24.ee\/en\/product\/kompak-bensiinigeneraator-k10000tet-df-75kw-dual-fuel\/\" \/>\n<meta property=\"og:site_name\" content=\"Genekas24\" \/>\n<meta property=\"article:modified_time\" content=\"2026-05-15T09:29:42+00:00\" \/>\n<meta property=\"og:image\" content=\"https:\/\/genekas24.ee\/wp-content\/uploads\/2026\/05\/2829-500x500-1.jpeg\" \/>\n\t<meta property=\"og:image:width\" content=\"500\" \/>\n\t<meta property=\"og:image:height\" content=\"500\" \/>\n\t<meta property=\"og:image:type\" content=\"image\/jpeg\" \/>\n<meta name=\"twitter:card\" content=\"summary_large_image\" \/>\n<meta name=\"twitter:label1\" content=\"Estimated reading time\" \/>\n\t<meta name=\"twitter:data1\" content=\"2 minutes\" \/>\n<script type=\"application\/ld+json\" class=\"yoast-schema-graph\">{\"@context\":\"https:\/\/schema.org\",\"@graph\":[{\"@type\":\"WebPage\",\"@id\":\"https:\/\/genekas24.ee\/toode\/kompak-bensiinigeneraator-k10000tet-df-75kw-dual-fuel\/\",\"url\":\"https:\/\/genekas24.ee\/toode\/kompak-bensiinigeneraator-k10000tet-df-75kw-dual-fuel\/\",\"name\":\"KOMPAK bensiinigeneraator K10000TET-DF 7,5kW DUAL-FUEL - Genekas24\",\"isPartOf\":{\"@id\":\"https:\/\/genekas24.ee\/#website\"},\"primaryImageOfPage\":{\"@id\":\"https:\/\/genekas24.ee\/toode\/kompak-bensiinigeneraator-k10000tet-df-75kw-dual-fuel\/#primaryimage\"},\"image\":{\"@id\":\"https:\/\/genekas24.ee\/toode\/kompak-bensiinigeneraator-k10000tet-df-75kw-dual-fuel\/#primaryimage\"},\"thumbnailUrl\":\"https:\/\/genekas24.ee\/wp-content\/uploads\/2026\/05\/2829-500x500-1.jpeg\",\"datePublished\":\"2026-05-14T09:53:26+00:00\",\"dateModified\":\"2026-05-15T09:29:42+00:00\",\"breadcrumb\":{\"@id\":\"https:\/\/genekas24.ee\/toode\/kompak-bensiinigeneraator-k10000tet-df-75kw-dual-fuel\/#breadcrumb\"},\"inLanguage\":\"en-GB\",\"potentialAction\":[{\"@type\":\"ReadAction\",\"target\":[\"https:\/\/genekas24.ee\/toode\/kompak-bensiinigeneraator-k10000tet-df-75kw-dual-fuel\/\"]}]},{\"@type\":\"ImageObject\",\"inLanguage\":\"en-GB\",\"@id\":\"https:\/\/genekas24.ee\/toode\/kompak-bensiinigeneraator-k10000tet-df-75kw-dual-fuel\/#primaryimage\",\"url\":\"https:\/\/genekas24.ee\/wp-content\/uploads\/2026\/05\/2829-500x500-1.jpeg\",\"contentUrl\":\"https:\/\/genekas24.ee\/wp-content\/uploads\/2026\/05\/2829-500x500-1.jpeg\",\"width\":500,\"height\":500},{\"@type\":\"BreadcrumbList\",\"@id\":\"https:\/\/genekas24.ee\/toode\/kompak-bensiinigeneraator-k10000tet-df-75kw-dual-fuel\/#breadcrumb\",\"itemListElement\":[{\"@type\":\"ListItem\",\"position\":1,\"name\":\"Home\",\"item\":\"https:\/\/genekas24.ee\/\"},{\"@type\":\"ListItem\",\"position\":2,\"name\":\"Pood\",\"item\":\"https:\/\/genekas24.ee\/pood\/\"},{\"@type\":\"ListItem\",\"position\":3,\"name\":\"KOMPAK bensiinigeneraator K10000TET-DF 7,5kW DUAL-FUEL\"}]},{\"@type\":\"WebSite\",\"@id\":\"https:\/\/genekas24.ee\/#website\",\"url\":\"https:\/\/genekas24.ee\/\",\"name\":\"Genekas24\",\"description\":\"Generaatorid | K&ouml;nner S&ouml;hnen tooted | Genekas24\",\"publisher\":{\"@id\":\"https:\/\/genekas24.ee\/#organization\"},\"potentialAction\":[{\"@type\":\"SearchAction\",\"target\":{\"@type\":\"EntryPoint\",\"urlTemplate\":\"https:\/\/genekas24.ee\/?s={search_term_string}\"},\"query-input\":{\"@type\":\"PropertyValueSpecification\",\"valueRequired\":true,\"valueName\":\"search_term_string\"}}],\"inLanguage\":\"en-GB\"},{\"@type\":\"Organization\",\"@id\":\"https:\/\/genekas24.ee\/#organization\",\"name\":\"Genekas24\",\"url\":\"https:\/\/genekas24.ee\/\",\"logo\":{\"@type\":\"ImageObject\",\"inLanguage\":\"en-GB\",\"@id\":\"https:\/\/genekas24.ee\/#\/schema\/logo\/image\/\",\"url\":\"https:\/\/genekas24.ee\/wp-content\/uploads\/2026\/01\/genekas24-logo_black.svg\",\"contentUrl\":\"https:\/\/genekas24.ee\/wp-content\/uploads\/2026\/01\/genekas24-logo_black.svg\",\"width\":840,\"height\":131,\"caption\":\"Genekas24\"},\"image\":{\"@id\":\"https:\/\/genekas24.ee\/#\/schema\/logo\/image\/\"}}]}<\/script>\n<!-- \/ Yoast SEO plugin. -->","yoast_head_json":{"title":"KOMPAK bensiinigeneraator K10000TET-DF 7,5kW DUAL-FUEL - Genekas24","robots":{"index":"index","follow":"follow","max-snippet":"max-snippet:-1","max-image-preview":"max-image-preview:large","max-video-preview":"max-video-preview:-1"},"canonical":"https:\/\/genekas24.ee\/en\/product\/kompak-bensiinigeneraator-k10000tet-df-75kw-dual-fuel\/","og_locale":"en_GB","og_type":"article","og_title":"KOMPAK bensiinigeneraator K10000TET-DF 7,5kW DUAL-FUEL - Genekas24","og_description":"Maksimaalne v\u00f5imsus  Bensiin: 7200W (230V) \/ 10,0 kVA (400V) &nbsp; LPG: 6500W (230V) \/ 9,0 kVA (400V)    Pidevv\u00f5imsus (Nimiv\u00f5imsus)  Bensiin: 6750W (230V) \/ 9,4 kVA (400V) &nbsp; LPG: 6100W (230V) \/ 8,5 kVA (400V)    Pinge ja sagedus 230V &amp; 400V \/ 50 Hz   Pistikupesad 1 x 32A (400V, PCE5P) \/ 1 x 32A (230V) \/ 1 x 12V DC (8A)   Pinge reguleerimine AVR (+\/- 1%)   Mootor K460 (459 cm\u00b3), Full POWER mudel   K\u00e4ivitusmeetod Manuaalne ja elektriline (Aku on komplektis)   K\u00fctusepaagi maht 25 L (bensiin)   K\u00fctusekulu  Bensiin: u 2 l\/h (50% koormusel) &nbsp; LPG: 1,5 \u2013 2,5 kg\/h    M\u00fcratase (7 m) 72 dBA   \u00d5limahuti ja -t\u00fc\u00fcp 1,1 L \/ 15W40 \u00f5li   Kaitses\u00fcsteemid \u00d5lialarm ja \u00fclekoormuse indikaator   M\u00f5\u00f5tmed (P x L x K) 852 x 570 x 642 mm   Kaal 95 kg   Lisavarustus Gaasivoolik (EL-\u00fchendus, 27-30 mbar) kaasas","og_url":"https:\/\/genekas24.ee\/en\/product\/kompak-bensiinigeneraator-k10000tet-df-75kw-dual-fuel\/","og_site_name":"Genekas24","article_modified_time":"2026-05-15T09:29:42+00:00","og_image":[{"width":500,"height":500,"url":"https:\/\/genekas24.ee\/wp-content\/uploads\/2026\/05\/2829-500x500-1.jpeg","type":"image\/jpeg"}],"twitter_card":"summary_large_image","twitter_misc":{"Estimated reading time":"2 minutes"},"schema":{"@context":"https:\/\/schema.org","@graph":[{"@type":"WebPage","@id":"https:\/\/genekas24.ee\/toode\/kompak-bensiinigeneraator-k10000tet-df-75kw-dual-fuel\/","url":"https:\/\/genekas24.ee\/toode\/kompak-bensiinigeneraator-k10000tet-df-75kw-dual-fuel\/","name":"KOMPAK bensiinigeneraator K10000TET-DF 7,5kW DUAL-FUEL - Genekas24","isPartOf":{"@id":"https:\/\/genekas24.ee\/#website"},"primaryImageOfPage":{"@id":"https:\/\/genekas24.ee\/toode\/kompak-bensiinigeneraator-k10000tet-df-75kw-dual-fuel\/#primaryimage"},"image":{"@id":"https:\/\/genekas24.ee\/toode\/kompak-bensiinigeneraator-k10000tet-df-75kw-dual-fuel\/#primaryimage"},"thumbnailUrl":"https:\/\/genekas24.ee\/wp-content\/uploads\/2026\/05\/2829-500x500-1.jpeg","datePublished":"2026-05-14T09:53:26+00:00","dateModified":"2026-05-15T09:29:42+00:00","breadcrumb":{"@id":"https:\/\/genekas24.ee\/toode\/kompak-bensiinigeneraator-k10000tet-df-75kw-dual-fuel\/#breadcrumb"},"inLanguage":"en-GB","potentialAction":[{"@type":"ReadAction","target":["https:\/\/genekas24.ee\/toode\/kompak-bensiinigeneraator-k10000tet-df-75kw-dual-fuel\/"]}]},{"@type":"ImageObject","inLanguage":"en-GB","@id":"https:\/\/genekas24.ee\/toode\/kompak-bensiinigeneraator-k10000tet-df-75kw-dual-fuel\/#primaryimage","url":"https:\/\/genekas24.ee\/wp-content\/uploads\/2026\/05\/2829-500x500-1.jpeg","contentUrl":"https:\/\/genekas24.ee\/wp-content\/uploads\/2026\/05\/2829-500x500-1.jpeg","width":500,"height":500},{"@type":"BreadcrumbList","@id":"https:\/\/genekas24.ee\/toode\/kompak-bensiinigeneraator-k10000tet-df-75kw-dual-fuel\/#breadcrumb","itemListElement":[{"@type":"ListItem","position":1,"name":"Home","item":"https:\/\/genekas24.ee\/"},{"@type":"ListItem","position":2,"name":"Pood","item":"https:\/\/genekas24.ee\/pood\/"},{"@type":"ListItem","position":3,"name":"KOMPAK bensiinigeneraator K10000TET-DF 7,5kW DUAL-FUEL"}]},{"@type":"WebSite","@id":"https:\/\/genekas24.ee\/#website","url":"https:\/\/genekas24.ee\/","name":"Genekas24","description":"Generaatorid | K&ouml;nner S&ouml;hnen tooted | Genekas24","publisher":{"@id":"https:\/\/genekas24.ee\/#organization"},"potentialAction":[{"@type":"SearchAction","target":{"@type":"EntryPoint","urlTemplate":"https:\/\/genekas24.ee\/?s={search_term_string}"},"query-input":{"@type":"PropertyValueSpecification","valueRequired":true,"valueName":"search_term_string"}}],"inLanguage":"en-GB"},{"@type":"Organization","@id":"https:\/\/genekas24.ee\/#organization","name":"Genekas24","url":"https:\/\/genekas24.ee\/","logo":{"@type":"ImageObject","inLanguage":"en-GB","@id":"https:\/\/genekas24.ee\/#\/schema\/logo\/image\/","url":"https:\/\/genekas24.ee\/wp-content\/uploads\/2026\/01\/genekas24-logo_black.svg","contentUrl":"https:\/\/genekas24.ee\/wp-content\/uploads\/2026\/01\/genekas24-logo_black.svg","width":840,"height":131,"caption":"Genekas24"},"image":{"@id":"https:\/\/genekas24.ee\/#\/schema\/logo\/image\/"}}]}},"_links":{"self":[{"href":"https:\/\/genekas24.ee\/en\/wp-json\/wp\/v2\/product\/23694","targetHints":{"allow":["GET"]}}],"collection":[{"href":"https:\/\/genekas24.ee\/en\/wp-json\/wp\/v2\/product"}],"about":[{"href":"https:\/\/genekas24.ee\/en\/wp-json\/wp\/v2\/types\/product"}],"version-history":[{"count":3,"href":"https:\/\/genekas24.ee\/en\/wp-json\/wp\/v2\/product\/23694\/revisions"}],"predecessor-version":[{"id":23776,"href":"https:\/\/genekas24.ee\/en\/wp-json\/wp\/v2\/product\/23694\/revisions\/23776"}],"wp:featuredmedia":[{"embeddable":true,"href":"https:\/\/genekas24.ee\/en\/wp-json\/wp\/v2\/media\/23696"}],"wp:attachment":[{"href":"https:\/\/genekas24.ee\/en\/wp-json\/wp\/v2\/media?parent=23694"}],"wp:term":[{"taxonomy":"product_brand","embeddable":true,"href":"https:\/\/genekas24.ee\/en\/wp-json\/wp\/v2\/product_brand?post=23694"},{"taxonomy":"product_cat","embeddable":true,"href":"https:\/\/genekas24.ee\/en\/wp-json\/wp\/v2\/product_cat?post=23694"},{"taxonomy":"product_tag","embeddable":true,"href":"https:\/\/genekas24.ee\/en\/wp-json\/wp\/v2\/product_tag?post=23694"}],"curies":[{"name":"wp","href":"https:\/\/api.w.org\/{rel}","templated":true}]}}