{"id":23685,"date":"2026-05-14T09:44:28","date_gmt":"2026-05-14T09:44:28","guid":{"rendered":"https:\/\/genekas24.ee\/?post_type=product&#038;p=23685"},"modified":"2026-05-15T09:29:49","modified_gmt":"2026-05-15T09:29:49","slug":"kompak-bensiinigeneraator-k4000s-df-33kw-dual-fuel","status":"publish","type":"product","link":"https:\/\/genekas24.ee\/en\/product\/kompak-bensiinigeneraator-k4000s-df-33kw-dual-fuel\/","title":{"rendered":"KOMPAK bensiinigeneraator K4000S-DF 3,3kW DUAL-FUEL"},"content":{"rendered":"<p style=\"font-weight: 400;\"><strong>KOMPAK K4000S-DF<\/strong> generaator 3000W 230V (KAHEKORDNE K\u00dcTUS) on KOMPAKi \u00f6konoomne generaator. K4000S-DF pakub maksimaalset v\u00f5imsust 3300W ja pidevat v\u00f5imsust 3000W. KOMPAKil on ka v\u00f5imas 223cc neljataktiline mootor. See mudel on varustatud ka LPG-\u00fchendusega, mis v\u00f5imaldab sellel t\u00f6\u00f6tada LPG-ga.<\/p>\n<p style=\"font-weight: 400;\"><strong>Mobiilsus<\/strong><\/p>\n<p style=\"font-weight: 400;\">Bensiinigeneraatorid on \u00fcldiselt kaasaskantavamad ja oluliselt kergemad kui diiselgeneraatorid, mist\u00f5ttu on neid lihtne teisaldada. See teeb need ideaalseks kasutamiseks kohtades, kus puudub p\u00fcsiv elektrivarustus, n\u00e4iteks ehitusplatsidel ja k\u00e4mpingutes. Seda t\u00fc\u00fcpi kasutatakse sageli ka avariigeneraatorina, kuna paljud meie generaatorid on standardvarustuses torkekindlate ratastega v\u00f5i neid saab ratastega t\u00e4iendada, mist\u00f5ttu on neid \u00e4\u00e4rmiselt lihtne teisaldada isegi keerulistes kohtades.<\/p>\n<p style=\"font-weight: 400;\"><strong>Kohene v\u00f5imsus<\/strong><\/p>\n<p style=\"font-weight: 400;\">Bensiinigeneraatorid pakuvad sageli kohest v\u00f5imsust ja on v\u00f5imelised tootma m\u00e4rkimisv\u00e4\u00e4rses koguses elektrit. See on kasulik raskemate seadmete v\u00f5i mitme seadme samaaegseks toiteks. Enamikku bensiinigeneraatoreid saab k\u00e4ivitada elektriliselt. Palun kontrollige selle kohta loetletud spetsifikatsioone\/fotosid.<\/p>\n<p style=\"font-weight: 400;\"><strong>K\u00fctus ja \u00f5li<\/strong><\/p>\n<p style=\"font-weight: 400;\">Bensiin on \u00fcldiselt kergemini k\u00e4ttesaadav kui teised k\u00fctused, n\u00e4iteks diisel v\u00f5i propaan. See muudab selle kasulikuks h\u00e4daolukordades v\u00f5i kohtades, kus teisi k\u00fctuseid on raske hankida (avariigeneraator). K\u00f5ik meie usaldusv\u00e4\u00e4rsed ITCPOWER generaatorid t\u00f6\u00f6tavad standardina bensiiniga. Pole vahet, kas tegemist on Euro 95\/98\/Aspeni v\u00f5i Oecokrafti k\u00fctusega, peaasi, et see oleks puhas. M\u00f5ned t\u00fc\u00fcbid on varustatud LPG-\u00fchendusega, kui see on m\u00e4rgitud (DF\/DUAL FUEL). \u00d5li osas soovitame kasutada 4T 15W40 \u00f5li. See on parim \u00f5li pikaajalise j\u00f5udluse tagamiseks. Lisaks on k\u00f5ik meie bensiinigeneraatorid v\u00e4ga k\u00fctuses\u00e4\u00e4stlikud, v\u00f5imaldades teil t\u00e4is paagiga pikka aega v\u00f5imsust nautida.<\/p>\n<p style=\"font-weight: 400;\"><strong>Muudetavad v\u00f5imsustasemed<\/strong><\/p>\n<p style=\"font-weight: 400;\">Bensiinigeneraatorid on saadaval erinevate v\u00f5imsustasemetega, nii et saate valida oma vajadustele vastava mudeli, n\u00e4iteks 230 V v\u00f5i 400 V \u00fchenduse. Lisaks on bensiinigeneraatoritel eeliseks see, et nad suudavad kiiresti ja suhteliselt madala ostuhinnaga palju energiat toota. Ja seda v\u00f5rreldes diisel- v\u00f5i invertergeneraatoriga!<\/p>\n<p style=\"font-weight: 400;\"><strong>Hooldus<\/strong><\/p>\n<p style=\"font-weight: 400;\">Bensiinigeneraatoreid on diisel- v\u00f5i muud t\u00fc\u00fcpi generaatoritega v\u00f5rreldes lihtsam hooldada. Neil on \u00fcldiselt lihtsad mootorid, mida on lihtne hooldada. K\u00f5igele on lihtne ligi p\u00e4\u00e4seda ja vajadusel saab seda parandada! Vajate varuosi? V\u00f5tke meiega \u00fchendust!<\/p>","protected":false},"excerpt":{"rendered":"<table data-path-to-node=\"2\">\n<tbody>\n<tr>\n<td>Maksimaalne v\u00f5imsus<\/td>\n<td><span data-path-to-node=\"2,1,1,0\">Bensiin: 3300 W \/ LPG: 3000 W<\/span><\/td>\n<\/tr>\n<tr>\n<td>Pidevv\u00f5imsus (nimiv\u00f5imsus)<\/td>\n<td><span data-path-to-node=\"2,2,1,0\">Bensiin: 3000 W \/ LPG: 2700 W<\/span><\/td>\n<\/tr>\n<tr>\n<td>Pinge ja sagedus<\/td>\n<td><span data-path-to-node=\"2,3,1,0\">230 V \/ 50 Hz<\/span><\/td>\n<\/tr>\n<tr>\n<td>Nimivoolutugevus<\/td>\n<td><span data-path-to-node=\"2,4,1,0\">14 A (AC) \/ 8 A (12V DC)<\/span><\/td>\n<\/tr>\n<tr>\n<td>Pinge reguleerimine<\/td>\n<td><span data-path-to-node=\"2,5,1,0\">AVR (+\/- 1%)<\/span><\/td>\n<\/tr>\n<tr>\n<td>Mootor<\/td>\n<td><span data-path-to-node=\"2,6,1,0\">K220 (223 cm\u00b3, 7,5 hj)<\/span><\/td>\n<\/tr>\n<tr>\n<td>K\u00e4ivitusmeetod<\/td>\n<td><span data-path-to-node=\"2,7,1,0\">Manuaalne (t\u00f5mbest)<\/span><\/td>\n<\/tr>\n<tr>\n<td>K\u00fctus<\/td>\n<td><span data-path-to-node=\"2,8,1,0\">Bensiin \/ LPG (Soovituslik: Butaan)<\/span><\/td>\n<\/tr>\n<tr>\n<td>K\u00fctusepaagi maht<\/td>\n<td><span data-path-to-node=\"2,9,1,0\">15 L (bensiin)<\/span><\/td>\n<\/tr>\n<tr>\n<td>M\u00fcratase (7 m)<\/td>\n<td><span data-path-to-node=\"2,10,1,0\">68 dBA<\/span><\/td>\n<\/tr>\n<tr>\n<td>Outlets<\/td>\n<td><span data-path-to-node=\"2,11,1,0\">2 x 16A (230V) \/ 1 x 12V DC<\/span><\/td>\n<\/tr>\n<tr>\n<td>\u00d5limahuti ja t\u00fc\u00fcp<\/td>\n<td><span data-path-to-node=\"2,12,1,0\">0,6 L \/ 15W40 \u00f5li<\/span><\/td>\n<\/tr>\n<tr>\n<td>Kaitses\u00fcsteemid<\/td>\n<td><span data-path-to-node=\"2,13,1,0\">\u00d5lialarm ja \u00fclekoormuse indikaator<\/span><\/td>\n<\/tr>\n<tr>\n<td>M\u00f5\u00f5tmed (P x L x K)<\/td>\n<td><span data-path-to-node=\"2,14,1,0\">610 x 475 x 495 mm<\/span><\/td>\n<\/tr>\n<tr>\n<td>Kaal<\/td>\n<td><span data-path-to-node=\"2,15,1,0\">50 kg<\/span><\/td>\n<\/tr>\n<tr>\n<td>Lisavarustus<\/td>\n<td><span data-path-to-node=\"2,16,1,0\">Gaasivoolik kaasas (27\u201330 mbar)<\/span><\/td>\n<\/tr>\n<tr>\n<td>Muu info<\/td>\n<td><span data-path-to-node=\"2,17,1,0\">Aku, ATS-\u00fchendus ja gaasiballoon puuduvad<\/span><\/td>\n<\/tr>\n<\/tbody>\n<\/table>","protected":false},"featured_media":23686,"template":"","meta":{"_acf_changed":false,"inline_featured_image":false},"product_brand":[],"product_cat":[94,24],"product_tag":[],"class_list":{"0":"post-23685","1":"product","2":"type-product","3":"status-publish","4":"has-post-thumbnail","6":"product_cat-generaatorid","7":"product_cat-lpg-bensiinigeneraatorid","8":"product_shipping_class-poolalus","9":"brand-kompak","11":"first","12":"instock","13":"taxable","14":"shipping-taxable","15":"purchasable","16":"product-type-simple"},"acf":[],"yoast_head":"<!-- This site is optimized with the Yoast SEO plugin v27.2 - https:\/\/yoast.com\/product\/yoast-seo-wordpress\/ -->\n<title>KOMPAK bensiinigeneraator K4000S-DF 3,3kW DUAL-FUEL - Genekas24<\/title>\n<meta name=\"robots\" content=\"index, follow, max-snippet:-1, max-image-preview:large, max-video-preview:-1\" \/>\n<link rel=\"canonical\" href=\"https:\/\/genekas24.ee\/en\/product\/kompak-bensiinigeneraator-k4000s-df-33kw-dual-fuel\/\" \/>\n<meta property=\"og:locale\" content=\"en_GB\" \/>\n<meta property=\"og:type\" content=\"article\" \/>\n<meta property=\"og:title\" content=\"KOMPAK bensiinigeneraator K4000S-DF 3,3kW DUAL-FUEL - Genekas24\" \/>\n<meta property=\"og:description\" content=\"Maksimaalne v\u00f5imsus Bensiin: 3300 W \/ LPG: 3000 W   Pidevv\u00f5imsus (nimiv\u00f5imsus) Bensiin: 3000 W \/ LPG: 2700 W   Pinge ja sagedus 230 V \/ 50 Hz   Nimivoolutugevus 14 A (AC) \/ 8 A (12V DC)   Pinge reguleerimine AVR (+\/- 1%)   Mootor K220 (223 cm\u00b3, 7,5 hj)   K\u00e4ivitusmeetod Manuaalne (t\u00f5mbest)   K\u00fctus Bensiin \/ LPG (Soovituslik: Butaan)   K\u00fctusepaagi maht 15 L (bensiin)   M\u00fcratase (7 m) 68 dBA   Pistikupesad 2 x 16A (230V) \/ 1 x 12V DC   \u00d5limahuti ja t\u00fc\u00fcp 0,6 L \/ 15W40 \u00f5li   Kaitses\u00fcsteemid \u00d5lialarm ja \u00fclekoormuse indikaator   M\u00f5\u00f5tmed (P x L x K) 610 x 475 x 495 mm   Kaal 50 kg   Lisavarustus Gaasivoolik kaasas (27\u201330 mbar)   Muu info Aku, ATS-\u00fchendus ja gaasiballoon puuduvad\" \/>\n<meta property=\"og:url\" content=\"https:\/\/genekas24.ee\/en\/product\/kompak-bensiinigeneraator-k4000s-df-33kw-dual-fuel\/\" \/>\n<meta property=\"og:site_name\" content=\"Genekas24\" \/>\n<meta property=\"article:modified_time\" content=\"2026-05-15T09:29:49+00:00\" \/>\n<meta property=\"og:image\" content=\"https:\/\/genekas24.ee\/wp-content\/uploads\/2026\/05\/Bgenerador-gas-y-gasolina-kompak-3300-watt-k4000s-df-500x500-1.jpeg\" \/>\n\t<meta property=\"og:image:width\" content=\"500\" \/>\n\t<meta property=\"og:image:height\" content=\"500\" \/>\n\t<meta property=\"og:image:type\" content=\"image\/jpeg\" \/>\n<meta name=\"twitter:card\" content=\"summary_large_image\" \/>\n<meta name=\"twitter:label1\" content=\"Estimated reading time\" \/>\n\t<meta name=\"twitter:data1\" content=\"2 minutes\" \/>\n<script type=\"application\/ld+json\" class=\"yoast-schema-graph\">{\"@context\":\"https:\/\/schema.org\",\"@graph\":[{\"@type\":\"WebPage\",\"@id\":\"https:\/\/genekas24.ee\/toode\/kompak-bensiinigeneraator-k4000s-df-33kw-dual-fuel\/\",\"url\":\"https:\/\/genekas24.ee\/toode\/kompak-bensiinigeneraator-k4000s-df-33kw-dual-fuel\/\",\"name\":\"KOMPAK bensiinigeneraator K4000S-DF 3,3kW DUAL-FUEL - Genekas24\",\"isPartOf\":{\"@id\":\"https:\/\/genekas24.ee\/#website\"},\"primaryImageOfPage\":{\"@id\":\"https:\/\/genekas24.ee\/toode\/kompak-bensiinigeneraator-k4000s-df-33kw-dual-fuel\/#primaryimage\"},\"image\":{\"@id\":\"https:\/\/genekas24.ee\/toode\/kompak-bensiinigeneraator-k4000s-df-33kw-dual-fuel\/#primaryimage\"},\"thumbnailUrl\":\"https:\/\/genekas24.ee\/wp-content\/uploads\/2026\/05\/Bgenerador-gas-y-gasolina-kompak-3300-watt-k4000s-df-500x500-1.jpeg\",\"datePublished\":\"2026-05-14T09:44:28+00:00\",\"dateModified\":\"2026-05-15T09:29:49+00:00\",\"breadcrumb\":{\"@id\":\"https:\/\/genekas24.ee\/toode\/kompak-bensiinigeneraator-k4000s-df-33kw-dual-fuel\/#breadcrumb\"},\"inLanguage\":\"en-GB\",\"potentialAction\":[{\"@type\":\"ReadAction\",\"target\":[\"https:\/\/genekas24.ee\/toode\/kompak-bensiinigeneraator-k4000s-df-33kw-dual-fuel\/\"]}]},{\"@type\":\"ImageObject\",\"inLanguage\":\"en-GB\",\"@id\":\"https:\/\/genekas24.ee\/toode\/kompak-bensiinigeneraator-k4000s-df-33kw-dual-fuel\/#primaryimage\",\"url\":\"https:\/\/genekas24.ee\/wp-content\/uploads\/2026\/05\/Bgenerador-gas-y-gasolina-kompak-3300-watt-k4000s-df-500x500-1.jpeg\",\"contentUrl\":\"https:\/\/genekas24.ee\/wp-content\/uploads\/2026\/05\/Bgenerador-gas-y-gasolina-kompak-3300-watt-k4000s-df-500x500-1.jpeg\",\"width\":500,\"height\":500},{\"@type\":\"BreadcrumbList\",\"@id\":\"https:\/\/genekas24.ee\/toode\/kompak-bensiinigeneraator-k4000s-df-33kw-dual-fuel\/#breadcrumb\",\"itemListElement\":[{\"@type\":\"ListItem\",\"position\":1,\"name\":\"Home\",\"item\":\"https:\/\/genekas24.ee\/\"},{\"@type\":\"ListItem\",\"position\":2,\"name\":\"Pood\",\"item\":\"https:\/\/genekas24.ee\/pood\/\"},{\"@type\":\"ListItem\",\"position\":3,\"name\":\"KOMPAK bensiinigeneraator K4000S-DF 3,3kW DUAL-FUEL\"}]},{\"@type\":\"WebSite\",\"@id\":\"https:\/\/genekas24.ee\/#website\",\"url\":\"https:\/\/genekas24.ee\/\",\"name\":\"Genekas24\",\"description\":\"Generaatorid | K&ouml;nner S&ouml;hnen tooted | Genekas24\",\"publisher\":{\"@id\":\"https:\/\/genekas24.ee\/#organization\"},\"potentialAction\":[{\"@type\":\"SearchAction\",\"target\":{\"@type\":\"EntryPoint\",\"urlTemplate\":\"https:\/\/genekas24.ee\/?s={search_term_string}\"},\"query-input\":{\"@type\":\"PropertyValueSpecification\",\"valueRequired\":true,\"valueName\":\"search_term_string\"}}],\"inLanguage\":\"en-GB\"},{\"@type\":\"Organization\",\"@id\":\"https:\/\/genekas24.ee\/#organization\",\"name\":\"Genekas24\",\"url\":\"https:\/\/genekas24.ee\/\",\"logo\":{\"@type\":\"ImageObject\",\"inLanguage\":\"en-GB\",\"@id\":\"https:\/\/genekas24.ee\/#\/schema\/logo\/image\/\",\"url\":\"https:\/\/genekas24.ee\/wp-content\/uploads\/2026\/01\/genekas24-logo_black.svg\",\"contentUrl\":\"https:\/\/genekas24.ee\/wp-content\/uploads\/2026\/01\/genekas24-logo_black.svg\",\"width\":840,\"height\":131,\"caption\":\"Genekas24\"},\"image\":{\"@id\":\"https:\/\/genekas24.ee\/#\/schema\/logo\/image\/\"}}]}<\/script>\n<!-- \/ Yoast SEO plugin. -->","yoast_head_json":{"title":"KOMPAK bensiinigeneraator K4000S-DF 3,3kW DUAL-FUEL - Genekas24","robots":{"index":"index","follow":"follow","max-snippet":"max-snippet:-1","max-image-preview":"max-image-preview:large","max-video-preview":"max-video-preview:-1"},"canonical":"https:\/\/genekas24.ee\/en\/product\/kompak-bensiinigeneraator-k4000s-df-33kw-dual-fuel\/","og_locale":"en_GB","og_type":"article","og_title":"KOMPAK bensiinigeneraator K4000S-DF 3,3kW DUAL-FUEL - Genekas24","og_description":"Maksimaalne v\u00f5imsus Bensiin: 3300 W \/ LPG: 3000 W   Pidevv\u00f5imsus (nimiv\u00f5imsus) Bensiin: 3000 W \/ LPG: 2700 W   Pinge ja sagedus 230 V \/ 50 Hz   Nimivoolutugevus 14 A (AC) \/ 8 A (12V DC)   Pinge reguleerimine AVR (+\/- 1%)   Mootor K220 (223 cm\u00b3, 7,5 hj)   K\u00e4ivitusmeetod Manuaalne (t\u00f5mbest)   K\u00fctus Bensiin \/ LPG (Soovituslik: Butaan)   K\u00fctusepaagi maht 15 L (bensiin)   M\u00fcratase (7 m) 68 dBA   Pistikupesad 2 x 16A (230V) \/ 1 x 12V DC   \u00d5limahuti ja t\u00fc\u00fcp 0,6 L \/ 15W40 \u00f5li   Kaitses\u00fcsteemid \u00d5lialarm ja \u00fclekoormuse indikaator   M\u00f5\u00f5tmed (P x L x K) 610 x 475 x 495 mm   Kaal 50 kg   Lisavarustus Gaasivoolik kaasas (27\u201330 mbar)   Muu info Aku, ATS-\u00fchendus ja gaasiballoon puuduvad","og_url":"https:\/\/genekas24.ee\/en\/product\/kompak-bensiinigeneraator-k4000s-df-33kw-dual-fuel\/","og_site_name":"Genekas24","article_modified_time":"2026-05-15T09:29:49+00:00","og_image":[{"width":500,"height":500,"url":"https:\/\/genekas24.ee\/wp-content\/uploads\/2026\/05\/Bgenerador-gas-y-gasolina-kompak-3300-watt-k4000s-df-500x500-1.jpeg","type":"image\/jpeg"}],"twitter_card":"summary_large_image","twitter_misc":{"Estimated reading time":"2 minutes"},"schema":{"@context":"https:\/\/schema.org","@graph":[{"@type":"WebPage","@id":"https:\/\/genekas24.ee\/toode\/kompak-bensiinigeneraator-k4000s-df-33kw-dual-fuel\/","url":"https:\/\/genekas24.ee\/toode\/kompak-bensiinigeneraator-k4000s-df-33kw-dual-fuel\/","name":"KOMPAK bensiinigeneraator K4000S-DF 3,3kW DUAL-FUEL - Genekas24","isPartOf":{"@id":"https:\/\/genekas24.ee\/#website"},"primaryImageOfPage":{"@id":"https:\/\/genekas24.ee\/toode\/kompak-bensiinigeneraator-k4000s-df-33kw-dual-fuel\/#primaryimage"},"image":{"@id":"https:\/\/genekas24.ee\/toode\/kompak-bensiinigeneraator-k4000s-df-33kw-dual-fuel\/#primaryimage"},"thumbnailUrl":"https:\/\/genekas24.ee\/wp-content\/uploads\/2026\/05\/Bgenerador-gas-y-gasolina-kompak-3300-watt-k4000s-df-500x500-1.jpeg","datePublished":"2026-05-14T09:44:28+00:00","dateModified":"2026-05-15T09:29:49+00:00","breadcrumb":{"@id":"https:\/\/genekas24.ee\/toode\/kompak-bensiinigeneraator-k4000s-df-33kw-dual-fuel\/#breadcrumb"},"inLanguage":"en-GB","potentialAction":[{"@type":"ReadAction","target":["https:\/\/genekas24.ee\/toode\/kompak-bensiinigeneraator-k4000s-df-33kw-dual-fuel\/"]}]},{"@type":"ImageObject","inLanguage":"en-GB","@id":"https:\/\/genekas24.ee\/toode\/kompak-bensiinigeneraator-k4000s-df-33kw-dual-fuel\/#primaryimage","url":"https:\/\/genekas24.ee\/wp-content\/uploads\/2026\/05\/Bgenerador-gas-y-gasolina-kompak-3300-watt-k4000s-df-500x500-1.jpeg","contentUrl":"https:\/\/genekas24.ee\/wp-content\/uploads\/2026\/05\/Bgenerador-gas-y-gasolina-kompak-3300-watt-k4000s-df-500x500-1.jpeg","width":500,"height":500},{"@type":"BreadcrumbList","@id":"https:\/\/genekas24.ee\/toode\/kompak-bensiinigeneraator-k4000s-df-33kw-dual-fuel\/#breadcrumb","itemListElement":[{"@type":"ListItem","position":1,"name":"Home","item":"https:\/\/genekas24.ee\/"},{"@type":"ListItem","position":2,"name":"Pood","item":"https:\/\/genekas24.ee\/pood\/"},{"@type":"ListItem","position":3,"name":"KOMPAK bensiinigeneraator K4000S-DF 3,3kW DUAL-FUEL"}]},{"@type":"WebSite","@id":"https:\/\/genekas24.ee\/#website","url":"https:\/\/genekas24.ee\/","name":"Genekas24","description":"Generaatorid | K&ouml;nner S&ouml;hnen tooted | Genekas24","publisher":{"@id":"https:\/\/genekas24.ee\/#organization"},"potentialAction":[{"@type":"SearchAction","target":{"@type":"EntryPoint","urlTemplate":"https:\/\/genekas24.ee\/?s={search_term_string}"},"query-input":{"@type":"PropertyValueSpecification","valueRequired":true,"valueName":"search_term_string"}}],"inLanguage":"en-GB"},{"@type":"Organization","@id":"https:\/\/genekas24.ee\/#organization","name":"Genekas24","url":"https:\/\/genekas24.ee\/","logo":{"@type":"ImageObject","inLanguage":"en-GB","@id":"https:\/\/genekas24.ee\/#\/schema\/logo\/image\/","url":"https:\/\/genekas24.ee\/wp-content\/uploads\/2026\/01\/genekas24-logo_black.svg","contentUrl":"https:\/\/genekas24.ee\/wp-content\/uploads\/2026\/01\/genekas24-logo_black.svg","width":840,"height":131,"caption":"Genekas24"},"image":{"@id":"https:\/\/genekas24.ee\/#\/schema\/logo\/image\/"}}]}},"_links":{"self":[{"href":"https:\/\/genekas24.ee\/en\/wp-json\/wp\/v2\/product\/23685","targetHints":{"allow":["GET"]}}],"collection":[{"href":"https:\/\/genekas24.ee\/en\/wp-json\/wp\/v2\/product"}],"about":[{"href":"https:\/\/genekas24.ee\/en\/wp-json\/wp\/v2\/types\/product"}],"version-history":[{"count":1,"href":"https:\/\/genekas24.ee\/en\/wp-json\/wp\/v2\/product\/23685\/revisions"}],"predecessor-version":[{"id":23693,"href":"https:\/\/genekas24.ee\/en\/wp-json\/wp\/v2\/product\/23685\/revisions\/23693"}],"wp:featuredmedia":[{"embeddable":true,"href":"https:\/\/genekas24.ee\/en\/wp-json\/wp\/v2\/media\/23686"}],"wp:attachment":[{"href":"https:\/\/genekas24.ee\/en\/wp-json\/wp\/v2\/media?parent=23685"}],"wp:term":[{"taxonomy":"product_brand","embeddable":true,"href":"https:\/\/genekas24.ee\/en\/wp-json\/wp\/v2\/product_brand?post=23685"},{"taxonomy":"product_cat","embeddable":true,"href":"https:\/\/genekas24.ee\/en\/wp-json\/wp\/v2\/product_cat?post=23685"},{"taxonomy":"product_tag","embeddable":true,"href":"https:\/\/genekas24.ee\/en\/wp-json\/wp\/v2\/product_tag?post=23685"}],"curies":[{"name":"wp","href":"https:\/\/api.w.org\/{rel}","templated":true}]}}