{"id":23677,"date":"2026-05-14T09:23:21","date_gmt":"2026-05-14T09:23:21","guid":{"rendered":"https:\/\/genekas24.ee\/?post_type=product&#038;p=23677"},"modified":"2026-05-15T09:29:35","modified_gmt":"2026-05-15T09:29:35","slug":"itcpower-invertergeneraator-gg120ei-df-13kw-dual-fuel","status":"publish","type":"product","link":"https:\/\/genekas24.ee\/en\/product\/itcpower-invertergeneraator-gg120ei-df-13kw-dual-fuel\/","title":{"rendered":"ITCPOWER invertergeneraator GG120Ei-DF 13kW DUAL-FUEL"},"content":{"rendered":"<p style=\"font-weight: 400;\"><strong>IT-GG120Ei-DF<\/strong> Bensiinigeneraator Inverteriga, t\u00e4isv\u00f5imsusega kahek\u00fctuseline 13KW \/ (11kw LPG)<\/p>\n<p style=\"font-weight: 400;\">T\u00e4isv\u00f5imsusega inverterbensiinigeneraator elektrilise k\u00e4ivitusega.<\/p>\n<p style=\"font-weight: 400;\">Kahek\u00fctuseline: bensiin 13 kW v\u00f5i vedelgaas (butaan v\u00f5i propaan) maksimaalse v\u00f5imsusega 11 kW.<\/p>\n<p style=\"font-weight: 400;\">ITCPower GG120Ei-DF kahek\u00fctuseline invertergeneraator \u2013 t\u00f5eline v\u00f5imsus pingel 230 V ja 400 V ilma kadudeta<\/p>\n<p style=\"font-weight: 400;\">ITCPower GG120Ei-DF on professionaalne kahek\u00fctuseline invertergeneraator, mis on loodud stabiilse, vaikse ja suure v\u00f5imsusega j\u00f5udluse tagamiseks igas keskkonnas. See mudel annab teile vabaduse valida pliivaba bensiini v\u00f5i veeldatud naftagaasi (butaan\/propaan) vahel, mis toob kaasa kokkuhoiu, v\u00e4iksema keskkonnam\u00f5ju ja suurema t\u00f6\u00f6autonoomia.<\/p>\n<p style=\"font-weight: 400;\">\u00dcks selle peamisi eeliseid on t\u00e4isv\u00f5imsuss\u00fcsteem, mis pakub sama elektrilist v\u00e4ljundv\u00f5imsust nii \u00fchefaasilises (230 V) kui ka kolmefaasilises (400 V) konfiguratsioonis. Erinevalt teistest generaatoritest, kus \u00fchefaasiline t\u00f6\u00f6 v\u00e4hendab oluliselt saadaolevat v\u00f5imsust, s\u00e4ilitab GG120Ei-DF oma t\u00e4isv\u00f5imsuse t\u00e4nu t\u00e4iustatud invertertehnoloogiale, v\u00e4ltides efektiivsuse kadusid v\u00f5i tehnilisi piiranguid.<\/p>\n<p style=\"font-weight: 400;\">See generaator on loodud neile, kes vajavad usaldusv\u00e4\u00e4rset ja pidevat energiat n\u00f5udlikes olukordades: ehitusplatsidel, \u00fcritustel, v\u00f5rguv\u00e4listes paigaldistes, toiduk\u00e4rudes, h\u00e4daolukordades jne. Ja k\u00f5ik see ilma kaasaskantavust ohverdamata t\u00e4nu kohvrikujulisele korpusele ja kompaktsele disainile, mis sobib ideaalselt h\u00f5lpsaks transportimiseks ja hoiustamiseks.<\/p>","protected":false},"excerpt":{"rendered":"<table data-path-to-node=\"2\">\n<tbody>\n<tr>\n<td>Maksimaalne v\u00f5imsus<\/td>\n<td><span data-path-to-node=\"2,1,1,0\">Bensiin: 13 kW \/ LPG: 11 kW<\/span><\/td>\n<\/tr>\n<tr>\n<td>Nimiv\u00f5imsus<\/td>\n<td><span data-path-to-node=\"2,2,1,0\">Bensiin: 12 kW \/ LPG: 10,8 kW<\/span><\/td>\n<\/tr>\n<tr>\n<td>Voltage<\/td>\n<td><span data-path-to-node=\"2,3,1,0\">400 V \/ 230 V (t\u00e4isv\u00f5imsus m\u00f5lemal re\u017eiimil)<\/span><\/td>\n<\/tr>\n<tr>\n<td>Frequency<\/td>\n<td><span data-path-to-node=\"2,4,1,0\">50 Hz<\/span><\/td>\n<\/tr>\n<tr>\n<td>Pistikupesad \/ V\u00e4ljundid<\/td>\n<td><span data-path-to-node=\"2,5,1,0\">1x 32A (400V) \/ 1x 63A (230V) \/ 1x 16A (230V)<\/span><\/td>\n<\/tr>\n<tr>\n<td>K\u00fctus<\/td>\n<td><span data-path-to-node=\"2,6,1,0\">Bensiin \/ LPG (vedelgaas)<\/span><\/td>\n<\/tr>\n<tr>\n<td>K\u00fctusepaagi maht<\/td>\n<td><span data-path-to-node=\"2,7,1,0\">40 L<\/span><\/td>\n<\/tr>\n<tr>\n<td>T\u00f6\u00f6aeg<\/td>\n<td><span data-path-to-node=\"2,8,1,0\">10 h (50% koormusel) \/ 7,5 h (75% koormusel)<\/span><\/td>\n<\/tr>\n<tr>\n<td>Engine model<\/td>\n<td><span data-path-to-node=\"2,9,1,0\">SV750 (kahesilindriline, V-Twin t\u00fc\u00fcpi)<\/span><\/td>\n<\/tr>\n<tr>\n<td>Mootori t\u00f6\u00f6maht<\/td>\n<td><span data-path-to-node=\"2,10,1,0\">744 cm\u00b3<\/span><\/td>\n<\/tr>\n<tr>\n<td>Mootori \u00f5limaht<\/td>\n<td><span data-path-to-node=\"2,11,1,0\">1,5 L<\/span><\/td>\n<\/tr>\n<tr>\n<td>K\u00e4ivitusmeetod<\/td>\n<td><span data-path-to-node=\"2,12,1,0\">Elektriline (aku on komplektis)<\/span><\/td>\n<\/tr>\n<tr>\n<td>M\u00fcratase<\/td>\n<td><span data-path-to-node=\"2,13,1,0\">75 dBA (7 m kauguselt) \/ LWA 98 dBA<\/span><\/td>\n<\/tr>\n<tr>\n<td>M\u00f5\u00f5tmed (P x L x K)<\/td>\n<td><span data-path-to-node=\"2,14,1,0\">98 x 78 x 87 cm<\/span><\/td>\n<\/tr>\n<tr>\n<td>Kaal<\/td>\n<td><span data-path-to-node=\"2,15,1,0\">170 kg (neto) \/ 180 kg (bruto)<\/span><\/td>\n<\/tr>\n<tr>\n<td>V\u00f5imsustegur (cos \u03c6)<\/td>\n<td><span data-path-to-node=\"2,16,1,0\">1<\/span><\/td>\n<\/tr>\n<\/tbody>\n<\/table>","protected":false},"featured_media":23680,"template":"","meta":{"_acf_changed":false,"inline_featured_image":false},"product_brand":[],"product_cat":[94,24],"product_tag":[],"class_list":{"0":"post-23677","1":"product","2":"type-product","3":"status-publish","4":"has-post-thumbnail","6":"product_cat-generaatorid","7":"product_cat-lpg-bensiinigeneraatorid","8":"product_shipping_class-euroalus","9":"brand-itcpower","11":"first","12":"instock","13":"taxable","14":"shipping-taxable","15":"purchasable","16":"product-type-simple"},"acf":[],"yoast_head":"<!-- This site is optimized with the Yoast SEO plugin v27.2 - https:\/\/yoast.com\/product\/yoast-seo-wordpress\/ -->\n<title>ITCPOWER invertergeneraator GG120Ei-DF 13kW DUAL-FUEL - Genekas24<\/title>\n<meta name=\"robots\" content=\"index, follow, max-snippet:-1, max-image-preview:large, max-video-preview:-1\" \/>\n<link rel=\"canonical\" href=\"https:\/\/genekas24.ee\/en\/product\/itcpower-invertergeneraator-gg120ei-df-13kw-dual-fuel\/\" \/>\n<meta property=\"og:locale\" content=\"en_GB\" \/>\n<meta property=\"og:type\" content=\"article\" \/>\n<meta property=\"og:title\" content=\"ITCPOWER invertergeneraator GG120Ei-DF 13kW DUAL-FUEL - Genekas24\" \/>\n<meta property=\"og:description\" content=\"Maksimaalne v\u00f5imsus Bensiin: 13 kW \/ LPG: 11 kW   Nimiv\u00f5imsus Bensiin: 12 kW \/ LPG: 10,8 kW   Pinge 400 V \/ 230 V (t\u00e4isv\u00f5imsus m\u00f5lemal re\u017eiimil)   Sagedus 50 Hz   Pistikupesad \/ V\u00e4ljundid 1x 32A (400V) \/ 1x 63A (230V) \/ 1x 16A (230V)   K\u00fctus Bensiin \/ LPG (vedelgaas)   K\u00fctusepaagi maht 40 L   T\u00f6\u00f6aeg 10 h (50% koormusel) \/ 7,5 h (75% koormusel)   Mootori mudel SV750 (kahesilindriline, V-Twin t\u00fc\u00fcpi)   Mootori t\u00f6\u00f6maht 744 cm\u00b3   Mootori \u00f5limaht 1,5 L   K\u00e4ivitusmeetod Elektriline (aku on komplektis)   M\u00fcratase 75 dBA (7 m kauguselt) \/ LWA 98 dBA   M\u00f5\u00f5tmed (P x L x K) 98 x 78 x 87 cm   Kaal 170 kg (neto) \/ 180 kg (bruto)   V\u00f5imsustegur (cos \u03c6) 1\" \/>\n<meta property=\"og:url\" content=\"https:\/\/genekas24.ee\/en\/product\/itcpower-invertergeneraator-gg120ei-df-13kw-dual-fuel\/\" \/>\n<meta property=\"og:site_name\" content=\"Genekas24\" \/>\n<meta property=\"article:modified_time\" content=\"2026-05-15T09:29:35+00:00\" \/>\n<meta property=\"og:image\" content=\"https:\/\/genekas24.ee\/wp-content\/uploads\/2026\/05\/8229-500x500-1.jpeg\" \/>\n\t<meta property=\"og:image:width\" content=\"500\" \/>\n\t<meta property=\"og:image:height\" content=\"500\" \/>\n\t<meta property=\"og:image:type\" content=\"image\/jpeg\" \/>\n<meta name=\"twitter:card\" content=\"summary_large_image\" \/>\n<meta name=\"twitter:label1\" content=\"Estimated reading time\" \/>\n\t<meta name=\"twitter:data1\" content=\"2 minutes\" \/>\n<script type=\"application\/ld+json\" class=\"yoast-schema-graph\">{\"@context\":\"https:\/\/schema.org\",\"@graph\":[{\"@type\":\"WebPage\",\"@id\":\"https:\/\/genekas24.ee\/toode\/itcpower-invertergeneraator-gg120ei-df-13kw-dual-fuel\/\",\"url\":\"https:\/\/genekas24.ee\/toode\/itcpower-invertergeneraator-gg120ei-df-13kw-dual-fuel\/\",\"name\":\"ITCPOWER invertergeneraator GG120Ei-DF 13kW DUAL-FUEL - Genekas24\",\"isPartOf\":{\"@id\":\"https:\/\/genekas24.ee\/#website\"},\"primaryImageOfPage\":{\"@id\":\"https:\/\/genekas24.ee\/toode\/itcpower-invertergeneraator-gg120ei-df-13kw-dual-fuel\/#primaryimage\"},\"image\":{\"@id\":\"https:\/\/genekas24.ee\/toode\/itcpower-invertergeneraator-gg120ei-df-13kw-dual-fuel\/#primaryimage\"},\"thumbnailUrl\":\"https:\/\/genekas24.ee\/wp-content\/uploads\/2026\/05\/8229-500x500-1.jpeg\",\"datePublished\":\"2026-05-14T09:23:21+00:00\",\"dateModified\":\"2026-05-15T09:29:35+00:00\",\"breadcrumb\":{\"@id\":\"https:\/\/genekas24.ee\/toode\/itcpower-invertergeneraator-gg120ei-df-13kw-dual-fuel\/#breadcrumb\"},\"inLanguage\":\"en-GB\",\"potentialAction\":[{\"@type\":\"ReadAction\",\"target\":[\"https:\/\/genekas24.ee\/toode\/itcpower-invertergeneraator-gg120ei-df-13kw-dual-fuel\/\"]}]},{\"@type\":\"ImageObject\",\"inLanguage\":\"en-GB\",\"@id\":\"https:\/\/genekas24.ee\/toode\/itcpower-invertergeneraator-gg120ei-df-13kw-dual-fuel\/#primaryimage\",\"url\":\"https:\/\/genekas24.ee\/wp-content\/uploads\/2026\/05\/8229-500x500-1.jpeg\",\"contentUrl\":\"https:\/\/genekas24.ee\/wp-content\/uploads\/2026\/05\/8229-500x500-1.jpeg\",\"width\":500,\"height\":500},{\"@type\":\"BreadcrumbList\",\"@id\":\"https:\/\/genekas24.ee\/toode\/itcpower-invertergeneraator-gg120ei-df-13kw-dual-fuel\/#breadcrumb\",\"itemListElement\":[{\"@type\":\"ListItem\",\"position\":1,\"name\":\"Home\",\"item\":\"https:\/\/genekas24.ee\/\"},{\"@type\":\"ListItem\",\"position\":2,\"name\":\"Pood\",\"item\":\"https:\/\/genekas24.ee\/pood\/\"},{\"@type\":\"ListItem\",\"position\":3,\"name\":\"ITCPOWER invertergeneraator GG120Ei-DF 13kW DUAL-FUEL\"}]},{\"@type\":\"WebSite\",\"@id\":\"https:\/\/genekas24.ee\/#website\",\"url\":\"https:\/\/genekas24.ee\/\",\"name\":\"Genekas24\",\"description\":\"Generaatorid | K&ouml;nner S&ouml;hnen tooted | Genekas24\",\"publisher\":{\"@id\":\"https:\/\/genekas24.ee\/#organization\"},\"potentialAction\":[{\"@type\":\"SearchAction\",\"target\":{\"@type\":\"EntryPoint\",\"urlTemplate\":\"https:\/\/genekas24.ee\/?s={search_term_string}\"},\"query-input\":{\"@type\":\"PropertyValueSpecification\",\"valueRequired\":true,\"valueName\":\"search_term_string\"}}],\"inLanguage\":\"en-GB\"},{\"@type\":\"Organization\",\"@id\":\"https:\/\/genekas24.ee\/#organization\",\"name\":\"Genekas24\",\"url\":\"https:\/\/genekas24.ee\/\",\"logo\":{\"@type\":\"ImageObject\",\"inLanguage\":\"en-GB\",\"@id\":\"https:\/\/genekas24.ee\/#\/schema\/logo\/image\/\",\"url\":\"https:\/\/genekas24.ee\/wp-content\/uploads\/2026\/01\/genekas24-logo_black.svg\",\"contentUrl\":\"https:\/\/genekas24.ee\/wp-content\/uploads\/2026\/01\/genekas24-logo_black.svg\",\"width\":840,\"height\":131,\"caption\":\"Genekas24\"},\"image\":{\"@id\":\"https:\/\/genekas24.ee\/#\/schema\/logo\/image\/\"}}]}<\/script>\n<!-- \/ Yoast SEO plugin. -->","yoast_head_json":{"title":"ITCPOWER invertergeneraator GG120Ei-DF 13kW DUAL-FUEL - Genekas24","robots":{"index":"index","follow":"follow","max-snippet":"max-snippet:-1","max-image-preview":"max-image-preview:large","max-video-preview":"max-video-preview:-1"},"canonical":"https:\/\/genekas24.ee\/en\/product\/itcpower-invertergeneraator-gg120ei-df-13kw-dual-fuel\/","og_locale":"en_GB","og_type":"article","og_title":"ITCPOWER invertergeneraator GG120Ei-DF 13kW DUAL-FUEL - Genekas24","og_description":"Maksimaalne v\u00f5imsus Bensiin: 13 kW \/ LPG: 11 kW   Nimiv\u00f5imsus Bensiin: 12 kW \/ LPG: 10,8 kW   Pinge 400 V \/ 230 V (t\u00e4isv\u00f5imsus m\u00f5lemal re\u017eiimil)   Sagedus 50 Hz   Pistikupesad \/ V\u00e4ljundid 1x 32A (400V) \/ 1x 63A (230V) \/ 1x 16A (230V)   K\u00fctus Bensiin \/ LPG (vedelgaas)   K\u00fctusepaagi maht 40 L   T\u00f6\u00f6aeg 10 h (50% koormusel) \/ 7,5 h (75% koormusel)   Mootori mudel SV750 (kahesilindriline, V-Twin t\u00fc\u00fcpi)   Mootori t\u00f6\u00f6maht 744 cm\u00b3   Mootori \u00f5limaht 1,5 L   K\u00e4ivitusmeetod Elektriline (aku on komplektis)   M\u00fcratase 75 dBA (7 m kauguselt) \/ LWA 98 dBA   M\u00f5\u00f5tmed (P x L x K) 98 x 78 x 87 cm   Kaal 170 kg (neto) \/ 180 kg (bruto)   V\u00f5imsustegur (cos \u03c6) 1","og_url":"https:\/\/genekas24.ee\/en\/product\/itcpower-invertergeneraator-gg120ei-df-13kw-dual-fuel\/","og_site_name":"Genekas24","article_modified_time":"2026-05-15T09:29:35+00:00","og_image":[{"width":500,"height":500,"url":"https:\/\/genekas24.ee\/wp-content\/uploads\/2026\/05\/8229-500x500-1.jpeg","type":"image\/jpeg"}],"twitter_card":"summary_large_image","twitter_misc":{"Estimated reading time":"2 minutes"},"schema":{"@context":"https:\/\/schema.org","@graph":[{"@type":"WebPage","@id":"https:\/\/genekas24.ee\/toode\/itcpower-invertergeneraator-gg120ei-df-13kw-dual-fuel\/","url":"https:\/\/genekas24.ee\/toode\/itcpower-invertergeneraator-gg120ei-df-13kw-dual-fuel\/","name":"ITCPOWER invertergeneraator GG120Ei-DF 13kW DUAL-FUEL - Genekas24","isPartOf":{"@id":"https:\/\/genekas24.ee\/#website"},"primaryImageOfPage":{"@id":"https:\/\/genekas24.ee\/toode\/itcpower-invertergeneraator-gg120ei-df-13kw-dual-fuel\/#primaryimage"},"image":{"@id":"https:\/\/genekas24.ee\/toode\/itcpower-invertergeneraator-gg120ei-df-13kw-dual-fuel\/#primaryimage"},"thumbnailUrl":"https:\/\/genekas24.ee\/wp-content\/uploads\/2026\/05\/8229-500x500-1.jpeg","datePublished":"2026-05-14T09:23:21+00:00","dateModified":"2026-05-15T09:29:35+00:00","breadcrumb":{"@id":"https:\/\/genekas24.ee\/toode\/itcpower-invertergeneraator-gg120ei-df-13kw-dual-fuel\/#breadcrumb"},"inLanguage":"en-GB","potentialAction":[{"@type":"ReadAction","target":["https:\/\/genekas24.ee\/toode\/itcpower-invertergeneraator-gg120ei-df-13kw-dual-fuel\/"]}]},{"@type":"ImageObject","inLanguage":"en-GB","@id":"https:\/\/genekas24.ee\/toode\/itcpower-invertergeneraator-gg120ei-df-13kw-dual-fuel\/#primaryimage","url":"https:\/\/genekas24.ee\/wp-content\/uploads\/2026\/05\/8229-500x500-1.jpeg","contentUrl":"https:\/\/genekas24.ee\/wp-content\/uploads\/2026\/05\/8229-500x500-1.jpeg","width":500,"height":500},{"@type":"BreadcrumbList","@id":"https:\/\/genekas24.ee\/toode\/itcpower-invertergeneraator-gg120ei-df-13kw-dual-fuel\/#breadcrumb","itemListElement":[{"@type":"ListItem","position":1,"name":"Home","item":"https:\/\/genekas24.ee\/"},{"@type":"ListItem","position":2,"name":"Pood","item":"https:\/\/genekas24.ee\/pood\/"},{"@type":"ListItem","position":3,"name":"ITCPOWER invertergeneraator GG120Ei-DF 13kW DUAL-FUEL"}]},{"@type":"WebSite","@id":"https:\/\/genekas24.ee\/#website","url":"https:\/\/genekas24.ee\/","name":"Genekas24","description":"Generaatorid | K&ouml;nner S&ouml;hnen tooted | Genekas24","publisher":{"@id":"https:\/\/genekas24.ee\/#organization"},"potentialAction":[{"@type":"SearchAction","target":{"@type":"EntryPoint","urlTemplate":"https:\/\/genekas24.ee\/?s={search_term_string}"},"query-input":{"@type":"PropertyValueSpecification","valueRequired":true,"valueName":"search_term_string"}}],"inLanguage":"en-GB"},{"@type":"Organization","@id":"https:\/\/genekas24.ee\/#organization","name":"Genekas24","url":"https:\/\/genekas24.ee\/","logo":{"@type":"ImageObject","inLanguage":"en-GB","@id":"https:\/\/genekas24.ee\/#\/schema\/logo\/image\/","url":"https:\/\/genekas24.ee\/wp-content\/uploads\/2026\/01\/genekas24-logo_black.svg","contentUrl":"https:\/\/genekas24.ee\/wp-content\/uploads\/2026\/01\/genekas24-logo_black.svg","width":840,"height":131,"caption":"Genekas24"},"image":{"@id":"https:\/\/genekas24.ee\/#\/schema\/logo\/image\/"}}]}},"_links":{"self":[{"href":"https:\/\/genekas24.ee\/en\/wp-json\/wp\/v2\/product\/23677","targetHints":{"allow":["GET"]}}],"collection":[{"href":"https:\/\/genekas24.ee\/en\/wp-json\/wp\/v2\/product"}],"about":[{"href":"https:\/\/genekas24.ee\/en\/wp-json\/wp\/v2\/types\/product"}],"version-history":[{"count":1,"href":"https:\/\/genekas24.ee\/en\/wp-json\/wp\/v2\/product\/23677\/revisions"}],"predecessor-version":[{"id":23684,"href":"https:\/\/genekas24.ee\/en\/wp-json\/wp\/v2\/product\/23677\/revisions\/23684"}],"wp:featuredmedia":[{"embeddable":true,"href":"https:\/\/genekas24.ee\/en\/wp-json\/wp\/v2\/media\/23680"}],"wp:attachment":[{"href":"https:\/\/genekas24.ee\/en\/wp-json\/wp\/v2\/media?parent=23677"}],"wp:term":[{"taxonomy":"product_brand","embeddable":true,"href":"https:\/\/genekas24.ee\/en\/wp-json\/wp\/v2\/product_brand?post=23677"},{"taxonomy":"product_cat","embeddable":true,"href":"https:\/\/genekas24.ee\/en\/wp-json\/wp\/v2\/product_cat?post=23677"},{"taxonomy":"product_tag","embeddable":true,"href":"https:\/\/genekas24.ee\/en\/wp-json\/wp\/v2\/product_tag?post=23677"}],"curies":[{"name":"wp","href":"https:\/\/api.w.org\/{rel}","templated":true}]}}