{"id":23662,"date":"2026-05-14T08:54:29","date_gmt":"2026-05-14T08:54:29","guid":{"rendered":"https:\/\/genekas24.ee\/?post_type=product&#038;p=23662"},"modified":"2026-05-15T09:30:03","modified_gmt":"2026-05-15T09:30:03","slug":"kompak-kgg20ei-df-invertergeneraator-24kw","status":"publish","type":"product","link":"https:\/\/genekas24.ee\/en\/product\/kompak-kgg20ei-df-invertergeneraator-24kw\/","title":{"rendered":"KOMPAK KGG20Ei-DF invertergeneraator 2,4kW DUAL-FUEL"},"content":{"rendered":"<p style=\"font-weight: 400;\"><strong>KOMPAK KGG20Ei-DF<\/strong> invertergeneraator on KOMPAKi \u00f6konoomne ja vaikne invertergeneraator. Lisaks pakub KGG20Ei-DF (DUAL FUEL) v\u00f5imalust t\u00f6\u00f6tada vedelgaasil (LPG). Pidev: bensiin: 2100W \/ LPG: 1700W. Max: bensiin: 2300W \/ LPG: 1900W. Toiteallikas on DC 12V 8.3A.<\/p>\n<p style=\"font-weight: 400;\"><strong>Invertertehnoloogia<\/strong><\/p>\n<p style=\"font-weight: 400;\">KOMPAKi invertertehnoloogia ei paku mitte ainult energiat, vaid on ka lihtne, stabiilne ja usaldusv\u00e4\u00e4rne energiaallikas. Enam pole vaja muretseda pingek\u00f5ikumiste p\u00e4rast, mis v\u00f5ivad teie tundlikku elektroonikat kahjustada: meie generaator pakub vajalikku t\u00e4psust.<\/p>\n<p style=\"font-weight: 400;\"><strong>Kompaktne<\/strong><\/p>\n<p style=\"font-weight: 400;\">Olenemata sellest, kas te telkite looduses, naudite looduspuhkust, t\u00f6\u00f6tate kaugel ehitusplatsil v\u00f5i soovite lihtsalt olla valmis h\u00e4daolukordadeks, on meie bensiini invertergeneraator teie ustav kaaslane. K\u00f5ik meie inverterid on kaasaskantava\/mobiilse disainiga, sh rattad ja\/v\u00f5i k\u00e4epidemed, ning kergete materjalide kasutamine, mis muudab nende liigutamise lihtsaks. L\u00fchidalt, k\u00e4ep\u00e4rane ja kompaktne masin!<\/p>\n<p style=\"font-weight: 400;\"><strong>M\u00fcra<\/strong><\/p>\n<p style=\"font-weight: 400;\">K\u00f5igi meie invertergeneraatorite peamine omadus on m\u00fcraemissiooni arvestamine. Masinad on ehitatud detsibellide minimeerimiseks, kasutades sobivat isolatsiooni, katteid ja summuteid. See tagab, et m\u00fcra ei tundu h\u00e4irivana.<\/p>\n<p style=\"font-weight: 400;\"><strong>K\u00fctus<\/strong><\/p>\n<p style=\"font-weight: 400;\">Meie usaldusv\u00e4\u00e4rsed KOMPAKi inverterid t\u00f6\u00f6tavad standardvarustuses bensiini\/k\u00fctusega. Olenemata sellest, kas tegemist on Euro 95\/98\/Aspeni v\u00f5i Oecokrafti k\u00fctusega, pole vahet, peaasi, et see on puhas. M\u00f5ned mudelid on varustatud LPG-\u00fchendusega, kui see on m\u00e4rgitud (DF\/DUAL FUEL). Te ei pea muretsema keeruliste k\u00fctusesegude ega raskesti leitavate k\u00fctuste p\u00e4rast. Lisaks on k\u00f5ik meie bensiiniinverterid v\u00e4ga k\u00fctuses\u00e4\u00e4stlikud. Ja t\u00e4ispaagiga saate pikka aega v\u00f5imsust nautida. \u00dcksikasjalikuma teabe saamiseks inverteri kohta vaadake allolevaid tehnilisi andmeid:<\/p>","protected":false},"excerpt":{"rendered":"<table data-path-to-node=\"2\">\n<tbody>\n<tr>\n<td>Maksimaalne v\u00f5imsus<\/td>\n<td><span data-path-to-node=\"2,1,1,0\">Bensiin: 2300 W \/ LPG: 1900 W<\/span><\/td>\n<\/tr>\n<tr>\n<td>Pidevv\u00f5imsus<\/td>\n<td><span data-path-to-node=\"2,2,1,0\">Bensiin: 2100 W \/ LPG: 1700 W<\/span><\/td>\n<\/tr>\n<tr>\n<td>Voltage<\/td>\n<td><span data-path-to-node=\"2,3,1,0\">230 V<\/span><\/td>\n<\/tr>\n<tr>\n<td>Nimivoolutugevus<\/td>\n<td><span data-path-to-node=\"2,4,1,0\">14,3 A<\/span><\/td>\n<\/tr>\n<tr>\n<td>K\u00fctus<\/td>\n<td><span data-path-to-node=\"2,5,1,0\">Bensiin \/ Vedelgaas (LPG)<\/span><\/td>\n<\/tr>\n<tr>\n<td>Mootor<\/td>\n<td><span data-path-to-node=\"2,6,1,0\">79,8 cm\u00b3 (2 hj), 4-taktiline K220<\/span><\/td>\n<\/tr>\n<tr>\n<td>K\u00e4ivitus<\/td>\n<td><span data-path-to-node=\"2,7,1,0\">Manual<\/span><\/td>\n<\/tr>\n<tr>\n<td>K\u00fctusepaagi maht<\/td>\n<td><span data-path-to-node=\"2,8,1,0\">5,2 L<\/span><\/td>\n<\/tr>\n<tr>\n<td>K\u00fctusekulu (75% koormus)<\/td>\n<td><span data-path-to-node=\"2,9,1,0\">Bensiin: ~6 h 15 min \/ LPG: 0,7 kg tunnis<\/span><\/td>\n<\/tr>\n<tr>\n<td>M\u00fcratase (7 m)<\/td>\n<td><span data-path-to-node=\"2,10,1,0\">59 dBA<\/span><\/td>\n<\/tr>\n<tr>\n<td>Outlets<\/td>\n<td><span data-path-to-node=\"2,11,1,0\">1 x 16 A<\/span><\/td>\n<\/tr>\n<tr>\n<td>Pinge reguleerimine<\/td>\n<td><span data-path-to-node=\"2,12,1,0\">AVR (Jah)<\/span><\/td>\n<\/tr>\n<tr>\n<td>Ekraan ja indikaatorid<\/td>\n<td><span data-path-to-node=\"2,13,1,0\">Digitaalne ekraan, \u00f5lialarm, \u00fclekoormuse m\u00e4rgutuli<\/span><\/td>\n<\/tr>\n<tr>\n<td>M\u00f5\u00f5tmed<\/td>\n<td><span data-path-to-node=\"2,14,1,0\">570 x 365 x 555 mm<\/span><\/td>\n<\/tr>\n<tr>\n<td>Kaal<\/td>\n<td><span data-path-to-node=\"2,15,1,0\">20,5 kg<\/span><\/td>\n<\/tr>\n<tr>\n<td>Lisavarustus<\/td>\n<td><span data-path-to-node=\"2,16,1,0\">Gaasivoolik kaasas (27\u201330 mbar)<\/span><\/td>\n<\/tr>\n<tr>\n<td>Muu info<\/td>\n<td><span data-path-to-node=\"2,17,1,0\">Aku ja gaasiballoon ei kuulu komplekti<\/span><\/td>\n<\/tr>\n<\/tbody>\n<\/table>","protected":false},"featured_media":23663,"template":"","meta":{"_acf_changed":false,"inline_featured_image":false},"product_brand":[],"product_cat":[94,24],"product_tag":[],"class_list":{"0":"post-23662","1":"product","2":"type-product","3":"status-publish","4":"has-post-thumbnail","6":"product_cat-generaatorid","7":"product_cat-lpg-bensiinigeneraatorid","8":"product_shipping_class-vaikepakk","9":"brand-kompak","11":"first","12":"instock","13":"taxable","14":"shipping-taxable","15":"purchasable","16":"product-type-simple"},"acf":[],"yoast_head":"<!-- This site is optimized with the Yoast SEO plugin v27.2 - https:\/\/yoast.com\/product\/yoast-seo-wordpress\/ -->\n<title>KOMPAK KGG20Ei-DF invertergeneraator 2,4kW DUAL-FUEL - Genekas24<\/title>\n<meta name=\"robots\" content=\"index, follow, max-snippet:-1, max-image-preview:large, max-video-preview:-1\" \/>\n<link rel=\"canonical\" href=\"https:\/\/genekas24.ee\/en\/product\/kompak-kgg20ei-df-invertergeneraator-24kw\/\" \/>\n<meta property=\"og:locale\" content=\"en_GB\" \/>\n<meta property=\"og:type\" content=\"article\" \/>\n<meta property=\"og:title\" content=\"KOMPAK KGG20Ei-DF invertergeneraator 2,4kW DUAL-FUEL - Genekas24\" \/>\n<meta property=\"og:description\" content=\"Maksimaalne v\u00f5imsus Bensiin: 2300 W \/ LPG: 1900 W   Pidevv\u00f5imsus Bensiin: 2100 W \/ LPG: 1700 W   Pinge 230 V   Nimivoolutugevus 14,3 A   K\u00fctus Bensiin \/ Vedelgaas (LPG)   Mootor 79,8 cm\u00b3 (2 hj), 4-taktiline K220   K\u00e4ivitus Manuaalne   K\u00fctusepaagi maht 5,2 L   K\u00fctusekulu (75% koormus) Bensiin: ~6 h 15 min \/ LPG: 0,7 kg tunnis   M\u00fcratase (7 m) 59 dBA   Pistikupesad 1 x 16 A   Pinge reguleerimine AVR (Jah)   Ekraan ja indikaatorid Digitaalne ekraan, \u00f5lialarm, \u00fclekoormuse m\u00e4rgutuli   M\u00f5\u00f5tmed 570 x 365 x 555 mm   Kaal 20,5 kg   Lisavarustus Gaasivoolik kaasas (27\u201330 mbar)   Muu info Aku ja gaasiballoon ei kuulu komplekti\" \/>\n<meta property=\"og:url\" content=\"https:\/\/genekas24.ee\/en\/product\/kompak-kgg20ei-df-invertergeneraator-24kw\/\" \/>\n<meta property=\"og:site_name\" content=\"Genekas24\" \/>\n<meta property=\"article:modified_time\" content=\"2026-05-15T09:30:03+00:00\" \/>\n<meta property=\"og:image\" content=\"https:\/\/genekas24.ee\/wp-content\/uploads\/2026\/05\/5911-500x500-1.jpeg\" \/>\n\t<meta property=\"og:image:width\" content=\"500\" \/>\n\t<meta property=\"og:image:height\" content=\"500\" \/>\n\t<meta property=\"og:image:type\" content=\"image\/jpeg\" \/>\n<meta name=\"twitter:card\" content=\"summary_large_image\" \/>\n<meta name=\"twitter:label1\" content=\"Estimated reading time\" \/>\n\t<meta name=\"twitter:data1\" content=\"2 minutes\" \/>\n<script type=\"application\/ld+json\" class=\"yoast-schema-graph\">{\"@context\":\"https:\/\/schema.org\",\"@graph\":[{\"@type\":\"WebPage\",\"@id\":\"https:\/\/genekas24.ee\/toode\/kompak-kgg20ei-df-invertergeneraator-24kw\/\",\"url\":\"https:\/\/genekas24.ee\/toode\/kompak-kgg20ei-df-invertergeneraator-24kw\/\",\"name\":\"KOMPAK KGG20Ei-DF invertergeneraator 2,4kW DUAL-FUEL - Genekas24\",\"isPartOf\":{\"@id\":\"https:\/\/genekas24.ee\/#website\"},\"primaryImageOfPage\":{\"@id\":\"https:\/\/genekas24.ee\/toode\/kompak-kgg20ei-df-invertergeneraator-24kw\/#primaryimage\"},\"image\":{\"@id\":\"https:\/\/genekas24.ee\/toode\/kompak-kgg20ei-df-invertergeneraator-24kw\/#primaryimage\"},\"thumbnailUrl\":\"https:\/\/genekas24.ee\/wp-content\/uploads\/2026\/05\/5911-500x500-1.jpeg\",\"datePublished\":\"2026-05-14T08:54:29+00:00\",\"dateModified\":\"2026-05-15T09:30:03+00:00\",\"breadcrumb\":{\"@id\":\"https:\/\/genekas24.ee\/toode\/kompak-kgg20ei-df-invertergeneraator-24kw\/#breadcrumb\"},\"inLanguage\":\"en-GB\",\"potentialAction\":[{\"@type\":\"ReadAction\",\"target\":[\"https:\/\/genekas24.ee\/toode\/kompak-kgg20ei-df-invertergeneraator-24kw\/\"]}]},{\"@type\":\"ImageObject\",\"inLanguage\":\"en-GB\",\"@id\":\"https:\/\/genekas24.ee\/toode\/kompak-kgg20ei-df-invertergeneraator-24kw\/#primaryimage\",\"url\":\"https:\/\/genekas24.ee\/wp-content\/uploads\/2026\/05\/5911-500x500-1.jpeg\",\"contentUrl\":\"https:\/\/genekas24.ee\/wp-content\/uploads\/2026\/05\/5911-500x500-1.jpeg\",\"width\":500,\"height\":500},{\"@type\":\"BreadcrumbList\",\"@id\":\"https:\/\/genekas24.ee\/toode\/kompak-kgg20ei-df-invertergeneraator-24kw\/#breadcrumb\",\"itemListElement\":[{\"@type\":\"ListItem\",\"position\":1,\"name\":\"Home\",\"item\":\"https:\/\/genekas24.ee\/\"},{\"@type\":\"ListItem\",\"position\":2,\"name\":\"Pood\",\"item\":\"https:\/\/genekas24.ee\/pood\/\"},{\"@type\":\"ListItem\",\"position\":3,\"name\":\"KOMPAK KGG20Ei-DF invertergeneraator 2,4kW DUAL-FUEL\"}]},{\"@type\":\"WebSite\",\"@id\":\"https:\/\/genekas24.ee\/#website\",\"url\":\"https:\/\/genekas24.ee\/\",\"name\":\"Genekas24\",\"description\":\"Generaatorid | K&ouml;nner S&ouml;hnen tooted | Genekas24\",\"publisher\":{\"@id\":\"https:\/\/genekas24.ee\/#organization\"},\"potentialAction\":[{\"@type\":\"SearchAction\",\"target\":{\"@type\":\"EntryPoint\",\"urlTemplate\":\"https:\/\/genekas24.ee\/?s={search_term_string}\"},\"query-input\":{\"@type\":\"PropertyValueSpecification\",\"valueRequired\":true,\"valueName\":\"search_term_string\"}}],\"inLanguage\":\"en-GB\"},{\"@type\":\"Organization\",\"@id\":\"https:\/\/genekas24.ee\/#organization\",\"name\":\"Genekas24\",\"url\":\"https:\/\/genekas24.ee\/\",\"logo\":{\"@type\":\"ImageObject\",\"inLanguage\":\"en-GB\",\"@id\":\"https:\/\/genekas24.ee\/#\/schema\/logo\/image\/\",\"url\":\"https:\/\/genekas24.ee\/wp-content\/uploads\/2026\/01\/genekas24-logo_black.svg\",\"contentUrl\":\"https:\/\/genekas24.ee\/wp-content\/uploads\/2026\/01\/genekas24-logo_black.svg\",\"width\":840,\"height\":131,\"caption\":\"Genekas24\"},\"image\":{\"@id\":\"https:\/\/genekas24.ee\/#\/schema\/logo\/image\/\"}}]}<\/script>\n<!-- \/ Yoast SEO plugin. -->","yoast_head_json":{"title":"KOMPAK KGG20Ei-DF invertergeneraator 2,4kW DUAL-FUEL - Genekas24","robots":{"index":"index","follow":"follow","max-snippet":"max-snippet:-1","max-image-preview":"max-image-preview:large","max-video-preview":"max-video-preview:-1"},"canonical":"https:\/\/genekas24.ee\/en\/product\/kompak-kgg20ei-df-invertergeneraator-24kw\/","og_locale":"en_GB","og_type":"article","og_title":"KOMPAK KGG20Ei-DF invertergeneraator 2,4kW DUAL-FUEL - Genekas24","og_description":"Maksimaalne v\u00f5imsus Bensiin: 2300 W \/ LPG: 1900 W   Pidevv\u00f5imsus Bensiin: 2100 W \/ LPG: 1700 W   Pinge 230 V   Nimivoolutugevus 14,3 A   K\u00fctus Bensiin \/ Vedelgaas (LPG)   Mootor 79,8 cm\u00b3 (2 hj), 4-taktiline K220   K\u00e4ivitus Manuaalne   K\u00fctusepaagi maht 5,2 L   K\u00fctusekulu (75% koormus) Bensiin: ~6 h 15 min \/ LPG: 0,7 kg tunnis   M\u00fcratase (7 m) 59 dBA   Pistikupesad 1 x 16 A   Pinge reguleerimine AVR (Jah)   Ekraan ja indikaatorid Digitaalne ekraan, \u00f5lialarm, \u00fclekoormuse m\u00e4rgutuli   M\u00f5\u00f5tmed 570 x 365 x 555 mm   Kaal 20,5 kg   Lisavarustus Gaasivoolik kaasas (27\u201330 mbar)   Muu info Aku ja gaasiballoon ei kuulu komplekti","og_url":"https:\/\/genekas24.ee\/en\/product\/kompak-kgg20ei-df-invertergeneraator-24kw\/","og_site_name":"Genekas24","article_modified_time":"2026-05-15T09:30:03+00:00","og_image":[{"width":500,"height":500,"url":"https:\/\/genekas24.ee\/wp-content\/uploads\/2026\/05\/5911-500x500-1.jpeg","type":"image\/jpeg"}],"twitter_card":"summary_large_image","twitter_misc":{"Estimated reading time":"2 minutes"},"schema":{"@context":"https:\/\/schema.org","@graph":[{"@type":"WebPage","@id":"https:\/\/genekas24.ee\/toode\/kompak-kgg20ei-df-invertergeneraator-24kw\/","url":"https:\/\/genekas24.ee\/toode\/kompak-kgg20ei-df-invertergeneraator-24kw\/","name":"KOMPAK KGG20Ei-DF invertergeneraator 2,4kW DUAL-FUEL - Genekas24","isPartOf":{"@id":"https:\/\/genekas24.ee\/#website"},"primaryImageOfPage":{"@id":"https:\/\/genekas24.ee\/toode\/kompak-kgg20ei-df-invertergeneraator-24kw\/#primaryimage"},"image":{"@id":"https:\/\/genekas24.ee\/toode\/kompak-kgg20ei-df-invertergeneraator-24kw\/#primaryimage"},"thumbnailUrl":"https:\/\/genekas24.ee\/wp-content\/uploads\/2026\/05\/5911-500x500-1.jpeg","datePublished":"2026-05-14T08:54:29+00:00","dateModified":"2026-05-15T09:30:03+00:00","breadcrumb":{"@id":"https:\/\/genekas24.ee\/toode\/kompak-kgg20ei-df-invertergeneraator-24kw\/#breadcrumb"},"inLanguage":"en-GB","potentialAction":[{"@type":"ReadAction","target":["https:\/\/genekas24.ee\/toode\/kompak-kgg20ei-df-invertergeneraator-24kw\/"]}]},{"@type":"ImageObject","inLanguage":"en-GB","@id":"https:\/\/genekas24.ee\/toode\/kompak-kgg20ei-df-invertergeneraator-24kw\/#primaryimage","url":"https:\/\/genekas24.ee\/wp-content\/uploads\/2026\/05\/5911-500x500-1.jpeg","contentUrl":"https:\/\/genekas24.ee\/wp-content\/uploads\/2026\/05\/5911-500x500-1.jpeg","width":500,"height":500},{"@type":"BreadcrumbList","@id":"https:\/\/genekas24.ee\/toode\/kompak-kgg20ei-df-invertergeneraator-24kw\/#breadcrumb","itemListElement":[{"@type":"ListItem","position":1,"name":"Home","item":"https:\/\/genekas24.ee\/"},{"@type":"ListItem","position":2,"name":"Pood","item":"https:\/\/genekas24.ee\/pood\/"},{"@type":"ListItem","position":3,"name":"KOMPAK KGG20Ei-DF invertergeneraator 2,4kW DUAL-FUEL"}]},{"@type":"WebSite","@id":"https:\/\/genekas24.ee\/#website","url":"https:\/\/genekas24.ee\/","name":"Genekas24","description":"Generaatorid | K&ouml;nner S&ouml;hnen tooted | Genekas24","publisher":{"@id":"https:\/\/genekas24.ee\/#organization"},"potentialAction":[{"@type":"SearchAction","target":{"@type":"EntryPoint","urlTemplate":"https:\/\/genekas24.ee\/?s={search_term_string}"},"query-input":{"@type":"PropertyValueSpecification","valueRequired":true,"valueName":"search_term_string"}}],"inLanguage":"en-GB"},{"@type":"Organization","@id":"https:\/\/genekas24.ee\/#organization","name":"Genekas24","url":"https:\/\/genekas24.ee\/","logo":{"@type":"ImageObject","inLanguage":"en-GB","@id":"https:\/\/genekas24.ee\/#\/schema\/logo\/image\/","url":"https:\/\/genekas24.ee\/wp-content\/uploads\/2026\/01\/genekas24-logo_black.svg","contentUrl":"https:\/\/genekas24.ee\/wp-content\/uploads\/2026\/01\/genekas24-logo_black.svg","width":840,"height":131,"caption":"Genekas24"},"image":{"@id":"https:\/\/genekas24.ee\/#\/schema\/logo\/image\/"}}]}},"_links":{"self":[{"href":"https:\/\/genekas24.ee\/en\/wp-json\/wp\/v2\/product\/23662","targetHints":{"allow":["GET"]}}],"collection":[{"href":"https:\/\/genekas24.ee\/en\/wp-json\/wp\/v2\/product"}],"about":[{"href":"https:\/\/genekas24.ee\/en\/wp-json\/wp\/v2\/types\/product"}],"version-history":[{"count":2,"href":"https:\/\/genekas24.ee\/en\/wp-json\/wp\/v2\/product\/23662\/revisions"}],"predecessor-version":[{"id":23678,"href":"https:\/\/genekas24.ee\/en\/wp-json\/wp\/v2\/product\/23662\/revisions\/23678"}],"wp:featuredmedia":[{"embeddable":true,"href":"https:\/\/genekas24.ee\/en\/wp-json\/wp\/v2\/media\/23663"}],"wp:attachment":[{"href":"https:\/\/genekas24.ee\/en\/wp-json\/wp\/v2\/media?parent=23662"}],"wp:term":[{"taxonomy":"product_brand","embeddable":true,"href":"https:\/\/genekas24.ee\/en\/wp-json\/wp\/v2\/product_brand?post=23662"},{"taxonomy":"product_cat","embeddable":true,"href":"https:\/\/genekas24.ee\/en\/wp-json\/wp\/v2\/product_cat?post=23662"},{"taxonomy":"product_tag","embeddable":true,"href":"https:\/\/genekas24.ee\/en\/wp-json\/wp\/v2\/product_tag?post=23662"}],"curies":[{"name":"wp","href":"https:\/\/api.w.org\/{rel}","templated":true}]}}