{"id":23474,"date":"2026-04-29T11:14:05","date_gmt":"2026-04-29T11:14:05","guid":{"rendered":"https:\/\/genekas24.ee\/?post_type=product&#038;p=23474"},"modified":"2026-04-29T15:25:56","modified_gmt":"2026-04-29T15:25:56","slug":"kompak-dc480r-diiselgeneraator-350kw","status":"publish","type":"product","link":"https:\/\/genekas24.ee\/en\/product\/kompak-dc480r-diiselgeneraator-350kw\/","title":{"rendered":"KOMPAK DC480R diiselgeneraator 350kW"},"content":{"rendered":"<h3 data-start=\"0\" data-end=\"16\"><span role=\"text\"><strong data-start=\"4\" data-end=\"16\">Omadused<\/strong><\/span><\/h3>\n<ul data-start=\"17\" data-end=\"816\" data-is-last-node=\"\" data-is-only-node=\"\">\n<li data-start=\"17\" data-end=\"51\">Kaitses\u00fcsteemide t\u00f6\u00f6 testimine<\/li>\n<li data-start=\"52\" data-end=\"90\">K\u00e4ivitusv\u00f5ime normaaltemperatuuril<\/li>\n<li data-start=\"91\" data-end=\"152\">V\u00f5ime taluda hetkeks 50% nimiv\u00f5imsusest suuremat koormust<\/li>\n<li data-start=\"153\" data-end=\"197\">Pingeh\u00e4lve ja p\u00f6\u00f6rlemiskiiruse k\u00f5ikumine<\/li>\n<li data-start=\"198\" data-end=\"236\">Kohandatav tootmisprotsess ja v\u00e4rv<\/li>\n<li data-start=\"237\" data-end=\"258\">Valikuline tootja<\/li>\n<li data-start=\"259\" data-end=\"301\">Paigalduskoht: v\u00e4ljas v\u00f5i siseruumides<\/li>\n<li data-start=\"302\" data-end=\"346\">\u00dcmbritsev temperatuur: \u221225 \u00b0C kuni 50 \u00b0C<\/li>\n<li data-start=\"347\" data-end=\"368\">Niiskus: alla 80%<\/li>\n<li data-start=\"369\" data-end=\"392\">K\u00f5rgus: alla 1000 m<\/li>\n<li data-start=\"393\" data-end=\"423\">Ergutuss\u00fcsteem: iseergutuv<\/li>\n<li data-start=\"424\" data-end=\"444\">V\u00f5tmega k\u00e4ivitus<\/li>\n<li data-start=\"445\" data-end=\"469\">H\u00e4da-seiskamisl\u00fcliti<\/li>\n<li data-start=\"470\" data-end=\"486\">V\u00f5rgu sisend<\/li>\n<li data-start=\"487\" data-end=\"511\">Kaugside \u00fchenduspesa<\/li>\n<li data-start=\"512\" data-end=\"530\">V\u00e4line \u00f5lipump<\/li>\n<li data-start=\"531\" data-end=\"569\">Alus-k\u00fctusepaak 12-tunniseks t\u00f6\u00f6ks<\/li>\n<li data-start=\"570\" data-end=\"585\">Lisaveepaak<\/li>\n<li data-start=\"586\" data-end=\"602\">Klemmv\u00e4ljund<\/li>\n<li data-start=\"603\" data-end=\"641\">Kasutusjuhend \/ spetsifikatsioonid<\/li>\n<li data-start=\"642\" data-end=\"670\">K\u00fctusepaagi \u00fcmberl\u00fclitus<\/li>\n<li data-start=\"671\" data-end=\"692\">Aku eraldusl\u00fcliti<\/li>\n<li data-start=\"693\" data-end=\"716\">Pulberv\u00e4rvitud kate<\/li>\n<li data-start=\"717\" data-end=\"752\">Terasest alusraam kahvliavadega<\/li>\n<li data-start=\"753\" data-end=\"772\">50 \u00b0C radiaator<\/li>\n<li data-start=\"773\" data-end=\"796\">Kuivt\u00fc\u00fcpi \u00f5hufilter<\/li>\n<li data-start=\"797\" data-end=\"816\" data-is-last-node=\"\">Kontrollvalgustus<\/li>\n<\/ul>","protected":false},"excerpt":{"rendered":"<table style=\"width: 100%;\">\n<thead>\n<tr style=\"height: 48px;\">\n<th style=\"height: 48px; width: 40.3628%;\"><\/th>\n<th style=\"height: 48px; width: 32.6531%;\">Ootere\u017eiimi v\u00f5imsus<\/th>\n<th style=\"height: 48px; width: 25.3968%;\">P\u00f5hiv\u00f5imsus<\/th>\n<\/tr>\n<\/thead>\n<tbody>\n<tr style=\"height: 24px;\">\n<td style=\"height: 24px; width: 40.3628%;\">V\u00f5imsus (kVA)<\/td>\n<td style=\"height: 24px; width: 32.6531%;\">481<\/td>\n<td style=\"height: 24px; width: 25.3968%;\">438<\/td>\n<\/tr>\n<tr style=\"height: 24px;\">\n<td style=\"height: 24px; width: 40.3628%;\">V\u00f5imsus (kW)<\/td>\n<td style=\"height: 24px; width: 32.6531%;\">385<\/td>\n<td style=\"height: 24px; width: 25.3968%;\">350<\/td>\n<\/tr>\n<tr style=\"height: 24px;\">\n<td style=\"height: 24px; width: 40.3628%;\">Vool (A)<\/td>\n<td style=\"height: 24px; width: 32.6531%;\">694<\/td>\n<td style=\"height: 24px; width: 25.3968%;\">632<\/td>\n<\/tr>\n<tr style=\"height: 48px;\">\n<td style=\"height: 48px; width: 40.3628%;\">Mootori p\u00f6\u00f6rlemiskiirus (rpm)<\/td>\n<td style=\"height: 48px; width: 32.6531%;\">1500<\/td>\n<td style=\"height: 48px; width: 25.3968%;\">1500<\/td>\n<\/tr>\n<tr style=\"height: 24px;\">\n<td style=\"height: 24px; width: 40.3628%;\">Nimipinge (V)<\/td>\n<td style=\"height: 24px; width: 32.6531%;\">400\/230<\/td>\n<td style=\"height: 24px; width: 25.3968%;\">400\/230<\/td>\n<\/tr>\n<tr style=\"height: 24px;\">\n<td style=\"height: 24px; width: 40.3628%;\">V\u00f5imsustegur (cos \u03c6)<\/td>\n<td style=\"height: 24px; width: 32.6531%;\">0.8<\/td>\n<td style=\"height: 24px; width: 25.3968%;\">0.8<\/td>\n<\/tr>\n<tr style=\"height: 24px;\">\n<td style=\"height: 24px; width: 40.3628%;\">K\u00fctusepaagi maht (L)<\/td>\n<td style=\"text-align: center; height: 24px; width: 58.0499%;\" colspan=\"2\">1400<\/td>\n<\/tr>\n<\/tbody>\n<\/table>","protected":false},"featured_media":23477,"template":"","meta":{"_acf_changed":false,"inline_featured_image":false},"product_brand":[],"product_cat":[94,22,37],"product_tag":[],"class_list":{"0":"post-23474","1":"product","2":"type-product","3":"status-publish","4":"has-post-thumbnail","6":"product_cat-generaatorid","7":"product_cat-diiselgeneraatorid","8":"product_cat-diisel-joujaamad","9":"product_shipping_class-diisel-joujaamad","10":"brand-kompak","12":"first","13":"instock","14":"taxable","15":"shipping-taxable","16":"product-type-simple"},"acf":[],"yoast_head":"<!-- This site is optimized with the Yoast SEO plugin v27.2 - https:\/\/yoast.com\/product\/yoast-seo-wordpress\/ -->\n<title>KOMPAK DC480R diiselgeneraator 350kW - Genekas24<\/title>\n<meta name=\"robots\" content=\"index, follow, max-snippet:-1, max-image-preview:large, max-video-preview:-1\" \/>\n<link rel=\"canonical\" href=\"https:\/\/genekas24.ee\/en\/product\/kompak-dc480r-diiselgeneraator-350kw\/\" \/>\n<meta property=\"og:locale\" content=\"en_GB\" \/>\n<meta property=\"og:type\" content=\"article\" \/>\n<meta property=\"og:title\" content=\"KOMPAK DC480R diiselgeneraator 350kW - Genekas24\" \/>\n<meta property=\"og:description\" content=\"Ootere\u017eiimi v\u00f5imsus P\u00f5hiv\u00f5imsus     V\u00f5imsus (kVA) 481 438   V\u00f5imsus (kW) 385 350   Vool (A) 694 632   Mootori p\u00f6\u00f6rlemiskiirus (rpm) 1500 1500   Nimipinge (V) 400\/230 400\/230   V\u00f5imsustegur (cos \u03c6) 0.8 0.8   K\u00fctusepaagi maht (L) 1400\" \/>\n<meta property=\"og:url\" content=\"https:\/\/genekas24.ee\/en\/product\/kompak-dc480r-diiselgeneraator-350kw\/\" \/>\n<meta property=\"og:site_name\" content=\"Genekas24\" \/>\n<meta property=\"article:modified_time\" content=\"2026-04-29T15:25:56+00:00\" \/>\n<meta property=\"og:image\" content=\"https:\/\/genekas24.ee\/wp-content\/uploads\/2026\/04\/Kuvatommis-2026-04-29-140927.png\" \/>\n\t<meta property=\"og:image:width\" content=\"476\" \/>\n\t<meta property=\"og:image:height\" content=\"271\" \/>\n\t<meta property=\"og:image:type\" content=\"image\/png\" \/>\n<meta name=\"twitter:card\" content=\"summary_large_image\" \/>\n<meta name=\"twitter:label1\" content=\"Estimated reading time\" \/>\n\t<meta name=\"twitter:data1\" content=\"1 minute\" \/>\n<script type=\"application\/ld+json\" class=\"yoast-schema-graph\">{\"@context\":\"https:\/\/schema.org\",\"@graph\":[{\"@type\":\"WebPage\",\"@id\":\"https:\/\/genekas24.ee\/toode\/kompak-dc480r-diiselgeneraator-350kw\/\",\"url\":\"https:\/\/genekas24.ee\/toode\/kompak-dc480r-diiselgeneraator-350kw\/\",\"name\":\"KOMPAK DC480R diiselgeneraator 350kW - Genekas24\",\"isPartOf\":{\"@id\":\"https:\/\/genekas24.ee\/#website\"},\"primaryImageOfPage\":{\"@id\":\"https:\/\/genekas24.ee\/toode\/kompak-dc480r-diiselgeneraator-350kw\/#primaryimage\"},\"image\":{\"@id\":\"https:\/\/genekas24.ee\/toode\/kompak-dc480r-diiselgeneraator-350kw\/#primaryimage\"},\"thumbnailUrl\":\"https:\/\/genekas24.ee\/wp-content\/uploads\/2026\/04\/Kuvatommis-2026-04-29-140927.png\",\"datePublished\":\"2026-04-29T11:14:05+00:00\",\"dateModified\":\"2026-04-29T15:25:56+00:00\",\"breadcrumb\":{\"@id\":\"https:\/\/genekas24.ee\/toode\/kompak-dc480r-diiselgeneraator-350kw\/#breadcrumb\"},\"inLanguage\":\"en-GB\",\"potentialAction\":[{\"@type\":\"ReadAction\",\"target\":[\"https:\/\/genekas24.ee\/toode\/kompak-dc480r-diiselgeneraator-350kw\/\"]}]},{\"@type\":\"ImageObject\",\"inLanguage\":\"en-GB\",\"@id\":\"https:\/\/genekas24.ee\/toode\/kompak-dc480r-diiselgeneraator-350kw\/#primaryimage\",\"url\":\"https:\/\/genekas24.ee\/wp-content\/uploads\/2026\/04\/Kuvatommis-2026-04-29-140927.png\",\"contentUrl\":\"https:\/\/genekas24.ee\/wp-content\/uploads\/2026\/04\/Kuvatommis-2026-04-29-140927.png\",\"width\":476,\"height\":271},{\"@type\":\"BreadcrumbList\",\"@id\":\"https:\/\/genekas24.ee\/toode\/kompak-dc480r-diiselgeneraator-350kw\/#breadcrumb\",\"itemListElement\":[{\"@type\":\"ListItem\",\"position\":1,\"name\":\"Home\",\"item\":\"https:\/\/genekas24.ee\/\"},{\"@type\":\"ListItem\",\"position\":2,\"name\":\"Pood\",\"item\":\"https:\/\/genekas24.ee\/pood\/\"},{\"@type\":\"ListItem\",\"position\":3,\"name\":\"KOMPAK DC480R diiselgeneraator 350kW\"}]},{\"@type\":\"WebSite\",\"@id\":\"https:\/\/genekas24.ee\/#website\",\"url\":\"https:\/\/genekas24.ee\/\",\"name\":\"Genekas24\",\"description\":\"Generaatorid | K&ouml;nner S&ouml;hnen tooted | Genekas24\",\"publisher\":{\"@id\":\"https:\/\/genekas24.ee\/#organization\"},\"potentialAction\":[{\"@type\":\"SearchAction\",\"target\":{\"@type\":\"EntryPoint\",\"urlTemplate\":\"https:\/\/genekas24.ee\/?s={search_term_string}\"},\"query-input\":{\"@type\":\"PropertyValueSpecification\",\"valueRequired\":true,\"valueName\":\"search_term_string\"}}],\"inLanguage\":\"en-GB\"},{\"@type\":\"Organization\",\"@id\":\"https:\/\/genekas24.ee\/#organization\",\"name\":\"Genekas24\",\"url\":\"https:\/\/genekas24.ee\/\",\"logo\":{\"@type\":\"ImageObject\",\"inLanguage\":\"en-GB\",\"@id\":\"https:\/\/genekas24.ee\/#\/schema\/logo\/image\/\",\"url\":\"https:\/\/genekas24.ee\/wp-content\/uploads\/2026\/01\/genekas24-logo_black.svg\",\"contentUrl\":\"https:\/\/genekas24.ee\/wp-content\/uploads\/2026\/01\/genekas24-logo_black.svg\",\"width\":840,\"height\":131,\"caption\":\"Genekas24\"},\"image\":{\"@id\":\"https:\/\/genekas24.ee\/#\/schema\/logo\/image\/\"}}]}<\/script>\n<!-- \/ Yoast SEO plugin. -->","yoast_head_json":{"title":"KOMPAK DC480R diiselgeneraator 350kW - Genekas24","robots":{"index":"index","follow":"follow","max-snippet":"max-snippet:-1","max-image-preview":"max-image-preview:large","max-video-preview":"max-video-preview:-1"},"canonical":"https:\/\/genekas24.ee\/en\/product\/kompak-dc480r-diiselgeneraator-350kw\/","og_locale":"en_GB","og_type":"article","og_title":"KOMPAK DC480R diiselgeneraator 350kW - Genekas24","og_description":"Ootere\u017eiimi v\u00f5imsus P\u00f5hiv\u00f5imsus     V\u00f5imsus (kVA) 481 438   V\u00f5imsus (kW) 385 350   Vool (A) 694 632   Mootori p\u00f6\u00f6rlemiskiirus (rpm) 1500 1500   Nimipinge (V) 400\/230 400\/230   V\u00f5imsustegur (cos \u03c6) 0.8 0.8   K\u00fctusepaagi maht (L) 1400","og_url":"https:\/\/genekas24.ee\/en\/product\/kompak-dc480r-diiselgeneraator-350kw\/","og_site_name":"Genekas24","article_modified_time":"2026-04-29T15:25:56+00:00","og_image":[{"width":476,"height":271,"url":"https:\/\/genekas24.ee\/wp-content\/uploads\/2026\/04\/Kuvatommis-2026-04-29-140927.png","type":"image\/png"}],"twitter_card":"summary_large_image","twitter_misc":{"Estimated reading time":"1 minute"},"schema":{"@context":"https:\/\/schema.org","@graph":[{"@type":"WebPage","@id":"https:\/\/genekas24.ee\/toode\/kompak-dc480r-diiselgeneraator-350kw\/","url":"https:\/\/genekas24.ee\/toode\/kompak-dc480r-diiselgeneraator-350kw\/","name":"KOMPAK DC480R diiselgeneraator 350kW - Genekas24","isPartOf":{"@id":"https:\/\/genekas24.ee\/#website"},"primaryImageOfPage":{"@id":"https:\/\/genekas24.ee\/toode\/kompak-dc480r-diiselgeneraator-350kw\/#primaryimage"},"image":{"@id":"https:\/\/genekas24.ee\/toode\/kompak-dc480r-diiselgeneraator-350kw\/#primaryimage"},"thumbnailUrl":"https:\/\/genekas24.ee\/wp-content\/uploads\/2026\/04\/Kuvatommis-2026-04-29-140927.png","datePublished":"2026-04-29T11:14:05+00:00","dateModified":"2026-04-29T15:25:56+00:00","breadcrumb":{"@id":"https:\/\/genekas24.ee\/toode\/kompak-dc480r-diiselgeneraator-350kw\/#breadcrumb"},"inLanguage":"en-GB","potentialAction":[{"@type":"ReadAction","target":["https:\/\/genekas24.ee\/toode\/kompak-dc480r-diiselgeneraator-350kw\/"]}]},{"@type":"ImageObject","inLanguage":"en-GB","@id":"https:\/\/genekas24.ee\/toode\/kompak-dc480r-diiselgeneraator-350kw\/#primaryimage","url":"https:\/\/genekas24.ee\/wp-content\/uploads\/2026\/04\/Kuvatommis-2026-04-29-140927.png","contentUrl":"https:\/\/genekas24.ee\/wp-content\/uploads\/2026\/04\/Kuvatommis-2026-04-29-140927.png","width":476,"height":271},{"@type":"BreadcrumbList","@id":"https:\/\/genekas24.ee\/toode\/kompak-dc480r-diiselgeneraator-350kw\/#breadcrumb","itemListElement":[{"@type":"ListItem","position":1,"name":"Home","item":"https:\/\/genekas24.ee\/"},{"@type":"ListItem","position":2,"name":"Pood","item":"https:\/\/genekas24.ee\/pood\/"},{"@type":"ListItem","position":3,"name":"KOMPAK DC480R diiselgeneraator 350kW"}]},{"@type":"WebSite","@id":"https:\/\/genekas24.ee\/#website","url":"https:\/\/genekas24.ee\/","name":"Genekas24","description":"Generaatorid | K&ouml;nner S&ouml;hnen tooted | Genekas24","publisher":{"@id":"https:\/\/genekas24.ee\/#organization"},"potentialAction":[{"@type":"SearchAction","target":{"@type":"EntryPoint","urlTemplate":"https:\/\/genekas24.ee\/?s={search_term_string}"},"query-input":{"@type":"PropertyValueSpecification","valueRequired":true,"valueName":"search_term_string"}}],"inLanguage":"en-GB"},{"@type":"Organization","@id":"https:\/\/genekas24.ee\/#organization","name":"Genekas24","url":"https:\/\/genekas24.ee\/","logo":{"@type":"ImageObject","inLanguage":"en-GB","@id":"https:\/\/genekas24.ee\/#\/schema\/logo\/image\/","url":"https:\/\/genekas24.ee\/wp-content\/uploads\/2026\/01\/genekas24-logo_black.svg","contentUrl":"https:\/\/genekas24.ee\/wp-content\/uploads\/2026\/01\/genekas24-logo_black.svg","width":840,"height":131,"caption":"Genekas24"},"image":{"@id":"https:\/\/genekas24.ee\/#\/schema\/logo\/image\/"}}]}},"_links":{"self":[{"href":"https:\/\/genekas24.ee\/en\/wp-json\/wp\/v2\/product\/23474","targetHints":{"allow":["GET"]}}],"collection":[{"href":"https:\/\/genekas24.ee\/en\/wp-json\/wp\/v2\/product"}],"about":[{"href":"https:\/\/genekas24.ee\/en\/wp-json\/wp\/v2\/types\/product"}],"version-history":[{"count":1,"href":"https:\/\/genekas24.ee\/en\/wp-json\/wp\/v2\/product\/23474\/revisions"}],"predecessor-version":[{"id":23481,"href":"https:\/\/genekas24.ee\/en\/wp-json\/wp\/v2\/product\/23474\/revisions\/23481"}],"wp:featuredmedia":[{"embeddable":true,"href":"https:\/\/genekas24.ee\/en\/wp-json\/wp\/v2\/media\/23477"}],"wp:attachment":[{"href":"https:\/\/genekas24.ee\/en\/wp-json\/wp\/v2\/media?parent=23474"}],"wp:term":[{"taxonomy":"product_brand","embeddable":true,"href":"https:\/\/genekas24.ee\/en\/wp-json\/wp\/v2\/product_brand?post=23474"},{"taxonomy":"product_cat","embeddable":true,"href":"https:\/\/genekas24.ee\/en\/wp-json\/wp\/v2\/product_cat?post=23474"},{"taxonomy":"product_tag","embeddable":true,"href":"https:\/\/genekas24.ee\/en\/wp-json\/wp\/v2\/product_tag?post=23474"}],"curies":[{"name":"wp","href":"https:\/\/api.w.org\/{rel}","templated":true}]}}