{"id":23437,"date":"2026-04-29T10:45:15","date_gmt":"2026-04-29T10:45:15","guid":{"rendered":"https:\/\/genekas24.ee\/?post_type=product&#038;p=23437"},"modified":"2026-04-29T10:45:15","modified_gmt":"2026-04-29T10:45:15","slug":"kompak-dc35r-diiselgeneraator-25kw","status":"publish","type":"product","link":"https:\/\/genekas24.ee\/en\/product\/kompak-dc35r-diiselgeneraator-25kw\/","title":{"rendered":"KOMPAK DC35R diiselgeneraator 25kW"},"content":{"rendered":"<h3 data-section-id=\"1s0ig86\" data-start=\"83\" data-end=\"95\">Omadused<\/h3>\n<ul data-start=\"97\" data-end=\"930\">\n<li data-section-id=\"1d4ru74\" data-start=\"97\" data-end=\"131\">Kaitses\u00fcsteemide t\u00f6\u00f6 testimine<\/li>\n<li data-section-id=\"cvqdv2\" data-start=\"132\" data-end=\"172\">K\u00e4ivitumisv\u00f5ime normaaltemperatuuril<\/li>\n<li data-section-id=\"125wekw\" data-start=\"173\" data-end=\"234\">V\u00f5ime taluda 50% nimiv\u00f5imsuse koormuse j\u00e4rsku rakendumist<\/li>\n<li data-section-id=\"1tb33l4\" data-start=\"235\" data-end=\"283\">Pinge ja p\u00f6\u00f6rlemiskiiruse k\u00f5ikumise kontroll<\/li>\n<li data-section-id=\"72p0q0\" data-start=\"284\" data-end=\"322\">Kohandatav tootmisprotsess ja v\u00e4rv<\/li>\n<li data-section-id=\"gzpim9\" data-start=\"323\" data-end=\"344\">Tootja valikuline<\/li>\n<li data-section-id=\"1ljc38h\" data-start=\"346\" data-end=\"391\">Paigalduskoht: sise- v\u00f5i v\u00e4listingimustes<\/li>\n<li data-section-id=\"14ei26n\" data-start=\"392\" data-end=\"435\">\u00dcmbritsev temperatuur: -25\u00b0C kuni +50\u00b0C<\/li>\n<li data-section-id=\"1bq3hqf\" data-start=\"436\" data-end=\"460\">\u00d5huniiskus: alla 80%<\/li>\n<li data-section-id=\"9txed6\" data-start=\"461\" data-end=\"493\">Paigaldusk\u00f5rgus: kuni 1000 m<\/li>\n<li data-section-id=\"1puox5c\" data-start=\"495\" data-end=\"523\">Iseerutuv ergutuss\u00fcsteem<\/li>\n<li data-section-id=\"1mctsvz\" data-start=\"524\" data-end=\"539\">V\u00f5tmel\u00fcliti<\/li>\n<li data-section-id=\"1lr0jyw\" data-start=\"540\" data-end=\"563\">H\u00e4daseiskamisl\u00fcliti<\/li>\n<li data-section-id=\"1ws2wj1\" data-start=\"564\" data-end=\"580\">V\u00f5rgu sisend<\/li>\n<li data-section-id=\"1niis20\" data-start=\"581\" data-end=\"607\">Kaugside \u00fchendusliides<\/li>\n<li data-section-id=\"zqge4c\" data-start=\"608\" data-end=\"626\">V\u00e4line \u00f5lipump<\/li>\n<li data-section-id=\"topau4\" data-start=\"628\" data-end=\"659\">Aluspaak 12-tunniseks t\u00f6\u00f6ks<\/li>\n<li data-section-id=\"e0xb5e\" data-start=\"660\" data-end=\"675\">Lisaveepaak<\/li>\n<li data-section-id=\"1xu6kfg\" data-start=\"676\" data-end=\"694\">V\u00e4ljundklemmid<\/li>\n<li data-section-id=\"1thxftb\" data-start=\"695\" data-end=\"732\">Kasutusjuhend \/ tehnilised andmed<\/li>\n<li data-section-id=\"omq5jx\" data-start=\"733\" data-end=\"764\">K\u00fctusepaagi \u00fcmberl\u00fclitamine<\/li>\n<li data-section-id=\"1b21j7z\" data-start=\"765\" data-end=\"795\">Aku lahti\u00fchendamise l\u00fcliti<\/li>\n<li data-section-id=\"w62h9r\" data-start=\"797\" data-end=\"828\">Pulberv\u00e4rvitud kaitsekorpus<\/li>\n<li data-section-id=\"1qi4q8f\" data-start=\"829\" data-end=\"864\">Terasest alusraam kahvliavadega<\/li>\n<li data-section-id=\"1spbs2x\" data-start=\"865\" data-end=\"883\">50\u00b0C radiaator<\/li>\n<li data-section-id=\"1myvsqp\" data-start=\"884\" data-end=\"908\">Kuiv-t\u00fc\u00fcpi \u00f5hufilter<\/li>\n<li data-section-id=\"1bz7n4z\" data-start=\"909\" data-end=\"930\">Kontrollvalgustus<\/li>\n<\/ul>","protected":false},"excerpt":{"rendered":"<table>\n<thead>\n<tr>\n<th><\/th>\n<th>Ootere\u017eiimi v\u00f5imsus<\/th>\n<th>P\u00f5hiv\u00f5imsus<\/th>\n<\/tr>\n<\/thead>\n<tbody>\n<tr>\n<td>V\u00f5imsus (kVA)<\/td>\n<td>34<\/td>\n<td>31<\/td>\n<\/tr>\n<tr>\n<td>V\u00f5imsus (kW)<\/td>\n<td>28<\/td>\n<td>25<\/td>\n<\/tr>\n<tr>\n<td>Vool (A)<\/td>\n<td>49<\/td>\n<td>45<\/td>\n<\/tr>\n<tr>\n<td>Mootori p\u00f6\u00f6rlemiskiirus (rpm)<\/td>\n<td>1500<\/td>\n<td>1500<\/td>\n<\/tr>\n<tr>\n<td>Nimipinge (V)<\/td>\n<td>400\/230<\/td>\n<td>400\/230<\/td>\n<\/tr>\n<tr>\n<td>V\u00f5imsustegur (cos \u03c6)<\/td>\n<td>0.8<\/td>\n<td>0.8<\/td>\n<\/tr>\n<tr>\n<td>K\u00fctusepaagi maht (L)<\/td>\n<td style=\"text-align: center;\" colspan=\"2\">145<\/td>\n<\/tr>\n<\/tbody>\n<\/table>","protected":false},"featured_media":23440,"template":"","meta":{"_acf_changed":false,"inline_featured_image":false},"product_brand":[],"product_cat":[94,22,37],"product_tag":[],"class_list":{"0":"post-23437","1":"product","2":"type-product","3":"status-publish","4":"has-post-thumbnail","6":"product_cat-generaatorid","7":"product_cat-diiselgeneraatorid","8":"product_cat-diisel-joujaamad","9":"product_shipping_class-diisel-joujaamad","10":"brand-kompak","12":"first","13":"instock","14":"taxable","15":"shipping-taxable","16":"purchasable","17":"product-type-simple"},"acf":[],"yoast_head":"<!-- This site is optimized with the Yoast SEO plugin v27.2 - https:\/\/yoast.com\/product\/yoast-seo-wordpress\/ -->\n<title>KOMPAK DC35R diiselgeneraator 25kW - Genekas24<\/title>\n<meta name=\"robots\" content=\"index, follow, max-snippet:-1, max-image-preview:large, max-video-preview:-1\" \/>\n<link rel=\"canonical\" href=\"https:\/\/genekas24.ee\/en\/product\/kompak-dc35r-diiselgeneraator-25kw\/\" \/>\n<meta property=\"og:locale\" content=\"en_GB\" \/>\n<meta property=\"og:type\" content=\"article\" \/>\n<meta property=\"og:title\" content=\"KOMPAK DC35R diiselgeneraator 25kW - Genekas24\" \/>\n<meta property=\"og:description\" content=\"Ootere\u017eiimi v\u00f5imsus P\u00f5hiv\u00f5imsus     V\u00f5imsus (kVA) 34 31   V\u00f5imsus (kW) 28 25   Vool (A) 49 45   Mootori p\u00f6\u00f6rlemiskiirus (rpm) 1500 1500   Nimipinge (V) 400\/230 400\/230   V\u00f5imsustegur (cos \u03c6) 0.8 0.8   K\u00fctusepaagi maht (L) 145\" \/>\n<meta property=\"og:url\" content=\"https:\/\/genekas24.ee\/en\/product\/kompak-dc35r-diiselgeneraator-25kw\/\" \/>\n<meta property=\"og:site_name\" content=\"Genekas24\" \/>\n<meta property=\"og:image\" content=\"https:\/\/genekas24.ee\/wp-content\/uploads\/2026\/04\/Kuvatommis-2026-04-29-133952.png\" \/>\n\t<meta property=\"og:image:width\" content=\"471\" \/>\n\t<meta property=\"og:image:height\" content=\"333\" \/>\n\t<meta property=\"og:image:type\" content=\"image\/png\" \/>\n<meta name=\"twitter:card\" content=\"summary_large_image\" \/>\n<meta name=\"twitter:label1\" content=\"Estimated reading time\" \/>\n\t<meta name=\"twitter:data1\" content=\"1 minute\" \/>\n<script type=\"application\/ld+json\" class=\"yoast-schema-graph\">{\"@context\":\"https:\/\/schema.org\",\"@graph\":[{\"@type\":\"WebPage\",\"@id\":\"https:\/\/genekas24.ee\/toode\/kompak-dc35r-diiselgeneraator-25kw\/\",\"url\":\"https:\/\/genekas24.ee\/toode\/kompak-dc35r-diiselgeneraator-25kw\/\",\"name\":\"KOMPAK DC35R diiselgeneraator 25kW - Genekas24\",\"isPartOf\":{\"@id\":\"https:\/\/genekas24.ee\/#website\"},\"primaryImageOfPage\":{\"@id\":\"https:\/\/genekas24.ee\/toode\/kompak-dc35r-diiselgeneraator-25kw\/#primaryimage\"},\"image\":{\"@id\":\"https:\/\/genekas24.ee\/toode\/kompak-dc35r-diiselgeneraator-25kw\/#primaryimage\"},\"thumbnailUrl\":\"https:\/\/genekas24.ee\/wp-content\/uploads\/2026\/04\/Kuvatommis-2026-04-29-133952.png\",\"datePublished\":\"2026-04-29T10:45:15+00:00\",\"breadcrumb\":{\"@id\":\"https:\/\/genekas24.ee\/toode\/kompak-dc35r-diiselgeneraator-25kw\/#breadcrumb\"},\"inLanguage\":\"en-GB\",\"potentialAction\":[{\"@type\":\"ReadAction\",\"target\":[\"https:\/\/genekas24.ee\/toode\/kompak-dc35r-diiselgeneraator-25kw\/\"]}]},{\"@type\":\"ImageObject\",\"inLanguage\":\"en-GB\",\"@id\":\"https:\/\/genekas24.ee\/toode\/kompak-dc35r-diiselgeneraator-25kw\/#primaryimage\",\"url\":\"https:\/\/genekas24.ee\/wp-content\/uploads\/2026\/04\/Kuvatommis-2026-04-29-133952.png\",\"contentUrl\":\"https:\/\/genekas24.ee\/wp-content\/uploads\/2026\/04\/Kuvatommis-2026-04-29-133952.png\",\"width\":471,\"height\":333},{\"@type\":\"BreadcrumbList\",\"@id\":\"https:\/\/genekas24.ee\/toode\/kompak-dc35r-diiselgeneraator-25kw\/#breadcrumb\",\"itemListElement\":[{\"@type\":\"ListItem\",\"position\":1,\"name\":\"Home\",\"item\":\"https:\/\/genekas24.ee\/\"},{\"@type\":\"ListItem\",\"position\":2,\"name\":\"Pood\",\"item\":\"https:\/\/genekas24.ee\/pood\/\"},{\"@type\":\"ListItem\",\"position\":3,\"name\":\"KOMPAK DC35R diiselgeneraator 25kW\"}]},{\"@type\":\"WebSite\",\"@id\":\"https:\/\/genekas24.ee\/#website\",\"url\":\"https:\/\/genekas24.ee\/\",\"name\":\"Genekas24\",\"description\":\"Generaatorid | K&ouml;nner S&ouml;hnen tooted | Genekas24\",\"publisher\":{\"@id\":\"https:\/\/genekas24.ee\/#organization\"},\"potentialAction\":[{\"@type\":\"SearchAction\",\"target\":{\"@type\":\"EntryPoint\",\"urlTemplate\":\"https:\/\/genekas24.ee\/?s={search_term_string}\"},\"query-input\":{\"@type\":\"PropertyValueSpecification\",\"valueRequired\":true,\"valueName\":\"search_term_string\"}}],\"inLanguage\":\"en-GB\"},{\"@type\":\"Organization\",\"@id\":\"https:\/\/genekas24.ee\/#organization\",\"name\":\"Genekas24\",\"url\":\"https:\/\/genekas24.ee\/\",\"logo\":{\"@type\":\"ImageObject\",\"inLanguage\":\"en-GB\",\"@id\":\"https:\/\/genekas24.ee\/#\/schema\/logo\/image\/\",\"url\":\"https:\/\/genekas24.ee\/wp-content\/uploads\/2026\/01\/genekas24-logo_black.svg\",\"contentUrl\":\"https:\/\/genekas24.ee\/wp-content\/uploads\/2026\/01\/genekas24-logo_black.svg\",\"width\":840,\"height\":131,\"caption\":\"Genekas24\"},\"image\":{\"@id\":\"https:\/\/genekas24.ee\/#\/schema\/logo\/image\/\"}}]}<\/script>\n<!-- \/ Yoast SEO plugin. -->","yoast_head_json":{"title":"KOMPAK DC35R diiselgeneraator 25kW - Genekas24","robots":{"index":"index","follow":"follow","max-snippet":"max-snippet:-1","max-image-preview":"max-image-preview:large","max-video-preview":"max-video-preview:-1"},"canonical":"https:\/\/genekas24.ee\/en\/product\/kompak-dc35r-diiselgeneraator-25kw\/","og_locale":"en_GB","og_type":"article","og_title":"KOMPAK DC35R diiselgeneraator 25kW - Genekas24","og_description":"Ootere\u017eiimi v\u00f5imsus P\u00f5hiv\u00f5imsus     V\u00f5imsus (kVA) 34 31   V\u00f5imsus (kW) 28 25   Vool (A) 49 45   Mootori p\u00f6\u00f6rlemiskiirus (rpm) 1500 1500   Nimipinge (V) 400\/230 400\/230   V\u00f5imsustegur (cos \u03c6) 0.8 0.8   K\u00fctusepaagi maht (L) 145","og_url":"https:\/\/genekas24.ee\/en\/product\/kompak-dc35r-diiselgeneraator-25kw\/","og_site_name":"Genekas24","og_image":[{"width":471,"height":333,"url":"https:\/\/genekas24.ee\/wp-content\/uploads\/2026\/04\/Kuvatommis-2026-04-29-133952.png","type":"image\/png"}],"twitter_card":"summary_large_image","twitter_misc":{"Estimated reading time":"1 minute"},"schema":{"@context":"https:\/\/schema.org","@graph":[{"@type":"WebPage","@id":"https:\/\/genekas24.ee\/toode\/kompak-dc35r-diiselgeneraator-25kw\/","url":"https:\/\/genekas24.ee\/toode\/kompak-dc35r-diiselgeneraator-25kw\/","name":"KOMPAK DC35R diiselgeneraator 25kW - Genekas24","isPartOf":{"@id":"https:\/\/genekas24.ee\/#website"},"primaryImageOfPage":{"@id":"https:\/\/genekas24.ee\/toode\/kompak-dc35r-diiselgeneraator-25kw\/#primaryimage"},"image":{"@id":"https:\/\/genekas24.ee\/toode\/kompak-dc35r-diiselgeneraator-25kw\/#primaryimage"},"thumbnailUrl":"https:\/\/genekas24.ee\/wp-content\/uploads\/2026\/04\/Kuvatommis-2026-04-29-133952.png","datePublished":"2026-04-29T10:45:15+00:00","breadcrumb":{"@id":"https:\/\/genekas24.ee\/toode\/kompak-dc35r-diiselgeneraator-25kw\/#breadcrumb"},"inLanguage":"en-GB","potentialAction":[{"@type":"ReadAction","target":["https:\/\/genekas24.ee\/toode\/kompak-dc35r-diiselgeneraator-25kw\/"]}]},{"@type":"ImageObject","inLanguage":"en-GB","@id":"https:\/\/genekas24.ee\/toode\/kompak-dc35r-diiselgeneraator-25kw\/#primaryimage","url":"https:\/\/genekas24.ee\/wp-content\/uploads\/2026\/04\/Kuvatommis-2026-04-29-133952.png","contentUrl":"https:\/\/genekas24.ee\/wp-content\/uploads\/2026\/04\/Kuvatommis-2026-04-29-133952.png","width":471,"height":333},{"@type":"BreadcrumbList","@id":"https:\/\/genekas24.ee\/toode\/kompak-dc35r-diiselgeneraator-25kw\/#breadcrumb","itemListElement":[{"@type":"ListItem","position":1,"name":"Home","item":"https:\/\/genekas24.ee\/"},{"@type":"ListItem","position":2,"name":"Pood","item":"https:\/\/genekas24.ee\/pood\/"},{"@type":"ListItem","position":3,"name":"KOMPAK DC35R diiselgeneraator 25kW"}]},{"@type":"WebSite","@id":"https:\/\/genekas24.ee\/#website","url":"https:\/\/genekas24.ee\/","name":"Genekas24","description":"Generaatorid | K&ouml;nner S&ouml;hnen tooted | Genekas24","publisher":{"@id":"https:\/\/genekas24.ee\/#organization"},"potentialAction":[{"@type":"SearchAction","target":{"@type":"EntryPoint","urlTemplate":"https:\/\/genekas24.ee\/?s={search_term_string}"},"query-input":{"@type":"PropertyValueSpecification","valueRequired":true,"valueName":"search_term_string"}}],"inLanguage":"en-GB"},{"@type":"Organization","@id":"https:\/\/genekas24.ee\/#organization","name":"Genekas24","url":"https:\/\/genekas24.ee\/","logo":{"@type":"ImageObject","inLanguage":"en-GB","@id":"https:\/\/genekas24.ee\/#\/schema\/logo\/image\/","url":"https:\/\/genekas24.ee\/wp-content\/uploads\/2026\/01\/genekas24-logo_black.svg","contentUrl":"https:\/\/genekas24.ee\/wp-content\/uploads\/2026\/01\/genekas24-logo_black.svg","width":840,"height":131,"caption":"Genekas24"},"image":{"@id":"https:\/\/genekas24.ee\/#\/schema\/logo\/image\/"}}]}},"_links":{"self":[{"href":"https:\/\/genekas24.ee\/en\/wp-json\/wp\/v2\/product\/23437","targetHints":{"allow":["GET"]}}],"collection":[{"href":"https:\/\/genekas24.ee\/en\/wp-json\/wp\/v2\/product"}],"about":[{"href":"https:\/\/genekas24.ee\/en\/wp-json\/wp\/v2\/types\/product"}],"version-history":[{"count":2,"href":"https:\/\/genekas24.ee\/en\/wp-json\/wp\/v2\/product\/23437\/revisions"}],"predecessor-version":[{"id":23443,"href":"https:\/\/genekas24.ee\/en\/wp-json\/wp\/v2\/product\/23437\/revisions\/23443"}],"wp:featuredmedia":[{"embeddable":true,"href":"https:\/\/genekas24.ee\/en\/wp-json\/wp\/v2\/media\/23440"}],"wp:attachment":[{"href":"https:\/\/genekas24.ee\/en\/wp-json\/wp\/v2\/media?parent=23437"}],"wp:term":[{"taxonomy":"product_brand","embeddable":true,"href":"https:\/\/genekas24.ee\/en\/wp-json\/wp\/v2\/product_brand?post=23437"},{"taxonomy":"product_cat","embeddable":true,"href":"https:\/\/genekas24.ee\/en\/wp-json\/wp\/v2\/product_cat?post=23437"},{"taxonomy":"product_tag","embeddable":true,"href":"https:\/\/genekas24.ee\/en\/wp-json\/wp\/v2\/product_tag?post=23437"}],"curies":[{"name":"wp","href":"https:\/\/api.w.org\/{rel}","templated":true}]}}