{"id":23424,"date":"2026-04-29T08:23:53","date_gmt":"2026-04-29T08:23:53","guid":{"rendered":"https:\/\/genekas24.ee\/?post_type=product&#038;p=23424"},"modified":"2026-04-29T08:48:28","modified_gmt":"2026-04-29T08:48:28","slug":"itcpower-ds300kse-diiselgeneraator-220kw","status":"publish","type":"product","link":"https:\/\/genekas24.ee\/en\/product\/itcpower-ds300kse-diiselgeneraator-220kw\/","title":{"rendered":"ITCPOWER DS300KSE diiselgeneraator 220kW"},"content":{"rendered":"<h2 data-path-to-node=\"1\">Eelised ja omadused<\/h2>\n<ul data-path-to-node=\"2\">\n<li>\n<p data-path-to-node=\"2,0,0\"><b data-path-to-node=\"2,0,0\" data-index-in-node=\"0\">Kvaliteetne mootor:<\/b> Kasutusel on ITCPoweri vastupidav s\u00f5iduki mootor, mis on madala k\u00fctusekuluga ja t\u00f6\u00f6kindel.<\/p>\n<\/li>\n<li>\n<p data-path-to-node=\"2,1,0\"><b data-path-to-node=\"2,1,0\" data-index-in-node=\"0\">Harjadeta generaator:<\/b> Kvaliteetne ja suure j\u00f5udlusega harjadeta vahelduvvoolugeneraator koos automaatse pingeregulaatoriga (<b data-path-to-node=\"2,1,0\" data-index-in-node=\"124\">AVR<\/b>).<\/p>\n<\/li>\n<li>\n<p data-path-to-node=\"2,2,0\"><b data-path-to-node=\"2,2,0\" data-index-in-node=\"0\">Tipptasemel kontroller:<\/b> Varustatud <b data-path-to-node=\"2,2,0\" data-index-in-node=\"35\">COMAP AMF9<\/b> juhtseadmega.<\/p>\n<\/li>\n<li>\n<p data-path-to-node=\"2,3,0\"><b data-path-to-node=\"2,3,0\" data-index-in-node=\"0\">Blokk-disainiga elektris\u00fcsteem:<\/b> Juhtimiss\u00fcsteemi \u00fclesehitus muudab k\u00e4sitsemise ja hoolduse lihtsaks.<\/p>\n<\/li>\n<li>\n<p data-path-to-node=\"2,4,0\"><b data-path-to-node=\"2,4,0\" data-index-in-node=\"0\">Integreeritud k\u00fctusepaak:<\/b> Standardvarustuses on raami sees asuv k\u00fctusepaak, mis tagab 8 tundi t\u00f6\u00f6aega (100% koormuse juures).<\/p>\n<\/li>\n<li>\n<p data-path-to-node=\"2,5,0\"><b data-path-to-node=\"2,5,0\" data-index-in-node=\"0\">Lihtne transportida:<\/b> Raamil on olemas avad kahvelt\u00f5stuki jaoks ning korpusel t\u00f5steasad kraanaga liigutamiseks.<\/p>\n<\/li>\n<li>\n<p data-path-to-node=\"2,6,0\"><b data-path-to-node=\"2,6,0\" data-index-in-node=\"0\">T\u00f6\u00f6stuslik ilmastikukindel korpus:<\/b> Tagab generaatori katkematu t\u00f6\u00f6 iga ilmaga.<\/p>\n<\/li>\n<li>\n<p data-path-to-node=\"2,7,0\"><b data-path-to-node=\"2,7,0\" data-index-in-node=\"0\">T\u00f6\u00f6stuslik summuti:<\/b> Madal m\u00fcratase (7 meetri kaugusel on m\u00fcratase alla <b data-path-to-node=\"2,7,0\" data-index-in-node=\"71\">70 dB<\/b>).<\/p>\n<\/li>\n<li>\n<p data-path-to-node=\"2,8,0\"><b data-path-to-node=\"2,8,0\" data-index-in-node=\"0\">Kasutajas\u00f5bralik liides:<\/b> IP66 kaitseastmega t\u00f6\u00f6stuslikud pistikupesad ja pistikud.<\/p>\n<\/li>\n<li>\n<p data-path-to-node=\"2,9,0\"><b data-path-to-node=\"2,9,0\" data-index-in-node=\"0\">Turvalisus:<\/b> Neljapooluseline kaitsel\u00fcliti koos rikkevoolukaitsmega (<b data-path-to-node=\"2,9,0\" data-index-in-node=\"68\">RCD<\/b>).<\/p>\n<\/li>\n<li>\n<p data-path-to-node=\"2,10,0\"><b data-path-to-node=\"2,10,0\" data-index-in-node=\"0\">Automaatika valmidus:<\/b> Standardne <b data-path-to-node=\"2,10,0\" data-index-in-node=\"33\">ATS<\/b> (automaatne \u00fcmberl\u00fclitus) pistik\u00fchendus.<\/p>\n<\/li>\n<\/ul>","protected":false},"excerpt":{"rendered":"<table>\n<tbody>\n<tr>\n<td>P\u00f5hiv\u00f5imsus (Prime Power)<\/td>\n<td>275 kVA \/ 220 kW<\/td>\n<\/tr>\n<tr>\n<td>Varuv\u00f5imsus (Standby Power)<\/td>\n<td>302.5 kVA \/ 242 kW<\/td>\n<\/tr>\n<tr>\n<td>V\u00f5imsustegur<\/td>\n<td>0.8<\/td>\n<\/tr>\n<tr>\n<td>Frequency<\/td>\n<td>50 Hz<\/td>\n<\/tr>\n<tr>\n<td>Nimipinge<\/td>\n<td>400 \/ 230 V<\/td>\n<\/tr>\n<tr>\n<td>Nimivool<\/td>\n<td>396.9 A<\/td>\n<\/tr>\n<tr>\n<td>Kontroller<\/td>\n<td>IL4\u2013AMF9<\/td>\n<\/tr>\n<tr>\n<td>Juhtpinge<\/td>\n<td>24 V DC<\/td>\n<\/tr>\n<tr>\n<td>Battery Capacity<\/td>\n<td>120 Ah \u00d7 2<\/td>\n<\/tr>\n<tr>\n<td>Jahutusvedeliku maht<\/td>\n<td>73 L<\/td>\n<\/tr>\n<tr>\n<td>K\u00fctusepaagi maht (baasraam)<\/td>\n<td>505 L<\/td>\n<\/tr>\n<tr>\n<td>K\u00fctusekulu<\/td>\n<td>60.9 L\/tund<\/td>\n<\/tr>\n<tr>\n<td>T\u00f6\u00f6aeg<\/td>\n<td>8.3 tundi<\/td>\n<\/tr>\n<\/tbody>\n<\/table>","protected":false},"featured_media":23414,"template":"","meta":{"_acf_changed":false,"inline_featured_image":false},"product_brand":[],"product_cat":[94,22,37],"product_tag":[],"class_list":{"0":"post-23424","1":"product","2":"type-product","3":"status-publish","4":"has-post-thumbnail","6":"product_cat-generaatorid","7":"product_cat-diiselgeneraatorid","8":"product_cat-diisel-joujaamad","9":"brand-itcpower","11":"first","12":"instock","13":"taxable","14":"shipping-taxable","15":"product-type-simple"},"acf":[],"yoast_head":"<!-- This site is optimized with the Yoast SEO plugin v27.2 - https:\/\/yoast.com\/product\/yoast-seo-wordpress\/ -->\n<title>ITCPOWER DS300KSE diiselgeneraator 220kW - Genekas24<\/title>\n<meta name=\"robots\" content=\"index, follow, max-snippet:-1, max-image-preview:large, max-video-preview:-1\" \/>\n<link rel=\"canonical\" href=\"https:\/\/genekas24.ee\/en\/product\/itcpower-ds300kse-diiselgeneraator-220kw\/\" \/>\n<meta property=\"og:locale\" content=\"en_GB\" \/>\n<meta property=\"og:type\" content=\"article\" \/>\n<meta property=\"og:title\" content=\"ITCPOWER DS300KSE diiselgeneraator 220kW - Genekas24\" \/>\n<meta property=\"og:description\" content=\"P\u00f5hiv\u00f5imsus (Prime Power) 275 kVA \/ 220 kW   Varuv\u00f5imsus (Standby Power) 302.5 kVA \/ 242 kW   V\u00f5imsustegur 0.8   Sagedus 50 Hz   Nimipinge 400 \/ 230 V   Nimivool 396.9 A   Kontroller IL4\u2013AMF9   Juhtpinge 24 V DC   Aku mahtuvus 120 Ah \u00d7 2   Jahutusvedeliku maht 73 L   K\u00fctusepaagi maht (baasraam) 505 L   K\u00fctusekulu 60.9 L\/tund   T\u00f6\u00f6aeg 8.3 tundi\" \/>\n<meta property=\"og:url\" content=\"https:\/\/genekas24.ee\/en\/product\/itcpower-ds300kse-diiselgeneraator-220kw\/\" \/>\n<meta property=\"og:site_name\" content=\"Genekas24\" \/>\n<meta property=\"article:modified_time\" content=\"2026-04-29T08:48:28+00:00\" \/>\n<meta property=\"og:image\" content=\"https:\/\/genekas24.ee\/wp-content\/uploads\/2026\/04\/98678090-ba35-4c2f-8116-ff5305829af0-1024x683.png\" \/>\n\t<meta property=\"og:image:width\" content=\"1024\" \/>\n\t<meta property=\"og:image:height\" content=\"683\" \/>\n\t<meta property=\"og:image:type\" content=\"image\/png\" \/>\n<meta name=\"twitter:card\" content=\"summary_large_image\" \/>\n<meta name=\"twitter:label1\" content=\"Estimated reading time\" \/>\n\t<meta name=\"twitter:data1\" content=\"1 minute\" \/>\n<script type=\"application\/ld+json\" class=\"yoast-schema-graph\">{\"@context\":\"https:\/\/schema.org\",\"@graph\":[{\"@type\":\"WebPage\",\"@id\":\"https:\/\/genekas24.ee\/toode\/itcpower-ds300kse-diiselgeneraator-220kw\/\",\"url\":\"https:\/\/genekas24.ee\/toode\/itcpower-ds300kse-diiselgeneraator-220kw\/\",\"name\":\"ITCPOWER DS300KSE diiselgeneraator 220kW - Genekas24\",\"isPartOf\":{\"@id\":\"https:\/\/genekas24.ee\/#website\"},\"primaryImageOfPage\":{\"@id\":\"https:\/\/genekas24.ee\/toode\/itcpower-ds300kse-diiselgeneraator-220kw\/#primaryimage\"},\"image\":{\"@id\":\"https:\/\/genekas24.ee\/toode\/itcpower-ds300kse-diiselgeneraator-220kw\/#primaryimage\"},\"thumbnailUrl\":\"https:\/\/genekas24.ee\/wp-content\/uploads\/2026\/04\/98678090-ba35-4c2f-8116-ff5305829af0.png\",\"datePublished\":\"2026-04-29T08:23:53+00:00\",\"dateModified\":\"2026-04-29T08:48:28+00:00\",\"breadcrumb\":{\"@id\":\"https:\/\/genekas24.ee\/toode\/itcpower-ds300kse-diiselgeneraator-220kw\/#breadcrumb\"},\"inLanguage\":\"en-GB\",\"potentialAction\":[{\"@type\":\"ReadAction\",\"target\":[\"https:\/\/genekas24.ee\/toode\/itcpower-ds300kse-diiselgeneraator-220kw\/\"]}]},{\"@type\":\"ImageObject\",\"inLanguage\":\"en-GB\",\"@id\":\"https:\/\/genekas24.ee\/toode\/itcpower-ds300kse-diiselgeneraator-220kw\/#primaryimage\",\"url\":\"https:\/\/genekas24.ee\/wp-content\/uploads\/2026\/04\/98678090-ba35-4c2f-8116-ff5305829af0.png\",\"contentUrl\":\"https:\/\/genekas24.ee\/wp-content\/uploads\/2026\/04\/98678090-ba35-4c2f-8116-ff5305829af0.png\",\"width\":1536,\"height\":1024},{\"@type\":\"BreadcrumbList\",\"@id\":\"https:\/\/genekas24.ee\/toode\/itcpower-ds300kse-diiselgeneraator-220kw\/#breadcrumb\",\"itemListElement\":[{\"@type\":\"ListItem\",\"position\":1,\"name\":\"Home\",\"item\":\"https:\/\/genekas24.ee\/\"},{\"@type\":\"ListItem\",\"position\":2,\"name\":\"Pood\",\"item\":\"https:\/\/genekas24.ee\/pood\/\"},{\"@type\":\"ListItem\",\"position\":3,\"name\":\"ITCPOWER DS300KSE diiselgeneraator 220kW\"}]},{\"@type\":\"WebSite\",\"@id\":\"https:\/\/genekas24.ee\/#website\",\"url\":\"https:\/\/genekas24.ee\/\",\"name\":\"Genekas24\",\"description\":\"Generaatorid | K&ouml;nner S&ouml;hnen tooted | Genekas24\",\"publisher\":{\"@id\":\"https:\/\/genekas24.ee\/#organization\"},\"potentialAction\":[{\"@type\":\"SearchAction\",\"target\":{\"@type\":\"EntryPoint\",\"urlTemplate\":\"https:\/\/genekas24.ee\/?s={search_term_string}\"},\"query-input\":{\"@type\":\"PropertyValueSpecification\",\"valueRequired\":true,\"valueName\":\"search_term_string\"}}],\"inLanguage\":\"en-GB\"},{\"@type\":\"Organization\",\"@id\":\"https:\/\/genekas24.ee\/#organization\",\"name\":\"Genekas24\",\"url\":\"https:\/\/genekas24.ee\/\",\"logo\":{\"@type\":\"ImageObject\",\"inLanguage\":\"en-GB\",\"@id\":\"https:\/\/genekas24.ee\/#\/schema\/logo\/image\/\",\"url\":\"https:\/\/genekas24.ee\/wp-content\/uploads\/2026\/01\/genekas24-logo_black.svg\",\"contentUrl\":\"https:\/\/genekas24.ee\/wp-content\/uploads\/2026\/01\/genekas24-logo_black.svg\",\"width\":840,\"height\":131,\"caption\":\"Genekas24\"},\"image\":{\"@id\":\"https:\/\/genekas24.ee\/#\/schema\/logo\/image\/\"}}]}<\/script>\n<!-- \/ Yoast SEO plugin. -->","yoast_head_json":{"title":"ITCPOWER DS300KSE diiselgeneraator 220kW - Genekas24","robots":{"index":"index","follow":"follow","max-snippet":"max-snippet:-1","max-image-preview":"max-image-preview:large","max-video-preview":"max-video-preview:-1"},"canonical":"https:\/\/genekas24.ee\/en\/product\/itcpower-ds300kse-diiselgeneraator-220kw\/","og_locale":"en_GB","og_type":"article","og_title":"ITCPOWER DS300KSE diiselgeneraator 220kW - Genekas24","og_description":"P\u00f5hiv\u00f5imsus (Prime Power) 275 kVA \/ 220 kW   Varuv\u00f5imsus (Standby Power) 302.5 kVA \/ 242 kW   V\u00f5imsustegur 0.8   Sagedus 50 Hz   Nimipinge 400 \/ 230 V   Nimivool 396.9 A   Kontroller IL4\u2013AMF9   Juhtpinge 24 V DC   Aku mahtuvus 120 Ah \u00d7 2   Jahutusvedeliku maht 73 L   K\u00fctusepaagi maht (baasraam) 505 L   K\u00fctusekulu 60.9 L\/tund   T\u00f6\u00f6aeg 8.3 tundi","og_url":"https:\/\/genekas24.ee\/en\/product\/itcpower-ds300kse-diiselgeneraator-220kw\/","og_site_name":"Genekas24","article_modified_time":"2026-04-29T08:48:28+00:00","og_image":[{"width":1024,"height":683,"url":"https:\/\/genekas24.ee\/wp-content\/uploads\/2026\/04\/98678090-ba35-4c2f-8116-ff5305829af0-1024x683.png","type":"image\/png"}],"twitter_card":"summary_large_image","twitter_misc":{"Estimated reading time":"1 minute"},"schema":{"@context":"https:\/\/schema.org","@graph":[{"@type":"WebPage","@id":"https:\/\/genekas24.ee\/toode\/itcpower-ds300kse-diiselgeneraator-220kw\/","url":"https:\/\/genekas24.ee\/toode\/itcpower-ds300kse-diiselgeneraator-220kw\/","name":"ITCPOWER DS300KSE diiselgeneraator 220kW - Genekas24","isPartOf":{"@id":"https:\/\/genekas24.ee\/#website"},"primaryImageOfPage":{"@id":"https:\/\/genekas24.ee\/toode\/itcpower-ds300kse-diiselgeneraator-220kw\/#primaryimage"},"image":{"@id":"https:\/\/genekas24.ee\/toode\/itcpower-ds300kse-diiselgeneraator-220kw\/#primaryimage"},"thumbnailUrl":"https:\/\/genekas24.ee\/wp-content\/uploads\/2026\/04\/98678090-ba35-4c2f-8116-ff5305829af0.png","datePublished":"2026-04-29T08:23:53+00:00","dateModified":"2026-04-29T08:48:28+00:00","breadcrumb":{"@id":"https:\/\/genekas24.ee\/toode\/itcpower-ds300kse-diiselgeneraator-220kw\/#breadcrumb"},"inLanguage":"en-GB","potentialAction":[{"@type":"ReadAction","target":["https:\/\/genekas24.ee\/toode\/itcpower-ds300kse-diiselgeneraator-220kw\/"]}]},{"@type":"ImageObject","inLanguage":"en-GB","@id":"https:\/\/genekas24.ee\/toode\/itcpower-ds300kse-diiselgeneraator-220kw\/#primaryimage","url":"https:\/\/genekas24.ee\/wp-content\/uploads\/2026\/04\/98678090-ba35-4c2f-8116-ff5305829af0.png","contentUrl":"https:\/\/genekas24.ee\/wp-content\/uploads\/2026\/04\/98678090-ba35-4c2f-8116-ff5305829af0.png","width":1536,"height":1024},{"@type":"BreadcrumbList","@id":"https:\/\/genekas24.ee\/toode\/itcpower-ds300kse-diiselgeneraator-220kw\/#breadcrumb","itemListElement":[{"@type":"ListItem","position":1,"name":"Home","item":"https:\/\/genekas24.ee\/"},{"@type":"ListItem","position":2,"name":"Pood","item":"https:\/\/genekas24.ee\/pood\/"},{"@type":"ListItem","position":3,"name":"ITCPOWER DS300KSE diiselgeneraator 220kW"}]},{"@type":"WebSite","@id":"https:\/\/genekas24.ee\/#website","url":"https:\/\/genekas24.ee\/","name":"Genekas24","description":"Generaatorid | K&ouml;nner S&ouml;hnen tooted | Genekas24","publisher":{"@id":"https:\/\/genekas24.ee\/#organization"},"potentialAction":[{"@type":"SearchAction","target":{"@type":"EntryPoint","urlTemplate":"https:\/\/genekas24.ee\/?s={search_term_string}"},"query-input":{"@type":"PropertyValueSpecification","valueRequired":true,"valueName":"search_term_string"}}],"inLanguage":"en-GB"},{"@type":"Organization","@id":"https:\/\/genekas24.ee\/#organization","name":"Genekas24","url":"https:\/\/genekas24.ee\/","logo":{"@type":"ImageObject","inLanguage":"en-GB","@id":"https:\/\/genekas24.ee\/#\/schema\/logo\/image\/","url":"https:\/\/genekas24.ee\/wp-content\/uploads\/2026\/01\/genekas24-logo_black.svg","contentUrl":"https:\/\/genekas24.ee\/wp-content\/uploads\/2026\/01\/genekas24-logo_black.svg","width":840,"height":131,"caption":"Genekas24"},"image":{"@id":"https:\/\/genekas24.ee\/#\/schema\/logo\/image\/"}}]}},"_links":{"self":[{"href":"https:\/\/genekas24.ee\/en\/wp-json\/wp\/v2\/product\/23424","targetHints":{"allow":["GET"]}}],"collection":[{"href":"https:\/\/genekas24.ee\/en\/wp-json\/wp\/v2\/product"}],"about":[{"href":"https:\/\/genekas24.ee\/en\/wp-json\/wp\/v2\/types\/product"}],"version-history":[{"count":2,"href":"https:\/\/genekas24.ee\/en\/wp-json\/wp\/v2\/product\/23424\/revisions"}],"predecessor-version":[{"id":23433,"href":"https:\/\/genekas24.ee\/en\/wp-json\/wp\/v2\/product\/23424\/revisions\/23433"}],"wp:featuredmedia":[{"embeddable":true,"href":"https:\/\/genekas24.ee\/en\/wp-json\/wp\/v2\/media\/23414"}],"wp:attachment":[{"href":"https:\/\/genekas24.ee\/en\/wp-json\/wp\/v2\/media?parent=23424"}],"wp:term":[{"taxonomy":"product_brand","embeddable":true,"href":"https:\/\/genekas24.ee\/en\/wp-json\/wp\/v2\/product_brand?post=23424"},{"taxonomy":"product_cat","embeddable":true,"href":"https:\/\/genekas24.ee\/en\/wp-json\/wp\/v2\/product_cat?post=23424"},{"taxonomy":"product_tag","embeddable":true,"href":"https:\/\/genekas24.ee\/en\/wp-json\/wp\/v2\/product_tag?post=23424"}],"curies":[{"name":"wp","href":"https:\/\/api.w.org\/{rel}","templated":true}]}}